{"id":14968,"date":"2014-05-21T07:29:30","date_gmt":"2014-05-21T07:29:30","guid":{"rendered":"http:\/\/demo.qodeinteractive.com\/bridge12\/?page_id=14968"},"modified":"2018-12-23T20:17:21","modified_gmt":"2018-12-23T23:17:21","slug":"acreditacion","status":"publish","type":"page","link":"https:\/\/faya.unse.edu.ar\/index.php\/acreditacion\/","title":{"rendered":"Acreditaci\u00f3n"},"content":{"rendered":"<p>[vc_row css_animation=&#8221;&#8221; row_type=&#8221;row&#8221; use_row_as_full_screen_section=&#8221;no&#8221; type=&#8221;grid&#8221; angled_section=&#8221;no&#8221; text_align=&#8221;left&#8221; background_image_as_pattern=&#8221;without_pattern&#8221; background_color=&#8221;#f8f8f8&#8243; padding_top=&#8221;69&#8243; padding_bottom=&#8221;57&#8243;][vc_column][vc_column_text]<\/p>\n<h2 style=\"text-align: center;\">Proceso de acreditaci\u00f3n de carreras de la FAyA-UNSE<\/h2>\n<p>[\/vc_column_text][vc_separator type=&#8221;small&#8221; position=&#8221;center&#8221; up=&#8221;24&#8243; down=&#8221;29&#8243;][vc_column_text]El\u00a0<strong>Ministerio de Educaci\u00f3n<\/strong>\u00a0determina, en acuerdo con el Consejo de Universidades, la n\u00f3mina de t\u00edtulos cuyo ejercicio profesional pudiera poner en riesgo de modo directo la salud, la seguridad, los derechos, los bienes o la formaci\u00f3n de los habitantes (art\u00edculo 43\u00ba de la Ley de Educaci\u00f3n Superior N\u00ba 24.521).<\/p>\n<p>Debido a esto, la\u00a0<strong>Comisi\u00f3n Nacional de Evaluaci\u00f3n y Acreditaci\u00f3n Universitaria\u00a0-CONEAU-<\/strong> organiza los procesos de acreditaci\u00f3n de carreras de grado a trav\u00e9s de convocatorias que involucran a la totalidad o a un conjunto de carreras de la disciplina en cuesti\u00f3n. Son procesos colectivos y con un cronograma unificado, lo que permite introducir una etapa de an\u00e1lisis de consistencia de los juicios y recomendaciones emitidos por los diferentes comit\u00e9s de pares que intervienen en cada proceso.<\/p>\n<p><span style=\"color: #ff0000;\">Por mayor informaci\u00f3n ingresar a<\/span>\u00a0<a href=\"http:\/\/www.coneau.gov.ar\/\" target=\"_blank\" rel=\"noopener\">http:\/\/www.coneau.gov.ar\/<\/a>[\/vc_column_text][vc_separator type=&#8221;transparent&#8221; up=&#8221;42&#8243; down=&#8221;30&#8243;][vc_row_inner row_type=&#8221;row&#8221; type=&#8221;full_width&#8221; text_align=&#8221;left&#8221; css_animation=&#8221;&#8221;][vc_column_inner width=&#8221;1\/3&#8243;][vc_column_text]<\/p>\n<h3>Licenciatura en Qu\u00edmica<\/h3>\n<p>Carrera en proceso de Acreditaci\u00f3n mediante Resoluci\u00f3n CDFAA 070\/2011[\/vc_column_text][vc_separator type=&#8221;transparent&#8221; up=&#8221;14&#8243; down=&#8221;0&#8243;]<a  itemprop=\"url\" href=\"http:\/\/faa.unse.edu.ar\/acreditacion\/INFORME_AUTOEVALUACION\/Res_CDFAA_070-2011.pdf\" target=\"_self\"  class=\"qbutton  small default\" style=\"\">Descargar Informe de Autoevaluaci\u00f3n<\/a>[vc_separator type=&#8221;transparent&#8221; up=&#8221;14&#8243; down=&#8221;0&#8243;][\/vc_column_inner][vc_column_inner width=&#8221;1\/3&#8243;][vc_column_text]<\/p>\n<h3>Ingenier\u00eda en Alimentos<\/h3>\n<p>Carrera en proceso de acreditaci\u00f3n mediante Resoluci\u00f3n C.D.F.A.A. N\u00b0 077 \/2012[\/vc_column_text][vc_separator type=&#8221;transparent&#8221; up=&#8221;14&#8243; down=&#8221;0&#8243;][vc_separator type=&#8221;transparent&#8221; up=&#8221;14&#8243; down=&#8221;0&#8243;]<a  itemprop=\"url\" href=\"http:\/\/faa.unse.edu.ar\/acreditacion\/INFORME_AUTOEVALUACION_ALIMENTOS\/CuerpoResolucionCDFAA077-12.pdf\" target=\"_self\"  class=\"qbutton  small default\" style=\"\">Descargar Informe de Autoevaluaci\u00f3n<\/a>[\/vc_column_inner][vc_column_inner width=&#8221;1\/3&#8243;][vc_column_text]<\/p>\n<h3>Ingenier\u00eda Agron\u00f3mica<\/h3>\n<p>Carrera acreditada mediante Resoluci\u00f3n CONEAU N\u00b0: 118\/11[\/vc_column_text][vc_separator type=&#8221;transparent&#8221; up=&#8221;14&#8243; down=&#8221;0&#8243;]<a  itemprop=\"url\" href=\"http:\/\/faa.unse.edu.ar\/acreditacion\/ResolCONEAU118-11.pdf\" target=\"_self\"  class=\"qbutton  small default\" style=\"\">Descargar Resoluci\u00f3n CONEAU<\/a>[vc_separator type=&#8221;transparent&#8221; up=&#8221;14&#8243; down=&#8221;0&#8243;][\/vc_column_inner][\/vc_row_inner][vc_empty_space][\/vc_column][\/vc_row][vc_row row_type=&#8221;parallax&#8221; parallax_content_width=&#8221;in_grid&#8221; text_align=&#8221;left&#8221; background_image=&#8221;12350&#8243; full_screen_section_height=&#8221;no&#8221; section_height=&#8221;422&#8243;][vc_column][vc_separator type=&#8221;transparent&#8221; up=&#8221;121&#8243; down=&#8221;0&#8243;][vc_column_text]<\/p>\n<h1 style=\"text-align: center;\"><span style=\"color: #ffffff;\">Todas nuestras carreras de Grado son alcanzadas por el art\u00edculo 43\u00ba de la Ley de Educaci\u00f3n Superior N\u00ba 24.521.<\/span><\/h1>\n<p>[\/vc_column_text][\/vc_column][\/vc_row]<\/p>\n","protected":false},"excerpt":{"rendered":"<p>[vc_row css_animation=&#8221;&#8221; row_type=&#8221;row&#8221; use_row_as_full_screen_section=&#8221;no&#8221; type=&#8221;grid&#8221; angled_section=&#8221;no&#8221; text_align=&#8221;left&#8221; background_image_as_pattern=&#8221;without_pattern&#8221; background_color=&#8221;#f8f8f8&#8243; padding_top=&#8221;69&#8243; padding_bottom=&#8221;57&#8243;][vc_column][vc_column_text] Proceso de acreditaci\u00f3n de carreras de la FAyA-UNSE [\/vc_column_text][vc_separator type=&#8221;small&#8221; position=&#8221;center&#8221; up=&#8221;24&#8243; down=&#8221;29&#8243;][vc_column_text]El\u00a0Ministerio de Educaci\u00f3n\u00a0determina, en acuerdo con el Consejo de Universidades, la n\u00f3mina de t\u00edtulos cuyo ejercicio profesional pudiera poner en riesgo de&#8230;<\/p>\n","protected":false},"author":1,"featured_media":0,"parent":0,"menu_order":0,"comment_status":"open","ping_status":"open","template":"full_width.php","meta":{"_mi_skip_tracking":false},"yoast_head":"<!-- This site is optimized with the Yoast SEO plugin v17.7.1 - https:\/\/yoast.com\/wordpress\/plugins\/seo\/ -->\n<meta name=\"robots\" content=\"index, follow, max-snippet:-1, max-image-preview:large, max-video-preview:-1\" \/>\n<link rel=\"canonical\" href=\"https:\/\/faya.unse.edu.ar\/index.php\/acreditacion\/\" \/>\n<meta property=\"og:locale\" content=\"es_ES\" \/>\n<meta property=\"og:type\" content=\"article\" \/>\n<meta property=\"og:title\" content=\"Acreditaci\u00f3n | Facultad de Agronom\u00eda y Agroindustrias UNSE | FAyA UNSE\" \/>\n<meta property=\"og:description\" content=\"[vc_row css_animation=&#8221;&#8221; row_type=&#8221;row&#8221; use_row_as_full_screen_section=&#8221;no&#8221; type=&#8221;grid&#8221; angled_section=&#8221;no&#8221; text_align=&#8221;left&#8221; background_image_as_pattern=&#8221;without_pattern&#8221; background_color=&#8221;#f8f8f8&#8243; padding_top=&#8221;69&#8243; padding_bottom=&#8221;57&#8243;][vc_column][vc_column_text] Proceso de acreditaci\u00f3n de carreras de la FAyA-UNSE [\/vc_column_text][vc_separator type=&#8221;small&#8221; position=&#8221;center&#8221; up=&#8221;24&#8243; down=&#8221;29&#8243;][vc_column_text]El\u00a0Ministerio de Educaci\u00f3n\u00a0determina, en acuerdo con el Consejo de Universidades, la n\u00f3mina de t\u00edtulos cuyo ejercicio profesional pudiera poner en riesgo de...\" \/>\n<meta property=\"og:url\" content=\"https:\/\/faya.unse.edu.ar\/index.php\/acreditacion\/\" \/>\n<meta property=\"og:site_name\" content=\"Facultad de Agronom\u00eda y Agroindustrias UNSE | FAyA UNSE\" \/>\n<meta property=\"article:publisher\" content=\"https:\/\/www.facebook.com\/agroUNSE\/\" \/>\n<meta property=\"article:modified_time\" content=\"2018-12-23T23:17:21+00:00\" \/>\n<meta name=\"twitter:card\" content=\"summary_large_image\" \/>\n<meta name=\"twitter:site\" content=\"@fayaunse\" \/>\n<meta name=\"twitter:label1\" content=\"Tiempo de lectura\" \/>\n\t<meta name=\"twitter:data1\" content=\"3 minutos\" \/>\n<script type=\"application\/ld+json\" class=\"yoast-schema-graph\">{\"@context\":\"https:\/\/schema.org\",\"@graph\":[{\"@type\":\"WebSite\",\"@id\":\"https:\/\/faya.unse.edu.ar\/#website\",\"url\":\"https:\/\/faya.unse.edu.ar\/\",\"name\":\"Facultad de Agronom\\u00eda y Agroindustrias UNSE | FAyA UNSE\",\"description\":\"\",\"potentialAction\":[{\"@type\":\"SearchAction\",\"target\":{\"@type\":\"EntryPoint\",\"urlTemplate\":\"https:\/\/faya.unse.edu.ar\/?s={search_term_string}\"},\"query-input\":\"required name=search_term_string\"}],\"inLanguage\":\"es-AR\"},{\"@type\":\"WebPage\",\"@id\":\"https:\/\/faya.unse.edu.ar\/index.php\/acreditacion\/#webpage\",\"url\":\"https:\/\/faya.unse.edu.ar\/index.php\/acreditacion\/\",\"name\":\"Acreditaci\\u00f3n | Facultad de Agronom\\u00eda y Agroindustrias UNSE | FAyA UNSE\",\"isPartOf\":{\"@id\":\"https:\/\/faya.unse.edu.ar\/#website\"},\"datePublished\":\"2014-05-21T07:29:30+00:00\",\"dateModified\":\"2018-12-23T23:17:21+00:00\",\"breadcrumb\":{\"@id\":\"https:\/\/faya.unse.edu.ar\/index.php\/acreditacion\/#breadcrumb\"},\"inLanguage\":\"es-AR\",\"potentialAction\":[{\"@type\":\"ReadAction\",\"target\":[\"https:\/\/faya.unse.edu.ar\/index.php\/acreditacion\/\"]}]},{\"@type\":\"BreadcrumbList\",\"@id\":\"https:\/\/faya.unse.edu.ar\/index.php\/acreditacion\/#breadcrumb\",\"itemListElement\":[{\"@type\":\"ListItem\",\"position\":1,\"name\":\"Home\",\"item\":\"https:\/\/faya.unse.edu.ar\/\"},{\"@type\":\"ListItem\",\"position\":2,\"name\":\"Acreditaci\\u00f3n\"}]}]}<\/script>\n<!-- \/ Yoast SEO plugin. -->","yoast_head_json":{"robots":{"index":"index","follow":"follow","max-snippet":"max-snippet:-1","max-image-preview":"max-image-preview:large","max-video-preview":"max-video-preview:-1"},"canonical":"https:\/\/faya.unse.edu.ar\/index.php\/acreditacion\/","og_locale":"es_ES","og_type":"article","og_title":"Acreditaci\u00f3n | Facultad de Agronom\u00eda y Agroindustrias UNSE | FAyA UNSE","og_description":"[vc_row css_animation=&#8221;&#8221; row_type=&#8221;row&#8221; use_row_as_full_screen_section=&#8221;no&#8221; type=&#8221;grid&#8221; angled_section=&#8221;no&#8221; text_align=&#8221;left&#8221; background_image_as_pattern=&#8221;without_pattern&#8221; background_color=&#8221;#f8f8f8&#8243; padding_top=&#8221;69&#8243; padding_bottom=&#8221;57&#8243;][vc_column][vc_column_text] Proceso de acreditaci\u00f3n de carreras de la FAyA-UNSE [\/vc_column_text][vc_separator type=&#8221;small&#8221; position=&#8221;center&#8221; up=&#8221;24&#8243; down=&#8221;29&#8243;][vc_column_text]El\u00a0Ministerio de Educaci\u00f3n\u00a0determina, en acuerdo con el Consejo de Universidades, la n\u00f3mina de t\u00edtulos cuyo ejercicio profesional pudiera poner en riesgo de...","og_url":"https:\/\/faya.unse.edu.ar\/index.php\/acreditacion\/","og_site_name":"Facultad de Agronom\u00eda y Agroindustrias UNSE | FAyA UNSE","article_publisher":"https:\/\/www.facebook.com\/agroUNSE\/","article_modified_time":"2018-12-23T23:17:21+00:00","twitter_card":"summary_large_image","twitter_site":"@fayaunse","twitter_misc":{"Tiempo de lectura":"3 minutos"},"schema":{"@context":"https:\/\/schema.org","@graph":[{"@type":"WebSite","@id":"https:\/\/faya.unse.edu.ar\/#website","url":"https:\/\/faya.unse.edu.ar\/","name":"Facultad de Agronom\u00eda y Agroindustrias UNSE | FAyA UNSE","description":"","potentialAction":[{"@type":"SearchAction","target":{"@type":"EntryPoint","urlTemplate":"https:\/\/faya.unse.edu.ar\/?s={search_term_string}"},"query-input":"required name=search_term_string"}],"inLanguage":"es-AR"},{"@type":"WebPage","@id":"https:\/\/faya.unse.edu.ar\/index.php\/acreditacion\/#webpage","url":"https:\/\/faya.unse.edu.ar\/index.php\/acreditacion\/","name":"Acreditaci\u00f3n | Facultad de Agronom\u00eda y Agroindustrias UNSE | FAyA UNSE","isPartOf":{"@id":"https:\/\/faya.unse.edu.ar\/#website"},"datePublished":"2014-05-21T07:29:30+00:00","dateModified":"2018-12-23T23:17:21+00:00","breadcrumb":{"@id":"https:\/\/faya.unse.edu.ar\/index.php\/acreditacion\/#breadcrumb"},"inLanguage":"es-AR","potentialAction":[{"@type":"ReadAction","target":["https:\/\/faya.unse.edu.ar\/index.php\/acreditacion\/"]}]},{"@type":"BreadcrumbList","@id":"https:\/\/faya.unse.edu.ar\/index.php\/acreditacion\/#breadcrumb","itemListElement":[{"@type":"ListItem","position":1,"name":"Home","item":"https:\/\/faya.unse.edu.ar\/"},{"@type":"ListItem","position":2,"name":"Acreditaci\u00f3n"}]}]}},"_links":{"self":[{"href":"https:\/\/faya.unse.edu.ar\/index.php\/wp-json\/wp\/v2\/pages\/14968"}],"collection":[{"href":"https:\/\/faya.unse.edu.ar\/index.php\/wp-json\/wp\/v2\/pages"}],"about":[{"href":"https:\/\/faya.unse.edu.ar\/index.php\/wp-json\/wp\/v2\/types\/page"}],"author":[{"embeddable":true,"href":"https:\/\/faya.unse.edu.ar\/index.php\/wp-json\/wp\/v2\/users\/1"}],"replies":[{"embeddable":true,"href":"https:\/\/faya.unse.edu.ar\/index.php\/wp-json\/wp\/v2\/comments?post=14968"}],"version-history":[{"count":17,"href":"https:\/\/faya.unse.edu.ar\/index.php\/wp-json\/wp\/v2\/pages\/14968\/revisions"}],"predecessor-version":[{"id":17328,"href":"https:\/\/faya.unse.edu.ar\/index.php\/wp-json\/wp\/v2\/pages\/14968\/revisions\/17328"}],"wp:attachment":[{"href":"https:\/\/faya.unse.edu.ar\/index.php\/wp-json\/wp\/v2\/media?parent=14968"}],"curies":[{"name":"wp","href":"https:\/\/api.w.org\/{rel}","templated":true}]}}