{"id":15259,"date":"2014-06-05T12:29:58","date_gmt":"2014-06-05T15:29:58","guid":{"rendered":"http:\/\/demo.qodeinteractive.com\/bridge12\/?page_id=15259"},"modified":"2018-12-24T13:15:37","modified_gmt":"2018-12-24T16:15:37","slug":"sobre-la-facultad","status":"publish","type":"page","link":"https:\/\/faya.unse.edu.ar\/index.php\/sobre-la-facultad\/","title":{"rendered":"Sobre la Facultad"},"content":{"rendered":"<p>[vc_row css_animation=&#8221;&#8221; row_type=&#8221;row&#8221; use_row_as_full_screen_section=&#8221;no&#8221; type=&#8221;grid&#8221; angled_section=&#8221;no&#8221; text_align=&#8221;left&#8221; background_image_as_pattern=&#8221;without_pattern&#8221; background_color=&#8221;#ffffff&#8221; padding_top=&#8221;20&#8243; z_index=&#8221;&#8221;][vc_column width=&#8221;1\/2&#8243;][vc_separator type=&#8221;transparent&#8221; up=&#8221;15&#8243; down=&#8221;10&#8243;][vc_column_text]<\/p>\n<h5>FACULTAD DE AGRONOM\u00cdA Y AGROINDUSTRIAS<\/h5>\n<p>[\/vc_column_text][vc_separator type=&#8221;small&#8221; position=&#8221;left&#8221; up=&#8221;16&#8243; down=&#8221;12&#8243;][vc_column_text]Somos una instituci\u00f3n comprometida con el medio que ense\u00f1a el respeto a la vida y al trabajo.<\/p>\n<p>Formamos profesionales que sean constructores de su trayectoria con la convicci\u00f3n que el &#8220;aprender haciendo&#8221; los convertir\u00e1 en personas independientes y criteriosas, requisitos indispensables para el quehacer social comprometido.<br \/>\nConvencidos que el &#8220;saber hacer&#8221; s\u00f3lo se fundamenta en el &#8220;saber&#8221; y en el &#8220;saber ser&#8221; promovemos la integridad personal como eje del paso por la vida universitaria.<\/p>\n<p>[\/vc_column_text][\/vc_column][vc_column width=&#8221;1\/2&#8243;][vc_separator type=&#8221;transparent&#8221;][vc_gallery type=&#8221;flexslider_slide&#8221; interval=&#8221;3&#8243; images=&#8221;15920,15921,15922&#8243; img_size=&#8221;full&#8221;][\/vc_column][\/vc_row][vc_row css_animation=&#8221;&#8221; row_type=&#8221;row&#8221; use_row_as_full_screen_section=&#8221;no&#8221; type=&#8221;grid&#8221; angled_section=&#8221;no&#8221; text_align=&#8221;left&#8221; background_image_as_pattern=&#8221;without_pattern&#8221; background_color=&#8221;#ffffff&#8221; padding_top=&#8221;80&#8243; padding_bottom=&#8221;50&#8243; z_index=&#8221;&#8221;][vc_column][vc_row_inner row_type=&#8221;row&#8221; type=&#8221;full_width&#8221; text_align=&#8221;left&#8221; css_animation=&#8221;&#8221;][vc_column_inner width=&#8221;1\/2&#8243;][vc_single_image image=&#8221;15927&#8243; img_size=&#8221;full&#8221; qode_css_animation=&#8221;element_from_fade&#8221; transition_delay=&#8221;0.2&#8243;][vc_separator type=&#8221;transparent&#8221; up=&#8221;17&#8243; down=&#8221;10&#8243;][\/vc_column_inner][vc_column_inner width=&#8221;1\/2&#8243;]<div class=\"qode-accordion-holder clearfix qode-accordion qode-initial \">\n\t<h4 class=\"clearfix qode-title-holder\">\n<span class=\"qode-tab-title\">\n\t    <span class=\"qode-tab-title-inner\">\n        Misi\u00f3n    <\/span>\n<\/span>\n<span class=\"qode-accordion-mark\">\n    <span class=\"qode-accordion-mark-icon\">\n        <span class=\"icon_plus\"><\/span>\n        <span class=\"icon_minus-06\"><\/span>\n    <\/span>\n<\/span>\n<\/h4>\n<div class=\"qode-accordion-content \" >\n    <div class=\"qode-accordion-content-inner\">\n        [vc_column_text]La Facultad de Agronom\u00eda y Agroindustrias crea, transmite y difunde conocimientos, generando un espacio de cultura que posibilita el desarrollo provincial, regional y nacional. Para ello forma recursos humanos de pregrado, grado y postgrado, promueve la investigaci\u00f3n cient\u00edfica y tecnol\u00f3gica, capacita en forma permanente a sus recursos humanos, se vincula, transfiere y brinda servicios de calidad a la sociedad.[\/vc_column_text]    <\/div>\n<\/div><h4 class=\"clearfix qode-title-holder\">\n<span class=\"qode-tab-title\">\n\t    <span class=\"qode-tab-title-inner\">\n        Visi\u00f3n    <\/span>\n<\/span>\n<span class=\"qode-accordion-mark\">\n    <span class=\"qode-accordion-mark-icon\">\n        <span class=\"icon_plus\"><\/span>\n        <span class=\"icon_minus-06\"><\/span>\n    <\/span>\n<\/span>\n<\/h4>\n<div class=\"qode-accordion-content \" >\n    <div class=\"qode-accordion-content-inner\">\n        [vc_column_text]La Facultad de Agronom\u00eda y Agroindustrias es una unidad acad\u00e9mica de excelencia, generadora de alternativas de cambio, que forma profesionales altamente capacitados, que aporta al medio acciones sustentadas en el conocimiento cient\u00edfico y tecnol\u00f3gico y contribuye al desarrollo sostenible provincial, regional y nacional, con compromiso social. La visi\u00f3n de la Facultad se basa en la conducta \u00e9tica de sus integrantes, en la calidad y competencia de sus actividades, en la responsabilidad y creatividad; que propende al desarrollo personal, institucional y de la comunidad.[\/vc_column_text]    <\/div>\n<\/div><h4 class=\"clearfix qode-title-holder\">\n<span class=\"qode-tab-title\">\n\t    <span class=\"qode-tab-title-inner\">\n        Valores    <\/span>\n<\/span>\n<span class=\"qode-accordion-mark\">\n    <span class=\"qode-accordion-mark-icon\">\n        <span class=\"icon_plus\"><\/span>\n        <span class=\"icon_minus-06\"><\/span>\n    <\/span>\n<\/span>\n<\/h4>\n<div class=\"qode-accordion-content \" >\n    <div class=\"qode-accordion-content-inner\">\n        [vc_column_text]Formamos profesionales que sean constructores de su trayectoria con la convicci\u00f3n que el \u201caprender haciendo\u201d los convertir\u00e1 en personas independientes y criteriosas, requisitos indispensables para el quehacer social comprometido.<br \/>\nConvencidos que el \u201csaber hacer\u201d s\u00f3lo se fundamenta en el \u201csaber\u201d y en el \u201csaber ser\u201d promovemos la integridad personal como eje del paso por la vida universitaria.[\/vc_column_text]    <\/div>\n<\/div><\/div>[\/vc_column_inner][\/vc_row_inner][vc_separator type=&#8221;transparent&#8221; up=&#8221;17&#8243; down=&#8221;10&#8243;][vc_separator type=&#8221;transparent&#8221; up=&#8221;17&#8243; down=&#8221;10&#8243;][vc_row_inner row_type=&#8221;row&#8221; type=&#8221;full_width&#8221; text_align=&#8221;left&#8221; css_animation=&#8221;&#8221;][vc_column_inner width=&#8221;1\/2&#8243; offset=&#8221;vc_col-lg-3 vc_col-md-6 vc_col-xs-11&#8243;]<a  itemprop=\"url\" href=\"https:\/\/faya.unse.edu.ar\/?page_id=15906\" target=\"_self\" data-hover-background-color=#ffffff data-hover-border-color=#b70101 data-hover-color=#b70101 class=\"qbutton  big_large_full_width white default\" style=\"color: #a5a5a5; border-color: #a5a5a5; font-weight: 400; background-color: #ffffff;\">Autoridades<\/a>[vc_separator type=&#8221;transparent&#8221; up=&#8221;17&#8243; down=&#8221;10&#8243;]<a  itemprop=\"url\" href=\"https:\/\/faya.unse.edu.ar\/?page_id=17363\" target=\"_self\" data-hover-background-color=#ffffff data-hover-border-color=#b70101 data-hover-color=#b70101 class=\"qbutton  big_large_full_width white default\" style=\"color: #a5a5a5; border-color: #a5a5a5; font-weight: 400; background-color: #ffffff;\">Historia<\/a>[vc_separator type=&#8221;transparent&#8221; up=&#8221;17&#8243; down=&#8221;10&#8243;][\/vc_column_inner][vc_column_inner width=&#8221;1\/2&#8243; offset=&#8221;vc_col-lg-3 vc_col-md-6 vc_col-xs-11&#8243;]<a  itemprop=\"url\" href=\"https:\/\/faya.unse.edu.ar\/?page_id=15892\" target=\"_self\" data-hover-background-color=#ffffff data-hover-border-color=#b70101 data-hover-color=#b70101 class=\"qbutton  big_large_full_width white default\" style=\"color: #a5a5a5; border-color: #a5a5a5; font-weight: 400; background-color: #ffffff;\">Consejo Directivo<\/a>[vc_separator type=&#8221;transparent&#8221; up=&#8221;17&#8243; down=&#8221;10&#8243;]<a  itemprop=\"url\" href=\"https:\/\/faya.unse.edu.ar\/?page_id=16897\" target=\"_self\" data-hover-background-color=#ffffff data-hover-border-color=#b70101 data-hover-color=#b70101 class=\"qbutton  big_large_full_width white default\" style=\"color: #a5a5a5; border-color: #a5a5a5; font-weight: 400; background-color: #ffffff;\">Reglamento<\/a>[vc_separator type=&#8221;transparent&#8221; up=&#8221;17&#8243; down=&#8221;10&#8243;][\/vc_column_inner][vc_column_inner width=&#8221;1\/2&#8243; offset=&#8221;vc_col-lg-3 vc_col-md-6 vc_col-xs-11&#8243;]<a  itemprop=\"url\" href=\"https:\/\/faya.unse.edu.ar\/?page_id=15042\" target=\"_self\" data-hover-background-color=#ffffff data-hover-border-color=#b70101 data-hover-color=#b70101 class=\"qbutton  big_large_full_width white default\" style=\"color: #a5a5a5; border-color: #a5a5a5; font-weight: 400; background-color: #ffffff;\">Sedes<\/a>[vc_separator type=&#8221;transparent&#8221; up=&#8221;17&#8243; down=&#8221;10&#8243;]<a  itemprop=\"url\" href=\"https:\/\/faya.unse.edu.ar\/?page_id=14968\" target=\"_self\" data-hover-background-color=#ffffff data-hover-border-color=#b70101 data-hover-color=#b70101 class=\"qbutton  big_large_full_width white default\" style=\"color: #a5a5a5; border-color: #a5a5a5; font-weight: 400; background-color: #ffffff;\">Acreditaci\u00f3n<\/a>[vc_separator type=&#8221;transparent&#8221; up=&#8221;17&#8243; down=&#8221;10&#8243;][\/vc_column_inner][vc_column_inner width=&#8221;1\/2&#8243; offset=&#8221;vc_col-lg-3 vc_col-md-6 vc_col-xs-11&#8243;]<a  itemprop=\"url\" href=\"https:\/\/faya.unse.edu.ar\/?page_id=1452\" target=\"_self\" data-hover-background-color=#ffffff data-hover-border-color=#b70101 data-hover-color=#b70101 class=\"qbutton  big_large_full_width white default\" style=\"color: #a5a5a5; border-color: #a5a5a5; font-weight: 400; background-color: #ffffff;\">Contacto<\/a>[vc_separator type=&#8221;transparent&#8221; up=&#8221;17&#8243; down=&#8221;10&#8243;][vc_separator type=&#8221;transparent&#8221; up=&#8221;17&#8243; down=&#8221;10&#8243;][\/vc_column_inner][\/vc_row_inner][\/vc_column][\/vc_row]<\/p>\n","protected":false},"excerpt":{"rendered":"<p>[vc_row css_animation=&#8221;&#8221; row_type=&#8221;row&#8221; use_row_as_full_screen_section=&#8221;no&#8221; type=&#8221;grid&#8221; angled_section=&#8221;no&#8221; text_align=&#8221;left&#8221; background_image_as_pattern=&#8221;without_pattern&#8221; background_color=&#8221;#ffffff&#8221; padding_top=&#8221;20&#8243; z_index=&#8221;&#8221;][vc_column width=&#8221;1\/2&#8243;][vc_separator type=&#8221;transparent&#8221; up=&#8221;15&#8243; down=&#8221;10&#8243;][vc_column_text] FACULTAD DE AGRONOM\u00cdA Y AGROINDUSTRIAS [\/vc_column_text][vc_separator type=&#8221;small&#8221; position=&#8221;left&#8221; up=&#8221;16&#8243; down=&#8221;12&#8243;][vc_column_text]Somos una instituci\u00f3n comprometida con el medio que ense\u00f1a el respeto a la vida y al trabajo. Formamos profesionales que sean&#8230;<\/p>\n","protected":false},"author":1,"featured_media":0,"parent":0,"menu_order":0,"comment_status":"open","ping_status":"closed","template":"full_width.php","meta":{"_mi_skip_tracking":false},"yoast_head":"<!-- This site is optimized with the Yoast SEO plugin v17.7.1 - https:\/\/yoast.com\/wordpress\/plugins\/seo\/ -->\n<meta name=\"robots\" content=\"index, follow, max-snippet:-1, max-image-preview:large, max-video-preview:-1\" \/>\n<link rel=\"canonical\" href=\"https:\/\/faya.unse.edu.ar\/index.php\/sobre-la-facultad\/\" \/>\n<meta property=\"og:locale\" content=\"es_ES\" \/>\n<meta property=\"og:type\" content=\"article\" \/>\n<meta property=\"og:title\" content=\"Sobre la Facultad | Facultad de Agronom\u00eda y Agroindustrias UNSE | FAyA UNSE\" \/>\n<meta property=\"og:description\" content=\"[vc_row css_animation=&#8221;&#8221; row_type=&#8221;row&#8221; use_row_as_full_screen_section=&#8221;no&#8221; type=&#8221;grid&#8221; angled_section=&#8221;no&#8221; text_align=&#8221;left&#8221; background_image_as_pattern=&#8221;without_pattern&#8221; background_color=&#8221;#ffffff&#8221; padding_top=&#8221;20&#8243; z_index=&#8221;&#8221;][vc_column width=&#8221;1\/2&#8243;][vc_separator type=&#8221;transparent&#8221; up=&#8221;15&#8243; down=&#8221;10&#8243;][vc_column_text] FACULTAD DE AGRONOM\u00cdA Y AGROINDUSTRIAS [\/vc_column_text][vc_separator type=&#8221;small&#8221; position=&#8221;left&#8221; up=&#8221;16&#8243; down=&#8221;12&#8243;][vc_column_text]Somos una instituci\u00f3n comprometida con el medio que ense\u00f1a el respeto a la vida y al trabajo. Formamos profesionales que sean...\" \/>\n<meta property=\"og:url\" content=\"https:\/\/faya.unse.edu.ar\/index.php\/sobre-la-facultad\/\" \/>\n<meta property=\"og:site_name\" content=\"Facultad de Agronom\u00eda y Agroindustrias UNSE | FAyA UNSE\" \/>\n<meta property=\"article:publisher\" content=\"https:\/\/www.facebook.com\/agroUNSE\/\" \/>\n<meta property=\"article:modified_time\" content=\"2018-12-24T16:15:37+00:00\" \/>\n<meta name=\"twitter:card\" content=\"summary_large_image\" \/>\n<meta name=\"twitter:site\" content=\"@fayaunse\" \/>\n<meta name=\"twitter:label1\" content=\"Tiempo de lectura\" \/>\n\t<meta name=\"twitter:data1\" content=\"5 minutos\" \/>\n<script type=\"application\/ld+json\" class=\"yoast-schema-graph\">{\"@context\":\"https:\/\/schema.org\",\"@graph\":[{\"@type\":\"WebSite\",\"@id\":\"https:\/\/faya.unse.edu.ar\/#website\",\"url\":\"https:\/\/faya.unse.edu.ar\/\",\"name\":\"Facultad de Agronom\\u00eda y Agroindustrias UNSE | FAyA UNSE\",\"description\":\"\",\"potentialAction\":[{\"@type\":\"SearchAction\",\"target\":{\"@type\":\"EntryPoint\",\"urlTemplate\":\"https:\/\/faya.unse.edu.ar\/?s={search_term_string}\"},\"query-input\":\"required name=search_term_string\"}],\"inLanguage\":\"es-AR\"},{\"@type\":\"WebPage\",\"@id\":\"https:\/\/faya.unse.edu.ar\/index.php\/sobre-la-facultad\/#webpage\",\"url\":\"https:\/\/faya.unse.edu.ar\/index.php\/sobre-la-facultad\/\",\"name\":\"Sobre la Facultad | Facultad de Agronom\\u00eda y Agroindustrias UNSE | FAyA UNSE\",\"isPartOf\":{\"@id\":\"https:\/\/faya.unse.edu.ar\/#website\"},\"datePublished\":\"2014-06-05T15:29:58+00:00\",\"dateModified\":\"2018-12-24T16:15:37+00:00\",\"breadcrumb\":{\"@id\":\"https:\/\/faya.unse.edu.ar\/index.php\/sobre-la-facultad\/#breadcrumb\"},\"inLanguage\":\"es-AR\",\"potentialAction\":[{\"@type\":\"ReadAction\",\"target\":[\"https:\/\/faya.unse.edu.ar\/index.php\/sobre-la-facultad\/\"]}]},{\"@type\":\"BreadcrumbList\",\"@id\":\"https:\/\/faya.unse.edu.ar\/index.php\/sobre-la-facultad\/#breadcrumb\",\"itemListElement\":[{\"@type\":\"ListItem\",\"position\":1,\"name\":\"Home\",\"item\":\"https:\/\/faya.unse.edu.ar\/\"},{\"@type\":\"ListItem\",\"position\":2,\"name\":\"Sobre la Facultad\"}]}]}<\/script>\n<!-- \/ Yoast SEO plugin. -->","yoast_head_json":{"robots":{"index":"index","follow":"follow","max-snippet":"max-snippet:-1","max-image-preview":"max-image-preview:large","max-video-preview":"max-video-preview:-1"},"canonical":"https:\/\/faya.unse.edu.ar\/index.php\/sobre-la-facultad\/","og_locale":"es_ES","og_type":"article","og_title":"Sobre la Facultad | Facultad de Agronom\u00eda y Agroindustrias UNSE | FAyA UNSE","og_description":"[vc_row css_animation=&#8221;&#8221; row_type=&#8221;row&#8221; use_row_as_full_screen_section=&#8221;no&#8221; type=&#8221;grid&#8221; angled_section=&#8221;no&#8221; text_align=&#8221;left&#8221; background_image_as_pattern=&#8221;without_pattern&#8221; background_color=&#8221;#ffffff&#8221; padding_top=&#8221;20&#8243; z_index=&#8221;&#8221;][vc_column width=&#8221;1\/2&#8243;][vc_separator type=&#8221;transparent&#8221; up=&#8221;15&#8243; down=&#8221;10&#8243;][vc_column_text] FACULTAD DE AGRONOM\u00cdA Y AGROINDUSTRIAS [\/vc_column_text][vc_separator type=&#8221;small&#8221; position=&#8221;left&#8221; up=&#8221;16&#8243; down=&#8221;12&#8243;][vc_column_text]Somos una instituci\u00f3n comprometida con el medio que ense\u00f1a el respeto a la vida y al trabajo. Formamos profesionales que sean...","og_url":"https:\/\/faya.unse.edu.ar\/index.php\/sobre-la-facultad\/","og_site_name":"Facultad de Agronom\u00eda y Agroindustrias UNSE | FAyA UNSE","article_publisher":"https:\/\/www.facebook.com\/agroUNSE\/","article_modified_time":"2018-12-24T16:15:37+00:00","twitter_card":"summary_large_image","twitter_site":"@fayaunse","twitter_misc":{"Tiempo de lectura":"5 minutos"},"schema":{"@context":"https:\/\/schema.org","@graph":[{"@type":"WebSite","@id":"https:\/\/faya.unse.edu.ar\/#website","url":"https:\/\/faya.unse.edu.ar\/","name":"Facultad de Agronom\u00eda y Agroindustrias UNSE | FAyA UNSE","description":"","potentialAction":[{"@type":"SearchAction","target":{"@type":"EntryPoint","urlTemplate":"https:\/\/faya.unse.edu.ar\/?s={search_term_string}"},"query-input":"required name=search_term_string"}],"inLanguage":"es-AR"},{"@type":"WebPage","@id":"https:\/\/faya.unse.edu.ar\/index.php\/sobre-la-facultad\/#webpage","url":"https:\/\/faya.unse.edu.ar\/index.php\/sobre-la-facultad\/","name":"Sobre la Facultad | Facultad de Agronom\u00eda y Agroindustrias UNSE | FAyA UNSE","isPartOf":{"@id":"https:\/\/faya.unse.edu.ar\/#website"},"datePublished":"2014-06-05T15:29:58+00:00","dateModified":"2018-12-24T16:15:37+00:00","breadcrumb":{"@id":"https:\/\/faya.unse.edu.ar\/index.php\/sobre-la-facultad\/#breadcrumb"},"inLanguage":"es-AR","potentialAction":[{"@type":"ReadAction","target":["https:\/\/faya.unse.edu.ar\/index.php\/sobre-la-facultad\/"]}]},{"@type":"BreadcrumbList","@id":"https:\/\/faya.unse.edu.ar\/index.php\/sobre-la-facultad\/#breadcrumb","itemListElement":[{"@type":"ListItem","position":1,"name":"Home","item":"https:\/\/faya.unse.edu.ar\/"},{"@type":"ListItem","position":2,"name":"Sobre la Facultad"}]}]}},"_links":{"self":[{"href":"https:\/\/faya.unse.edu.ar\/index.php\/wp-json\/wp\/v2\/pages\/15259"}],"collection":[{"href":"https:\/\/faya.unse.edu.ar\/index.php\/wp-json\/wp\/v2\/pages"}],"about":[{"href":"https:\/\/faya.unse.edu.ar\/index.php\/wp-json\/wp\/v2\/types\/page"}],"author":[{"embeddable":true,"href":"https:\/\/faya.unse.edu.ar\/index.php\/wp-json\/wp\/v2\/users\/1"}],"replies":[{"embeddable":true,"href":"https:\/\/faya.unse.edu.ar\/index.php\/wp-json\/wp\/v2\/comments?post=15259"}],"version-history":[{"count":24,"href":"https:\/\/faya.unse.edu.ar\/index.php\/wp-json\/wp\/v2\/pages\/15259\/revisions"}],"predecessor-version":[{"id":17367,"href":"https:\/\/faya.unse.edu.ar\/index.php\/wp-json\/wp\/v2\/pages\/15259\/revisions\/17367"}],"wp:attachment":[{"href":"https:\/\/faya.unse.edu.ar\/index.php\/wp-json\/wp\/v2\/media?parent=15259"}],"curies":[{"name":"wp","href":"https:\/\/api.w.org\/{rel}","templated":true}]}}