{"id":15854,"date":"2018-05-26T22:51:09","date_gmt":"2018-05-27T01:51:09","guid":{"rendered":"http:\/\/faya.unse.edu.ar\/?page_id=15854"},"modified":"2026-03-03T13:10:15","modified_gmt":"2026-03-03T16:10:15","slug":"ingenieria-agronomica","status":"publish","type":"page","link":"https:\/\/faya.unse.edu.ar\/index.php\/carreras\/ingenieria-agronomica\/","title":{"rendered":"Ingenier\u00eda Agron\u00f3mica"},"content":{"rendered":"<p>[vc_row css_animation=&#8221;&#8221; row_type=&#8221;row&#8221; use_row_as_full_screen_section=&#8221;no&#8221; type=&#8221;full_width&#8221; angled_section=&#8221;no&#8221; text_align=&#8221;left&#8221; background_image_as_pattern=&#8221;without_pattern&#8221;][vc_column offset=&#8221;vc_hidden-lg vc_hidden-md vc_hidden-sm&#8221;][vc_single_image image=&#8221;25346&#8243; img_size=&#8221;full&#8221; alignment=&#8221;center&#8221; onclick=&#8221;custom_link&#8221; qode_css_animation=&#8221;&#8221; link=&#8221;http:\/\/estudiaenlafaya.com.ar\/#agro&#8221;][\/vc_column][\/vc_row][vc_row css_animation=&#8221;&#8221; row_type=&#8221;row&#8221; use_row_as_full_screen_section=&#8221;no&#8221; type=&#8221;full_width&#8221; angled_section=&#8221;no&#8221; text_align=&#8221;left&#8221; background_image_as_pattern=&#8221;without_pattern&#8221;][vc_column width=&#8221;1\/4&#8243;][vc_separator type=&#8221;transparent&#8221; down=&#8221;20&#8243;][qode_elements_holder number_of_columns=&#8221;three_columns&#8221;][qode_elements_holder_item advanced_animations=&#8221;no&#8221;][vc_column_text]T\u00edtulo otorgado: Ingeniero agr\u00f3nomo[\/vc_column_text][vc_column_text]Duraci\u00f3n: 5 a\u00f1os[\/vc_column_text][vc_column_text]Carrera acreditada por CONEAU &#8211; Resoluci\u00f3n 563\/2015.[\/vc_column_text][\/qode_elements_holder_item][\/qode_elements_holder][vc_separator type=&#8221;transparent&#8221; down=&#8221;20&#8243;]<a  itemprop=\"url\" href=\"https:\/\/faya.unse.edu.ar\/wp-content\/uploads\/124-2024-PE-Agronomia.pdf\" target=\"_blank\"  class=\"qbutton  default\" style=\"\">Plan de estudio 2025<\/a>[vc_separator type=&#8221;transparent&#8221; down=&#8221;40&#8243;]<a  itemprop=\"url\" href=\"http:\/\/faa.unse.edu.ar\/planestudio\/agron-cdfaa02205.pdf\" target=\"_blank\"  class=\"qbutton  default\" style=\"\">Res. CDFAA 022\/2005<\/a>[vc_separator type=&#8221;transparent&#8221; down=&#8221;40&#8243;]<a  itemprop=\"url\" href=\"http:\/\/estudiaenlafaya.com.ar\/\" target=\"_blank\"  class=\"qbutton  default\" style=\"\">Ingreso<\/a>[\/vc_column][vc_column width=&#8221;3\/4&#8243;]<div class=\"qode-accordion-holder clearfix qode-accordion qode-initial \">\n\t<h4 class=\"clearfix qode-title-holder\">\n<span class=\"qode-tab-title\">\n\t    <span class=\"qode-tab-title-inner\">\n        Perfil    <\/span>\n<\/span>\n<span class=\"qode-accordion-mark\">\n    <span class=\"qode-accordion-mark-icon\">\n        <span class=\"icon_plus\"><\/span>\n        <span class=\"icon_minus-06\"><\/span>\n    <\/span>\n<\/span>\n<\/h4>\n<div class=\"qode-accordion-content \" >\n    <div class=\"qode-accordion-content-inner\">\n        [vc_column_text]<\/p>\n<ul>\n<li class=\"Estilo4\">Desarrollo del pensamiento cr\u00edtico y la creatividad aplicada a la soluci\u00f3n de problemas, desde los conocimientos del metabolismo animal y vegetal.<\/li>\n<li class=\"Estilo4\">Conciencia de contribuir a la sostenibilidad del patrimonio ecol\u00f3gico del pa\u00eds, con el prop\u00f3sito de utilizar racionalmente y sin agotar los recursos naturales.<\/li>\n<li class=\"Estilo4\">Contribuci\u00f3n al patrimonio cultural de la naci\u00f3n, sustentando valores \u00e9ticos que deben caracterizar su comportamiento como profesional y ser humano<\/li>\n<li class=\"Estilo4\">Motivaci\u00f3n para proseguir en su formaci\u00f3n permanente.<\/li>\n<\/ul>\n<p>[\/vc_column_text]    <\/div>\n<\/div><h4 class=\"clearfix qode-title-holder\">\n<span class=\"qode-tab-title\">\n\t    <span class=\"qode-tab-title-inner\">\n        Capacitado para...    <\/span>\n<\/span>\n<span class=\"qode-accordion-mark\">\n    <span class=\"qode-accordion-mark-icon\">\n        <span class=\"icon_plus\"><\/span>\n        <span class=\"icon_minus-06\"><\/span>\n    <\/span>\n<\/span>\n<\/h4>\n<div class=\"qode-accordion-content \" >\n    <div class=\"qode-accordion-content-inner\">\n        [vc_column_text]<\/p>\n<ul>\n<li class=\"Estilo4\">Intervenir en el dise\u00f1o, gesti\u00f3n y direcci\u00f3n de los Sistemas Productivos Agropecuarios, con criterio de eficiencia sustentabilidad y enfoque sist\u00e9mico.<\/li>\n<li class=\"Estilo4\">Interpretar los problemas de los sistemas productivos y aplicar propuestas de soluci\u00f3n compatibles con los recursos disponibles.<\/li>\n<li class=\"Estilo4\">Elaborar estrategias que permitan dar respuestas concretas y factibles ante la variada problem\u00e1tica relacionada con las necesidades de producci\u00f3n, gerenciales y de comercializaci\u00f3n. \u00b7<\/li>\n<li class=\"Estilo4\">Actuar como agentes de cambio, movilizadores de las potencialidades regionales y comunitarias y, en general, como promotores del desarrollo.<\/li>\n<li class=\"Estilo4\">Realizar estudios que permitan conocer, cartografiar y evaluar los recursos naturales en sus distintas facetas, utilizando todas las herramientas posibles que brinda la tecnolog\u00eda inform\u00e1tica y espacial.<\/li>\n<li class=\"Estilo4\">Dise\u00f1ar y evaluar proyectos que permitan desarrollar las potencialidades de los recursos naturales de la comunidad local y regional.<\/li>\n<li class=\"Estilo4\">Participar en la ejecuci\u00f3n de estudios y proyectos relacionados con la planificaci\u00f3n para el aprovechamiento de los recursos naturales con fundamentos cient\u00edficos y tecnol\u00f3gicos adecuados.<\/li>\n<li class=\"Estilo4\">Racionalizar el uso de los recursos naturales, como forma de garantizar una producci\u00f3n sustentable, desde los puntos de vista econ\u00f3mico, ecol\u00f3gico y productivo, a trav\u00e9s de la reducci\u00f3n de costos y el aumento de la competitividad, a nivel local, regional y nacional.<\/li>\n<li class=\"Estilo4\">Actuar y adecuar los servicios de capacitaci\u00f3n, transferencia de tecnolog\u00eda, administraci\u00f3n, cr\u00e9dito, desarrollo tecnol\u00f3gico e investigaci\u00f3n.<\/li>\n<li class=\"Estilo4\">Proponer pol\u00edticas y legislaciones directamente relacionadas con la profesi\u00f3n en el marco del funcionamiento de las diversas instituciones del \u00e1rea.<\/li>\n<li class=\"Estilo4\">Interactuar con las distintas instituciones p\u00fablicas y privadas de apoyo al desarrollo, estableciendo relaciones que permitan la integraci\u00f3n de profesionales afines en servicio a dichos medios.<\/li>\n<li class=\"Estilo4\">Integrar equipos de trabajo para realizar estudios de investigaci\u00f3n de mercados y asumir con idoneidad profesional la planificaci\u00f3n de la producci\u00f3n y el proceso de comercializaci\u00f3n de los productos agropecuarios.<\/li>\n<li class=\"Estilo4\">Integrar equipos de trabajo para realizar estudios de impacto ambiental de las actividades relacionadas con la profesi\u00f3n, tanto a nivel de estudio, proyectos, obras ejecutadas y durante los ciclos productivos.<\/li>\n<li class=\"Estilo4\">Generar, adaptar, mejorar y modificar tecnolog\u00eda, de acuerdo con la disponibilidad de recursos productivos y las necesidades de mejoramiento de los recursos naturales.<\/li>\n<li class=\"Estilo4\">Capacitar y organizar a los productores y dem\u00e1s agentes del sistema agropecuario para ser protagonista de sus propias transformaciones e innovaciones tecnol\u00f3gicas, para mejorar su inserci\u00f3n en los mercados y su r\u00e1pida adecuaci\u00f3n a los nuevos escenarios en un mundo competitivo y\u00a0 din\u00e1mico en sus transformaciones.<\/li>\n<\/ul>\n<p>[\/vc_column_text]    <\/div>\n<\/div><h4 class=\"clearfix qode-title-holder\">\n<span class=\"qode-tab-title\">\n\t    <span class=\"qode-tab-title-inner\">\n        Incumbencias    <\/span>\n<\/span>\n<span class=\"qode-accordion-mark\">\n    <span class=\"qode-accordion-mark-icon\">\n        <span class=\"icon_plus\"><\/span>\n        <span class=\"icon_minus-06\"><\/span>\n    <\/span>\n<\/span>\n<\/h4>\n<div class=\"qode-accordion-content \" >\n    <div class=\"qode-accordion-content-inner\">\n        [vc_column_text]Se considera incumbencias del Ingeniero Agr\u00f3nomo las establecidas como actividades profesionales reservadas al t\u00edtulo de Ingeniero Agr\u00f3nomo, del Anexo V de la Res ME 334\/03, adem\u00e1s de lo establecido en el decreto 256\/94, art\u00edculo 1\u00b0, como las \u00e1reas fundamentales que comprometen directamente al bien p\u00fablico: la conservaci\u00f3n de los recursos naturales y la calidad de los alimentos, a saber:<\/p>\n<h5><\/h5>\n<h5>la conservaci\u00f3n de los recursos naturales:<\/h5>\n<p>En este campo son incumbencias del agr\u00f3nomo las siguientes:<\/p>\n<ul>\n<li>Participar en la planificaci\u00f3n relativa al uso del agua, para usos agropecuarios, recreativos y evitar su contaminaci\u00f3n.<\/li>\n<li>Controlar y administrar los sistemas de riego y drenaje para usos agrarios, evaluar da\u00f1os provocados por erosi\u00f3n y determinar los c\u00e1nones de riego<\/li>\n<li>Preparar mapas de suelos y determinar \u00e1reas criticas sujetas a erosi\u00f3n, realizar estudios para conservaci\u00f3n y eventualmente recuperaci\u00f3n. Ser ejecutores de toda legislaci\u00f3n tendiente a la protecci\u00f3n del suelo destinado a uso agrario, asegurando la continuidad productiva en una explotaci\u00f3n agraria sostenible<\/li>\n<li>Realizar estudios clim\u00e1ticos orientados a las consecuencias, los peligros y posibles da\u00f1os que puedan provocar accidentes tales como vientos, heladas, granizo y cambios clim\u00e1ticos el efecto de su control o determinaci\u00f3n de primas de seguros. Tambi\u00e9n es de su incumbencia la planificaci\u00f3n de medios de defensa para asegurar que no provoquen contaminaci\u00f3n del aire, como en el caso de luchas contra heladas, que utilizan combustibles<\/li>\n<li>Entender y poner en ejecuci\u00f3n las normas tendientes a la conservaci\u00f3n del patrimonio flor\u00edstico y faun\u00edstico, preservando la biodiversidad y el patrimonio gen\u00e9tico existente.<\/li>\n<li>Realizar estudios del impacto ambiental del parcelamiento para uso agropecuario, urbanizaciones, parquizaciones y otras acciones que puedan significar riesgos de erosi\u00f3n del suelo hidrol\u00f3gico o negativas modificaciones ecol\u00f3gicas en general.<\/li>\n<li>Realizar valuaciones peritajes arbitrajes y tasaciones de plantaciones, formaciones vegetales, explotaciones agropecuarias y da\u00f1os provocados por causas naturales o mal manejo de practicas agropecuarias.<\/li>\n<li>Confeccionar catastros e inventarios de recursos naturales.<\/li>\n<li>Evaluar los efectos del uso de la maquinaria agr\u00edcola en lo referente a conservaci\u00f3n del suelo y ambiente.<\/li>\n<li>Controlar los aspectos relacionados con la formulaci\u00f3n, certificaci\u00f3n de uso comercializaci\u00f3n expendio y aplicaci\u00f3n de productos qu\u00edmicos recursos biol\u00f3gicos y biotecnol\u00f3gicos destinados a la industria agropecuaria.<\/li>\n<\/ul>\n<h5><\/h5>\n<h5>La calidad de los alimentos<\/h5>\n<p>El problema de la contaminaci\u00f3n de alimentos es muy grave en esta \u00e9poca y provoca da\u00f1os comprobados en la salud de la poblaci\u00f3n, con riesgo de intoxicaciones agudas o problemas cr\u00f3nicos acumulativos que deterioran el organismo humano en plazos m\u00e1s largos<\/p>\n<p>Sus incumbencias en este campo son:<\/p>\n<ul>\n<li>Determinar caracter\u00edsticas, tipificar, fiscalizar y certificar la calidad, pureza y sanidad de semillas, plantas transg\u00e9nicas y cualquier otra forma de propagaci\u00f3n vegetal<\/li>\n<li>Participar en la determinaci\u00f3n de la condici\u00f3n del trabajo rural y asesorar sobre el cumplimiento de la normativa vigente en funci\u00f3n de criterios de calidad de vida<\/li>\n<li>Determinar residuos de pesticidas, y condiciones de conservaci\u00f3n de frutas y hortalizas.<\/li>\n<\/ul>\n<p>[\/vc_column_text]    <\/div>\n<\/div><h4 class=\"clearfix qode-title-holder\">\n<span class=\"qode-tab-title\">\n\t    <span class=\"qode-tab-title-inner\">\n        Profesionales de la FAyA: Ingenier\u00eda Agron\u00f3mica    <\/span>\n<\/span>\n<span class=\"qode-accordion-mark\">\n    <span class=\"qode-accordion-mark-icon\">\n        <span class=\"icon_plus\"><\/span>\n        <span class=\"icon_minus-06\"><\/span>\n    <\/span>\n<\/span>\n<\/h4>\n<div class=\"qode-accordion-content \" >\n    <div class=\"qode-accordion-content-inner\">\n        [vc_video link=&#8221;https:\/\/youtu.be\/awEReBxGd68&#8243; align=&#8221;center&#8221;]    <\/div>\n<\/div><\/div>[vc_separator type=&#8221;transparent&#8221; up=&#8221;40&#8243;][\/vc_column][\/vc_row]<\/p>\n","protected":false},"excerpt":{"rendered":"<p>[vc_row css_animation=&#8221;&#8221; row_type=&#8221;row&#8221; use_row_as_full_screen_section=&#8221;no&#8221; type=&#8221;full_width&#8221; angled_section=&#8221;no&#8221; text_align=&#8221;left&#8221; background_image_as_pattern=&#8221;without_pattern&#8221;][vc_column offset=&#8221;vc_hidden-lg vc_hidden-md vc_hidden-sm&#8221;][vc_single_image image=&#8221;25346&#8243; img_size=&#8221;full&#8221; alignment=&#8221;center&#8221; onclick=&#8221;custom_link&#8221; qode_css_animation=&#8221;&#8221; link=&#8221;http:\/\/estudiaenlafaya.com.ar\/#agro&#8221;][\/vc_column][\/vc_row][vc_row css_animation=&#8221;&#8221; row_type=&#8221;row&#8221; use_row_as_full_screen_section=&#8221;no&#8221; type=&#8221;full_width&#8221; angled_section=&#8221;no&#8221; text_align=&#8221;left&#8221; background_image_as_pattern=&#8221;without_pattern&#8221;][vc_column width=&#8221;1\/4&#8243;][vc_separator type=&#8221;transparent&#8221; down=&#8221;20&#8243;][qode_elements_holder number_of_columns=&#8221;three_columns&#8221;][qode_elements_holder_item advanced_animations=&#8221;no&#8221;][vc_column_text]T\u00edtulo otorgado: Ingeniero agr\u00f3nomo[\/vc_column_text][vc_column_text]Duraci\u00f3n: 5 a\u00f1os[\/vc_column_text][vc_column_text]Carrera acreditada por CONEAU &#8211; Resoluci\u00f3n 563\/2015.[\/vc_column_text][\/qode_elements_holder_item][\/qode_elements_holder][vc_separator type=&#8221;transparent&#8221; down=&#8221;20&#8243;][vc_separator type=&#8221;transparent&#8221; down=&#8221;40&#8243;][vc_separator type=&#8221;transparent&#8221;&#8230;<\/p>\n","protected":false},"author":1,"featured_media":0,"parent":15265,"menu_order":0,"comment_status":"closed","ping_status":"closed","template":"","meta":{"_mi_skip_tracking":false},"yoast_head":"<!-- This site is optimized with the Yoast SEO plugin v17.7.1 - https:\/\/yoast.com\/wordpress\/plugins\/seo\/ -->\n<meta name=\"description\" content=\"Ven\u00ed a encontrar el futuro que quieres tener. Estudi\u00e1 Ingenier\u00eda Agron\u00f3mica en la FAyA. Preinscribite al Curso de Ingreso Regular 2020 de la FAyA-UNSE.\" \/>\n<meta name=\"robots\" content=\"index, follow, max-snippet:-1, max-image-preview:large, max-video-preview:-1\" \/>\n<link rel=\"canonical\" href=\"https:\/\/faya.unse.edu.ar\/index.php\/carreras\/ingenieria-agronomica\/\" \/>\n<meta property=\"og:locale\" content=\"es_ES\" \/>\n<meta property=\"og:type\" content=\"article\" \/>\n<meta property=\"og:title\" content=\"Ingenier\u00eda Agron\u00f3mica | Estudi\u00e1 en la FAyA-UNSE\" \/>\n<meta property=\"og:description\" content=\"Ven\u00ed a encontrar el futuro que quieres tener. Estudi\u00e1 Ingenier\u00eda Agron\u00f3mica en la FAyA. Preinscribite al Curso de Ingreso Regular 2020 de la FAyA-UNSE.\" \/>\n<meta property=\"og:url\" content=\"https:\/\/faya.unse.edu.ar\/index.php\/carreras\/ingenieria-agronomica\/\" \/>\n<meta property=\"og:site_name\" content=\"Facultad de Agronom\u00eda y Agroindustrias UNSE | FAyA UNSE\" \/>\n<meta property=\"article:publisher\" content=\"https:\/\/www.facebook.com\/agroUNSE\/\" \/>\n<meta property=\"article:modified_time\" content=\"2026-03-03T16:10:15+00:00\" \/>\n<meta name=\"twitter:card\" content=\"summary_large_image\" \/>\n<meta name=\"twitter:site\" content=\"@fayaunse\" \/>\n<meta name=\"twitter:label1\" content=\"Tiempo de lectura\" \/>\n\t<meta name=\"twitter:data1\" content=\"5 minutos\" \/>\n<script type=\"application\/ld+json\" class=\"yoast-schema-graph\">{\"@context\":\"https:\/\/schema.org\",\"@graph\":[{\"@type\":\"WebSite\",\"@id\":\"https:\/\/faya.unse.edu.ar\/#website\",\"url\":\"https:\/\/faya.unse.edu.ar\/\",\"name\":\"Facultad de Agronom\\u00eda y Agroindustrias UNSE | FAyA UNSE\",\"description\":\"\",\"potentialAction\":[{\"@type\":\"SearchAction\",\"target\":{\"@type\":\"EntryPoint\",\"urlTemplate\":\"https:\/\/faya.unse.edu.ar\/?s={search_term_string}\"},\"query-input\":\"required name=search_term_string\"}],\"inLanguage\":\"es-AR\"},{\"@type\":\"WebPage\",\"@id\":\"https:\/\/faya.unse.edu.ar\/index.php\/carreras\/ingenieria-agronomica\/#webpage\",\"url\":\"https:\/\/faya.unse.edu.ar\/index.php\/carreras\/ingenieria-agronomica\/\",\"name\":\"Ingenier\\u00eda Agron\\u00f3mica | Estudi\\u00e1 en la FAyA-UNSE\",\"isPartOf\":{\"@id\":\"https:\/\/faya.unse.edu.ar\/#website\"},\"datePublished\":\"2018-05-27T01:51:09+00:00\",\"dateModified\":\"2026-03-03T16:10:15+00:00\",\"description\":\"Ven\\u00ed a encontrar el futuro que quieres tener. Estudi\\u00e1 Ingenier\\u00eda Agron\\u00f3mica en la FAyA. Preinscribite al Curso de Ingreso Regular 2020 de la FAyA-UNSE.\",\"breadcrumb\":{\"@id\":\"https:\/\/faya.unse.edu.ar\/index.php\/carreras\/ingenieria-agronomica\/#breadcrumb\"},\"inLanguage\":\"es-AR\",\"potentialAction\":[{\"@type\":\"ReadAction\",\"target\":[\"https:\/\/faya.unse.edu.ar\/index.php\/carreras\/ingenieria-agronomica\/\"]}]},{\"@type\":\"BreadcrumbList\",\"@id\":\"https:\/\/faya.unse.edu.ar\/index.php\/carreras\/ingenieria-agronomica\/#breadcrumb\",\"itemListElement\":[{\"@type\":\"ListItem\",\"position\":1,\"name\":\"Home\",\"item\":\"https:\/\/faya.unse.edu.ar\/\"},{\"@type\":\"ListItem\",\"position\":2,\"name\":\"Carreras\",\"item\":\"https:\/\/faya.unse.edu.ar\/index.php\/carreras\/\"},{\"@type\":\"ListItem\",\"position\":3,\"name\":\"Ingenier\\u00eda Agron\\u00f3mica\"}]}]}<\/script>\n<!-- \/ Yoast SEO plugin. -->","yoast_head_json":{"description":"Ven\u00ed a encontrar el futuro que quieres tener. Estudi\u00e1 Ingenier\u00eda Agron\u00f3mica en la FAyA. Preinscribite al Curso de Ingreso Regular 2020 de la FAyA-UNSE.","robots":{"index":"index","follow":"follow","max-snippet":"max-snippet:-1","max-image-preview":"max-image-preview:large","max-video-preview":"max-video-preview:-1"},"canonical":"https:\/\/faya.unse.edu.ar\/index.php\/carreras\/ingenieria-agronomica\/","og_locale":"es_ES","og_type":"article","og_title":"Ingenier\u00eda Agron\u00f3mica | Estudi\u00e1 en la FAyA-UNSE","og_description":"Ven\u00ed a encontrar el futuro que quieres tener. Estudi\u00e1 Ingenier\u00eda Agron\u00f3mica en la FAyA. Preinscribite al Curso de Ingreso Regular 2020 de la FAyA-UNSE.","og_url":"https:\/\/faya.unse.edu.ar\/index.php\/carreras\/ingenieria-agronomica\/","og_site_name":"Facultad de Agronom\u00eda y Agroindustrias UNSE | FAyA UNSE","article_publisher":"https:\/\/www.facebook.com\/agroUNSE\/","article_modified_time":"2026-03-03T16:10:15+00:00","twitter_card":"summary_large_image","twitter_site":"@fayaunse","twitter_misc":{"Tiempo de lectura":"5 minutos"},"schema":{"@context":"https:\/\/schema.org","@graph":[{"@type":"WebSite","@id":"https:\/\/faya.unse.edu.ar\/#website","url":"https:\/\/faya.unse.edu.ar\/","name":"Facultad de Agronom\u00eda y Agroindustrias UNSE | FAyA UNSE","description":"","potentialAction":[{"@type":"SearchAction","target":{"@type":"EntryPoint","urlTemplate":"https:\/\/faya.unse.edu.ar\/?s={search_term_string}"},"query-input":"required name=search_term_string"}],"inLanguage":"es-AR"},{"@type":"WebPage","@id":"https:\/\/faya.unse.edu.ar\/index.php\/carreras\/ingenieria-agronomica\/#webpage","url":"https:\/\/faya.unse.edu.ar\/index.php\/carreras\/ingenieria-agronomica\/","name":"Ingenier\u00eda Agron\u00f3mica | Estudi\u00e1 en la FAyA-UNSE","isPartOf":{"@id":"https:\/\/faya.unse.edu.ar\/#website"},"datePublished":"2018-05-27T01:51:09+00:00","dateModified":"2026-03-03T16:10:15+00:00","description":"Ven\u00ed a encontrar el futuro que quieres tener. Estudi\u00e1 Ingenier\u00eda Agron\u00f3mica en la FAyA. Preinscribite al Curso de Ingreso Regular 2020 de la FAyA-UNSE.","breadcrumb":{"@id":"https:\/\/faya.unse.edu.ar\/index.php\/carreras\/ingenieria-agronomica\/#breadcrumb"},"inLanguage":"es-AR","potentialAction":[{"@type":"ReadAction","target":["https:\/\/faya.unse.edu.ar\/index.php\/carreras\/ingenieria-agronomica\/"]}]},{"@type":"BreadcrumbList","@id":"https:\/\/faya.unse.edu.ar\/index.php\/carreras\/ingenieria-agronomica\/#breadcrumb","itemListElement":[{"@type":"ListItem","position":1,"name":"Home","item":"https:\/\/faya.unse.edu.ar\/"},{"@type":"ListItem","position":2,"name":"Carreras","item":"https:\/\/faya.unse.edu.ar\/index.php\/carreras\/"},{"@type":"ListItem","position":3,"name":"Ingenier\u00eda Agron\u00f3mica"}]}]}},"_links":{"self":[{"href":"https:\/\/faya.unse.edu.ar\/index.php\/wp-json\/wp\/v2\/pages\/15854"}],"collection":[{"href":"https:\/\/faya.unse.edu.ar\/index.php\/wp-json\/wp\/v2\/pages"}],"about":[{"href":"https:\/\/faya.unse.edu.ar\/index.php\/wp-json\/wp\/v2\/types\/page"}],"author":[{"embeddable":true,"href":"https:\/\/faya.unse.edu.ar\/index.php\/wp-json\/wp\/v2\/users\/1"}],"replies":[{"embeddable":true,"href":"https:\/\/faya.unse.edu.ar\/index.php\/wp-json\/wp\/v2\/comments?post=15854"}],"version-history":[{"count":62,"href":"https:\/\/faya.unse.edu.ar\/index.php\/wp-json\/wp\/v2\/pages\/15854\/revisions"}],"predecessor-version":[{"id":35820,"href":"https:\/\/faya.unse.edu.ar\/index.php\/wp-json\/wp\/v2\/pages\/15854\/revisions\/35820"}],"up":[{"embeddable":true,"href":"https:\/\/faya.unse.edu.ar\/index.php\/wp-json\/wp\/v2\/pages\/15265"}],"wp:attachment":[{"href":"https:\/\/faya.unse.edu.ar\/index.php\/wp-json\/wp\/v2\/media?parent=15854"}],"curies":[{"name":"wp","href":"https:\/\/api.w.org\/{rel}","templated":true}]}}