{"id":15948,"date":"2018-07-02T11:22:50","date_gmt":"2018-07-02T14:22:50","guid":{"rendered":"http:\/\/faya.unse.edu.ar\/?page_id=15948"},"modified":"2019-07-30T08:03:56","modified_gmt":"2019-07-30T11:03:56","slug":"resoluciones","status":"publish","type":"page","link":"https:\/\/faya.unse.edu.ar\/index.php\/resoluciones\/","title":{"rendered":"Resoluciones"},"content":{"rendered":"<p>[vc_row css_animation=&#8221;&#8221; row_type=&#8221;row&#8221; use_row_as_full_screen_section=&#8221;no&#8221; type=&#8221;full_width&#8221; angled_section=&#8221;no&#8221; text_align=&#8221;left&#8221; background_image_as_pattern=&#8221;without_pattern&#8221;][vc_column width=&#8221;1\/3&#8243;][vc_row_inner row_type=&#8221;row&#8221; type=&#8221;full_width&#8221; text_align=&#8221;left&#8221; css_animation=&#8221;&#8221;][vc_column_inner]<div class='q_list circle'><\/p>\n<ul>\n<li><strong><a href=\"https:\/\/faya.unse.edu.ar\/index.php\/resoluciones\/resoluciones-2018\/\">Resoluciones CDFAA 2018<\/a><\/strong><\/li>\n<li><strong><a href=\"https:\/\/faya.unse.edu.ar\/index.php\/resoluciones\/resoluciones-2017\/\">Resoluciones CDFAA 2017<\/a><\/strong><\/li>\n<li><strong><a href=\"https:\/\/faya.unse.edu.ar\/index.php\/resoluciones\/resoluciones-2016\/\">Resoluciones CDFAA 2016<\/a><\/strong><\/li>\n<li><strong><a href=\"https:\/\/faya.unse.edu.ar\/?page_id=16763\">Resoluciones CDFAA 2015<\/a><\/strong><\/li>\n<li><strong><a href=\"https:\/\/faya.unse.edu.ar\/?page_id=16774\">Resoluciones CDFAA 2014<\/a><\/strong><\/li>\n<li><strong><a href=\"https:\/\/faya.unse.edu.ar\/?page_id=16906\">Resoluciones CDFAA 2013<\/a><\/strong><\/li>\n<li><strong><a href=\"https:\/\/faya.unse.edu.ar\/?page_id=16908\">Resoluciones CDFAA 2012<\/a><\/strong><\/li>\n<li><strong><a href=\"https:\/\/faya.unse.edu.ar\/?page_id=16910\">Resoluciones CDFAA 2011<\/a><\/strong><\/li>\n<li><strong><a href=\"https:\/\/faya.unse.edu.ar\/index.php\/resoluciones\/resoluciones-2010\/\">Resoluciones CDFAA 2010<\/a><\/strong><\/li>\n<\/ul>\n<p><\/div>[\/vc_column_inner][\/vc_row_inner][\/vc_column][vc_column width=&#8221;2\/3&#8243;][vc_column_text]Las resoluciones disponibles son de Consejo Directivo, desde el 2011<br \/>\nLas de a\u00f1os anteriores o las del a\u00f1o en curso deber\u00e1n ser solicitadas personalmente en Mesa de Entradas de la Facultad.[\/vc_column_text][vc_separator type=&#8221;normal&#8221;][vc_column_text]Todos los archivos se encuentran en formato PDF. Para visualizarlos su computadora debe contar con el Programa Acrobat, si no cuenta con el mismo puede bajarlo en forma gratuita en\u00a0<a href=\"http:\/\/www.adobe.com\/\" target=\"_blank\" rel=\"noopener\"><strong>www.adobe.com<\/strong><\/a>[\/vc_column_text][\/vc_column][\/vc_row][vc_row css_animation=&#8221;&#8221; row_type=&#8221;row&#8221; use_row_as_full_screen_section=&#8221;no&#8221; type=&#8221;full_width&#8221; angled_section=&#8221;no&#8221; text_align=&#8221;left&#8221; background_image_as_pattern=&#8221;without_pattern&#8221;][vc_column][vc_separator type=&#8221;transparent&#8221; down=&#8221;60&#8243;][\/vc_column][\/vc_row]<\/p>\n","protected":false},"excerpt":{"rendered":"<p>[vc_row css_animation=&#8221;&#8221; row_type=&#8221;row&#8221; use_row_as_full_screen_section=&#8221;no&#8221; type=&#8221;full_width&#8221; angled_section=&#8221;no&#8221; text_align=&#8221;left&#8221; background_image_as_pattern=&#8221;without_pattern&#8221;][vc_column width=&#8221;1\/3&#8243;][vc_row_inner row_type=&#8221;row&#8221; type=&#8221;full_width&#8221; text_align=&#8221;left&#8221; css_animation=&#8221;&#8221;][vc_column_inner][\/vc_column_inner][\/vc_row_inner][\/vc_column][vc_column width=&#8221;2\/3&#8243;][vc_column_text]Las resoluciones disponibles son de Consejo Directivo, desde el 2011 Las de a\u00f1os anteriores o las del a\u00f1o en curso deber\u00e1n ser solicitadas personalmente en Mesa de Entradas de la Facultad.[\/vc_column_text][vc_separator type=&#8221;normal&#8221;][vc_column_text]Todos&#8230;<\/p>\n","protected":false},"author":1,"featured_media":0,"parent":0,"menu_order":0,"comment_status":"closed","ping_status":"closed","template":"","meta":{"_mi_skip_tracking":false},"yoast_head":"<!-- This site is optimized with the Yoast SEO plugin v17.7.1 - https:\/\/yoast.com\/wordpress\/plugins\/seo\/ -->\n<meta name=\"robots\" content=\"index, follow, max-snippet:-1, max-image-preview:large, max-video-preview:-1\" \/>\n<link rel=\"canonical\" href=\"https:\/\/faya.unse.edu.ar\/index.php\/resoluciones\/\" \/>\n<meta property=\"og:locale\" content=\"es_ES\" \/>\n<meta property=\"og:type\" content=\"article\" \/>\n<meta property=\"og:title\" content=\"Resoluciones | Facultad de Agronom\u00eda y Agroindustrias UNSE | FAyA UNSE\" \/>\n<meta property=\"og:description\" content=\"[vc_row css_animation=&#8221;&#8221; row_type=&#8221;row&#8221; use_row_as_full_screen_section=&#8221;no&#8221; type=&#8221;full_width&#8221; angled_section=&#8221;no&#8221; text_align=&#8221;left&#8221; background_image_as_pattern=&#8221;without_pattern&#8221;][vc_column width=&#8221;1\/3&#8243;][vc_row_inner row_type=&#8221;row&#8221; type=&#8221;full_width&#8221; text_align=&#8221;left&#8221; css_animation=&#8221;&#8221;][vc_column_inner][\/vc_column_inner][\/vc_row_inner][\/vc_column][vc_column width=&#8221;2\/3&#8243;][vc_column_text]Las resoluciones disponibles son de Consejo Directivo, desde el 2011 Las de a\u00f1os anteriores o las del a\u00f1o en curso deber\u00e1n ser solicitadas personalmente en Mesa de Entradas de la Facultad.[\/vc_column_text][vc_separator type=&#8221;normal&#8221;][vc_column_text]Todos...\" \/>\n<meta property=\"og:url\" content=\"https:\/\/faya.unse.edu.ar\/index.php\/resoluciones\/\" \/>\n<meta property=\"og:site_name\" content=\"Facultad de Agronom\u00eda y Agroindustrias UNSE | FAyA UNSE\" \/>\n<meta property=\"article:publisher\" content=\"https:\/\/www.facebook.com\/agroUNSE\/\" \/>\n<meta property=\"article:modified_time\" content=\"2019-07-30T11:03:56+00:00\" \/>\n<meta name=\"twitter:card\" content=\"summary_large_image\" \/>\n<meta name=\"twitter:site\" content=\"@fayaunse\" \/>\n<meta name=\"twitter:label1\" content=\"Tiempo de lectura\" \/>\n\t<meta name=\"twitter:data1\" content=\"1 minuto\" \/>\n<script type=\"application\/ld+json\" class=\"yoast-schema-graph\">{\"@context\":\"https:\/\/schema.org\",\"@graph\":[{\"@type\":\"WebSite\",\"@id\":\"https:\/\/faya.unse.edu.ar\/#website\",\"url\":\"https:\/\/faya.unse.edu.ar\/\",\"name\":\"Facultad de Agronom\\u00eda y Agroindustrias UNSE | FAyA UNSE\",\"description\":\"\",\"potentialAction\":[{\"@type\":\"SearchAction\",\"target\":{\"@type\":\"EntryPoint\",\"urlTemplate\":\"https:\/\/faya.unse.edu.ar\/?s={search_term_string}\"},\"query-input\":\"required name=search_term_string\"}],\"inLanguage\":\"es-AR\"},{\"@type\":\"WebPage\",\"@id\":\"https:\/\/faya.unse.edu.ar\/index.php\/resoluciones\/#webpage\",\"url\":\"https:\/\/faya.unse.edu.ar\/index.php\/resoluciones\/\",\"name\":\"Resoluciones | Facultad de Agronom\\u00eda y Agroindustrias UNSE | FAyA UNSE\",\"isPartOf\":{\"@id\":\"https:\/\/faya.unse.edu.ar\/#website\"},\"datePublished\":\"2018-07-02T14:22:50+00:00\",\"dateModified\":\"2019-07-30T11:03:56+00:00\",\"breadcrumb\":{\"@id\":\"https:\/\/faya.unse.edu.ar\/index.php\/resoluciones\/#breadcrumb\"},\"inLanguage\":\"es-AR\",\"potentialAction\":[{\"@type\":\"ReadAction\",\"target\":[\"https:\/\/faya.unse.edu.ar\/index.php\/resoluciones\/\"]}]},{\"@type\":\"BreadcrumbList\",\"@id\":\"https:\/\/faya.unse.edu.ar\/index.php\/resoluciones\/#breadcrumb\",\"itemListElement\":[{\"@type\":\"ListItem\",\"position\":1,\"name\":\"Home\",\"item\":\"https:\/\/faya.unse.edu.ar\/\"},{\"@type\":\"ListItem\",\"position\":2,\"name\":\"Resoluciones\"}]}]}<\/script>\n<!-- \/ Yoast SEO plugin. -->","yoast_head_json":{"robots":{"index":"index","follow":"follow","max-snippet":"max-snippet:-1","max-image-preview":"max-image-preview:large","max-video-preview":"max-video-preview:-1"},"canonical":"https:\/\/faya.unse.edu.ar\/index.php\/resoluciones\/","og_locale":"es_ES","og_type":"article","og_title":"Resoluciones | Facultad de Agronom\u00eda y Agroindustrias UNSE | FAyA UNSE","og_description":"[vc_row css_animation=&#8221;&#8221; row_type=&#8221;row&#8221; use_row_as_full_screen_section=&#8221;no&#8221; type=&#8221;full_width&#8221; angled_section=&#8221;no&#8221; text_align=&#8221;left&#8221; background_image_as_pattern=&#8221;without_pattern&#8221;][vc_column width=&#8221;1\/3&#8243;][vc_row_inner row_type=&#8221;row&#8221; type=&#8221;full_width&#8221; text_align=&#8221;left&#8221; css_animation=&#8221;&#8221;][vc_column_inner][\/vc_column_inner][\/vc_row_inner][\/vc_column][vc_column width=&#8221;2\/3&#8243;][vc_column_text]Las resoluciones disponibles son de Consejo Directivo, desde el 2011 Las de a\u00f1os anteriores o las del a\u00f1o en curso deber\u00e1n ser solicitadas personalmente en Mesa de Entradas de la Facultad.[\/vc_column_text][vc_separator type=&#8221;normal&#8221;][vc_column_text]Todos...","og_url":"https:\/\/faya.unse.edu.ar\/index.php\/resoluciones\/","og_site_name":"Facultad de Agronom\u00eda y Agroindustrias UNSE | FAyA UNSE","article_publisher":"https:\/\/www.facebook.com\/agroUNSE\/","article_modified_time":"2019-07-30T11:03:56+00:00","twitter_card":"summary_large_image","twitter_site":"@fayaunse","twitter_misc":{"Tiempo de lectura":"1 minuto"},"schema":{"@context":"https:\/\/schema.org","@graph":[{"@type":"WebSite","@id":"https:\/\/faya.unse.edu.ar\/#website","url":"https:\/\/faya.unse.edu.ar\/","name":"Facultad de Agronom\u00eda y Agroindustrias UNSE | FAyA UNSE","description":"","potentialAction":[{"@type":"SearchAction","target":{"@type":"EntryPoint","urlTemplate":"https:\/\/faya.unse.edu.ar\/?s={search_term_string}"},"query-input":"required name=search_term_string"}],"inLanguage":"es-AR"},{"@type":"WebPage","@id":"https:\/\/faya.unse.edu.ar\/index.php\/resoluciones\/#webpage","url":"https:\/\/faya.unse.edu.ar\/index.php\/resoluciones\/","name":"Resoluciones | Facultad de Agronom\u00eda y Agroindustrias UNSE | FAyA UNSE","isPartOf":{"@id":"https:\/\/faya.unse.edu.ar\/#website"},"datePublished":"2018-07-02T14:22:50+00:00","dateModified":"2019-07-30T11:03:56+00:00","breadcrumb":{"@id":"https:\/\/faya.unse.edu.ar\/index.php\/resoluciones\/#breadcrumb"},"inLanguage":"es-AR","potentialAction":[{"@type":"ReadAction","target":["https:\/\/faya.unse.edu.ar\/index.php\/resoluciones\/"]}]},{"@type":"BreadcrumbList","@id":"https:\/\/faya.unse.edu.ar\/index.php\/resoluciones\/#breadcrumb","itemListElement":[{"@type":"ListItem","position":1,"name":"Home","item":"https:\/\/faya.unse.edu.ar\/"},{"@type":"ListItem","position":2,"name":"Resoluciones"}]}]}},"_links":{"self":[{"href":"https:\/\/faya.unse.edu.ar\/index.php\/wp-json\/wp\/v2\/pages\/15948"}],"collection":[{"href":"https:\/\/faya.unse.edu.ar\/index.php\/wp-json\/wp\/v2\/pages"}],"about":[{"href":"https:\/\/faya.unse.edu.ar\/index.php\/wp-json\/wp\/v2\/types\/page"}],"author":[{"embeddable":true,"href":"https:\/\/faya.unse.edu.ar\/index.php\/wp-json\/wp\/v2\/users\/1"}],"replies":[{"embeddable":true,"href":"https:\/\/faya.unse.edu.ar\/index.php\/wp-json\/wp\/v2\/comments?post=15948"}],"version-history":[{"count":34,"href":"https:\/\/faya.unse.edu.ar\/index.php\/wp-json\/wp\/v2\/pages\/15948\/revisions"}],"predecessor-version":[{"id":20700,"href":"https:\/\/faya.unse.edu.ar\/index.php\/wp-json\/wp\/v2\/pages\/15948\/revisions\/20700"}],"wp:attachment":[{"href":"https:\/\/faya.unse.edu.ar\/index.php\/wp-json\/wp\/v2\/media?parent=15948"}],"curies":[{"name":"wp","href":"https:\/\/api.w.org\/{rel}","templated":true}]}}