{"id":16049,"date":"2018-09-15T12:01:38","date_gmt":"2018-09-15T15:01:38","guid":{"rendered":"http:\/\/faya.unse.edu.ar\/?page_id=16049"},"modified":"2026-04-22T12:02:43","modified_gmt":"2026-04-22T15:02:43","slug":"ingenieria-en-alimentos","status":"publish","type":"page","link":"https:\/\/faya.unse.edu.ar\/index.php\/carreras\/ingenieria-en-alimentos\/","title":{"rendered":"Ingenier\u00eda en Alimentos  |  Tecnicatura Universitaria en Emprendimientos Alimentarios"},"content":{"rendered":"\t\t<div data-elementor-type=\"wp-page\" data-elementor-id=\"16049\" class=\"elementor elementor-16049\" data-elementor-settings=\"[]\">\n\t\t\t\t\t\t\t<div class=\"elementor-section-wrap\">\n\t\t\t\t\t\t\t<section class=\"elementor-section elementor-top-section elementor-element elementor-element-ef908de elementor-section-boxed elementor-section-height-default elementor-section-height-default\" data-id=\"ef908de\" data-element_type=\"section\">\n\t\t\t\t\t\t<div class=\"elementor-container elementor-column-gap-default\">\n\t\t\t\t\t<div class=\"elementor-column elementor-col-100 elementor-top-column elementor-element elementor-element-d8f976a\" data-id=\"d8f976a\" data-element_type=\"column\">\n\t\t\t<div class=\"elementor-widget-wrap elementor-element-populated\">\n\t\t\t\t\t\t\t\t<section class=\"elementor-section elementor-inner-section elementor-element elementor-element-21b4e66 elementor-section-boxed elementor-section-height-default elementor-section-height-default\" data-id=\"21b4e66\" data-element_type=\"section\">\n\t\t\t\t\t\t<div class=\"elementor-container elementor-column-gap-default\">\n\t\t\t\t\t<div class=\"elementor-column elementor-col-50 elementor-inner-column elementor-element elementor-element-cc2d32f\" data-id=\"cc2d32f\" data-element_type=\"column\">\n\t\t\t<div class=\"elementor-widget-wrap elementor-element-populated\">\n\t\t\t\t\t\t\t\t<div class=\"elementor-element elementor-element-fae69b9 elementor-widget elementor-widget-text-editor\" data-id=\"fae69b9\" data-element_type=\"widget\" data-widget_type=\"text-editor.default\">\n\t\t\t\t<div class=\"elementor-widget-container\">\n\t\t\t\t\t\t\t<div class=\"wpb_text_column wpb_content_element \"><div class=\"wpb_wrapper\"><p>T\u00edtulo otorgado: <strong>Ingeniero\/a en Alimentos<\/strong><\/p><p>T\u00edtulo intermedio: <strong>T\u00e9cnico\/a Universitario\/a en Emprendimientos Alimentarios<\/strong><\/p><\/div><\/div><div class=\"wpb_text_column wpb_content_element \"><div class=\"wpb_wrapper\"><p>\u00a0<\/p><p>Duraci\u00f3n: 5 a\u00f1os<br \/><em>Carrera acreditada por CONEAU \u2013 Resoluci\u00f3n 371\/2014<\/em><\/p><\/div><\/div>\t\t\t\t\t\t<\/div>\n\t\t\t\t<\/div>\n\t\t\t\t<div class=\"elementor-element elementor-element-310b87f elementor-align-left elementor-widget elementor-widget-button\" data-id=\"310b87f\" data-element_type=\"widget\" data-widget_type=\"button.default\">\n\t\t\t\t<div class=\"elementor-widget-container\">\n\t\t\t\t\t<div class=\"elementor-button-wrapper\">\n\t\t\t<a href=\"https:\/\/drive.google.com\/drive\/folders\/1fH6P_6EyH99ydRhhkBShB8OerMklvggq?usp=drive_link\" target=\"_blank\" class=\"elementor-button-link elementor-button elementor-size-sm\" role=\"button\">\n\t\t\t\t\t\t<span class=\"elementor-button-content-wrapper\">\n\t\t\t\t\t\t<span class=\"elementor-button-icon elementor-align-icon-left\">\n\t\t\t\t<i aria-hidden=\"true\" class=\"fas fa-bookmark\"><\/i>\t\t\t<\/span>\n\t\t\t\t\t\t<span class=\"elementor-button-text\">PLAN DE ESTUDIOS 2024<\/span>\n\t\t<\/span>\n\t\t\t\t\t<\/a>\n\t\t<\/div>\n\t\t\t\t<\/div>\n\t\t\t\t<\/div>\n\t\t\t\t<div class=\"elementor-element elementor-element-2058f6c elementor-align-left elementor-widget elementor-widget-button\" data-id=\"2058f6c\" data-element_type=\"widget\" data-widget_type=\"button.default\">\n\t\t\t\t<div class=\"elementor-widget-container\">\n\t\t\t\t\t<div class=\"elementor-button-wrapper\">\n\t\t\t<a href=\"https:\/\/faya.unse.edu.ar\/wp-content\/uploads\/Res-CDFAA-064-2015-Aprueba-propuesta-unificacion-modif-Ing-Alim.pdf\" target=\"_blank\" class=\"elementor-button-link elementor-button elementor-size-sm\" role=\"button\">\n\t\t\t\t\t\t<span class=\"elementor-button-content-wrapper\">\n\t\t\t\t\t\t<span class=\"elementor-button-icon elementor-align-icon-left\">\n\t\t\t\t<i aria-hidden=\"true\" class=\"fas fa-bookmark\"><\/i>\t\t\t<\/span>\n\t\t\t\t\t\t<span class=\"elementor-button-text\">PLAN DE ESTUDIOS 2016<\/span>\n\t\t<\/span>\n\t\t\t\t\t<\/a>\n\t\t<\/div>\n\t\t\t\t<\/div>\n\t\t\t\t<\/div>\n\t\t\t\t<div class=\"elementor-element elementor-element-85866aa elementor-align-left elementor-widget elementor-widget-button\" data-id=\"85866aa\" data-element_type=\"widget\" data-widget_type=\"button.default\">\n\t\t\t\t<div class=\"elementor-widget-container\">\n\t\t\t\t\t<div class=\"elementor-button-wrapper\">\n\t\t\t<a href=\"https:\/\/drive.google.com\/drive\/folders\/1fH6P_6EyH99ydRhhkBShB8OerMklvggq?usp=drive_link\" target=\"_blank\" class=\"elementor-button-link elementor-button elementor-size-sm\" role=\"button\">\n\t\t\t\t\t\t<span class=\"elementor-button-content-wrapper\">\n\t\t\t\t\t\t<span class=\"elementor-button-icon elementor-align-icon-left\">\n\t\t\t\t<i aria-hidden=\"true\" class=\"fas fa-bookmark\"><\/i>\t\t\t<\/span>\n\t\t\t\t\t\t<span class=\"elementor-button-text\">PLAN DE ESTUDIOS 1998<\/span>\n\t\t<\/span>\n\t\t\t\t\t<\/a>\n\t\t<\/div>\n\t\t\t\t<\/div>\n\t\t\t\t<\/div>\n\t\t\t\t<div class=\"elementor-element elementor-element-ee949c5 elementor-widget elementor-widget-image\" data-id=\"ee949c5\" data-element_type=\"widget\" data-widget_type=\"image.default\">\n\t\t\t\t<div class=\"elementor-widget-container\">\n\t\t\t\t\t\t\t\t\t\t\t\t\t\t\t<img width=\"345\" height=\"198\" src=\"https:\/\/faya.unse.edu.ar\/wp-content\/uploads\/ing-aliment-345x198.png\" class=\"attachment-menu-featured-post size-menu-featured-post\" alt=\"\" loading=\"lazy\" \/>\t\t\t\t\t\t\t\t\t\t\t\t\t\t\t<\/div>\n\t\t\t\t<\/div>\n\t\t\t\t\t<\/div>\n\t\t<\/div>\n\t\t\t\t<div class=\"elementor-column elementor-col-50 elementor-inner-column elementor-element elementor-element-7a7ba5c\" data-id=\"7a7ba5c\" data-element_type=\"column\">\n\t\t\t<div class=\"elementor-widget-wrap elementor-element-populated\">\n\t\t\t\t\t\t\t\t<div class=\"elementor-element elementor-element-7d3b330 elementor-widget elementor-widget-accordion\" data-id=\"7d3b330\" data-element_type=\"widget\" data-widget_type=\"accordion.default\">\n\t\t\t\t<div class=\"elementor-widget-container\">\n\t\t\t\t\t<div class=\"elementor-accordion\" role=\"tablist\">\n\t\t\t\t\t\t\t<div class=\"elementor-accordion-item\">\n\t\t\t\t\t<div id=\"elementor-tab-title-1311\" class=\"elementor-tab-title\" data-tab=\"1\" role=\"tab\" aria-controls=\"elementor-tab-content-1311\" aria-expanded=\"false\">\n\t\t\t\t\t\t\t\t\t\t\t\t\t<span class=\"elementor-accordion-icon elementor-accordion-icon-left\" aria-hidden=\"true\">\n\t\t\t\t\t\t\t\t\t\t\t\t\t\t\t<span class=\"elementor-accordion-icon-closed\"><i class=\"fas fa-plus\"><\/i><\/span>\n\t\t\t\t\t\t\t\t<span class=\"elementor-accordion-icon-opened\"><i class=\"fas fa-minus\"><\/i><\/span>\n\t\t\t\t\t\t\t\t\t\t\t\t\t\t<\/span>\n\t\t\t\t\t\t\t\t\t\t\t\t<a class=\"elementor-accordion-title\" href=\"\">CAPACITADO PARA...<\/a>\n\t\t\t\t\t<\/div>\n\t\t\t\t\t<div id=\"elementor-tab-content-1311\" class=\"elementor-tab-content elementor-clearfix\" data-tab=\"1\" role=\"tabpanel\" aria-labelledby=\"elementor-tab-title-1311\"><ul><li class=\"Estilo4\">Intervenir en el dise\u00f1o, gesti\u00f3n y direcci\u00f3n de los Sistemas Productivos Agropecuarios, con criterio de eficiencia sustentabilidad y enfoque sist\u00e9mico.<\/li><li class=\"Estilo4\">Interpretar los problemas de los sistemas productivos y aplicar propuestas de soluci\u00f3n compatibles con los recursos disponibles.<\/li><li class=\"Estilo4\">Elaborar estrategias que permitan dar respuestas concretas y factibles ante la variada problem\u00e1tica relacionada con las necesidades de producci\u00f3n, gerenciales y de comercializaci\u00f3n. \u00b7<\/li><li class=\"Estilo4\">Actuar como agentes de cambio, movilizadores de las potencialidades regionales y comunitarias y, en general, como promotores del desarrollo.<\/li><li class=\"Estilo4\">Realizar estudios que permitan conocer, cartografiar y evaluar los recursos naturales en sus distintas facetas, utilizando todas las herramientas posibles que brinda la tecnolog\u00eda inform\u00e1tica y espacial.<\/li><li class=\"Estilo4\">Dise\u00f1ar y evaluar proyectos que permitan desarrollar las potencialidades de los recursos naturales de la comunidad local y regional.<\/li><li class=\"Estilo4\">Participar en la ejecuci\u00f3n de estudios y proyectos relacionados con la planificaci\u00f3n para el aprovechamiento de los recursos naturales con fundamentos cient\u00edficos y tecnol\u00f3gicos adecuados.<\/li><li class=\"Estilo4\">Racionalizar el uso de los recursos naturales, como forma de garantizar una producci\u00f3n sustentable, desde los puntos de vista econ\u00f3mico, ecol\u00f3gico y productivo, a trav\u00e9s de la reducci\u00f3n de costos y el aumento de la competitividad, a nivel local, regional y nacional.<\/li><li class=\"Estilo4\">Actuar y adecuar los servicios de capacitaci\u00f3n, transferencia de tecnolog\u00eda, administraci\u00f3n, cr\u00e9dito, desarrollo tecnol\u00f3gico e investigaci\u00f3n.<\/li><li class=\"Estilo4\">Proponer pol\u00edticas y legislaciones directamente relacionadas con la profesi\u00f3n en el marco del funcionamiento de las diversas instituciones del \u00e1rea.<\/li><li class=\"Estilo4\">Interactuar con las distintas instituciones p\u00fablicas y privadas de apoyo al desarrollo, estableciendo relaciones que permitan la integraci\u00f3n de profesionales afines en servicio a dichos medios.<\/li><li class=\"Estilo4\">Integrar equipos de trabajo para realizar estudios de investigaci\u00f3n de mercados y asumir con idoneidad profesional la planificaci\u00f3n de la producci\u00f3n y el proceso de comercializaci\u00f3n de los productos agropecuarios.<\/li><li class=\"Estilo4\">Integrar equipos de trabajo para realizar estudios de impacto ambiental de las actividades relacionadas con la profesi\u00f3n, tanto a nivel de estudio, proyectos, obras ejecutadas y durante los ciclos productivos.<\/li><li class=\"Estilo4\">Generar, adaptar, mejorar y modificar tecnolog\u00eda, de acuerdo con la disponibilidad de recursos productivos y las necesidades de mejoramiento de los recursos naturales.<ul><li class=\"Estilo4\">Capacitar y organizar a los productores y dem\u00e1s agentes del sistema agropecuario para ser protagonista de sus propias transformaciones e innovaciones tecnol\u00f3gicas, para mejorar su inserci\u00f3n en los mercados y su r\u00e1pida adecuaci\u00f3n a los nuevos escenarios en un mundo competitivo y\u00a0 din\u00e1mico en sus transformaciones.<\/li><\/ul><\/li><\/ul><\/div>\n\t\t\t\t<\/div>\n\t\t\t\t\t\t\t\t<\/div>\n\t\t\t\t<\/div>\n\t\t\t\t<\/div>\n\t\t\t\t\t<\/div>\n\t\t<\/div>\n\t\t\t\t\t\t\t<\/div>\n\t\t<\/section>\n\t\t\t\t<div class=\"elementor-element elementor-element-2061e5b elementor-widget elementor-widget-text-editor\" data-id=\"2061e5b\" data-element_type=\"widget\" data-widget_type=\"text-editor.default\">\n\t\t\t\t<div class=\"elementor-widget-container\">\n\t\t\t\t\t\t\t<p><strong>PROFESIONALES DE LA FAyA: INGENIER\u00cdA EN ALIMENTOS<\/strong><\/p>\t\t\t\t\t\t<\/div>\n\t\t\t\t<\/div>\n\t\t\t\t<div class=\"elementor-element elementor-element-ad9997e elementor-aspect-ratio-169 elementor-widget elementor-widget-video\" data-id=\"ad9997e\" data-element_type=\"widget\" data-settings=\"{&quot;youtube_url&quot;:&quot;https:\\\/\\\/youtu.be\\\/p5_izfd3jnw?si=bLLuo9E1A-QHX0fb&quot;,&quot;video_type&quot;:&quot;youtube&quot;,&quot;controls&quot;:&quot;yes&quot;,&quot;aspect_ratio&quot;:&quot;169&quot;}\" data-widget_type=\"video.default\">\n\t\t\t\t<div class=\"elementor-widget-container\">\n\t\t\t\t\t<div class=\"elementor-wrapper elementor-fit-aspect-ratio elementor-open-inline\">\n\t\t\t<div class=\"elementor-video\"><\/div>\t\t<\/div>\n\t\t\t\t<\/div>\n\t\t\t\t<\/div>\n\t\t\t\t\t<\/div>\n\t\t<\/div>\n\t\t\t\t\t\t\t<\/div>\n\t\t<\/section>\n\t\t\t\t\t\t<\/div>\n\t\t\t\t\t<\/div>\n\t\t","protected":false},"excerpt":{"rendered":"<p>T\u00edtulo otorgado: Ingeniero\/a en Alimentos T\u00edtulo intermedio: T\u00e9cnico\/a Universitario\/a en Emprendimientos Alimentarios \u00a0 Duraci\u00f3n: 5 a\u00f1osCarrera acreditada por CONEAU \u2013 Resoluci\u00f3n 371\/2014 PLAN DE ESTUDIOS 2024 PLAN DE ESTUDIOS 2016 PLAN DE ESTUDIOS 1998 CAPACITADO PARA&#8230; Intervenir en el dise\u00f1o, gesti\u00f3n y direcci\u00f3n de los&#8230;<\/p>\n","protected":false},"author":1,"featured_media":0,"parent":15265,"menu_order":0,"comment_status":"closed","ping_status":"closed","template":"","meta":{"_mi_skip_tracking":false},"yoast_head":"<!-- This site is optimized with the Yoast SEO plugin v17.7.1 - https:\/\/yoast.com\/wordpress\/plugins\/seo\/ -->\n<meta name=\"description\" content=\"Ven\u00ed a encontrar el futuro que quieres tener. Estudi\u00e1 Ingenier\u00eda en Alimentos en la FAyA. Preinscribite al Curso de Ingreso Regular 2020 de la FAyA-UNSE.\" \/>\n<meta name=\"robots\" content=\"index, follow, max-snippet:-1, max-image-preview:large, max-video-preview:-1\" \/>\n<link rel=\"canonical\" href=\"https:\/\/faya.unse.edu.ar\/index.php\/carreras\/ingenieria-en-alimentos\/\" \/>\n<meta property=\"og:locale\" content=\"es_ES\" \/>\n<meta property=\"og:type\" content=\"article\" \/>\n<meta property=\"og:title\" content=\"Ingenier\u00eda en Alimentos | Tecnicatura Universitaria en Emprendimientos Alimentarios | Estudi\u00e1 en la FAyA-UNSE\" \/>\n<meta property=\"og:description\" content=\"Ven\u00ed a encontrar el futuro que quieres tener. Estudi\u00e1 Ingenier\u00eda en Alimentos en la FAyA. Preinscribite al Curso de Ingreso Regular 2020 de la FAyA-UNSE.\" \/>\n<meta property=\"og:url\" content=\"https:\/\/faya.unse.edu.ar\/index.php\/carreras\/ingenieria-en-alimentos\/\" \/>\n<meta property=\"og:site_name\" content=\"Facultad de Agronom\u00eda y Agroindustrias UNSE | FAyA UNSE\" \/>\n<meta property=\"article:publisher\" content=\"https:\/\/www.facebook.com\/agroUNSE\/\" \/>\n<meta property=\"article:modified_time\" content=\"2026-04-22T15:02:43+00:00\" \/>\n<meta property=\"og:image\" content=\"https:\/\/faya.unse.edu.ar\/wp-content\/uploads\/ing-aliment-345x198.png\" \/>\n<meta name=\"twitter:card\" content=\"summary_large_image\" \/>\n<meta name=\"twitter:site\" content=\"@fayaunse\" \/>\n<meta name=\"twitter:label1\" content=\"Tiempo de lectura\" \/>\n\t<meta name=\"twitter:data1\" content=\"3 minutos\" \/>\n<script type=\"application\/ld+json\" class=\"yoast-schema-graph\">{\"@context\":\"https:\/\/schema.org\",\"@graph\":[{\"@type\":\"WebSite\",\"@id\":\"https:\/\/faya.unse.edu.ar\/#website\",\"url\":\"https:\/\/faya.unse.edu.ar\/\",\"name\":\"Facultad de Agronom\\u00eda y Agroindustrias UNSE | FAyA UNSE\",\"description\":\"\",\"potentialAction\":[{\"@type\":\"SearchAction\",\"target\":{\"@type\":\"EntryPoint\",\"urlTemplate\":\"https:\/\/faya.unse.edu.ar\/?s={search_term_string}\"},\"query-input\":\"required name=search_term_string\"}],\"inLanguage\":\"es-AR\"},{\"@type\":\"ImageObject\",\"@id\":\"https:\/\/faya.unse.edu.ar\/index.php\/carreras\/ingenieria-en-alimentos\/#primaryimage\",\"inLanguage\":\"es-AR\",\"url\":\"https:\/\/faya.unse.edu.ar\/wp-content\/uploads\/ing-aliment.png\",\"contentUrl\":\"https:\/\/faya.unse.edu.ar\/wp-content\/uploads\/ing-aliment.png\",\"width\":1080,\"height\":1080},{\"@type\":\"WebPage\",\"@id\":\"https:\/\/faya.unse.edu.ar\/index.php\/carreras\/ingenieria-en-alimentos\/#webpage\",\"url\":\"https:\/\/faya.unse.edu.ar\/index.php\/carreras\/ingenieria-en-alimentos\/\",\"name\":\"Ingenier\\u00eda en Alimentos | Tecnicatura Universitaria en Emprendimientos Alimentarios | Estudi\\u00e1 en la FAyA-UNSE\",\"isPartOf\":{\"@id\":\"https:\/\/faya.unse.edu.ar\/#website\"},\"primaryImageOfPage\":{\"@id\":\"https:\/\/faya.unse.edu.ar\/index.php\/carreras\/ingenieria-en-alimentos\/#primaryimage\"},\"datePublished\":\"2018-09-15T15:01:38+00:00\",\"dateModified\":\"2026-04-22T15:02:43+00:00\",\"description\":\"Ven\\u00ed a encontrar el futuro que quieres tener. Estudi\\u00e1 Ingenier\\u00eda en Alimentos en la FAyA. Preinscribite al Curso de Ingreso Regular 2020 de la FAyA-UNSE.\",\"breadcrumb\":{\"@id\":\"https:\/\/faya.unse.edu.ar\/index.php\/carreras\/ingenieria-en-alimentos\/#breadcrumb\"},\"inLanguage\":\"es-AR\",\"potentialAction\":[{\"@type\":\"ReadAction\",\"target\":[\"https:\/\/faya.unse.edu.ar\/index.php\/carreras\/ingenieria-en-alimentos\/\"]}]},{\"@type\":\"BreadcrumbList\",\"@id\":\"https:\/\/faya.unse.edu.ar\/index.php\/carreras\/ingenieria-en-alimentos\/#breadcrumb\",\"itemListElement\":[{\"@type\":\"ListItem\",\"position\":1,\"name\":\"Home\",\"item\":\"https:\/\/faya.unse.edu.ar\/\"},{\"@type\":\"ListItem\",\"position\":2,\"name\":\"Carreras\",\"item\":\"https:\/\/faya.unse.edu.ar\/index.php\/carreras\/\"},{\"@type\":\"ListItem\",\"position\":3,\"name\":\"Ingenier\\u00eda en Alimentos | Tecnicatura Universitaria en Emprendimientos Alimentarios\"}]}]}<\/script>\n<!-- \/ Yoast SEO plugin. -->","yoast_head_json":{"description":"Ven\u00ed a encontrar el futuro que quieres tener. Estudi\u00e1 Ingenier\u00eda en Alimentos en la FAyA. Preinscribite al Curso de Ingreso Regular 2020 de la FAyA-UNSE.","robots":{"index":"index","follow":"follow","max-snippet":"max-snippet:-1","max-image-preview":"max-image-preview:large","max-video-preview":"max-video-preview:-1"},"canonical":"https:\/\/faya.unse.edu.ar\/index.php\/carreras\/ingenieria-en-alimentos\/","og_locale":"es_ES","og_type":"article","og_title":"Ingenier\u00eda en Alimentos | Tecnicatura Universitaria en Emprendimientos Alimentarios | Estudi\u00e1 en la FAyA-UNSE","og_description":"Ven\u00ed a encontrar el futuro que quieres tener. Estudi\u00e1 Ingenier\u00eda en Alimentos en la FAyA. Preinscribite al Curso de Ingreso Regular 2020 de la FAyA-UNSE.","og_url":"https:\/\/faya.unse.edu.ar\/index.php\/carreras\/ingenieria-en-alimentos\/","og_site_name":"Facultad de Agronom\u00eda y Agroindustrias UNSE | FAyA UNSE","article_publisher":"https:\/\/www.facebook.com\/agroUNSE\/","article_modified_time":"2026-04-22T15:02:43+00:00","og_image":[{"url":"https:\/\/faya.unse.edu.ar\/wp-content\/uploads\/ing-aliment-345x198.png"}],"twitter_card":"summary_large_image","twitter_site":"@fayaunse","twitter_misc":{"Tiempo de lectura":"3 minutos"},"schema":{"@context":"https:\/\/schema.org","@graph":[{"@type":"WebSite","@id":"https:\/\/faya.unse.edu.ar\/#website","url":"https:\/\/faya.unse.edu.ar\/","name":"Facultad de Agronom\u00eda y Agroindustrias UNSE | FAyA UNSE","description":"","potentialAction":[{"@type":"SearchAction","target":{"@type":"EntryPoint","urlTemplate":"https:\/\/faya.unse.edu.ar\/?s={search_term_string}"},"query-input":"required name=search_term_string"}],"inLanguage":"es-AR"},{"@type":"ImageObject","@id":"https:\/\/faya.unse.edu.ar\/index.php\/carreras\/ingenieria-en-alimentos\/#primaryimage","inLanguage":"es-AR","url":"https:\/\/faya.unse.edu.ar\/wp-content\/uploads\/ing-aliment.png","contentUrl":"https:\/\/faya.unse.edu.ar\/wp-content\/uploads\/ing-aliment.png","width":1080,"height":1080},{"@type":"WebPage","@id":"https:\/\/faya.unse.edu.ar\/index.php\/carreras\/ingenieria-en-alimentos\/#webpage","url":"https:\/\/faya.unse.edu.ar\/index.php\/carreras\/ingenieria-en-alimentos\/","name":"Ingenier\u00eda en Alimentos | Tecnicatura Universitaria en Emprendimientos Alimentarios | Estudi\u00e1 en la FAyA-UNSE","isPartOf":{"@id":"https:\/\/faya.unse.edu.ar\/#website"},"primaryImageOfPage":{"@id":"https:\/\/faya.unse.edu.ar\/index.php\/carreras\/ingenieria-en-alimentos\/#primaryimage"},"datePublished":"2018-09-15T15:01:38+00:00","dateModified":"2026-04-22T15:02:43+00:00","description":"Ven\u00ed a encontrar el futuro que quieres tener. Estudi\u00e1 Ingenier\u00eda en Alimentos en la FAyA. Preinscribite al Curso de Ingreso Regular 2020 de la FAyA-UNSE.","breadcrumb":{"@id":"https:\/\/faya.unse.edu.ar\/index.php\/carreras\/ingenieria-en-alimentos\/#breadcrumb"},"inLanguage":"es-AR","potentialAction":[{"@type":"ReadAction","target":["https:\/\/faya.unse.edu.ar\/index.php\/carreras\/ingenieria-en-alimentos\/"]}]},{"@type":"BreadcrumbList","@id":"https:\/\/faya.unse.edu.ar\/index.php\/carreras\/ingenieria-en-alimentos\/#breadcrumb","itemListElement":[{"@type":"ListItem","position":1,"name":"Home","item":"https:\/\/faya.unse.edu.ar\/"},{"@type":"ListItem","position":2,"name":"Carreras","item":"https:\/\/faya.unse.edu.ar\/index.php\/carreras\/"},{"@type":"ListItem","position":3,"name":"Ingenier\u00eda en Alimentos | Tecnicatura Universitaria en Emprendimientos Alimentarios"}]}]}},"_links":{"self":[{"href":"https:\/\/faya.unse.edu.ar\/index.php\/wp-json\/wp\/v2\/pages\/16049"}],"collection":[{"href":"https:\/\/faya.unse.edu.ar\/index.php\/wp-json\/wp\/v2\/pages"}],"about":[{"href":"https:\/\/faya.unse.edu.ar\/index.php\/wp-json\/wp\/v2\/types\/page"}],"author":[{"embeddable":true,"href":"https:\/\/faya.unse.edu.ar\/index.php\/wp-json\/wp\/v2\/users\/1"}],"replies":[{"embeddable":true,"href":"https:\/\/faya.unse.edu.ar\/index.php\/wp-json\/wp\/v2\/comments?post=16049"}],"version-history":[{"count":30,"href":"https:\/\/faya.unse.edu.ar\/index.php\/wp-json\/wp\/v2\/pages\/16049\/revisions"}],"predecessor-version":[{"id":36354,"href":"https:\/\/faya.unse.edu.ar\/index.php\/wp-json\/wp\/v2\/pages\/16049\/revisions\/36354"}],"up":[{"embeddable":true,"href":"https:\/\/faya.unse.edu.ar\/index.php\/wp-json\/wp\/v2\/pages\/15265"}],"wp:attachment":[{"href":"https:\/\/faya.unse.edu.ar\/index.php\/wp-json\/wp\/v2\/media?parent=16049"}],"curies":[{"name":"wp","href":"https:\/\/api.w.org\/{rel}","templated":true}]}}