{"id":16215,"date":"2018-09-18T22:00:09","date_gmt":"2018-09-19T01:00:09","guid":{"rendered":"http:\/\/faya.unse.edu.ar\/?page_id=16215"},"modified":"2024-04-24T13:01:43","modified_gmt":"2024-04-24T16:01:43","slug":"licenciatura-en-biotecnologia","status":"publish","type":"page","link":"https:\/\/faya.unse.edu.ar\/index.php\/carreras\/licenciatura-en-biotecnologia\/","title":{"rendered":"Licenciatura en Biotecnolog\u00eda"},"content":{"rendered":"<p>[vc_row css_animation=&#8221;&#8221; row_type=&#8221;row&#8221; use_row_as_full_screen_section=&#8221;no&#8221; type=&#8221;full_width&#8221; angled_section=&#8221;no&#8221; text_align=&#8221;left&#8221; background_image_as_pattern=&#8221;without_pattern&#8221;][vc_column offset=&#8221;vc_hidden-lg vc_hidden-md vc_hidden-sm&#8221;][vc_single_image image=&#8221;25344&#8243; img_size=&#8221;full&#8221; alignment=&#8221;center&#8221; onclick=&#8221;custom_link&#8221; qode_css_animation=&#8221;&#8221; link=&#8221;http:\/\/estudiaenlafaya.com.ar\/#biotec&#8221;][\/vc_column][\/vc_row][vc_row css_animation=&#8221;&#8221; row_type=&#8221;row&#8221; use_row_as_full_screen_section=&#8221;no&#8221; type=&#8221;full_width&#8221; angled_section=&#8221;no&#8221; text_align=&#8221;left&#8221; background_image_as_pattern=&#8221;without_pattern&#8221;][vc_column width=&#8221;1\/4&#8243; css=&#8221;.vc_custom_1564489205591{padding-right: 10px !important;}&#8221;][vc_separator type=&#8221;transparent&#8221; down=&#8221;20&#8243;][vc_column_text]<\/p>\n<h3>Duraci\u00f3n: 5 a\u00f1os<\/h3>\n<p>T\u00edtulo otorgado: Licenciado en Biotecnolog\u00eda[\/vc_column_text][vc_column_text]<a href=\"https:\/\/faya.unse.edu.ar\/wp-content\/uploads\/016-19.pdf\"><span style=\"color: #9e3820;\"><strong>Solicitud de Aprobaci\u00f3n de Innovaci\u00f3n Curricular (Res. C.D.F.A.A. N\u00b0 016\/2019)<\/strong><\/span><\/a>[\/vc_column_text][vc_separator type=&#8221;transparent&#8221; down=&#8221;20&#8243;]<a  itemprop=\"url\" href=\"http:\/\/estudiaenlafaya.com.ar\/#biotec\" target=\"_blank\"  class=\"qbutton  default\" style=\"\">Ver Plan de estudio<\/a>[vc_separator type=&#8221;transparent&#8221; down=&#8221;40&#8243;]<a  itemprop=\"url\" href=\"http:\/\/estudiaenlafaya.com.ar\/\" target=\"_blank\"  class=\"qbutton  default\" style=\"\">Ingreso<\/a>[\/vc_column][vc_column width=&#8221;3\/4&#8243;]<div class=\"qode-accordion-holder clearfix qode-accordion qode-initial \">\n\t<h4 class=\"clearfix qode-title-holder\">\n<span class=\"qode-tab-title\">\n\t    <span class=\"qode-tab-title-inner\">\n        Perfil    <\/span>\n<\/span>\n<span class=\"qode-accordion-mark\">\n    <span class=\"qode-accordion-mark-icon\">\n        <span class=\"icon_plus\"><\/span>\n        <span class=\"icon_minus-06\"><\/span>\n    <\/span>\n<\/span>\n<\/h4>\n<div class=\"qode-accordion-content \" >\n    <div class=\"qode-accordion-content-inner\">\n        [vc_column_text]El Licenciado en Biotecnolog\u00eda es un graduado universitario que posee un conocimiento profundo de las materias de formaci\u00f3n b\u00e1sica, a saber: Qu\u00edmica, F\u00edsica, Matem\u00e1tica y Biolog\u00eda y las directamente aplicables a Biotecnolog\u00eda, como Qu\u00edmica Biol\u00f3gica, Biolog\u00eda Molecular, Biolog\u00eda Celular, Gen\u00e9tica y Microbiolog\u00eda. Adem\u00e1s posee conocimientos te\u00f3ricos pr\u00e1cticos en Biotecnolog\u00eda con una formaci\u00f3n en la investigaci\u00f3n cient\u00edfica \u2013 tecnol\u00f3gica adquirida a trav\u00e9s de las pr\u00e1cticas en laboratorios de investigaci\u00f3n o empresas relacionadas a biotecnolog\u00eda. Estas actividades se llevar\u00e1n a cabo en el \u00faltimo a\u00f1o de carrera y los\u00a0 resultados constituir\u00e1n el trabajo final de licenciatura.<\/p>\n<p>Posee capacidad interdisciplinaria para interpretar, ejecutar, modificar y\/o desarrollar metodolog\u00edas de trabajo en el \u00c1rea Biotecnol\u00f3gica de la producci\u00f3n animal, vegetal y procesos biotecnol\u00f3gicos, incluyendo la extracci\u00f3n, purificaci\u00f3n, modificaci\u00f3n y conservaci\u00f3n de macromol\u00e9culas de importancia biol\u00f3gica, como prote\u00ednas y \u00e1cidos nucleicos, m\u00e9todos generales de microbiolog\u00eda, incluyendo cultivo y modificaci\u00f3n gen\u00e9tica de microorganismos, cultivos de c\u00e9lulas animales y vegetales, manipulaci\u00f3n de embriones, genes y obtenci\u00f3n de organismos transg\u00e9nicos. Posee la capacidad del uso y transferencia del conocimiento cient\u00edfico y tecnol\u00f3gico y compromiso \u00e9tico.<br \/>\nPosee destrezas para el manejo de materiales, instrumental y equipos adecuados para lograr una apoyatura t\u00e9cnica acorde con el estado actual de la especialidad y conforme a las normas de tecnol\u00f3gicas y de seguridad biol\u00f3gica y biotecnol\u00f3gica.<\/p>\n<p>Es capaz de organizar, dirigir y ejecutar las tareas del laboratorio biotecnol\u00f3gico, y de dise\u00f1ar la metodolog\u00eda de trabajo a utilizar[\/vc_column_text]    <\/div>\n<\/div><h4 class=\"clearfix qode-title-holder\">\n<span class=\"qode-tab-title\">\n\t    <span class=\"qode-tab-title-inner\">\n        Convenios y Acuerdos    <\/span>\n<\/span>\n<span class=\"qode-accordion-mark\">\n    <span class=\"qode-accordion-mark-icon\">\n        <span class=\"icon_plus\"><\/span>\n        <span class=\"icon_minus-06\"><\/span>\n    <\/span>\n<\/span>\n<\/h4>\n<div class=\"qode-accordion-content \" >\n    <div class=\"qode-accordion-content-inner\">\n        [vc_column_text]<div class='jtrt_table_MotherShipContainer'><div class='jtTableContainer jtrespo-scroll  ' ><div class='jtsettingcontainer' style='display:none;position:absolute;left:-9999px;'><textarea data-jtrt-table-id='21701' id='jtrt_table_settings_21701' cols='30' rows='10'>[[[\"CONVENIOS\",\"DESCARGAR\"],[\"Convenio Espec\\u00edfico de Cooperaci\\u00f3n T\\u00e9cnica entre la Empresa de Servicios Aguas de Santiago S.A y la Facultad de Agronom\\u00eda y Agroindustrias de la Universidad Nacional de Santiago del Estero\",\"<a href='http:\\\/\\\/faya.unse.edu.ar\\\/wp-content\\\/uploads\\\/Convenio-Aguas-de-Santiago-FAyA.pdf'>Descargar<\\\/a>\"],[\"Convenio Marco de Cooperaci\\u00f3n Cient\\u00edfica T\\u00e9cnica la Escuela de Educaci\\u00f3n T\\u00e9cnica N\\u00b01 y la Facultad de Agronom\\u00eda y Agroindustrias de la Universidad Nacional de Santiago del Estero\",\"<a href='http:\\\/\\\/faya.unse.edu.ar\\\/wp-content\\\/uploads\\\/Convenio-Esc.-Educacion-Tecnica-1.pdf'>Descargar<\\\/a>\"],[\"Convenio de Comisi\\u00f3n de Estudios entre la Universidad Nacional de Santiago del Estero y el Instituto Nacional de tecnolog\\u00eda Agropecuaria\",\"<a href='http:\\\/\\\/faya.unse.edu.ar\\\/wp-content\\\/uploads\\\/Convenio-Comision-de-estudios-INTA-UNSE.pdf'>Descargar<\\\/a>\"],[\"Convenio Marco de Cooperaci\\u00f3n Cient\\u00edfica T\\u00e9cnica Municipalidad de Quimil\\u00ed y Facultad de Agronom\\u00faa y Agroindustrias de la Universidad Nacional de Santiago del Estero\",\"<a href='http:\\\/\\\/faya.unse.edu.ar\\\/wp-content\\\/uploads\\\/Convenio-Municipalidad-Quimili.pdf'>Descargar<\\\/a>\"],[\"Convenio Marco de Cooperaci\\u00f3n Cient\\u00edfica T\\u00e9cnica Caba\\u00f1a \\\"La Legua\\\" y Facultad de Agronom\\u00faa y Agroindustrias de la Universidad Nacional de Santiago del Estero\",\"<a href='http:\\\/\\\/faya.unse.edu.ar\\\/wp-content\\\/uploads\\\/Convenio-La-Legua.pdf'>Descargar<\\\/a>\"],[\"Iniciativas de Transferencias de Innovaci\\u00f3n (I.T.I) Asociaci\\u00f3n Ad Hoc\",\"<a href='http:\\\/\\\/faya.unse.edu.ar\\\/wp-content\\\/uploads\\\/Acuerdo-continuidad-ITI-Albigasta.pdf'>Descargar<\\\/a>\"],[\"Acuerdo Espec\\u00edfico de Cooperaci\\u00f3n T\\u00e9cnica entre Cooperativa Agropecuaria de Transformaci\\u00f3n y Comercializaci\\u00f3n Loreto Limitada y la Facultad de Agronom\\u00eda y Agroindustrias de la Universidad Nacional de Santiago del Estero\",\"<a href='http:\\\/\\\/faya.unse.edu.ar\\\/wp-content\\\/uploads\\\/Acuerdo-Coop.-Agropecuaria-Loreto-Ltda.pdf'>Descargar<\\\/a>\"],[\"Acuerdo de Cooperaci\\u00f3n Cient\\u00edfica T\\u00e9cnica entre VILUCO S.A y la Facultad de Agronom\\u00eda y Agroindustrias de la Universidad Nacional de Santiago del Estero\",\"<a href='http:\\\/\\\/faya.unse.edu.ar\\\/wp-content\\\/uploads\\\/Acuerdo-VILUCO-SA.pdf'>Descargar<\\\/a>\"]],[{\"row\":0,\"col\":0,\"visualRow\":0,\"visualCol\":0,\"prop\":0,\"jtcellstyle\":{\"font-weight\":\"bold\"}},{\"row\":0,\"col\":1,\"visualRow\":0,\"visualCol\":1,\"prop\":1,\"jtcellstyle\":{\"font-weight\":\"bold\"}},{\"row\":1,\"col\":0,\"visualRow\":1,\"visualCol\":0,\"prop\":0},{\"row\":1,\"col\":1,\"visualRow\":1,\"visualCol\":1,\"prop\":1,\"jtcellstyle\":{\"font-weight\":\"bold\"}},{\"row\":2,\"col\":0,\"visualRow\":2,\"visualCol\":0,\"prop\":0},{\"row\":2,\"col\":1,\"visualRow\":2,\"visualCol\":1,\"prop\":1,\"jtcellstyle\":{\"font-weight\":\"bold\"}},{\"row\":3,\"col\":0,\"visualRow\":3,\"visualCol\":0,\"prop\":0},{\"row\":3,\"col\":1,\"visualRow\":3,\"visualCol\":1,\"prop\":1,\"jtcellstyle\":{\"font-weight\":\"bold\"}},{\"row\":4,\"col\":0,\"visualRow\":4,\"visualCol\":0,\"prop\":0},{\"row\":4,\"col\":1,\"visualRow\":4,\"visualCol\":1,\"prop\":1,\"jtcellstyle\":{\"font-weight\":\"bold\"}},{\"row\":5,\"col\":0,\"visualRow\":5,\"visualCol\":0,\"prop\":0},{\"row\":5,\"col\":1,\"visualRow\":5,\"visualCol\":1,\"prop\":1,\"jtcellstyle\":{\"font-weight\":\"bold\"}},{\"row\":6,\"col\":0,\"visualRow\":6,\"visualCol\":0,\"prop\":0},{\"row\":6,\"col\":1,\"visualRow\":6,\"visualCol\":1,\"prop\":1,\"jtcellstyle\":{\"font-weight\":\"bold\"}},{\"row\":7,\"col\":0,\"visualRow\":7,\"visualCol\":0,\"prop\":0},{\"row\":7,\"col\":1,\"visualRow\":7,\"visualCol\":1,\"prop\":1,\"jtcellstyle\":{\"font-weight\":\"bold\"}},{\"row\":8,\"col\":0,\"visualRow\":8,\"visualCol\":0,\"prop\":0},{\"row\":8,\"col\":1,\"visualRow\":8,\"visualCol\":1,\"prop\":1,\"jtcellstyle\":{\"font-weight\":\"bold\"}}],[],[]]<\/textarea><textarea data-jtrt-table-id='21701' id='jtrt_table_bps_21701' cols='30' rows='10'>[]<\/textarea><\/div><table id='jtrt_table_21701' data-sorting='false' data-paging='false' data-paging-size='10' data-paging-menu='10,25,50,100' data-filtering='false' data-jtrt-table-id='21701' class='jtrt-table  ' ><thead><tr><th>CONVENIOS<\/th><th>DESCARGAR<\/th><\/tr><\/thead><tbody><tr><td>Convenio Espec\u00edfico de Cooperaci\u00f3n T\u00e9cnica entre la Empresa de Servicios Aguas de Santiago S.A y la Facultad de Agronom\u00eda y Agroindustrias de la Universidad Nacional de Santiago del Estero<\/td><td><a href='http:\/\/faya.unse.edu.ar\/wp-content\/uploads\/Convenio-Aguas-de-Santiago-FAyA.pdf'>Descargar<\/a><\/td><\/tr><tr><td>Convenio Marco de Cooperaci\u00f3n Cient\u00edfica T\u00e9cnica la Escuela de Educaci\u00f3n T\u00e9cnica N\u00b01 y la Facultad de Agronom\u00eda y Agroindustrias de la Universidad Nacional de Santiago del Estero<\/td><td><a href='http:\/\/faya.unse.edu.ar\/wp-content\/uploads\/Convenio-Esc.-Educacion-Tecnica-1.pdf'>Descargar<\/a><\/td><\/tr><tr><td>Convenio de Comisi\u00f3n de Estudios entre la Universidad Nacional de Santiago del Estero y el Instituto Nacional de tecnolog\u00eda Agropecuaria<\/td><td><a href='http:\/\/faya.unse.edu.ar\/wp-content\/uploads\/Convenio-Comision-de-estudios-INTA-UNSE.pdf'>Descargar<\/a><\/td><\/tr><tr><td>Convenio Marco de Cooperaci\u00f3n Cient\u00edfica T\u00e9cnica Municipalidad de Quimil\u00ed y Facultad de Agronom\u00faa y Agroindustrias de la Universidad Nacional de Santiago del Estero<\/td><td><a href='http:\/\/faya.unse.edu.ar\/wp-content\/uploads\/Convenio-Municipalidad-Quimili.pdf'>Descargar<\/a><\/td><\/tr><tr><td>Convenio Marco de Cooperaci\u00f3n Cient\u00edfica T\u00e9cnica Caba\u00f1a \"La Legua\" y Facultad de Agronom\u00faa y Agroindustrias de la Universidad Nacional de Santiago del Estero<\/td><td><a href='http:\/\/faya.unse.edu.ar\/wp-content\/uploads\/Convenio-La-Legua.pdf'>Descargar<\/a><\/td><\/tr><tr><td>Iniciativas de Transferencias de Innovaci\u00f3n (I.T.I) Asociaci\u00f3n Ad Hoc<\/td><td><a href='http:\/\/faya.unse.edu.ar\/wp-content\/uploads\/Acuerdo-continuidad-ITI-Albigasta.pdf'>Descargar<\/a><\/td><\/tr><tr><td>Acuerdo Espec\u00edfico de Cooperaci\u00f3n T\u00e9cnica entre Cooperativa Agropecuaria de Transformaci\u00f3n y Comercializaci\u00f3n Loreto Limitada y la Facultad de Agronom\u00eda y Agroindustrias de la Universidad Nacional de Santiago del Estero<\/td><td><a href='http:\/\/faya.unse.edu.ar\/wp-content\/uploads\/Acuerdo-Coop.-Agropecuaria-Loreto-Ltda.pdf'>Descargar<\/a><\/td><\/tr><tr><td>Acuerdo de Cooperaci\u00f3n Cient\u00edfica T\u00e9cnica entre VILUCO S.A y la Facultad de Agronom\u00eda y Agroindustrias de la Universidad Nacional de Santiago del Estero<\/td><td><a href='http:\/\/faya.unse.edu.ar\/wp-content\/uploads\/Acuerdo-VILUCO-SA.pdf'>Descargar<\/a><\/td><\/tr><\/tbody><\/table><\/div><\/div>[\/vc_column_text]    <\/div>\n<\/div><\/div>[vc_separator type=&#8221;transparent&#8221; up=&#8221;40&#8243;][\/vc_column][\/vc_row]<\/p>\n","protected":false},"excerpt":{"rendered":"<p>[vc_row css_animation=&#8221;&#8221; row_type=&#8221;row&#8221; use_row_as_full_screen_section=&#8221;no&#8221; type=&#8221;full_width&#8221; angled_section=&#8221;no&#8221; text_align=&#8221;left&#8221; background_image_as_pattern=&#8221;without_pattern&#8221;][vc_column offset=&#8221;vc_hidden-lg vc_hidden-md vc_hidden-sm&#8221;][vc_single_image image=&#8221;25344&#8243; img_size=&#8221;full&#8221; alignment=&#8221;center&#8221; onclick=&#8221;custom_link&#8221; qode_css_animation=&#8221;&#8221; link=&#8221;http:\/\/estudiaenlafaya.com.ar\/#biotec&#8221;][\/vc_column][\/vc_row][vc_row css_animation=&#8221;&#8221; row_type=&#8221;row&#8221; use_row_as_full_screen_section=&#8221;no&#8221; type=&#8221;full_width&#8221; angled_section=&#8221;no&#8221; text_align=&#8221;left&#8221; background_image_as_pattern=&#8221;without_pattern&#8221;][vc_column width=&#8221;1\/4&#8243; css=&#8221;.vc_custom_1564489205591{padding-right: 10px !important;}&#8221;][vc_separator type=&#8221;transparent&#8221; down=&#8221;20&#8243;][vc_column_text] Duraci\u00f3n: 5 a\u00f1os T\u00edtulo otorgado: Licenciado en Biotecnolog\u00eda[\/vc_column_text][vc_column_text]Solicitud de Aprobaci\u00f3n de Innovaci\u00f3n Curricular (Res. C.D.F.A.A&#8230;.<\/p>\n","protected":false},"author":1,"featured_media":0,"parent":15265,"menu_order":0,"comment_status":"closed","ping_status":"closed","template":"","meta":{"_mi_skip_tracking":false},"yoast_head":"<!-- This site is optimized with the Yoast SEO plugin v17.7.1 - https:\/\/yoast.com\/wordpress\/plugins\/seo\/ -->\n<meta name=\"description\" content=\"Ven\u00ed a encontrar el futuro que quieres tener. Estudi\u00e1 Lic. en Biotecnolog\u00eda en la FAyA. Preinscribite al Curso de Ingreso Regular 2020 de la FAyA-UNSE.\" \/>\n<meta name=\"robots\" content=\"index, follow, max-snippet:-1, max-image-preview:large, max-video-preview:-1\" \/>\n<link rel=\"canonical\" href=\"https:\/\/faya.unse.edu.ar\/index.php\/carreras\/licenciatura-en-biotecnologia\/\" \/>\n<meta property=\"og:locale\" content=\"es_ES\" \/>\n<meta property=\"og:type\" content=\"article\" \/>\n<meta property=\"og:title\" content=\"Licenciatura en Biotecnolog\u00eda | Estudi\u00e1 en la FAyA-UNSE\" \/>\n<meta property=\"og:description\" content=\"Ven\u00ed a encontrar el futuro que quieres tener. Estudi\u00e1 Lic. en Biotecnolog\u00eda en la FAyA. Preinscribite al Curso de Ingreso Regular 2020 de la FAyA-UNSE.\" \/>\n<meta property=\"og:url\" content=\"https:\/\/faya.unse.edu.ar\/index.php\/carreras\/licenciatura-en-biotecnologia\/\" \/>\n<meta property=\"og:site_name\" content=\"Facultad de Agronom\u00eda y Agroindustrias UNSE | FAyA UNSE\" \/>\n<meta property=\"article:publisher\" content=\"https:\/\/www.facebook.com\/agroUNSE\/\" \/>\n<meta property=\"article:modified_time\" content=\"2024-04-24T16:01:43+00:00\" \/>\n<meta name=\"twitter:card\" content=\"summary_large_image\" \/>\n<meta name=\"twitter:site\" content=\"@fayaunse\" \/>\n<meta name=\"twitter:label1\" content=\"Tiempo de lectura\" \/>\n\t<meta name=\"twitter:data1\" content=\"2 minutos\" \/>\n<script type=\"application\/ld+json\" class=\"yoast-schema-graph\">{\"@context\":\"https:\/\/schema.org\",\"@graph\":[{\"@type\":\"WebSite\",\"@id\":\"https:\/\/faya.unse.edu.ar\/#website\",\"url\":\"https:\/\/faya.unse.edu.ar\/\",\"name\":\"Facultad de Agronom\\u00eda y Agroindustrias UNSE | FAyA UNSE\",\"description\":\"\",\"potentialAction\":[{\"@type\":\"SearchAction\",\"target\":{\"@type\":\"EntryPoint\",\"urlTemplate\":\"https:\/\/faya.unse.edu.ar\/?s={search_term_string}\"},\"query-input\":\"required name=search_term_string\"}],\"inLanguage\":\"es-AR\"},{\"@type\":\"WebPage\",\"@id\":\"https:\/\/faya.unse.edu.ar\/index.php\/carreras\/licenciatura-en-biotecnologia\/#webpage\",\"url\":\"https:\/\/faya.unse.edu.ar\/index.php\/carreras\/licenciatura-en-biotecnologia\/\",\"name\":\"Licenciatura en Biotecnolog\\u00eda | Estudi\\u00e1 en la FAyA-UNSE\",\"isPartOf\":{\"@id\":\"https:\/\/faya.unse.edu.ar\/#website\"},\"datePublished\":\"2018-09-19T01:00:09+00:00\",\"dateModified\":\"2024-04-24T16:01:43+00:00\",\"description\":\"Ven\\u00ed a encontrar el futuro que quieres tener. Estudi\\u00e1 Lic. en Biotecnolog\\u00eda en la FAyA. Preinscribite al Curso de Ingreso Regular 2020 de la FAyA-UNSE.\",\"breadcrumb\":{\"@id\":\"https:\/\/faya.unse.edu.ar\/index.php\/carreras\/licenciatura-en-biotecnologia\/#breadcrumb\"},\"inLanguage\":\"es-AR\",\"potentialAction\":[{\"@type\":\"ReadAction\",\"target\":[\"https:\/\/faya.unse.edu.ar\/index.php\/carreras\/licenciatura-en-biotecnologia\/\"]}]},{\"@type\":\"BreadcrumbList\",\"@id\":\"https:\/\/faya.unse.edu.ar\/index.php\/carreras\/licenciatura-en-biotecnologia\/#breadcrumb\",\"itemListElement\":[{\"@type\":\"ListItem\",\"position\":1,\"name\":\"Home\",\"item\":\"https:\/\/faya.unse.edu.ar\/\"},{\"@type\":\"ListItem\",\"position\":2,\"name\":\"Carreras\",\"item\":\"https:\/\/faya.unse.edu.ar\/index.php\/carreras\/\"},{\"@type\":\"ListItem\",\"position\":3,\"name\":\"Licenciatura en Biotecnolog\\u00eda\"}]}]}<\/script>\n<!-- \/ Yoast SEO plugin. -->","yoast_head_json":{"description":"Ven\u00ed a encontrar el futuro que quieres tener. Estudi\u00e1 Lic. en Biotecnolog\u00eda en la FAyA. Preinscribite al Curso de Ingreso Regular 2020 de la FAyA-UNSE.","robots":{"index":"index","follow":"follow","max-snippet":"max-snippet:-1","max-image-preview":"max-image-preview:large","max-video-preview":"max-video-preview:-1"},"canonical":"https:\/\/faya.unse.edu.ar\/index.php\/carreras\/licenciatura-en-biotecnologia\/","og_locale":"es_ES","og_type":"article","og_title":"Licenciatura en Biotecnolog\u00eda | Estudi\u00e1 en la FAyA-UNSE","og_description":"Ven\u00ed a encontrar el futuro que quieres tener. Estudi\u00e1 Lic. en Biotecnolog\u00eda en la FAyA. Preinscribite al Curso de Ingreso Regular 2020 de la FAyA-UNSE.","og_url":"https:\/\/faya.unse.edu.ar\/index.php\/carreras\/licenciatura-en-biotecnologia\/","og_site_name":"Facultad de Agronom\u00eda y Agroindustrias UNSE | FAyA UNSE","article_publisher":"https:\/\/www.facebook.com\/agroUNSE\/","article_modified_time":"2024-04-24T16:01:43+00:00","twitter_card":"summary_large_image","twitter_site":"@fayaunse","twitter_misc":{"Tiempo de lectura":"2 minutos"},"schema":{"@context":"https:\/\/schema.org","@graph":[{"@type":"WebSite","@id":"https:\/\/faya.unse.edu.ar\/#website","url":"https:\/\/faya.unse.edu.ar\/","name":"Facultad de Agronom\u00eda y Agroindustrias UNSE | FAyA UNSE","description":"","potentialAction":[{"@type":"SearchAction","target":{"@type":"EntryPoint","urlTemplate":"https:\/\/faya.unse.edu.ar\/?s={search_term_string}"},"query-input":"required name=search_term_string"}],"inLanguage":"es-AR"},{"@type":"WebPage","@id":"https:\/\/faya.unse.edu.ar\/index.php\/carreras\/licenciatura-en-biotecnologia\/#webpage","url":"https:\/\/faya.unse.edu.ar\/index.php\/carreras\/licenciatura-en-biotecnologia\/","name":"Licenciatura en Biotecnolog\u00eda | Estudi\u00e1 en la FAyA-UNSE","isPartOf":{"@id":"https:\/\/faya.unse.edu.ar\/#website"},"datePublished":"2018-09-19T01:00:09+00:00","dateModified":"2024-04-24T16:01:43+00:00","description":"Ven\u00ed a encontrar el futuro que quieres tener. Estudi\u00e1 Lic. en Biotecnolog\u00eda en la FAyA. Preinscribite al Curso de Ingreso Regular 2020 de la FAyA-UNSE.","breadcrumb":{"@id":"https:\/\/faya.unse.edu.ar\/index.php\/carreras\/licenciatura-en-biotecnologia\/#breadcrumb"},"inLanguage":"es-AR","potentialAction":[{"@type":"ReadAction","target":["https:\/\/faya.unse.edu.ar\/index.php\/carreras\/licenciatura-en-biotecnologia\/"]}]},{"@type":"BreadcrumbList","@id":"https:\/\/faya.unse.edu.ar\/index.php\/carreras\/licenciatura-en-biotecnologia\/#breadcrumb","itemListElement":[{"@type":"ListItem","position":1,"name":"Home","item":"https:\/\/faya.unse.edu.ar\/"},{"@type":"ListItem","position":2,"name":"Carreras","item":"https:\/\/faya.unse.edu.ar\/index.php\/carreras\/"},{"@type":"ListItem","position":3,"name":"Licenciatura en Biotecnolog\u00eda"}]}]}},"_links":{"self":[{"href":"https:\/\/faya.unse.edu.ar\/index.php\/wp-json\/wp\/v2\/pages\/16215"}],"collection":[{"href":"https:\/\/faya.unse.edu.ar\/index.php\/wp-json\/wp\/v2\/pages"}],"about":[{"href":"https:\/\/faya.unse.edu.ar\/index.php\/wp-json\/wp\/v2\/types\/page"}],"author":[{"embeddable":true,"href":"https:\/\/faya.unse.edu.ar\/index.php\/wp-json\/wp\/v2\/users\/1"}],"replies":[{"embeddable":true,"href":"https:\/\/faya.unse.edu.ar\/index.php\/wp-json\/wp\/v2\/comments?post=16215"}],"version-history":[{"count":17,"href":"https:\/\/faya.unse.edu.ar\/index.php\/wp-json\/wp\/v2\/pages\/16215\/revisions"}],"predecessor-version":[{"id":32458,"href":"https:\/\/faya.unse.edu.ar\/index.php\/wp-json\/wp\/v2\/pages\/16215\/revisions\/32458"}],"up":[{"embeddable":true,"href":"https:\/\/faya.unse.edu.ar\/index.php\/wp-json\/wp\/v2\/pages\/15265"}],"wp:attachment":[{"href":"https:\/\/faya.unse.edu.ar\/index.php\/wp-json\/wp\/v2\/media?parent=16215"}],"curies":[{"name":"wp","href":"https:\/\/api.w.org\/{rel}","templated":true}]}}