{"id":16219,"date":"2018-09-18T22:04:39","date_gmt":"2018-09-19T01:04:39","guid":{"rendered":"http:\/\/faya.unse.edu.ar\/?page_id=16219"},"modified":"2026-04-22T12:28:45","modified_gmt":"2026-04-22T15:28:45","slug":"licenciatura-en-quimica","status":"publish","type":"page","link":"https:\/\/faya.unse.edu.ar\/index.php\/carreras\/licenciatura-en-quimica\/","title":{"rendered":"Licenciatura en Qu\u00edmica"},"content":{"rendered":"\t\t<div data-elementor-type=\"wp-page\" data-elementor-id=\"16219\" class=\"elementor elementor-16219\" data-elementor-settings=\"[]\">\n\t\t\t\t\t\t\t<div class=\"elementor-section-wrap\">\n\t\t\t\t\t\t\t<section class=\"elementor-section elementor-top-section elementor-element elementor-element-0c7486a elementor-section-boxed elementor-section-height-default elementor-section-height-default\" data-id=\"0c7486a\" data-element_type=\"section\">\n\t\t\t\t\t\t<div class=\"elementor-container elementor-column-gap-default\">\n\t\t\t\t\t<div class=\"elementor-column elementor-col-100 elementor-top-column elementor-element elementor-element-72738cf\" data-id=\"72738cf\" data-element_type=\"column\">\n\t\t\t<div class=\"elementor-widget-wrap elementor-element-populated\">\n\t\t\t\t\t\t\t\t<section class=\"elementor-section elementor-inner-section elementor-element elementor-element-c9146eb elementor-section-boxed elementor-section-height-default elementor-section-height-default\" data-id=\"c9146eb\" data-element_type=\"section\">\n\t\t\t\t\t\t<div class=\"elementor-container elementor-column-gap-default\">\n\t\t\t\t\t<div class=\"elementor-column elementor-col-50 elementor-inner-column elementor-element elementor-element-e93a452\" data-id=\"e93a452\" data-element_type=\"column\">\n\t\t\t<div class=\"elementor-widget-wrap elementor-element-populated\">\n\t\t\t\t\t\t\t\t<div class=\"elementor-element elementor-element-3fc8643 elementor-widget elementor-widget-text-editor\" data-id=\"3fc8643\" data-element_type=\"widget\" data-widget_type=\"text-editor.default\">\n\t\t\t\t<div class=\"elementor-widget-container\">\n\t\t\t\t\t\t\t<div class=\"wpb_text_column wpb_content_element \"><div class=\"wpb_wrapper\"><p>T\u00edtulo otorgado: <strong>Licenciado\/a en Qu\u00edmica<\/strong><\/p><\/div><\/div><div class=\"wpb_text_column wpb_content_element \"><div class=\"wpb_wrapper\"><p>Duraci\u00f3n: 5 a\u00f1os<br \/><em>Carrera acreditada por CONEAU \u2013 Resoluci\u00f3n 506\/2016<\/em><\/p><\/div><\/div>\t\t\t\t\t\t<\/div>\n\t\t\t\t<\/div>\n\t\t\t\t<div class=\"elementor-element elementor-element-24fe0b6 elementor-align-left elementor-widget elementor-widget-button\" data-id=\"24fe0b6\" data-element_type=\"widget\" data-widget_type=\"button.default\">\n\t\t\t\t<div class=\"elementor-widget-container\">\n\t\t\t\t\t<div class=\"elementor-button-wrapper\">\n\t\t\t<a href=\"https:\/\/drive.google.com\/drive\/folders\/1ZoPe8Mi7caqLVjyq8G7U0WP7wEf3P-A4\" target=\"_blank\" class=\"elementor-button-link elementor-button elementor-size-sm\" role=\"button\">\n\t\t\t\t\t\t<span class=\"elementor-button-content-wrapper\">\n\t\t\t\t\t\t<span class=\"elementor-button-icon elementor-align-icon-left\">\n\t\t\t\t<i aria-hidden=\"true\" class=\"fas fa-bookmark\"><\/i>\t\t\t<\/span>\n\t\t\t\t\t\t<span class=\"elementor-button-text\">PLAN DE ESTUDIOS 2023<\/span>\n\t\t<\/span>\n\t\t\t\t\t<\/a>\n\t\t<\/div>\n\t\t\t\t<\/div>\n\t\t\t\t<\/div>\n\t\t\t\t<div class=\"elementor-element elementor-element-f510ebe elementor-align-left elementor-widget elementor-widget-button\" data-id=\"f510ebe\" data-element_type=\"widget\" data-widget_type=\"button.default\">\n\t\t\t\t<div class=\"elementor-widget-container\">\n\t\t\t\t\t<div class=\"elementor-button-wrapper\">\n\t\t\t<a href=\"https:\/\/drive.google.com\/drive\/folders\/1ZoPe8Mi7caqLVjyq8G7U0WP7wEf3P-A4\" target=\"_blank\" class=\"elementor-button-link elementor-button elementor-size-sm\" role=\"button\">\n\t\t\t\t\t\t<span class=\"elementor-button-content-wrapper\">\n\t\t\t\t\t\t<span class=\"elementor-button-icon elementor-align-icon-left\">\n\t\t\t\t<i aria-hidden=\"true\" class=\"fas fa-bookmark\"><\/i>\t\t\t<\/span>\n\t\t\t\t\t\t<span class=\"elementor-button-text\">PLAN DE ESTUDIOS 2013<\/span>\n\t\t<\/span>\n\t\t\t\t\t<\/a>\n\t\t<\/div>\n\t\t\t\t<\/div>\n\t\t\t\t<\/div>\n\t\t\t\t<div class=\"elementor-element elementor-element-4c89fa0 elementor-widget elementor-widget-image\" data-id=\"4c89fa0\" data-element_type=\"widget\" data-widget_type=\"image.default\">\n\t\t\t\t<div class=\"elementor-widget-container\">\n\t\t\t\t\t\t\t\t\t\t\t\t\t\t\t<img width=\"345\" height=\"198\" src=\"https:\/\/faya.unse.edu.ar\/wp-content\/uploads\/ing-aliment-345x198.png\" class=\"attachment-menu-featured-post size-menu-featured-post\" alt=\"\" loading=\"lazy\" \/>\t\t\t\t\t\t\t\t\t\t\t\t\t\t\t<\/div>\n\t\t\t\t<\/div>\n\t\t\t\t\t<\/div>\n\t\t<\/div>\n\t\t\t\t<div class=\"elementor-column elementor-col-50 elementor-inner-column elementor-element elementor-element-fc77d33\" data-id=\"fc77d33\" data-element_type=\"column\">\n\t\t\t<div class=\"elementor-widget-wrap elementor-element-populated\">\n\t\t\t\t\t\t\t\t<div class=\"elementor-element elementor-element-bc6291d elementor-widget elementor-widget-accordion\" data-id=\"bc6291d\" data-element_type=\"widget\" data-widget_type=\"accordion.default\">\n\t\t\t\t<div class=\"elementor-widget-container\">\n\t\t\t\t\t<div class=\"elementor-accordion\" role=\"tablist\">\n\t\t\t\t\t\t\t<div class=\"elementor-accordion-item\">\n\t\t\t\t\t<div id=\"elementor-tab-title-1971\" class=\"elementor-tab-title\" data-tab=\"1\" role=\"tab\" aria-controls=\"elementor-tab-content-1971\" aria-expanded=\"false\">\n\t\t\t\t\t\t\t\t\t\t\t\t\t<span class=\"elementor-accordion-icon elementor-accordion-icon-left\" aria-hidden=\"true\">\n\t\t\t\t\t\t\t\t\t\t\t\t\t\t\t<span class=\"elementor-accordion-icon-closed\"><i class=\"fas fa-plus\"><\/i><\/span>\n\t\t\t\t\t\t\t\t<span class=\"elementor-accordion-icon-opened\"><i class=\"fas fa-minus\"><\/i><\/span>\n\t\t\t\t\t\t\t\t\t\t\t\t\t\t<\/span>\n\t\t\t\t\t\t\t\t\t\t\t\t<a class=\"elementor-accordion-title\" href=\"\">CAPACITADO PARA...<\/a>\n\t\t\t\t\t<\/div>\n\t\t\t\t\t<div id=\"elementor-tab-content-1971\" class=\"elementor-tab-content elementor-clearfix\" data-tab=\"1\" role=\"tabpanel\" aria-labelledby=\"elementor-tab-title-1971\"><ul><li>Realizar estudios, investigaciones y asesoramientos referidos a las sustancias constitutivas de la materia.<\/li><li>Efectuar estudios e investigaciones qu\u00edmicas, fisicoqu\u00edmicas y biol\u00f3gicas destinadas al desarrollo de nuevos materiales.<\/li><li>Determinar el agrupamiento y condiciones de instalaci\u00f3n de laboratorios donde se realicen an\u00e1lisis, ensayos, s\u00edntesis o elaboraci\u00f3n de sustancias y controlar las condiciones de seguridad.<\/li><li>Participar en el control, elaboraci\u00f3n de normas y especificaciones de calidad de materiales, productos y contaminantes industriales.<\/li><\/ul><\/div>\n\t\t\t\t<\/div>\n\t\t\t\t\t\t\t\t<\/div>\n\t\t\t\t<\/div>\n\t\t\t\t<\/div>\n\t\t\t\t\t<\/div>\n\t\t<\/div>\n\t\t\t\t\t\t\t<\/div>\n\t\t<\/section>\n\t\t\t\t<div class=\"elementor-element elementor-element-a954242 elementor-widget elementor-widget-text-editor\" data-id=\"a954242\" data-element_type=\"widget\" data-widget_type=\"text-editor.default\">\n\t\t\t\t<div class=\"elementor-widget-container\">\n\t\t\t\t\t\t\t<p><strong>PROFESIONALES DE LA FAyA: LICENCIATURA Y PROFESORADO EN QU\u00cdMICA<\/strong><\/p>\t\t\t\t\t\t<\/div>\n\t\t\t\t<\/div>\n\t\t\t\t<div class=\"elementor-element elementor-element-c644c1b elementor-aspect-ratio-169 elementor-widget elementor-widget-video\" data-id=\"c644c1b\" data-element_type=\"widget\" data-settings=\"{&quot;youtube_url&quot;:&quot;https:\\\/\\\/youtu.be\\\/Hw_RgnJv3qo&quot;,&quot;video_type&quot;:&quot;youtube&quot;,&quot;controls&quot;:&quot;yes&quot;,&quot;aspect_ratio&quot;:&quot;169&quot;}\" data-widget_type=\"video.default\">\n\t\t\t\t<div class=\"elementor-widget-container\">\n\t\t\t\t\t<div class=\"elementor-wrapper elementor-fit-aspect-ratio elementor-open-inline\">\n\t\t\t<div class=\"elementor-video\"><\/div>\t\t<\/div>\n\t\t\t\t<\/div>\n\t\t\t\t<\/div>\n\t\t\t\t\t<\/div>\n\t\t<\/div>\n\t\t\t\t\t\t\t<\/div>\n\t\t<\/section>\n\t\t\t\t\t\t<\/div>\n\t\t\t\t\t<\/div>\n\t\t","protected":false},"excerpt":{"rendered":"<p>T\u00edtulo otorgado: Licenciado\/a en Qu\u00edmica Duraci\u00f3n: 5 a\u00f1osCarrera acreditada por CONEAU \u2013 Resoluci\u00f3n 506\/2016 PLAN DE ESTUDIOS 2023 PLAN DE ESTUDIOS 2013 CAPACITADO PARA&#8230; Realizar estudios, investigaciones y asesoramientos referidos a las sustancias constitutivas de la materia. Efectuar estudios e investigaciones qu\u00edmicas, fisicoqu\u00edmicas y biol\u00f3gicas&#8230;<\/p>\n","protected":false},"author":1,"featured_media":0,"parent":15265,"menu_order":0,"comment_status":"closed","ping_status":"closed","template":"","meta":{"_mi_skip_tracking":false},"yoast_head":"<!-- This site is optimized with the Yoast SEO plugin v17.7.1 - https:\/\/yoast.com\/wordpress\/plugins\/seo\/ -->\n<meta name=\"description\" content=\"Ven\u00ed a encontrar el futuro que quieres tener. Estudi\u00e1 Licenciatura en Qu\u00edmica en la FAyA. Preinscribite al Curso de Ingreso Regular 2020 de la FAyA-UNSE.\" \/>\n<meta name=\"robots\" content=\"index, follow, max-snippet:-1, max-image-preview:large, max-video-preview:-1\" \/>\n<link rel=\"canonical\" href=\"https:\/\/faya.unse.edu.ar\/index.php\/carreras\/licenciatura-en-quimica\/\" \/>\n<meta property=\"og:locale\" content=\"es_ES\" \/>\n<meta property=\"og:type\" content=\"article\" \/>\n<meta property=\"og:title\" content=\"Licenciatura en Qu\u00edmica | Estudi\u00e1 en la FAyA-UNSE\" \/>\n<meta property=\"og:description\" content=\"Ven\u00ed a encontrar el futuro que quieres tener. Estudi\u00e1 Licenciatura en Qu\u00edmica en la FAyA. Preinscribite al Curso de Ingreso Regular 2020 de la FAyA-UNSE.\" \/>\n<meta property=\"og:url\" content=\"https:\/\/faya.unse.edu.ar\/index.php\/carreras\/licenciatura-en-quimica\/\" \/>\n<meta property=\"og:site_name\" content=\"Facultad de Agronom\u00eda y Agroindustrias UNSE | FAyA UNSE\" \/>\n<meta property=\"article:publisher\" content=\"https:\/\/www.facebook.com\/agroUNSE\/\" \/>\n<meta property=\"article:modified_time\" content=\"2026-04-22T15:28:45+00:00\" \/>\n<meta property=\"og:image\" content=\"https:\/\/faya.unse.edu.ar\/wp-content\/uploads\/ing-aliment-345x198.png\" \/>\n<meta name=\"twitter:card\" content=\"summary_large_image\" \/>\n<meta name=\"twitter:site\" content=\"@fayaunse\" \/>\n<meta name=\"twitter:label1\" content=\"Tiempo de lectura\" \/>\n\t<meta name=\"twitter:data1\" content=\"1 minuto\" \/>\n<script type=\"application\/ld+json\" class=\"yoast-schema-graph\">{\"@context\":\"https:\/\/schema.org\",\"@graph\":[{\"@type\":\"WebSite\",\"@id\":\"https:\/\/faya.unse.edu.ar\/#website\",\"url\":\"https:\/\/faya.unse.edu.ar\/\",\"name\":\"Facultad de Agronom\\u00eda y Agroindustrias UNSE | FAyA UNSE\",\"description\":\"\",\"potentialAction\":[{\"@type\":\"SearchAction\",\"target\":{\"@type\":\"EntryPoint\",\"urlTemplate\":\"https:\/\/faya.unse.edu.ar\/?s={search_term_string}\"},\"query-input\":\"required name=search_term_string\"}],\"inLanguage\":\"es-AR\"},{\"@type\":\"ImageObject\",\"@id\":\"https:\/\/faya.unse.edu.ar\/index.php\/carreras\/licenciatura-en-quimica\/#primaryimage\",\"inLanguage\":\"es-AR\",\"url\":\"https:\/\/faya.unse.edu.ar\/wp-content\/uploads\/ing-aliment.png\",\"contentUrl\":\"https:\/\/faya.unse.edu.ar\/wp-content\/uploads\/ing-aliment.png\",\"width\":1080,\"height\":1080},{\"@type\":\"WebPage\",\"@id\":\"https:\/\/faya.unse.edu.ar\/index.php\/carreras\/licenciatura-en-quimica\/#webpage\",\"url\":\"https:\/\/faya.unse.edu.ar\/index.php\/carreras\/licenciatura-en-quimica\/\",\"name\":\"Licenciatura en Qu\\u00edmica | Estudi\\u00e1 en la FAyA-UNSE\",\"isPartOf\":{\"@id\":\"https:\/\/faya.unse.edu.ar\/#website\"},\"primaryImageOfPage\":{\"@id\":\"https:\/\/faya.unse.edu.ar\/index.php\/carreras\/licenciatura-en-quimica\/#primaryimage\"},\"datePublished\":\"2018-09-19T01:04:39+00:00\",\"dateModified\":\"2026-04-22T15:28:45+00:00\",\"description\":\"Ven\\u00ed a encontrar el futuro que quieres tener. Estudi\\u00e1 Licenciatura en Qu\\u00edmica en la FAyA. Preinscribite al Curso de Ingreso Regular 2020 de la FAyA-UNSE.\",\"breadcrumb\":{\"@id\":\"https:\/\/faya.unse.edu.ar\/index.php\/carreras\/licenciatura-en-quimica\/#breadcrumb\"},\"inLanguage\":\"es-AR\",\"potentialAction\":[{\"@type\":\"ReadAction\",\"target\":[\"https:\/\/faya.unse.edu.ar\/index.php\/carreras\/licenciatura-en-quimica\/\"]}]},{\"@type\":\"BreadcrumbList\",\"@id\":\"https:\/\/faya.unse.edu.ar\/index.php\/carreras\/licenciatura-en-quimica\/#breadcrumb\",\"itemListElement\":[{\"@type\":\"ListItem\",\"position\":1,\"name\":\"Home\",\"item\":\"https:\/\/faya.unse.edu.ar\/\"},{\"@type\":\"ListItem\",\"position\":2,\"name\":\"Carreras\",\"item\":\"https:\/\/faya.unse.edu.ar\/index.php\/carreras\/\"},{\"@type\":\"ListItem\",\"position\":3,\"name\":\"Licenciatura en Qu\\u00edmica\"}]}]}<\/script>\n<!-- \/ Yoast SEO plugin. -->","yoast_head_json":{"description":"Ven\u00ed a encontrar el futuro que quieres tener. Estudi\u00e1 Licenciatura en Qu\u00edmica en la FAyA. Preinscribite al Curso de Ingreso Regular 2020 de la FAyA-UNSE.","robots":{"index":"index","follow":"follow","max-snippet":"max-snippet:-1","max-image-preview":"max-image-preview:large","max-video-preview":"max-video-preview:-1"},"canonical":"https:\/\/faya.unse.edu.ar\/index.php\/carreras\/licenciatura-en-quimica\/","og_locale":"es_ES","og_type":"article","og_title":"Licenciatura en Qu\u00edmica | Estudi\u00e1 en la FAyA-UNSE","og_description":"Ven\u00ed a encontrar el futuro que quieres tener. Estudi\u00e1 Licenciatura en Qu\u00edmica en la FAyA. Preinscribite al Curso de Ingreso Regular 2020 de la FAyA-UNSE.","og_url":"https:\/\/faya.unse.edu.ar\/index.php\/carreras\/licenciatura-en-quimica\/","og_site_name":"Facultad de Agronom\u00eda y Agroindustrias UNSE | FAyA UNSE","article_publisher":"https:\/\/www.facebook.com\/agroUNSE\/","article_modified_time":"2026-04-22T15:28:45+00:00","og_image":[{"url":"https:\/\/faya.unse.edu.ar\/wp-content\/uploads\/ing-aliment-345x198.png"}],"twitter_card":"summary_large_image","twitter_site":"@fayaunse","twitter_misc":{"Tiempo de lectura":"1 minuto"},"schema":{"@context":"https:\/\/schema.org","@graph":[{"@type":"WebSite","@id":"https:\/\/faya.unse.edu.ar\/#website","url":"https:\/\/faya.unse.edu.ar\/","name":"Facultad de Agronom\u00eda y Agroindustrias UNSE | FAyA UNSE","description":"","potentialAction":[{"@type":"SearchAction","target":{"@type":"EntryPoint","urlTemplate":"https:\/\/faya.unse.edu.ar\/?s={search_term_string}"},"query-input":"required name=search_term_string"}],"inLanguage":"es-AR"},{"@type":"ImageObject","@id":"https:\/\/faya.unse.edu.ar\/index.php\/carreras\/licenciatura-en-quimica\/#primaryimage","inLanguage":"es-AR","url":"https:\/\/faya.unse.edu.ar\/wp-content\/uploads\/ing-aliment.png","contentUrl":"https:\/\/faya.unse.edu.ar\/wp-content\/uploads\/ing-aliment.png","width":1080,"height":1080},{"@type":"WebPage","@id":"https:\/\/faya.unse.edu.ar\/index.php\/carreras\/licenciatura-en-quimica\/#webpage","url":"https:\/\/faya.unse.edu.ar\/index.php\/carreras\/licenciatura-en-quimica\/","name":"Licenciatura en Qu\u00edmica | Estudi\u00e1 en la FAyA-UNSE","isPartOf":{"@id":"https:\/\/faya.unse.edu.ar\/#website"},"primaryImageOfPage":{"@id":"https:\/\/faya.unse.edu.ar\/index.php\/carreras\/licenciatura-en-quimica\/#primaryimage"},"datePublished":"2018-09-19T01:04:39+00:00","dateModified":"2026-04-22T15:28:45+00:00","description":"Ven\u00ed a encontrar el futuro que quieres tener. Estudi\u00e1 Licenciatura en Qu\u00edmica en la FAyA. Preinscribite al Curso de Ingreso Regular 2020 de la FAyA-UNSE.","breadcrumb":{"@id":"https:\/\/faya.unse.edu.ar\/index.php\/carreras\/licenciatura-en-quimica\/#breadcrumb"},"inLanguage":"es-AR","potentialAction":[{"@type":"ReadAction","target":["https:\/\/faya.unse.edu.ar\/index.php\/carreras\/licenciatura-en-quimica\/"]}]},{"@type":"BreadcrumbList","@id":"https:\/\/faya.unse.edu.ar\/index.php\/carreras\/licenciatura-en-quimica\/#breadcrumb","itemListElement":[{"@type":"ListItem","position":1,"name":"Home","item":"https:\/\/faya.unse.edu.ar\/"},{"@type":"ListItem","position":2,"name":"Carreras","item":"https:\/\/faya.unse.edu.ar\/index.php\/carreras\/"},{"@type":"ListItem","position":3,"name":"Licenciatura en Qu\u00edmica"}]}]}},"_links":{"self":[{"href":"https:\/\/faya.unse.edu.ar\/index.php\/wp-json\/wp\/v2\/pages\/16219"}],"collection":[{"href":"https:\/\/faya.unse.edu.ar\/index.php\/wp-json\/wp\/v2\/pages"}],"about":[{"href":"https:\/\/faya.unse.edu.ar\/index.php\/wp-json\/wp\/v2\/types\/page"}],"author":[{"embeddable":true,"href":"https:\/\/faya.unse.edu.ar\/index.php\/wp-json\/wp\/v2\/users\/1"}],"replies":[{"embeddable":true,"href":"https:\/\/faya.unse.edu.ar\/index.php\/wp-json\/wp\/v2\/comments?post=16219"}],"version-history":[{"count":33,"href":"https:\/\/faya.unse.edu.ar\/index.php\/wp-json\/wp\/v2\/pages\/16219\/revisions"}],"predecessor-version":[{"id":36374,"href":"https:\/\/faya.unse.edu.ar\/index.php\/wp-json\/wp\/v2\/pages\/16219\/revisions\/36374"}],"up":[{"embeddable":true,"href":"https:\/\/faya.unse.edu.ar\/index.php\/wp-json\/wp\/v2\/pages\/15265"}],"wp:attachment":[{"href":"https:\/\/faya.unse.edu.ar\/index.php\/wp-json\/wp\/v2\/media?parent=16219"}],"curies":[{"name":"wp","href":"https:\/\/api.w.org\/{rel}","templated":true}]}}