{"id":16222,"date":"2018-09-18T22:06:14","date_gmt":"2018-09-19T01:06:14","guid":{"rendered":"http:\/\/faya.unse.edu.ar\/?page_id=16222"},"modified":"2026-04-22T12:18:22","modified_gmt":"2026-04-22T15:18:22","slug":"profesorado-en-quimica","status":"publish","type":"page","link":"https:\/\/faya.unse.edu.ar\/index.php\/carreras\/profesorado-en-quimica\/","title":{"rendered":"Profesorado en Qu\u00edmica"},"content":{"rendered":"\t\t<div data-elementor-type=\"wp-page\" data-elementor-id=\"16222\" class=\"elementor elementor-16222\" data-elementor-settings=\"[]\">\n\t\t\t\t\t\t\t<div class=\"elementor-section-wrap\">\n\t\t\t\t\t\t\t<section class=\"elementor-section elementor-top-section elementor-element elementor-element-e10d69f elementor-section-boxed elementor-section-height-default elementor-section-height-default\" data-id=\"e10d69f\" data-element_type=\"section\">\n\t\t\t\t\t\t<div class=\"elementor-container elementor-column-gap-default\">\n\t\t\t\t\t<div class=\"elementor-column elementor-col-100 elementor-top-column elementor-element elementor-element-6bc4c0f\" data-id=\"6bc4c0f\" data-element_type=\"column\">\n\t\t\t<div class=\"elementor-widget-wrap elementor-element-populated\">\n\t\t\t\t\t\t\t\t<section class=\"elementor-section elementor-inner-section elementor-element elementor-element-ecf1f0b elementor-section-boxed elementor-section-height-default elementor-section-height-default\" data-id=\"ecf1f0b\" data-element_type=\"section\">\n\t\t\t\t\t\t<div class=\"elementor-container elementor-column-gap-default\">\n\t\t\t\t\t<div class=\"elementor-column elementor-col-50 elementor-inner-column elementor-element elementor-element-9648ad4\" data-id=\"9648ad4\" data-element_type=\"column\">\n\t\t\t<div class=\"elementor-widget-wrap elementor-element-populated\">\n\t\t\t\t\t\t\t\t<div class=\"elementor-element elementor-element-dda44c2 elementor-widget elementor-widget-text-editor\" data-id=\"dda44c2\" data-element_type=\"widget\" data-widget_type=\"text-editor.default\">\n\t\t\t\t<div class=\"elementor-widget-container\">\n\t\t\t\t\t\t\t<div class=\"wpb_text_column wpb_content_element \"><div class=\"wpb_wrapper\"><p>T\u00edtulo otorgado: <strong>Profesor\/a en Qu\u00edmica<\/strong><\/p><\/div><\/div><div class=\"wpb_text_column wpb_content_element \"><div class=\"wpb_wrapper\"><p>Duraci\u00f3n: 4 a\u00f1os<\/p><\/div><\/div>\t\t\t\t\t\t<\/div>\n\t\t\t\t<\/div>\n\t\t\t\t<div class=\"elementor-element elementor-element-ab6054a elementor-align-left elementor-widget elementor-widget-button\" data-id=\"ab6054a\" data-element_type=\"widget\" data-widget_type=\"button.default\">\n\t\t\t\t<div class=\"elementor-widget-container\">\n\t\t\t\t\t<div class=\"elementor-button-wrapper\">\n\t\t\t<a href=\"https:\/\/drive.google.com\/drive\/folders\/1HABKstfApZeJkpdtnsO4qkElvCuUfuNX\" target=\"_blank\" class=\"elementor-button-link elementor-button elementor-size-sm\" role=\"button\">\n\t\t\t\t\t\t<span class=\"elementor-button-content-wrapper\">\n\t\t\t\t\t\t<span class=\"elementor-button-icon elementor-align-icon-left\">\n\t\t\t\t<i aria-hidden=\"true\" class=\"fas fa-bookmark\"><\/i>\t\t\t<\/span>\n\t\t\t\t\t\t<span class=\"elementor-button-text\">PLAN DE ESTUDIOS 2024<\/span>\n\t\t<\/span>\n\t\t\t\t\t<\/a>\n\t\t<\/div>\n\t\t\t\t<\/div>\n\t\t\t\t<\/div>\n\t\t\t\t<div class=\"elementor-element elementor-element-3650b8e elementor-align-left elementor-widget elementor-widget-button\" data-id=\"3650b8e\" data-element_type=\"widget\" data-widget_type=\"button.default\">\n\t\t\t\t<div class=\"elementor-widget-container\">\n\t\t\t\t\t<div class=\"elementor-button-wrapper\">\n\t\t\t<a href=\"https:\/\/drive.google.com\/drive\/folders\/1HABKstfApZeJkpdtnsO4qkElvCuUfuNX\" target=\"_blank\" class=\"elementor-button-link elementor-button elementor-size-sm\" role=\"button\">\n\t\t\t\t\t\t<span class=\"elementor-button-content-wrapper\">\n\t\t\t\t\t\t<span class=\"elementor-button-icon elementor-align-icon-left\">\n\t\t\t\t<i aria-hidden=\"true\" class=\"fas fa-bookmark\"><\/i>\t\t\t<\/span>\n\t\t\t\t\t\t<span class=\"elementor-button-text\">PLAN DE ESTUDIOS 2020<\/span>\n\t\t<\/span>\n\t\t\t\t\t<\/a>\n\t\t<\/div>\n\t\t\t\t<\/div>\n\t\t\t\t<\/div>\n\t\t\t\t<div class=\"elementor-element elementor-element-ba6e869 elementor-widget elementor-widget-image\" data-id=\"ba6e869\" data-element_type=\"widget\" data-widget_type=\"image.default\">\n\t\t\t\t<div class=\"elementor-widget-container\">\n\t\t\t\t\t\t\t\t\t\t\t\t\t\t\t<img width=\"345\" height=\"198\" src=\"https:\/\/faya.unse.edu.ar\/wp-content\/uploads\/prof-quimica-345x198.png\" class=\"attachment-menu-featured-post size-menu-featured-post\" alt=\"\" loading=\"lazy\" \/>\t\t\t\t\t\t\t\t\t\t\t\t\t\t\t<\/div>\n\t\t\t\t<\/div>\n\t\t\t\t\t<\/div>\n\t\t<\/div>\n\t\t\t\t<div class=\"elementor-column elementor-col-50 elementor-inner-column elementor-element elementor-element-56c3642\" data-id=\"56c3642\" data-element_type=\"column\">\n\t\t\t<div class=\"elementor-widget-wrap elementor-element-populated\">\n\t\t\t\t\t\t\t\t<div class=\"elementor-element elementor-element-6ce76ad elementor-widget elementor-widget-accordion\" data-id=\"6ce76ad\" data-element_type=\"widget\" data-widget_type=\"accordion.default\">\n\t\t\t\t<div class=\"elementor-widget-container\">\n\t\t\t\t\t<div class=\"elementor-accordion\" role=\"tablist\">\n\t\t\t\t\t\t\t<div class=\"elementor-accordion-item\">\n\t\t\t\t\t<div id=\"elementor-tab-title-1141\" class=\"elementor-tab-title\" data-tab=\"1\" role=\"tab\" aria-controls=\"elementor-tab-content-1141\" aria-expanded=\"false\">\n\t\t\t\t\t\t\t\t\t\t\t\t\t<span class=\"elementor-accordion-icon elementor-accordion-icon-left\" aria-hidden=\"true\">\n\t\t\t\t\t\t\t\t\t\t\t\t\t\t\t<span class=\"elementor-accordion-icon-closed\"><i class=\"fas fa-plus\"><\/i><\/span>\n\t\t\t\t\t\t\t\t<span class=\"elementor-accordion-icon-opened\"><i class=\"fas fa-minus\"><\/i><\/span>\n\t\t\t\t\t\t\t\t\t\t\t\t\t\t<\/span>\n\t\t\t\t\t\t\t\t\t\t\t\t<a class=\"elementor-accordion-title\" href=\"\">CAPACITADO PARA...<\/a>\n\t\t\t\t\t<\/div>\n\t\t\t\t\t<div id=\"elementor-tab-content-1141\" class=\"elementor-tab-content elementor-clearfix\" data-tab=\"1\" role=\"tabpanel\" aria-labelledby=\"elementor-tab-title-1141\"><ul><li>Transmitir a sus alumnos desde la biolog\u00eda, la f\u00edsica o la qu\u00edmica el respeto por la vida y el cuidado del medio ambiente.<\/li><li>Planificar, conducir y evaluar procesos de ense\u00f1anza y aprendizaje en el \u00e1rea de la qu\u00edmica, en todos los niveles de educaci\u00f3n.<\/li><li>Asesorar en la metodolog\u00eda de ense\u00f1anza de la qu\u00edmica, en todos los niveles de la educaci\u00f3n.<\/li><li>Participar en la formulaci\u00f3n, ejecuci\u00f3n y evaluaci\u00f3n de programas y proyectos destinados a la investigaci\u00f3n y\/o capacitaci\u00f3n en su \u00e1rea.<\/li><li>Organizar y conducir laboratorios de ense\u00f1anza de la qu\u00edmica.<\/li><\/ul><\/div>\n\t\t\t\t<\/div>\n\t\t\t\t\t\t\t\t<\/div>\n\t\t\t\t<\/div>\n\t\t\t\t<\/div>\n\t\t\t\t\t<\/div>\n\t\t<\/div>\n\t\t\t\t\t\t\t<\/div>\n\t\t<\/section>\n\t\t\t\t<div class=\"elementor-element elementor-element-ce0d1c9 elementor-widget elementor-widget-text-editor\" data-id=\"ce0d1c9\" data-element_type=\"widget\" data-widget_type=\"text-editor.default\">\n\t\t\t\t<div class=\"elementor-widget-container\">\n\t\t\t\t\t\t\t<p><strong>PROFESIONALES DE LA FAyA: LICENCIATURA Y PROFESORADO EN QU\u00cdMICA<\/strong><\/p>\t\t\t\t\t\t<\/div>\n\t\t\t\t<\/div>\n\t\t\t\t<div class=\"elementor-element elementor-element-6ac56e3 elementor-aspect-ratio-169 elementor-widget elementor-widget-video\" data-id=\"6ac56e3\" data-element_type=\"widget\" data-settings=\"{&quot;youtube_url&quot;:&quot;https:\\\/\\\/youtu.be\\\/Hw_RgnJv3qo&quot;,&quot;video_type&quot;:&quot;youtube&quot;,&quot;controls&quot;:&quot;yes&quot;,&quot;aspect_ratio&quot;:&quot;169&quot;}\" data-widget_type=\"video.default\">\n\t\t\t\t<div class=\"elementor-widget-container\">\n\t\t\t\t\t<div class=\"elementor-wrapper elementor-fit-aspect-ratio elementor-open-inline\">\n\t\t\t<div class=\"elementor-video\"><\/div>\t\t<\/div>\n\t\t\t\t<\/div>\n\t\t\t\t<\/div>\n\t\t\t\t\t<\/div>\n\t\t<\/div>\n\t\t\t\t\t\t\t<\/div>\n\t\t<\/section>\n\t\t\t\t\t\t<\/div>\n\t\t\t\t\t<\/div>\n\t\t","protected":false},"excerpt":{"rendered":"<p>T\u00edtulo otorgado: Profesor\/a en Qu\u00edmica Duraci\u00f3n: 4 a\u00f1os PLAN DE ESTUDIOS 2024 PLAN DE ESTUDIOS 2020 CAPACITADO PARA&#8230; Transmitir a sus alumnos desde la biolog\u00eda, la f\u00edsica o la qu\u00edmica el respeto por la vida y el cuidado del medio ambiente. Planificar, conducir y evaluar&#8230;<\/p>\n","protected":false},"author":1,"featured_media":0,"parent":15265,"menu_order":0,"comment_status":"closed","ping_status":"closed","template":"","meta":{"_mi_skip_tracking":false},"yoast_head":"<!-- This site is optimized with the Yoast SEO plugin v17.7.1 - https:\/\/yoast.com\/wordpress\/plugins\/seo\/ -->\n<meta name=\"description\" content=\"Ven\u00ed a encontrar el futuro que quieres tener. Estudi\u00e1 Profesorado en Qu\u00edmica en la FAyA. Preinscribite al Curso de Ingreso Regular 2020 de la FAyA-UNSE.\" \/>\n<meta name=\"robots\" content=\"index, follow, max-snippet:-1, max-image-preview:large, max-video-preview:-1\" \/>\n<link rel=\"canonical\" href=\"https:\/\/faya.unse.edu.ar\/index.php\/carreras\/profesorado-en-quimica\/\" \/>\n<meta property=\"og:locale\" content=\"es_ES\" \/>\n<meta property=\"og:type\" content=\"article\" \/>\n<meta property=\"og:title\" content=\"Profesorado en Qu\u00edmica | Estudi\u00e1 en la FAyA-UNSE\" \/>\n<meta property=\"og:description\" content=\"Ven\u00ed a encontrar el futuro que quieres tener. Estudi\u00e1 Profesorado en Qu\u00edmica en la FAyA. Preinscribite al Curso de Ingreso Regular 2020 de la FAyA-UNSE.\" \/>\n<meta property=\"og:url\" content=\"https:\/\/faya.unse.edu.ar\/index.php\/carreras\/profesorado-en-quimica\/\" \/>\n<meta property=\"og:site_name\" content=\"Facultad de Agronom\u00eda y Agroindustrias UNSE | FAyA UNSE\" \/>\n<meta property=\"article:publisher\" content=\"https:\/\/www.facebook.com\/agroUNSE\/\" \/>\n<meta property=\"article:modified_time\" content=\"2026-04-22T15:18:22+00:00\" \/>\n<meta property=\"og:image\" content=\"https:\/\/faya.unse.edu.ar\/wp-content\/uploads\/prof-quimica-345x198.png\" \/>\n<meta name=\"twitter:card\" content=\"summary_large_image\" \/>\n<meta name=\"twitter:site\" content=\"@fayaunse\" \/>\n<meta name=\"twitter:label1\" content=\"Tiempo de lectura\" \/>\n\t<meta name=\"twitter:data1\" content=\"1 minuto\" \/>\n<script type=\"application\/ld+json\" class=\"yoast-schema-graph\">{\"@context\":\"https:\/\/schema.org\",\"@graph\":[{\"@type\":\"WebSite\",\"@id\":\"https:\/\/faya.unse.edu.ar\/#website\",\"url\":\"https:\/\/faya.unse.edu.ar\/\",\"name\":\"Facultad de Agronom\\u00eda y Agroindustrias UNSE | FAyA UNSE\",\"description\":\"\",\"potentialAction\":[{\"@type\":\"SearchAction\",\"target\":{\"@type\":\"EntryPoint\",\"urlTemplate\":\"https:\/\/faya.unse.edu.ar\/?s={search_term_string}\"},\"query-input\":\"required name=search_term_string\"}],\"inLanguage\":\"es-AR\"},{\"@type\":\"ImageObject\",\"@id\":\"https:\/\/faya.unse.edu.ar\/index.php\/carreras\/profesorado-en-quimica\/#primaryimage\",\"inLanguage\":\"es-AR\",\"url\":\"https:\/\/faya.unse.edu.ar\/wp-content\/uploads\/prof-quimica.png\",\"contentUrl\":\"https:\/\/faya.unse.edu.ar\/wp-content\/uploads\/prof-quimica.png\",\"width\":1080,\"height\":1080},{\"@type\":\"WebPage\",\"@id\":\"https:\/\/faya.unse.edu.ar\/index.php\/carreras\/profesorado-en-quimica\/#webpage\",\"url\":\"https:\/\/faya.unse.edu.ar\/index.php\/carreras\/profesorado-en-quimica\/\",\"name\":\"Profesorado en Qu\\u00edmica | Estudi\\u00e1 en la FAyA-UNSE\",\"isPartOf\":{\"@id\":\"https:\/\/faya.unse.edu.ar\/#website\"},\"primaryImageOfPage\":{\"@id\":\"https:\/\/faya.unse.edu.ar\/index.php\/carreras\/profesorado-en-quimica\/#primaryimage\"},\"datePublished\":\"2018-09-19T01:06:14+00:00\",\"dateModified\":\"2026-04-22T15:18:22+00:00\",\"description\":\"Ven\\u00ed a encontrar el futuro que quieres tener. Estudi\\u00e1 Profesorado en Qu\\u00edmica en la FAyA. Preinscribite al Curso de Ingreso Regular 2020 de la FAyA-UNSE.\",\"breadcrumb\":{\"@id\":\"https:\/\/faya.unse.edu.ar\/index.php\/carreras\/profesorado-en-quimica\/#breadcrumb\"},\"inLanguage\":\"es-AR\",\"potentialAction\":[{\"@type\":\"ReadAction\",\"target\":[\"https:\/\/faya.unse.edu.ar\/index.php\/carreras\/profesorado-en-quimica\/\"]}]},{\"@type\":\"BreadcrumbList\",\"@id\":\"https:\/\/faya.unse.edu.ar\/index.php\/carreras\/profesorado-en-quimica\/#breadcrumb\",\"itemListElement\":[{\"@type\":\"ListItem\",\"position\":1,\"name\":\"Home\",\"item\":\"https:\/\/faya.unse.edu.ar\/\"},{\"@type\":\"ListItem\",\"position\":2,\"name\":\"Carreras\",\"item\":\"https:\/\/faya.unse.edu.ar\/index.php\/carreras\/\"},{\"@type\":\"ListItem\",\"position\":3,\"name\":\"Profesorado en Qu\\u00edmica\"}]}]}<\/script>\n<!-- \/ Yoast SEO plugin. -->","yoast_head_json":{"description":"Ven\u00ed a encontrar el futuro que quieres tener. Estudi\u00e1 Profesorado en Qu\u00edmica en la FAyA. Preinscribite al Curso de Ingreso Regular 2020 de la FAyA-UNSE.","robots":{"index":"index","follow":"follow","max-snippet":"max-snippet:-1","max-image-preview":"max-image-preview:large","max-video-preview":"max-video-preview:-1"},"canonical":"https:\/\/faya.unse.edu.ar\/index.php\/carreras\/profesorado-en-quimica\/","og_locale":"es_ES","og_type":"article","og_title":"Profesorado en Qu\u00edmica | Estudi\u00e1 en la FAyA-UNSE","og_description":"Ven\u00ed a encontrar el futuro que quieres tener. Estudi\u00e1 Profesorado en Qu\u00edmica en la FAyA. Preinscribite al Curso de Ingreso Regular 2020 de la FAyA-UNSE.","og_url":"https:\/\/faya.unse.edu.ar\/index.php\/carreras\/profesorado-en-quimica\/","og_site_name":"Facultad de Agronom\u00eda y Agroindustrias UNSE | FAyA UNSE","article_publisher":"https:\/\/www.facebook.com\/agroUNSE\/","article_modified_time":"2026-04-22T15:18:22+00:00","og_image":[{"url":"https:\/\/faya.unse.edu.ar\/wp-content\/uploads\/prof-quimica-345x198.png"}],"twitter_card":"summary_large_image","twitter_site":"@fayaunse","twitter_misc":{"Tiempo de lectura":"1 minuto"},"schema":{"@context":"https:\/\/schema.org","@graph":[{"@type":"WebSite","@id":"https:\/\/faya.unse.edu.ar\/#website","url":"https:\/\/faya.unse.edu.ar\/","name":"Facultad de Agronom\u00eda y Agroindustrias UNSE | FAyA UNSE","description":"","potentialAction":[{"@type":"SearchAction","target":{"@type":"EntryPoint","urlTemplate":"https:\/\/faya.unse.edu.ar\/?s={search_term_string}"},"query-input":"required name=search_term_string"}],"inLanguage":"es-AR"},{"@type":"ImageObject","@id":"https:\/\/faya.unse.edu.ar\/index.php\/carreras\/profesorado-en-quimica\/#primaryimage","inLanguage":"es-AR","url":"https:\/\/faya.unse.edu.ar\/wp-content\/uploads\/prof-quimica.png","contentUrl":"https:\/\/faya.unse.edu.ar\/wp-content\/uploads\/prof-quimica.png","width":1080,"height":1080},{"@type":"WebPage","@id":"https:\/\/faya.unse.edu.ar\/index.php\/carreras\/profesorado-en-quimica\/#webpage","url":"https:\/\/faya.unse.edu.ar\/index.php\/carreras\/profesorado-en-quimica\/","name":"Profesorado en Qu\u00edmica | Estudi\u00e1 en la FAyA-UNSE","isPartOf":{"@id":"https:\/\/faya.unse.edu.ar\/#website"},"primaryImageOfPage":{"@id":"https:\/\/faya.unse.edu.ar\/index.php\/carreras\/profesorado-en-quimica\/#primaryimage"},"datePublished":"2018-09-19T01:06:14+00:00","dateModified":"2026-04-22T15:18:22+00:00","description":"Ven\u00ed a encontrar el futuro que quieres tener. Estudi\u00e1 Profesorado en Qu\u00edmica en la FAyA. Preinscribite al Curso de Ingreso Regular 2020 de la FAyA-UNSE.","breadcrumb":{"@id":"https:\/\/faya.unse.edu.ar\/index.php\/carreras\/profesorado-en-quimica\/#breadcrumb"},"inLanguage":"es-AR","potentialAction":[{"@type":"ReadAction","target":["https:\/\/faya.unse.edu.ar\/index.php\/carreras\/profesorado-en-quimica\/"]}]},{"@type":"BreadcrumbList","@id":"https:\/\/faya.unse.edu.ar\/index.php\/carreras\/profesorado-en-quimica\/#breadcrumb","itemListElement":[{"@type":"ListItem","position":1,"name":"Home","item":"https:\/\/faya.unse.edu.ar\/"},{"@type":"ListItem","position":2,"name":"Carreras","item":"https:\/\/faya.unse.edu.ar\/index.php\/carreras\/"},{"@type":"ListItem","position":3,"name":"Profesorado en Qu\u00edmica"}]}]}},"_links":{"self":[{"href":"https:\/\/faya.unse.edu.ar\/index.php\/wp-json\/wp\/v2\/pages\/16222"}],"collection":[{"href":"https:\/\/faya.unse.edu.ar\/index.php\/wp-json\/wp\/v2\/pages"}],"about":[{"href":"https:\/\/faya.unse.edu.ar\/index.php\/wp-json\/wp\/v2\/types\/page"}],"author":[{"embeddable":true,"href":"https:\/\/faya.unse.edu.ar\/index.php\/wp-json\/wp\/v2\/users\/1"}],"replies":[{"embeddable":true,"href":"https:\/\/faya.unse.edu.ar\/index.php\/wp-json\/wp\/v2\/comments?post=16222"}],"version-history":[{"count":28,"href":"https:\/\/faya.unse.edu.ar\/index.php\/wp-json\/wp\/v2\/pages\/16222\/revisions"}],"predecessor-version":[{"id":36369,"href":"https:\/\/faya.unse.edu.ar\/index.php\/wp-json\/wp\/v2\/pages\/16222\/revisions\/36369"}],"up":[{"embeddable":true,"href":"https:\/\/faya.unse.edu.ar\/index.php\/wp-json\/wp\/v2\/pages\/15265"}],"wp:attachment":[{"href":"https:\/\/faya.unse.edu.ar\/index.php\/wp-json\/wp\/v2\/media?parent=16222"}],"curies":[{"name":"wp","href":"https:\/\/api.w.org\/{rel}","templated":true}]}}