{"id":16227,"date":"2018-09-18T22:12:35","date_gmt":"2018-09-19T01:12:35","guid":{"rendered":"http:\/\/faya.unse.edu.ar\/?page_id=16227"},"modified":"2026-04-22T11:56:37","modified_gmt":"2026-04-22T14:56:37","slug":"tecnicatura-en-apicultura","status":"publish","type":"page","link":"https:\/\/faya.unse.edu.ar\/index.php\/carreras\/tecnicatura-en-apicultura\/","title":{"rendered":"Tecnicatura Universitaria en Apicultura"},"content":{"rendered":"\t\t<div data-elementor-type=\"wp-page\" data-elementor-id=\"16227\" class=\"elementor elementor-16227\" data-elementor-settings=\"[]\">\n\t\t\t\t\t\t\t<div class=\"elementor-section-wrap\">\n\t\t\t\t\t\t\t<section class=\"elementor-section elementor-top-section elementor-element elementor-element-baa9708 elementor-section-boxed elementor-section-height-default elementor-section-height-default\" data-id=\"baa9708\" data-element_type=\"section\">\n\t\t\t\t\t\t<div class=\"elementor-container elementor-column-gap-default\">\n\t\t\t\t\t<div class=\"elementor-column elementor-col-100 elementor-top-column elementor-element elementor-element-7d28fc6\" data-id=\"7d28fc6\" data-element_type=\"column\">\n\t\t\t<div class=\"elementor-widget-wrap elementor-element-populated\">\n\t\t\t\t\t\t\t\t<section class=\"elementor-section elementor-inner-section elementor-element elementor-element-056989d elementor-section-boxed elementor-section-height-default elementor-section-height-default\" data-id=\"056989d\" data-element_type=\"section\">\n\t\t\t\t\t\t<div class=\"elementor-container elementor-column-gap-default\">\n\t\t\t\t\t<div class=\"elementor-column elementor-col-50 elementor-inner-column elementor-element elementor-element-7edf3df\" data-id=\"7edf3df\" data-element_type=\"column\">\n\t\t\t<div class=\"elementor-widget-wrap elementor-element-populated\">\n\t\t\t\t\t\t\t\t<div class=\"elementor-element elementor-element-752c821 elementor-widget elementor-widget-text-editor\" data-id=\"752c821\" data-element_type=\"widget\" data-widget_type=\"text-editor.default\">\n\t\t\t\t<div class=\"elementor-widget-container\">\n\t\t\t\t\t\t\t<div class=\"wpb_text_column wpb_content_element \"><div class=\"wpb_wrapper\"><p>T\u00edtulo otorgado:<strong>\u00a0<span style=\"background-color: #f6f6f6;\">T\u00e9cnico Universitario en Apicultura<\/span><\/strong><\/p><\/div><\/div><div class=\"wpb_text_column wpb_content_element \"><div class=\"wpb_wrapper\"><p>Duraci\u00f3n: 2 a\u00f1os<\/p><\/div><\/div>\t\t\t\t\t\t<\/div>\n\t\t\t\t<\/div>\n\t\t\t\t<div class=\"elementor-element elementor-element-14b283c elementor-align-left elementor-widget elementor-widget-button\" data-id=\"14b283c\" data-element_type=\"widget\" data-widget_type=\"button.default\">\n\t\t\t\t<div class=\"elementor-widget-container\">\n\t\t\t\t\t<div class=\"elementor-button-wrapper\">\n\t\t\t<a href=\"https:\/\/faya.unse.edu.ar\/wp-content\/uploads\/TUA-Resolucion-HCS-90-14.pdf\" target=\"_blank\" class=\"elementor-button-link elementor-button elementor-size-sm\" role=\"button\">\n\t\t\t\t\t\t<span class=\"elementor-button-content-wrapper\">\n\t\t\t\t\t\t<span class=\"elementor-button-icon elementor-align-icon-left\">\n\t\t\t\t<i aria-hidden=\"true\" class=\"fas fa-bookmark\"><\/i>\t\t\t<\/span>\n\t\t\t\t\t\t<span class=\"elementor-button-text\">PLAN DE ESTUDIOS<\/span>\n\t\t<\/span>\n\t\t\t\t\t<\/a>\n\t\t<\/div>\n\t\t\t\t<\/div>\n\t\t\t\t<\/div>\n\t\t\t\t<div class=\"elementor-element elementor-element-dad9e3e elementor-widget elementor-widget-image\" data-id=\"dad9e3e\" data-element_type=\"widget\" data-widget_type=\"image.default\">\n\t\t\t\t<div class=\"elementor-widget-container\">\n\t\t\t\t\t\t\t\t\t\t\t\t\t\t\t<img width=\"345\" height=\"198\" src=\"https:\/\/faya.unse.edu.ar\/wp-content\/uploads\/te-api-345x198.png\" class=\"attachment-menu-featured-post size-menu-featured-post\" alt=\"\" loading=\"lazy\" \/>\t\t\t\t\t\t\t\t\t\t\t\t\t\t\t<\/div>\n\t\t\t\t<\/div>\n\t\t\t\t\t<\/div>\n\t\t<\/div>\n\t\t\t\t<div class=\"elementor-column elementor-col-50 elementor-inner-column elementor-element elementor-element-28d1c08\" data-id=\"28d1c08\" data-element_type=\"column\">\n\t\t\t<div class=\"elementor-widget-wrap elementor-element-populated\">\n\t\t\t\t\t\t\t\t<div class=\"elementor-element elementor-element-812067d elementor-widget elementor-widget-accordion\" data-id=\"812067d\" data-element_type=\"widget\" data-widget_type=\"accordion.default\">\n\t\t\t\t<div class=\"elementor-widget-container\">\n\t\t\t\t\t<div class=\"elementor-accordion\" role=\"tablist\">\n\t\t\t\t\t\t\t<div class=\"elementor-accordion-item\">\n\t\t\t\t\t<div id=\"elementor-tab-title-1351\" class=\"elementor-tab-title\" data-tab=\"1\" role=\"tab\" aria-controls=\"elementor-tab-content-1351\" aria-expanded=\"false\">\n\t\t\t\t\t\t\t\t\t\t\t\t\t<span class=\"elementor-accordion-icon elementor-accordion-icon-left\" aria-hidden=\"true\">\n\t\t\t\t\t\t\t\t\t\t\t\t\t\t\t<span class=\"elementor-accordion-icon-closed\"><i class=\"fas fa-plus\"><\/i><\/span>\n\t\t\t\t\t\t\t\t<span class=\"elementor-accordion-icon-opened\"><i class=\"fas fa-minus\"><\/i><\/span>\n\t\t\t\t\t\t\t\t\t\t\t\t\t\t<\/span>\n\t\t\t\t\t\t\t\t\t\t\t\t<a class=\"elementor-accordion-title\" href=\"\">OBJETIVOS ESPEC\u00cdFICOS<\/a>\n\t\t\t\t\t<\/div>\n\t\t\t\t\t<div id=\"elementor-tab-content-1351\" class=\"elementor-tab-content elementor-clearfix\" data-tab=\"1\" role=\"tabpanel\" aria-labelledby=\"elementor-tab-title-1351\"><ul><li>Conozca los aspectos m\u00e1s importantes de la anatom\u00eda y fisiolog\u00eda de la abeja y sepa diferenciar los distintos individuos de la colmena.<\/li><li>Conozca el proceso de fecundaci\u00f3n y polinizaci\u00f3n y los diferentes agentes que intervienen en la misma.<\/li><li>Reconozca los aspectos m\u00e1s importantes de la nutrici\u00f3n y alimentaci\u00f3n de la abeja.<\/li><li>Identifique las distintas especies de la flora ap\u00edcola natural y cultivada.<\/li><\/ul><\/div>\n\t\t\t\t<\/div>\n\t\t\t\t\t\t\t<div class=\"elementor-accordion-item\">\n\t\t\t\t\t<div id=\"elementor-tab-title-1352\" class=\"elementor-tab-title\" data-tab=\"2\" role=\"tab\" aria-controls=\"elementor-tab-content-1352\" aria-expanded=\"false\">\n\t\t\t\t\t\t\t\t\t\t\t\t\t<span class=\"elementor-accordion-icon elementor-accordion-icon-left\" aria-hidden=\"true\">\n\t\t\t\t\t\t\t\t\t\t\t\t\t\t\t<span class=\"elementor-accordion-icon-closed\"><i class=\"fas fa-plus\"><\/i><\/span>\n\t\t\t\t\t\t\t\t<span class=\"elementor-accordion-icon-opened\"><i class=\"fas fa-minus\"><\/i><\/span>\n\t\t\t\t\t\t\t\t\t\t\t\t\t\t<\/span>\n\t\t\t\t\t\t\t\t\t\t\t\t<a class=\"elementor-accordion-title\" href=\"\">COMPETENCIAS<\/a>\n\t\t\t\t\t<\/div>\n\t\t\t\t\t<div id=\"elementor-tab-content-1352\" class=\"elementor-tab-content elementor-clearfix\" data-tab=\"2\" role=\"tabpanel\" aria-labelledby=\"elementor-tab-title-1352\"><ul><li>Intervenir en las tareas de manejo dentro de un apiario.<\/li><li>Colaborar en la identificaci\u00f3n de especies vegetales de inter\u00e9s ap\u00edcola.<\/li><li>Auxiliar en la recolecci\u00f3n de los distintos productos de la colmena: miel, jalea real, polen, polen ensilado, apitoxina, prop\u00f3leos y cera.<\/li><li>Colaborar en la producci\u00f3n comercial de miel. polen, prop\u00f3leos, jalea real, apitoxina, reinas, celdas reales y n\u00facleos.<\/li><li>Contribuir para una comercializaci\u00f3n y gesti\u00f3n ap\u00edcola eficiente.<\/li><\/ul><\/div>\n\t\t\t\t<\/div>\n\t\t\t\t\t\t\t<div class=\"elementor-accordion-item\">\n\t\t\t\t\t<div id=\"elementor-tab-title-1353\" class=\"elementor-tab-title\" data-tab=\"3\" role=\"tab\" aria-controls=\"elementor-tab-content-1353\" aria-expanded=\"false\">\n\t\t\t\t\t\t\t\t\t\t\t\t\t<span class=\"elementor-accordion-icon elementor-accordion-icon-left\" aria-hidden=\"true\">\n\t\t\t\t\t\t\t\t\t\t\t\t\t\t\t<span class=\"elementor-accordion-icon-closed\"><i class=\"fas fa-plus\"><\/i><\/span>\n\t\t\t\t\t\t\t\t<span class=\"elementor-accordion-icon-opened\"><i class=\"fas fa-minus\"><\/i><\/span>\n\t\t\t\t\t\t\t\t\t\t\t\t\t\t<\/span>\n\t\t\t\t\t\t\t\t\t\t\t\t<a class=\"elementor-accordion-title\" href=\"\">PERFIL<\/a>\n\t\t\t\t\t<\/div>\n\t\t\t\t\t<div id=\"elementor-tab-content-1353\" class=\"elementor-tab-content elementor-clearfix\" data-tab=\"3\" role=\"tabpanel\" aria-labelledby=\"elementor-tab-title-1353\"><ul><li>Intervenir en tareas de manejo y comercializaci\u00f3n ap\u00edcola.<\/li><li>Colaborar para una correcta recolecci\u00f3n y gesti\u00f3n en relaci\u00f3n a las tareas de un apiario.<\/li><li>Auxiliar en el diagn\u00f3stico de posibles alteraciones del colmenar y buscar alternativas de soluci\u00f3n.<\/li><li>Fortalecer las t\u00e9cnicas de manejo, que aseguran un correcto desempe\u00f1o en la actividad ap\u00edcola.<\/li><\/ul><\/div>\n\t\t\t\t<\/div>\n\t\t\t\t\t\t\t\t<\/div>\n\t\t\t\t<\/div>\n\t\t\t\t<\/div>\n\t\t\t\t\t<\/div>\n\t\t<\/div>\n\t\t\t\t\t\t\t<\/div>\n\t\t<\/section>\n\t\t\t\t\t<\/div>\n\t\t<\/div>\n\t\t\t\t\t\t\t<\/div>\n\t\t<\/section>\n\t\t\t\t\t\t<\/div>\n\t\t\t\t\t<\/div>\n\t\t","protected":false},"excerpt":{"rendered":"<p>T\u00edtulo otorgado:\u00a0T\u00e9cnico Universitario en Apicultura Duraci\u00f3n: 2 a\u00f1os PLAN DE ESTUDIOS OBJETIVOS ESPEC\u00cdFICOS Conozca los aspectos m\u00e1s importantes de la anatom\u00eda y fisiolog\u00eda de la abeja y sepa diferenciar los distintos individuos de la colmena. Conozca el proceso de fecundaci\u00f3n y polinizaci\u00f3n y los diferentes&#8230;<\/p>\n","protected":false},"author":1,"featured_media":0,"parent":15265,"menu_order":0,"comment_status":"closed","ping_status":"closed","template":"","meta":{"_mi_skip_tracking":false},"yoast_head":"<!-- This site is optimized with the Yoast SEO plugin v17.7.1 - https:\/\/yoast.com\/wordpress\/plugins\/seo\/ -->\n<meta name=\"description\" content=\"Ven\u00ed a encontrar el futuro que quieres tener. Estudi\u00e1 Tecnicatura Universitaria en Apicultura en la Facultad de Agronom\u00eda y Agroindustrias - UNSE.\" \/>\n<meta name=\"robots\" content=\"index, follow, max-snippet:-1, max-image-preview:large, max-video-preview:-1\" \/>\n<link rel=\"canonical\" href=\"https:\/\/faya.unse.edu.ar\/index.php\/carreras\/tecnicatura-en-apicultura\/\" \/>\n<meta property=\"og:locale\" content=\"es_ES\" \/>\n<meta property=\"og:type\" content=\"article\" \/>\n<meta property=\"og:title\" content=\"Tecnicatura Universitaria en Apicultura | Facultad de Agronom\u00eda y Agroindustrias UNSE | FAyA UNSE\" \/>\n<meta property=\"og:description\" content=\"Ven\u00ed a encontrar el futuro que quieres tener. Estudi\u00e1 Tecnicatura Universitaria en Apicultura en la Facultad de Agronom\u00eda y Agroindustrias - UNSE.\" \/>\n<meta property=\"og:url\" content=\"https:\/\/faya.unse.edu.ar\/index.php\/carreras\/tecnicatura-en-apicultura\/\" \/>\n<meta property=\"og:site_name\" content=\"Facultad de Agronom\u00eda y Agroindustrias UNSE | FAyA UNSE\" \/>\n<meta property=\"article:publisher\" content=\"https:\/\/www.facebook.com\/agroUNSE\/\" \/>\n<meta property=\"article:modified_time\" content=\"2026-04-22T14:56:37+00:00\" \/>\n<meta property=\"og:image\" content=\"https:\/\/faya.unse.edu.ar\/wp-content\/uploads\/te-api-345x198.png\" \/>\n<meta name=\"twitter:card\" content=\"summary_large_image\" \/>\n<meta name=\"twitter:site\" content=\"@fayaunse\" \/>\n<meta name=\"twitter:label1\" content=\"Tiempo de lectura\" \/>\n\t<meta name=\"twitter:data1\" content=\"2 minutos\" \/>\n<script type=\"application\/ld+json\" class=\"yoast-schema-graph\">{\"@context\":\"https:\/\/schema.org\",\"@graph\":[{\"@type\":\"WebSite\",\"@id\":\"https:\/\/faya.unse.edu.ar\/#website\",\"url\":\"https:\/\/faya.unse.edu.ar\/\",\"name\":\"Facultad de Agronom\\u00eda y Agroindustrias UNSE | FAyA UNSE\",\"description\":\"\",\"potentialAction\":[{\"@type\":\"SearchAction\",\"target\":{\"@type\":\"EntryPoint\",\"urlTemplate\":\"https:\/\/faya.unse.edu.ar\/?s={search_term_string}\"},\"query-input\":\"required name=search_term_string\"}],\"inLanguage\":\"es-AR\"},{\"@type\":\"ImageObject\",\"@id\":\"https:\/\/faya.unse.edu.ar\/index.php\/carreras\/tecnicatura-en-apicultura\/#primaryimage\",\"inLanguage\":\"es-AR\",\"url\":\"https:\/\/faya.unse.edu.ar\/wp-content\/uploads\/te-api.png\",\"contentUrl\":\"https:\/\/faya.unse.edu.ar\/wp-content\/uploads\/te-api.png\",\"width\":1080,\"height\":1080},{\"@type\":\"WebPage\",\"@id\":\"https:\/\/faya.unse.edu.ar\/index.php\/carreras\/tecnicatura-en-apicultura\/#webpage\",\"url\":\"https:\/\/faya.unse.edu.ar\/index.php\/carreras\/tecnicatura-en-apicultura\/\",\"name\":\"Tecnicatura Universitaria en Apicultura | Facultad de Agronom\\u00eda y Agroindustrias UNSE | FAyA UNSE\",\"isPartOf\":{\"@id\":\"https:\/\/faya.unse.edu.ar\/#website\"},\"primaryImageOfPage\":{\"@id\":\"https:\/\/faya.unse.edu.ar\/index.php\/carreras\/tecnicatura-en-apicultura\/#primaryimage\"},\"datePublished\":\"2018-09-19T01:12:35+00:00\",\"dateModified\":\"2026-04-22T14:56:37+00:00\",\"description\":\"Ven\\u00ed a encontrar el futuro que quieres tener. Estudi\\u00e1 Tecnicatura Universitaria en Apicultura en la Facultad de Agronom\\u00eda y Agroindustrias - UNSE.\",\"breadcrumb\":{\"@id\":\"https:\/\/faya.unse.edu.ar\/index.php\/carreras\/tecnicatura-en-apicultura\/#breadcrumb\"},\"inLanguage\":\"es-AR\",\"potentialAction\":[{\"@type\":\"ReadAction\",\"target\":[\"https:\/\/faya.unse.edu.ar\/index.php\/carreras\/tecnicatura-en-apicultura\/\"]}]},{\"@type\":\"BreadcrumbList\",\"@id\":\"https:\/\/faya.unse.edu.ar\/index.php\/carreras\/tecnicatura-en-apicultura\/#breadcrumb\",\"itemListElement\":[{\"@type\":\"ListItem\",\"position\":1,\"name\":\"Home\",\"item\":\"https:\/\/faya.unse.edu.ar\/\"},{\"@type\":\"ListItem\",\"position\":2,\"name\":\"Carreras\",\"item\":\"https:\/\/faya.unse.edu.ar\/index.php\/carreras\/\"},{\"@type\":\"ListItem\",\"position\":3,\"name\":\"Tecnicatura Universitaria en Apicultura\"}]}]}<\/script>\n<!-- \/ Yoast SEO plugin. -->","yoast_head_json":{"description":"Ven\u00ed a encontrar el futuro que quieres tener. Estudi\u00e1 Tecnicatura Universitaria en Apicultura en la Facultad de Agronom\u00eda y Agroindustrias - UNSE.","robots":{"index":"index","follow":"follow","max-snippet":"max-snippet:-1","max-image-preview":"max-image-preview:large","max-video-preview":"max-video-preview:-1"},"canonical":"https:\/\/faya.unse.edu.ar\/index.php\/carreras\/tecnicatura-en-apicultura\/","og_locale":"es_ES","og_type":"article","og_title":"Tecnicatura Universitaria en Apicultura | Facultad de Agronom\u00eda y Agroindustrias UNSE | FAyA UNSE","og_description":"Ven\u00ed a encontrar el futuro que quieres tener. Estudi\u00e1 Tecnicatura Universitaria en Apicultura en la Facultad de Agronom\u00eda y Agroindustrias - UNSE.","og_url":"https:\/\/faya.unse.edu.ar\/index.php\/carreras\/tecnicatura-en-apicultura\/","og_site_name":"Facultad de Agronom\u00eda y Agroindustrias UNSE | FAyA UNSE","article_publisher":"https:\/\/www.facebook.com\/agroUNSE\/","article_modified_time":"2026-04-22T14:56:37+00:00","og_image":[{"url":"https:\/\/faya.unse.edu.ar\/wp-content\/uploads\/te-api-345x198.png"}],"twitter_card":"summary_large_image","twitter_site":"@fayaunse","twitter_misc":{"Tiempo de lectura":"2 minutos"},"schema":{"@context":"https:\/\/schema.org","@graph":[{"@type":"WebSite","@id":"https:\/\/faya.unse.edu.ar\/#website","url":"https:\/\/faya.unse.edu.ar\/","name":"Facultad de Agronom\u00eda y Agroindustrias UNSE | FAyA UNSE","description":"","potentialAction":[{"@type":"SearchAction","target":{"@type":"EntryPoint","urlTemplate":"https:\/\/faya.unse.edu.ar\/?s={search_term_string}"},"query-input":"required name=search_term_string"}],"inLanguage":"es-AR"},{"@type":"ImageObject","@id":"https:\/\/faya.unse.edu.ar\/index.php\/carreras\/tecnicatura-en-apicultura\/#primaryimage","inLanguage":"es-AR","url":"https:\/\/faya.unse.edu.ar\/wp-content\/uploads\/te-api.png","contentUrl":"https:\/\/faya.unse.edu.ar\/wp-content\/uploads\/te-api.png","width":1080,"height":1080},{"@type":"WebPage","@id":"https:\/\/faya.unse.edu.ar\/index.php\/carreras\/tecnicatura-en-apicultura\/#webpage","url":"https:\/\/faya.unse.edu.ar\/index.php\/carreras\/tecnicatura-en-apicultura\/","name":"Tecnicatura Universitaria en Apicultura | Facultad de Agronom\u00eda y Agroindustrias UNSE | FAyA UNSE","isPartOf":{"@id":"https:\/\/faya.unse.edu.ar\/#website"},"primaryImageOfPage":{"@id":"https:\/\/faya.unse.edu.ar\/index.php\/carreras\/tecnicatura-en-apicultura\/#primaryimage"},"datePublished":"2018-09-19T01:12:35+00:00","dateModified":"2026-04-22T14:56:37+00:00","description":"Ven\u00ed a encontrar el futuro que quieres tener. Estudi\u00e1 Tecnicatura Universitaria en Apicultura en la Facultad de Agronom\u00eda y Agroindustrias - UNSE.","breadcrumb":{"@id":"https:\/\/faya.unse.edu.ar\/index.php\/carreras\/tecnicatura-en-apicultura\/#breadcrumb"},"inLanguage":"es-AR","potentialAction":[{"@type":"ReadAction","target":["https:\/\/faya.unse.edu.ar\/index.php\/carreras\/tecnicatura-en-apicultura\/"]}]},{"@type":"BreadcrumbList","@id":"https:\/\/faya.unse.edu.ar\/index.php\/carreras\/tecnicatura-en-apicultura\/#breadcrumb","itemListElement":[{"@type":"ListItem","position":1,"name":"Home","item":"https:\/\/faya.unse.edu.ar\/"},{"@type":"ListItem","position":2,"name":"Carreras","item":"https:\/\/faya.unse.edu.ar\/index.php\/carreras\/"},{"@type":"ListItem","position":3,"name":"Tecnicatura Universitaria en Apicultura"}]}]}},"_links":{"self":[{"href":"https:\/\/faya.unse.edu.ar\/index.php\/wp-json\/wp\/v2\/pages\/16227"}],"collection":[{"href":"https:\/\/faya.unse.edu.ar\/index.php\/wp-json\/wp\/v2\/pages"}],"about":[{"href":"https:\/\/faya.unse.edu.ar\/index.php\/wp-json\/wp\/v2\/types\/page"}],"author":[{"embeddable":true,"href":"https:\/\/faya.unse.edu.ar\/index.php\/wp-json\/wp\/v2\/users\/1"}],"replies":[{"embeddable":true,"href":"https:\/\/faya.unse.edu.ar\/index.php\/wp-json\/wp\/v2\/comments?post=16227"}],"version-history":[{"count":20,"href":"https:\/\/faya.unse.edu.ar\/index.php\/wp-json\/wp\/v2\/pages\/16227\/revisions"}],"predecessor-version":[{"id":36347,"href":"https:\/\/faya.unse.edu.ar\/index.php\/wp-json\/wp\/v2\/pages\/16227\/revisions\/36347"}],"up":[{"embeddable":true,"href":"https:\/\/faya.unse.edu.ar\/index.php\/wp-json\/wp\/v2\/pages\/15265"}],"wp:attachment":[{"href":"https:\/\/faya.unse.edu.ar\/index.php\/wp-json\/wp\/v2\/media?parent=16227"}],"curies":[{"name":"wp","href":"https:\/\/api.w.org\/{rel}","templated":true}]}}