{"id":16809,"date":"2018-12-19T12:58:50","date_gmt":"2018-12-19T15:58:50","guid":{"rendered":"http:\/\/faya.unse.edu.ar\/?page_id=16809"},"modified":"2024-11-21T10:58:27","modified_gmt":"2024-11-21T13:58:27","slug":"escuelas","status":"publish","type":"page","link":"https:\/\/faya.unse.edu.ar\/index.php\/escuelas\/","title":{"rendered":"Escuelas"},"content":{"rendered":"<p>[vc_row css_animation=&#8221;&#8221; row_type=&#8221;row&#8221; use_row_as_full_screen_section=&#8221;no&#8221; type=&#8221;grid&#8221; angled_section=&#8221;no&#8221; text_align=&#8221;left&#8221; background_image_as_pattern=&#8221;without_pattern&#8221; z_index=&#8221;&#8221;][vc_column][vc_separator type=&#8221;transparent&#8221; up=&#8221;60&#8243;][vc_column_text css=&#8221;.vc_custom_1545234423342{margin-right: 30px !important;margin-left: 30px !important;}&#8221;]<\/p>\n<h5>Las actividades docentes se nucle\u00e1n dentro de cuatro escuelas: de <strong>Agronom\u00eda<\/strong>, de\u00a0<strong>Alimentos, <\/strong>de<strong> Biotecnolog\u00eda<\/strong> y de\u00a0<strong>Qu\u00edmica.<\/strong><\/h5>\n<p>[\/vc_column_text][vc_separator type=&#8221;transparent&#8221; down=&#8221;60&#8243;][\/vc_column][\/vc_row][vc_row css_animation=&#8221;&#8221; row_type=&#8221;row&#8221; use_row_as_full_screen_section=&#8221;no&#8221; type=&#8221;grid&#8221; anchor=&#8221;portfolio&#8221; angled_section=&#8221;no&#8221; text_align=&#8221;left&#8221; background_image_as_pattern=&#8221;without_pattern&#8221; background_color=&#8221;#f8f8f8&#8243; padding_top=&#8221;90&#8243; padding_bottom=&#8221;90&#8243;][vc_column width=&#8221;1\/2&#8243;][vc_single_image image=&#8221;17238&#8243; img_size=&#8221;full&#8221; alignment=&#8221;center&#8221; qode_css_animation=&#8221;element_from_left&#8221; transition_delay=&#8221;0.2&#8243;][\/vc_column][vc_column width=&#8221;1\/2&#8243;][vc_column_text]<\/p>\n<h2 class=\"Estilo1\"><span class=\"Estilo1\">Escuela de Agronom\u00eda<\/span><\/h2>\n<p>Director: <strong>Ing. Enrique Antonio Lobos<\/strong><\/p>\n<p class=\"Estilo1\"><span class=\"Estilo1\">Consejo Asesor<\/span><\/p>\n<p class=\"Estilo1\"><span class=\"Estilo1\">\u00a0\u00a0\u00a0\u00a0\u00a0 Profesores: Ing. Leda Larcher. Ing. Rosa E. Beltr\u00e1n. Dra. M\u00f3nica A. Nazareno. Dr. Jos\u00e9 E. Galiano. Ing. Mar\u00eda del C. Ochoa. Ing. Mar\u00eda M. Paz.<br \/>\n<\/span><\/p>\n<p class=\"Estilo1\"><span class=\"Estilo1\">\u00a0\u00a0\u00a0\u00a0\u00a0 Auxiliar de docencia:<\/span><span class=\"Estilo1\"> Ing. Fernando C\u00e9spedes<br \/>\n<\/span><\/p>\n<p>[\/vc_column_text][vc_separator type=&#8221;transparent&#8221; up=&#8221;5&#8243; down=&#8221;16&#8243;][\/vc_column][\/vc_row][vc_row css_animation=&#8221;&#8221; row_type=&#8221;row&#8221; use_row_as_full_screen_section=&#8221;no&#8221; type=&#8221;grid&#8221; anchor=&#8221;portfolio&#8221; angled_section=&#8221;no&#8221; text_align=&#8221;left&#8221; background_image_as_pattern=&#8221;without_pattern&#8221; background_color=&#8221;#f1f1f1&#8243; padding_top=&#8221;90&#8243; padding_bottom=&#8221;0&#8243;][vc_column width=&#8221;1\/2&#8243;][vc_column_text]<\/p>\n<h2>Escuela de Alimentos<\/h2>\n<p>Directora: <strong>Dra. Sandra Luz Mart\u00ednez<\/strong><\/p>\n<p>Consejo Asesor<\/p>\n<p style=\"padding-left: 30px;\">Profesores: <span class=\"Estilo1\">Ing. Leda Larcher. Ing. Rosa E. Beltr\u00e1n. Dra. M\u00f3nica A. Nazareno. Dr. Jos\u00e9 E. Galiano. Ing. Mar\u00eda M. Paz.<\/span><br \/>\nAuxiliar de docencia: Dra. Catalina Torales.<\/p>\n<p>[\/vc_column_text][vc_separator type=&#8221;transparent&#8221; up=&#8221;89&#8243; down=&#8221;0&#8243;][\/vc_column][vc_column width=&#8221;1\/2&#8243;][vc_single_image image=&#8221;17239&#8243; img_size=&#8221;full&#8221; alignment=&#8221;center&#8221; qode_css_animation=&#8221;element_from_right&#8221; transition_delay=&#8221;0.4&#8243;][vc_separator type=&#8221;transparent&#8221; up=&#8221;89&#8243; down=&#8221;0&#8243;][\/vc_column][\/vc_row][vc_row css_animation=&#8221;&#8221; row_type=&#8221;row&#8221; use_row_as_full_screen_section=&#8221;no&#8221; type=&#8221;grid&#8221; anchor=&#8221;portfolio&#8221; angled_section=&#8221;no&#8221; text_align=&#8221;left&#8221; background_image_as_pattern=&#8221;without_pattern&#8221; background_color=&#8221;#f8f8f8&#8243; padding_top=&#8221;90&#8243; padding_bottom=&#8221;90&#8243;][vc_column width=&#8221;1\/2&#8243;][vc_single_image image=&#8221;17240&#8243; img_size=&#8221;full&#8221; alignment=&#8221;center&#8221; qode_css_animation=&#8221;element_from_left&#8221; transition_delay=&#8221;0.2&#8243;][\/vc_column][vc_column width=&#8221;1\/2&#8243;][vc_column_text]<\/p>\n<h2>Escuela de Biotecnolog\u00eda<\/h2>\n<p>Directora: Mar\u00eda Beatr\u00edz Espeche Turbay<\/p>\n<p>Consejo Asesor<\/p>\n<p style=\"padding-left: 30px;\">Profesores: <span class=\"Estilo1\">Ing. Leda Larcher. Ing. Rosa E. Beltr\u00e1n. Dra. M\u00f3nica A. Nazareno.Dr. Jos\u00e9 E. Galiano. Ing. Mar\u00eda del C. Ochoa. Ing. Mar\u00eda M. Paz<\/span>.<br \/>\nAuxiliares: Dr. Lu\u00eds A. Dorado<\/p>\n<p>[\/vc_column_text][vc_separator type=&#8221;transparent&#8221; up=&#8221;89&#8243; down=&#8221;0&#8243;][\/vc_column][\/vc_row][vc_row css_animation=&#8221;&#8221; row_type=&#8221;row&#8221; use_row_as_full_screen_section=&#8221;no&#8221; type=&#8221;grid&#8221; angled_section=&#8221;no&#8221; text_align=&#8221;left&#8221; background_image_as_pattern=&#8221;without_pattern&#8221; background_color=&#8221;#f1f1f1&#8243; padding_top=&#8221;48&#8243; padding_bottom=&#8221;52&#8243;][vc_column][vc_column_text]<\/p>\n<h2>Escuela de Qu\u00edmica<\/h2>\n<p>Directora:<strong> Dra. Susana del H. Pettinicchi\u00a0Men\u00e9ndez<\/strong><\/p>\n<p>Consejo Asesor<\/p>\n<p>Profesores: <span class=\"Estilo1\">Ing. Leda Larcher. Ing. Rosa E. Beltr\u00e1n. Dra. M\u00f3nica A. Nazareno. Dr. Jos\u00e9 E. Galiano. Ing. Mar\u00eda del C. Ochoa. Ing. Mar\u00eda M. Paz.<\/span><br \/>\nAuxiliar de docencia: Dra. Mariana E. Garcia.<\/p>\n<p>[\/vc_column_text][vc_separator type=&#8221;transparent&#8221; up=&#8221;89&#8243; down=&#8221;0&#8243;][\/vc_column][vc_column width=&#8221;1\/2&#8243;][vc_single_image image=&#8221;17239&#8243; img_size=&#8221;full&#8221; alignment=&#8221;center&#8221; qode_css_animation=&#8221;element_from_right&#8221; transition_delay=&#8221;0.4&#8243;][vc_separator type=&#8221;transparent&#8221; up=&#8221;89&#8243; down=&#8221;0&#8243;][\/vc_column][\/vc_row][vc_row css_animation=&#8221;&#8221; row_type=&#8221;row&#8221; use_row_as_full_screen_section=&#8221;no&#8221; type=&#8221;grid&#8221; anchor=&#8221;portfolio&#8221; angled_section=&#8221;no&#8221; text_align=&#8221;left&#8221; background_image_as_pattern=&#8221;without_pattern&#8221; background_color=&#8221;#f8f8f8&#8243; padding_top=&#8221;90&#8243; padding_bottom=&#8221;90&#8243;][vc_column width=&#8221;1\/2&#8243;][vc_single_image image=&#8221;17240&#8243; img_size=&#8221;full&#8221; alignment=&#8221;center&#8221; qode_css_animation=&#8221;element_from_left&#8221; transition_delay=&#8221;0.2&#8243;][\/vc_column][vc_column width=&#8221;1\/2&#8243;][vc_column_text]<\/p>\n<h6 style=\"text-align: center;\"><span style=\"color: #f53644;\"><strong>info.faa@unse.edu.ar <\/strong><\/span>\u00a0+54-385-4509-528<\/h6>\n<p>[\/vc_column_text][\/vc_column][\/vc_row]<\/p>\n","protected":false},"excerpt":{"rendered":"<p>[vc_row css_animation=&#8221;&#8221; row_type=&#8221;row&#8221; use_row_as_full_screen_section=&#8221;no&#8221; type=&#8221;grid&#8221; angled_section=&#8221;no&#8221; text_align=&#8221;left&#8221; background_image_as_pattern=&#8221;without_pattern&#8221; z_index=&#8221;&#8221;][vc_column][vc_separator type=&#8221;transparent&#8221; up=&#8221;60&#8243;][vc_column_text css=&#8221;.vc_custom_1545234423342{margin-right: 30px !important;margin-left: 30px !important;}&#8221;] Las actividades docentes se nucle\u00e1n dentro de cuatro escuelas: de Agronom\u00eda, de\u00a0Alimentos, de Biotecnolog\u00eda y de\u00a0Qu\u00edmica. [\/vc_column_text][vc_separator type=&#8221;transparent&#8221; down=&#8221;60&#8243;][\/vc_column][\/vc_row][vc_row css_animation=&#8221;&#8221; row_type=&#8221;row&#8221; use_row_as_full_screen_section=&#8221;no&#8221; type=&#8221;grid&#8221; anchor=&#8221;portfolio&#8221; angled_section=&#8221;no&#8221; text_align=&#8221;left&#8221; background_image_as_pattern=&#8221;without_pattern&#8221; background_color=&#8221;#f8f8f8&#8243; padding_top=&#8221;90&#8243;&#8230;<\/p>\n","protected":false},"author":1,"featured_media":0,"parent":0,"menu_order":0,"comment_status":"open","ping_status":"closed","template":"full_width.php","meta":{"_mi_skip_tracking":false},"yoast_head":"<!-- This site is optimized with the Yoast SEO plugin v17.7.1 - https:\/\/yoast.com\/wordpress\/plugins\/seo\/ -->\n<meta name=\"robots\" content=\"index, follow, max-snippet:-1, max-image-preview:large, max-video-preview:-1\" \/>\n<link rel=\"canonical\" href=\"https:\/\/faya.unse.edu.ar\/index.php\/escuelas\/\" \/>\n<meta property=\"og:locale\" content=\"es_ES\" \/>\n<meta property=\"og:type\" content=\"article\" \/>\n<meta property=\"og:title\" content=\"Escuelas | Facultad de Agronom\u00eda y Agroindustrias UNSE | FAyA UNSE\" \/>\n<meta property=\"og:description\" content=\"[vc_row css_animation=&#8221;&#8221; row_type=&#8221;row&#8221; use_row_as_full_screen_section=&#8221;no&#8221; type=&#8221;grid&#8221; angled_section=&#8221;no&#8221; text_align=&#8221;left&#8221; background_image_as_pattern=&#8221;without_pattern&#8221; z_index=&#8221;&#8221;][vc_column][vc_separator type=&#8221;transparent&#8221; up=&#8221;60&#8243;][vc_column_text css=&#8221;.vc_custom_1545234423342{margin-right: 30px !important;margin-left: 30px !important;}&#8221;] Las actividades docentes se nucle\u00e1n dentro de cuatro escuelas: de Agronom\u00eda, de\u00a0Alimentos, de Biotecnolog\u00eda y de\u00a0Qu\u00edmica. [\/vc_column_text][vc_separator type=&#8221;transparent&#8221; down=&#8221;60&#8243;][\/vc_column][\/vc_row][vc_row css_animation=&#8221;&#8221; row_type=&#8221;row&#8221; use_row_as_full_screen_section=&#8221;no&#8221; type=&#8221;grid&#8221; anchor=&#8221;portfolio&#8221; angled_section=&#8221;no&#8221; text_align=&#8221;left&#8221; background_image_as_pattern=&#8221;without_pattern&#8221; background_color=&#8221;#f8f8f8&#8243; padding_top=&#8221;90&#8243;...\" \/>\n<meta property=\"og:url\" content=\"https:\/\/faya.unse.edu.ar\/index.php\/escuelas\/\" \/>\n<meta property=\"og:site_name\" content=\"Facultad de Agronom\u00eda y Agroindustrias UNSE | FAyA UNSE\" \/>\n<meta property=\"article:publisher\" content=\"https:\/\/www.facebook.com\/agroUNSE\/\" \/>\n<meta property=\"article:modified_time\" content=\"2024-11-21T13:58:27+00:00\" \/>\n<meta name=\"twitter:card\" content=\"summary_large_image\" \/>\n<meta name=\"twitter:site\" content=\"@fayaunse\" \/>\n<meta name=\"twitter:label1\" content=\"Tiempo de lectura\" \/>\n\t<meta name=\"twitter:data1\" content=\"2 minutos\" \/>\n<script type=\"application\/ld+json\" class=\"yoast-schema-graph\">{\"@context\":\"https:\/\/schema.org\",\"@graph\":[{\"@type\":\"WebSite\",\"@id\":\"https:\/\/faya.unse.edu.ar\/#website\",\"url\":\"https:\/\/faya.unse.edu.ar\/\",\"name\":\"Facultad de Agronom\\u00eda y Agroindustrias UNSE | FAyA UNSE\",\"description\":\"\",\"potentialAction\":[{\"@type\":\"SearchAction\",\"target\":{\"@type\":\"EntryPoint\",\"urlTemplate\":\"https:\/\/faya.unse.edu.ar\/?s={search_term_string}\"},\"query-input\":\"required name=search_term_string\"}],\"inLanguage\":\"es-AR\"},{\"@type\":\"WebPage\",\"@id\":\"https:\/\/faya.unse.edu.ar\/index.php\/escuelas\/#webpage\",\"url\":\"https:\/\/faya.unse.edu.ar\/index.php\/escuelas\/\",\"name\":\"Escuelas | Facultad de Agronom\\u00eda y Agroindustrias UNSE | FAyA UNSE\",\"isPartOf\":{\"@id\":\"https:\/\/faya.unse.edu.ar\/#website\"},\"datePublished\":\"2018-12-19T15:58:50+00:00\",\"dateModified\":\"2024-11-21T13:58:27+00:00\",\"breadcrumb\":{\"@id\":\"https:\/\/faya.unse.edu.ar\/index.php\/escuelas\/#breadcrumb\"},\"inLanguage\":\"es-AR\",\"potentialAction\":[{\"@type\":\"ReadAction\",\"target\":[\"https:\/\/faya.unse.edu.ar\/index.php\/escuelas\/\"]}]},{\"@type\":\"BreadcrumbList\",\"@id\":\"https:\/\/faya.unse.edu.ar\/index.php\/escuelas\/#breadcrumb\",\"itemListElement\":[{\"@type\":\"ListItem\",\"position\":1,\"name\":\"Home\",\"item\":\"https:\/\/faya.unse.edu.ar\/\"},{\"@type\":\"ListItem\",\"position\":2,\"name\":\"Escuelas\"}]}]}<\/script>\n<!-- \/ Yoast SEO plugin. -->","yoast_head_json":{"robots":{"index":"index","follow":"follow","max-snippet":"max-snippet:-1","max-image-preview":"max-image-preview:large","max-video-preview":"max-video-preview:-1"},"canonical":"https:\/\/faya.unse.edu.ar\/index.php\/escuelas\/","og_locale":"es_ES","og_type":"article","og_title":"Escuelas | Facultad de Agronom\u00eda y Agroindustrias UNSE | FAyA UNSE","og_description":"[vc_row css_animation=&#8221;&#8221; row_type=&#8221;row&#8221; use_row_as_full_screen_section=&#8221;no&#8221; type=&#8221;grid&#8221; angled_section=&#8221;no&#8221; text_align=&#8221;left&#8221; background_image_as_pattern=&#8221;without_pattern&#8221; z_index=&#8221;&#8221;][vc_column][vc_separator type=&#8221;transparent&#8221; up=&#8221;60&#8243;][vc_column_text css=&#8221;.vc_custom_1545234423342{margin-right: 30px !important;margin-left: 30px !important;}&#8221;] Las actividades docentes se nucle\u00e1n dentro de cuatro escuelas: de Agronom\u00eda, de\u00a0Alimentos, de Biotecnolog\u00eda y de\u00a0Qu\u00edmica. [\/vc_column_text][vc_separator type=&#8221;transparent&#8221; down=&#8221;60&#8243;][\/vc_column][\/vc_row][vc_row css_animation=&#8221;&#8221; row_type=&#8221;row&#8221; use_row_as_full_screen_section=&#8221;no&#8221; type=&#8221;grid&#8221; anchor=&#8221;portfolio&#8221; angled_section=&#8221;no&#8221; text_align=&#8221;left&#8221; background_image_as_pattern=&#8221;without_pattern&#8221; background_color=&#8221;#f8f8f8&#8243; padding_top=&#8221;90&#8243;...","og_url":"https:\/\/faya.unse.edu.ar\/index.php\/escuelas\/","og_site_name":"Facultad de Agronom\u00eda y Agroindustrias UNSE | FAyA UNSE","article_publisher":"https:\/\/www.facebook.com\/agroUNSE\/","article_modified_time":"2024-11-21T13:58:27+00:00","twitter_card":"summary_large_image","twitter_site":"@fayaunse","twitter_misc":{"Tiempo de lectura":"2 minutos"},"schema":{"@context":"https:\/\/schema.org","@graph":[{"@type":"WebSite","@id":"https:\/\/faya.unse.edu.ar\/#website","url":"https:\/\/faya.unse.edu.ar\/","name":"Facultad de Agronom\u00eda y Agroindustrias UNSE | FAyA UNSE","description":"","potentialAction":[{"@type":"SearchAction","target":{"@type":"EntryPoint","urlTemplate":"https:\/\/faya.unse.edu.ar\/?s={search_term_string}"},"query-input":"required name=search_term_string"}],"inLanguage":"es-AR"},{"@type":"WebPage","@id":"https:\/\/faya.unse.edu.ar\/index.php\/escuelas\/#webpage","url":"https:\/\/faya.unse.edu.ar\/index.php\/escuelas\/","name":"Escuelas | Facultad de Agronom\u00eda y Agroindustrias UNSE | FAyA UNSE","isPartOf":{"@id":"https:\/\/faya.unse.edu.ar\/#website"},"datePublished":"2018-12-19T15:58:50+00:00","dateModified":"2024-11-21T13:58:27+00:00","breadcrumb":{"@id":"https:\/\/faya.unse.edu.ar\/index.php\/escuelas\/#breadcrumb"},"inLanguage":"es-AR","potentialAction":[{"@type":"ReadAction","target":["https:\/\/faya.unse.edu.ar\/index.php\/escuelas\/"]}]},{"@type":"BreadcrumbList","@id":"https:\/\/faya.unse.edu.ar\/index.php\/escuelas\/#breadcrumb","itemListElement":[{"@type":"ListItem","position":1,"name":"Home","item":"https:\/\/faya.unse.edu.ar\/"},{"@type":"ListItem","position":2,"name":"Escuelas"}]}]}},"_links":{"self":[{"href":"https:\/\/faya.unse.edu.ar\/index.php\/wp-json\/wp\/v2\/pages\/16809"}],"collection":[{"href":"https:\/\/faya.unse.edu.ar\/index.php\/wp-json\/wp\/v2\/pages"}],"about":[{"href":"https:\/\/faya.unse.edu.ar\/index.php\/wp-json\/wp\/v2\/types\/page"}],"author":[{"embeddable":true,"href":"https:\/\/faya.unse.edu.ar\/index.php\/wp-json\/wp\/v2\/users\/1"}],"replies":[{"embeddable":true,"href":"https:\/\/faya.unse.edu.ar\/index.php\/wp-json\/wp\/v2\/comments?post=16809"}],"version-history":[{"count":7,"href":"https:\/\/faya.unse.edu.ar\/index.php\/wp-json\/wp\/v2\/pages\/16809\/revisions"}],"predecessor-version":[{"id":33796,"href":"https:\/\/faya.unse.edu.ar\/index.php\/wp-json\/wp\/v2\/pages\/16809\/revisions\/33796"}],"wp:attachment":[{"href":"https:\/\/faya.unse.edu.ar\/index.php\/wp-json\/wp\/v2\/media?parent=16809"}],"curies":[{"name":"wp","href":"https:\/\/api.w.org\/{rel}","templated":true}]}}