{"id":16836,"date":"2018-12-19T19:50:18","date_gmt":"2018-12-19T22:50:18","guid":{"rendered":"http:\/\/faya.unse.edu.ar\/?page_id=16836"},"modified":"2026-03-19T11:20:42","modified_gmt":"2026-03-19T14:20:42","slug":"servicios-a-terceros","status":"publish","type":"page","link":"https:\/\/faya.unse.edu.ar\/index.php\/extension\/servicios-a-terceros\/","title":{"rendered":"Servicios"},"content":{"rendered":"<p>[vc_row css_animation=&#8221;&#8221; row_type=&#8221;row&#8221; use_row_as_full_screen_section=&#8221;no&#8221; type=&#8221;full_width&#8221; angled_section=&#8221;no&#8221; text_align=&#8221;left&#8221; background_image_as_pattern=&#8221;without_pattern&#8221;][vc_column][vc_column_text]La UNSE a trav\u00e9s de sus Unidades Acad\u00e9micas, programa, conviene y ejecuta actividades de vinculaci\u00f3n y transferencia al entorno socio-econ\u00f3mico, las que deber\u00e1n mantener nivel cient\u00edfico y tecnol\u00f3gico seg\u00fan lo establece la Ley 23.877 de Promoci\u00f3n y Fomento de la Innovaci\u00f3n Tecnol\u00f3gica, sus decretos reglamentarios, la Ley de Educaci\u00f3n Superior y el Estatuto de la Universidad Nacional de Santiago del Estero.<\/p>\n<p>En este sentido la Facultad de Agronom\u00eda y Agroindustrias brinda a la sociedad a trav\u00e9s de sus docentes, altamente capacitados, los siguientes<strong>\u00a0servicios de oferta permanente<\/strong>, los que adem\u00e1s se multiplican con una serie de actividades de capacitaci\u00f3n complementarias.[\/vc_column_text][vc_empty_space height=&#8221;60px&#8221;][\/vc_column][\/vc_row][vc_row css_animation=&#8221;&#8221; row_type=&#8221;row&#8221; use_row_as_full_screen_section=&#8221;no&#8221; type=&#8221;full_width&#8221; angled_section=&#8221;no&#8221; text_align=&#8221;left&#8221; background_image_as_pattern=&#8221;without_pattern&#8221;][vc_column]<div class=\"qode-accordion-holder clearfix qode-accordion qode-initial \">\n\t<h4 class=\"clearfix qode-title-holder\">\n<span class=\"qode-tab-title\">\n\t    <span class=\"qode-tab-title-inner\">\n        Centro de Investigaciones Ap\u00edcolas (CEDIA)    <\/span>\n<\/span>\n<span class=\"qode-accordion-mark\">\n    <span class=\"qode-accordion-mark-icon\">\n        <span class=\"icon_plus\"><\/span>\n        <span class=\"icon_minus-06\"><\/span>\n    <\/span>\n<\/span>\n<\/h4>\n<div class=\"qode-accordion-content \" >\n    <div class=\"qode-accordion-content-inner\">\n        [vc_column_text]<\/p>\n<ul>\n<li><span style=\"color: initial;\">An\u00e1lisis de Miel, Polen, Jalea Real, Cera y Prop\u00f3leos (CDFAA 026\/1998)<\/span><\/li>\n<li><span style=\"color: initial;\">Curso &#8220;Capacitaci\u00f3n en Cera de abejas&#8221; (CDFAA 068\/2013)<\/span><\/li>\n<li><span style=\"color: initial;\">Curso &#8220;Capacitaci\u00f3n en Miel&#8221; (CDFAA 068\/2013)<\/span><\/li>\n<li><span style=\"color: initial;\">Curso &#8220;Capacitaci\u00f3n en Polen&#8221; (CDFAA 068\/2013)<\/span><\/li>\n<li><span style=\"color: initial;\">Curso &#8220;Capacitaci\u00f3n en Prop\u00f3leos&#8221; (CDFAA 068\/2013)<\/span><\/li>\n<li><a href=\"https:\/\/faya.unse.edu.ar\/index.php\/diplomatura-en-produccion-apicola-sostenible\/\" target=\"_blank\" rel=\"noopener\"><span style=\"color: initial;\"><span style=\"color: initial;\">SOP Diplomatura en Producci\u00f3n Ap\u00edcola Sostenible (CDFAA 110\/2024)<\/span><\/span><\/a><\/li>\n<\/ul>\n<p>[\/vc_column_text]    <\/div>\n<\/div><h4 class=\"clearfix qode-title-holder\">\n<span class=\"qode-tab-title\">\n\t    <span class=\"qode-tab-title-inner\">\n        Instituto de Ciencias Qu\u00edmicas (ICQ)    <\/span>\n<\/span>\n<span class=\"qode-accordion-mark\">\n    <span class=\"qode-accordion-mark-icon\">\n        <span class=\"icon_plus\"><\/span>\n        <span class=\"icon_minus-06\"><\/span>\n    <\/span>\n<\/span>\n<\/h4>\n<div class=\"qode-accordion-content \" >\n    <div class=\"qode-accordion-content-inner\">\n        [vc_column_text]<\/p>\n<ul>\n<li>SOP &#8220;Curso-Taller: Introducci\u00f3n a los sistemas productivos de Cannabis medicinal&#8221; (CDFAA 267\/2022)<\/li>\n<li>SOP \u201cDeterminaci\u00f3n de Biomarcadores de estr\u00e9s oxidativo en sistemas biol\u00f3gicos\u201d (CDFAA 080\/2012)<\/li>\n<li>SOP \u201cDeterminaci\u00f3n de compuestos fen\u00f3licos antioxidantes en cultivos celulares vegetales\u201d (CDFAA 075\/2022)<\/li>\n<li>SOP \u201cDeterminaci\u00f3n de feromonas de insectos por cromatograf\u00eda gaseosa\u201d (CDFAA 147\/2018)<\/li>\n<li>SOP Determinaci\u00f3n de \u00c1cidos Grasos Vol\u00e1tiles por Cromatograf\u00eda Gaseosa (CDFAA 053\/2008)<\/li>\n<\/ul>\n<p>[\/vc_column_text]    <\/div>\n<\/div><h4 class=\"clearfix qode-title-holder\">\n<span class=\"qode-tab-title\">\n\t    <span class=\"qode-tab-title-inner\">\n        Instituto de Ciencia y Tecnolog\u00eda de los Alimentos (ICyTA)    <\/span>\n<\/span>\n<span class=\"qode-accordion-mark\">\n    <span class=\"qode-accordion-mark-icon\">\n        <span class=\"icon_plus\"><\/span>\n        <span class=\"icon_minus-06\"><\/span>\n    <\/span>\n<\/span>\n<\/h4>\n<div class=\"qode-accordion-content \" >\n    <div class=\"qode-accordion-content-inner\">\n        [vc_column_text]<\/p>\n<ul>\n<li>An\u00e1lisis de Alimentos y Asesor\u00eda Tecnol\u00f3gica<\/li>\n<\/ul>\n<p>[\/vc_column_text]    <\/div>\n<\/div><h4 class=\"clearfix qode-title-holder\">\n<span class=\"qode-tab-title\">\n\t    <span class=\"qode-tab-title-inner\">\n        Instituto de Investigaci\u00f3n y Estudios en Ense\u00f1anza de las Ciencias (IIEEC)    <\/span>\n<\/span>\n<span class=\"qode-accordion-mark\">\n    <span class=\"qode-accordion-mark-icon\">\n        <span class=\"icon_plus\"><\/span>\n        <span class=\"icon_minus-06\"><\/span>\n    <\/span>\n<\/span>\n<\/h4>\n<div class=\"qode-accordion-content \" >\n    <div class=\"qode-accordion-content-inner\">\n        [vc_column_text]<\/p>\n<ul>\n<li>Curso Taller de Lectoescritura de Art\u00edculos en Ingles (CDFAA 171\/2022)<\/li>\n<li>SOP Curso de perfeccionamiento y capacitaci\u00f3n docente &#8220;El aprendizaje activo en nuestro contexto educativo&#8221; (CDFAA 138\/2023)<\/li>\n<\/ul>\n<p>[\/vc_column_text]    <\/div>\n<\/div><h4 class=\"clearfix qode-title-holder\">\n<span class=\"qode-tab-title\">\n\t    <span class=\"qode-tab-title-inner\">\n        Instituto para el Desarrollo Agropecuario del Semi\u00e1rido (INDEAS)    <\/span>\n<\/span>\n<span class=\"qode-accordion-mark\">\n    <span class=\"qode-accordion-mark-icon\">\n        <span class=\"icon_plus\"><\/span>\n        <span class=\"icon_minus-06\"><\/span>\n    <\/span>\n<\/span>\n<\/h4>\n<div class=\"qode-accordion-content \" >\n    <div class=\"qode-accordion-content-inner\">\n        [vc_column_text]<\/p>\n<ul>\n<li>An\u00e1lisis de Semillas (CDFAA 035\/1998)<\/li>\n<li>Asesoramiento t\u00e9cnico, provisi\u00f3n de fruta fresca tuna (CDFAA 057\/2024)<\/li>\n<li>SOP An\u00e1lisis cuantitativos de propiedades biol\u00f3gicas y bioqu\u00edmicas de suelos relacionados a los procesos de mineralizaci\u00f3n e inmovilizaci\u00f3n (CDFAA 091\/2002)<\/li>\n<li>SOP Asesoramiento t\u00e9cnico y provisi\u00f3n de material vegetal para la implantaci\u00f3n de tunas para fruta, forraje y verdura (CDFAA 144\/2023)<\/li>\n<li>SOP Bioensayos para determinaci\u00f3n de fitotoxicidad y residuos de herbicidas (CDFAA 069\/2025)<\/li>\n<li><a href=\"https:\/\/faya.unse.edu.ar\/index.php\/diplomatura-en-uso-multiple-de-la-vegetacion-nativa-chaquena\/\" target=\"_blank\" rel=\"noopener\">SOP Diplomatura en uso m\u00faltiple de la vegetaci\u00f3n nativa chaque\u00f1a (CDFAA 224\/2024)<\/a><\/li>\n<\/ul>\n<p>[\/vc_column_text]    <\/div>\n<\/div><h4 class=\"clearfix qode-title-holder\">\n<span class=\"qode-tab-title\">\n\t    <span class=\"qode-tab-title-inner\">\n        Planta Piloto de Procesamiento de Alimentos    <\/span>\n<\/span>\n<span class=\"qode-accordion-mark\">\n    <span class=\"qode-accordion-mark-icon\">\n        <span class=\"icon_plus\"><\/span>\n        <span class=\"icon_minus-06\"><\/span>\n    <\/span>\n<\/span>\n<\/h4>\n<div class=\"qode-accordion-content \" >\n    <div class=\"qode-accordion-content-inner\">\n        [vc_column_text]<\/p>\n<ul>\n<li>Capacitaci\u00f3n en Manipulaci\u00f3n segura de alimentos (CDFAA 231\/2023)<\/li>\n<li>Servicio de Procesamiento de frutos aut\u00f3ctonos, silvestres y granos libres de gluten del Noroeste semi\u00e1rido argentino (CDFAA 148\/2019)<\/li>\n<li>SOP Obtenci\u00f3n de pulpas de frutas (CDFAA 046\/2024)<\/li>\n<li>SOP Talleres Educativos Productivos (CDFAA 074\/2001)<\/li>\n<\/ul>\n<p>[\/vc_column_text]    <\/div>\n<\/div><h4 class=\"clearfix qode-title-holder\">\n<span class=\"qode-tab-title\">\n\t    <span class=\"qode-tab-title-inner\">\n        Secretar\u00eda de Vinculaci\u00f3n, Transferencia y Extensi\u00f3n    <\/span>\n<\/span>\n<span class=\"qode-accordion-mark\">\n    <span class=\"qode-accordion-mark-icon\">\n        <span class=\"icon_plus\"><\/span>\n        <span class=\"icon_minus-06\"><\/span>\n    <\/span>\n<\/span>\n<\/h4>\n<div class=\"qode-accordion-content \" >\n    <div class=\"qode-accordion-content-inner\">\n        [vc_column_text]<\/p>\n<ul>\n<li><a href=\"https:\/\/faya.unse.edu.ar\/index.php\/diplomatura-en-inteligencia-artificial-aplicada-a-la-educacion-universitaria\/\" target=\"_blank\" rel=\"noopener\">SOP Diplomatura en Inteligencia Artificial aplicada a la Educaci\u00f3n Universitaria (CDFAA 281\/2024)<\/a><\/li>\n<li>SOP Talleres para el Desarrollo Personal y Profesional (CDFAA 098\/2025)<\/li>\n<li><a href=\"https:\/\/faya.unse.edu.ar\/index.php\/diplomatura-en-innovacion-y-emprendedorismo\/\" target=\"_blank\" rel=\"noopener\">SOP Diplomatura en Innovaci\u00f3n y Emprendedorismo (CDFAA N\u00b0 014\/2020)<\/a><\/li>\n<\/ul>\n<p>[\/vc_column_text]    <\/div>\n<\/div><\/div>[\/vc_column][\/vc_row][vc_row css_animation=&#8221;&#8221; row_type=&#8221;row&#8221; use_row_as_full_screen_section=&#8221;no&#8221; type=&#8221;full_width&#8221; angled_section=&#8221;no&#8221; text_align=&#8221;left&#8221; background_image_as_pattern=&#8221;without_pattern&#8221;][vc_column][vc_empty_space height=&#8221;60px&#8221;][\/vc_column][\/vc_row]<\/p>\n","protected":false},"excerpt":{"rendered":"<p>[vc_row css_animation=&#8221;&#8221; row_type=&#8221;row&#8221; use_row_as_full_screen_section=&#8221;no&#8221; type=&#8221;full_width&#8221; angled_section=&#8221;no&#8221; text_align=&#8221;left&#8221; background_image_as_pattern=&#8221;without_pattern&#8221;][vc_column][vc_column_text]La UNSE a trav\u00e9s de sus Unidades Acad\u00e9micas, programa, conviene y ejecuta actividades de vinculaci\u00f3n y transferencia al entorno socio-econ\u00f3mico, las que deber\u00e1n mantener nivel cient\u00edfico y tecnol\u00f3gico seg\u00fan lo establece la Ley 23.877 de Promoci\u00f3n y Fomento&#8230;<\/p>\n","protected":false},"author":1,"featured_media":0,"parent":16016,"menu_order":0,"comment_status":"closed","ping_status":"closed","template":"","meta":{"_mi_skip_tracking":false},"yoast_head":"<!-- This site is optimized with the Yoast SEO plugin v17.7.1 - https:\/\/yoast.com\/wordpress\/plugins\/seo\/ -->\n<meta name=\"robots\" content=\"index, follow, max-snippet:-1, max-image-preview:large, max-video-preview:-1\" \/>\n<link rel=\"canonical\" href=\"https:\/\/faya.unse.edu.ar\/index.php\/extension\/servicios-a-terceros\/\" \/>\n<meta property=\"og:locale\" content=\"es_ES\" \/>\n<meta property=\"og:type\" content=\"article\" \/>\n<meta property=\"og:title\" content=\"Servicios | Facultad de Agronom\u00eda y Agroindustrias UNSE | FAyA UNSE\" \/>\n<meta property=\"og:description\" content=\"[vc_row css_animation=&#8221;&#8221; row_type=&#8221;row&#8221; use_row_as_full_screen_section=&#8221;no&#8221; type=&#8221;full_width&#8221; angled_section=&#8221;no&#8221; text_align=&#8221;left&#8221; background_image_as_pattern=&#8221;without_pattern&#8221;][vc_column][vc_column_text]La UNSE a trav\u00e9s de sus Unidades Acad\u00e9micas, programa, conviene y ejecuta actividades de vinculaci\u00f3n y transferencia al entorno socio-econ\u00f3mico, las que deber\u00e1n mantener nivel cient\u00edfico y tecnol\u00f3gico seg\u00fan lo establece la Ley 23.877 de Promoci\u00f3n y Fomento...\" \/>\n<meta property=\"og:url\" content=\"https:\/\/faya.unse.edu.ar\/index.php\/extension\/servicios-a-terceros\/\" \/>\n<meta property=\"og:site_name\" content=\"Facultad de Agronom\u00eda y Agroindustrias UNSE | FAyA UNSE\" \/>\n<meta property=\"article:publisher\" content=\"https:\/\/www.facebook.com\/agroUNSE\/\" \/>\n<meta property=\"article:modified_time\" content=\"2026-03-19T14:20:42+00:00\" \/>\n<meta name=\"twitter:card\" content=\"summary_large_image\" \/>\n<meta name=\"twitter:site\" content=\"@fayaunse\" \/>\n<meta name=\"twitter:label1\" content=\"Tiempo de lectura\" \/>\n\t<meta name=\"twitter:data1\" content=\"3 minutos\" \/>\n<script type=\"application\/ld+json\" class=\"yoast-schema-graph\">{\"@context\":\"https:\/\/schema.org\",\"@graph\":[{\"@type\":\"WebSite\",\"@id\":\"https:\/\/faya.unse.edu.ar\/#website\",\"url\":\"https:\/\/faya.unse.edu.ar\/\",\"name\":\"Facultad de Agronom\\u00eda y Agroindustrias UNSE | FAyA UNSE\",\"description\":\"\",\"potentialAction\":[{\"@type\":\"SearchAction\",\"target\":{\"@type\":\"EntryPoint\",\"urlTemplate\":\"https:\/\/faya.unse.edu.ar\/?s={search_term_string}\"},\"query-input\":\"required name=search_term_string\"}],\"inLanguage\":\"es-AR\"},{\"@type\":\"WebPage\",\"@id\":\"https:\/\/faya.unse.edu.ar\/index.php\/extension\/servicios-a-terceros\/#webpage\",\"url\":\"https:\/\/faya.unse.edu.ar\/index.php\/extension\/servicios-a-terceros\/\",\"name\":\"Servicios | Facultad de Agronom\\u00eda y Agroindustrias UNSE | FAyA UNSE\",\"isPartOf\":{\"@id\":\"https:\/\/faya.unse.edu.ar\/#website\"},\"datePublished\":\"2018-12-19T22:50:18+00:00\",\"dateModified\":\"2026-03-19T14:20:42+00:00\",\"breadcrumb\":{\"@id\":\"https:\/\/faya.unse.edu.ar\/index.php\/extension\/servicios-a-terceros\/#breadcrumb\"},\"inLanguage\":\"es-AR\",\"potentialAction\":[{\"@type\":\"ReadAction\",\"target\":[\"https:\/\/faya.unse.edu.ar\/index.php\/extension\/servicios-a-terceros\/\"]}]},{\"@type\":\"BreadcrumbList\",\"@id\":\"https:\/\/faya.unse.edu.ar\/index.php\/extension\/servicios-a-terceros\/#breadcrumb\",\"itemListElement\":[{\"@type\":\"ListItem\",\"position\":1,\"name\":\"Home\",\"item\":\"https:\/\/faya.unse.edu.ar\/\"},{\"@type\":\"ListItem\",\"position\":2,\"name\":\"Secretar\\u00eda de Extensi\\u00f3n, Vinculaci\\u00f3n y Transferencia\",\"item\":\"https:\/\/faya.unse.edu.ar\/index.php\/extension\/\"},{\"@type\":\"ListItem\",\"position\":3,\"name\":\"Servicios\"}]}]}<\/script>\n<!-- \/ Yoast SEO plugin. -->","yoast_head_json":{"robots":{"index":"index","follow":"follow","max-snippet":"max-snippet:-1","max-image-preview":"max-image-preview:large","max-video-preview":"max-video-preview:-1"},"canonical":"https:\/\/faya.unse.edu.ar\/index.php\/extension\/servicios-a-terceros\/","og_locale":"es_ES","og_type":"article","og_title":"Servicios | Facultad de Agronom\u00eda y Agroindustrias UNSE | FAyA UNSE","og_description":"[vc_row css_animation=&#8221;&#8221; row_type=&#8221;row&#8221; use_row_as_full_screen_section=&#8221;no&#8221; type=&#8221;full_width&#8221; angled_section=&#8221;no&#8221; text_align=&#8221;left&#8221; background_image_as_pattern=&#8221;without_pattern&#8221;][vc_column][vc_column_text]La UNSE a trav\u00e9s de sus Unidades Acad\u00e9micas, programa, conviene y ejecuta actividades de vinculaci\u00f3n y transferencia al entorno socio-econ\u00f3mico, las que deber\u00e1n mantener nivel cient\u00edfico y tecnol\u00f3gico seg\u00fan lo establece la Ley 23.877 de Promoci\u00f3n y Fomento...","og_url":"https:\/\/faya.unse.edu.ar\/index.php\/extension\/servicios-a-terceros\/","og_site_name":"Facultad de Agronom\u00eda y Agroindustrias UNSE | FAyA UNSE","article_publisher":"https:\/\/www.facebook.com\/agroUNSE\/","article_modified_time":"2026-03-19T14:20:42+00:00","twitter_card":"summary_large_image","twitter_site":"@fayaunse","twitter_misc":{"Tiempo de lectura":"3 minutos"},"schema":{"@context":"https:\/\/schema.org","@graph":[{"@type":"WebSite","@id":"https:\/\/faya.unse.edu.ar\/#website","url":"https:\/\/faya.unse.edu.ar\/","name":"Facultad de Agronom\u00eda y Agroindustrias UNSE | FAyA UNSE","description":"","potentialAction":[{"@type":"SearchAction","target":{"@type":"EntryPoint","urlTemplate":"https:\/\/faya.unse.edu.ar\/?s={search_term_string}"},"query-input":"required name=search_term_string"}],"inLanguage":"es-AR"},{"@type":"WebPage","@id":"https:\/\/faya.unse.edu.ar\/index.php\/extension\/servicios-a-terceros\/#webpage","url":"https:\/\/faya.unse.edu.ar\/index.php\/extension\/servicios-a-terceros\/","name":"Servicios | Facultad de Agronom\u00eda y Agroindustrias UNSE | FAyA UNSE","isPartOf":{"@id":"https:\/\/faya.unse.edu.ar\/#website"},"datePublished":"2018-12-19T22:50:18+00:00","dateModified":"2026-03-19T14:20:42+00:00","breadcrumb":{"@id":"https:\/\/faya.unse.edu.ar\/index.php\/extension\/servicios-a-terceros\/#breadcrumb"},"inLanguage":"es-AR","potentialAction":[{"@type":"ReadAction","target":["https:\/\/faya.unse.edu.ar\/index.php\/extension\/servicios-a-terceros\/"]}]},{"@type":"BreadcrumbList","@id":"https:\/\/faya.unse.edu.ar\/index.php\/extension\/servicios-a-terceros\/#breadcrumb","itemListElement":[{"@type":"ListItem","position":1,"name":"Home","item":"https:\/\/faya.unse.edu.ar\/"},{"@type":"ListItem","position":2,"name":"Secretar\u00eda de Extensi\u00f3n, Vinculaci\u00f3n y Transferencia","item":"https:\/\/faya.unse.edu.ar\/index.php\/extension\/"},{"@type":"ListItem","position":3,"name":"Servicios"}]}]}},"_links":{"self":[{"href":"https:\/\/faya.unse.edu.ar\/index.php\/wp-json\/wp\/v2\/pages\/16836"}],"collection":[{"href":"https:\/\/faya.unse.edu.ar\/index.php\/wp-json\/wp\/v2\/pages"}],"about":[{"href":"https:\/\/faya.unse.edu.ar\/index.php\/wp-json\/wp\/v2\/types\/page"}],"author":[{"embeddable":true,"href":"https:\/\/faya.unse.edu.ar\/index.php\/wp-json\/wp\/v2\/users\/1"}],"replies":[{"embeddable":true,"href":"https:\/\/faya.unse.edu.ar\/index.php\/wp-json\/wp\/v2\/comments?post=16836"}],"version-history":[{"count":8,"href":"https:\/\/faya.unse.edu.ar\/index.php\/wp-json\/wp\/v2\/pages\/16836\/revisions"}],"predecessor-version":[{"id":35934,"href":"https:\/\/faya.unse.edu.ar\/index.php\/wp-json\/wp\/v2\/pages\/16836\/revisions\/35934"}],"up":[{"embeddable":true,"href":"https:\/\/faya.unse.edu.ar\/index.php\/wp-json\/wp\/v2\/pages\/16016"}],"wp:attachment":[{"href":"https:\/\/faya.unse.edu.ar\/index.php\/wp-json\/wp\/v2\/media?parent=16836"}],"curies":[{"name":"wp","href":"https:\/\/api.w.org\/{rel}","templated":true}]}}