{"id":16846,"date":"2018-12-19T20:06:07","date_gmt":"2018-12-19T23:06:07","guid":{"rendered":"http:\/\/faya.unse.edu.ar\/?page_id=16846"},"modified":"2019-01-07T19:52:52","modified_gmt":"2019-01-07T22:52:52","slug":"relaciones-institucionales","status":"publish","type":"page","link":"https:\/\/faya.unse.edu.ar\/index.php\/extension\/relaciones-institucionales\/","title":{"rendered":"Relaciones Institucionales"},"content":{"rendered":"<p>[vc_row css_animation=&#8221;&#8221; row_type=&#8221;row&#8221; use_row_as_full_screen_section=&#8221;no&#8221; type=&#8221;full_width&#8221; angled_section=&#8221;no&#8221; text_align=&#8221;left&#8221; background_image_as_pattern=&#8221;without_pattern&#8221;][vc_column]<div class=\"qode-accordion-holder clearfix qode-accordion qode-initial \">\n\t<h4 class=\"clearfix qode-title-holder\">\n<span class=\"qode-tab-title\">\n\t    <span class=\"qode-tab-title-inner\">\n        AUDEAS    <\/span>\n<\/span>\n<span class=\"qode-accordion-mark\">\n    <span class=\"qode-accordion-mark-icon\">\n        <span class=\"icon_plus\"><\/span>\n        <span class=\"icon_minus-06\"><\/span>\n    <\/span>\n<\/span>\n<\/h4>\n<div class=\"qode-accordion-content \" >\n    <div class=\"qode-accordion-content-inner\">\n        [vc_column_text]La Asociaci\u00f3n Universitaria de Educaci\u00f3n Agropecuaria Superior es una entidad que agrupa a las instituciones Universitarias oficialmente reconocidas en la Rep\u00fablica Argentina (Facultades, escuelas, departamentos, institutos) que ofrecen ense\u00f1anza superior Agropecuaria y\/o Forestal y que han cumplido con su adhesi\u00f3n.<\/p>\n<p>AUDEAS es una asociaci\u00f3n civil sin fines de lucro, ajena a todo partidismo pol\u00edtico, religioso o social.<br \/>\nEntre otros, sus fines son los de promover la colaboraci\u00f3n de las instituciones afiliadas; coordinar la planificaci\u00f3n y desarrollo de la ense\u00f1anza agropecuaria y forestal superior; asesorar en problemas de pol\u00edtica educativa; asesorar en problemas relacionados con la organizaci\u00f3n, planeamiento y administraci\u00f3n de la ense\u00f1anza; formaci\u00f3n y perfeccionamiento del profesorado; actualizaci\u00f3n de los planes de estudio; organizaci\u00f3n de los servicios estudiantiles; promover el establecimiento de acuerdos, normas, reglamentaciones o legislaci\u00f3n para el reconocimiento de estudios y t\u00edtulos; promover la ense\u00f1anza para graduados de ciencias agropecuarias y forestales de la Rep\u00fablica Argentina; promover y facilitar el intercambio permanente entre las instituciones adheridas de toda formaci\u00f3n correspondiente a los aspectos docentes y cient\u00edficos, incluyendo los planes de investigaci\u00f3n y sus resultados; promover la integraci\u00f3n de planes de investigaci\u00f3n y desarrollo a nivel regional y nacional entre las entidades miembro, etc.<\/p>\n<p>Los fines expuestos son totalmente compatibles con los de la Facultad de Agronom\u00eda y Agroindustrias de la Universidad Nacional de Santiago del Estero, y por Resoluci\u00f3n CD FAA 178\/87 del 22 de septiembre de 1987, la FAyA adhiere al AUDEAS.<\/p>\n<p>Ver Estatuto[\/vc_column_text]    <\/div>\n<\/div><h4 class=\"clearfix qode-title-holder\">\n<span class=\"qode-tab-title\">\n\t    <span class=\"qode-tab-title-inner\">\n        AUSAL    <\/span>\n<\/span>\n<span class=\"qode-accordion-mark\">\n    <span class=\"qode-accordion-mark-icon\">\n        <span class=\"icon_plus\"><\/span>\n        <span class=\"icon_minus-06\"><\/span>\n    <\/span>\n<\/span>\n<\/h4>\n<div class=\"qode-accordion-content \" >\n    <div class=\"qode-accordion-content-inner\">\n        [vc_column_text]La Asociaci\u00f3n Universitaria del Sector Alimentario es una entidad que agrupa a las instituciones Universitarias oficialmente reconocidas en la Rep\u00fablica Argentina (Facultades, escuelas, departamentos, institutos) que ofrecen ense\u00f1anza superior y que han cumplido con su adhesi\u00f3n.<\/p>\n<p>AUSAL funciona desde 1987 y est\u00e1 integrada por las Carreras de Ingenier\u00eda en Alimentos de las Universidades Nacionales. Desde ese a\u00f1o se realizan cursos espec\u00edficos para los alumnos de grado y otras actividades conjuntas. Desde 2005 se constituy\u00f3 en Consorcio, participando: Facultad de Ciencias Aplicadas a la Industria (Cuyo), Facultad de Ciencias de la Alimentaci\u00f3n (Entre R\u00edos), Facultad de Ingenier\u00eda (Mar del Plata), Carrera de Ingenier\u00eda en Alimentos (Luj\u00e1n), Departamento de Tecnolog\u00eda (Quilmes) y Facultad de Agronom\u00eda y Agroindustrias (Santiago del Estero)<\/p>\n<p>Entre otros, sus fines son los de potenciar los esfuerzos individuales de las unidades a trav\u00e9s de la coordinaci\u00f3n y acciones en com\u00fan que permitan el uso eficiente de los recursos humanos y f\u00edsicos.<br \/>\nCrear un \u00e1mbito de discusi\u00f3n y consenso que permita el avance acad\u00e9mico y cient\u00edfico de las unidades mediante el desarrollo de actividades en el nivel de grado y de posgrado.<br \/>\nRealizar actividades de docencia, investigaci\u00f3n y transferencia en forma interuniversitaria.<br \/>\nCompartir los esfuerzos para desarrollar acciones que tiendan a la excelencia a trav\u00e9s de acuerdos con entidades de primer nivel en el plano nacional e internacional.<br \/>\nDesarrollar pautas para ordenar las curr\u00edculas de grado y posgrado.<br \/>\nAunar esfuerzos tendientes al reconocimiento de AUSAL como interlocutor con los sectores gubernamentales y privados, vinculados al \u00e1rea.La Facultad de Agronom\u00eda y Agroindustrias de la Universidad Nacional de Santiago del Estero, adhiere a los objetivos generales de la AUSAL por Resoluci\u00f3n CD FAA 088\/94 del 4 de mayo de 1994<\/p>\n<p>Contacto: Dra. Nora Pece &#8211; norapece@unse.edu.ar<br \/>\nhttp:\/\/www.ausal.unlu.edu.ar\/index.htm<\/p>\n<p><span style=\"color: #9e3820;\"><strong><a style=\"color: #9e3820;\" href=\"https:\/\/faya.unse.edu.ar\/index.php\/noticias\/2019\/cronograma-de-cursos-de-grado-2019-de-la-ausal\/\">Cronograma de Cursos de Grado 2019 de la AUSAL<\/a><\/strong><\/span>[\/vc_column_text]    <\/div>\n<\/div><h4 class=\"clearfix qode-title-holder\">\n<span class=\"qode-tab-title\">\n\t    <span class=\"qode-tab-title-inner\">\n        FODEQUI    <\/span>\n<\/span>\n<span class=\"qode-accordion-mark\">\n    <span class=\"qode-accordion-mark-icon\">\n        <span class=\"icon_plus\"><\/span>\n        <span class=\"icon_minus-06\"><\/span>\n    <\/span>\n<\/span>\n<\/h4>\n<div class=\"qode-accordion-content \" >\n    <div class=\"qode-accordion-content-inner\">\n        [vc_column_text]El FODEQUI es un foro que re\u00fane a los Decanos de toda las facultades que dictan la carrera de Licenciatura en Ciencias Qu\u00edmicas o equivalente en todo el pa\u00eds. \u00c9ste elabor\u00f3 un proyecto para compatibilizar los primeros dos a\u00f1os y medio de la carrera en todo el pa\u00eds, de modo de facilitar los pases entre Universidades y posibilitar a los alumnos cursar una orientaci\u00f3n que en su Facultad no se dicte. Este proyecto se incluy\u00f3 en los contenidos m\u00ednimos que elabor\u00f3 el FODEQUI en su petici\u00f3n para que la Licenciatura en Ciencias Qu\u00edmicas sea declarada carrera de inter\u00e9s p\u00fablico por parte del Ministerio de Educaci\u00f3n, Ciencia y Tecnolog\u00eda.[\/vc_column_text]    <\/div>\n<\/div><\/div>[\/vc_column][\/vc_row][vc_row css_animation=&#8221;&#8221; row_type=&#8221;row&#8221; use_row_as_full_screen_section=&#8221;no&#8221; type=&#8221;full_width&#8221; angled_section=&#8221;no&#8221; text_align=&#8221;left&#8221; background_image_as_pattern=&#8221;without_pattern&#8221;][vc_column][vc_empty_space height=&#8221;60px&#8221;][\/vc_column][\/vc_row]<\/p>\n","protected":false},"excerpt":{"rendered":"<p>[vc_row css_animation=&#8221;&#8221; row_type=&#8221;row&#8221; use_row_as_full_screen_section=&#8221;no&#8221; type=&#8221;full_width&#8221; angled_section=&#8221;no&#8221; text_align=&#8221;left&#8221; background_image_as_pattern=&#8221;without_pattern&#8221;][vc_column][\/vc_column][\/vc_row][vc_row css_animation=&#8221;&#8221; row_type=&#8221;row&#8221; use_row_as_full_screen_section=&#8221;no&#8221; type=&#8221;full_width&#8221; angled_section=&#8221;no&#8221; text_align=&#8221;left&#8221; background_image_as_pattern=&#8221;without_pattern&#8221;][vc_column][vc_empty_space height=&#8221;60px&#8221;][\/vc_column][\/vc_row]<\/p>\n","protected":false},"author":1,"featured_media":0,"parent":16016,"menu_order":0,"comment_status":"closed","ping_status":"closed","template":"","meta":{"_mi_skip_tracking":false},"yoast_head":"<!-- This site is optimized with the Yoast SEO plugin v17.7.1 - https:\/\/yoast.com\/wordpress\/plugins\/seo\/ -->\n<meta name=\"robots\" content=\"index, follow, max-snippet:-1, max-image-preview:large, max-video-preview:-1\" \/>\n<link rel=\"canonical\" href=\"https:\/\/faya.unse.edu.ar\/index.php\/extension\/relaciones-institucionales\/\" \/>\n<meta property=\"og:locale\" content=\"es_ES\" \/>\n<meta property=\"og:type\" content=\"article\" \/>\n<meta property=\"og:title\" content=\"Relaciones Institucionales | Facultad de Agronom\u00eda y Agroindustrias UNSE | FAyA UNSE\" \/>\n<meta property=\"og:description\" content=\"[vc_row css_animation=&#8221;&#8221; row_type=&#8221;row&#8221; use_row_as_full_screen_section=&#8221;no&#8221; type=&#8221;full_width&#8221; angled_section=&#8221;no&#8221; text_align=&#8221;left&#8221; background_image_as_pattern=&#8221;without_pattern&#8221;][vc_column][\/vc_column][\/vc_row][vc_row css_animation=&#8221;&#8221; row_type=&#8221;row&#8221; use_row_as_full_screen_section=&#8221;no&#8221; type=&#8221;full_width&#8221; angled_section=&#8221;no&#8221; text_align=&#8221;left&#8221; background_image_as_pattern=&#8221;without_pattern&#8221;][vc_column][vc_empty_space height=&#8221;60px&#8221;][\/vc_column][\/vc_row]\" \/>\n<meta property=\"og:url\" content=\"https:\/\/faya.unse.edu.ar\/index.php\/extension\/relaciones-institucionales\/\" \/>\n<meta property=\"og:site_name\" content=\"Facultad de Agronom\u00eda y Agroindustrias UNSE | FAyA UNSE\" \/>\n<meta property=\"article:publisher\" content=\"https:\/\/www.facebook.com\/agroUNSE\/\" \/>\n<meta property=\"article:modified_time\" content=\"2019-01-07T22:52:52+00:00\" \/>\n<meta name=\"twitter:card\" content=\"summary_large_image\" \/>\n<meta name=\"twitter:site\" content=\"@fayaunse\" \/>\n<meta name=\"twitter:label1\" content=\"Tiempo de lectura\" \/>\n\t<meta name=\"twitter:data1\" content=\"4 minutos\" \/>\n<script type=\"application\/ld+json\" class=\"yoast-schema-graph\">{\"@context\":\"https:\/\/schema.org\",\"@graph\":[{\"@type\":\"WebSite\",\"@id\":\"https:\/\/faya.unse.edu.ar\/#website\",\"url\":\"https:\/\/faya.unse.edu.ar\/\",\"name\":\"Facultad de Agronom\\u00eda y Agroindustrias UNSE | FAyA UNSE\",\"description\":\"\",\"potentialAction\":[{\"@type\":\"SearchAction\",\"target\":{\"@type\":\"EntryPoint\",\"urlTemplate\":\"https:\/\/faya.unse.edu.ar\/?s={search_term_string}\"},\"query-input\":\"required name=search_term_string\"}],\"inLanguage\":\"es-AR\"},{\"@type\":\"WebPage\",\"@id\":\"https:\/\/faya.unse.edu.ar\/index.php\/extension\/relaciones-institucionales\/#webpage\",\"url\":\"https:\/\/faya.unse.edu.ar\/index.php\/extension\/relaciones-institucionales\/\",\"name\":\"Relaciones Institucionales | Facultad de Agronom\\u00eda y Agroindustrias UNSE | FAyA UNSE\",\"isPartOf\":{\"@id\":\"https:\/\/faya.unse.edu.ar\/#website\"},\"datePublished\":\"2018-12-19T23:06:07+00:00\",\"dateModified\":\"2019-01-07T22:52:52+00:00\",\"breadcrumb\":{\"@id\":\"https:\/\/faya.unse.edu.ar\/index.php\/extension\/relaciones-institucionales\/#breadcrumb\"},\"inLanguage\":\"es-AR\",\"potentialAction\":[{\"@type\":\"ReadAction\",\"target\":[\"https:\/\/faya.unse.edu.ar\/index.php\/extension\/relaciones-institucionales\/\"]}]},{\"@type\":\"BreadcrumbList\",\"@id\":\"https:\/\/faya.unse.edu.ar\/index.php\/extension\/relaciones-institucionales\/#breadcrumb\",\"itemListElement\":[{\"@type\":\"ListItem\",\"position\":1,\"name\":\"Home\",\"item\":\"https:\/\/faya.unse.edu.ar\/\"},{\"@type\":\"ListItem\",\"position\":2,\"name\":\"Secretar\\u00eda de Extensi\\u00f3n, Vinculaci\\u00f3n y Transferencia\",\"item\":\"https:\/\/faya.unse.edu.ar\/index.php\/extension\/\"},{\"@type\":\"ListItem\",\"position\":3,\"name\":\"Relaciones Institucionales\"}]}]}<\/script>\n<!-- \/ Yoast SEO plugin. -->","yoast_head_json":{"robots":{"index":"index","follow":"follow","max-snippet":"max-snippet:-1","max-image-preview":"max-image-preview:large","max-video-preview":"max-video-preview:-1"},"canonical":"https:\/\/faya.unse.edu.ar\/index.php\/extension\/relaciones-institucionales\/","og_locale":"es_ES","og_type":"article","og_title":"Relaciones Institucionales | Facultad de Agronom\u00eda y Agroindustrias UNSE | FAyA UNSE","og_description":"[vc_row css_animation=&#8221;&#8221; row_type=&#8221;row&#8221; use_row_as_full_screen_section=&#8221;no&#8221; type=&#8221;full_width&#8221; angled_section=&#8221;no&#8221; text_align=&#8221;left&#8221; background_image_as_pattern=&#8221;without_pattern&#8221;][vc_column][\/vc_column][\/vc_row][vc_row css_animation=&#8221;&#8221; row_type=&#8221;row&#8221; use_row_as_full_screen_section=&#8221;no&#8221; type=&#8221;full_width&#8221; angled_section=&#8221;no&#8221; text_align=&#8221;left&#8221; background_image_as_pattern=&#8221;without_pattern&#8221;][vc_column][vc_empty_space height=&#8221;60px&#8221;][\/vc_column][\/vc_row]","og_url":"https:\/\/faya.unse.edu.ar\/index.php\/extension\/relaciones-institucionales\/","og_site_name":"Facultad de Agronom\u00eda y Agroindustrias UNSE | FAyA UNSE","article_publisher":"https:\/\/www.facebook.com\/agroUNSE\/","article_modified_time":"2019-01-07T22:52:52+00:00","twitter_card":"summary_large_image","twitter_site":"@fayaunse","twitter_misc":{"Tiempo de lectura":"4 minutos"},"schema":{"@context":"https:\/\/schema.org","@graph":[{"@type":"WebSite","@id":"https:\/\/faya.unse.edu.ar\/#website","url":"https:\/\/faya.unse.edu.ar\/","name":"Facultad de Agronom\u00eda y Agroindustrias UNSE | FAyA UNSE","description":"","potentialAction":[{"@type":"SearchAction","target":{"@type":"EntryPoint","urlTemplate":"https:\/\/faya.unse.edu.ar\/?s={search_term_string}"},"query-input":"required name=search_term_string"}],"inLanguage":"es-AR"},{"@type":"WebPage","@id":"https:\/\/faya.unse.edu.ar\/index.php\/extension\/relaciones-institucionales\/#webpage","url":"https:\/\/faya.unse.edu.ar\/index.php\/extension\/relaciones-institucionales\/","name":"Relaciones Institucionales | Facultad de Agronom\u00eda y Agroindustrias UNSE | FAyA UNSE","isPartOf":{"@id":"https:\/\/faya.unse.edu.ar\/#website"},"datePublished":"2018-12-19T23:06:07+00:00","dateModified":"2019-01-07T22:52:52+00:00","breadcrumb":{"@id":"https:\/\/faya.unse.edu.ar\/index.php\/extension\/relaciones-institucionales\/#breadcrumb"},"inLanguage":"es-AR","potentialAction":[{"@type":"ReadAction","target":["https:\/\/faya.unse.edu.ar\/index.php\/extension\/relaciones-institucionales\/"]}]},{"@type":"BreadcrumbList","@id":"https:\/\/faya.unse.edu.ar\/index.php\/extension\/relaciones-institucionales\/#breadcrumb","itemListElement":[{"@type":"ListItem","position":1,"name":"Home","item":"https:\/\/faya.unse.edu.ar\/"},{"@type":"ListItem","position":2,"name":"Secretar\u00eda de Extensi\u00f3n, Vinculaci\u00f3n y Transferencia","item":"https:\/\/faya.unse.edu.ar\/index.php\/extension\/"},{"@type":"ListItem","position":3,"name":"Relaciones Institucionales"}]}]}},"_links":{"self":[{"href":"https:\/\/faya.unse.edu.ar\/index.php\/wp-json\/wp\/v2\/pages\/16846"}],"collection":[{"href":"https:\/\/faya.unse.edu.ar\/index.php\/wp-json\/wp\/v2\/pages"}],"about":[{"href":"https:\/\/faya.unse.edu.ar\/index.php\/wp-json\/wp\/v2\/types\/page"}],"author":[{"embeddable":true,"href":"https:\/\/faya.unse.edu.ar\/index.php\/wp-json\/wp\/v2\/users\/1"}],"replies":[{"embeddable":true,"href":"https:\/\/faya.unse.edu.ar\/index.php\/wp-json\/wp\/v2\/comments?post=16846"}],"version-history":[{"count":3,"href":"https:\/\/faya.unse.edu.ar\/index.php\/wp-json\/wp\/v2\/pages\/16846\/revisions"}],"predecessor-version":[{"id":17610,"href":"https:\/\/faya.unse.edu.ar\/index.php\/wp-json\/wp\/v2\/pages\/16846\/revisions\/17610"}],"up":[{"embeddable":true,"href":"https:\/\/faya.unse.edu.ar\/index.php\/wp-json\/wp\/v2\/pages\/16016"}],"wp:attachment":[{"href":"https:\/\/faya.unse.edu.ar\/index.php\/wp-json\/wp\/v2\/media?parent=16846"}],"curies":[{"name":"wp","href":"https:\/\/api.w.org\/{rel}","templated":true}]}}