{"id":16855,"date":"2018-12-19T20:42:00","date_gmt":"2018-12-19T23:42:00","guid":{"rendered":"http:\/\/faya.unse.edu.ar\/?page_id=16855"},"modified":"2023-10-26T13:04:39","modified_gmt":"2023-10-26T16:04:39","slug":"area-de-comunicacion","status":"publish","type":"page","link":"https:\/\/faya.unse.edu.ar\/index.php\/extension\/area-de-comunicacion\/","title":{"rendered":"\u00c1rea de comunicaci\u00f3n"},"content":{"rendered":"\t\t<div data-elementor-type=\"wp-page\" data-elementor-id=\"16855\" class=\"elementor elementor-16855\" data-elementor-settings=\"[]\">\n\t\t\t\t\t\t\t<div class=\"elementor-section-wrap\">\n\t\t\t\t\t\t\t<section class=\"elementor-section elementor-top-section elementor-element elementor-element-70f5cccc elementor-section-boxed elementor-section-height-default elementor-section-height-default\" data-id=\"70f5cccc\" data-element_type=\"section\">\n\t\t\t\t\t\t<div class=\"elementor-container elementor-column-gap-default\">\n\t\t\t\t\t<div class=\"elementor-column elementor-col-100 elementor-top-column elementor-element elementor-element-45fd53c2\" data-id=\"45fd53c2\" data-element_type=\"column\">\n\t\t\t<div class=\"elementor-widget-wrap elementor-element-populated\">\n\t\t\t\t\t\t\t\t<div class=\"elementor-element elementor-element-5f260fa4 elementor-widget elementor-widget-text-editor\" data-id=\"5f260fa4\" data-element_type=\"widget\" data-widget_type=\"text-editor.default\">\n\t\t\t\t<div class=\"elementor-widget-container\">\n\t\t\t\t\t\t\t<p>[vc_row css_animation=&#8221;&#8221; row_type=&#8221;row&#8221; use_row_as_full_screen_section=&#8221;no&#8221; type=&#8221;full_width&#8221; angled_section=&#8221;no&#8221; text_align=&#8221;left&#8221; background_image_as_pattern=&#8221;without_pattern&#8221;][vc_column][vc_column_text]La UNSE a trav\u00e9s de sus Unidades Acad\u00e9micas, programa, conviene y ejecuta actividades de vinculaci\u00f3n y transferencia al entorno socio-econ\u00f3mico, las que deber\u00e1n mantener nivel cient\u00edfico y tecnol\u00f3gico seg\u00fan lo establece la Ley 23.877 de Promoci\u00f3n y Fomento de la Innovaci\u00f3n Tecnol\u00f3gica, sus decretos reglamentarios, la Ley de Educaci\u00f3n Superior y el Estatuto de la Universidad Nacional de Santiago del Estero.<\/p>\n<p>En este sentido la Facultad de Agronom\u00eda y Agroindustrias brinda a la sociedad a trav\u00e9s de sus docentes, altamente capacitados, los siguientes<strong>&nbsp;servicios de oferta permanente<\/strong>, los que adem\u00e1s se multiplican con una serie de actividades de capacitaci\u00f3n complementarias.[\/vc_column_text][vc_empty_space height=&#8221;60px&#8221;][\/vc_column][\/vc_row][vc_row css_animation=&#8221;&#8221; row_type=&#8221;row&#8221; use_row_as_full_screen_section=&#8221;no&#8221; type=&#8221;full_width&#8221; angled_section=&#8221;no&#8221; text_align=&#8221;left&#8221; background_image_as_pattern=&#8221;without_pattern&#8221;][vc_column]<div class=\"qode-accordion-holder clearfix qode-accordion qode-initial \">\n\t<h4 class=\"clearfix qode-title-holder\">\n<span class=\"qode-tab-title\">\n\t    <span class=\"qode-tab-title-inner\">\n        Suscripciones    <\/span>\n<\/span>\n<span class=\"qode-accordion-mark\">\n    <span class=\"qode-accordion-mark-icon\">\n        <span class=\"icon_plus\"><\/span>\n        <span class=\"icon_minus-06\"><\/span>\n    <\/span>\n<\/span>\n<\/h4>\n<div class=\"qode-accordion-content \" style=\"padding: 10px\">\n    <div class=\"qode-accordion-content-inner\">\n        [vc_column_text]Para suscribirse al bolet\u00edn electr\u00f3nico de la Facultad de Agronom\u00eda y Agroindustrias deber\u00e1 enviar un correo electr\u00f3nico&nbsp;a <a href=\"mailto:comunicacionfaya@gmail.com\">comunicacionfaya@gmail.com<\/a>.<\/p>\n<p>O comunicarse por tel\u00e9fono de lunes a viernes, de 8 a 13 al (385) 4509-500 int. 5&nbsp; con Soledad Rom\u00e1n.[\/vc_column_text][vc_empty_space]    <\/div>\n<\/div><h4 class=\"clearfix qode-title-holder\">\n<span class=\"qode-tab-title\">\n\t    <span class=\"qode-tab-title-inner\">\n        Dise\u00f1os y Logos    <\/span>\n<\/span>\n<span class=\"qode-accordion-mark\">\n    <span class=\"qode-accordion-mark-icon\">\n        <span class=\"icon_plus\"><\/span>\n        <span class=\"icon_minus-06\"><\/span>\n    <\/span>\n<\/span>\n<\/h4>\n<div class=\"qode-accordion-content \" style=\"padding: 10\">\n    <div class=\"qode-accordion-content-inner\">\n        [vc_single_image image=&#8221;https:\/\/faya.unse.edu.ar\/wp-content\/uploads\/logo-faya-unse-1.png&#8221; img_size=&#8221;medium&#8221; alignment=&#8221;center&#8221; qode_css_animation=&#8221;&#8221; css=&#8221;.vc_custom_1565963942676{padding-top: 10px !important;padding-right: 10px !important;padding-bottom: 40px !important;padding-left: 10px !important;}&#8221;]<a  itemprop=\"url\" href=\"https:\/\/faya.unse.edu.ar\/wp-content\/uploads\/logo-faya-unse-1.png\" target=\"_self\"  class=\"qbutton  small default\" style=\"margin: 5px; \">Descargar Logo (PNG)<i class=\"qode_icon_font_awesome fa fa-download qode_button_icon_element\" style=\"\" ><\/i><\/a>[vc_empty_space]    <\/div>\n<\/div><\/div>[\/vc_column][\/vc_row][vc_row css_animation=&#8221;&#8221; row_type=&#8221;row&#8221; use_row_as_full_screen_section=&#8221;no&#8221; type=&#8221;full_width&#8221; angled_section=&#8221;no&#8221; text_align=&#8221;left&#8221; background_image_as_pattern=&#8221;without_pattern&#8221;][vc_column][vc_empty_space height=&#8221;60px&#8221;][\/vc_column][\/vc_row]<\/p>\t\t\t\t\t\t<\/div>\n\t\t\t\t<\/div>\n\t\t\t\t\t<\/div>\n\t\t<\/div>\n\t\t\t\t\t\t\t<\/div>\n\t\t<\/section>\n\t\t\t\t\t\t<\/div>\n\t\t\t\t\t<\/div>\n\t\t","protected":false},"excerpt":{"rendered":"<p>[vc_row css_animation=&#8221;&#8221; row_type=&#8221;row&#8221; use_row_as_full_screen_section=&#8221;no&#8221; type=&#8221;full_width&#8221; angled_section=&#8221;no&#8221; text_align=&#8221;left&#8221; background_image_as_pattern=&#8221;without_pattern&#8221;][vc_column][vc_column_text]La UNSE a trav\u00e9s de sus Unidades Acad\u00e9micas, programa, conviene y ejecuta actividades de vinculaci\u00f3n y transferencia al entorno socio-econ\u00f3mico, las que deber\u00e1n mantener nivel cient\u00edfico y tecnol\u00f3gico seg\u00fan lo establece la Ley 23.877 de Promoci\u00f3n y Fomento&#8230;<\/p>\n","protected":false},"author":1,"featured_media":0,"parent":16016,"menu_order":0,"comment_status":"closed","ping_status":"closed","template":"","meta":{"_mi_skip_tracking":false},"yoast_head":"<!-- This site is optimized with the Yoast SEO plugin v17.7.1 - https:\/\/yoast.com\/wordpress\/plugins\/seo\/ -->\n<meta name=\"robots\" content=\"index, follow, max-snippet:-1, max-image-preview:large, max-video-preview:-1\" \/>\n<link rel=\"canonical\" href=\"https:\/\/faya.unse.edu.ar\/index.php\/extension\/area-de-comunicacion\/\" \/>\n<meta property=\"og:locale\" content=\"es_ES\" \/>\n<meta property=\"og:type\" content=\"article\" \/>\n<meta property=\"og:title\" content=\"\u00c1rea de comunicaci\u00f3n | Facultad de Agronom\u00eda y Agroindustrias UNSE | FAyA UNSE\" \/>\n<meta property=\"og:description\" content=\"[vc_row css_animation=&#8221;&#8221; row_type=&#8221;row&#8221; use_row_as_full_screen_section=&#8221;no&#8221; type=&#8221;full_width&#8221; angled_section=&#8221;no&#8221; text_align=&#8221;left&#8221; background_image_as_pattern=&#8221;without_pattern&#8221;][vc_column][vc_column_text]La UNSE a trav\u00e9s de sus Unidades Acad\u00e9micas, programa, conviene y ejecuta actividades de vinculaci\u00f3n y transferencia al entorno socio-econ\u00f3mico, las que deber\u00e1n mantener nivel cient\u00edfico y tecnol\u00f3gico seg\u00fan lo establece la Ley 23.877 de Promoci\u00f3n y Fomento...\" \/>\n<meta property=\"og:url\" content=\"https:\/\/faya.unse.edu.ar\/index.php\/extension\/area-de-comunicacion\/\" \/>\n<meta property=\"og:site_name\" content=\"Facultad de Agronom\u00eda y Agroindustrias UNSE | FAyA UNSE\" \/>\n<meta property=\"article:publisher\" content=\"https:\/\/www.facebook.com\/agroUNSE\/\" \/>\n<meta property=\"article:modified_time\" content=\"2023-10-26T16:04:39+00:00\" \/>\n<meta name=\"twitter:card\" content=\"summary_large_image\" \/>\n<meta name=\"twitter:site\" content=\"@fayaunse\" \/>\n<meta name=\"twitter:label1\" content=\"Tiempo de lectura\" \/>\n\t<meta name=\"twitter:data1\" content=\"1 minuto\" \/>\n<script type=\"application\/ld+json\" class=\"yoast-schema-graph\">{\"@context\":\"https:\/\/schema.org\",\"@graph\":[{\"@type\":\"WebSite\",\"@id\":\"https:\/\/faya.unse.edu.ar\/#website\",\"url\":\"https:\/\/faya.unse.edu.ar\/\",\"name\":\"Facultad de Agronom\\u00eda y Agroindustrias UNSE | FAyA UNSE\",\"description\":\"\",\"potentialAction\":[{\"@type\":\"SearchAction\",\"target\":{\"@type\":\"EntryPoint\",\"urlTemplate\":\"https:\/\/faya.unse.edu.ar\/?s={search_term_string}\"},\"query-input\":\"required name=search_term_string\"}],\"inLanguage\":\"es-AR\"},{\"@type\":\"WebPage\",\"@id\":\"https:\/\/faya.unse.edu.ar\/index.php\/extension\/area-de-comunicacion\/#webpage\",\"url\":\"https:\/\/faya.unse.edu.ar\/index.php\/extension\/area-de-comunicacion\/\",\"name\":\"\\u00c1rea de comunicaci\\u00f3n | Facultad de Agronom\\u00eda y Agroindustrias UNSE | FAyA UNSE\",\"isPartOf\":{\"@id\":\"https:\/\/faya.unse.edu.ar\/#website\"},\"datePublished\":\"2018-12-19T23:42:00+00:00\",\"dateModified\":\"2023-10-26T16:04:39+00:00\",\"breadcrumb\":{\"@id\":\"https:\/\/faya.unse.edu.ar\/index.php\/extension\/area-de-comunicacion\/#breadcrumb\"},\"inLanguage\":\"es-AR\",\"potentialAction\":[{\"@type\":\"ReadAction\",\"target\":[\"https:\/\/faya.unse.edu.ar\/index.php\/extension\/area-de-comunicacion\/\"]}]},{\"@type\":\"BreadcrumbList\",\"@id\":\"https:\/\/faya.unse.edu.ar\/index.php\/extension\/area-de-comunicacion\/#breadcrumb\",\"itemListElement\":[{\"@type\":\"ListItem\",\"position\":1,\"name\":\"Home\",\"item\":\"https:\/\/faya.unse.edu.ar\/\"},{\"@type\":\"ListItem\",\"position\":2,\"name\":\"Secretar\\u00eda de Extensi\\u00f3n, Vinculaci\\u00f3n y Transferencia\",\"item\":\"https:\/\/faya.unse.edu.ar\/index.php\/extension\/\"},{\"@type\":\"ListItem\",\"position\":3,\"name\":\"\\u00c1rea de comunicaci\\u00f3n\"}]}]}<\/script>\n<!-- \/ Yoast SEO plugin. -->","yoast_head_json":{"robots":{"index":"index","follow":"follow","max-snippet":"max-snippet:-1","max-image-preview":"max-image-preview:large","max-video-preview":"max-video-preview:-1"},"canonical":"https:\/\/faya.unse.edu.ar\/index.php\/extension\/area-de-comunicacion\/","og_locale":"es_ES","og_type":"article","og_title":"\u00c1rea de comunicaci\u00f3n | Facultad de Agronom\u00eda y Agroindustrias UNSE | FAyA UNSE","og_description":"[vc_row css_animation=&#8221;&#8221; row_type=&#8221;row&#8221; use_row_as_full_screen_section=&#8221;no&#8221; type=&#8221;full_width&#8221; angled_section=&#8221;no&#8221; text_align=&#8221;left&#8221; background_image_as_pattern=&#8221;without_pattern&#8221;][vc_column][vc_column_text]La UNSE a trav\u00e9s de sus Unidades Acad\u00e9micas, programa, conviene y ejecuta actividades de vinculaci\u00f3n y transferencia al entorno socio-econ\u00f3mico, las que deber\u00e1n mantener nivel cient\u00edfico y tecnol\u00f3gico seg\u00fan lo establece la Ley 23.877 de Promoci\u00f3n y Fomento...","og_url":"https:\/\/faya.unse.edu.ar\/index.php\/extension\/area-de-comunicacion\/","og_site_name":"Facultad de Agronom\u00eda y Agroindustrias UNSE | FAyA UNSE","article_publisher":"https:\/\/www.facebook.com\/agroUNSE\/","article_modified_time":"2023-10-26T16:04:39+00:00","twitter_card":"summary_large_image","twitter_site":"@fayaunse","twitter_misc":{"Tiempo de lectura":"1 minuto"},"schema":{"@context":"https:\/\/schema.org","@graph":[{"@type":"WebSite","@id":"https:\/\/faya.unse.edu.ar\/#website","url":"https:\/\/faya.unse.edu.ar\/","name":"Facultad de Agronom\u00eda y Agroindustrias UNSE | FAyA UNSE","description":"","potentialAction":[{"@type":"SearchAction","target":{"@type":"EntryPoint","urlTemplate":"https:\/\/faya.unse.edu.ar\/?s={search_term_string}"},"query-input":"required name=search_term_string"}],"inLanguage":"es-AR"},{"@type":"WebPage","@id":"https:\/\/faya.unse.edu.ar\/index.php\/extension\/area-de-comunicacion\/#webpage","url":"https:\/\/faya.unse.edu.ar\/index.php\/extension\/area-de-comunicacion\/","name":"\u00c1rea de comunicaci\u00f3n | Facultad de Agronom\u00eda y Agroindustrias UNSE | FAyA UNSE","isPartOf":{"@id":"https:\/\/faya.unse.edu.ar\/#website"},"datePublished":"2018-12-19T23:42:00+00:00","dateModified":"2023-10-26T16:04:39+00:00","breadcrumb":{"@id":"https:\/\/faya.unse.edu.ar\/index.php\/extension\/area-de-comunicacion\/#breadcrumb"},"inLanguage":"es-AR","potentialAction":[{"@type":"ReadAction","target":["https:\/\/faya.unse.edu.ar\/index.php\/extension\/area-de-comunicacion\/"]}]},{"@type":"BreadcrumbList","@id":"https:\/\/faya.unse.edu.ar\/index.php\/extension\/area-de-comunicacion\/#breadcrumb","itemListElement":[{"@type":"ListItem","position":1,"name":"Home","item":"https:\/\/faya.unse.edu.ar\/"},{"@type":"ListItem","position":2,"name":"Secretar\u00eda de Extensi\u00f3n, Vinculaci\u00f3n y Transferencia","item":"https:\/\/faya.unse.edu.ar\/index.php\/extension\/"},{"@type":"ListItem","position":3,"name":"\u00c1rea de comunicaci\u00f3n"}]}]}},"_links":{"self":[{"href":"https:\/\/faya.unse.edu.ar\/index.php\/wp-json\/wp\/v2\/pages\/16855"}],"collection":[{"href":"https:\/\/faya.unse.edu.ar\/index.php\/wp-json\/wp\/v2\/pages"}],"about":[{"href":"https:\/\/faya.unse.edu.ar\/index.php\/wp-json\/wp\/v2\/types\/page"}],"author":[{"embeddable":true,"href":"https:\/\/faya.unse.edu.ar\/index.php\/wp-json\/wp\/v2\/users\/1"}],"replies":[{"embeddable":true,"href":"https:\/\/faya.unse.edu.ar\/index.php\/wp-json\/wp\/v2\/comments?post=16855"}],"version-history":[{"count":25,"href":"https:\/\/faya.unse.edu.ar\/index.php\/wp-json\/wp\/v2\/pages\/16855\/revisions"}],"predecessor-version":[{"id":31685,"href":"https:\/\/faya.unse.edu.ar\/index.php\/wp-json\/wp\/v2\/pages\/16855\/revisions\/31685"}],"up":[{"embeddable":true,"href":"https:\/\/faya.unse.edu.ar\/index.php\/wp-json\/wp\/v2\/pages\/16016"}],"wp:attachment":[{"href":"https:\/\/faya.unse.edu.ar\/index.php\/wp-json\/wp\/v2\/media?parent=16855"}],"curies":[{"name":"wp","href":"https:\/\/api.w.org\/{rel}","templated":true}]}}