{"id":16946,"date":"2018-12-20T02:53:28","date_gmt":"2018-12-20T05:53:28","guid":{"rendered":"http:\/\/faya.unse.edu.ar\/?page_id=16946"},"modified":"2023-03-09T11:08:10","modified_gmt":"2023-03-09T14:08:10","slug":"horarios-de-clase","status":"publish","type":"page","link":"https:\/\/faya.unse.edu.ar\/index.php\/horarios-de-clase\/","title":{"rendered":"Horarios de Clases 2022"},"content":{"rendered":"\t\t<div data-elementor-type=\"wp-page\" data-elementor-id=\"16946\" class=\"elementor elementor-16946\" data-elementor-settings=\"[]\">\n\t\t\t\t\t\t\t<div class=\"elementor-section-wrap\">\n\t\t\t\t\t\t\t<section class=\"elementor-section elementor-top-section elementor-element elementor-element-2d6667b7 elementor-section-boxed elementor-section-height-default elementor-section-height-default\" data-id=\"2d6667b7\" data-element_type=\"section\">\n\t\t\t\t\t\t<div class=\"elementor-container elementor-column-gap-default\">\n\t\t\t\t\t<div class=\"elementor-column elementor-col-100 elementor-top-column elementor-element elementor-element-77d27540\" data-id=\"77d27540\" data-element_type=\"column\">\n\t\t\t<div class=\"elementor-widget-wrap elementor-element-populated\">\n\t\t\t\t\t\t\t\t<div class=\"elementor-element elementor-element-1d274372 elementor-widget elementor-widget-text-editor\" data-id=\"1d274372\" data-element_type=\"widget\" data-widget_type=\"text-editor.default\">\n\t\t\t\t<div class=\"elementor-widget-container\">\n\t\t\t\t\t\t\t<p>[vc_row css_animation=&#8221;&#8221; row_type=&#8221;row&#8221; use_row_as_full_screen_section=&#8221;no&#8221; type=&#8221;full_width&#8221; angled_section=&#8221;no&#8221; text_align=&#8221;left&#8221; background_image_as_pattern=&#8221;without_pattern&#8221; css=&#8221;.vc_custom_1552657163097{margin-bottom: 35px !important;}&#8221; z_index=&#8221;&#8221;][vc_column][vc_column_text]<\/p><h3 style=\"text-align: center;\">A\u00d1O ACAD\u00c9MICO 2022<\/h3><p>[\/vc_column_text][\/vc_column][\/vc_row][vc_row css_animation=&#8221;&#8221; row_type=&#8221;row&#8221; use_row_as_full_screen_section=&#8221;no&#8221; type=&#8221;full_width&#8221; angled_section=&#8221;no&#8221; text_align=&#8221;left&#8221; background_image_as_pattern=&#8221;without_pattern&#8221;][vc_column width=&#8221;1\/3&#8243;][vc_single_image image=&#8221;23742&#8243; img_size=&#8221;medium&#8221; qode_css_animation=&#8221;&#8221;][\/vc_column][vc_column width=&#8221;1\/3&#8243;]<div class='q_list circle'><\/p><ul><li><span style=\"color: #9e3820;\"><strong><a style=\"color: #9e3820;\" href=\"https:\/\/drive.google.com\/file\/d\/16bE7cmmlrHwiLmKBmOBrpE-rszcjBLcp\/view?usp=sharing\" target=\"_blank\" rel=\"noopener\">Ingenier\u00eda Agron\u00f3mica<\/a><\/strong><\/span><\/li><li><span style=\"color: #9e3820;\"><strong><a style=\"color: #9e3820;\" href=\"https:\/\/faya.unse.edu.ar\/wp-content\/uploads\/Ing-Alimentos.pdf\" target=\"_blank\" rel=\"noopener\">Ingenier\u00eda en Alimentos<\/a><\/strong><\/span><\/li><li><span style=\"color: #9e3820;\"><strong><a style=\"color: #9e3820;\" href=\"https:\/\/faya.unse.edu.ar\/wp-content\/uploads\/Licenciatura-en-Biotecnologia-2.pdf\" target=\"_blank\" rel=\"noopener\">Licenciatura en Biotecnolog\u00eda<\/a><\/strong><\/span><\/li><\/ul><p><\/div>[\/vc_column][vc_column width=&#8221;1\/3&#8243;]<div class='q_list circle'><\/p><ul><li><span style=\"color: #9e3820;\"><strong><a style=\"color: #9e3820;\" href=\"https:\/\/faya.unse.edu.ar\/wp-content\/uploads\/Licenciatura-en-Quimica-2.pdf\" target=\"_blank\" rel=\"noopener\">Licenciatura en Qu\u00edmica<\/a><\/strong><\/span><\/li><li><span style=\"color: #9e3820;\"><strong><a style=\"color: #9e3820;\" href=\"https:\/\/faya.unse.edu.ar\/wp-content\/uploads\/Profesorado-en-Quimica.pdf\" target=\"_blank\" rel=\"noopener\">Profesorado en Qu\u00edmica<\/a><\/strong><\/span><\/li><li><span style=\"color: #9e3820;\"><strong><a style=\"color: #9e3820;\" href=\"https:\/\/faya.unse.edu.ar\/wp-content\/uploads\/TUApicultura.pdf\" target=\"_blank\" rel=\"noopener\">Tecnicatura Universitaria en Apicultura<\/a><\/strong><\/span><\/li><\/ul><p><\/div>[\/vc_column][\/vc_row][vc_row css_animation=&#8221;&#8221; row_type=&#8221;row&#8221; use_row_as_full_screen_section=&#8221;no&#8221; type=&#8221;full_width&#8221; angled_section=&#8221;no&#8221; text_align=&#8221;left&#8221; background_image_as_pattern=&#8221;without_pattern&#8221;][vc_column][vc_empty_space height=&#8221;60px&#8221;][\/vc_column][\/vc_row]<\/p>\t\t\t\t\t\t<\/div>\n\t\t\t\t<\/div>\n\t\t\t\t\t<\/div>\n\t\t<\/div>\n\t\t\t\t\t\t\t<\/div>\n\t\t<\/section>\n\t\t\t\t\t\t<\/div>\n\t\t\t\t\t<\/div>\n\t\t","protected":false},"excerpt":{"rendered":"<p>[vc_row css_animation=&#8221;&#8221; row_type=&#8221;row&#8221; use_row_as_full_screen_section=&#8221;no&#8221; type=&#8221;full_width&#8221; angled_section=&#8221;no&#8221; text_align=&#8221;left&#8221; background_image_as_pattern=&#8221;without_pattern&#8221; css=&#8221;.vc_custom_1552657163097{margin-bottom: 35px !important;}&#8221; z_index=&#8221;&#8221;][vc_column][vc_column_text] A\u00d1O ACAD\u00c9MICO 2022 [\/vc_column_text][\/vc_column][\/vc_row][vc_row css_animation=&#8221;&#8221; row_type=&#8221;row&#8221; use_row_as_full_screen_section=&#8221;no&#8221; type=&#8221;full_width&#8221; angled_section=&#8221;no&#8221; text_align=&#8221;left&#8221; background_image_as_pattern=&#8221;without_pattern&#8221;][vc_column width=&#8221;1\/3&#8243;][vc_single_image image=&#8221;23742&#8243; img_size=&#8221;medium&#8221; qode_css_animation=&#8221;&#8221;][\/vc_column][vc_column width=&#8221;1\/3&#8243;][\/vc_column][vc_column width=&#8221;1\/3&#8243;][\/vc_column][\/vc_row][vc_row css_animation=&#8221;&#8221; row_type=&#8221;row&#8221; use_row_as_full_screen_section=&#8221;no&#8221; type=&#8221;full_width&#8221; angled_section=&#8221;no&#8221; text_align=&#8221;left&#8221; background_image_as_pattern=&#8221;without_pattern&#8221;][vc_column][vc_empty_space height=&#8221;60px&#8221;][\/vc_column][\/vc_row]<\/p>\n","protected":false},"author":1,"featured_media":0,"parent":0,"menu_order":0,"comment_status":"closed","ping_status":"closed","template":"","meta":{"_mi_skip_tracking":false},"yoast_head":"<!-- This site is optimized with the Yoast SEO plugin v17.7.1 - https:\/\/yoast.com\/wordpress\/plugins\/seo\/ -->\n<meta name=\"description\" content=\"Horarios de Clases correspondientes al A\u00f1o Acad\u00e9mico 2020 de la Facultad de Agronom\u00eda y Agroindustrias de la Universidad Nacional de Santiago del Estero.\" \/>\n<meta name=\"robots\" content=\"index, follow, max-snippet:-1, max-image-preview:large, max-video-preview:-1\" \/>\n<link rel=\"canonical\" href=\"https:\/\/faya.unse.edu.ar\/index.php\/horarios-de-clase\/\" \/>\n<meta property=\"og:locale\" content=\"es_ES\" \/>\n<meta property=\"og:type\" content=\"article\" \/>\n<meta property=\"og:title\" content=\"Horarios de Clases 2022 | Facultad de Agronom\u00eda y Agroindustrias UNSE | FAyA UNSE\" \/>\n<meta property=\"og:description\" content=\"Horarios de Clases correspondientes al A\u00f1o Acad\u00e9mico 2020 de la Facultad de Agronom\u00eda y Agroindustrias de la Universidad Nacional de Santiago del Estero.\" \/>\n<meta property=\"og:url\" content=\"https:\/\/faya.unse.edu.ar\/index.php\/horarios-de-clase\/\" \/>\n<meta property=\"og:site_name\" content=\"Facultad de Agronom\u00eda y Agroindustrias UNSE | FAyA UNSE\" \/>\n<meta property=\"article:publisher\" content=\"https:\/\/www.facebook.com\/agroUNSE\/\" \/>\n<meta property=\"article:modified_time\" content=\"2023-03-09T14:08:10+00:00\" \/>\n<meta name=\"twitter:card\" content=\"summary_large_image\" \/>\n<meta name=\"twitter:site\" content=\"@fayaunse\" \/>\n<meta name=\"twitter:label1\" content=\"Tiempo de lectura\" \/>\n\t<meta name=\"twitter:data1\" content=\"1 minuto\" \/>\n<script type=\"application\/ld+json\" class=\"yoast-schema-graph\">{\"@context\":\"https:\/\/schema.org\",\"@graph\":[{\"@type\":\"WebSite\",\"@id\":\"https:\/\/faya.unse.edu.ar\/#website\",\"url\":\"https:\/\/faya.unse.edu.ar\/\",\"name\":\"Facultad de Agronom\\u00eda y Agroindustrias UNSE | FAyA UNSE\",\"description\":\"\",\"potentialAction\":[{\"@type\":\"SearchAction\",\"target\":{\"@type\":\"EntryPoint\",\"urlTemplate\":\"https:\/\/faya.unse.edu.ar\/?s={search_term_string}\"},\"query-input\":\"required name=search_term_string\"}],\"inLanguage\":\"es-AR\"},{\"@type\":\"WebPage\",\"@id\":\"https:\/\/faya.unse.edu.ar\/index.php\/horarios-de-clase\/#webpage\",\"url\":\"https:\/\/faya.unse.edu.ar\/index.php\/horarios-de-clase\/\",\"name\":\"Horarios de Clases 2022 | Facultad de Agronom\\u00eda y Agroindustrias UNSE | FAyA UNSE\",\"isPartOf\":{\"@id\":\"https:\/\/faya.unse.edu.ar\/#website\"},\"datePublished\":\"2018-12-20T05:53:28+00:00\",\"dateModified\":\"2023-03-09T14:08:10+00:00\",\"description\":\"Horarios de Clases correspondientes al A\\u00f1o Acad\\u00e9mico 2020 de la Facultad de Agronom\\u00eda y Agroindustrias de la Universidad Nacional de Santiago del Estero.\",\"breadcrumb\":{\"@id\":\"https:\/\/faya.unse.edu.ar\/index.php\/horarios-de-clase\/#breadcrumb\"},\"inLanguage\":\"es-AR\",\"potentialAction\":[{\"@type\":\"ReadAction\",\"target\":[\"https:\/\/faya.unse.edu.ar\/index.php\/horarios-de-clase\/\"]}]},{\"@type\":\"BreadcrumbList\",\"@id\":\"https:\/\/faya.unse.edu.ar\/index.php\/horarios-de-clase\/#breadcrumb\",\"itemListElement\":[{\"@type\":\"ListItem\",\"position\":1,\"name\":\"Home\",\"item\":\"https:\/\/faya.unse.edu.ar\/\"},{\"@type\":\"ListItem\",\"position\":2,\"name\":\"Horarios de Clases 2022\"}]}]}<\/script>\n<!-- \/ Yoast SEO plugin. -->","yoast_head_json":{"description":"Horarios de Clases correspondientes al A\u00f1o Acad\u00e9mico 2020 de la Facultad de Agronom\u00eda y Agroindustrias de la Universidad Nacional de Santiago del Estero.","robots":{"index":"index","follow":"follow","max-snippet":"max-snippet:-1","max-image-preview":"max-image-preview:large","max-video-preview":"max-video-preview:-1"},"canonical":"https:\/\/faya.unse.edu.ar\/index.php\/horarios-de-clase\/","og_locale":"es_ES","og_type":"article","og_title":"Horarios de Clases 2022 | Facultad de Agronom\u00eda y Agroindustrias UNSE | FAyA UNSE","og_description":"Horarios de Clases correspondientes al A\u00f1o Acad\u00e9mico 2020 de la Facultad de Agronom\u00eda y Agroindustrias de la Universidad Nacional de Santiago del Estero.","og_url":"https:\/\/faya.unse.edu.ar\/index.php\/horarios-de-clase\/","og_site_name":"Facultad de Agronom\u00eda y Agroindustrias UNSE | FAyA UNSE","article_publisher":"https:\/\/www.facebook.com\/agroUNSE\/","article_modified_time":"2023-03-09T14:08:10+00:00","twitter_card":"summary_large_image","twitter_site":"@fayaunse","twitter_misc":{"Tiempo de lectura":"1 minuto"},"schema":{"@context":"https:\/\/schema.org","@graph":[{"@type":"WebSite","@id":"https:\/\/faya.unse.edu.ar\/#website","url":"https:\/\/faya.unse.edu.ar\/","name":"Facultad de Agronom\u00eda y Agroindustrias UNSE | FAyA UNSE","description":"","potentialAction":[{"@type":"SearchAction","target":{"@type":"EntryPoint","urlTemplate":"https:\/\/faya.unse.edu.ar\/?s={search_term_string}"},"query-input":"required name=search_term_string"}],"inLanguage":"es-AR"},{"@type":"WebPage","@id":"https:\/\/faya.unse.edu.ar\/index.php\/horarios-de-clase\/#webpage","url":"https:\/\/faya.unse.edu.ar\/index.php\/horarios-de-clase\/","name":"Horarios de Clases 2022 | Facultad de Agronom\u00eda y Agroindustrias UNSE | FAyA UNSE","isPartOf":{"@id":"https:\/\/faya.unse.edu.ar\/#website"},"datePublished":"2018-12-20T05:53:28+00:00","dateModified":"2023-03-09T14:08:10+00:00","description":"Horarios de Clases correspondientes al A\u00f1o Acad\u00e9mico 2020 de la Facultad de Agronom\u00eda y Agroindustrias de la Universidad Nacional de Santiago del Estero.","breadcrumb":{"@id":"https:\/\/faya.unse.edu.ar\/index.php\/horarios-de-clase\/#breadcrumb"},"inLanguage":"es-AR","potentialAction":[{"@type":"ReadAction","target":["https:\/\/faya.unse.edu.ar\/index.php\/horarios-de-clase\/"]}]},{"@type":"BreadcrumbList","@id":"https:\/\/faya.unse.edu.ar\/index.php\/horarios-de-clase\/#breadcrumb","itemListElement":[{"@type":"ListItem","position":1,"name":"Home","item":"https:\/\/faya.unse.edu.ar\/"},{"@type":"ListItem","position":2,"name":"Horarios de Clases 2022"}]}]}},"_links":{"self":[{"href":"https:\/\/faya.unse.edu.ar\/index.php\/wp-json\/wp\/v2\/pages\/16946"}],"collection":[{"href":"https:\/\/faya.unse.edu.ar\/index.php\/wp-json\/wp\/v2\/pages"}],"about":[{"href":"https:\/\/faya.unse.edu.ar\/index.php\/wp-json\/wp\/v2\/types\/page"}],"author":[{"embeddable":true,"href":"https:\/\/faya.unse.edu.ar\/index.php\/wp-json\/wp\/v2\/users\/1"}],"replies":[{"embeddable":true,"href":"https:\/\/faya.unse.edu.ar\/index.php\/wp-json\/wp\/v2\/comments?post=16946"}],"version-history":[{"count":24,"href":"https:\/\/faya.unse.edu.ar\/index.php\/wp-json\/wp\/v2\/pages\/16946\/revisions"}],"predecessor-version":[{"id":30732,"href":"https:\/\/faya.unse.edu.ar\/index.php\/wp-json\/wp\/v2\/pages\/16946\/revisions\/30732"}],"wp:attachment":[{"href":"https:\/\/faya.unse.edu.ar\/index.php\/wp-json\/wp\/v2\/media?parent=16946"}],"curies":[{"name":"wp","href":"https:\/\/api.w.org\/{rel}","templated":true}]}}