{"id":16949,"date":"2018-12-20T02:54:21","date_gmt":"2018-12-20T05:54:21","guid":{"rendered":"http:\/\/faya.unse.edu.ar\/?page_id=16949"},"modified":"2020-03-13T09:08:27","modified_gmt":"2020-03-13T12:08:27","slug":"turnos-de-examenes","status":"publish","type":"page","link":"https:\/\/faya.unse.edu.ar\/index.php\/turnos-de-examenes\/","title":{"rendered":"Turnos de ex\u00e1menes"},"content":{"rendered":"<p>[vc_row css_animation=&#8221;&#8221; row_type=&#8221;row&#8221; use_row_as_full_screen_section=&#8221;no&#8221; type=&#8221;full_width&#8221; angled_section=&#8221;no&#8221; text_align=&#8221;left&#8221; background_image_as_pattern=&#8221;without_pattern&#8221;][vc_column width=&#8221;1\/3&#8243;][vc_single_image image=&#8221;16351&#8243; img_size=&#8221;medium&#8221; qode_css_animation=&#8221;&#8221;][\/vc_column][vc_column width=&#8221;1\/3&#8243;]<div class='q_list circle'><\/p>\n<ul>\n<li><span style=\"color: #9e3820;\"><strong><a style=\"color: #9e3820;\" href=\"https:\/\/faya.unse.edu.ar\/wp-content\/uploads\/Turnos-de-Ex\u00e1menes-Ingenieria-Agronomica-2020-1.pdf\">Ingenier\u00eda Agron\u00f3mica (PE 2005)<\/a><\/strong><\/span><\/li>\n<li><span style=\"color: #9e3820;\"><strong><a style=\"color: #9e3820;\" href=\"https:\/\/faya.unse.edu.ar\/wp-content\/uploads\/Turnos-de-Ex\u00e1menes-Ingenieria-en-Alimentos-2020-1.pdf\">Ingenier\u00eda en Alimentos (PE 1998)<\/a><\/strong><\/span><\/li>\n<li><span style=\"color: #9e3820;\"><strong><a style=\"color: #9e3820;\" href=\"https:\/\/faya.unse.edu.ar\/wp-content\/uploads\/Turnos-de-Ex\u00e1menes-Licenciatura-en-Biotecnologia-2020.pdf\">Licenciatura en Biotecnolog\u00eda (PE 2015)<\/a><\/strong><\/span><\/li>\n<\/ul>\n<p><\/div>[\/vc_column][vc_column width=&#8221;1\/3&#8243;]<div class='q_list circle'><\/p>\n<ul>\n<li><span style=\"color: #9e3820;\"><strong><a style=\"color: #9e3820;\" href=\"https:\/\/faya.unse.edu.ar\/wp-content\/uploads\/Turnos-de-Ex\u00e1menes-Licenciatura-en-Quimica-2020.pdf\">Licenciatura en Qu\u00edmica (PE 2013)<\/a><\/strong><\/span><\/li>\n<li><span style=\"color: #9e3820;\"><strong><a style=\"color: #9e3820;\" href=\"https:\/\/faya.unse.edu.ar\/wp-content\/uploads\/Turnos-de-Ex\u00e1menes-Profesorado-de-Quimica-2020.pdf\">Profesorado de Qu\u00edmica&nbsp; (PE 2001) &#8211; Licenciatura en Qu\u00edmica (PE 2003)<\/a><\/strong><\/span><\/li>\n<li><span style=\"color: #9e3820;\"><strong><a style=\"color: #9e3820;\" href=\"https:\/\/faya.unse.edu.ar\/wp-content\/uploads\/Tecnicatura-Universitaria-en-Apicultura-1.pdf\">Tecnicatura Universitaria en Apicultura<\/a><\/strong><\/span><\/li>\n<\/ul>\n<p><\/div>[\/vc_column][\/vc_row][vc_row css_animation=&#8221;&#8221; row_type=&#8221;row&#8221; use_row_as_full_screen_section=&#8221;no&#8221; type=&#8221;full_width&#8221; angled_section=&#8221;no&#8221; text_align=&#8221;left&#8221; background_image_as_pattern=&#8221;without_pattern&#8221;][vc_column][vc_empty_space height=&#8221;60px&#8221;][\/vc_column][\/vc_row]<\/p>\n","protected":false},"excerpt":{"rendered":"<p>[vc_row css_animation=&#8221;&#8221; row_type=&#8221;row&#8221; use_row_as_full_screen_section=&#8221;no&#8221; type=&#8221;full_width&#8221; angled_section=&#8221;no&#8221; text_align=&#8221;left&#8221; background_image_as_pattern=&#8221;without_pattern&#8221;][vc_column width=&#8221;1\/3&#8243;][vc_single_image image=&#8221;16351&#8243; img_size=&#8221;medium&#8221; qode_css_animation=&#8221;&#8221;][\/vc_column][vc_column width=&#8221;1\/3&#8243;][\/vc_column][vc_column width=&#8221;1\/3&#8243;][\/vc_column][\/vc_row][vc_row css_animation=&#8221;&#8221; row_type=&#8221;row&#8221; use_row_as_full_screen_section=&#8221;no&#8221; type=&#8221;full_width&#8221; angled_section=&#8221;no&#8221; text_align=&#8221;left&#8221; background_image_as_pattern=&#8221;without_pattern&#8221;][vc_column][vc_empty_space height=&#8221;60px&#8221;][\/vc_column][\/vc_row]<\/p>\n","protected":false},"author":1,"featured_media":23560,"parent":0,"menu_order":0,"comment_status":"closed","ping_status":"closed","template":"","meta":{"_mi_skip_tracking":false},"yoast_head":"<!-- This site is optimized with the Yoast SEO plugin v17.7.1 - https:\/\/yoast.com\/wordpress\/plugins\/seo\/ -->\n<meta name=\"description\" content=\"Descarg\u00e1 los Turnos de Ex\u00e1menes FAyA-UNSE del Calendario Acad\u00e9mico 2020 de todas las carreras de grado y pregrado de nuestra Facultad.\" \/>\n<meta name=\"robots\" content=\"index, follow, max-snippet:-1, max-image-preview:large, max-video-preview:-1\" \/>\n<link rel=\"canonical\" href=\"https:\/\/faya.unse.edu.ar\/index.php\/turnos-de-examenes\/\" \/>\n<meta property=\"og:locale\" content=\"es_ES\" \/>\n<meta property=\"og:type\" content=\"article\" \/>\n<meta property=\"og:title\" content=\"Turnos de ex\u00e1menes | Facultad de Agronom\u00eda y Agroindustrias UNSE | FAyA UNSE\" \/>\n<meta property=\"og:description\" content=\"Descarg\u00e1 los Turnos de Ex\u00e1menes FAyA-UNSE del Calendario Acad\u00e9mico 2020 de todas las carreras de grado y pregrado de nuestra Facultad.\" \/>\n<meta property=\"og:url\" content=\"https:\/\/faya.unse.edu.ar\/index.php\/turnos-de-examenes\/\" \/>\n<meta property=\"og:site_name\" content=\"Facultad de Agronom\u00eda y Agroindustrias UNSE | FAyA UNSE\" \/>\n<meta property=\"article:publisher\" content=\"https:\/\/www.facebook.com\/agroUNSE\/\" \/>\n<meta property=\"article:modified_time\" content=\"2020-03-13T12:08:27+00:00\" \/>\n<meta property=\"og:image\" content=\"https:\/\/faya.unse.edu.ar\/wp-content\/uploads\/turnos-de-examenes-faya-unse-2020.jpg\" \/>\n\t<meta property=\"og:image:width\" content=\"960\" \/>\n\t<meta property=\"og:image:height\" content=\"480\" \/>\n<meta name=\"twitter:card\" content=\"summary_large_image\" \/>\n<meta name=\"twitter:site\" content=\"@fayaunse\" \/>\n<meta name=\"twitter:label1\" content=\"Tiempo de lectura\" \/>\n\t<meta name=\"twitter:data1\" content=\"1 minuto\" \/>\n<script type=\"application\/ld+json\" class=\"yoast-schema-graph\">{\"@context\":\"https:\/\/schema.org\",\"@graph\":[{\"@type\":\"WebSite\",\"@id\":\"https:\/\/faya.unse.edu.ar\/#website\",\"url\":\"https:\/\/faya.unse.edu.ar\/\",\"name\":\"Facultad de Agronom\\u00eda y Agroindustrias UNSE | FAyA UNSE\",\"description\":\"\",\"potentialAction\":[{\"@type\":\"SearchAction\",\"target\":{\"@type\":\"EntryPoint\",\"urlTemplate\":\"https:\/\/faya.unse.edu.ar\/?s={search_term_string}\"},\"query-input\":\"required name=search_term_string\"}],\"inLanguage\":\"es-AR\"},{\"@type\":\"ImageObject\",\"@id\":\"https:\/\/faya.unse.edu.ar\/index.php\/turnos-de-examenes\/#primaryimage\",\"inLanguage\":\"es-AR\",\"url\":\"https:\/\/faya.unse.edu.ar\/wp-content\/uploads\/turnos-de-examenes-faya-unse-2020.jpg\",\"contentUrl\":\"https:\/\/faya.unse.edu.ar\/wp-content\/uploads\/turnos-de-examenes-faya-unse-2020.jpg\",\"width\":960,\"height\":480},{\"@type\":\"WebPage\",\"@id\":\"https:\/\/faya.unse.edu.ar\/index.php\/turnos-de-examenes\/#webpage\",\"url\":\"https:\/\/faya.unse.edu.ar\/index.php\/turnos-de-examenes\/\",\"name\":\"Turnos de ex\\u00e1menes | Facultad de Agronom\\u00eda y Agroindustrias UNSE | FAyA UNSE\",\"isPartOf\":{\"@id\":\"https:\/\/faya.unse.edu.ar\/#website\"},\"primaryImageOfPage\":{\"@id\":\"https:\/\/faya.unse.edu.ar\/index.php\/turnos-de-examenes\/#primaryimage\"},\"datePublished\":\"2018-12-20T05:54:21+00:00\",\"dateModified\":\"2020-03-13T12:08:27+00:00\",\"description\":\"Descarg\\u00e1 los Turnos de Ex\\u00e1menes FAyA-UNSE del Calendario Acad\\u00e9mico 2020 de todas las carreras de grado y pregrado de nuestra Facultad.\",\"breadcrumb\":{\"@id\":\"https:\/\/faya.unse.edu.ar\/index.php\/turnos-de-examenes\/#breadcrumb\"},\"inLanguage\":\"es-AR\",\"potentialAction\":[{\"@type\":\"ReadAction\",\"target\":[\"https:\/\/faya.unse.edu.ar\/index.php\/turnos-de-examenes\/\"]}]},{\"@type\":\"BreadcrumbList\",\"@id\":\"https:\/\/faya.unse.edu.ar\/index.php\/turnos-de-examenes\/#breadcrumb\",\"itemListElement\":[{\"@type\":\"ListItem\",\"position\":1,\"name\":\"Home\",\"item\":\"https:\/\/faya.unse.edu.ar\/\"},{\"@type\":\"ListItem\",\"position\":2,\"name\":\"Turnos de ex\\u00e1menes\"}]}]}<\/script>\n<!-- \/ Yoast SEO plugin. -->","yoast_head_json":{"description":"Descarg\u00e1 los Turnos de Ex\u00e1menes FAyA-UNSE del Calendario Acad\u00e9mico 2020 de todas las carreras de grado y pregrado de nuestra Facultad.","robots":{"index":"index","follow":"follow","max-snippet":"max-snippet:-1","max-image-preview":"max-image-preview:large","max-video-preview":"max-video-preview:-1"},"canonical":"https:\/\/faya.unse.edu.ar\/index.php\/turnos-de-examenes\/","og_locale":"es_ES","og_type":"article","og_title":"Turnos de ex\u00e1menes | Facultad de Agronom\u00eda y Agroindustrias UNSE | FAyA UNSE","og_description":"Descarg\u00e1 los Turnos de Ex\u00e1menes FAyA-UNSE del Calendario Acad\u00e9mico 2020 de todas las carreras de grado y pregrado de nuestra Facultad.","og_url":"https:\/\/faya.unse.edu.ar\/index.php\/turnos-de-examenes\/","og_site_name":"Facultad de Agronom\u00eda y Agroindustrias UNSE | FAyA UNSE","article_publisher":"https:\/\/www.facebook.com\/agroUNSE\/","article_modified_time":"2020-03-13T12:08:27+00:00","og_image":[{"width":960,"height":480,"url":"https:\/\/faya.unse.edu.ar\/wp-content\/uploads\/turnos-de-examenes-faya-unse-2020.jpg","type":"image\/jpeg"}],"twitter_card":"summary_large_image","twitter_site":"@fayaunse","twitter_misc":{"Tiempo de lectura":"1 minuto"},"schema":{"@context":"https:\/\/schema.org","@graph":[{"@type":"WebSite","@id":"https:\/\/faya.unse.edu.ar\/#website","url":"https:\/\/faya.unse.edu.ar\/","name":"Facultad de Agronom\u00eda y Agroindustrias UNSE | FAyA UNSE","description":"","potentialAction":[{"@type":"SearchAction","target":{"@type":"EntryPoint","urlTemplate":"https:\/\/faya.unse.edu.ar\/?s={search_term_string}"},"query-input":"required name=search_term_string"}],"inLanguage":"es-AR"},{"@type":"ImageObject","@id":"https:\/\/faya.unse.edu.ar\/index.php\/turnos-de-examenes\/#primaryimage","inLanguage":"es-AR","url":"https:\/\/faya.unse.edu.ar\/wp-content\/uploads\/turnos-de-examenes-faya-unse-2020.jpg","contentUrl":"https:\/\/faya.unse.edu.ar\/wp-content\/uploads\/turnos-de-examenes-faya-unse-2020.jpg","width":960,"height":480},{"@type":"WebPage","@id":"https:\/\/faya.unse.edu.ar\/index.php\/turnos-de-examenes\/#webpage","url":"https:\/\/faya.unse.edu.ar\/index.php\/turnos-de-examenes\/","name":"Turnos de ex\u00e1menes | Facultad de Agronom\u00eda y Agroindustrias UNSE | FAyA UNSE","isPartOf":{"@id":"https:\/\/faya.unse.edu.ar\/#website"},"primaryImageOfPage":{"@id":"https:\/\/faya.unse.edu.ar\/index.php\/turnos-de-examenes\/#primaryimage"},"datePublished":"2018-12-20T05:54:21+00:00","dateModified":"2020-03-13T12:08:27+00:00","description":"Descarg\u00e1 los Turnos de Ex\u00e1menes FAyA-UNSE del Calendario Acad\u00e9mico 2020 de todas las carreras de grado y pregrado de nuestra Facultad.","breadcrumb":{"@id":"https:\/\/faya.unse.edu.ar\/index.php\/turnos-de-examenes\/#breadcrumb"},"inLanguage":"es-AR","potentialAction":[{"@type":"ReadAction","target":["https:\/\/faya.unse.edu.ar\/index.php\/turnos-de-examenes\/"]}]},{"@type":"BreadcrumbList","@id":"https:\/\/faya.unse.edu.ar\/index.php\/turnos-de-examenes\/#breadcrumb","itemListElement":[{"@type":"ListItem","position":1,"name":"Home","item":"https:\/\/faya.unse.edu.ar\/"},{"@type":"ListItem","position":2,"name":"Turnos de ex\u00e1menes"}]}]}},"_links":{"self":[{"href":"https:\/\/faya.unse.edu.ar\/index.php\/wp-json\/wp\/v2\/pages\/16949"}],"collection":[{"href":"https:\/\/faya.unse.edu.ar\/index.php\/wp-json\/wp\/v2\/pages"}],"about":[{"href":"https:\/\/faya.unse.edu.ar\/index.php\/wp-json\/wp\/v2\/types\/page"}],"author":[{"embeddable":true,"href":"https:\/\/faya.unse.edu.ar\/index.php\/wp-json\/wp\/v2\/users\/1"}],"replies":[{"embeddable":true,"href":"https:\/\/faya.unse.edu.ar\/index.php\/wp-json\/wp\/v2\/comments?post=16949"}],"version-history":[{"count":12,"href":"https:\/\/faya.unse.edu.ar\/index.php\/wp-json\/wp\/v2\/pages\/16949\/revisions"}],"predecessor-version":[{"id":23722,"href":"https:\/\/faya.unse.edu.ar\/index.php\/wp-json\/wp\/v2\/pages\/16949\/revisions\/23722"}],"wp:featuredmedia":[{"embeddable":true,"href":"https:\/\/faya.unse.edu.ar\/index.php\/wp-json\/wp\/v2\/media\/23560"}],"wp:attachment":[{"href":"https:\/\/faya.unse.edu.ar\/index.php\/wp-json\/wp\/v2\/media?parent=16949"}],"curies":[{"name":"wp","href":"https:\/\/api.w.org\/{rel}","templated":true}]}}