{"id":16960,"date":"2018-12-20T03:09:31","date_gmt":"2018-12-20T06:09:31","guid":{"rendered":"http:\/\/faya.unse.edu.ar\/?page_id=16960"},"modified":"2018-12-20T03:15:01","modified_gmt":"2018-12-20T06:15:01","slug":"becas","status":"publish","type":"page","link":"https:\/\/faya.unse.edu.ar\/index.php\/becas\/","title":{"rendered":"Becas"},"content":{"rendered":"<p>[vc_row css_animation=&#8221;&#8221; row_type=&#8221;row&#8221; use_row_as_full_screen_section=&#8221;no&#8221; type=&#8221;full_width&#8221; angled_section=&#8221;no&#8221; text_align=&#8221;left&#8221; background_image_as_pattern=&#8221;without_pattern&#8221;][vc_column]<div class=\"qode-accordion-holder clearfix qode-toggle qode-initial \">\n\t<h4 class=\"clearfix qode-title-holder\">\n<span class=\"qode-tab-title\">\n\t    <span class=\"qode-tab-title-inner\">\n        Becas UNSE    <\/span>\n<\/span>\n<span class=\"qode-accordion-mark\">\n    <span class=\"qode-accordion-mark-icon\">\n        <span class=\"icon_plus\"><\/span>\n        <span class=\"icon_minus-06\"><\/span>\n    <\/span>\n<\/span>\n<\/h4>\n<div class=\"qode-accordion-content \" >\n    <div class=\"qode-accordion-content-inner\">\n        [vc_column_text]<\/p>\n<ul>\n<li>Beca al M\u00e9rito Intelectual<\/li>\n<li>Beca de Ayuda Econ\u00f3mica<br \/>\nMedia Beca de Ayuda Econ\u00f3mica<\/li>\n<li>Beca alojamiento<\/li>\n<li>Beca Comedor<\/li>\n<\/ul>\n<h5><\/h5>\n<h5><span style=\"color: #ff0000;\">Requisitos<\/span><\/h5>\n<ul>\n<li>Constancia de Alumno Reguar (expedido por departamento Alumnos de la Facultad)<\/li>\n<li>Fotocopia de DNI y constacia de CUIL<\/li>\n<li>Fotocopia de Recibo de Sueldo o declaraci\u00f3n jurada de ingresos (en la polic\u00eda que diga que actividad realiz y cuanto es el ingreso mensual aproximado)<\/li>\n<li>Certificado M\u00e9dico (en caso de tener un familiar discapacitado)<\/li>\n<li>Certificado de la Escuela (s\u00f3lo para solicitantes de Becas M\u00e9rito Intelectual, en el que conste el promedio del polimodal)<\/li>\n<li>Fotocopia de recibo de pensi\u00f3n o alquiler (para solicitantes de Beca Alojamiento)<\/li>\n<\/ul>\n<h5><\/h5>\n<h5><span style=\"color: #ff0000;\">Fecha y lugar de Inscripci\u00f3n<\/span><\/h5>\n<p>A partir de marzo en el \u00e1rea de Becas<br \/>\nTel\u00e9fono (0385) 4509 519<br \/>\nMails:\u00a0<a href=\"https:\/\/mail.google.com\/mail\/?view=cm&amp;fs=1&amp;tf=1&amp;to=becas@unse.edu.ar\" target=\"_blank\" rel=\"noopener\">becas@unse.edu.ar<\/a>\u00a0&#8211;\u00a0<a href=\"https:\/\/mail.google.com\/mail\/?view=cm&amp;fs=1&amp;tf=1&amp;to=melozano@unse.edu.ar\" target=\"_blank\" rel=\"noopener\">melozano@unse.edu.ar<\/a>\u00a0&#8211;\u00a0<a href=\"https:\/\/mail.google.com\/mail\/?view=cm&amp;fs=1&amp;tf=1&amp;to=maruluana.unse@gmail.com\" target=\"_blank\" rel=\"noopener\">maruluana.unse@gmail.com<\/a>[\/vc_column_text]    <\/div>\n<\/div><h4 class=\"clearfix qode-title-holder\">\n<span class=\"qode-tab-title\">\n\t    <span class=\"qode-tab-title-inner\">\n        Becas Nacionales    <\/span>\n<\/span>\n<span class=\"qode-accordion-mark\">\n    <span class=\"qode-accordion-mark-icon\">\n        <span class=\"icon_plus\"><\/span>\n        <span class=\"icon_minus-06\"><\/span>\n    <\/span>\n<\/span>\n<\/h4>\n<div class=\"qode-accordion-content \" >\n    <div class=\"qode-accordion-content-inner\">\n        [vc_column_text]<\/p>\n<h5><span style=\"color: #ff0000;\">BECAS BICENTENARIO\u00a0<\/span><\/h5>\n<p>(inscripciones hasta el\u00a0<strong>10 de marzo<\/strong>)<\/p>\n<p>El\u00a0<strong>Programa de Becas Bicentenario para Carreras Cient\u00edficas y T\u00e9cnicas<\/strong>otorgar\u00e1 becas de estudio a alumnos de bajos recursos que ingresen al sistema educativo superior en la rama de las carreras vinculadas a las ciencias aplicadas, ciencias naturales, ciencias exactas y a las ciencias b\u00e1sicas (carreras de grado y tecnicaturas universitarias y no universitarias).Objetivo El Programa de Becas Bicentenario para Carreras Cient\u00edficas\u00a0 y T\u00e9cnicas est\u00e1 dirigido a incrementar el ingreso de j\u00f3venes provenientes de hogares de bajos ingresos que estudien una carrera universitaria prioritaria o tecnicatura considerada estrat\u00e9gica para el desarrollo econ\u00f3mico y productivo del pa\u00eds, y tambi\u00e9n a incentivar la permanencia y la finalizaci\u00f3n de los estudios de grado y tecnicaturas en campos clave para el desarrollo.Destinatarios del programa:<\/p>\n<ul>\n<li>Egresados de las escuelas t\u00e9cnicas de gesti\u00f3n estatal.<\/li>\n<\/ul>\n<ul>\n<li>Estudiantes egresados del nivel secundario com\u00fan de gesti\u00f3n estatal que provengan de hogares de bajos ingresos.<\/li>\n<\/ul>\n<p>En los dos casos, deber\u00e1n haber finalizado el nivel secundario sin adeudar materias. Dotaci\u00f3n econ\u00f3mica:El beneficio consta de un monto diferenciado que va desde $ 5.000 hasta $ 12.000 anuales para estudiantes que ingresen a una carrera de grado, y de $ 3.500 hasta $ 5.000 anuales para aquellos que ingresen a una tecnicatura. El pago de la asignaci\u00f3n anual se har\u00e1 cada a\u00f1o en 10 cuotas mensuales. Requisitos para la postulaci\u00f3n:<\/p>\n<ul>\n<li>Ingresos:<br \/>\nComo requisito para la postulaci\u00f3n al programa de los estudiantes de\u00a0<strong>educaci\u00f3n secundaria com\u00fan\u00a0<\/strong>se establece un monto m\u00e1ximo de ingreso totales del hogar. Para su definici\u00f3n se tuvieron en cuenta los valores del Salario M\u00ednimo Vital y M\u00f3vil (SMVM) dispuesto para diciembre del 2008, el valor de la Canasta B\u00e1sica Total (CBT), y el valor del salario registrado para el 50 % de la poblaci\u00f3n. En funci\u00f3n de los diferenciales de salarios e ingreso total familiar que se registran en el territorio nacional se establecer\u00e1 un monto diferenciado en funci\u00f3n del lugar de procedencia del postulante.<\/li>\n<\/ul>\n<ul>\n<li>Haber finalizado sus estudios secundarios sin adeudar materias para alumnos ingresantes a una carrera prioritaria en una universidad o instituto universitario nacional o tecnicaturas cient\u00edfico-t\u00e9cnicas.<\/li>\n<\/ul>\n<blockquote>\n<ul>\n<li>Ser menor de 25 a\u00f1os si es ingresante a una carrera de grado o tecnicatura en el a\u00f1o de la convocatoria.<\/li>\n<\/ul>\n<\/blockquote>\n<p><strong>Mayor informaci\u00f3n:<\/strong><br \/>\n<a href=\"http:\/\/www.becasbicentenario.gov.ar\/\" target=\"_blank\" rel=\"noopener\">http:\/\/www.becasbicentenario.gov.ar<\/a><\/p>\n<hr \/>\n<h4><\/h4>\n<h5><span style=\"color: #ff0000;\">BECAS FUNDACI\u00d3N CAROLINA<\/span><\/h5>\n<p>Destinada a los ingresantes 2010 de las distintas Ingenier\u00edas y licenciaturas de las Facultades de Agronom\u00eda, Exactas y Forestales, as\u00ed como de la carrera Lic. en Enfermer\u00eda (UNSE).<\/p>\n<p><strong>Requisito:<\/strong> menor de 24 a\u00f1os y con un ingreso familiar menor de $ 1800.-<\/p>\n<p>Ingresar a<a href=\"http:\/\/www.fundacioncarolina.org.ar\/\" target=\"_blank\" rel=\"noopener\">\u00a0http:\/\/www.fundacioncarolina.org.ar\/<\/a>, completar el formulario, imprimirlo y adjuntar la documentaci\u00f3n solicitada. Deber\u00e1 ser presentado en el \u00c1rea de Becas hasta el 5 de marzo, en el horario de 9 a 12.[\/vc_column_text]    <\/div>\n<\/div><\/div>[vc_empty_space height=&#8221;60px&#8221;][\/vc_column][\/vc_row]<\/p>\n","protected":false},"excerpt":{"rendered":"<p>[vc_row css_animation=&#8221;&#8221; row_type=&#8221;row&#8221; use_row_as_full_screen_section=&#8221;no&#8221; type=&#8221;full_width&#8221; angled_section=&#8221;no&#8221; text_align=&#8221;left&#8221; background_image_as_pattern=&#8221;without_pattern&#8221;][vc_column][vc_empty_space height=&#8221;60px&#8221;][\/vc_column][\/vc_row]<\/p>\n","protected":false},"author":1,"featured_media":0,"parent":0,"menu_order":0,"comment_status":"closed","ping_status":"closed","template":"","meta":{"_mi_skip_tracking":false},"yoast_head":"<!-- This site is optimized with the Yoast SEO plugin v17.7.1 - https:\/\/yoast.com\/wordpress\/plugins\/seo\/ -->\n<meta name=\"robots\" content=\"index, follow, max-snippet:-1, max-image-preview:large, max-video-preview:-1\" \/>\n<link rel=\"canonical\" href=\"https:\/\/faya.unse.edu.ar\/index.php\/becas\/\" \/>\n<meta property=\"og:locale\" content=\"es_ES\" \/>\n<meta property=\"og:type\" content=\"article\" \/>\n<meta property=\"og:title\" content=\"Becas | Facultad de Agronom\u00eda y Agroindustrias UNSE | FAyA UNSE\" \/>\n<meta property=\"og:description\" content=\"[vc_row css_animation=&#8221;&#8221; row_type=&#8221;row&#8221; use_row_as_full_screen_section=&#8221;no&#8221; type=&#8221;full_width&#8221; angled_section=&#8221;no&#8221; text_align=&#8221;left&#8221; background_image_as_pattern=&#8221;without_pattern&#8221;][vc_column][vc_empty_space height=&#8221;60px&#8221;][\/vc_column][\/vc_row]\" \/>\n<meta property=\"og:url\" content=\"https:\/\/faya.unse.edu.ar\/index.php\/becas\/\" \/>\n<meta property=\"og:site_name\" content=\"Facultad de Agronom\u00eda y Agroindustrias UNSE | FAyA UNSE\" \/>\n<meta property=\"article:publisher\" content=\"https:\/\/www.facebook.com\/agroUNSE\/\" \/>\n<meta property=\"article:modified_time\" content=\"2018-12-20T06:15:01+00:00\" \/>\n<meta name=\"twitter:card\" content=\"summary_large_image\" \/>\n<meta name=\"twitter:site\" content=\"@fayaunse\" \/>\n<meta name=\"twitter:label1\" content=\"Tiempo de lectura\" \/>\n\t<meta name=\"twitter:data1\" content=\"3 minutos\" \/>\n<script type=\"application\/ld+json\" class=\"yoast-schema-graph\">{\"@context\":\"https:\/\/schema.org\",\"@graph\":[{\"@type\":\"WebSite\",\"@id\":\"https:\/\/faya.unse.edu.ar\/#website\",\"url\":\"https:\/\/faya.unse.edu.ar\/\",\"name\":\"Facultad de Agronom\\u00eda y Agroindustrias UNSE | FAyA UNSE\",\"description\":\"\",\"potentialAction\":[{\"@type\":\"SearchAction\",\"target\":{\"@type\":\"EntryPoint\",\"urlTemplate\":\"https:\/\/faya.unse.edu.ar\/?s={search_term_string}\"},\"query-input\":\"required name=search_term_string\"}],\"inLanguage\":\"es-AR\"},{\"@type\":\"WebPage\",\"@id\":\"https:\/\/faya.unse.edu.ar\/index.php\/becas\/#webpage\",\"url\":\"https:\/\/faya.unse.edu.ar\/index.php\/becas\/\",\"name\":\"Becas | Facultad de Agronom\\u00eda y Agroindustrias UNSE | FAyA UNSE\",\"isPartOf\":{\"@id\":\"https:\/\/faya.unse.edu.ar\/#website\"},\"datePublished\":\"2018-12-20T06:09:31+00:00\",\"dateModified\":\"2018-12-20T06:15:01+00:00\",\"breadcrumb\":{\"@id\":\"https:\/\/faya.unse.edu.ar\/index.php\/becas\/#breadcrumb\"},\"inLanguage\":\"es-AR\",\"potentialAction\":[{\"@type\":\"ReadAction\",\"target\":[\"https:\/\/faya.unse.edu.ar\/index.php\/becas\/\"]}]},{\"@type\":\"BreadcrumbList\",\"@id\":\"https:\/\/faya.unse.edu.ar\/index.php\/becas\/#breadcrumb\",\"itemListElement\":[{\"@type\":\"ListItem\",\"position\":1,\"name\":\"Home\",\"item\":\"https:\/\/faya.unse.edu.ar\/\"},{\"@type\":\"ListItem\",\"position\":2,\"name\":\"Becas\"}]}]}<\/script>\n<!-- \/ Yoast SEO plugin. -->","yoast_head_json":{"robots":{"index":"index","follow":"follow","max-snippet":"max-snippet:-1","max-image-preview":"max-image-preview:large","max-video-preview":"max-video-preview:-1"},"canonical":"https:\/\/faya.unse.edu.ar\/index.php\/becas\/","og_locale":"es_ES","og_type":"article","og_title":"Becas | Facultad de Agronom\u00eda y Agroindustrias UNSE | FAyA UNSE","og_description":"[vc_row css_animation=&#8221;&#8221; row_type=&#8221;row&#8221; use_row_as_full_screen_section=&#8221;no&#8221; type=&#8221;full_width&#8221; angled_section=&#8221;no&#8221; text_align=&#8221;left&#8221; background_image_as_pattern=&#8221;without_pattern&#8221;][vc_column][vc_empty_space height=&#8221;60px&#8221;][\/vc_column][\/vc_row]","og_url":"https:\/\/faya.unse.edu.ar\/index.php\/becas\/","og_site_name":"Facultad de Agronom\u00eda y Agroindustrias UNSE | FAyA UNSE","article_publisher":"https:\/\/www.facebook.com\/agroUNSE\/","article_modified_time":"2018-12-20T06:15:01+00:00","twitter_card":"summary_large_image","twitter_site":"@fayaunse","twitter_misc":{"Tiempo de lectura":"3 minutos"},"schema":{"@context":"https:\/\/schema.org","@graph":[{"@type":"WebSite","@id":"https:\/\/faya.unse.edu.ar\/#website","url":"https:\/\/faya.unse.edu.ar\/","name":"Facultad de Agronom\u00eda y Agroindustrias UNSE | FAyA UNSE","description":"","potentialAction":[{"@type":"SearchAction","target":{"@type":"EntryPoint","urlTemplate":"https:\/\/faya.unse.edu.ar\/?s={search_term_string}"},"query-input":"required name=search_term_string"}],"inLanguage":"es-AR"},{"@type":"WebPage","@id":"https:\/\/faya.unse.edu.ar\/index.php\/becas\/#webpage","url":"https:\/\/faya.unse.edu.ar\/index.php\/becas\/","name":"Becas | Facultad de Agronom\u00eda y Agroindustrias UNSE | FAyA UNSE","isPartOf":{"@id":"https:\/\/faya.unse.edu.ar\/#website"},"datePublished":"2018-12-20T06:09:31+00:00","dateModified":"2018-12-20T06:15:01+00:00","breadcrumb":{"@id":"https:\/\/faya.unse.edu.ar\/index.php\/becas\/#breadcrumb"},"inLanguage":"es-AR","potentialAction":[{"@type":"ReadAction","target":["https:\/\/faya.unse.edu.ar\/index.php\/becas\/"]}]},{"@type":"BreadcrumbList","@id":"https:\/\/faya.unse.edu.ar\/index.php\/becas\/#breadcrumb","itemListElement":[{"@type":"ListItem","position":1,"name":"Home","item":"https:\/\/faya.unse.edu.ar\/"},{"@type":"ListItem","position":2,"name":"Becas"}]}]}},"_links":{"self":[{"href":"https:\/\/faya.unse.edu.ar\/index.php\/wp-json\/wp\/v2\/pages\/16960"}],"collection":[{"href":"https:\/\/faya.unse.edu.ar\/index.php\/wp-json\/wp\/v2\/pages"}],"about":[{"href":"https:\/\/faya.unse.edu.ar\/index.php\/wp-json\/wp\/v2\/types\/page"}],"author":[{"embeddable":true,"href":"https:\/\/faya.unse.edu.ar\/index.php\/wp-json\/wp\/v2\/users\/1"}],"replies":[{"embeddable":true,"href":"https:\/\/faya.unse.edu.ar\/index.php\/wp-json\/wp\/v2\/comments?post=16960"}],"version-history":[{"count":4,"href":"https:\/\/faya.unse.edu.ar\/index.php\/wp-json\/wp\/v2\/pages\/16960\/revisions"}],"predecessor-version":[{"id":16964,"href":"https:\/\/faya.unse.edu.ar\/index.php\/wp-json\/wp\/v2\/pages\/16960\/revisions\/16964"}],"wp:attachment":[{"href":"https:\/\/faya.unse.edu.ar\/index.php\/wp-json\/wp\/v2\/media?parent=16960"}],"curies":[{"name":"wp","href":"https:\/\/api.w.org\/{rel}","templated":true}]}}