{"id":16969,"date":"2018-12-20T16:26:51","date_gmt":"2018-12-20T19:26:51","guid":{"rendered":"http:\/\/faya.unse.edu.ar\/?page_id=16969"},"modified":"2018-12-20T16:26:51","modified_gmt":"2018-12-20T19:26:51","slug":"gestion-docente","status":"publish","type":"page","link":"https:\/\/faya.unse.edu.ar\/index.php\/gestion-docente\/","title":{"rendered":"Gesti\u00f3n Docente"},"content":{"rendered":"<p>[vc_row css_animation=&#8221;&#8221; row_type=&#8221;row&#8221; use_row_as_full_screen_section=&#8221;no&#8221; type=&#8221;full_width&#8221; angled_section=&#8221;no&#8221; text_align=&#8221;left&#8221; background_image_as_pattern=&#8221;without_pattern&#8221;][vc_column]<div class='q_list circle'><\/p>\n<table cellspacing=\"0\" cellpadding=\"0\">\n<tbody>\n<tr>\n<td height=\"20\">\n<div align=\"left\">\n<ul>\n<li><a href=\"http:\/\/faa.unse.edu.ar\/document\/regpas.pdf\" target=\"_blank\" rel=\"noopener\"><strong>Reglamento de pasant\u00edas externas<\/strong>\u00a0(Resoluci\u00f3n Rectoral 145\/82)<\/a><\/li>\n<\/ul>\n<\/div>\n<\/td>\n<\/tr>\n<tr>\n<td height=\"20\">\n<div align=\"left\">\n<ul>\n<li><a href=\"http:\/\/faa.unse.edu.ar\/document\/CSP94_85.pdf\" target=\"_blank\" rel=\"noopener\"><strong>Reglamento de carrera docente<\/strong>\u00a0(Resoluci\u00f3n C.S.P. 94\/85)<\/a><\/li>\n<\/ul>\n<\/div>\n<\/td>\n<\/tr>\n<tr>\n<td height=\"20\">\n<div align=\"left\">\n<ul>\n<li><a href=\"http:\/\/faa.unse.edu.ar\/document\/HC090_86.pdf\" target=\"_blank\" rel=\"noopener\"><strong>R\u00e9gimen de incompatibilidades para el personal docente<\/strong>\u00a0(Resoluci\u00f3n HCS 90\/86)<\/a><\/li>\n<\/ul>\n<\/div>\n<\/td>\n<\/tr>\n<tr>\n<td height=\"20\">\n<div align=\"left\">\n<ul>\n<li><a href=\"http:\/\/faa.unse.edu.ar\/document\/HC111_86.pdf\" target=\"_blank\" rel=\"noopener\"><strong>Reglamento para la designaci\u00f3n de profesores extraordinario<\/strong>s (Resoluci\u00f3n HCS 111\/86)<\/a><\/li>\n<\/ul>\n<\/div>\n<\/td>\n<\/tr>\n<tr>\n<td height=\"20\">\n<div align=\"left\">\n<ul>\n<li><a href=\"http:\/\/faa.unse.edu.ar\/document\/HC131_86.pdf\" target=\"_blank\" rel=\"noopener\"><strong>Modificaci\u00f3n del r\u00e9gimen disciplinario para el personal docente<\/strong>\u00a0(Resoluci\u00f3n HCS 131\/86)<\/a><\/li>\n<\/ul>\n<\/div>\n<\/td>\n<\/tr>\n<tr>\n<td height=\"20\">\n<div align=\"left\">\n<ul>\n<li><a href=\"http:\/\/faa.unse.edu.ar\/document\/HCS95_89.pdf\" target=\"_blank\" rel=\"noopener\"><strong>Reconversi\u00f3n de planta docente nivel universitario<\/strong>\u00a0(Resoluci\u00f3n HCS 95\/89)<\/a><\/li>\n<\/ul>\n<\/div>\n<\/td>\n<\/tr>\n<tr>\n<td height=\"20\">\n<div align=\"left\">\n<ul>\n<li><a href=\"http:\/\/faa.unse.edu.ar\/document\/HC046_90.pdf\" target=\"_blank\" rel=\"noopener\"><strong>Reglamentaci\u00f3n para cambios de dedicaci\u00f3n docente<\/strong>\u00a0(Resoluci\u00f3n HCS 46\/90)<\/a><\/li>\n<\/ul>\n<\/div>\n<\/td>\n<\/tr>\n<tr>\n<td height=\"20\">\n<div align=\"left\">\n<ul>\n<li><a href=\"http:\/\/faa.unse.edu.ar\/document\/HC061_90.pdf\" target=\"_blank\" rel=\"noopener\"><strong>Reglamentaci\u00f3n de las funciones de los profesores<\/strong>, contempladas en los art\u00edculos 66,67 y 68 de los Estatutos de la UNSE)<\/a><\/li>\n<\/ul>\n<\/div>\n<\/td>\n<\/tr>\n<tr>\n<td height=\"20\">\n<div align=\"left\">\n<ul>\n<li><a href=\"http:\/\/faa.unse.edu.ar\/document\/HC080_90.pdf\" target=\"_blank\" rel=\"noopener\"><strong>Referente a la disminuci\u00f3n de dedicaci\u00f3n respecto al cargo concursado<\/strong>(Resoluci\u00f3n HCS 80\/90)<\/a><\/li>\n<\/ul>\n<\/div>\n<\/td>\n<\/tr>\n<tr>\n<td height=\"20\">\n<div align=\"left\">\n<ul>\n<li><a href=\"http:\/\/faa.unse.edu.ar\/document\/HC107_90.pdf\"><strong>Referente a la determinaci\u00f3n de la permanencia en el cargo de profesores ordinario<\/strong>s (Resoluci\u00f3n HCS 107\/90)<\/a><\/li>\n<\/ul>\n<\/div>\n<\/td>\n<\/tr>\n<tr>\n<td height=\"20\">\n<div align=\"left\">\n<ul>\n<li><a href=\"http:\/\/faa.unse.edu.ar\/document\/FAA69_91.pdf\" target=\"_blank\" rel=\"noopener\"><strong>Reglamento de presentaci\u00f3n de planificaci\u00f3n anual de las asignaturas\u00a0<\/strong>(Resoluci\u00f3n FAA 069\/91)<\/a><\/li>\n<\/ul>\n<\/div>\n<\/td>\n<\/tr>\n<tr>\n<td height=\"20\">\n<div align=\"left\">\n<ul>\n<li><a href=\"http:\/\/faa.unse.edu.ar\/document\/RCS21_91.pdf\" target=\"_blank\" rel=\"noopener\"><strong>Aprueba principios que regir\u00e1n las tareas y\/o investigaci\u00f3n\u00a0<\/strong>(Resoluci\u00f3n HCS 21\/91)<\/a><\/li>\n<\/ul>\n<\/div>\n<\/td>\n<\/tr>\n<tr>\n<td height=\"20\">\n<div align=\"left\">\n<ul>\n<li><a href=\"http:\/\/faa.unse.edu.ar\/document\/180_92.pdf\"><strong>Establece el otorgamiento de premios a los docentes\u00a0<\/strong>(Resoluci\u00f3n HCS 180\/92)<\/a><\/li>\n<\/ul>\n<\/div>\n<\/td>\n<\/tr>\n<tr>\n<td height=\"20\">\n<div align=\"left\">\n<ul>\n<li><strong><a href=\"http:\/\/faa.unse.edu.ar\/document\/PRESUPUESTO_CURSOS.doc\" target=\"_blank\" rel=\"noopener\">Plantilla de presupuesto para cursos de posgrado<\/a><\/strong><\/li>\n<\/ul>\n<\/div>\n<\/td>\n<\/tr>\n<tr>\n<td height=\"20\">\n<div align=\"left\">\n<ul>\n<li><a href=\"http:\/\/faa.unse.edu.ar\/document\/REG_EXA.pdf\" target=\"_blank\" rel=\"noopener\"><strong>Reglamento de ex\u00e1menes<\/strong><\/a><\/li>\n<\/ul>\n<\/div>\n<\/td>\n<\/tr>\n<tr>\n<td height=\"20\">\n<div align=\"left\">\n<ul>\n<li><a href=\"http:\/\/faa.unse.edu.ar\/document\/HC079_91.pdf\" target=\"_blank\" rel=\"noopener\"><strong>Aprobaci\u00f3n de los t\u00e9rminos asignatura, c\u00e1tedra, materia, etc.<\/strong>\u00a0(Resoluci\u00f3n HCS 79\/91)<\/a><\/li>\n<\/ul>\n<\/div>\n<\/td>\n<\/tr>\n<tr>\n<td height=\"20\">\n<div align=\"left\">\n<ul>\n<li><a href=\"http:\/\/faa.unse.edu.ar\/document\/CD006_92.pdf\" target=\"_blank\" rel=\"noopener\"><strong>Aprobaci\u00f3n de pautas para la asignaci\u00f3n de cargos de profesores de la FAyA<\/strong>(Resoluci\u00f3n CD FAyA 006\/92)<\/a><\/li>\n<\/ul>\n<\/div>\n<\/td>\n<\/tr>\n<tr>\n<td height=\"20\">\n<div align=\"left\">\n<ul>\n<li><a href=\"http:\/\/faa.unse.edu.ar\/document\/HC226_91.pdf\" target=\"_blank\" rel=\"noopener\"><strong>Aplicar la excepcionalidad contemplada en el art\u00edculo 83 de los estatutos de la UNSE<\/strong>, designando a profesores ordinarios cuya designaci\u00f3n caduca en el a\u00f1o 1992 (Resoluci\u00f3n HCS 226\/91)<\/a><\/li>\n<\/ul>\n<\/div>\n<\/td>\n<\/tr>\n<tr>\n<td height=\"20\">\n<div align=\"left\">\n<ul>\n<li><a href=\"http:\/\/faa.unse.edu.ar\/document\/CD055_93.pdf\" target=\"_blank\" rel=\"noopener\"><strong>Deja sin efecto la Resoluci\u00f3n CD FAA 172\/90 del reglamento interno del Consejo Directivo de la Facultad<\/strong>\u00a0(Resoluci\u00f3n CD FAyA 055\/93)<\/a><\/li>\n<\/ul>\n<\/div>\n<\/td>\n<\/tr>\n<tr>\n<td valign=\"baseline\" height=\"20\">\n<div align=\"left\">\n<ul>\n<li><a href=\"http:\/\/faa.unse.edu.ar\/document\/PLANIFIC.pdf\" target=\"_blank\" rel=\"noopener\"><strong>Esquema b\u00e1sico para la presentaci\u00f3n de planificaciones anuales de asignaturas<\/strong><\/a><\/li>\n<\/ul>\n<\/div>\n<\/td>\n<\/tr>\n<\/tbody>\n<\/table>\n<p><\/div>[vc_empty_space][\/vc_column][\/vc_row]<\/p>\n","protected":false},"excerpt":{"rendered":"<p>[vc_row css_animation=&#8221;&#8221; row_type=&#8221;row&#8221; use_row_as_full_screen_section=&#8221;no&#8221; type=&#8221;full_width&#8221; angled_section=&#8221;no&#8221; text_align=&#8221;left&#8221; background_image_as_pattern=&#8221;without_pattern&#8221;][vc_column][vc_empty_space][\/vc_column][\/vc_row]<\/p>\n","protected":false},"author":1,"featured_media":0,"parent":0,"menu_order":0,"comment_status":"closed","ping_status":"closed","template":"","meta":{"_mi_skip_tracking":false},"yoast_head":"<!-- This site is optimized with the Yoast SEO plugin v17.7.1 - https:\/\/yoast.com\/wordpress\/plugins\/seo\/ -->\n<meta name=\"robots\" content=\"index, follow, max-snippet:-1, max-image-preview:large, max-video-preview:-1\" \/>\n<link rel=\"canonical\" href=\"https:\/\/faya.unse.edu.ar\/index.php\/gestion-docente\/\" \/>\n<meta property=\"og:locale\" content=\"es_ES\" \/>\n<meta property=\"og:type\" content=\"article\" \/>\n<meta property=\"og:title\" content=\"Gesti\u00f3n Docente | Facultad de Agronom\u00eda y Agroindustrias UNSE | FAyA UNSE\" \/>\n<meta property=\"og:description\" content=\"[vc_row css_animation=&#8221;&#8221; row_type=&#8221;row&#8221; use_row_as_full_screen_section=&#8221;no&#8221; type=&#8221;full_width&#8221; angled_section=&#8221;no&#8221; text_align=&#8221;left&#8221; background_image_as_pattern=&#8221;without_pattern&#8221;][vc_column][vc_empty_space][\/vc_column][\/vc_row]\" \/>\n<meta property=\"og:url\" content=\"https:\/\/faya.unse.edu.ar\/index.php\/gestion-docente\/\" \/>\n<meta property=\"og:site_name\" content=\"Facultad de Agronom\u00eda y Agroindustrias UNSE | FAyA UNSE\" \/>\n<meta property=\"article:publisher\" content=\"https:\/\/www.facebook.com\/agroUNSE\/\" \/>\n<meta name=\"twitter:card\" content=\"summary_large_image\" \/>\n<meta name=\"twitter:site\" content=\"@fayaunse\" \/>\n<meta name=\"twitter:label1\" content=\"Tiempo de lectura\" \/>\n\t<meta name=\"twitter:data1\" content=\"2 minutos\" \/>\n<script type=\"application\/ld+json\" class=\"yoast-schema-graph\">{\"@context\":\"https:\/\/schema.org\",\"@graph\":[{\"@type\":\"WebSite\",\"@id\":\"https:\/\/faya.unse.edu.ar\/#website\",\"url\":\"https:\/\/faya.unse.edu.ar\/\",\"name\":\"Facultad de Agronom\\u00eda y Agroindustrias UNSE | FAyA UNSE\",\"description\":\"\",\"potentialAction\":[{\"@type\":\"SearchAction\",\"target\":{\"@type\":\"EntryPoint\",\"urlTemplate\":\"https:\/\/faya.unse.edu.ar\/?s={search_term_string}\"},\"query-input\":\"required name=search_term_string\"}],\"inLanguage\":\"es-AR\"},{\"@type\":\"WebPage\",\"@id\":\"https:\/\/faya.unse.edu.ar\/index.php\/gestion-docente\/#webpage\",\"url\":\"https:\/\/faya.unse.edu.ar\/index.php\/gestion-docente\/\",\"name\":\"Gesti\\u00f3n Docente | Facultad de Agronom\\u00eda y Agroindustrias UNSE | FAyA UNSE\",\"isPartOf\":{\"@id\":\"https:\/\/faya.unse.edu.ar\/#website\"},\"datePublished\":\"2018-12-20T19:26:51+00:00\",\"dateModified\":\"2018-12-20T19:26:51+00:00\",\"breadcrumb\":{\"@id\":\"https:\/\/faya.unse.edu.ar\/index.php\/gestion-docente\/#breadcrumb\"},\"inLanguage\":\"es-AR\",\"potentialAction\":[{\"@type\":\"ReadAction\",\"target\":[\"https:\/\/faya.unse.edu.ar\/index.php\/gestion-docente\/\"]}]},{\"@type\":\"BreadcrumbList\",\"@id\":\"https:\/\/faya.unse.edu.ar\/index.php\/gestion-docente\/#breadcrumb\",\"itemListElement\":[{\"@type\":\"ListItem\",\"position\":1,\"name\":\"Home\",\"item\":\"https:\/\/faya.unse.edu.ar\/\"},{\"@type\":\"ListItem\",\"position\":2,\"name\":\"Gesti\\u00f3n Docente\"}]}]}<\/script>\n<!-- \/ Yoast SEO plugin. -->","yoast_head_json":{"robots":{"index":"index","follow":"follow","max-snippet":"max-snippet:-1","max-image-preview":"max-image-preview:large","max-video-preview":"max-video-preview:-1"},"canonical":"https:\/\/faya.unse.edu.ar\/index.php\/gestion-docente\/","og_locale":"es_ES","og_type":"article","og_title":"Gesti\u00f3n Docente | Facultad de Agronom\u00eda y Agroindustrias UNSE | FAyA UNSE","og_description":"[vc_row css_animation=&#8221;&#8221; row_type=&#8221;row&#8221; use_row_as_full_screen_section=&#8221;no&#8221; type=&#8221;full_width&#8221; angled_section=&#8221;no&#8221; text_align=&#8221;left&#8221; background_image_as_pattern=&#8221;without_pattern&#8221;][vc_column][vc_empty_space][\/vc_column][\/vc_row]","og_url":"https:\/\/faya.unse.edu.ar\/index.php\/gestion-docente\/","og_site_name":"Facultad de Agronom\u00eda y Agroindustrias UNSE | FAyA UNSE","article_publisher":"https:\/\/www.facebook.com\/agroUNSE\/","twitter_card":"summary_large_image","twitter_site":"@fayaunse","twitter_misc":{"Tiempo de lectura":"2 minutos"},"schema":{"@context":"https:\/\/schema.org","@graph":[{"@type":"WebSite","@id":"https:\/\/faya.unse.edu.ar\/#website","url":"https:\/\/faya.unse.edu.ar\/","name":"Facultad de Agronom\u00eda y Agroindustrias UNSE | FAyA UNSE","description":"","potentialAction":[{"@type":"SearchAction","target":{"@type":"EntryPoint","urlTemplate":"https:\/\/faya.unse.edu.ar\/?s={search_term_string}"},"query-input":"required name=search_term_string"}],"inLanguage":"es-AR"},{"@type":"WebPage","@id":"https:\/\/faya.unse.edu.ar\/index.php\/gestion-docente\/#webpage","url":"https:\/\/faya.unse.edu.ar\/index.php\/gestion-docente\/","name":"Gesti\u00f3n Docente | Facultad de Agronom\u00eda y Agroindustrias UNSE | FAyA UNSE","isPartOf":{"@id":"https:\/\/faya.unse.edu.ar\/#website"},"datePublished":"2018-12-20T19:26:51+00:00","dateModified":"2018-12-20T19:26:51+00:00","breadcrumb":{"@id":"https:\/\/faya.unse.edu.ar\/index.php\/gestion-docente\/#breadcrumb"},"inLanguage":"es-AR","potentialAction":[{"@type":"ReadAction","target":["https:\/\/faya.unse.edu.ar\/index.php\/gestion-docente\/"]}]},{"@type":"BreadcrumbList","@id":"https:\/\/faya.unse.edu.ar\/index.php\/gestion-docente\/#breadcrumb","itemListElement":[{"@type":"ListItem","position":1,"name":"Home","item":"https:\/\/faya.unse.edu.ar\/"},{"@type":"ListItem","position":2,"name":"Gesti\u00f3n Docente"}]}]}},"_links":{"self":[{"href":"https:\/\/faya.unse.edu.ar\/index.php\/wp-json\/wp\/v2\/pages\/16969"}],"collection":[{"href":"https:\/\/faya.unse.edu.ar\/index.php\/wp-json\/wp\/v2\/pages"}],"about":[{"href":"https:\/\/faya.unse.edu.ar\/index.php\/wp-json\/wp\/v2\/types\/page"}],"author":[{"embeddable":true,"href":"https:\/\/faya.unse.edu.ar\/index.php\/wp-json\/wp\/v2\/users\/1"}],"replies":[{"embeddable":true,"href":"https:\/\/faya.unse.edu.ar\/index.php\/wp-json\/wp\/v2\/comments?post=16969"}],"version-history":[{"count":2,"href":"https:\/\/faya.unse.edu.ar\/index.php\/wp-json\/wp\/v2\/pages\/16969\/revisions"}],"predecessor-version":[{"id":16971,"href":"https:\/\/faya.unse.edu.ar\/index.php\/wp-json\/wp\/v2\/pages\/16969\/revisions\/16971"}],"wp:attachment":[{"href":"https:\/\/faya.unse.edu.ar\/index.php\/wp-json\/wp\/v2\/media?parent=16969"}],"curies":[{"name":"wp","href":"https:\/\/api.w.org\/{rel}","templated":true}]}}