{"id":17290,"date":"2018-12-23T19:18:25","date_gmt":"2018-12-23T22:18:25","guid":{"rendered":"http:\/\/faya.unse.edu.ar\/?page_id=17290"},"modified":"2024-10-28T14:04:33","modified_gmt":"2024-10-28T17:04:33","slug":"iieec","status":"publish","type":"page","link":"https:\/\/faya.unse.edu.ar\/index.php\/institutos\/iieec\/","title":{"rendered":"IIEEC"},"content":{"rendered":"<p>[vc_row css_animation=&#8221;&#8221; row_type=&#8221;row&#8221; use_row_as_full_screen_section=&#8221;no&#8221; type=&#8221;full_width&#8221; angled_section=&#8221;no&#8221; text_align=&#8221;left&#8221; background_image_as_pattern=&#8221;without_pattern&#8221;][vc_column][vc_column_text]Dirigido por: Lic. Ricardo G. Mart\u00ednez.<\/p>\n<p>Profesor: Dr. Jos\u00e9 E. Galiano<\/p>\n<p>Aux. de Doc.: Dra. Andrea C. Acosta<\/p>\n<p>El de Instituto de <strong>Investigaci\u00f3n y Estudios en Ense\u00f1anzas de las Ciencias. IIEEC<\/strong> fue creado por resoluci\u00f3n CDFAA N\u00b035\/2017 con fecha 17 de mayo de 2017.<\/p>\n<p>La propuesta de reglamentaci\u00f3n del IIEEC fue elevada al Honorable Consejo Superior de la UNSE para su consideraci\u00f3n y aprobada por resoluci\u00f3n N\u00b0 270 con fecha 20 de septiembre de 2017.<\/p>\n<p>La creaci\u00f3n de este Instituto fue promovida para la generaci\u00f3n de un \u00e1mbito de investigaci\u00f3n, extensi\u00f3n, vinculaci\u00f3n y apoyo para el mejoramiento de la ense\u00f1anza de las ciencias en dicha unidad acad\u00e9mica, siendo extensivo a la comunidad en general dando respuestas a un anhelo de los docentes investigadores de diferentes niveles educativos de nuestra jurisdicci\u00f3n.[\/vc_column_text][vc_empty_space]<div class=\"qode-accordion-holder clearfix qode-toggle qode-initial \">\n\t<h4 class=\"clearfix qode-title-holder\">\n<span class=\"qode-tab-title\">\n\t    <span class=\"qode-tab-title-inner\">\n        Objetivo General    <\/span>\n<\/span>\n<span class=\"qode-accordion-mark\">\n    <span class=\"qode-accordion-mark-icon\">\n        <span class=\"icon_plus\"><\/span>\n        <span class=\"icon_minus-06\"><\/span>\n    <\/span>\n<\/span>\n<\/h4>\n<div class=\"qode-accordion-content \" >\n    <div class=\"qode-accordion-content-inner\">\n        [vc_column_text]Desarrollo de las investigaciones e innovaciones. La formaci\u00f3n de recursos humanos y la extensi\u00f3n universitaria en el campo de la did\u00e1ctica de las ciencias naturales.[\/vc_column_text]    <\/div>\n<\/div><h4 class=\"clearfix qode-title-holder\">\n<span class=\"qode-tab-title\">\n\t    <span class=\"qode-tab-title-inner\">\n        Objetivos Espec\u00edficos    <\/span>\n<\/span>\n<span class=\"qode-accordion-mark\">\n    <span class=\"qode-accordion-mark-icon\">\n        <span class=\"icon_plus\"><\/span>\n        <span class=\"icon_minus-06\"><\/span>\n    <\/span>\n<\/span>\n<\/h4>\n<div class=\"qode-accordion-content \" >\n    <div class=\"qode-accordion-content-inner\">\n        [vc_column_text]<\/p>\n<ul>\n<li>Producci\u00f3n de conocimiento cient\u00edfico y de innovaci\u00f3n sobre los procesos de ense\u00f1anza y aprendizaje de las Cs. Naturales.<\/li>\n<li>La propuesta de diferentes dispositivos de capacitaci\u00f3n actualizaci\u00f3n y perfeccionamiento tendientes de ampliar y mejorar la formaci\u00f3n en el entorno de las ciencias naturales.<\/li>\n<li>Asesoramiento e intervenci\u00f3n en pol\u00edticas educativos referidas a las disciplinas cient\u00edficas y campos de investigaci\u00f3n de su competencia en diferentes \u00e1mbitos.<\/li>\n<li>V\u00ednculos acad\u00e9micos con Institutos y grupos de investigadores en ense\u00f1anza de las ciencias del pa\u00eds y del exterior.<\/li>\n<li>La transferencia de la actividad acad\u00e9mica universitaria hacia la sociedad a trav\u00e9s de actividades de extensi\u00f3n universitaria.<\/li>\n<\/ul>\n<p>[\/vc_column_text]    <\/div>\n<\/div><\/div>[vc_empty_space height=&#8221;60px&#8221;][\/vc_column][\/vc_row]<\/p>\n","protected":false},"excerpt":{"rendered":"<p>[vc_row css_animation=&#8221;&#8221; row_type=&#8221;row&#8221; use_row_as_full_screen_section=&#8221;no&#8221; type=&#8221;full_width&#8221; angled_section=&#8221;no&#8221; text_align=&#8221;left&#8221; background_image_as_pattern=&#8221;without_pattern&#8221;][vc_column][vc_column_text]Dirigido por: Lic. Ricardo G. Mart\u00ednez. Profesor: Dr. Jos\u00e9 E. Galiano Aux. de Doc.: Dra. Andrea C. Acosta El de Instituto de Investigaci\u00f3n y Estudios en Ense\u00f1anzas de las Ciencias. IIEEC fue creado por resoluci\u00f3n CDFAA N\u00b035\/2017 con&#8230;<\/p>\n","protected":false},"author":1,"featured_media":0,"parent":17314,"menu_order":0,"comment_status":"closed","ping_status":"closed","template":"","meta":{"_mi_skip_tracking":false},"yoast_head":"<!-- This site is optimized with the Yoast SEO plugin v17.7.1 - https:\/\/yoast.com\/wordpress\/plugins\/seo\/ -->\n<meta name=\"robots\" content=\"index, follow, max-snippet:-1, max-image-preview:large, max-video-preview:-1\" \/>\n<link rel=\"canonical\" href=\"https:\/\/faya.unse.edu.ar\/index.php\/institutos\/iieec\/\" \/>\n<meta property=\"og:locale\" content=\"es_ES\" \/>\n<meta property=\"og:type\" content=\"article\" \/>\n<meta property=\"og:title\" content=\"IIEEC | Facultad de Agronom\u00eda y Agroindustrias UNSE | FAyA UNSE\" \/>\n<meta property=\"og:description\" content=\"[vc_row css_animation=&#8221;&#8221; row_type=&#8221;row&#8221; use_row_as_full_screen_section=&#8221;no&#8221; type=&#8221;full_width&#8221; angled_section=&#8221;no&#8221; text_align=&#8221;left&#8221; background_image_as_pattern=&#8221;without_pattern&#8221;][vc_column][vc_column_text]Dirigido por: Lic. Ricardo G. Mart\u00ednez. Profesor: Dr. Jos\u00e9 E. Galiano Aux. de Doc.: Dra. Andrea C. Acosta El de Instituto de Investigaci\u00f3n y Estudios en Ense\u00f1anzas de las Ciencias. IIEEC fue creado por resoluci\u00f3n CDFAA N\u00b035\/2017 con...\" \/>\n<meta property=\"og:url\" content=\"https:\/\/faya.unse.edu.ar\/index.php\/institutos\/iieec\/\" \/>\n<meta property=\"og:site_name\" content=\"Facultad de Agronom\u00eda y Agroindustrias UNSE | FAyA UNSE\" \/>\n<meta property=\"article:publisher\" content=\"https:\/\/www.facebook.com\/agroUNSE\/\" \/>\n<meta property=\"article:modified_time\" content=\"2024-10-28T17:04:33+00:00\" \/>\n<meta name=\"twitter:card\" content=\"summary_large_image\" \/>\n<meta name=\"twitter:site\" content=\"@fayaunse\" \/>\n<meta name=\"twitter:label1\" content=\"Tiempo de lectura\" \/>\n\t<meta name=\"twitter:data1\" content=\"2 minutos\" \/>\n<script type=\"application\/ld+json\" class=\"yoast-schema-graph\">{\"@context\":\"https:\/\/schema.org\",\"@graph\":[{\"@type\":\"WebSite\",\"@id\":\"https:\/\/faya.unse.edu.ar\/#website\",\"url\":\"https:\/\/faya.unse.edu.ar\/\",\"name\":\"Facultad de Agronom\\u00eda y Agroindustrias UNSE | FAyA UNSE\",\"description\":\"\",\"potentialAction\":[{\"@type\":\"SearchAction\",\"target\":{\"@type\":\"EntryPoint\",\"urlTemplate\":\"https:\/\/faya.unse.edu.ar\/?s={search_term_string}\"},\"query-input\":\"required name=search_term_string\"}],\"inLanguage\":\"es-AR\"},{\"@type\":\"WebPage\",\"@id\":\"https:\/\/faya.unse.edu.ar\/index.php\/institutos\/iieec\/#webpage\",\"url\":\"https:\/\/faya.unse.edu.ar\/index.php\/institutos\/iieec\/\",\"name\":\"IIEEC | Facultad de Agronom\\u00eda y Agroindustrias UNSE | FAyA UNSE\",\"isPartOf\":{\"@id\":\"https:\/\/faya.unse.edu.ar\/#website\"},\"datePublished\":\"2018-12-23T22:18:25+00:00\",\"dateModified\":\"2024-10-28T17:04:33+00:00\",\"breadcrumb\":{\"@id\":\"https:\/\/faya.unse.edu.ar\/index.php\/institutos\/iieec\/#breadcrumb\"},\"inLanguage\":\"es-AR\",\"potentialAction\":[{\"@type\":\"ReadAction\",\"target\":[\"https:\/\/faya.unse.edu.ar\/index.php\/institutos\/iieec\/\"]}]},{\"@type\":\"BreadcrumbList\",\"@id\":\"https:\/\/faya.unse.edu.ar\/index.php\/institutos\/iieec\/#breadcrumb\",\"itemListElement\":[{\"@type\":\"ListItem\",\"position\":1,\"name\":\"Home\",\"item\":\"https:\/\/faya.unse.edu.ar\/\"},{\"@type\":\"ListItem\",\"position\":2,\"name\":\"Institutos\",\"item\":\"https:\/\/faya.unse.edu.ar\/index.php\/institutos\/\"},{\"@type\":\"ListItem\",\"position\":3,\"name\":\"IIEEC\"}]}]}<\/script>\n<!-- \/ Yoast SEO plugin. -->","yoast_head_json":{"robots":{"index":"index","follow":"follow","max-snippet":"max-snippet:-1","max-image-preview":"max-image-preview:large","max-video-preview":"max-video-preview:-1"},"canonical":"https:\/\/faya.unse.edu.ar\/index.php\/institutos\/iieec\/","og_locale":"es_ES","og_type":"article","og_title":"IIEEC | Facultad de Agronom\u00eda y Agroindustrias UNSE | FAyA UNSE","og_description":"[vc_row css_animation=&#8221;&#8221; row_type=&#8221;row&#8221; use_row_as_full_screen_section=&#8221;no&#8221; type=&#8221;full_width&#8221; angled_section=&#8221;no&#8221; text_align=&#8221;left&#8221; background_image_as_pattern=&#8221;without_pattern&#8221;][vc_column][vc_column_text]Dirigido por: Lic. Ricardo G. Mart\u00ednez. Profesor: Dr. Jos\u00e9 E. Galiano Aux. de Doc.: Dra. Andrea C. Acosta El de Instituto de Investigaci\u00f3n y Estudios en Ense\u00f1anzas de las Ciencias. IIEEC fue creado por resoluci\u00f3n CDFAA N\u00b035\/2017 con...","og_url":"https:\/\/faya.unse.edu.ar\/index.php\/institutos\/iieec\/","og_site_name":"Facultad de Agronom\u00eda y Agroindustrias UNSE | FAyA UNSE","article_publisher":"https:\/\/www.facebook.com\/agroUNSE\/","article_modified_time":"2024-10-28T17:04:33+00:00","twitter_card":"summary_large_image","twitter_site":"@fayaunse","twitter_misc":{"Tiempo de lectura":"2 minutos"},"schema":{"@context":"https:\/\/schema.org","@graph":[{"@type":"WebSite","@id":"https:\/\/faya.unse.edu.ar\/#website","url":"https:\/\/faya.unse.edu.ar\/","name":"Facultad de Agronom\u00eda y Agroindustrias UNSE | FAyA UNSE","description":"","potentialAction":[{"@type":"SearchAction","target":{"@type":"EntryPoint","urlTemplate":"https:\/\/faya.unse.edu.ar\/?s={search_term_string}"},"query-input":"required name=search_term_string"}],"inLanguage":"es-AR"},{"@type":"WebPage","@id":"https:\/\/faya.unse.edu.ar\/index.php\/institutos\/iieec\/#webpage","url":"https:\/\/faya.unse.edu.ar\/index.php\/institutos\/iieec\/","name":"IIEEC | Facultad de Agronom\u00eda y Agroindustrias UNSE | FAyA UNSE","isPartOf":{"@id":"https:\/\/faya.unse.edu.ar\/#website"},"datePublished":"2018-12-23T22:18:25+00:00","dateModified":"2024-10-28T17:04:33+00:00","breadcrumb":{"@id":"https:\/\/faya.unse.edu.ar\/index.php\/institutos\/iieec\/#breadcrumb"},"inLanguage":"es-AR","potentialAction":[{"@type":"ReadAction","target":["https:\/\/faya.unse.edu.ar\/index.php\/institutos\/iieec\/"]}]},{"@type":"BreadcrumbList","@id":"https:\/\/faya.unse.edu.ar\/index.php\/institutos\/iieec\/#breadcrumb","itemListElement":[{"@type":"ListItem","position":1,"name":"Home","item":"https:\/\/faya.unse.edu.ar\/"},{"@type":"ListItem","position":2,"name":"Institutos","item":"https:\/\/faya.unse.edu.ar\/index.php\/institutos\/"},{"@type":"ListItem","position":3,"name":"IIEEC"}]}]}},"_links":{"self":[{"href":"https:\/\/faya.unse.edu.ar\/index.php\/wp-json\/wp\/v2\/pages\/17290"}],"collection":[{"href":"https:\/\/faya.unse.edu.ar\/index.php\/wp-json\/wp\/v2\/pages"}],"about":[{"href":"https:\/\/faya.unse.edu.ar\/index.php\/wp-json\/wp\/v2\/types\/page"}],"author":[{"embeddable":true,"href":"https:\/\/faya.unse.edu.ar\/index.php\/wp-json\/wp\/v2\/users\/1"}],"replies":[{"embeddable":true,"href":"https:\/\/faya.unse.edu.ar\/index.php\/wp-json\/wp\/v2\/comments?post=17290"}],"version-history":[{"count":8,"href":"https:\/\/faya.unse.edu.ar\/index.php\/wp-json\/wp\/v2\/pages\/17290\/revisions"}],"predecessor-version":[{"id":33656,"href":"https:\/\/faya.unse.edu.ar\/index.php\/wp-json\/wp\/v2\/pages\/17290\/revisions\/33656"}],"up":[{"embeddable":true,"href":"https:\/\/faya.unse.edu.ar\/index.php\/wp-json\/wp\/v2\/pages\/17314"}],"wp:attachment":[{"href":"https:\/\/faya.unse.edu.ar\/index.php\/wp-json\/wp\/v2\/media?parent=17290"}],"curies":[{"name":"wp","href":"https:\/\/api.w.org\/{rel}","templated":true}]}}