{"id":17299,"date":"2018-12-23T19:27:50","date_gmt":"2018-12-23T22:27:50","guid":{"rendered":"http:\/\/faya.unse.edu.ar\/?page_id=17299"},"modified":"2024-10-28T14:02:45","modified_gmt":"2024-10-28T17:02:45","slug":"indeas","status":"publish","type":"page","link":"https:\/\/faya.unse.edu.ar\/index.php\/institutos\/indeas\/","title":{"rendered":"INDEAS"},"content":{"rendered":"<p>[vc_row css_animation=&#8221;&#8221; row_type=&#8221;row&#8221; use_row_as_full_screen_section=&#8221;no&#8221; type=&#8221;full_width&#8221; angled_section=&#8221;no&#8221; text_align=&#8221;left&#8221; background_image_as_pattern=&#8221;without_pattern&#8221;][vc_column][vc_column_text]Dirigido por: <strong>Dr. Fernando Rivero<\/strong>.<\/p>\n<p>Consejo Asesor<\/p>\n<p>Profesora: Ing. Mar\u00eda del C. Ochoa<\/p>\n<p>Aux. de Doc.: Ing. Cristian G. Maldonado<\/p>\n<p>El <strong>Instituto para el desarrollo agropecuario del semi\u00e1rido<\/strong> (INDEAS) fue creado por resoluci\u00f3n CDFAA 109\/96 Con fecha 12 de junio de 1996.<\/p>\n<p>La propuesta para su organizaci\u00f3n y funcionamiento se fundamenta en la necesidad de un conocimiento m\u00e1s profundo de los ecosistemas de la regi\u00f3n semi\u00e1rida chaque\u00f1a y sus problemas, con el objetivo de generar acciones concretas que favorezcan la defensa de los recursos naturales y una mejor calidad de vida.<\/p>\n<p>La propuesta de reglamentaci\u00f3n del INDEAS fue elevada al Honorable Consejo Superior de la UNSE para su consideraci\u00f3n y aprobada por resoluci\u00f3n 844, con fecha 6 de septiembre de 1996.<\/p>\n<p>El Instituto para el desarrollo agropecuario del semi\u00e1rido (INDEAS), dentro de la Facultad de Agronom\u00eda y Agroindustrias, una unidad de investigaci\u00f3n y desarrollo asi como de formaci\u00f3n de recursos humanos tendiente a la soluci\u00f3n de problemas del medio relacionados al sector agropecuario.[\/vc_column_text][vc_empty_space]<div class=\"qode-accordion-holder clearfix qode-accordion qode-initial \">\n\t<h4 class=\"clearfix qode-title-holder\">\n<span class=\"qode-tab-title\">\n\t    <span class=\"qode-tab-title-inner\">\n        Objetivos    <\/span>\n<\/span>\n<span class=\"qode-accordion-mark\">\n    <span class=\"qode-accordion-mark-icon\">\n        <span class=\"icon_plus\"><\/span>\n        <span class=\"icon_minus-06\"><\/span>\n    <\/span>\n<\/span>\n<\/h4>\n<div class=\"qode-accordion-content \" >\n    <div class=\"qode-accordion-content-inner\">\n        [vc_column_text]<\/p>\n<ul>\n<li>Realizar investigaciones destinadas al desarrollo agropecuario en zonas \u00e1ridas y semi\u00e1ridas y obtener nuevos conocimientos para el sector.<\/li>\n<li>Brindar asesoramiento cient\u00edfico y t\u00e9cnico a la comunidad.<\/li>\n<li>Formar recursos humanos calificados para la investigaci\u00f3n.<\/li>\n<li>Promover el intercambio cient\u00edfico y tecnol\u00f3gico con otras instituciones y centros de investigaci\u00f3n.<\/li>\n<\/ul>\n<p>[\/vc_column_text]    <\/div>\n<\/div><\/div>[vc_empty_space height=&#8221;60px&#8221;][\/vc_column][\/vc_row]<\/p>\n","protected":false},"excerpt":{"rendered":"<p>[vc_row css_animation=&#8221;&#8221; row_type=&#8221;row&#8221; use_row_as_full_screen_section=&#8221;no&#8221; type=&#8221;full_width&#8221; angled_section=&#8221;no&#8221; text_align=&#8221;left&#8221; background_image_as_pattern=&#8221;without_pattern&#8221;][vc_column][vc_column_text]Dirigido por: Dr. Fernando Rivero. Consejo Asesor Profesora: Ing. Mar\u00eda del C. Ochoa Aux. de Doc.: Ing. Cristian G. Maldonado El Instituto para el desarrollo agropecuario del semi\u00e1rido (INDEAS) fue creado por resoluci\u00f3n CDFAA 109\/96 Con fecha 12&#8230;<\/p>\n","protected":false},"author":1,"featured_media":0,"parent":17314,"menu_order":0,"comment_status":"closed","ping_status":"closed","template":"","meta":{"_mi_skip_tracking":false},"yoast_head":"<!-- This site is optimized with the Yoast SEO plugin v17.7.1 - https:\/\/yoast.com\/wordpress\/plugins\/seo\/ -->\n<meta name=\"robots\" content=\"index, follow, max-snippet:-1, max-image-preview:large, max-video-preview:-1\" \/>\n<link rel=\"canonical\" href=\"https:\/\/faya.unse.edu.ar\/index.php\/institutos\/indeas\/\" \/>\n<meta property=\"og:locale\" content=\"es_ES\" \/>\n<meta property=\"og:type\" content=\"article\" \/>\n<meta property=\"og:title\" content=\"INDEAS | Facultad de Agronom\u00eda y Agroindustrias UNSE | FAyA UNSE\" \/>\n<meta property=\"og:description\" content=\"[vc_row css_animation=&#8221;&#8221; row_type=&#8221;row&#8221; use_row_as_full_screen_section=&#8221;no&#8221; type=&#8221;full_width&#8221; angled_section=&#8221;no&#8221; text_align=&#8221;left&#8221; background_image_as_pattern=&#8221;without_pattern&#8221;][vc_column][vc_column_text]Dirigido por: Dr. Fernando Rivero. Consejo Asesor Profesora: Ing. Mar\u00eda del C. Ochoa Aux. de Doc.: Ing. Cristian G. Maldonado El Instituto para el desarrollo agropecuario del semi\u00e1rido (INDEAS) fue creado por resoluci\u00f3n CDFAA 109\/96 Con fecha 12...\" \/>\n<meta property=\"og:url\" content=\"https:\/\/faya.unse.edu.ar\/index.php\/institutos\/indeas\/\" \/>\n<meta property=\"og:site_name\" content=\"Facultad de Agronom\u00eda y Agroindustrias UNSE | FAyA UNSE\" \/>\n<meta property=\"article:publisher\" content=\"https:\/\/www.facebook.com\/agroUNSE\/\" \/>\n<meta property=\"article:modified_time\" content=\"2024-10-28T17:02:45+00:00\" \/>\n<meta name=\"twitter:card\" content=\"summary_large_image\" \/>\n<meta name=\"twitter:site\" content=\"@fayaunse\" \/>\n<meta name=\"twitter:label1\" content=\"Tiempo de lectura\" \/>\n\t<meta name=\"twitter:data1\" content=\"1 minuto\" \/>\n<script type=\"application\/ld+json\" class=\"yoast-schema-graph\">{\"@context\":\"https:\/\/schema.org\",\"@graph\":[{\"@type\":\"WebSite\",\"@id\":\"https:\/\/faya.unse.edu.ar\/#website\",\"url\":\"https:\/\/faya.unse.edu.ar\/\",\"name\":\"Facultad de Agronom\\u00eda y Agroindustrias UNSE | FAyA UNSE\",\"description\":\"\",\"potentialAction\":[{\"@type\":\"SearchAction\",\"target\":{\"@type\":\"EntryPoint\",\"urlTemplate\":\"https:\/\/faya.unse.edu.ar\/?s={search_term_string}\"},\"query-input\":\"required name=search_term_string\"}],\"inLanguage\":\"es-AR\"},{\"@type\":\"WebPage\",\"@id\":\"https:\/\/faya.unse.edu.ar\/index.php\/institutos\/indeas\/#webpage\",\"url\":\"https:\/\/faya.unse.edu.ar\/index.php\/institutos\/indeas\/\",\"name\":\"INDEAS | Facultad de Agronom\\u00eda y Agroindustrias UNSE | FAyA UNSE\",\"isPartOf\":{\"@id\":\"https:\/\/faya.unse.edu.ar\/#website\"},\"datePublished\":\"2018-12-23T22:27:50+00:00\",\"dateModified\":\"2024-10-28T17:02:45+00:00\",\"breadcrumb\":{\"@id\":\"https:\/\/faya.unse.edu.ar\/index.php\/institutos\/indeas\/#breadcrumb\"},\"inLanguage\":\"es-AR\",\"potentialAction\":[{\"@type\":\"ReadAction\",\"target\":[\"https:\/\/faya.unse.edu.ar\/index.php\/institutos\/indeas\/\"]}]},{\"@type\":\"BreadcrumbList\",\"@id\":\"https:\/\/faya.unse.edu.ar\/index.php\/institutos\/indeas\/#breadcrumb\",\"itemListElement\":[{\"@type\":\"ListItem\",\"position\":1,\"name\":\"Home\",\"item\":\"https:\/\/faya.unse.edu.ar\/\"},{\"@type\":\"ListItem\",\"position\":2,\"name\":\"Institutos\",\"item\":\"https:\/\/faya.unse.edu.ar\/index.php\/institutos\/\"},{\"@type\":\"ListItem\",\"position\":3,\"name\":\"INDEAS\"}]}]}<\/script>\n<!-- \/ Yoast SEO plugin. -->","yoast_head_json":{"robots":{"index":"index","follow":"follow","max-snippet":"max-snippet:-1","max-image-preview":"max-image-preview:large","max-video-preview":"max-video-preview:-1"},"canonical":"https:\/\/faya.unse.edu.ar\/index.php\/institutos\/indeas\/","og_locale":"es_ES","og_type":"article","og_title":"INDEAS | Facultad de Agronom\u00eda y Agroindustrias UNSE | FAyA UNSE","og_description":"[vc_row css_animation=&#8221;&#8221; row_type=&#8221;row&#8221; use_row_as_full_screen_section=&#8221;no&#8221; type=&#8221;full_width&#8221; angled_section=&#8221;no&#8221; text_align=&#8221;left&#8221; background_image_as_pattern=&#8221;without_pattern&#8221;][vc_column][vc_column_text]Dirigido por: Dr. Fernando Rivero. Consejo Asesor Profesora: Ing. Mar\u00eda del C. Ochoa Aux. de Doc.: Ing. Cristian G. Maldonado El Instituto para el desarrollo agropecuario del semi\u00e1rido (INDEAS) fue creado por resoluci\u00f3n CDFAA 109\/96 Con fecha 12...","og_url":"https:\/\/faya.unse.edu.ar\/index.php\/institutos\/indeas\/","og_site_name":"Facultad de Agronom\u00eda y Agroindustrias UNSE | FAyA UNSE","article_publisher":"https:\/\/www.facebook.com\/agroUNSE\/","article_modified_time":"2024-10-28T17:02:45+00:00","twitter_card":"summary_large_image","twitter_site":"@fayaunse","twitter_misc":{"Tiempo de lectura":"1 minuto"},"schema":{"@context":"https:\/\/schema.org","@graph":[{"@type":"WebSite","@id":"https:\/\/faya.unse.edu.ar\/#website","url":"https:\/\/faya.unse.edu.ar\/","name":"Facultad de Agronom\u00eda y Agroindustrias UNSE | FAyA UNSE","description":"","potentialAction":[{"@type":"SearchAction","target":{"@type":"EntryPoint","urlTemplate":"https:\/\/faya.unse.edu.ar\/?s={search_term_string}"},"query-input":"required name=search_term_string"}],"inLanguage":"es-AR"},{"@type":"WebPage","@id":"https:\/\/faya.unse.edu.ar\/index.php\/institutos\/indeas\/#webpage","url":"https:\/\/faya.unse.edu.ar\/index.php\/institutos\/indeas\/","name":"INDEAS | Facultad de Agronom\u00eda y Agroindustrias UNSE | FAyA UNSE","isPartOf":{"@id":"https:\/\/faya.unse.edu.ar\/#website"},"datePublished":"2018-12-23T22:27:50+00:00","dateModified":"2024-10-28T17:02:45+00:00","breadcrumb":{"@id":"https:\/\/faya.unse.edu.ar\/index.php\/institutos\/indeas\/#breadcrumb"},"inLanguage":"es-AR","potentialAction":[{"@type":"ReadAction","target":["https:\/\/faya.unse.edu.ar\/index.php\/institutos\/indeas\/"]}]},{"@type":"BreadcrumbList","@id":"https:\/\/faya.unse.edu.ar\/index.php\/institutos\/indeas\/#breadcrumb","itemListElement":[{"@type":"ListItem","position":1,"name":"Home","item":"https:\/\/faya.unse.edu.ar\/"},{"@type":"ListItem","position":2,"name":"Institutos","item":"https:\/\/faya.unse.edu.ar\/index.php\/institutos\/"},{"@type":"ListItem","position":3,"name":"INDEAS"}]}]}},"_links":{"self":[{"href":"https:\/\/faya.unse.edu.ar\/index.php\/wp-json\/wp\/v2\/pages\/17299"}],"collection":[{"href":"https:\/\/faya.unse.edu.ar\/index.php\/wp-json\/wp\/v2\/pages"}],"about":[{"href":"https:\/\/faya.unse.edu.ar\/index.php\/wp-json\/wp\/v2\/types\/page"}],"author":[{"embeddable":true,"href":"https:\/\/faya.unse.edu.ar\/index.php\/wp-json\/wp\/v2\/users\/1"}],"replies":[{"embeddable":true,"href":"https:\/\/faya.unse.edu.ar\/index.php\/wp-json\/wp\/v2\/comments?post=17299"}],"version-history":[{"count":5,"href":"https:\/\/faya.unse.edu.ar\/index.php\/wp-json\/wp\/v2\/pages\/17299\/revisions"}],"predecessor-version":[{"id":33653,"href":"https:\/\/faya.unse.edu.ar\/index.php\/wp-json\/wp\/v2\/pages\/17299\/revisions\/33653"}],"up":[{"embeddable":true,"href":"https:\/\/faya.unse.edu.ar\/index.php\/wp-json\/wp\/v2\/pages\/17314"}],"wp:attachment":[{"href":"https:\/\/faya.unse.edu.ar\/index.php\/wp-json\/wp\/v2\/media?parent=17299"}],"curies":[{"name":"wp","href":"https:\/\/api.w.org\/{rel}","templated":true}]}}