{"id":17301,"date":"2018-12-23T19:29:31","date_gmt":"2018-12-23T22:29:31","guid":{"rendered":"http:\/\/faya.unse.edu.ar\/?page_id=17301"},"modified":"2023-04-21T12:58:35","modified_gmt":"2023-04-21T15:58:35","slug":"icyta","status":"publish","type":"page","link":"https:\/\/faya.unse.edu.ar\/index.php\/institutos\/icyta\/","title":{"rendered":"CEDIA"},"content":{"rendered":"<p>[vc_row css_animation=&#8221;&#8221; row_type=&#8221;row&#8221; use_row_as_full_screen_section=&#8221;no&#8221; type=&#8221;full_width&#8221; angled_section=&#8221;no&#8221; text_align=&#8221;left&#8221; background_image_as_pattern=&#8221;without_pattern&#8221;][vc_column][vc_column_text]Instituto dirigido por: .<\/p>\n<p>El Centro de Investigaciones Ap\u00edcolas -CEDIA- fue creado en el a\u00f1o 1976, por iniciativa del Prof. Dr. Eduardo Mario Bianchi y es un Centro de vasta experiencia en investigaci\u00f3n y control de calidad de mieles, ceras, prop\u00f3leos, polen y jalea real y est\u00e1 reconocido a nivel nacional e internacional por sus trabajos en control de calidad de productos de la colmena, puesto que presta servicios a productores y empresas en la determinaci\u00f3n de la calidad de los productos destinados a la exportaci\u00f3n. La publicaci\u00f3n &#8220;Control de Calidad de Miel, Cera y Prop\u00f3leos&#8221; fue aprobada por la FAO\/OMS en el a\u00f1o 1992 y publicada en cinco idiomas.<\/p>\n<p>Este Centro ha desarrollado t\u00e9cnicas de control de productos ap\u00edcolas: miel, polen, prop\u00f3leos y material vivo para comercializaci\u00f3n en mercado interno y exportaci\u00f3n. Algunas de estas t\u00e9cnicas han sido adoptadas por SENASA en la determinaci\u00f3n de la calidad de estos productos.<\/p>\n<p>Por otra parte, este Centro ha desarrollado nuevos productos y subproductos, basados en la miel, el polen, el prop\u00f3leos y otros, tales como jarabes, tinturas, caramelos, cremas, jabones, etc.<\/p>\n<p>Su director a cargo, Dr. Jos\u00e9 Maidana, desarroll\u00f3 estudios sobre &#8220;caracter\u00edsticas fisicoqu\u00edmicas de los prop\u00f3leos de la Rep\u00fablica Argentina&#8221; como tesis doctoral en la UNT. Actualmente se investiga la composici\u00f3n fisicoqu\u00edmica y biol\u00f3gico de los prop\u00f3leos de Santiago del Estero, seg\u00fan proyecto presentado y aprobado por el CICyT.<\/p>\n<p>Cabe destacar que el CEDIA desarrolla fundamentalmente actividades de Asistencia T\u00e9cnica y Transferencia de Tecnolog\u00eda hacia el sector privado, especialmente a productores ap\u00edcolas y Cooperativas ap\u00edcolas.[\/vc_column_text][vc_empty_space height=&#8221;60px&#8221;][\/vc_column][\/vc_row]<\/p>\n","protected":false},"excerpt":{"rendered":"<p>[vc_row css_animation=&#8221;&#8221; row_type=&#8221;row&#8221; use_row_as_full_screen_section=&#8221;no&#8221; type=&#8221;full_width&#8221; angled_section=&#8221;no&#8221; text_align=&#8221;left&#8221; background_image_as_pattern=&#8221;without_pattern&#8221;][vc_column][vc_column_text]Instituto dirigido por: . El Centro de Investigaciones Ap\u00edcolas -CEDIA- fue creado en el a\u00f1o 1976, por iniciativa del Prof. Dr. Eduardo Mario Bianchi y es un Centro de vasta experiencia en investigaci\u00f3n y control de calidad de&#8230;<\/p>\n","protected":false},"author":1,"featured_media":0,"parent":17314,"menu_order":0,"comment_status":"closed","ping_status":"closed","template":"","meta":{"_mi_skip_tracking":false},"yoast_head":"<!-- This site is optimized with the Yoast SEO plugin v17.7.1 - https:\/\/yoast.com\/wordpress\/plugins\/seo\/ -->\n<meta name=\"robots\" content=\"index, follow, max-snippet:-1, max-image-preview:large, max-video-preview:-1\" \/>\n<link rel=\"canonical\" href=\"https:\/\/faya.unse.edu.ar\/index.php\/institutos\/icyta\/\" \/>\n<meta property=\"og:locale\" content=\"es_ES\" \/>\n<meta property=\"og:type\" content=\"article\" \/>\n<meta property=\"og:title\" content=\"CEDIA | Facultad de Agronom\u00eda y Agroindustrias UNSE | FAyA UNSE\" \/>\n<meta property=\"og:description\" content=\"[vc_row css_animation=&#8221;&#8221; row_type=&#8221;row&#8221; use_row_as_full_screen_section=&#8221;no&#8221; type=&#8221;full_width&#8221; angled_section=&#8221;no&#8221; text_align=&#8221;left&#8221; background_image_as_pattern=&#8221;without_pattern&#8221;][vc_column][vc_column_text]Instituto dirigido por: . El Centro de Investigaciones Ap\u00edcolas -CEDIA- fue creado en el a\u00f1o 1976, por iniciativa del Prof. Dr. Eduardo Mario Bianchi y es un Centro de vasta experiencia en investigaci\u00f3n y control de calidad de...\" \/>\n<meta property=\"og:url\" content=\"https:\/\/faya.unse.edu.ar\/index.php\/institutos\/icyta\/\" \/>\n<meta property=\"og:site_name\" content=\"Facultad de Agronom\u00eda y Agroindustrias UNSE | FAyA UNSE\" \/>\n<meta property=\"article:publisher\" content=\"https:\/\/www.facebook.com\/agroUNSE\/\" \/>\n<meta property=\"article:modified_time\" content=\"2023-04-21T15:58:35+00:00\" \/>\n<meta name=\"twitter:card\" content=\"summary_large_image\" \/>\n<meta name=\"twitter:site\" content=\"@fayaunse\" \/>\n<meta name=\"twitter:label1\" content=\"Tiempo de lectura\" \/>\n\t<meta name=\"twitter:data1\" content=\"2 minutos\" \/>\n<script type=\"application\/ld+json\" class=\"yoast-schema-graph\">{\"@context\":\"https:\/\/schema.org\",\"@graph\":[{\"@type\":\"WebSite\",\"@id\":\"https:\/\/faya.unse.edu.ar\/#website\",\"url\":\"https:\/\/faya.unse.edu.ar\/\",\"name\":\"Facultad de Agronom\\u00eda y Agroindustrias UNSE | FAyA UNSE\",\"description\":\"\",\"potentialAction\":[{\"@type\":\"SearchAction\",\"target\":{\"@type\":\"EntryPoint\",\"urlTemplate\":\"https:\/\/faya.unse.edu.ar\/?s={search_term_string}\"},\"query-input\":\"required name=search_term_string\"}],\"inLanguage\":\"es-AR\"},{\"@type\":\"WebPage\",\"@id\":\"https:\/\/faya.unse.edu.ar\/index.php\/institutos\/icyta\/#webpage\",\"url\":\"https:\/\/faya.unse.edu.ar\/index.php\/institutos\/icyta\/\",\"name\":\"CEDIA | Facultad de Agronom\\u00eda y Agroindustrias UNSE | FAyA UNSE\",\"isPartOf\":{\"@id\":\"https:\/\/faya.unse.edu.ar\/#website\"},\"datePublished\":\"2018-12-23T22:29:31+00:00\",\"dateModified\":\"2023-04-21T15:58:35+00:00\",\"breadcrumb\":{\"@id\":\"https:\/\/faya.unse.edu.ar\/index.php\/institutos\/icyta\/#breadcrumb\"},\"inLanguage\":\"es-AR\",\"potentialAction\":[{\"@type\":\"ReadAction\",\"target\":[\"https:\/\/faya.unse.edu.ar\/index.php\/institutos\/icyta\/\"]}]},{\"@type\":\"BreadcrumbList\",\"@id\":\"https:\/\/faya.unse.edu.ar\/index.php\/institutos\/icyta\/#breadcrumb\",\"itemListElement\":[{\"@type\":\"ListItem\",\"position\":1,\"name\":\"Home\",\"item\":\"https:\/\/faya.unse.edu.ar\/\"},{\"@type\":\"ListItem\",\"position\":2,\"name\":\"Institutos\",\"item\":\"https:\/\/faya.unse.edu.ar\/index.php\/institutos\/\"},{\"@type\":\"ListItem\",\"position\":3,\"name\":\"CEDIA\"}]}]}<\/script>\n<!-- \/ Yoast SEO plugin. -->","yoast_head_json":{"robots":{"index":"index","follow":"follow","max-snippet":"max-snippet:-1","max-image-preview":"max-image-preview:large","max-video-preview":"max-video-preview:-1"},"canonical":"https:\/\/faya.unse.edu.ar\/index.php\/institutos\/icyta\/","og_locale":"es_ES","og_type":"article","og_title":"CEDIA | Facultad de Agronom\u00eda y Agroindustrias UNSE | FAyA UNSE","og_description":"[vc_row css_animation=&#8221;&#8221; row_type=&#8221;row&#8221; use_row_as_full_screen_section=&#8221;no&#8221; type=&#8221;full_width&#8221; angled_section=&#8221;no&#8221; text_align=&#8221;left&#8221; background_image_as_pattern=&#8221;without_pattern&#8221;][vc_column][vc_column_text]Instituto dirigido por: . El Centro de Investigaciones Ap\u00edcolas -CEDIA- fue creado en el a\u00f1o 1976, por iniciativa del Prof. Dr. Eduardo Mario Bianchi y es un Centro de vasta experiencia en investigaci\u00f3n y control de calidad de...","og_url":"https:\/\/faya.unse.edu.ar\/index.php\/institutos\/icyta\/","og_site_name":"Facultad de Agronom\u00eda y Agroindustrias UNSE | FAyA UNSE","article_publisher":"https:\/\/www.facebook.com\/agroUNSE\/","article_modified_time":"2023-04-21T15:58:35+00:00","twitter_card":"summary_large_image","twitter_site":"@fayaunse","twitter_misc":{"Tiempo de lectura":"2 minutos"},"schema":{"@context":"https:\/\/schema.org","@graph":[{"@type":"WebSite","@id":"https:\/\/faya.unse.edu.ar\/#website","url":"https:\/\/faya.unse.edu.ar\/","name":"Facultad de Agronom\u00eda y Agroindustrias UNSE | FAyA UNSE","description":"","potentialAction":[{"@type":"SearchAction","target":{"@type":"EntryPoint","urlTemplate":"https:\/\/faya.unse.edu.ar\/?s={search_term_string}"},"query-input":"required name=search_term_string"}],"inLanguage":"es-AR"},{"@type":"WebPage","@id":"https:\/\/faya.unse.edu.ar\/index.php\/institutos\/icyta\/#webpage","url":"https:\/\/faya.unse.edu.ar\/index.php\/institutos\/icyta\/","name":"CEDIA | Facultad de Agronom\u00eda y Agroindustrias UNSE | FAyA UNSE","isPartOf":{"@id":"https:\/\/faya.unse.edu.ar\/#website"},"datePublished":"2018-12-23T22:29:31+00:00","dateModified":"2023-04-21T15:58:35+00:00","breadcrumb":{"@id":"https:\/\/faya.unse.edu.ar\/index.php\/institutos\/icyta\/#breadcrumb"},"inLanguage":"es-AR","potentialAction":[{"@type":"ReadAction","target":["https:\/\/faya.unse.edu.ar\/index.php\/institutos\/icyta\/"]}]},{"@type":"BreadcrumbList","@id":"https:\/\/faya.unse.edu.ar\/index.php\/institutos\/icyta\/#breadcrumb","itemListElement":[{"@type":"ListItem","position":1,"name":"Home","item":"https:\/\/faya.unse.edu.ar\/"},{"@type":"ListItem","position":2,"name":"Institutos","item":"https:\/\/faya.unse.edu.ar\/index.php\/institutos\/"},{"@type":"ListItem","position":3,"name":"CEDIA"}]}]}},"_links":{"self":[{"href":"https:\/\/faya.unse.edu.ar\/index.php\/wp-json\/wp\/v2\/pages\/17301"}],"collection":[{"href":"https:\/\/faya.unse.edu.ar\/index.php\/wp-json\/wp\/v2\/pages"}],"about":[{"href":"https:\/\/faya.unse.edu.ar\/index.php\/wp-json\/wp\/v2\/types\/page"}],"author":[{"embeddable":true,"href":"https:\/\/faya.unse.edu.ar\/index.php\/wp-json\/wp\/v2\/users\/1"}],"replies":[{"embeddable":true,"href":"https:\/\/faya.unse.edu.ar\/index.php\/wp-json\/wp\/v2\/comments?post=17301"}],"version-history":[{"count":6,"href":"https:\/\/faya.unse.edu.ar\/index.php\/wp-json\/wp\/v2\/pages\/17301\/revisions"}],"predecessor-version":[{"id":30945,"href":"https:\/\/faya.unse.edu.ar\/index.php\/wp-json\/wp\/v2\/pages\/17301\/revisions\/30945"}],"up":[{"embeddable":true,"href":"https:\/\/faya.unse.edu.ar\/index.php\/wp-json\/wp\/v2\/pages\/17314"}],"wp:attachment":[{"href":"https:\/\/faya.unse.edu.ar\/index.php\/wp-json\/wp\/v2\/media?parent=17301"}],"curies":[{"name":"wp","href":"https:\/\/api.w.org\/{rel}","templated":true}]}}