{"id":17310,"date":"2018-12-23T19:38:44","date_gmt":"2018-12-23T22:38:44","guid":{"rendered":"http:\/\/faya.unse.edu.ar\/?page_id=17310"},"modified":"2024-10-28T14:01:08","modified_gmt":"2024-10-28T17:01:08","slug":"icq","status":"publish","type":"page","link":"https:\/\/faya.unse.edu.ar\/index.php\/institutos\/icq\/","title":{"rendered":"ICQ"},"content":{"rendered":"<p>[vc_row css_animation=&#8221;&#8221; row_type=&#8221;row&#8221; use_row_as_full_screen_section=&#8221;no&#8221; type=&#8221;full_width&#8221; angled_section=&#8221;no&#8221; text_align=&#8221;left&#8221; background_image_as_pattern=&#8221;without_pattern&#8221;][vc_column][vc_column_text]Instituto dirigido por: <strong>Dra. M\u00f3nica Nazareno<\/strong>.<\/p>\n<p>Consejo Asesor<\/p>\n<p>Profesor: Dra. Lucrecia L. Chaillou<\/p>\n<p>Aux. de\u00a0 Doc.: Dr. Sergio Rodr\u00edguez<\/p>\n<p>La creaci\u00f3n del Instituto de Ciencias Qu\u00edmicas fue aprobada por Resoluci\u00f3n del Consejo Directivo de la FAyA N\u00ba 044\/88, sus fines son:<br \/>\nrealizar investigaciones que est\u00e9n destinadas a desarrollar la ciencia, obtener nuevos conocimientos, as\u00ed como la aplicaci\u00f3n de los ya conocidos para<br \/>\nobtener nuevos resultados, dirigiendo en lo posible los esfuerzos para atender la soluci\u00f3n de problemas del medio relacionados al \u00e1mbito de la disciplina;<br \/>\nformar recursos humanos calificados para la investigaci\u00f3n.<\/p>\n<p><a href=\"http:\/\/faa.unse.edu.ar\/pdf\/ICQ_MEMORIAS_web.pdf\" target=\"_blank\" rel=\"noopener\">ver Memoria 2009, 2010, 2011<\/a>[\/vc_column_text][vc_empty_space]<div class=\"qode-accordion-holder clearfix qode-accordion qode-initial \">\n\t<h4 class=\"clearfix qode-title-holder\">\n<span class=\"qode-tab-title\">\n\t    <span class=\"qode-tab-title-inner\">\n        Objetivos    <\/span>\n<\/span>\n<span class=\"qode-accordion-mark\">\n    <span class=\"qode-accordion-mark-icon\">\n        <span class=\"icon_plus\"><\/span>\n        <span class=\"icon_minus-06\"><\/span>\n    <\/span>\n<\/span>\n<\/h4>\n<div class=\"qode-accordion-content \" >\n    <div class=\"qode-accordion-content-inner\">\n        [vc_column_text]<\/p>\n<ul>\n<li>Fijar prioridades, aprobar, asignar recursos y evaluar los resultados de los proyectos de investigaci\u00f3n que se desarrollen en su \u00e1mbito.<br \/>\nFacilitar la especializaci\u00f3n de sus investigadores en centros de reconocido prestigio.<\/li>\n<li>Organizar el dictado de cursos y seminarios en las distintas disciplinas del Instituto.<\/li>\n<li>Facilitar la concurrencia de sus investigadores a cursos, seminarios y congresos.<\/li>\n<li>Facilitar la admisi\u00f3n de graduados de esta y otreas Universidades o centros, ya sean nacionales o extranjeros, para especializarse en las l\u00edneas que ofrece el Instituto.<\/li>\n<li>Propugnar la vinculaci\u00f3n total de la Universidad con su medio, ofreciendo respuestas concretas a los problemas del mismo.<\/li>\n<li>Atender necesidades docentes en el \u00e1mbito de los Departamentos<\/li>\n<li>Acad\u00e9micos de las Facultades, en las \u00e1reas de su especialidad.<\/li>\n<li>Participar en investigaciones interdisciplinarias dentro de la Universidad o con otros Institutos del pa\u00eds o del extranjero.<\/li>\n<\/ul>\n<p>[\/vc_column_text]    <\/div>\n<\/div><h4 class=\"clearfix qode-title-holder\">\n<span class=\"qode-tab-title\">\n\t    <span class=\"qode-tab-title-inner\">\n        Infraestructura    <\/span>\n<\/span>\n<span class=\"qode-accordion-mark\">\n    <span class=\"qode-accordion-mark-icon\">\n        <span class=\"icon_plus\"><\/span>\n        <span class=\"icon_minus-06\"><\/span>\n    <\/span>\n<\/span>\n<\/h4>\n<div class=\"qode-accordion-content \" >\n    <div class=\"qode-accordion-content-inner\">\n        [vc_column_text]El Instituto desarrollar\u00e1 sus actividades a trav\u00e9s de los proyectos de investigaci\u00f3n en las siguientes \u00e1reas:<br \/>\nTermodin\u00e1mica<br \/>\nElectroqu\u00edmica<br \/>\nBioqu\u00edmica<br \/>\nFisicoqu\u00edmica del estado s\u00f3lido<br \/>\ny las que se vayan incorporando de acuerdo al crecimiento normal del Instituto.[\/vc_column_text]    <\/div>\n<\/div><\/div>[vc_empty_space height=&#8221;60px&#8221;][\/vc_column][\/vc_row]<\/p>\n","protected":false},"excerpt":{"rendered":"<p>[vc_row css_animation=&#8221;&#8221; row_type=&#8221;row&#8221; use_row_as_full_screen_section=&#8221;no&#8221; type=&#8221;full_width&#8221; angled_section=&#8221;no&#8221; text_align=&#8221;left&#8221; background_image_as_pattern=&#8221;without_pattern&#8221;][vc_column][vc_column_text]Instituto dirigido por: Dra. M\u00f3nica Nazareno. Consejo Asesor Profesor: Dra. Lucrecia L. Chaillou Aux. de\u00a0 Doc.: Dr. Sergio Rodr\u00edguez La creaci\u00f3n del Instituto de Ciencias Qu\u00edmicas fue aprobada por Resoluci\u00f3n del Consejo Directivo de la FAyA N\u00ba 044\/88,&#8230;<\/p>\n","protected":false},"author":1,"featured_media":0,"parent":17314,"menu_order":0,"comment_status":"closed","ping_status":"closed","template":"","meta":{"_mi_skip_tracking":false},"yoast_head":"<!-- This site is optimized with the Yoast SEO plugin v17.7.1 - https:\/\/yoast.com\/wordpress\/plugins\/seo\/ -->\n<meta name=\"robots\" content=\"index, follow, max-snippet:-1, max-image-preview:large, max-video-preview:-1\" \/>\n<link rel=\"canonical\" href=\"https:\/\/faya.unse.edu.ar\/index.php\/institutos\/icq\/\" \/>\n<meta property=\"og:locale\" content=\"es_ES\" \/>\n<meta property=\"og:type\" content=\"article\" \/>\n<meta property=\"og:title\" content=\"ICQ | Facultad de Agronom\u00eda y Agroindustrias UNSE | FAyA UNSE\" \/>\n<meta property=\"og:description\" content=\"[vc_row css_animation=&#8221;&#8221; row_type=&#8221;row&#8221; use_row_as_full_screen_section=&#8221;no&#8221; type=&#8221;full_width&#8221; angled_section=&#8221;no&#8221; text_align=&#8221;left&#8221; background_image_as_pattern=&#8221;without_pattern&#8221;][vc_column][vc_column_text]Instituto dirigido por: Dra. M\u00f3nica Nazareno. Consejo Asesor Profesor: Dra. Lucrecia L. Chaillou Aux. de\u00a0 Doc.: Dr. Sergio Rodr\u00edguez La creaci\u00f3n del Instituto de Ciencias Qu\u00edmicas fue aprobada por Resoluci\u00f3n del Consejo Directivo de la FAyA N\u00ba 044\/88,...\" \/>\n<meta property=\"og:url\" content=\"https:\/\/faya.unse.edu.ar\/index.php\/institutos\/icq\/\" \/>\n<meta property=\"og:site_name\" content=\"Facultad de Agronom\u00eda y Agroindustrias UNSE | FAyA UNSE\" \/>\n<meta property=\"article:publisher\" content=\"https:\/\/www.facebook.com\/agroUNSE\/\" \/>\n<meta property=\"article:modified_time\" content=\"2024-10-28T17:01:08+00:00\" \/>\n<meta name=\"twitter:card\" content=\"summary_large_image\" \/>\n<meta name=\"twitter:site\" content=\"@fayaunse\" \/>\n<meta name=\"twitter:label1\" content=\"Tiempo de lectura\" \/>\n\t<meta name=\"twitter:data1\" content=\"2 minutos\" \/>\n<script type=\"application\/ld+json\" class=\"yoast-schema-graph\">{\"@context\":\"https:\/\/schema.org\",\"@graph\":[{\"@type\":\"WebSite\",\"@id\":\"https:\/\/faya.unse.edu.ar\/#website\",\"url\":\"https:\/\/faya.unse.edu.ar\/\",\"name\":\"Facultad de Agronom\\u00eda y Agroindustrias UNSE | FAyA UNSE\",\"description\":\"\",\"potentialAction\":[{\"@type\":\"SearchAction\",\"target\":{\"@type\":\"EntryPoint\",\"urlTemplate\":\"https:\/\/faya.unse.edu.ar\/?s={search_term_string}\"},\"query-input\":\"required name=search_term_string\"}],\"inLanguage\":\"es-AR\"},{\"@type\":\"WebPage\",\"@id\":\"https:\/\/faya.unse.edu.ar\/index.php\/institutos\/icq\/#webpage\",\"url\":\"https:\/\/faya.unse.edu.ar\/index.php\/institutos\/icq\/\",\"name\":\"ICQ | Facultad de Agronom\\u00eda y Agroindustrias UNSE | FAyA UNSE\",\"isPartOf\":{\"@id\":\"https:\/\/faya.unse.edu.ar\/#website\"},\"datePublished\":\"2018-12-23T22:38:44+00:00\",\"dateModified\":\"2024-10-28T17:01:08+00:00\",\"breadcrumb\":{\"@id\":\"https:\/\/faya.unse.edu.ar\/index.php\/institutos\/icq\/#breadcrumb\"},\"inLanguage\":\"es-AR\",\"potentialAction\":[{\"@type\":\"ReadAction\",\"target\":[\"https:\/\/faya.unse.edu.ar\/index.php\/institutos\/icq\/\"]}]},{\"@type\":\"BreadcrumbList\",\"@id\":\"https:\/\/faya.unse.edu.ar\/index.php\/institutos\/icq\/#breadcrumb\",\"itemListElement\":[{\"@type\":\"ListItem\",\"position\":1,\"name\":\"Home\",\"item\":\"https:\/\/faya.unse.edu.ar\/\"},{\"@type\":\"ListItem\",\"position\":2,\"name\":\"Institutos\",\"item\":\"https:\/\/faya.unse.edu.ar\/index.php\/institutos\/\"},{\"@type\":\"ListItem\",\"position\":3,\"name\":\"ICQ\"}]}]}<\/script>\n<!-- \/ Yoast SEO plugin. -->","yoast_head_json":{"robots":{"index":"index","follow":"follow","max-snippet":"max-snippet:-1","max-image-preview":"max-image-preview:large","max-video-preview":"max-video-preview:-1"},"canonical":"https:\/\/faya.unse.edu.ar\/index.php\/institutos\/icq\/","og_locale":"es_ES","og_type":"article","og_title":"ICQ | Facultad de Agronom\u00eda y Agroindustrias UNSE | FAyA UNSE","og_description":"[vc_row css_animation=&#8221;&#8221; row_type=&#8221;row&#8221; use_row_as_full_screen_section=&#8221;no&#8221; type=&#8221;full_width&#8221; angled_section=&#8221;no&#8221; text_align=&#8221;left&#8221; background_image_as_pattern=&#8221;without_pattern&#8221;][vc_column][vc_column_text]Instituto dirigido por: Dra. M\u00f3nica Nazareno. Consejo Asesor Profesor: Dra. Lucrecia L. Chaillou Aux. de\u00a0 Doc.: Dr. Sergio Rodr\u00edguez La creaci\u00f3n del Instituto de Ciencias Qu\u00edmicas fue aprobada por Resoluci\u00f3n del Consejo Directivo de la FAyA N\u00ba 044\/88,...","og_url":"https:\/\/faya.unse.edu.ar\/index.php\/institutos\/icq\/","og_site_name":"Facultad de Agronom\u00eda y Agroindustrias UNSE | FAyA UNSE","article_publisher":"https:\/\/www.facebook.com\/agroUNSE\/","article_modified_time":"2024-10-28T17:01:08+00:00","twitter_card":"summary_large_image","twitter_site":"@fayaunse","twitter_misc":{"Tiempo de lectura":"2 minutos"},"schema":{"@context":"https:\/\/schema.org","@graph":[{"@type":"WebSite","@id":"https:\/\/faya.unse.edu.ar\/#website","url":"https:\/\/faya.unse.edu.ar\/","name":"Facultad de Agronom\u00eda y Agroindustrias UNSE | FAyA UNSE","description":"","potentialAction":[{"@type":"SearchAction","target":{"@type":"EntryPoint","urlTemplate":"https:\/\/faya.unse.edu.ar\/?s={search_term_string}"},"query-input":"required name=search_term_string"}],"inLanguage":"es-AR"},{"@type":"WebPage","@id":"https:\/\/faya.unse.edu.ar\/index.php\/institutos\/icq\/#webpage","url":"https:\/\/faya.unse.edu.ar\/index.php\/institutos\/icq\/","name":"ICQ | Facultad de Agronom\u00eda y Agroindustrias UNSE | FAyA UNSE","isPartOf":{"@id":"https:\/\/faya.unse.edu.ar\/#website"},"datePublished":"2018-12-23T22:38:44+00:00","dateModified":"2024-10-28T17:01:08+00:00","breadcrumb":{"@id":"https:\/\/faya.unse.edu.ar\/index.php\/institutos\/icq\/#breadcrumb"},"inLanguage":"es-AR","potentialAction":[{"@type":"ReadAction","target":["https:\/\/faya.unse.edu.ar\/index.php\/institutos\/icq\/"]}]},{"@type":"BreadcrumbList","@id":"https:\/\/faya.unse.edu.ar\/index.php\/institutos\/icq\/#breadcrumb","itemListElement":[{"@type":"ListItem","position":1,"name":"Home","item":"https:\/\/faya.unse.edu.ar\/"},{"@type":"ListItem","position":2,"name":"Institutos","item":"https:\/\/faya.unse.edu.ar\/index.php\/institutos\/"},{"@type":"ListItem","position":3,"name":"ICQ"}]}]}},"_links":{"self":[{"href":"https:\/\/faya.unse.edu.ar\/index.php\/wp-json\/wp\/v2\/pages\/17310"}],"collection":[{"href":"https:\/\/faya.unse.edu.ar\/index.php\/wp-json\/wp\/v2\/pages"}],"about":[{"href":"https:\/\/faya.unse.edu.ar\/index.php\/wp-json\/wp\/v2\/types\/page"}],"author":[{"embeddable":true,"href":"https:\/\/faya.unse.edu.ar\/index.php\/wp-json\/wp\/v2\/users\/1"}],"replies":[{"embeddable":true,"href":"https:\/\/faya.unse.edu.ar\/index.php\/wp-json\/wp\/v2\/comments?post=17310"}],"version-history":[{"count":4,"href":"https:\/\/faya.unse.edu.ar\/index.php\/wp-json\/wp\/v2\/pages\/17310\/revisions"}],"predecessor-version":[{"id":33650,"href":"https:\/\/faya.unse.edu.ar\/index.php\/wp-json\/wp\/v2\/pages\/17310\/revisions\/33650"}],"up":[{"embeddable":true,"href":"https:\/\/faya.unse.edu.ar\/index.php\/wp-json\/wp\/v2\/pages\/17314"}],"wp:attachment":[{"href":"https:\/\/faya.unse.edu.ar\/index.php\/wp-json\/wp\/v2\/media?parent=17310"}],"curies":[{"name":"wp","href":"https:\/\/api.w.org\/{rel}","templated":true}]}}