{"id":17530,"date":"2018-12-27T12:44:13","date_gmt":"2018-12-27T15:44:13","guid":{"rendered":"http:\/\/faya.unse.edu.ar\/?page_id=17530"},"modified":"2020-02-05T18:41:29","modified_gmt":"2020-02-05T21:41:29","slug":"equipos-catedra","status":"publish","type":"page","link":"https:\/\/faya.unse.edu.ar\/index.php\/equipos-catedra\/","title":{"rendered":"Equipos C\u00e1tedra"},"content":{"rendered":"<p>[vc_row css_animation=&#8221;&#8221; row_type=&#8221;row&#8221; use_row_as_full_screen_section=&#8221;no&#8221; type=&#8221;full_width&#8221; angled_section=&#8221;no&#8221; text_align=&#8221;left&#8221; background_image_as_pattern=&#8221;without_pattern&#8221;][vc_column][vc_column_text]<\/p>\n<h4 style=\"text-align: center;\">Para ver la conformaci\u00f3n de los equipos c\u00e1tedra &#8211; Docentes &#8211; por carrera, hacer click en los n\u00fameros de Resoluci\u00f3n:<\/h4>\n<p>&nbsp;<\/p>\n<p>&nbsp;<\/p>\n<p>&nbsp;<\/p>\n<table border=\"1\" width=\"100%\" cellspacing=\"0\" cellpadding=\"2\">\n<tbody>\n<tr>\n<td valign=\"top\" width=\"25%\">\n<p align=\"center\"><strong>Resoluci\u00f3n FAA N\u00b0<\/strong><\/p>\n<\/td>\n<td valign=\"top\" width=\"75%\">\n<p align=\"center\"><strong>ASUNTO<\/strong><\/p>\n<\/td>\n<\/tr>\n<tr>\n<td valign=\"top\" width=\"25%\">\n<p align=\"center\"><strong><a href=\"http:\/\/faa.unse.edu.ar\/equipos-catedra\/357-97-EquiposCatedra1996%20(AlimentosAgronQuimica).pdf\" target=\"_blank\" rel=\"noopener\">357\/1997<\/a><\/strong><\/p>\n<\/td>\n<td valign=\"top\" width=\"75%\">Reconoce los equipos docentes que tuvieron a cargo el dictado de las asignaturas de las Carreras de Ingenier\u00eda en Alimentos, Ingenier\u00eda Agron\u00f3mica, Profesorado y Licenciatura en Qu\u00edmica durante el a\u00f1o acad\u00e9mico 1997.<\/td>\n<\/tr>\n<tr>\n<td valign=\"top\" width=\"25%\">\n<p align=\"center\"><strong><a href=\"http:\/\/faa.unse.edu.ar\/equipos-catedra\/227-98-EquiposCatedra1998.pdf\" target=\"_blank\" rel=\"noopener\">227\/1998<\/a><\/strong><\/p>\n<\/td>\n<td valign=\"top\" width=\"75%\">Integra los equipos docentes a cargo del dictado de asignaturas de las distintas carreras que se dictan en esta Facultad.<\/td>\n<\/tr>\n<tr>\n<td valign=\"top\" width=\"25%\">\n<p align=\"center\"><strong><a href=\"http:\/\/faa.unse.edu.ar\/equipos-catedra\/479-99-EquipoCatedra1999.pdf\" target=\"_blank\" rel=\"noopener\">479\/1999<\/a><\/strong><\/p>\n<\/td>\n<td valign=\"top\" width=\"75%\">Integra los equipos docentes a cargo del dictado de asignaturas de las distintas carreras que se dictan en esta Facultad.<\/td>\n<\/tr>\n<tr>\n<td valign=\"top\" width=\"25%\">\n<p align=\"center\"><strong><a href=\"http:\/\/faa.unse.edu.ar\/equipos-catedra\/575-00-EquiposCatedra2000.pdf\" target=\"_blank\" rel=\"noopener\">575\/2000<\/a><\/strong><\/p>\n<\/td>\n<td valign=\"top\" width=\"75%\">Integra los equipos docentes a cargo del dictado de asignaturas de las distintas carreras que se dictan en esta Facultad.<\/td>\n<\/tr>\n<tr>\n<td valign=\"top\" width=\"25%\">\n<p align=\"center\"><strong><a href=\"http:\/\/faa.unse.edu.ar\/equipos-catedra\/472-01-EquiposCatedra2001.pdf\" target=\"_blank\" rel=\"noopener\">472\/2001<\/a><\/strong><\/p>\n<\/td>\n<td valign=\"top\" width=\"75%\">Integra los equipos docentes a cargo del dictado de asignaturas de las distintas carreras que se dictan en esta Facultad.<\/td>\n<\/tr>\n<tr>\n<td valign=\"top\" width=\"25%\">\n<p align=\"center\"><strong><a href=\"http:\/\/faa.unse.edu.ar\/equipos-catedra\/588-02-EquiposCatedra2003.pdf\" target=\"_blank\" rel=\"noopener\">588\/2002<\/a><\/strong><\/p>\n<\/td>\n<td valign=\"top\" width=\"75%\">Reconoce la constituci\u00f3n de los equipos docentes que tuvieron a su cargo el dictado de asignaturas de las distintas carreras que se dictan en esta Facultad durante el a\u00f1o acad\u00e9mico 2003.<\/td>\n<\/tr>\n<tr>\n<td valign=\"top\" width=\"25%\">\n<p align=\"center\"><strong><a href=\"http:\/\/faa.unse.edu.ar\/equipos-catedra\/235-03-EquiposCatedra2003.pdf\" target=\"_blank\" rel=\"noopener\">235\/2003<\/a><\/strong><\/p>\n<\/td>\n<td valign=\"top\" width=\"75%\">Integra los equipos docentes que tendr\u00e1n a su cargo el dictado de asignaturas de las distintas carreras que se dictan en esta Facultad durante el a\u00f1o acad\u00e9mico 2003.<\/td>\n<\/tr>\n<tr>\n<td valign=\"top\" width=\"25%\">\n<p align=\"center\"><strong><a href=\"http:\/\/faa.unse.edu.ar\/equipos-catedra\/388-04-EquiposCatedra2004.pdf\" target=\"_blank\" rel=\"noopener\">388\/2004<\/a><\/strong><\/p>\n<\/td>\n<td valign=\"top\" width=\"75%\">Integra los equipos docentes que tendr\u00e1n a su cargo el dictado de asignaturas de las distintas carreras que se dictan en esta Facultad durante el a\u00f1o acad\u00e9mico 2004.<\/td>\n<\/tr>\n<tr>\n<td valign=\"top\" width=\"25%\">\n<p align=\"center\"><strong><a href=\"http:\/\/faa.unse.edu.ar\/equipos-catedra\/304-05-EquiposCatedra2005.pdf\" target=\"_blank\" rel=\"noopener\">304\/2005<\/a><\/strong><\/p>\n<\/td>\n<td valign=\"top\" width=\"75%\">Integra los equipos docentes\u00a0 que tendr\u00e1n a su cargo el dictado de asignaturas de las distintas carreras que se dictan en esta Facultad durante el a\u00f1o acad\u00e9mico 2005.<\/td>\n<\/tr>\n<tr>\n<td valign=\"top\" width=\"25%\">\n<p align=\"center\"><strong><a href=\"http:\/\/faa.unse.edu.ar\/equipos-catedra\/160-07-EquiposCatedra2007.pdf\" target=\"_blank\" rel=\"noopener\">160\/2007<\/a><\/strong><\/p>\n<\/td>\n<td valign=\"top\" width=\"75%\">Integra los equipos docentes que tendr\u00e1n a su cargo el dictado de asignaturas de las distintas carreras que se dictan en esta Facultad durante el a\u00f1o acad\u00e9mico 2007.<\/td>\n<\/tr>\n<tr>\n<td valign=\"top\" width=\"25%\">\n<p align=\"center\"><strong><a href=\"http:\/\/faa.unse.edu.ar\/equipos-catedra\/630-08-EquiposCatedra2008.pdf\" target=\"_blank\" rel=\"noopener\">630\/2008<\/a><\/strong><\/p>\n<\/td>\n<td valign=\"top\" width=\"75%\">Anular Res. FAA N\u00b0 153 Y 354\/08.<\/td>\n<\/tr>\n<tr>\n<td valign=\"top\" width=\"25%\">\n<p align=\"center\"><strong><a href=\"http:\/\/faa.unse.edu.ar\/equipos-catedra\/258-09-EquiposCatedra2009.pdf\" target=\"_blank\" rel=\"noopener\">258\/2009<\/a><\/strong><\/p>\n<\/td>\n<td valign=\"top\" width=\"75%\">Integra los equipos docentes\u00a0 que tendr\u00e1n a su cargo el dictado de asignaturas de las distintas carreras que se dictan en esta Facultad durante el a\u00f1o acad\u00e9mico 2009.<\/td>\n<\/tr>\n<tr>\n<td valign=\"top\" width=\"25%\">\n<p align=\"center\"><strong><a href=\"http:\/\/faa.unse.edu.ar\/equipos-catedra\/380-09-EnmiendaRes258-09.pdf\" target=\"_blank\" rel=\"noopener\">380\/2009<\/a><\/strong><\/p>\n<\/td>\n<td valign=\"top\" width=\"75%\">Enmienda Resoluci\u00f3n FAA N\u00b0 258\/2009.<\/td>\n<\/tr>\n<tr>\n<td valign=\"top\" width=\"25%\">\n<p align=\"center\"><strong><a href=\"http:\/\/faa.unse.edu.ar\/equipos-catedra\/852-10-EquiposCatedra2010.pdf\" target=\"_blank\" rel=\"noopener\">852\/2010<\/a><\/strong><\/p>\n<\/td>\n<td valign=\"top\" width=\"75%\">Integra los equipos docentes\u00a0 que tuvieron a su cargo el dictado de asignaturas de las distintas carreras que se dictan en esta Facultad durante el a\u00f1o acad\u00e9mico 2010.<\/td>\n<\/tr>\n<tr>\n<td valign=\"top\" width=\"25%\">\n<p align=\"center\"><strong><a href=\"http:\/\/faa.unse.edu.ar\/equipos-catedra\/727-11-Equipos2011.pdf\" target=\"_blank\" rel=\"noopener\">727\/2011<\/a><\/strong><\/p>\n<\/td>\n<td valign=\"top\" width=\"75%\">Integra los equipos docentes\u00a0 que tuvieron a su cargo el dictado de asignaturas de las distintas carreras que se dictan en esta Facultad durante el a\u00f1o acad\u00e9mico 2011.<\/td>\n<\/tr>\n<tr>\n<td valign=\"top\" width=\"25%\">\n<p align=\"center\"><strong><a href=\"http:\/\/faa.unse.edu.ar\/equipos-catedra\/736-13-EquiposCatedra2013.pdf\" target=\"_blank\" rel=\"noopener\">736\/2013<\/a><\/strong><\/p>\n<\/td>\n<td valign=\"top\" width=\"75%\">Integra los equipos docentes\u00a0 que tuvieron\u00a0 a su cargo el dictado de asignaturas de las distintas carreras que se dictan en esta Facultad durante el a\u00f1o acad\u00e9mico 2013.<\/td>\n<\/tr>\n<tr>\n<td valign=\"top\" width=\"25%\">\n<p align=\"center\"><strong><a href=\"http:\/\/faa.unse.edu.ar\/equipos-catedra\/856-15-EquiposCatedra2015.pdf\" target=\"_blank\" rel=\"noopener\">856\/2015<\/a><\/strong><\/p>\n<\/td>\n<td valign=\"top\" width=\"75%\">Integra los equipos docentes\u00a0 que tuvieron \u00a0a su cargo el dictado de asignaturas de las distintas carreras que se dictan en esta Facultad durante el a\u00f1o acad\u00e9mico 2015.<\/td>\n<\/tr>\n<tr>\n<td valign=\"top\" width=\"25%\">\n<p align=\"center\"><strong><a href=\"http:\/\/faa.unse.edu.ar\/equipos-catedra\/283-03-ProducAnimal(IngAgro).pdf\" target=\"_blank\" rel=\"noopener\">283\/2003<\/a><\/strong><\/p>\n<\/td>\n<td valign=\"top\" width=\"75%\">Integra equipos docentes de asignatura del \u00e1rea de Producci\u00f3n Animal de la carrera de Ing. Agron\u00f3mica.<\/td>\n<\/tr>\n<tr>\n<td valign=\"top\" width=\"25%\">\n<p align=\"center\"><strong><a href=\"http:\/\/faa.unse.edu.ar\/equipos-catedra\/076-08-TallerdeIntegracionB2008.pdf\" target=\"_blank\" rel=\"noopener\">076\/2008<\/a><\/strong><\/p>\n<\/td>\n<td valign=\"top\" width=\"75%\">Conformaci\u00f3n del Equipo Docente a cargo del Taller de Integraci\u00f3n B.<\/td>\n<\/tr>\n<tr>\n<td valign=\"top\" width=\"25%\">\n<p align=\"center\"><strong><a href=\"http:\/\/faa.unse.edu.ar\/equipos-catedra\/047-09-TalleresdeIntegracionByC(IngAgroPlan2.pdf\" target=\"_blank\" rel=\"noopener\">047\/2009<\/a><\/strong><\/p>\n<\/td>\n<td valign=\"top\" width=\"75%\">Integra Equipos Docentes responsables de los Talleres de Integraci\u00f3n \u201cB\u201d y \u201cC\u201d Plan de Estudios 2005, Ing. Agron\u00f3mica.<\/td>\n<\/tr>\n<tr>\n<td valign=\"top\" width=\"25%\">\n<p align=\"center\"><strong><a href=\"http:\/\/faa.unse.edu.ar\/equipos-catedra\/425-12-Fitopatologia(IngAgronPlan2005).pdf\" target=\"_blank\" rel=\"noopener\">425\/2012<\/a><\/strong><\/p>\n<\/td>\n<td valign=\"top\" width=\"75%\">Integra equipo C\u00e1tedra de la asignatura Fitopatolog\u00eda de la carrera de Ing. Agron\u00f3mica, Plan de Estudios 2005.<\/td>\n<\/tr>\n<tr>\n<td valign=\"top\" width=\"25%\">\n<p align=\"center\"><strong><a href=\"http:\/\/faa.unse.edu.ar\/equipos-catedra\/195-13-Fitopstologia(IngAgroPlan2005).pdf\" target=\"_blank\" rel=\"noopener\">195\/2013<\/a><\/strong><\/p>\n<\/td>\n<td valign=\"top\" width=\"75%\">Dar continuidad a la integraci\u00f3n del equipo c\u00e1tedra de la asignatura Fitopatolog\u00eda de la carrera de Ingenier\u00eda Agron\u00f3mica, Plan de Estudios 2005.<\/td>\n<\/tr>\n<tr>\n<td valign=\"top\" width=\"25%\">\n<p align=\"center\"><strong><a href=\"http:\/\/faa.unse.edu.ar\/equipos-catedra\/379-14-Fitopatologia(IngAgron2005).pdf\" target=\"_blank\" rel=\"noopener\">379\/2014<\/a><\/strong><\/p>\n<\/td>\n<td valign=\"top\" width=\"75%\">Dar continuidad a la integraci\u00f3n del equipo c\u00e1tedra de la asignatura Fitopatolof\u00eda de la carrera de Ingenier\u00eda Agron\u00f3mica, Plan de Estudios 2005.<\/td>\n<\/tr>\n<tr>\n<td valign=\"top\" width=\"25%\">\n<p align=\"center\"><strong><a href=\"http:\/\/faa.unse.edu.ar\/equipos-catedra\/273-14-ElemdeMatFisicayQuimicayDibujoyTopograf%C3%ADa(TUPJyP).pdf\" target=\"_blank\" rel=\"noopener\">273\/2014<\/a><\/strong><\/p>\n<\/td>\n<td valign=\"top\" width=\"75%\">Integra equipo c\u00e1tedra de las asignaturas Elem. De Mat. F\u00edsica y Qu\u00edmica y Dibujo y Topograf\u00eda de la carrera de T\u00e9c. Univ. Parques, Jardines y Paseos.<\/td>\n<\/tr>\n<tr>\n<td valign=\"top\" width=\"25%\">\n<p align=\"center\"><strong><a href=\"http:\/\/faa.unse.edu.ar\/equipos-catedra\/403-16-GeneticayMejoramientoApicola(TecApicola).pdf\" target=\"_blank\" rel=\"noopener\">403\/2016<\/a><\/strong><\/p>\n<\/td>\n<td valign=\"top\" width=\"75%\">Integra equipo c\u00e1tedra de la asignatura Gen\u00e9tica y mejoramiento Ap\u00edcola de la carrera Tecnicatura Universitaria Ap\u00edcola.<\/td>\n<\/tr>\n<tr>\n<td valign=\"top\" width=\"25%\">\n<p align=\"center\"><strong><a href=\"http:\/\/faa.unse.edu.ar\/equipos-catedra\/293-16-TecnicaturaApicola2015-2016.pdf\" target=\"_blank\" rel=\"noopener\">293\/2016<\/a><\/strong><\/p>\n<\/td>\n<td valign=\"top\" width=\"75%\">Reconoce colaboraci\u00f3n en el dictado de asignaturas a Dra. Gabriela Cilla, Ing. Andrea Fuster e Ing. Andrea Lescano.<\/td>\n<\/tr>\n<tr>\n<td valign=\"top\">\n<p align=\"center\"><strong><a href=\"http:\/\/faa.unse.edu.ar\/equipos-catedra\/795-17-TecnicaturaApicola2017.pdf\" target=\"_blank\" rel=\"noopener\">795\/2017<\/a><\/strong><\/p>\n<\/td>\n<td valign=\"top\">Reconoce funci\u00f3n desempe\u00f1ada por los equipos c\u00e1tedra que tuvieron a su cargo el dictado de asignaturas de la Carrera de T\u00e9cnico Universitario en Apicultura, durante el a\u00f1o acad\u00e9mico 2017.<\/td>\n<\/tr>\n<tr>\n<td align=\"center\" valign=\"top\"><strong><a href=\"http:\/\/faa.unse.edu.ar\/equipos-catedra\/884-17-EquiposCatedra2016.pdf\" target=\"new\">884\/2017<\/a><\/strong><\/td>\n<td valign=\"top\">Integra Equipos C\u00e1tedra 2016<\/td>\n<\/tr>\n<tr>\n<td align=\"center\" valign=\"top\"><strong><a href=\"http:\/\/faa.unse.edu.ar\/equipos-catedra\/885-17-EquiposCatedra2017.pdf\" target=\"_blank\" rel=\"noopener\">885\/2017<\/a><\/strong><\/td>\n<td valign=\"top\">Integra Equipos C\u00e1tedra 2017<\/td>\n<\/tr>\n<tr>\n<td align=\"center\" valign=\"top\"><a href=\"https:\/\/faya.unse.edu.ar\/wp-content\/uploads\/Res-FAA-N-188-2019.pdf\"><strong>188\/2019<\/strong><\/a><\/td>\n<td valign=\"top\">Integra Equipos C\u00e1tedra 2018<\/td>\n<\/tr>\n<tr>\n<td align=\"center\" valign=\"top\"><strong><a href=\"https:\/\/faya.unse.edu.ar\/wp-content\/uploads\/Res-FAA-N-1038-2019-1.pdf\" target=\"_blank\" rel=\"noopener\">1038\/2019<\/a><\/strong><\/td>\n<td valign=\"top\">Integra Equipos C\u00e1tedra 2018 y 2019<\/td>\n<\/tr>\n<\/tbody>\n<\/table>\n<p>[\/vc_column_text][vc_empty_space height=&#8221;60px&#8221;][\/vc_column][\/vc_row]<\/p>\n","protected":false},"excerpt":{"rendered":"<p>[vc_row css_animation=&#8221;&#8221; row_type=&#8221;row&#8221; use_row_as_full_screen_section=&#8221;no&#8221; type=&#8221;full_width&#8221; angled_section=&#8221;no&#8221; text_align=&#8221;left&#8221; background_image_as_pattern=&#8221;without_pattern&#8221;][vc_column][vc_column_text] Para ver la conformaci\u00f3n de los equipos c\u00e1tedra &#8211; Docentes &#8211; por carrera, hacer click en los n\u00fameros de Resoluci\u00f3n: &nbsp; &nbsp; &nbsp; Resoluci\u00f3n FAA N\u00b0 ASUNTO 357\/1997 Reconoce los equipos docentes que tuvieron a cargo el&#8230;<\/p>\n","protected":false},"author":1,"featured_media":0,"parent":0,"menu_order":0,"comment_status":"closed","ping_status":"closed","template":"","meta":{"_mi_skip_tracking":false},"yoast_head":"<!-- This site is optimized with the Yoast SEO plugin v17.7.1 - https:\/\/yoast.com\/wordpress\/plugins\/seo\/ -->\n<meta name=\"robots\" content=\"index, follow, max-snippet:-1, max-image-preview:large, max-video-preview:-1\" \/>\n<link rel=\"canonical\" href=\"https:\/\/faya.unse.edu.ar\/index.php\/equipos-catedra\/\" \/>\n<meta property=\"og:locale\" content=\"es_ES\" \/>\n<meta property=\"og:type\" content=\"article\" \/>\n<meta property=\"og:title\" content=\"Equipos C\u00e1tedra | Facultad de Agronom\u00eda y Agroindustrias UNSE | FAyA UNSE\" \/>\n<meta property=\"og:description\" content=\"[vc_row css_animation=&#8221;&#8221; row_type=&#8221;row&#8221; use_row_as_full_screen_section=&#8221;no&#8221; type=&#8221;full_width&#8221; angled_section=&#8221;no&#8221; text_align=&#8221;left&#8221; background_image_as_pattern=&#8221;without_pattern&#8221;][vc_column][vc_column_text] Para ver la conformaci\u00f3n de los equipos c\u00e1tedra &#8211; Docentes &#8211; por carrera, hacer click en los n\u00fameros de Resoluci\u00f3n: &nbsp; &nbsp; &nbsp; Resoluci\u00f3n FAA N\u00b0 ASUNTO 357\/1997 Reconoce los equipos docentes que tuvieron a cargo el...\" \/>\n<meta property=\"og:url\" content=\"https:\/\/faya.unse.edu.ar\/index.php\/equipos-catedra\/\" \/>\n<meta property=\"og:site_name\" content=\"Facultad de Agronom\u00eda y Agroindustrias UNSE | FAyA UNSE\" \/>\n<meta property=\"article:publisher\" content=\"https:\/\/www.facebook.com\/agroUNSE\/\" \/>\n<meta property=\"article:modified_time\" content=\"2020-02-05T21:41:29+00:00\" \/>\n<meta name=\"twitter:card\" content=\"summary_large_image\" \/>\n<meta name=\"twitter:site\" content=\"@fayaunse\" \/>\n<meta name=\"twitter:label1\" content=\"Tiempo de lectura\" \/>\n\t<meta name=\"twitter:data1\" content=\"4 minutos\" \/>\n<script type=\"application\/ld+json\" class=\"yoast-schema-graph\">{\"@context\":\"https:\/\/schema.org\",\"@graph\":[{\"@type\":\"WebSite\",\"@id\":\"https:\/\/faya.unse.edu.ar\/#website\",\"url\":\"https:\/\/faya.unse.edu.ar\/\",\"name\":\"Facultad de Agronom\\u00eda y Agroindustrias UNSE | FAyA UNSE\",\"description\":\"\",\"potentialAction\":[{\"@type\":\"SearchAction\",\"target\":{\"@type\":\"EntryPoint\",\"urlTemplate\":\"https:\/\/faya.unse.edu.ar\/?s={search_term_string}\"},\"query-input\":\"required name=search_term_string\"}],\"inLanguage\":\"es-AR\"},{\"@type\":\"WebPage\",\"@id\":\"https:\/\/faya.unse.edu.ar\/index.php\/equipos-catedra\/#webpage\",\"url\":\"https:\/\/faya.unse.edu.ar\/index.php\/equipos-catedra\/\",\"name\":\"Equipos C\\u00e1tedra | Facultad de Agronom\\u00eda y Agroindustrias UNSE | FAyA UNSE\",\"isPartOf\":{\"@id\":\"https:\/\/faya.unse.edu.ar\/#website\"},\"datePublished\":\"2018-12-27T15:44:13+00:00\",\"dateModified\":\"2020-02-05T21:41:29+00:00\",\"breadcrumb\":{\"@id\":\"https:\/\/faya.unse.edu.ar\/index.php\/equipos-catedra\/#breadcrumb\"},\"inLanguage\":\"es-AR\",\"potentialAction\":[{\"@type\":\"ReadAction\",\"target\":[\"https:\/\/faya.unse.edu.ar\/index.php\/equipos-catedra\/\"]}]},{\"@type\":\"BreadcrumbList\",\"@id\":\"https:\/\/faya.unse.edu.ar\/index.php\/equipos-catedra\/#breadcrumb\",\"itemListElement\":[{\"@type\":\"ListItem\",\"position\":1,\"name\":\"Home\",\"item\":\"https:\/\/faya.unse.edu.ar\/\"},{\"@type\":\"ListItem\",\"position\":2,\"name\":\"Equipos C\\u00e1tedra\"}]}]}<\/script>\n<!-- \/ Yoast SEO plugin. -->","yoast_head_json":{"robots":{"index":"index","follow":"follow","max-snippet":"max-snippet:-1","max-image-preview":"max-image-preview:large","max-video-preview":"max-video-preview:-1"},"canonical":"https:\/\/faya.unse.edu.ar\/index.php\/equipos-catedra\/","og_locale":"es_ES","og_type":"article","og_title":"Equipos C\u00e1tedra | Facultad de Agronom\u00eda y Agroindustrias UNSE | FAyA UNSE","og_description":"[vc_row css_animation=&#8221;&#8221; row_type=&#8221;row&#8221; use_row_as_full_screen_section=&#8221;no&#8221; type=&#8221;full_width&#8221; angled_section=&#8221;no&#8221; text_align=&#8221;left&#8221; background_image_as_pattern=&#8221;without_pattern&#8221;][vc_column][vc_column_text] Para ver la conformaci\u00f3n de los equipos c\u00e1tedra &#8211; Docentes &#8211; por carrera, hacer click en los n\u00fameros de Resoluci\u00f3n: &nbsp; &nbsp; &nbsp; Resoluci\u00f3n FAA N\u00b0 ASUNTO 357\/1997 Reconoce los equipos docentes que tuvieron a cargo el...","og_url":"https:\/\/faya.unse.edu.ar\/index.php\/equipos-catedra\/","og_site_name":"Facultad de Agronom\u00eda y Agroindustrias UNSE | FAyA UNSE","article_publisher":"https:\/\/www.facebook.com\/agroUNSE\/","article_modified_time":"2020-02-05T21:41:29+00:00","twitter_card":"summary_large_image","twitter_site":"@fayaunse","twitter_misc":{"Tiempo de lectura":"4 minutos"},"schema":{"@context":"https:\/\/schema.org","@graph":[{"@type":"WebSite","@id":"https:\/\/faya.unse.edu.ar\/#website","url":"https:\/\/faya.unse.edu.ar\/","name":"Facultad de Agronom\u00eda y Agroindustrias UNSE | FAyA UNSE","description":"","potentialAction":[{"@type":"SearchAction","target":{"@type":"EntryPoint","urlTemplate":"https:\/\/faya.unse.edu.ar\/?s={search_term_string}"},"query-input":"required name=search_term_string"}],"inLanguage":"es-AR"},{"@type":"WebPage","@id":"https:\/\/faya.unse.edu.ar\/index.php\/equipos-catedra\/#webpage","url":"https:\/\/faya.unse.edu.ar\/index.php\/equipos-catedra\/","name":"Equipos C\u00e1tedra | Facultad de Agronom\u00eda y Agroindustrias UNSE | FAyA UNSE","isPartOf":{"@id":"https:\/\/faya.unse.edu.ar\/#website"},"datePublished":"2018-12-27T15:44:13+00:00","dateModified":"2020-02-05T21:41:29+00:00","breadcrumb":{"@id":"https:\/\/faya.unse.edu.ar\/index.php\/equipos-catedra\/#breadcrumb"},"inLanguage":"es-AR","potentialAction":[{"@type":"ReadAction","target":["https:\/\/faya.unse.edu.ar\/index.php\/equipos-catedra\/"]}]},{"@type":"BreadcrumbList","@id":"https:\/\/faya.unse.edu.ar\/index.php\/equipos-catedra\/#breadcrumb","itemListElement":[{"@type":"ListItem","position":1,"name":"Home","item":"https:\/\/faya.unse.edu.ar\/"},{"@type":"ListItem","position":2,"name":"Equipos C\u00e1tedra"}]}]}},"_links":{"self":[{"href":"https:\/\/faya.unse.edu.ar\/index.php\/wp-json\/wp\/v2\/pages\/17530"}],"collection":[{"href":"https:\/\/faya.unse.edu.ar\/index.php\/wp-json\/wp\/v2\/pages"}],"about":[{"href":"https:\/\/faya.unse.edu.ar\/index.php\/wp-json\/wp\/v2\/types\/page"}],"author":[{"embeddable":true,"href":"https:\/\/faya.unse.edu.ar\/index.php\/wp-json\/wp\/v2\/users\/1"}],"replies":[{"embeddable":true,"href":"https:\/\/faya.unse.edu.ar\/index.php\/wp-json\/wp\/v2\/comments?post=17530"}],"version-history":[{"count":8,"href":"https:\/\/faya.unse.edu.ar\/index.php\/wp-json\/wp\/v2\/pages\/17530\/revisions"}],"predecessor-version":[{"id":28638,"href":"https:\/\/faya.unse.edu.ar\/index.php\/wp-json\/wp\/v2\/pages\/17530\/revisions\/28638"}],"wp:attachment":[{"href":"https:\/\/faya.unse.edu.ar\/index.php\/wp-json\/wp\/v2\/media?parent=17530"}],"curies":[{"name":"wp","href":"https:\/\/api.w.org\/{rel}","templated":true}]}}