{"id":17653,"date":"2019-01-17T12:11:42","date_gmt":"2019-01-17T15:11:42","guid":{"rendered":"http:\/\/faya.unse.edu.ar\/?page_id=17653"},"modified":"2019-01-17T12:16:12","modified_gmt":"2019-01-17T15:16:12","slug":"departamento-fisico-matematico","status":"publish","type":"page","link":"https:\/\/faya.unse.edu.ar\/index.php\/departamento-fisico-matematico\/","title":{"rendered":"Departamento F\u00edsico-Matem\u00e1tico"},"content":{"rendered":"<p>[vc_row css_animation=&#8221;&#8221; row_type=&#8221;row&#8221; use_row_as_full_screen_section=&#8221;no&#8221; type=&#8221;full_width&#8221; angled_section=&#8221;no&#8221; text_align=&#8221;left&#8221; background_image_as_pattern=&#8221;without_pattern&#8221; css=&#8221;.vc_custom_1547737857237{margin-bottom: 50px !important;}&#8221; z_index=&#8221;&#8221;][vc_column][vc_column_text]<\/p>\n<h3 class=\"Estilo1\" style=\"text-align: center;\">A cargo del Lic. Carlos Cattaneo.<\/h3>\n<p>[\/vc_column_text][\/vc_column][\/vc_row][vc_row css_animation=&#8221;&#8221; row_type=&#8221;row&#8221; use_row_as_full_screen_section=&#8221;no&#8221; type=&#8221;full_width&#8221; angled_section=&#8221;no&#8221; text_align=&#8221;left&#8221; background_image_as_pattern=&#8221;without_pattern&#8221;][vc_column][vc_column_text]<div class='jtrt_table_MotherShipContainer'><div class='jtTableContainer jtrespo-stack highlightRows ' data-jtrt-stack-width='500'><div class='jtsettingcontainer' style='display:none;position:absolute;left:-9999px;'><textarea data-jtrt-table-id='17652' id='jtrt_table_settings_17652' cols='30' rows='10'>[[[\"APELLIDO Y NOMBRES\",\"CARGO \"],[\"Abdala, Gabriela\",\"AYUDANTE DE 1\\u00ba DIPLOMADO\"],[\"Biasoni, Enrique \",\"PROFESOR ADJUNTO (CONTRATADO)\"],[\"Catt\\u00e1neo, Carlos\",\"PROFESOR ASOCIADO\"],[\"Chaillou, Lucrecia\",\"PROFESOR ADJUNTO\"],[\"Corval\\u00e1n, Valeria A. \",\"AYUDANTE DE 1\\u00ba DIPLOMADO (CONTRATADO)\"],[\"Costa Mac\\u00edas, Karina Eliana\",\"AYUDANTE DE 1\\u00ba DIPLOMADO (CONTRATADO)\"],[\"G\\u00f3mez, Jos\\u00e9 Ismael\",\"PROFESOR ASOCIADO\"],[\"Ju\\u00e1rez, Pedro\",\"JEFE DE TRABAJOS PR\\u00c1CTICOS\"],[\"Larcher, Ledda\",\"PROFESOR ADJUNTO\"],[\"Lutfi, Dar\\u00edo Jos\\u00e9\",\"JEFE DE TRABAJOS PR\\u00c1CTICOS\"],[\"Montenegro, Angel Antonio\",\"PROFESOR ADJUNTO\"],[\"Pinto, Oscar Alejandro \",\"AYUDANTE DE 1\\u00ba DIPLOMADO\"],[\"Ra\\u00f1a, Erica\",\"PROFESOR ADJUNTO\"],[\"Togo,  Pablo Sebasti\\u00e1n \",\"AYUDANTE DE 1\\u00ba DIPLOMADO\"],[\"Villalba, Gustavo Ariel\",\"AYUDANTE DE 1\\u00ba DIPLOMADO\"],[\"Werenitzky, Daniel\",\"PROFESOR ASOCIADO\"]],[{\"row\":0,\"col\":0,\"visualRow\":0,\"visualCol\":0,\"prop\":0,\"jtcellstyle\":{\"font-weight\":\"bold\"}},{\"row\":0,\"col\":1,\"visualRow\":0,\"visualCol\":1,\"prop\":1,\"jtcellstyle\":{\"font-weight\":\"bold\"}},{\"row\":1,\"col\":0,\"visualRow\":1,\"visualCol\":0,\"prop\":0},{\"row\":1,\"col\":1,\"visualRow\":1,\"visualCol\":1,\"prop\":1},{\"row\":2,\"col\":0,\"visualRow\":2,\"visualCol\":0,\"prop\":0},{\"row\":2,\"col\":1,\"visualRow\":2,\"visualCol\":1,\"prop\":1},{\"row\":3,\"col\":0,\"visualRow\":3,\"visualCol\":0,\"prop\":0},{\"row\":3,\"col\":1,\"visualRow\":3,\"visualCol\":1,\"prop\":1},{\"row\":4,\"col\":0,\"visualRow\":4,\"visualCol\":0,\"prop\":0},{\"row\":4,\"col\":1,\"visualRow\":4,\"visualCol\":1,\"prop\":1},{\"row\":5,\"col\":0,\"visualRow\":5,\"visualCol\":0,\"prop\":0},{\"row\":5,\"col\":1,\"visualRow\":5,\"visualCol\":1,\"prop\":1},{\"row\":6,\"col\":0,\"visualRow\":6,\"visualCol\":0,\"prop\":0},{\"row\":6,\"col\":1,\"visualRow\":6,\"visualCol\":1,\"prop\":1},{\"row\":7,\"col\":0,\"visualRow\":7,\"visualCol\":0,\"prop\":0},{\"row\":7,\"col\":1,\"visualRow\":7,\"visualCol\":1,\"prop\":1},{\"row\":8,\"col\":0,\"visualRow\":8,\"visualCol\":0,\"prop\":0},{\"row\":8,\"col\":1,\"visualRow\":8,\"visualCol\":1,\"prop\":1},{\"row\":9,\"col\":0,\"visualRow\":9,\"visualCol\":0,\"prop\":0},{\"row\":9,\"col\":1,\"visualRow\":9,\"visualCol\":1,\"prop\":1},{\"row\":10,\"col\":0,\"visualRow\":10,\"visualCol\":0,\"prop\":0},{\"row\":10,\"col\":1,\"visualRow\":10,\"visualCol\":1,\"prop\":1},{\"row\":11,\"col\":0,\"visualRow\":11,\"visualCol\":0,\"prop\":0},{\"row\":11,\"col\":1,\"visualRow\":11,\"visualCol\":1,\"prop\":1},{\"row\":12,\"col\":0,\"visualRow\":12,\"visualCol\":0,\"prop\":0},{\"row\":12,\"col\":1,\"visualRow\":12,\"visualCol\":1,\"prop\":1},{\"row\":13,\"col\":0,\"visualRow\":13,\"visualCol\":0,\"prop\":0},{\"row\":13,\"col\":1,\"visualRow\":13,\"visualCol\":1,\"prop\":1},{\"row\":14,\"col\":0,\"visualRow\":14,\"visualCol\":0,\"prop\":0},{\"row\":14,\"col\":1,\"visualRow\":14,\"visualCol\":1,\"prop\":1},{\"row\":15,\"col\":0,\"visualRow\":15,\"visualCol\":0,\"prop\":0},{\"row\":15,\"col\":1,\"visualRow\":15,\"visualCol\":1,\"prop\":1},{\"row\":16,\"col\":0,\"visualRow\":16,\"visualCol\":0,\"prop\":0},{\"row\":16,\"col\":1,\"visualRow\":16,\"visualCol\":1,\"prop\":1}],[],[]]<\/textarea><textarea data-jtrt-table-id='17652' id='jtrt_table_bps_17652' cols='30' rows='10'>[]<\/textarea><\/div><table id='jtrt_table_17652' data-sorting='false' data-paging='false' data-paging-size='25' data-paging-menu='10,25,50,100' data-filtering='true' data-jtrt-table-id='17652' class='jtrt-table  ' ><thead><tr><th>APELLIDO Y NOMBRES<\/th><th>CARGO <\/th><\/tr><\/thead><tbody><tr><td><span class='stackedheadtitlejt' style='font-weight:bold;'>APELLIDO Y NOMBRES:<\/span><br>Abdala, Gabriela<\/td><td><span class='stackedheadtitlejt' style='font-weight:bold;'>CARGO :<\/span><br>AYUDANTE DE 1\u00ba DIPLOMADO<\/td><\/tr><tr><td><span class='stackedheadtitlejt' style='font-weight:bold;'>APELLIDO Y NOMBRES:<\/span><br>Biasoni, Enrique <\/td><td><span class='stackedheadtitlejt' style='font-weight:bold;'>CARGO :<\/span><br>PROFESOR ADJUNTO (CONTRATADO)<\/td><\/tr><tr><td><span class='stackedheadtitlejt' style='font-weight:bold;'>APELLIDO Y NOMBRES:<\/span><br>Catt\u00e1neo, Carlos<\/td><td><span class='stackedheadtitlejt' style='font-weight:bold;'>CARGO :<\/span><br>PROFESOR ASOCIADO<\/td><\/tr><tr><td><span class='stackedheadtitlejt' style='font-weight:bold;'>APELLIDO Y NOMBRES:<\/span><br>Chaillou, Lucrecia<\/td><td><span class='stackedheadtitlejt' style='font-weight:bold;'>CARGO :<\/span><br>PROFESOR ADJUNTO<\/td><\/tr><tr><td><span class='stackedheadtitlejt' style='font-weight:bold;'>APELLIDO Y NOMBRES:<\/span><br>Corval\u00e1n, Valeria A. <\/td><td><span class='stackedheadtitlejt' style='font-weight:bold;'>CARGO :<\/span><br>AYUDANTE DE 1\u00ba DIPLOMADO (CONTRATADO)<\/td><\/tr><tr><td><span class='stackedheadtitlejt' style='font-weight:bold;'>APELLIDO Y NOMBRES:<\/span><br>Costa Mac\u00edas, Karina Eliana<\/td><td><span class='stackedheadtitlejt' style='font-weight:bold;'>CARGO :<\/span><br>AYUDANTE DE 1\u00ba DIPLOMADO (CONTRATADO)<\/td><\/tr><tr><td><span class='stackedheadtitlejt' style='font-weight:bold;'>APELLIDO Y NOMBRES:<\/span><br>G\u00f3mez, Jos\u00e9 Ismael<\/td><td><span class='stackedheadtitlejt' style='font-weight:bold;'>CARGO :<\/span><br>PROFESOR ASOCIADO<\/td><\/tr><tr><td><span class='stackedheadtitlejt' style='font-weight:bold;'>APELLIDO Y NOMBRES:<\/span><br>Ju\u00e1rez, Pedro<\/td><td><span class='stackedheadtitlejt' style='font-weight:bold;'>CARGO :<\/span><br>JEFE DE TRABAJOS PR\u00c1CTICOS<\/td><\/tr><tr><td><span class='stackedheadtitlejt' style='font-weight:bold;'>APELLIDO Y NOMBRES:<\/span><br>Larcher, Ledda<\/td><td><span class='stackedheadtitlejt' style='font-weight:bold;'>CARGO :<\/span><br>PROFESOR ADJUNTO<\/td><\/tr><tr><td><span class='stackedheadtitlejt' style='font-weight:bold;'>APELLIDO Y NOMBRES:<\/span><br>Lutfi, Dar\u00edo Jos\u00e9<\/td><td><span class='stackedheadtitlejt' style='font-weight:bold;'>CARGO :<\/span><br>JEFE DE TRABAJOS PR\u00c1CTICOS<\/td><\/tr><tr><td><span class='stackedheadtitlejt' style='font-weight:bold;'>APELLIDO Y NOMBRES:<\/span><br>Montenegro, Angel Antonio<\/td><td><span class='stackedheadtitlejt' style='font-weight:bold;'>CARGO :<\/span><br>PROFESOR ADJUNTO<\/td><\/tr><tr><td><span class='stackedheadtitlejt' style='font-weight:bold;'>APELLIDO Y NOMBRES:<\/span><br>Pinto, Oscar Alejandro <\/td><td><span class='stackedheadtitlejt' style='font-weight:bold;'>CARGO :<\/span><br>AYUDANTE DE 1\u00ba DIPLOMADO<\/td><\/tr><tr><td><span class='stackedheadtitlejt' style='font-weight:bold;'>APELLIDO Y NOMBRES:<\/span><br>Ra\u00f1a, Erica<\/td><td><span class='stackedheadtitlejt' style='font-weight:bold;'>CARGO :<\/span><br>PROFESOR ADJUNTO<\/td><\/tr><tr><td><span class='stackedheadtitlejt' style='font-weight:bold;'>APELLIDO Y NOMBRES:<\/span><br>Togo,  Pablo Sebasti\u00e1n <\/td><td><span class='stackedheadtitlejt' style='font-weight:bold;'>CARGO :<\/span><br>AYUDANTE DE 1\u00ba DIPLOMADO<\/td><\/tr><tr><td><span class='stackedheadtitlejt' style='font-weight:bold;'>APELLIDO Y NOMBRES:<\/span><br>Villalba, Gustavo Ariel<\/td><td><span class='stackedheadtitlejt' style='font-weight:bold;'>CARGO :<\/span><br>AYUDANTE DE 1\u00ba DIPLOMADO<\/td><\/tr><tr><td><span class='stackedheadtitlejt' style='font-weight:bold;'>APELLIDO Y NOMBRES:<\/span><br>Werenitzky, Daniel<\/td><td><span class='stackedheadtitlejt' style='font-weight:bold;'>CARGO :<\/span><br>PROFESOR ASOCIADO<\/td><\/tr><\/tbody><\/table><\/div><\/div>[\/vc_column_text][\/vc_column][\/vc_row][vc_row css_animation=&#8221;&#8221; row_type=&#8221;row&#8221; use_row_as_full_screen_section=&#8221;no&#8221; type=&#8221;full_width&#8221; angled_section=&#8221;no&#8221; text_align=&#8221;left&#8221; background_image_as_pattern=&#8221;without_pattern&#8221;][vc_column][vc_empty_space height=&#8221;50&#8243;][\/vc_column][\/vc_row]<\/p>\n","protected":false},"excerpt":{"rendered":"<p>[vc_row css_animation=&#8221;&#8221; row_type=&#8221;row&#8221; use_row_as_full_screen_section=&#8221;no&#8221; type=&#8221;full_width&#8221; angled_section=&#8221;no&#8221; text_align=&#8221;left&#8221; background_image_as_pattern=&#8221;without_pattern&#8221; css=&#8221;.vc_custom_1547737857237{margin-bottom: 50px !important;}&#8221; z_index=&#8221;&#8221;][vc_column][vc_column_text] A cargo del Lic. Carlos Cattaneo. [\/vc_column_text][\/vc_column][\/vc_row][vc_row css_animation=&#8221;&#8221; row_type=&#8221;row&#8221; use_row_as_full_screen_section=&#8221;no&#8221; type=&#8221;full_width&#8221; angled_section=&#8221;no&#8221; text_align=&#8221;left&#8221; background_image_as_pattern=&#8221;without_pattern&#8221;][vc_column][vc_column_text][\/vc_column_text][\/vc_column][\/vc_row][vc_row css_animation=&#8221;&#8221; row_type=&#8221;row&#8221; use_row_as_full_screen_section=&#8221;no&#8221; type=&#8221;full_width&#8221; angled_section=&#8221;no&#8221; text_align=&#8221;left&#8221; background_image_as_pattern=&#8221;without_pattern&#8221;][vc_column][vc_empty_space height=&#8221;50&#8243;][\/vc_column][\/vc_row]<\/p>\n","protected":false},"author":2,"featured_media":0,"parent":0,"menu_order":0,"comment_status":"closed","ping_status":"closed","template":"","meta":{"_mi_skip_tracking":false},"yoast_head":"<!-- This site is optimized with the Yoast SEO plugin v17.7.1 - https:\/\/yoast.com\/wordpress\/plugins\/seo\/ -->\n<meta name=\"robots\" content=\"index, follow, max-snippet:-1, max-image-preview:large, max-video-preview:-1\" \/>\n<link rel=\"canonical\" href=\"https:\/\/faya.unse.edu.ar\/index.php\/departamento-fisico-matematico\/\" \/>\n<meta property=\"og:locale\" content=\"es_ES\" \/>\n<meta property=\"og:type\" content=\"article\" \/>\n<meta property=\"og:title\" content=\"Departamento F\u00edsico-Matem\u00e1tico | Facultad de Agronom\u00eda y Agroindustrias UNSE | FAyA UNSE\" \/>\n<meta property=\"og:description\" content=\"[vc_row css_animation=&#8221;&#8221; row_type=&#8221;row&#8221; use_row_as_full_screen_section=&#8221;no&#8221; type=&#8221;full_width&#8221; angled_section=&#8221;no&#8221; text_align=&#8221;left&#8221; background_image_as_pattern=&#8221;without_pattern&#8221; css=&#8221;.vc_custom_1547737857237{margin-bottom: 50px !important;}&#8221; z_index=&#8221;&#8221;][vc_column][vc_column_text] A cargo del Lic. Carlos Cattaneo. [\/vc_column_text][\/vc_column][\/vc_row][vc_row css_animation=&#8221;&#8221; row_type=&#8221;row&#8221; use_row_as_full_screen_section=&#8221;no&#8221; type=&#8221;full_width&#8221; angled_section=&#8221;no&#8221; text_align=&#8221;left&#8221; background_image_as_pattern=&#8221;without_pattern&#8221;][vc_column][vc_column_text][\/vc_column_text][\/vc_column][\/vc_row][vc_row css_animation=&#8221;&#8221; row_type=&#8221;row&#8221; use_row_as_full_screen_section=&#8221;no&#8221; type=&#8221;full_width&#8221; angled_section=&#8221;no&#8221; text_align=&#8221;left&#8221; background_image_as_pattern=&#8221;without_pattern&#8221;][vc_column][vc_empty_space height=&#8221;50&#8243;][\/vc_column][\/vc_row]\" \/>\n<meta property=\"og:url\" content=\"https:\/\/faya.unse.edu.ar\/index.php\/departamento-fisico-matematico\/\" \/>\n<meta property=\"og:site_name\" content=\"Facultad de Agronom\u00eda y Agroindustrias UNSE | FAyA UNSE\" \/>\n<meta property=\"article:publisher\" content=\"https:\/\/www.facebook.com\/agroUNSE\/\" \/>\n<meta property=\"article:modified_time\" content=\"2019-01-17T15:16:12+00:00\" \/>\n<meta name=\"twitter:card\" content=\"summary_large_image\" \/>\n<meta name=\"twitter:site\" content=\"@fayaunse\" \/>\n<meta name=\"twitter:label1\" content=\"Tiempo de lectura\" \/>\n\t<meta name=\"twitter:data1\" content=\"1 minuto\" \/>\n<script type=\"application\/ld+json\" class=\"yoast-schema-graph\">{\"@context\":\"https:\/\/schema.org\",\"@graph\":[{\"@type\":\"WebSite\",\"@id\":\"https:\/\/faya.unse.edu.ar\/#website\",\"url\":\"https:\/\/faya.unse.edu.ar\/\",\"name\":\"Facultad de Agronom\\u00eda y Agroindustrias UNSE | FAyA UNSE\",\"description\":\"\",\"potentialAction\":[{\"@type\":\"SearchAction\",\"target\":{\"@type\":\"EntryPoint\",\"urlTemplate\":\"https:\/\/faya.unse.edu.ar\/?s={search_term_string}\"},\"query-input\":\"required name=search_term_string\"}],\"inLanguage\":\"es-AR\"},{\"@type\":\"WebPage\",\"@id\":\"https:\/\/faya.unse.edu.ar\/index.php\/departamento-fisico-matematico\/#webpage\",\"url\":\"https:\/\/faya.unse.edu.ar\/index.php\/departamento-fisico-matematico\/\",\"name\":\"Departamento F\\u00edsico-Matem\\u00e1tico | Facultad de Agronom\\u00eda y Agroindustrias UNSE | FAyA UNSE\",\"isPartOf\":{\"@id\":\"https:\/\/faya.unse.edu.ar\/#website\"},\"datePublished\":\"2019-01-17T15:11:42+00:00\",\"dateModified\":\"2019-01-17T15:16:12+00:00\",\"breadcrumb\":{\"@id\":\"https:\/\/faya.unse.edu.ar\/index.php\/departamento-fisico-matematico\/#breadcrumb\"},\"inLanguage\":\"es-AR\",\"potentialAction\":[{\"@type\":\"ReadAction\",\"target\":[\"https:\/\/faya.unse.edu.ar\/index.php\/departamento-fisico-matematico\/\"]}]},{\"@type\":\"BreadcrumbList\",\"@id\":\"https:\/\/faya.unse.edu.ar\/index.php\/departamento-fisico-matematico\/#breadcrumb\",\"itemListElement\":[{\"@type\":\"ListItem\",\"position\":1,\"name\":\"Home\",\"item\":\"https:\/\/faya.unse.edu.ar\/\"},{\"@type\":\"ListItem\",\"position\":2,\"name\":\"Departamento F\\u00edsico-Matem\\u00e1tico\"}]}]}<\/script>\n<!-- \/ Yoast SEO plugin. -->","yoast_head_json":{"robots":{"index":"index","follow":"follow","max-snippet":"max-snippet:-1","max-image-preview":"max-image-preview:large","max-video-preview":"max-video-preview:-1"},"canonical":"https:\/\/faya.unse.edu.ar\/index.php\/departamento-fisico-matematico\/","og_locale":"es_ES","og_type":"article","og_title":"Departamento F\u00edsico-Matem\u00e1tico | Facultad de Agronom\u00eda y Agroindustrias UNSE | FAyA UNSE","og_description":"[vc_row css_animation=&#8221;&#8221; row_type=&#8221;row&#8221; use_row_as_full_screen_section=&#8221;no&#8221; type=&#8221;full_width&#8221; angled_section=&#8221;no&#8221; text_align=&#8221;left&#8221; background_image_as_pattern=&#8221;without_pattern&#8221; css=&#8221;.vc_custom_1547737857237{margin-bottom: 50px !important;}&#8221; z_index=&#8221;&#8221;][vc_column][vc_column_text] A cargo del Lic. Carlos Cattaneo. [\/vc_column_text][\/vc_column][\/vc_row][vc_row css_animation=&#8221;&#8221; row_type=&#8221;row&#8221; use_row_as_full_screen_section=&#8221;no&#8221; type=&#8221;full_width&#8221; angled_section=&#8221;no&#8221; text_align=&#8221;left&#8221; background_image_as_pattern=&#8221;without_pattern&#8221;][vc_column][vc_column_text][\/vc_column_text][\/vc_column][\/vc_row][vc_row css_animation=&#8221;&#8221; row_type=&#8221;row&#8221; use_row_as_full_screen_section=&#8221;no&#8221; type=&#8221;full_width&#8221; angled_section=&#8221;no&#8221; text_align=&#8221;left&#8221; background_image_as_pattern=&#8221;without_pattern&#8221;][vc_column][vc_empty_space height=&#8221;50&#8243;][\/vc_column][\/vc_row]","og_url":"https:\/\/faya.unse.edu.ar\/index.php\/departamento-fisico-matematico\/","og_site_name":"Facultad de Agronom\u00eda y Agroindustrias UNSE | FAyA UNSE","article_publisher":"https:\/\/www.facebook.com\/agroUNSE\/","article_modified_time":"2019-01-17T15:16:12+00:00","twitter_card":"summary_large_image","twitter_site":"@fayaunse","twitter_misc":{"Tiempo de lectura":"1 minuto"},"schema":{"@context":"https:\/\/schema.org","@graph":[{"@type":"WebSite","@id":"https:\/\/faya.unse.edu.ar\/#website","url":"https:\/\/faya.unse.edu.ar\/","name":"Facultad de Agronom\u00eda y Agroindustrias UNSE | FAyA UNSE","description":"","potentialAction":[{"@type":"SearchAction","target":{"@type":"EntryPoint","urlTemplate":"https:\/\/faya.unse.edu.ar\/?s={search_term_string}"},"query-input":"required name=search_term_string"}],"inLanguage":"es-AR"},{"@type":"WebPage","@id":"https:\/\/faya.unse.edu.ar\/index.php\/departamento-fisico-matematico\/#webpage","url":"https:\/\/faya.unse.edu.ar\/index.php\/departamento-fisico-matematico\/","name":"Departamento F\u00edsico-Matem\u00e1tico | Facultad de Agronom\u00eda y Agroindustrias UNSE | FAyA UNSE","isPartOf":{"@id":"https:\/\/faya.unse.edu.ar\/#website"},"datePublished":"2019-01-17T15:11:42+00:00","dateModified":"2019-01-17T15:16:12+00:00","breadcrumb":{"@id":"https:\/\/faya.unse.edu.ar\/index.php\/departamento-fisico-matematico\/#breadcrumb"},"inLanguage":"es-AR","potentialAction":[{"@type":"ReadAction","target":["https:\/\/faya.unse.edu.ar\/index.php\/departamento-fisico-matematico\/"]}]},{"@type":"BreadcrumbList","@id":"https:\/\/faya.unse.edu.ar\/index.php\/departamento-fisico-matematico\/#breadcrumb","itemListElement":[{"@type":"ListItem","position":1,"name":"Home","item":"https:\/\/faya.unse.edu.ar\/"},{"@type":"ListItem","position":2,"name":"Departamento F\u00edsico-Matem\u00e1tico"}]}]}},"_links":{"self":[{"href":"https:\/\/faya.unse.edu.ar\/index.php\/wp-json\/wp\/v2\/pages\/17653"}],"collection":[{"href":"https:\/\/faya.unse.edu.ar\/index.php\/wp-json\/wp\/v2\/pages"}],"about":[{"href":"https:\/\/faya.unse.edu.ar\/index.php\/wp-json\/wp\/v2\/types\/page"}],"author":[{"embeddable":true,"href":"https:\/\/faya.unse.edu.ar\/index.php\/wp-json\/wp\/v2\/users\/2"}],"replies":[{"embeddable":true,"href":"https:\/\/faya.unse.edu.ar\/index.php\/wp-json\/wp\/v2\/comments?post=17653"}],"version-history":[{"count":7,"href":"https:\/\/faya.unse.edu.ar\/index.php\/wp-json\/wp\/v2\/pages\/17653\/revisions"}],"predecessor-version":[{"id":17662,"href":"https:\/\/faya.unse.edu.ar\/index.php\/wp-json\/wp\/v2\/pages\/17653\/revisions\/17662"}],"wp:attachment":[{"href":"https:\/\/faya.unse.edu.ar\/index.php\/wp-json\/wp\/v2\/media?parent=17653"}],"curies":[{"name":"wp","href":"https:\/\/api.w.org\/{rel}","templated":true}]}}