{"id":17676,"date":"2019-01-17T20:07:29","date_gmt":"2019-01-17T23:07:29","guid":{"rendered":"http:\/\/faya.unse.edu.ar\/?page_id=17676"},"modified":"2019-01-17T20:07:29","modified_gmt":"2019-01-17T23:07:29","slug":"departamento-ingenieria-basica-y-de-procesos","status":"publish","type":"page","link":"https:\/\/faya.unse.edu.ar\/index.php\/departamento-ingenieria-basica-y-de-procesos\/","title":{"rendered":"Departamento de Ingenier\u00eda B\u00e1sica y de Procesos"},"content":{"rendered":"<p>[vc_row css_animation=&#8221;&#8221; row_type=&#8221;row&#8221; use_row_as_full_screen_section=&#8221;no&#8221; type=&#8221;full_width&#8221; angled_section=&#8221;no&#8221; text_align=&#8221;left&#8221; background_image_as_pattern=&#8221;without_pattern&#8221; css=&#8221;.vc_custom_1547737857237{margin-bottom: 50px !important;}&#8221; z_index=&#8221;&#8221;][vc_column][vc_column_text]<\/p>\n<h3 class=\"Estilo1\" style=\"text-align: center;\">A cargo de la Ing. Mar\u00eda Mercedes Paz.<\/h3>\n<p>[\/vc_column_text][\/vc_column][\/vc_row][vc_row css_animation=&#8221;&#8221; row_type=&#8221;row&#8221; use_row_as_full_screen_section=&#8221;no&#8221; type=&#8221;full_width&#8221; angled_section=&#8221;no&#8221; text_align=&#8221;left&#8221; background_image_as_pattern=&#8221;without_pattern&#8221;][vc_column][vc_column_text]<div class='jtrt_table_MotherShipContainer'><div class='jtTableContainer jtrespo-stack highlightRows ' data-jtrt-stack-width='500'><div class='jtsettingcontainer' style='display:none;position:absolute;left:-9999px;'><textarea data-jtrt-table-id='17675' id='jtrt_table_settings_17675' cols='30' rows='10'>[[[\"APELLIDO Y NOMBRES\",\"CARGO\"],[\"Banegas, Marta R \",\"PROFESOR ADJUNTO (CONTRATADO)\"],[\"Coronel, Eve Liz \",\"PROFESOR ASOCIADO\"],[\"Costa Mac\\u00edas, Karina Eliana \",\"AYUDANTE DE 1\\u00ba DIPLOMADO (CONTRATADO)\"],[\"Frau, Florencia \",\"PROFESOR ADJUNTO (CONTRATADO)\"],[\"Garc\\u00eda, Luis Humberto\",\"PROFESOR ADJUNTO\"],[\"Ju\\u00e1rez, Sandra Magal\\u00ed\",\"AYUDANTE DE 1\\u00ba DIPLOMADO\"],[\"Kvapil, Mar\\u00eda Florencia\",\"AYUDANTE DE 1\\u00ba DIPLOMADO (CONTRATADO)\"],[\"Larcher, Guido Alfredo\",\"PROFESOR ADJUNTO\"],[\"Lema, Andr\\u00e9s\",\"PROFESOR ADJUNTO\"],[\"Lescano, Lara Valeria\",\"JEFE DE TRABAJOS PRACTICOS\"],[\"Lescano, Natalia Emilce\",\"AYUDANTE DE 1\\u00ba DIPLOMADO (CONTRATADO)\"],[\"Mar\\u00edinez, Sandra Luz \",\"PROFESOR ADJUNTO\"],[\"Mazzola, Mariana \",\"AYUDANTE DE 1\\u00ba DIPLOMADO (CONTRATADO)\"],[\"Moya, Gabriela Alejandra\",\"JEFE DE TRABAJOS PRACTICOS (CONTRATADO)\"],[\"Neme, Hector \",\"PROFESOR ADJUNTO\"],[\"Paz, Mar\\u00eda Mercedes\",\"PROFESOR ADJUNTO\"],[\"Pece Nora\",\"PROFESOR ASOCIADO\"],[\"Pece, Francisco\",\"JEFE DE TRABAJOS PRACTICOS\"],[\"Questa, Ana Gabriela\",\"PROFESOR ASOCIADO\"],[\"Rosas, Domingo Alberto \",\"PROFESOR ADJUNTO (CONTRATADO)\"],[\"Ruiz Lopez, Gustavo Adolfo\",\"AYUDANTE DE 1\\u00ba DIPLOMADO (CONTRATADO)\"],[\"Salto, Hector Javier\",\"PROFESOR ADJUNTO\"],[\"Scrimini, Mart\\u00edn\",\"AYUDANTE DE 1\\u00ba DIPLOMADO\"],[\"Su\\u00e1rez, Karina Gabriela\",\"JEFE DE TRABAJOS PRACTICOS\"],[\"Taboada Natalia \",\"AYUDANTE DE 1\\u00ba DIPLOMADO (CONTRATADO)\"],[\"Torales, Catalina\",\"JEFE DE TRABAJOS PRACTICOS\"],[\"Villarreal, Myriam Elizabeth\",\"PROFESOR ASOCIADO\"]],[{\"row\":0,\"col\":0,\"visualRow\":0,\"visualCol\":0,\"prop\":0,\"jtcellstyle\":{\"font-weight\":\"bold\"}},{\"row\":0,\"col\":1,\"visualRow\":0,\"visualCol\":1,\"prop\":1,\"jtcellstyle\":{\"font-weight\":\"bold\"}},{\"row\":1,\"col\":0,\"visualRow\":1,\"visualCol\":0,\"prop\":0},{\"row\":1,\"col\":1,\"visualRow\":1,\"visualCol\":1,\"prop\":1},{\"row\":2,\"col\":0,\"visualRow\":2,\"visualCol\":0,\"prop\":0},{\"row\":2,\"col\":1,\"visualRow\":2,\"visualCol\":1,\"prop\":1},{\"row\":3,\"col\":0,\"visualRow\":3,\"visualCol\":0,\"prop\":0},{\"row\":3,\"col\":1,\"visualRow\":3,\"visualCol\":1,\"prop\":1},{\"row\":4,\"col\":0,\"visualRow\":4,\"visualCol\":0,\"prop\":0},{\"row\":4,\"col\":1,\"visualRow\":4,\"visualCol\":1,\"prop\":1},{\"row\":5,\"col\":0,\"visualRow\":5,\"visualCol\":0,\"prop\":0},{\"row\":5,\"col\":1,\"visualRow\":5,\"visualCol\":1,\"prop\":1},{\"row\":6,\"col\":0,\"visualRow\":6,\"visualCol\":0,\"prop\":0},{\"row\":6,\"col\":1,\"visualRow\":6,\"visualCol\":1,\"prop\":1},{\"row\":7,\"col\":0,\"visualRow\":7,\"visualCol\":0,\"prop\":0},{\"row\":7,\"col\":1,\"visualRow\":7,\"visualCol\":1,\"prop\":1},{\"row\":8,\"col\":0,\"visualRow\":8,\"visualCol\":0,\"prop\":0},{\"row\":8,\"col\":1,\"visualRow\":8,\"visualCol\":1,\"prop\":1},{\"row\":9,\"col\":0,\"visualRow\":9,\"visualCol\":0,\"prop\":0},{\"row\":9,\"col\":1,\"visualRow\":9,\"visualCol\":1,\"prop\":1},{\"row\":10,\"col\":0,\"visualRow\":10,\"visualCol\":0,\"prop\":0},{\"row\":10,\"col\":1,\"visualRow\":10,\"visualCol\":1,\"prop\":1},{\"row\":11,\"col\":0,\"visualRow\":11,\"visualCol\":0,\"prop\":0},{\"row\":11,\"col\":1,\"visualRow\":11,\"visualCol\":1,\"prop\":1},{\"row\":12,\"col\":0,\"visualRow\":12,\"visualCol\":0,\"prop\":0},{\"row\":12,\"col\":1,\"visualRow\":12,\"visualCol\":1,\"prop\":1},{\"row\":13,\"col\":0,\"visualRow\":13,\"visualCol\":0,\"prop\":0},{\"row\":13,\"col\":1,\"visualRow\":13,\"visualCol\":1,\"prop\":1},{\"row\":14,\"col\":0,\"visualRow\":14,\"visualCol\":0,\"prop\":0},{\"row\":14,\"col\":1,\"visualRow\":14,\"visualCol\":1,\"prop\":1},{\"row\":15,\"col\":0,\"visualRow\":15,\"visualCol\":0,\"prop\":0},{\"row\":15,\"col\":1,\"visualRow\":15,\"visualCol\":1,\"prop\":1},{\"row\":16,\"col\":0,\"visualRow\":16,\"visualCol\":0,\"prop\":0},{\"row\":16,\"col\":1,\"visualRow\":16,\"visualCol\":1,\"prop\":1},{\"row\":17,\"col\":0,\"visualRow\":17,\"visualCol\":0,\"prop\":0},{\"row\":17,\"col\":1,\"visualRow\":17,\"visualCol\":1,\"prop\":1},{\"row\":18,\"col\":0,\"visualRow\":18,\"visualCol\":0,\"prop\":0},{\"row\":18,\"col\":1,\"visualRow\":18,\"visualCol\":1,\"prop\":1},{\"row\":19,\"col\":0,\"visualRow\":19,\"visualCol\":0,\"prop\":0},{\"row\":19,\"col\":1,\"visualRow\":19,\"visualCol\":1,\"prop\":1},{\"row\":20,\"col\":0,\"visualRow\":20,\"visualCol\":0,\"prop\":0},{\"row\":20,\"col\":1,\"visualRow\":20,\"visualCol\":1,\"prop\":1},{\"row\":21,\"col\":0,\"visualRow\":21,\"visualCol\":0,\"prop\":0},{\"row\":21,\"col\":1,\"visualRow\":21,\"visualCol\":1,\"prop\":1},{\"row\":22,\"col\":0,\"visualRow\":22,\"visualCol\":0,\"prop\":0},{\"row\":22,\"col\":1,\"visualRow\":22,\"visualCol\":1,\"prop\":1},{\"row\":23,\"col\":0,\"visualRow\":23,\"visualCol\":0,\"prop\":0},{\"row\":23,\"col\":1,\"visualRow\":23,\"visualCol\":1,\"prop\":1},{\"row\":24,\"col\":0,\"visualRow\":24,\"visualCol\":0,\"prop\":0},{\"row\":24,\"col\":1,\"visualRow\":24,\"visualCol\":1,\"prop\":1},{\"row\":25,\"col\":0,\"visualRow\":25,\"visualCol\":0,\"prop\":0},{\"row\":25,\"col\":1,\"visualRow\":25,\"visualCol\":1,\"prop\":1},{\"row\":26,\"col\":0,\"visualRow\":26,\"visualCol\":0,\"prop\":0},{\"row\":26,\"col\":1,\"visualRow\":26,\"visualCol\":1,\"prop\":1},{\"row\":27,\"col\":0,\"visualRow\":27,\"visualCol\":0,\"prop\":0},{\"row\":27,\"col\":1,\"visualRow\":27,\"visualCol\":1,\"prop\":1}],[],[]]<\/textarea><textarea data-jtrt-table-id='17675' id='jtrt_table_bps_17675' cols='30' rows='10'>[]<\/textarea><\/div><table id='jtrt_table_17675' data-sorting='false' data-paging='false' data-paging-size='25' data-paging-menu='10,25,50,100' data-filtering='true' data-jtrt-table-id='17675' class='jtrt-table  ' ><thead><tr><th>APELLIDO Y NOMBRES<\/th><th>CARGO<\/th><\/tr><\/thead><tbody><tr><td><span class='stackedheadtitlejt' style='font-weight:bold;'>APELLIDO Y NOMBRES:<\/span><br>Banegas, Marta R <\/td><td><span class='stackedheadtitlejt' style='font-weight:bold;'>CARGO:<\/span><br>PROFESOR ADJUNTO (CONTRATADO)<\/td><\/tr><tr><td><span class='stackedheadtitlejt' style='font-weight:bold;'>APELLIDO Y NOMBRES:<\/span><br>Coronel, Eve Liz <\/td><td><span class='stackedheadtitlejt' style='font-weight:bold;'>CARGO:<\/span><br>PROFESOR ASOCIADO<\/td><\/tr><tr><td><span class='stackedheadtitlejt' style='font-weight:bold;'>APELLIDO Y NOMBRES:<\/span><br>Costa Mac\u00edas, Karina Eliana <\/td><td><span class='stackedheadtitlejt' style='font-weight:bold;'>CARGO:<\/span><br>AYUDANTE DE 1\u00ba DIPLOMADO (CONTRATADO)<\/td><\/tr><tr><td><span class='stackedheadtitlejt' style='font-weight:bold;'>APELLIDO Y NOMBRES:<\/span><br>Frau, Florencia <\/td><td><span class='stackedheadtitlejt' style='font-weight:bold;'>CARGO:<\/span><br>PROFESOR ADJUNTO (CONTRATADO)<\/td><\/tr><tr><td><span class='stackedheadtitlejt' style='font-weight:bold;'>APELLIDO Y NOMBRES:<\/span><br>Garc\u00eda, Luis Humberto<\/td><td><span class='stackedheadtitlejt' style='font-weight:bold;'>CARGO:<\/span><br>PROFESOR ADJUNTO<\/td><\/tr><tr><td><span class='stackedheadtitlejt' style='font-weight:bold;'>APELLIDO Y NOMBRES:<\/span><br>Ju\u00e1rez, Sandra Magal\u00ed<\/td><td><span class='stackedheadtitlejt' style='font-weight:bold;'>CARGO:<\/span><br>AYUDANTE DE 1\u00ba DIPLOMADO<\/td><\/tr><tr><td><span class='stackedheadtitlejt' style='font-weight:bold;'>APELLIDO Y NOMBRES:<\/span><br>Kvapil, Mar\u00eda Florencia<\/td><td><span class='stackedheadtitlejt' style='font-weight:bold;'>CARGO:<\/span><br>AYUDANTE DE 1\u00ba DIPLOMADO (CONTRATADO)<\/td><\/tr><tr><td><span class='stackedheadtitlejt' style='font-weight:bold;'>APELLIDO Y NOMBRES:<\/span><br>Larcher, Guido Alfredo<\/td><td><span class='stackedheadtitlejt' style='font-weight:bold;'>CARGO:<\/span><br>PROFESOR ADJUNTO<\/td><\/tr><tr><td><span class='stackedheadtitlejt' style='font-weight:bold;'>APELLIDO Y NOMBRES:<\/span><br>Lema, Andr\u00e9s<\/td><td><span class='stackedheadtitlejt' style='font-weight:bold;'>CARGO:<\/span><br>PROFESOR ADJUNTO<\/td><\/tr><tr><td><span class='stackedheadtitlejt' style='font-weight:bold;'>APELLIDO Y NOMBRES:<\/span><br>Lescano, Lara Valeria<\/td><td><span class='stackedheadtitlejt' style='font-weight:bold;'>CARGO:<\/span><br>JEFE DE TRABAJOS PRACTICOS<\/td><\/tr><tr><td><span class='stackedheadtitlejt' style='font-weight:bold;'>APELLIDO Y NOMBRES:<\/span><br>Lescano, Natalia Emilce<\/td><td><span class='stackedheadtitlejt' style='font-weight:bold;'>CARGO:<\/span><br>AYUDANTE DE 1\u00ba DIPLOMADO (CONTRATADO)<\/td><\/tr><tr><td><span class='stackedheadtitlejt' style='font-weight:bold;'>APELLIDO Y NOMBRES:<\/span><br>Mar\u00edinez, Sandra Luz <\/td><td><span class='stackedheadtitlejt' style='font-weight:bold;'>CARGO:<\/span><br>PROFESOR ADJUNTO<\/td><\/tr><tr><td><span class='stackedheadtitlejt' style='font-weight:bold;'>APELLIDO Y NOMBRES:<\/span><br>Mazzola, Mariana <\/td><td><span class='stackedheadtitlejt' style='font-weight:bold;'>CARGO:<\/span><br>AYUDANTE DE 1\u00ba DIPLOMADO (CONTRATADO)<\/td><\/tr><tr><td><span class='stackedheadtitlejt' style='font-weight:bold;'>APELLIDO Y NOMBRES:<\/span><br>Moya, Gabriela Alejandra<\/td><td><span class='stackedheadtitlejt' style='font-weight:bold;'>CARGO:<\/span><br>JEFE DE TRABAJOS PRACTICOS (CONTRATADO)<\/td><\/tr><tr><td><span class='stackedheadtitlejt' style='font-weight:bold;'>APELLIDO Y NOMBRES:<\/span><br>Neme, Hector <\/td><td><span class='stackedheadtitlejt' style='font-weight:bold;'>CARGO:<\/span><br>PROFESOR ADJUNTO<\/td><\/tr><tr><td><span class='stackedheadtitlejt' style='font-weight:bold;'>APELLIDO Y NOMBRES:<\/span><br>Paz, Mar\u00eda Mercedes<\/td><td><span class='stackedheadtitlejt' style='font-weight:bold;'>CARGO:<\/span><br>PROFESOR ADJUNTO<\/td><\/tr><tr><td><span class='stackedheadtitlejt' style='font-weight:bold;'>APELLIDO Y NOMBRES:<\/span><br>Pece Nora<\/td><td><span class='stackedheadtitlejt' style='font-weight:bold;'>CARGO:<\/span><br>PROFESOR ASOCIADO<\/td><\/tr><tr><td><span class='stackedheadtitlejt' style='font-weight:bold;'>APELLIDO Y NOMBRES:<\/span><br>Pece, Francisco<\/td><td><span class='stackedheadtitlejt' style='font-weight:bold;'>CARGO:<\/span><br>JEFE DE TRABAJOS PRACTICOS<\/td><\/tr><tr><td><span class='stackedheadtitlejt' style='font-weight:bold;'>APELLIDO Y NOMBRES:<\/span><br>Questa, Ana Gabriela<\/td><td><span class='stackedheadtitlejt' style='font-weight:bold;'>CARGO:<\/span><br>PROFESOR ASOCIADO<\/td><\/tr><tr><td><span class='stackedheadtitlejt' style='font-weight:bold;'>APELLIDO Y NOMBRES:<\/span><br>Rosas, Domingo Alberto <\/td><td><span class='stackedheadtitlejt' style='font-weight:bold;'>CARGO:<\/span><br>PROFESOR ADJUNTO (CONTRATADO)<\/td><\/tr><tr><td><span class='stackedheadtitlejt' style='font-weight:bold;'>APELLIDO Y NOMBRES:<\/span><br>Ruiz Lopez, Gustavo Adolfo<\/td><td><span class='stackedheadtitlejt' style='font-weight:bold;'>CARGO:<\/span><br>AYUDANTE DE 1\u00ba DIPLOMADO (CONTRATADO)<\/td><\/tr><tr><td><span class='stackedheadtitlejt' style='font-weight:bold;'>APELLIDO Y NOMBRES:<\/span><br>Salto, Hector Javier<\/td><td><span class='stackedheadtitlejt' style='font-weight:bold;'>CARGO:<\/span><br>PROFESOR ADJUNTO<\/td><\/tr><tr><td><span class='stackedheadtitlejt' style='font-weight:bold;'>APELLIDO Y NOMBRES:<\/span><br>Scrimini, Mart\u00edn<\/td><td><span class='stackedheadtitlejt' style='font-weight:bold;'>CARGO:<\/span><br>AYUDANTE DE 1\u00ba DIPLOMADO<\/td><\/tr><tr><td><span class='stackedheadtitlejt' style='font-weight:bold;'>APELLIDO Y NOMBRES:<\/span><br>Su\u00e1rez, Karina Gabriela<\/td><td><span class='stackedheadtitlejt' style='font-weight:bold;'>CARGO:<\/span><br>JEFE DE TRABAJOS PRACTICOS<\/td><\/tr><tr><td><span class='stackedheadtitlejt' style='font-weight:bold;'>APELLIDO Y NOMBRES:<\/span><br>Taboada Natalia <\/td><td><span class='stackedheadtitlejt' style='font-weight:bold;'>CARGO:<\/span><br>AYUDANTE DE 1\u00ba DIPLOMADO (CONTRATADO)<\/td><\/tr><tr><td><span class='stackedheadtitlejt' style='font-weight:bold;'>APELLIDO Y NOMBRES:<\/span><br>Torales, Catalina<\/td><td><span class='stackedheadtitlejt' style='font-weight:bold;'>CARGO:<\/span><br>JEFE DE TRABAJOS PRACTICOS<\/td><\/tr><tr><td><span class='stackedheadtitlejt' style='font-weight:bold;'>APELLIDO Y NOMBRES:<\/span><br>Villarreal, Myriam Elizabeth<\/td><td><span class='stackedheadtitlejt' style='font-weight:bold;'>CARGO:<\/span><br>PROFESOR ASOCIADO<\/td><\/tr><\/tbody><\/table><\/div><\/div>[\/vc_column_text][\/vc_column][\/vc_row][vc_row css_animation=&#8221;&#8221; row_type=&#8221;row&#8221; use_row_as_full_screen_section=&#8221;no&#8221; type=&#8221;full_width&#8221; angled_section=&#8221;no&#8221; text_align=&#8221;left&#8221; background_image_as_pattern=&#8221;without_pattern&#8221;][vc_column][vc_empty_space height=&#8221;50&#8243;][\/vc_column][\/vc_row]<\/p>\n","protected":false},"excerpt":{"rendered":"<p>[vc_row css_animation=&#8221;&#8221; row_type=&#8221;row&#8221; use_row_as_full_screen_section=&#8221;no&#8221; type=&#8221;full_width&#8221; angled_section=&#8221;no&#8221; text_align=&#8221;left&#8221; background_image_as_pattern=&#8221;without_pattern&#8221; css=&#8221;.vc_custom_1547737857237{margin-bottom: 50px !important;}&#8221; z_index=&#8221;&#8221;][vc_column][vc_column_text] A cargo de la Ing. Mar\u00eda Mercedes Paz. [\/vc_column_text][\/vc_column][\/vc_row][vc_row css_animation=&#8221;&#8221; row_type=&#8221;row&#8221; use_row_as_full_screen_section=&#8221;no&#8221; type=&#8221;full_width&#8221; angled_section=&#8221;no&#8221; text_align=&#8221;left&#8221; background_image_as_pattern=&#8221;without_pattern&#8221;][vc_column][vc_column_text][\/vc_column_text][\/vc_column][\/vc_row][vc_row css_animation=&#8221;&#8221; row_type=&#8221;row&#8221; use_row_as_full_screen_section=&#8221;no&#8221; type=&#8221;full_width&#8221; angled_section=&#8221;no&#8221; text_align=&#8221;left&#8221; background_image_as_pattern=&#8221;without_pattern&#8221;][vc_column][vc_empty_space height=&#8221;50&#8243;][\/vc_column][\/vc_row]<\/p>\n","protected":false},"author":2,"featured_media":0,"parent":0,"menu_order":0,"comment_status":"closed","ping_status":"closed","template":"","meta":{"_mi_skip_tracking":false},"yoast_head":"<!-- This site is optimized with the Yoast SEO plugin v17.7.1 - https:\/\/yoast.com\/wordpress\/plugins\/seo\/ -->\n<meta name=\"robots\" content=\"index, follow, max-snippet:-1, max-image-preview:large, max-video-preview:-1\" \/>\n<link rel=\"canonical\" href=\"https:\/\/faya.unse.edu.ar\/index.php\/departamento-ingenieria-basica-y-de-procesos\/\" \/>\n<meta property=\"og:locale\" content=\"es_ES\" \/>\n<meta property=\"og:type\" content=\"article\" \/>\n<meta property=\"og:title\" content=\"Departamento de Ingenier\u00eda B\u00e1sica y de Procesos | Facultad de Agronom\u00eda y Agroindustrias UNSE | FAyA UNSE\" \/>\n<meta property=\"og:description\" content=\"[vc_row css_animation=&#8221;&#8221; row_type=&#8221;row&#8221; use_row_as_full_screen_section=&#8221;no&#8221; type=&#8221;full_width&#8221; angled_section=&#8221;no&#8221; text_align=&#8221;left&#8221; background_image_as_pattern=&#8221;without_pattern&#8221; css=&#8221;.vc_custom_1547737857237{margin-bottom: 50px !important;}&#8221; z_index=&#8221;&#8221;][vc_column][vc_column_text] A cargo de la Ing. Mar\u00eda Mercedes Paz. [\/vc_column_text][\/vc_column][\/vc_row][vc_row css_animation=&#8221;&#8221; row_type=&#8221;row&#8221; use_row_as_full_screen_section=&#8221;no&#8221; type=&#8221;full_width&#8221; angled_section=&#8221;no&#8221; text_align=&#8221;left&#8221; background_image_as_pattern=&#8221;without_pattern&#8221;][vc_column][vc_column_text][\/vc_column_text][\/vc_column][\/vc_row][vc_row css_animation=&#8221;&#8221; row_type=&#8221;row&#8221; use_row_as_full_screen_section=&#8221;no&#8221; type=&#8221;full_width&#8221; angled_section=&#8221;no&#8221; text_align=&#8221;left&#8221; background_image_as_pattern=&#8221;without_pattern&#8221;][vc_column][vc_empty_space height=&#8221;50&#8243;][\/vc_column][\/vc_row]\" \/>\n<meta property=\"og:url\" content=\"https:\/\/faya.unse.edu.ar\/index.php\/departamento-ingenieria-basica-y-de-procesos\/\" \/>\n<meta property=\"og:site_name\" content=\"Facultad de Agronom\u00eda y Agroindustrias UNSE | FAyA UNSE\" \/>\n<meta property=\"article:publisher\" content=\"https:\/\/www.facebook.com\/agroUNSE\/\" \/>\n<meta name=\"twitter:card\" content=\"summary_large_image\" \/>\n<meta name=\"twitter:site\" content=\"@fayaunse\" \/>\n<meta name=\"twitter:label1\" content=\"Tiempo de lectura\" \/>\n\t<meta name=\"twitter:data1\" content=\"1 minuto\" \/>\n<script type=\"application\/ld+json\" class=\"yoast-schema-graph\">{\"@context\":\"https:\/\/schema.org\",\"@graph\":[{\"@type\":\"WebSite\",\"@id\":\"https:\/\/faya.unse.edu.ar\/#website\",\"url\":\"https:\/\/faya.unse.edu.ar\/\",\"name\":\"Facultad de Agronom\\u00eda y Agroindustrias UNSE | FAyA UNSE\",\"description\":\"\",\"potentialAction\":[{\"@type\":\"SearchAction\",\"target\":{\"@type\":\"EntryPoint\",\"urlTemplate\":\"https:\/\/faya.unse.edu.ar\/?s={search_term_string}\"},\"query-input\":\"required name=search_term_string\"}],\"inLanguage\":\"es-AR\"},{\"@type\":\"WebPage\",\"@id\":\"https:\/\/faya.unse.edu.ar\/index.php\/departamento-ingenieria-basica-y-de-procesos\/#webpage\",\"url\":\"https:\/\/faya.unse.edu.ar\/index.php\/departamento-ingenieria-basica-y-de-procesos\/\",\"name\":\"Departamento de Ingenier\\u00eda B\\u00e1sica y de Procesos | Facultad de Agronom\\u00eda y Agroindustrias UNSE | FAyA UNSE\",\"isPartOf\":{\"@id\":\"https:\/\/faya.unse.edu.ar\/#website\"},\"datePublished\":\"2019-01-17T23:07:29+00:00\",\"dateModified\":\"2019-01-17T23:07:29+00:00\",\"breadcrumb\":{\"@id\":\"https:\/\/faya.unse.edu.ar\/index.php\/departamento-ingenieria-basica-y-de-procesos\/#breadcrumb\"},\"inLanguage\":\"es-AR\",\"potentialAction\":[{\"@type\":\"ReadAction\",\"target\":[\"https:\/\/faya.unse.edu.ar\/index.php\/departamento-ingenieria-basica-y-de-procesos\/\"]}]},{\"@type\":\"BreadcrumbList\",\"@id\":\"https:\/\/faya.unse.edu.ar\/index.php\/departamento-ingenieria-basica-y-de-procesos\/#breadcrumb\",\"itemListElement\":[{\"@type\":\"ListItem\",\"position\":1,\"name\":\"Home\",\"item\":\"https:\/\/faya.unse.edu.ar\/\"},{\"@type\":\"ListItem\",\"position\":2,\"name\":\"Departamento de Ingenier\\u00eda B\\u00e1sica y de Procesos\"}]}]}<\/script>\n<!-- \/ Yoast SEO plugin. -->","yoast_head_json":{"robots":{"index":"index","follow":"follow","max-snippet":"max-snippet:-1","max-image-preview":"max-image-preview:large","max-video-preview":"max-video-preview:-1"},"canonical":"https:\/\/faya.unse.edu.ar\/index.php\/departamento-ingenieria-basica-y-de-procesos\/","og_locale":"es_ES","og_type":"article","og_title":"Departamento de Ingenier\u00eda B\u00e1sica y de Procesos | Facultad de Agronom\u00eda y Agroindustrias UNSE | FAyA UNSE","og_description":"[vc_row css_animation=&#8221;&#8221; row_type=&#8221;row&#8221; use_row_as_full_screen_section=&#8221;no&#8221; type=&#8221;full_width&#8221; angled_section=&#8221;no&#8221; text_align=&#8221;left&#8221; background_image_as_pattern=&#8221;without_pattern&#8221; css=&#8221;.vc_custom_1547737857237{margin-bottom: 50px !important;}&#8221; z_index=&#8221;&#8221;][vc_column][vc_column_text] A cargo de la Ing. Mar\u00eda Mercedes Paz. [\/vc_column_text][\/vc_column][\/vc_row][vc_row css_animation=&#8221;&#8221; row_type=&#8221;row&#8221; use_row_as_full_screen_section=&#8221;no&#8221; type=&#8221;full_width&#8221; angled_section=&#8221;no&#8221; text_align=&#8221;left&#8221; background_image_as_pattern=&#8221;without_pattern&#8221;][vc_column][vc_column_text][\/vc_column_text][\/vc_column][\/vc_row][vc_row css_animation=&#8221;&#8221; row_type=&#8221;row&#8221; use_row_as_full_screen_section=&#8221;no&#8221; type=&#8221;full_width&#8221; angled_section=&#8221;no&#8221; text_align=&#8221;left&#8221; background_image_as_pattern=&#8221;without_pattern&#8221;][vc_column][vc_empty_space height=&#8221;50&#8243;][\/vc_column][\/vc_row]","og_url":"https:\/\/faya.unse.edu.ar\/index.php\/departamento-ingenieria-basica-y-de-procesos\/","og_site_name":"Facultad de Agronom\u00eda y Agroindustrias UNSE | FAyA UNSE","article_publisher":"https:\/\/www.facebook.com\/agroUNSE\/","twitter_card":"summary_large_image","twitter_site":"@fayaunse","twitter_misc":{"Tiempo de lectura":"1 minuto"},"schema":{"@context":"https:\/\/schema.org","@graph":[{"@type":"WebSite","@id":"https:\/\/faya.unse.edu.ar\/#website","url":"https:\/\/faya.unse.edu.ar\/","name":"Facultad de Agronom\u00eda y Agroindustrias UNSE | FAyA UNSE","description":"","potentialAction":[{"@type":"SearchAction","target":{"@type":"EntryPoint","urlTemplate":"https:\/\/faya.unse.edu.ar\/?s={search_term_string}"},"query-input":"required name=search_term_string"}],"inLanguage":"es-AR"},{"@type":"WebPage","@id":"https:\/\/faya.unse.edu.ar\/index.php\/departamento-ingenieria-basica-y-de-procesos\/#webpage","url":"https:\/\/faya.unse.edu.ar\/index.php\/departamento-ingenieria-basica-y-de-procesos\/","name":"Departamento de Ingenier\u00eda B\u00e1sica y de Procesos | Facultad de Agronom\u00eda y Agroindustrias UNSE | FAyA UNSE","isPartOf":{"@id":"https:\/\/faya.unse.edu.ar\/#website"},"datePublished":"2019-01-17T23:07:29+00:00","dateModified":"2019-01-17T23:07:29+00:00","breadcrumb":{"@id":"https:\/\/faya.unse.edu.ar\/index.php\/departamento-ingenieria-basica-y-de-procesos\/#breadcrumb"},"inLanguage":"es-AR","potentialAction":[{"@type":"ReadAction","target":["https:\/\/faya.unse.edu.ar\/index.php\/departamento-ingenieria-basica-y-de-procesos\/"]}]},{"@type":"BreadcrumbList","@id":"https:\/\/faya.unse.edu.ar\/index.php\/departamento-ingenieria-basica-y-de-procesos\/#breadcrumb","itemListElement":[{"@type":"ListItem","position":1,"name":"Home","item":"https:\/\/faya.unse.edu.ar\/"},{"@type":"ListItem","position":2,"name":"Departamento de Ingenier\u00eda B\u00e1sica y de Procesos"}]}]}},"_links":{"self":[{"href":"https:\/\/faya.unse.edu.ar\/index.php\/wp-json\/wp\/v2\/pages\/17676"}],"collection":[{"href":"https:\/\/faya.unse.edu.ar\/index.php\/wp-json\/wp\/v2\/pages"}],"about":[{"href":"https:\/\/faya.unse.edu.ar\/index.php\/wp-json\/wp\/v2\/types\/page"}],"author":[{"embeddable":true,"href":"https:\/\/faya.unse.edu.ar\/index.php\/wp-json\/wp\/v2\/users\/2"}],"replies":[{"embeddable":true,"href":"https:\/\/faya.unse.edu.ar\/index.php\/wp-json\/wp\/v2\/comments?post=17676"}],"version-history":[{"count":1,"href":"https:\/\/faya.unse.edu.ar\/index.php\/wp-json\/wp\/v2\/pages\/17676\/revisions"}],"predecessor-version":[{"id":17677,"href":"https:\/\/faya.unse.edu.ar\/index.php\/wp-json\/wp\/v2\/pages\/17676\/revisions\/17677"}],"wp:attachment":[{"href":"https:\/\/faya.unse.edu.ar\/index.php\/wp-json\/wp\/v2\/media?parent=17676"}],"curies":[{"name":"wp","href":"https:\/\/api.w.org\/{rel}","templated":true}]}}