{"id":17869,"date":"2019-02-18T10:40:30","date_gmt":"2019-02-18T13:40:30","guid":{"rendered":"http:\/\/faya.unse.edu.ar\/?page_id=17869"},"modified":"2019-02-18T10:42:06","modified_gmt":"2019-02-18T13:42:06","slug":"valoracion-de-antecedentes","status":"publish","type":"page","link":"https:\/\/faya.unse.edu.ar\/index.php\/valoracion-de-antecedentes\/","title":{"rendered":"Valoraci\u00f3n de Antecedentes"},"content":{"rendered":"<p>[vc_row css_animation=&#8221;&#8221; row_type=&#8221;row&#8221; use_row_as_full_screen_section=&#8221;no&#8221; type=&#8221;full_width&#8221; angled_section=&#8221;no&#8221; text_align=&#8221;center&#8221; background_image_as_pattern=&#8221;without_pattern&#8221; z_index=&#8221;&#8221;][vc_column][vc_empty_space][vc_column_text]<\/p>\n<p style=\"text-align: center;\">El <strong>Ministerio de Educaci\u00f3n<\/strong>, en su <span style=\"color: #9e3820;\"><a style=\"color: #9e3820;\" href=\"https:\/\/faya.unse.edu.ar\/wp-content\/uploads\/RES_N_692-12.pdf\"><strong>Resoluci\u00f3n 692\/2012<\/strong><\/a><\/span>, sugiere a las Universidades e instituciones de Educaci\u00f3n Superior nuestro pa\u00eds que en las instancias de evaluaci\u00f3n docente para el desarrollo de Carrera Docente, <strong>se otorgue valoraci\u00f3n especifica y positiva<\/strong> a los postulantes que adem\u00e1s del dictado de clases, desarrollen tareas de investigaci\u00f3n, extensi\u00f3n, vinculaci\u00f3n, y transferencia del conocimiento; gu\u00eda o acompa\u00f1amiento en las acciones de voluntariado que realicen los estudiantes.<\/p>\n<p style=\"text-align: center;\">Seg\u00fan lo expresa la resoluci\u00f3n mencionada, las actividades a valorar ser\u00e1n aquellas que tengan reconocimiento de la propia instituci\u00f3n universitaria y\/o integren convocatorias de la SPU.<\/p>\n<p>[\/vc_column_text][vc_empty_space]<a  itemprop=\"url\" href=\"https:\/\/faya.unse.edu.ar\/wp-content\/uploads\/RES_N_692-12.pdf\" target=\"_self\" data-hover-background-color=#87181c data-hover-border-color=#87181c data-hover-color=#ffffff class=\"qbutton  medium center default\" style=\"color: #ffffff; border-color: #cd482b; background-color: #cd482b;\">M\u00c1S INFORMACI\u00d3N<i class=\"qode_icon_font_awesome fa fa-arrow-circle-o-right qode_button_icon_element\" style=\"color: #ffffff;\" ><\/i><\/a>[vc_empty_space height=&#8221;80px&#8221;][\/vc_column][\/vc_row]<\/p>\n","protected":false},"excerpt":{"rendered":"<p>[vc_row css_animation=&#8221;&#8221; row_type=&#8221;row&#8221; use_row_as_full_screen_section=&#8221;no&#8221; type=&#8221;full_width&#8221; angled_section=&#8221;no&#8221; text_align=&#8221;center&#8221; background_image_as_pattern=&#8221;without_pattern&#8221; z_index=&#8221;&#8221;][vc_column][vc_empty_space][vc_column_text] El Ministerio de Educaci\u00f3n, en su Resoluci\u00f3n 692\/2012, sugiere a las Universidades e instituciones de Educaci\u00f3n Superior nuestro pa\u00eds que en las instancias de evaluaci\u00f3n docente para el desarrollo de Carrera Docente, se otorgue valoraci\u00f3n especifica&#8230;<\/p>\n","protected":false},"author":2,"featured_media":0,"parent":0,"menu_order":0,"comment_status":"closed","ping_status":"closed","template":"","meta":{"_mi_skip_tracking":false},"yoast_head":"<!-- This site is optimized with the Yoast SEO plugin v17.7.1 - https:\/\/yoast.com\/wordpress\/plugins\/seo\/ -->\n<meta name=\"robots\" content=\"index, follow, max-snippet:-1, max-image-preview:large, max-video-preview:-1\" \/>\n<link rel=\"canonical\" href=\"https:\/\/faya.unse.edu.ar\/index.php\/valoracion-de-antecedentes\/\" \/>\n<meta property=\"og:locale\" content=\"es_ES\" \/>\n<meta property=\"og:type\" content=\"article\" \/>\n<meta property=\"og:title\" content=\"Valoraci\u00f3n de Antecedentes | Facultad de Agronom\u00eda y Agroindustrias UNSE | FAyA UNSE\" \/>\n<meta property=\"og:description\" content=\"[vc_row css_animation=&#8221;&#8221; row_type=&#8221;row&#8221; use_row_as_full_screen_section=&#8221;no&#8221; type=&#8221;full_width&#8221; angled_section=&#8221;no&#8221; text_align=&#8221;center&#8221; background_image_as_pattern=&#8221;without_pattern&#8221; z_index=&#8221;&#8221;][vc_column][vc_empty_space][vc_column_text] El Ministerio de Educaci\u00f3n, en su Resoluci\u00f3n 692\/2012, sugiere a las Universidades e instituciones de Educaci\u00f3n Superior nuestro pa\u00eds que en las instancias de evaluaci\u00f3n docente para el desarrollo de Carrera Docente, se otorgue valoraci\u00f3n especifica...\" \/>\n<meta property=\"og:url\" content=\"https:\/\/faya.unse.edu.ar\/index.php\/valoracion-de-antecedentes\/\" \/>\n<meta property=\"og:site_name\" content=\"Facultad de Agronom\u00eda y Agroindustrias UNSE | FAyA UNSE\" \/>\n<meta property=\"article:publisher\" content=\"https:\/\/www.facebook.com\/agroUNSE\/\" \/>\n<meta property=\"article:modified_time\" content=\"2019-02-18T13:42:06+00:00\" \/>\n<meta name=\"twitter:card\" content=\"summary_large_image\" \/>\n<meta name=\"twitter:site\" content=\"@fayaunse\" \/>\n<meta name=\"twitter:label1\" content=\"Tiempo de lectura\" \/>\n\t<meta name=\"twitter:data1\" content=\"1 minuto\" \/>\n<script type=\"application\/ld+json\" class=\"yoast-schema-graph\">{\"@context\":\"https:\/\/schema.org\",\"@graph\":[{\"@type\":\"WebSite\",\"@id\":\"https:\/\/faya.unse.edu.ar\/#website\",\"url\":\"https:\/\/faya.unse.edu.ar\/\",\"name\":\"Facultad de Agronom\\u00eda y Agroindustrias UNSE | FAyA UNSE\",\"description\":\"\",\"potentialAction\":[{\"@type\":\"SearchAction\",\"target\":{\"@type\":\"EntryPoint\",\"urlTemplate\":\"https:\/\/faya.unse.edu.ar\/?s={search_term_string}\"},\"query-input\":\"required name=search_term_string\"}],\"inLanguage\":\"es-AR\"},{\"@type\":\"WebPage\",\"@id\":\"https:\/\/faya.unse.edu.ar\/index.php\/valoracion-de-antecedentes\/#webpage\",\"url\":\"https:\/\/faya.unse.edu.ar\/index.php\/valoracion-de-antecedentes\/\",\"name\":\"Valoraci\\u00f3n de Antecedentes | Facultad de Agronom\\u00eda y Agroindustrias UNSE | FAyA UNSE\",\"isPartOf\":{\"@id\":\"https:\/\/faya.unse.edu.ar\/#website\"},\"datePublished\":\"2019-02-18T13:40:30+00:00\",\"dateModified\":\"2019-02-18T13:42:06+00:00\",\"breadcrumb\":{\"@id\":\"https:\/\/faya.unse.edu.ar\/index.php\/valoracion-de-antecedentes\/#breadcrumb\"},\"inLanguage\":\"es-AR\",\"potentialAction\":[{\"@type\":\"ReadAction\",\"target\":[\"https:\/\/faya.unse.edu.ar\/index.php\/valoracion-de-antecedentes\/\"]}]},{\"@type\":\"BreadcrumbList\",\"@id\":\"https:\/\/faya.unse.edu.ar\/index.php\/valoracion-de-antecedentes\/#breadcrumb\",\"itemListElement\":[{\"@type\":\"ListItem\",\"position\":1,\"name\":\"Home\",\"item\":\"https:\/\/faya.unse.edu.ar\/\"},{\"@type\":\"ListItem\",\"position\":2,\"name\":\"Valoraci\\u00f3n de Antecedentes\"}]}]}<\/script>\n<!-- \/ Yoast SEO plugin. -->","yoast_head_json":{"robots":{"index":"index","follow":"follow","max-snippet":"max-snippet:-1","max-image-preview":"max-image-preview:large","max-video-preview":"max-video-preview:-1"},"canonical":"https:\/\/faya.unse.edu.ar\/index.php\/valoracion-de-antecedentes\/","og_locale":"es_ES","og_type":"article","og_title":"Valoraci\u00f3n de Antecedentes | Facultad de Agronom\u00eda y Agroindustrias UNSE | FAyA UNSE","og_description":"[vc_row css_animation=&#8221;&#8221; row_type=&#8221;row&#8221; use_row_as_full_screen_section=&#8221;no&#8221; type=&#8221;full_width&#8221; angled_section=&#8221;no&#8221; text_align=&#8221;center&#8221; background_image_as_pattern=&#8221;without_pattern&#8221; z_index=&#8221;&#8221;][vc_column][vc_empty_space][vc_column_text] El Ministerio de Educaci\u00f3n, en su Resoluci\u00f3n 692\/2012, sugiere a las Universidades e instituciones de Educaci\u00f3n Superior nuestro pa\u00eds que en las instancias de evaluaci\u00f3n docente para el desarrollo de Carrera Docente, se otorgue valoraci\u00f3n especifica...","og_url":"https:\/\/faya.unse.edu.ar\/index.php\/valoracion-de-antecedentes\/","og_site_name":"Facultad de Agronom\u00eda y Agroindustrias UNSE | FAyA UNSE","article_publisher":"https:\/\/www.facebook.com\/agroUNSE\/","article_modified_time":"2019-02-18T13:42:06+00:00","twitter_card":"summary_large_image","twitter_site":"@fayaunse","twitter_misc":{"Tiempo de lectura":"1 minuto"},"schema":{"@context":"https:\/\/schema.org","@graph":[{"@type":"WebSite","@id":"https:\/\/faya.unse.edu.ar\/#website","url":"https:\/\/faya.unse.edu.ar\/","name":"Facultad de Agronom\u00eda y Agroindustrias UNSE | FAyA UNSE","description":"","potentialAction":[{"@type":"SearchAction","target":{"@type":"EntryPoint","urlTemplate":"https:\/\/faya.unse.edu.ar\/?s={search_term_string}"},"query-input":"required name=search_term_string"}],"inLanguage":"es-AR"},{"@type":"WebPage","@id":"https:\/\/faya.unse.edu.ar\/index.php\/valoracion-de-antecedentes\/#webpage","url":"https:\/\/faya.unse.edu.ar\/index.php\/valoracion-de-antecedentes\/","name":"Valoraci\u00f3n de Antecedentes | Facultad de Agronom\u00eda y Agroindustrias UNSE | FAyA UNSE","isPartOf":{"@id":"https:\/\/faya.unse.edu.ar\/#website"},"datePublished":"2019-02-18T13:40:30+00:00","dateModified":"2019-02-18T13:42:06+00:00","breadcrumb":{"@id":"https:\/\/faya.unse.edu.ar\/index.php\/valoracion-de-antecedentes\/#breadcrumb"},"inLanguage":"es-AR","potentialAction":[{"@type":"ReadAction","target":["https:\/\/faya.unse.edu.ar\/index.php\/valoracion-de-antecedentes\/"]}]},{"@type":"BreadcrumbList","@id":"https:\/\/faya.unse.edu.ar\/index.php\/valoracion-de-antecedentes\/#breadcrumb","itemListElement":[{"@type":"ListItem","position":1,"name":"Home","item":"https:\/\/faya.unse.edu.ar\/"},{"@type":"ListItem","position":2,"name":"Valoraci\u00f3n de Antecedentes"}]}]}},"_links":{"self":[{"href":"https:\/\/faya.unse.edu.ar\/index.php\/wp-json\/wp\/v2\/pages\/17869"}],"collection":[{"href":"https:\/\/faya.unse.edu.ar\/index.php\/wp-json\/wp\/v2\/pages"}],"about":[{"href":"https:\/\/faya.unse.edu.ar\/index.php\/wp-json\/wp\/v2\/types\/page"}],"author":[{"embeddable":true,"href":"https:\/\/faya.unse.edu.ar\/index.php\/wp-json\/wp\/v2\/users\/2"}],"replies":[{"embeddable":true,"href":"https:\/\/faya.unse.edu.ar\/index.php\/wp-json\/wp\/v2\/comments?post=17869"}],"version-history":[{"count":9,"href":"https:\/\/faya.unse.edu.ar\/index.php\/wp-json\/wp\/v2\/pages\/17869\/revisions"}],"predecessor-version":[{"id":17880,"href":"https:\/\/faya.unse.edu.ar\/index.php\/wp-json\/wp\/v2\/pages\/17869\/revisions\/17880"}],"wp:attachment":[{"href":"https:\/\/faya.unse.edu.ar\/index.php\/wp-json\/wp\/v2\/media?parent=17869"}],"curies":[{"name":"wp","href":"https:\/\/api.w.org\/{rel}","templated":true}]}}