{"id":19840,"date":"2019-06-21T11:31:07","date_gmt":"2019-06-21T14:31:07","guid":{"rendered":"http:\/\/faya.unse.edu.ar\/?page_id=19840"},"modified":"2025-09-11T13:28:47","modified_gmt":"2025-09-11T16:28:47","slug":"certificados-digitales-disponibles","status":"publish","type":"page","link":"https:\/\/faya.unse.edu.ar\/index.php\/certificados-digitales-disponibles\/","title":{"rendered":"Certificados Digitales Disponibles"},"content":{"rendered":"<ul>\n<li><strong><a href=\"https:\/\/drive.google.com\/drive\/folders\/11Jc8eshGzf0-A04ng57cJgwOLeAwh_oq?usp=drive_link\" target=\"_blank\" rel=\"noopener\">Di\u00e1logos en la colmena: saberes y desaf\u00edos desde la formaci\u00f3n t\u00e9cnica<\/a><\/strong><\/li>\n<li><a href=\"https:\/\/drive.google.com\/drive\/folders\/1L_PhDUczdMcZKBm1xzWRXt2Q6rUdXACC?usp=drive_link\" target=\"_blank\" rel=\"noopener\"><strong>CURSO TALLER DE PRODUCCI\u00d3N DE CHACINADOS<\/strong><\/a><\/li>\n<li><strong><a href=\"https:\/\/drive.google.com\/drive\/folders\/1z3G1niHLceASBjW7LhppyjOtMMD2WtRZ?usp=sharing\" target=\"_blank\" rel=\"noopener\">Optimizaci\u00f3n de LinkedIn para el \u00e9xito laboral<\/a><\/strong><\/li>\n<li><strong><a href=\"https:\/\/drive.google.com\/drive\/folders\/1U88-cXD2SaSgMMJi5cuX9_49McLbMf-w?usp=drive_link\" target=\"_blank\" rel=\"noopener\">Taller Semana de la Biotecnolog\u00eda 2025<\/a><\/strong><\/li>\n<li><strong><a href=\"https:\/\/bit.ly\/aprendizaje-qca-certificados\">EL APRENDIZAJE DE LA QU\u00cdMICA EN EL ESTUDIANTE DE HOY (Semana de la Qu\u00edmica 2024)<\/a><\/strong><\/li>\n<li><a href=\"https:\/\/drive.google.com\/drive\/folders\/1RM8jVdPIJeAaSAV6C1fROp6i5cg3qdFz?usp=sharing\" target=\"_blank\" rel=\"noopener\"><strong>Taller de identificaci\u00f3n de Poaceas\u00a0<\/strong><\/a><\/li>\n<li><strong><a href=\"https:\/\/drive.google.com\/drive\/folders\/1TMOvW1kcxERF84RftUuOTYy7oy_g55__?usp=drive_link\" target=\"_blank\" rel=\"noopener\">Jornadas de Inclusi\u00f3n Educativa<\/a><\/strong><\/li>\n<li><strong><a href=\"https:\/\/drive.google.com\/drive\/folders\/1kH7arn9wN8SVG_qZ3eFVvlJdoYtnEEQj?usp=drive_link\" target=\"_blank\" rel=\"noopener\">Charla Desaf\u00edos y Oportunidades de la Ganader\u00eda Argentina<\/a><\/strong><\/li>\n<li><a href=\"https:\/\/drive.google.com\/drive\/folders\/1b0RoTZ4DCrOzKn3D9RZgg6g2H4_wW0du?usp=sharing\" target=\"_blank\" rel=\"noopener\"><strong>Taller de identificaci\u00f3n de Fabaceae<\/strong><\/a><\/li>\n<li><strong><a href=\"https:\/\/drive.google.com\/drive\/folders\/1U82DDNnZCw7hXGsGthOkrpf9YlOofZYB?usp=sharing\" target=\"_blank\" rel=\"noopener\">[SEMILLERO] Salud, alimentaci\u00f3n, medio ambiente&#8230; \u00a1la BIOF\u00cdSICA es el futuro!\u00a0<\/a><\/strong><\/li>\n<li><strong><a href=\"https:\/\/bit.ly\/agricultura-precision-faya\" target=\"_blank\" rel=\"noopener\">Tecnolog\u00eda en Agricultura de Precisi\u00f3n John Deere. Desaf\u00edo Nacional \u201cEstudiantes Conectados 2024\u201d<\/a><\/strong><\/li>\n<li><a href=\"https:\/\/drive.google.com\/drive\/folders\/19NsafZgaVw3TYBmMraBTWUFJ6ofruuOc?usp=drive_link\" target=\"_blank\" rel=\"noopener\"><strong>EL APRENDIZAJE ACTIVO EN NUESTRO CONTEXTO EDUCATIVO<\/strong><\/a><\/li>\n<li><strong><a href=\"https:\/\/drive.google.com\/drive\/folders\/1a37ARfvOjx7VWbAezLt1J2kc-RONyhzG?usp=drive_link\" target=\"_blank\" rel=\"noopener\">INGENIER@S DE IMPACTO: FORTALECIENDO HABILIDADES BLANDAS PARA EL \u00c9XITO PROFESIONAL<\/a><\/strong><\/li>\n<li><a href=\"https:\/\/drive.google.com\/drive\/folders\/1pPLVKcMk5xZVGt03BtYkNMZH6V7kyuhU?usp=sharing\" target=\"_blank\" rel=\"noopener\"><strong>[SEMILLERO DE INVESTIGACI\u00d3N] CURSO<\/strong><strong> \u201cMetodolog\u00eda de la Investigaci\u00f3n: conceptos introductorios\u201d<\/strong><\/a><\/li>\n<li><a href=\"https:\/\/drive.google.com\/drive\/folders\/1S5ZcLQR0hRV6QFfrhcYKnm_VkASBeaJl?usp=drive_link\" target=\"_blank\" rel=\"noopener\"><strong>CURSO TALLER DE PRODUCCI\u00d3N DE CHACINADOS<\/strong><\/a><\/li>\n<li><a href=\"https:\/\/drive.google.com\/drive\/folders\/1CwMbokjRvPlCzQVuqCzjn991fgs62bQB?usp=drive_link\" target=\"_blank\" rel=\"noopener\">SIMPSIO <strong>&#8220;ACTUALIZACI\u00d3N EN VALIDACI\u00d3N Y DESARROLLO DE PROCEDIMIENTOS ANAL\u00cdTICOS&#8221;<\/strong><\/a><\/li>\n<li><a href=\"https:\/\/drive.google.com\/drive\/folders\/1ij1DpHTgxsz0ts0gSEh8TwgEQaiJPe30?usp=drive_link\" target=\"_blank\" rel=\"noopener\"><strong>JORNADA TALLER ABIERTA: GASTRONOM\u00cdA Y BUENAS PR\u00c1CTICAS. TRAZABILIDAD. MANIPULACI\u00d3N DE ALIMENTOS<\/strong><\/a><\/li>\n<li><strong><a href=\"https:\/\/drive.google.com\/drive\/folders\/1R7jgkGXH-2ZuV2GHq3WE4zUss4lpRUGZ?usp=share_link\" target=\"_blank\" rel=\"noopener\">Curso -Taller INTRODUCCI\u00d3N A LOS SISTEMAS PRODUCTIVOS DE CANNABIS MEDICINAL<\/a><\/strong><\/li>\n<li><strong><a href=\"https:\/\/drive.google.com\/drive\/folders\/1SmXf0vpW0KcxQSunL-WMayn65Ex3FsJr?usp=share_link\" target=\"_blank\" rel=\"noopener\">CAPACITACIONES EN HIGIENE Y SEGURIDAD<\/a><\/strong><\/li>\n<li><strong><span style=\"color: #993300;\"><a style=\"color: #993300;\" href=\"https:\/\/drive.google.com\/drive\/folders\/1J7EO2XD_Hw0vkpE7g6ScQxdwpVEriJFm?usp=share_link\" target=\"_blank\" rel=\"noopener\">ALGARROBEADA ATAMISQUI. 10\/01\/2023<\/a><\/span><\/strong><\/li>\n<li><strong><span style=\"color: #993300;\"><a style=\"color: #993300;\" href=\"https:\/\/drive.google.com\/drive\/folders\/1_GMf24lRNqTDIFJ5gpHrzMDjksX2RG0X?usp=share_link\" target=\"_blank\" rel=\"noopener\">SEMINARIO DE SELECCI\u00d3N DE PITAYAS <em>HYLOCEREUS \u2013 SPP<\/em><\/a><\/span><\/strong><\/li>\n<li><strong><span style=\"color: #993300;\"><a style=\"color: #993300;\" href=\"https:\/\/drive.google.com\/drive\/folders\/1tIfJg45F6a2gNEbbe0ZnXYoF8JflBaa7?usp=share_link\" target=\"_blank\" rel=\"noopener\">BUENAS PR\u00c1CTICAS DE RECOLECCI\u00d3N DE FRUTOS DEL MONTE<\/a><\/span><\/strong><\/li>\n<li><strong><span style=\"color: #993300;\"><a style=\"color: #993300;\" href=\"https:\/\/drive.google.com\/drive\/folders\/1ofUi-YOahNxc-vrcuP5m-KcswxGuPjAb?usp=share_link\" target=\"_blank\" rel=\"noopener\">IX Encuentro de F\u00edsica y Qu\u00edmica de Superficies y I Encuentro de Biolog\u00eda de Superficies<\/a><\/span><\/strong><\/li>\n<li><strong><span style=\"color: #993300;\"><a style=\"color: #993300;\" href=\"https:\/\/drive.google.com\/drive\/folders\/18F1Hiwk-lC__uT3lbHpIntVYv7UNmQe0?usp=sharing\" target=\"_blank\" rel=\"noopener\">Ciclo de capacitaciones: GANADER\u00cdA EN LA REGI\u00d3N ALBIGASTA,<\/a><\/span><\/strong><\/li>\n<li><strong><span style=\"color: #993300;\"><a style=\"color: #993300;\" href=\"https:\/\/drive.google.com\/drive\/folders\/1-q_cYqxyNzHMR5rmmvYyS9yBKwM4d5yF?usp=sharing\" target=\"_blank\" rel=\"noopener\">Conversatorio \u201cLa Agroecolog\u00eda y la producci\u00f3n sustentable de alimentos\u201d<\/a><\/span><\/strong><\/li>\n<li><strong><span style=\"color: #993300;\"><a style=\"color: #993300;\" href=\"https:\/\/drive.google.com\/drive\/folders\/1PmSjHB16JXXUJoiHS36sZa-sjeuZh7rG?usp=sharing\" target=\"_blank\" rel=\"noopener\">Jornadas Preparatoria para el \u201cCongreso Argentino de Gesti\u00f3n Cultural\u201d <\/a><\/span><\/strong><\/li>\n<li><strong><span style=\"color: #993300;\"><a style=\"color: #993300;\" href=\"https:\/\/drive.google.com\/drive\/folders\/1uNpjA53pvrFxpUULKyJjmNNb1LPAehge?usp=sharing\" target=\"_blank\" rel=\"noopener\">Curso de Capacitaci\u00f3n Docente &#8220;HERRAMIENTAS DIGITALES EN LINEA&#8221;<\/a><\/span><\/strong><\/li>\n<li><strong><span style=\"color: #993300;\"><a style=\"color: #993300;\" href=\"https:\/\/drive.google.com\/drive\/folders\/1OMxP0U5vy3PHnmC-25D9XZU8bWW4TEPk?usp=sharing\" target=\"_blank\" rel=\"noopener\">Curso de Capacitaci\u00f3n Docente \u201cENTORNOS VIRTUALES Y ENSE\u00d1ANZA UNIVERSITARIA. HERRAMIENTAS DESDE LA PEDAGOG\u00cdA CR\u00cdTICA\u201d<\/a><\/span><\/strong><\/li>\n<li><strong><span style=\"color: #993300;\"><a style=\"color: #993300;\" href=\"https:\/\/drive.google.com\/drive\/folders\/1vR5isj8R_2go5EtQoj_PEpK19RZyuIAY?usp=sharing\">Curso -Taller INTRODUCCI\u00d3N AL CANNABIS MEDICINAL<\/a><\/span><\/strong><\/li>\n<li><strong><span style=\"color: #993300;\"><a style=\"color: #993300;\" href=\"https:\/\/drive.google.com\/drive\/folders\/1yRvVsyOSSiKsleTgQ5pFSFGUS3eA33kR?usp=sharing\">CONGRIDEC 2021 Participantes\u00a0<\/a><\/span><\/strong><\/li>\n<li><strong><span style=\"color: #993300;\"><a style=\"color: #993300;\" href=\"https:\/\/drive.google.com\/drive\/folders\/1EsaBnaQpzcal2vUa7EaRXgKl_NigowkE?usp=sharing\">CONGRIDEC 2021 DOCENTES<\/a><\/span><\/strong><\/li>\n<li><strong><span style=\"color: #993300;\"><a style=\"color: #993300;\" href=\"https:\/\/drive.google.com\/drive\/u\/1\/folders\/19D_79H8HPqM0zqkcUZr4bmc1-Yakv6kr\" target=\"_blank\" rel=\"noopener\">V Reuni\u00f3n de Aprovechamiento Integral de la Tuna (10,11 y 12 de Abril de 2019).<\/a><\/span><\/strong><\/li>\n<li><strong><span style=\"color: #993300;\"><a style=\"color: #993300;\" href=\"https:\/\/drive.google.com\/drive\/u\/1\/folders\/1P8vDa7k6yCAATfS2zcoFk6KU0dpSasVw\" target=\"_blank\" rel=\"noopener\">Segunda Jornada de Apicultura (14 de Mayo de 2019).<\/a><\/span><\/strong><\/li>\n<li><strong><span style=\"color: #993300;\"><a style=\"color: #993300;\" href=\"https:\/\/drive.google.com\/open?id=1ECswJbYWXUnGESfEQtYAp5KY46FbUZFH\" target=\"_blank\" rel=\"noopener\">Curso Taller &#8220;Extensi\u00f3n Universitaria: construcci\u00f3n de la demanda y formulaci\u00f3n de proyectos&#8221; (15 y 16 de mayo de 2019)<\/a><\/span><\/strong><\/li>\n<li><strong><span style=\"color: #993300;\"><a style=\"color: #993300;\" href=\"https:\/\/drive.google.com\/open?id=1mbSKg8ODzjT8mlPcWYmu62wgrnGEAsFx\" target=\"_blank\" rel=\"noopener\">Capacitaci\u00f3n Servicio Nacional de Sanidad y Calidad Agroalimentaria (23 de mayo de 2019)<\/a><\/span><\/strong><\/li>\n<li><strong><span style=\"color: #993300;\"><a style=\"color: #993300;\" href=\"https:\/\/drive.google.com\/open?id=1LT0i0PGuwPWyZyn7zoeIsVNBbGwrlDFi\" target=\"_blank\" rel=\"noopener\">Curso Taller \u201cCurso te\u00f3rico pr\u00e1ctico intensivo de manejo reproductivo porcino\u201d (30 y 31 mayo de 2019)<\/a><\/span><\/strong><\/li>\n<li><strong><span style=\"color: #993300;\"><a style=\"color: #993300;\" href=\"https:\/\/drive.google.com\/drive\/u\/1\/folders\/1baESnz0mOpJBmLtpacOAYIwunPb9iPxI\" target=\"_blank\" rel=\"noopener\">Jornada Lineamientos para la formaci\u00f3n del Docente en Qu\u00edmica en el nuevo escenario educativo (4 de Junio de 2019).<\/a><\/span><\/strong><\/li>\n<li><strong><span style=\"color: #993300;\"><a style=\"color: #993300;\" href=\"https:\/\/drive.google.com\/open?id=1VWxm9Pk5H0KOu0VRbPj9jdcsJ25OffCJ\" target=\"_blank\" rel=\"noopener\">Curso AUSAL &#8220;Ingenier\u00eda de Industria de Cereales&#8221; (3 al 7 de Junio de 2019).<\/a><\/span><\/strong><\/li>\n<li><strong><span style=\"color: #993300;\"><a style=\"color: #993300;\" href=\"https:\/\/drive.google.com\/open?id=1FnzwghfdJJVwynVY1FFk5goxv9YU1Eqy\" target=\"_blank\" rel=\"noopener\">Jornada de Capacitaci\u00f3n \u201cAplicaci\u00f3n de Aromas en Alimentos\u201d (12 de junio de 2019)<\/a><\/span><\/strong><\/li>\n<li><strong><span style=\"color: #993300;\"><a style=\"color: #993300;\" href=\"https:\/\/drive.google.com\/open?id=1Itk9Gi6RnY6LtCNGUA_Uhgqc3yUfLjxg\" target=\"_blank\" rel=\"noopener\">Jornada de Suelo 2019 (12 de julio de 2019)<\/a><\/span><\/strong><\/li>\n<li><strong><span style=\"color: #993300;\"><a style=\"color: #993300;\" href=\"https:\/\/drive.google.com\/open?id=1i0sChiY5ni9C6hGXMQ7p5AaImQkSlNDF\" target=\"_blank\" rel=\"noopener\">Taller de recolecci\u00f3n y acondicionamiento PLANTAS MEDICINALES Y AROM\u00c1TICAS (9 y 16 de agosto de 2019)<\/a><\/span><\/strong><\/li>\n<li><strong><span style=\"color: #993300;\"><a style=\"color: #993300;\" href=\"https:\/\/drive.google.com\/drive\/folders\/1nkAx36dqGcHEyLqgeWR97RqTiAsEXdo_?usp=sharing\" target=\"_blank\" rel=\"noopener\">Capacitaci\u00f3n &#8220;El Marco Normativo del R\u00e9gimen de Valoraci\u00f3n de T\u00edtulos y Antecedentes para la Docencia en la Provincia&#8221; (24 de agosto de 2019)<\/a><\/span><\/strong><\/li>\n<li><strong><span style=\"color: #993300;\"><a style=\"color: #993300;\" href=\"http:\/\/bit.ly\/ii-congreso-poscosecha\">II Congreso Argentino de Biolog\u00eda y Tecnolog\u00eda Poscosecha<\/a><\/span><\/strong>\n<ul>\n<li><strong><span style=\"color: #993300;\"><a style=\"color: #993300;\" href=\"http:\/\/bit.ly\/asistentes-congreso-poscosecha\">Asistentes<\/a><\/span><\/strong><\/li>\n<li><strong><span style=\"color: #993300;\"><a style=\"color: #993300;\" href=\"http:\/\/bit.ly\/comite-cientifico-congreso-poscosecha\">Comit\u00e9 Cient\u00edfico<\/a><\/span><\/strong><\/li>\n<li><strong><span style=\"color: #993300;\"><a style=\"color: #993300;\" href=\"http:\/\/bit.ly\/disertantes-congreso-poscosecha\">Disertantes<\/a><\/span><\/strong><\/li>\n<li><strong><span style=\"color: #993300;\"><a style=\"color: #993300;\" href=\"http:\/\/bit.ly\/trabajos-congreso-poscosecha\">Trabajos<\/a><\/span><\/strong><\/li>\n<\/ul>\n<\/li>\n<li><strong><span style=\"color: #993300;\"><a style=\"color: #993300;\" href=\"https:\/\/drive.google.com\/open?id=10WSZnoHPsDBciKe7A5p9Ib7NZQz80crN\" target=\"_blank\" rel=\"noopener\">NUEVOS MODELOS DE MEMBRANAS BIOL\u00d3GICAS Y SUS PROYECCIONES BIOM\u00c9DICAS Y BIOTECNOL\u00d3GICAS<\/a><\/span><\/strong><\/li>\n<li><strong><span style=\"color: #993300;\"><a style=\"color: #993300;\" href=\"http:\/\/bit.ly\/Enzimas-Industriales\" target=\"_blank\" rel=\"noopener\">CURSO DE GRADO &#8220;ENZIMAS INDUSTRIALES: PRODUCCI\u00d3N Y APLICACI\u00d3N&#8221; (21 de Octubre de 2019)<\/a><\/span><\/strong><\/li>\n<li><strong><span style=\"color: #993300;\"><a style=\"color: #993300;\" href=\"http:\/\/bit.ly\/Jornada-Produccion-Bovinos\" target=\"_blank\" rel=\"noopener\">1\u00aa JORNADA DE PRODUCCI\u00d3N DE BOVINOS PARA CARNE (25 de Octubre de 2019)<\/a><\/span><\/strong><\/li>\n<li><strong><span style=\"color: #993300;\"><a style=\"color: #993300;\" href=\"https:\/\/drive.google.com\/open?id=1GSCtLx-2tcIryK5UhxVkz-1BIF1XAXg3\">1\u00b0 Jornada de Capacitaci\u00f3n: \u201cALFABETIZ\u00c1NDONOS PARA EL REDISE\u00d1O CURRICULAR\u201d\u00a0<\/a><\/span><\/strong><\/li>\n<li><strong><span style=\"color: #993300;\"><a style=\"color: #993300;\" href=\"https:\/\/drive.google.com\/open?id=16pW3bkvMIvjG09VDXQCd1c_WtoenwAU9\" target=\"_blank\" rel=\"noopener\">Jornada &#8220;USO INDISCRIMINADO DE ANTIBI\u00d3TICOS: IMPACTO Y CONSECUENCIAS&#8221;<\/a><\/span><\/strong><\/li>\n<li><strong><span style=\"color: #993300;\"><a style=\"color: #993300;\" href=\"https:\/\/drive.google.com\/open?id=1xYltfQy-Px6AKxl08eOWUkzmJfiXFy29\" target=\"_blank\" rel=\"noopener\">Curso te\u00f3rico-pr\u00e1ctico \u201cBIOLOG\u00cdA FLORAL APLICADA A SISTEMAS PRODUCTIVOS DE MIEL\u201d<\/a><\/span><\/strong><\/li>\n<\/ul>\n","protected":false},"excerpt":{"rendered":"<p>Di\u00e1logos en la colmena: saberes y desaf\u00edos desde la formaci\u00f3n t\u00e9cnica CURSO TALLER DE PRODUCCI\u00d3N DE CHACINADOS Optimizaci\u00f3n de LinkedIn para el \u00e9xito laboral Taller Semana de la Biotecnolog\u00eda 2025 EL APRENDIZAJE DE LA QU\u00cdMICA EN EL ESTUDIANTE DE HOY (Semana de la Qu\u00edmica 2024)&#8230;<\/p>\n","protected":false},"author":2,"featured_media":0,"parent":0,"menu_order":0,"comment_status":"closed","ping_status":"closed","template":"","meta":{"_mi_skip_tracking":false},"yoast_head":"<!-- This site is optimized with the Yoast SEO plugin v17.7.1 - https:\/\/yoast.com\/wordpress\/plugins\/seo\/ -->\n<meta name=\"robots\" content=\"index, follow, max-snippet:-1, max-image-preview:large, max-video-preview:-1\" \/>\n<link rel=\"canonical\" href=\"https:\/\/faya.unse.edu.ar\/index.php\/certificados-digitales-disponibles\/\" \/>\n<meta property=\"og:locale\" content=\"es_ES\" \/>\n<meta property=\"og:type\" content=\"article\" \/>\n<meta property=\"og:title\" content=\"Certificados Digitales Disponibles | Facultad de Agronom\u00eda y Agroindustrias UNSE | FAyA UNSE\" \/>\n<meta property=\"og:description\" content=\"Di\u00e1logos en la colmena: saberes y desaf\u00edos desde la formaci\u00f3n t\u00e9cnica CURSO TALLER DE PRODUCCI\u00d3N DE CHACINADOS Optimizaci\u00f3n de LinkedIn para el \u00e9xito laboral Taller Semana de la Biotecnolog\u00eda 2025 EL APRENDIZAJE DE LA QU\u00cdMICA EN EL ESTUDIANTE DE HOY (Semana de la Qu\u00edmica 2024)...\" \/>\n<meta property=\"og:url\" content=\"https:\/\/faya.unse.edu.ar\/index.php\/certificados-digitales-disponibles\/\" \/>\n<meta property=\"og:site_name\" content=\"Facultad de Agronom\u00eda y Agroindustrias UNSE | FAyA UNSE\" \/>\n<meta property=\"article:publisher\" content=\"https:\/\/www.facebook.com\/agroUNSE\/\" \/>\n<meta property=\"article:modified_time\" content=\"2025-09-11T16:28:47+00:00\" \/>\n<meta name=\"twitter:card\" content=\"summary_large_image\" \/>\n<meta name=\"twitter:site\" content=\"@fayaunse\" \/>\n<meta name=\"twitter:label1\" content=\"Tiempo de lectura\" \/>\n\t<meta name=\"twitter:data1\" content=\"3 minutos\" \/>\n<script type=\"application\/ld+json\" class=\"yoast-schema-graph\">{\"@context\":\"https:\/\/schema.org\",\"@graph\":[{\"@type\":\"WebSite\",\"@id\":\"https:\/\/faya.unse.edu.ar\/#website\",\"url\":\"https:\/\/faya.unse.edu.ar\/\",\"name\":\"Facultad de Agronom\\u00eda y Agroindustrias UNSE | FAyA UNSE\",\"description\":\"\",\"potentialAction\":[{\"@type\":\"SearchAction\",\"target\":{\"@type\":\"EntryPoint\",\"urlTemplate\":\"https:\/\/faya.unse.edu.ar\/?s={search_term_string}\"},\"query-input\":\"required name=search_term_string\"}],\"inLanguage\":\"es-AR\"},{\"@type\":\"WebPage\",\"@id\":\"https:\/\/faya.unse.edu.ar\/index.php\/certificados-digitales-disponibles\/#webpage\",\"url\":\"https:\/\/faya.unse.edu.ar\/index.php\/certificados-digitales-disponibles\/\",\"name\":\"Certificados Digitales Disponibles | Facultad de Agronom\\u00eda y Agroindustrias UNSE | FAyA UNSE\",\"isPartOf\":{\"@id\":\"https:\/\/faya.unse.edu.ar\/#website\"},\"datePublished\":\"2019-06-21T14:31:07+00:00\",\"dateModified\":\"2025-09-11T16:28:47+00:00\",\"breadcrumb\":{\"@id\":\"https:\/\/faya.unse.edu.ar\/index.php\/certificados-digitales-disponibles\/#breadcrumb\"},\"inLanguage\":\"es-AR\",\"potentialAction\":[{\"@type\":\"ReadAction\",\"target\":[\"https:\/\/faya.unse.edu.ar\/index.php\/certificados-digitales-disponibles\/\"]}]},{\"@type\":\"BreadcrumbList\",\"@id\":\"https:\/\/faya.unse.edu.ar\/index.php\/certificados-digitales-disponibles\/#breadcrumb\",\"itemListElement\":[{\"@type\":\"ListItem\",\"position\":1,\"name\":\"Home\",\"item\":\"https:\/\/faya.unse.edu.ar\/\"},{\"@type\":\"ListItem\",\"position\":2,\"name\":\"Certificados Digitales Disponibles\"}]}]}<\/script>\n<!-- \/ Yoast SEO plugin. -->","yoast_head_json":{"robots":{"index":"index","follow":"follow","max-snippet":"max-snippet:-1","max-image-preview":"max-image-preview:large","max-video-preview":"max-video-preview:-1"},"canonical":"https:\/\/faya.unse.edu.ar\/index.php\/certificados-digitales-disponibles\/","og_locale":"es_ES","og_type":"article","og_title":"Certificados Digitales Disponibles | Facultad de Agronom\u00eda y Agroindustrias UNSE | FAyA UNSE","og_description":"Di\u00e1logos en la colmena: saberes y desaf\u00edos desde la formaci\u00f3n t\u00e9cnica CURSO TALLER DE PRODUCCI\u00d3N DE CHACINADOS Optimizaci\u00f3n de LinkedIn para el \u00e9xito laboral Taller Semana de la Biotecnolog\u00eda 2025 EL APRENDIZAJE DE LA QU\u00cdMICA EN EL ESTUDIANTE DE HOY (Semana de la Qu\u00edmica 2024)...","og_url":"https:\/\/faya.unse.edu.ar\/index.php\/certificados-digitales-disponibles\/","og_site_name":"Facultad de Agronom\u00eda y Agroindustrias UNSE | FAyA UNSE","article_publisher":"https:\/\/www.facebook.com\/agroUNSE\/","article_modified_time":"2025-09-11T16:28:47+00:00","twitter_card":"summary_large_image","twitter_site":"@fayaunse","twitter_misc":{"Tiempo de lectura":"3 minutos"},"schema":{"@context":"https:\/\/schema.org","@graph":[{"@type":"WebSite","@id":"https:\/\/faya.unse.edu.ar\/#website","url":"https:\/\/faya.unse.edu.ar\/","name":"Facultad de Agronom\u00eda y Agroindustrias UNSE | FAyA UNSE","description":"","potentialAction":[{"@type":"SearchAction","target":{"@type":"EntryPoint","urlTemplate":"https:\/\/faya.unse.edu.ar\/?s={search_term_string}"},"query-input":"required name=search_term_string"}],"inLanguage":"es-AR"},{"@type":"WebPage","@id":"https:\/\/faya.unse.edu.ar\/index.php\/certificados-digitales-disponibles\/#webpage","url":"https:\/\/faya.unse.edu.ar\/index.php\/certificados-digitales-disponibles\/","name":"Certificados Digitales Disponibles | Facultad de Agronom\u00eda y Agroindustrias UNSE | FAyA UNSE","isPartOf":{"@id":"https:\/\/faya.unse.edu.ar\/#website"},"datePublished":"2019-06-21T14:31:07+00:00","dateModified":"2025-09-11T16:28:47+00:00","breadcrumb":{"@id":"https:\/\/faya.unse.edu.ar\/index.php\/certificados-digitales-disponibles\/#breadcrumb"},"inLanguage":"es-AR","potentialAction":[{"@type":"ReadAction","target":["https:\/\/faya.unse.edu.ar\/index.php\/certificados-digitales-disponibles\/"]}]},{"@type":"BreadcrumbList","@id":"https:\/\/faya.unse.edu.ar\/index.php\/certificados-digitales-disponibles\/#breadcrumb","itemListElement":[{"@type":"ListItem","position":1,"name":"Home","item":"https:\/\/faya.unse.edu.ar\/"},{"@type":"ListItem","position":2,"name":"Certificados Digitales Disponibles"}]}]}},"_links":{"self":[{"href":"https:\/\/faya.unse.edu.ar\/index.php\/wp-json\/wp\/v2\/pages\/19840"}],"collection":[{"href":"https:\/\/faya.unse.edu.ar\/index.php\/wp-json\/wp\/v2\/pages"}],"about":[{"href":"https:\/\/faya.unse.edu.ar\/index.php\/wp-json\/wp\/v2\/types\/page"}],"author":[{"embeddable":true,"href":"https:\/\/faya.unse.edu.ar\/index.php\/wp-json\/wp\/v2\/users\/2"}],"replies":[{"embeddable":true,"href":"https:\/\/faya.unse.edu.ar\/index.php\/wp-json\/wp\/v2\/comments?post=19840"}],"version-history":[{"count":65,"href":"https:\/\/faya.unse.edu.ar\/index.php\/wp-json\/wp\/v2\/pages\/19840\/revisions"}],"predecessor-version":[{"id":35096,"href":"https:\/\/faya.unse.edu.ar\/index.php\/wp-json\/wp\/v2\/pages\/19840\/revisions\/35096"}],"wp:attachment":[{"href":"https:\/\/faya.unse.edu.ar\/index.php\/wp-json\/wp\/v2\/media?parent=19840"}],"curies":[{"name":"wp","href":"https:\/\/api.w.org\/{rel}","templated":true}]}}