{"id":23062,"date":"2025-12-30T10:19:45","date_gmt":"2025-12-30T13:19:45","guid":{"rendered":"http:\/\/faya.unse.edu.ar\/?page_id=23062"},"modified":"2026-02-06T14:47:16","modified_gmt":"2026-02-06T17:47:16","slug":"calendario-academico-2026","status":"publish","type":"page","link":"https:\/\/faya.unse.edu.ar\/index.php\/calendario-academico-2026\/","title":{"rendered":"Calendario Acad\u00e9mico 2026"},"content":{"rendered":"\n<p>El <strong>Calendario Acad\u00e9mico 2026<\/strong> fue aprobado por el Consejo Directivo FAyA, a trav\u00e9s de la <strong>Resoluci\u00f3n CDFAA N\u00b0 246\/2025<\/strong>, modificado por Res FAA 001\/2026<\/p>\n\n\n\n<p><em>DESCARGAR <a href=\"https:\/\/faya.unse.edu.ar\/wp-content\/uploads\/001-2026.pdf\" target=\"_blank\" rel=\"noreferrer noopener\"><strong>CALENDARIO ACAD\u00c9MICO 2026<\/strong><\/a><\/em><\/p>\n\n\n\n<div style=\"height:35px\" aria-hidden=\"true\" class=\"wp-block-spacer\"><\/div>\n\n\n\n<figure class=\"wp-block-table is-style-stripes\"><table><tbody><tr><td><strong>INICIO DE ACTIVIDADES ACAD\u00c9MICAS<\/strong><\/td><td><strong>2\/2\/2026<\/strong><\/td><\/tr><tr><td><strong>CIERRE DEL A\u00d1O ACAD\u00c9MICO 2025<\/strong> (sin ex\u00e1menes ni inscripciones)<\/td><td><strong>18\/03\/2026<\/strong> al <strong>20\/03\/2026<\/strong><\/td><\/tr><tr><td><strong>INICIO DE CLASES 1\u00b0 CUATRIMESTRE<\/strong><\/td><td><strong>25\/3\/2026<\/strong><\/td><\/tr><tr><td><strong>INSCRIPCIONES PARA EL A\u00d1O ACADEMICO 2026<\/strong><\/td><td>25\/03\/2026 al 03\/04\/2026<\/td><\/tr><tr><td><strong>1\u00b0 LLAMADO DE EX\u00c1MENES DURANTE EL CURSADO<\/strong> (sin suspensi\u00f3n de clases)&nbsp;<\/td><td><strong>06\/04\/2026<\/strong> al <strong>10\/04\/2026<\/strong><\/td><\/tr><tr><td><strong>REAPERTURA DEL SIU PARA INSCRIPCIONES&nbsp;<\/strong><\/td><td>13\/04\/2026 al 17\/04\/2026<\/td><\/tr><tr><td><strong>2\u00b0 LLAMADO DE EX\u00c1MENES DURANTE EL CURSADO<\/strong> (sin suspensi\u00f3n de clases)&nbsp;<\/td><td><strong>04\/05\/2026<\/strong> al <strong>08\/05\/2026<\/strong><\/td><\/tr><tr><td><strong>REAPERTURA DEL SIU PARA INSCRIPCIONES&nbsp;<\/strong><\/td><td>11\/05\/2026 al 15\/05\/2026<\/td><\/tr><tr><td><strong>SEMANA DE LA MIEL<\/strong><\/td><td>11\/05\/2026 al 15\/05\/2026<\/td><\/tr><tr><td><strong>1\u00aa MESA EXAMINADORA ESPECIAL<\/strong><\/td><td>16\/06\/2026 al 19\/06\/2026<\/td><\/tr><tr><td><strong>SEMANA DE LA BIOTECNOLOG\u00cdA<\/strong><\/td><td>16\/06\/2026 al 19\/06\/2026<\/td><\/tr><tr><td><strong>FINALIZACI\u00d3N DE CLASES DEL 1\u00b0 CUATRIMESTRE&nbsp;&nbsp;<\/strong><\/td><td><strong>3\/7\/2026<\/strong><\/td><\/tr><tr><td><strong>3\u00b0 LLAMADO DE EX\u00c1MENES&nbsp;<\/strong><\/td><td><strong>13\/07\/2026<\/strong> al <strong>17\/07\/2026<\/strong><\/td><\/tr><tr><td><strong>RECESO INVERNAL<\/strong><\/td><td>20\/07\/2026 al 31\/07\/2026<\/td><\/tr><tr><td><strong>SEMANA DE LA AGRONOM\u00cdA<\/strong><\/td><td>03\/08\/2026 al 07\/08\/2026<\/td><\/tr><tr><td><strong>INSCRIPCI\u00d3N CURSO DE INGRESO 2027 MODALIDAD EXTENDIDO<\/strong><\/td><td>10\/08\/2026 al 18\/12\/2026<\/td><\/tr><tr><td><strong>4\u00b0 LLAMADO DE EX\u00c1MENES&nbsp;<\/strong><\/td><td><strong>10\/08\/2026 <\/strong>al <strong>14\/08\/2026<\/strong><\/td><\/tr><tr><td><strong>INICIO DE CLASES 2\u00ba CUATRIMESTRE<\/strong><\/td><td><strong>18\/8\/2026<\/strong><\/td><\/tr><tr><td><strong>INSCRIPCIONES ASIGNATURAS DEL 2\u00ba CUATRIMESTRE<\/strong><\/td><td>18\/08\/2026 al 28\/08\/2026<\/td><\/tr><tr><td><strong>LA UNSE ABRE SUS PUERTAS<\/strong> (sin suspensi\u00f3n de clases)<\/td><td>24\/08\/2026 y 25\/08\/2026<\/td><\/tr><tr><td><strong>5\u00ba LLAMADO DE EX\u00c1MENES DURANTE EL CURSADO<\/strong>&nbsp; (sin suspensi\u00f3n de clases)<\/td><td><strong>31\/08\/2026<\/strong> al <strong>04\/09\/2026<\/strong><\/td><\/tr><tr><td><strong>REAPERTURA DEL SIU PARA INSCRIPCIONES<\/strong><\/td><td>07\/09\/2026 al 11\/09\/2026<\/td><\/tr><tr><td><strong>6\u00b0 LLAMADO DE EX\u00c1MENES<\/strong> (sin suspensi\u00f3n de clases)<\/td><td><strong>28\/09\/2026<\/strong> al <strong>02\/10\/2026<\/strong><\/td><\/tr><tr><td><strong>REAPERTURA DEL SIU PARA INSCRIPCIONES<\/strong><\/td><td>05\/10\/2026 al 09\/10\/2026<\/td><\/tr><tr><td><strong>INICIO CURSO INGRESO 2027 MODALIDAD EXTENDIDO<\/strong><\/td><td>5\/10\/2026<\/td><\/tr><tr><td><strong>XII RALLY LATINOAMERICANO DE INNOVACI\u00d3N<\/strong><\/td><td>A definir<\/td><\/tr><tr><td><strong>SEMANA DE LA ALIMENTACION<\/strong><\/td><td>13\/10\/2026 al 16\/10\/2026<\/td><\/tr><tr><td><strong>XIV JORNADAS DE ESTUDIANTES Y JOVENES INVESTIGADORES (JE y JI)&nbsp;<\/strong> (con suspensi\u00f3n de actividades acad\u00e9micas)<\/td><td>30\/10\/2026<\/td><\/tr><tr><td><strong>2\u00aa MESA EXAMINADORA ESPECIAL<\/strong><\/td><td>09\/11\/2026 al 13\/11\/2026<\/td><\/tr><tr><td><strong>SEMANA DE LA QU\u00cdMICA<\/strong><\/td><td>24\/11\/2026 al 27\/11\/2026<\/td><\/tr><tr><td><strong>FINALIZACI\u00d3N DE CLASES DEL 2\u00b0 CUATRIMESTRE&nbsp;<\/strong><\/td><td><strong>27\/11\/2026<\/strong><\/td><\/tr><tr><td><strong>7\u00b0 LLAMADO DE EX\u00c1MENES<\/strong><\/td><td><strong>02\/12\/2026<\/strong> al <strong>04\/12\/2026<\/strong><\/td><\/tr><tr><td><strong>8\u00b0 LLAMADO DE EX\u00c1MENES<\/strong><\/td><td><strong>14\/12\/2026<\/strong> al <strong>18\/12\/2026<\/strong><\/td><\/tr><tr><td><strong>CIERRE DE ACTIVIDADES DOCENTES&nbsp;<\/strong><\/td><td><strong>23\/12\/2026<\/strong><\/td><\/tr><tr><td><strong>INSCRIPCI\u00d3N CURSO DE INGRESO&nbsp; 2027 MODALIDAD INTENSIVO<\/strong><\/td><td>21\/12\/2026 al 12\/03\/2027<\/td><\/tr><tr><td><strong>RECESO DE VERANO<\/strong><\/td><td>24\/12\/2026 al 31\/01\/2027<\/td><\/tr><tr><td><strong>SERVICIOS DE FAyA CON GUARDIA &#8211; A\u00d1O 2026-2027<\/strong><\/td><td>24\/12\/2026 al 31\/01\/2027<\/td><\/tr><tr><td><strong>INICIO DE ACTIVIDADES ACAD\u00c9MICAS 2027<\/strong><\/td><td>1\/2\/2027<\/td><\/tr><tr><td><strong>INICIO CURSO DE INGRESO 2027 &#8211;&nbsp; MODALIDAD INTENSIVO<\/strong><\/td><td><strong>1\/2\/2027<\/strong><\/td><\/tr><tr><td><strong>9\u00b0 LLAMADO DE EX\u00c1MENES<\/strong><\/td><td><strong>08\/02\/2027<\/strong> al <strong>12\/02\/2027<\/strong><\/td><\/tr><tr><td><strong>10\u00b0 LLAMADO DE EX\u00c1MENES<\/strong><\/td><td><strong>22\/02\/2027<\/strong> al <strong>26\/02\/2027<\/strong><\/td><\/tr><tr><td><strong>11\u00b0 LLAMADO DE EX\u00c1MENES<\/strong><\/td><td><strong>08\/03\/2027<\/strong> al <strong>12\/03\/2027<\/strong><\/td><\/tr><tr><td><strong>CIERRE A\u00d1O ACAD\u00c9MICO 2026<\/strong> (sin ex\u00e1menes ni inscripciones)<\/td><td>17\/03\/2027 al 19\/03\/2027<\/td><\/tr><\/tbody><\/table><\/figure>\n\n\n\n<p><\/p>\n","protected":false},"excerpt":{"rendered":"<p>El Calendario Acad\u00e9mico 2026 fue aprobado por el Consejo Directivo FAyA, a trav\u00e9s de la Resoluci\u00f3n CDFAA N\u00b0 246\/2025, modificado por Res FAA 001\/2026 DESCARGAR CALENDARIO ACAD\u00c9MICO 2026 INICIO DE ACTIVIDADES ACAD\u00c9MICAS 2\/2\/2026 CIERRE DEL A\u00d1O ACAD\u00c9MICO 2025 (sin ex\u00e1menes ni inscripciones) 18\/03\/2026 al 20\/03\/2026&#8230;<\/p>\n","protected":false},"author":2,"featured_media":35567,"parent":0,"menu_order":0,"comment_status":"closed","ping_status":"closed","template":"","meta":{"_mi_skip_tracking":false},"yoast_head":"<!-- This site is optimized with the Yoast SEO plugin v17.7.1 - https:\/\/yoast.com\/wordpress\/plugins\/seo\/ -->\n<meta name=\"robots\" content=\"index, follow, max-snippet:-1, max-image-preview:large, max-video-preview:-1\" \/>\n<link rel=\"canonical\" href=\"https:\/\/faya.unse.edu.ar\/index.php\/calendario-academico-2026\/\" \/>\n<meta property=\"og:locale\" content=\"es_ES\" \/>\n<meta property=\"og:type\" content=\"article\" \/>\n<meta property=\"og:title\" content=\"Calendario Acad\u00e9mico 2026 | Facultad de Agronom\u00eda y Agroindustrias UNSE | FAyA UNSE\" \/>\n<meta property=\"og:description\" content=\"El Calendario Acad\u00e9mico 2026 fue aprobado por el Consejo Directivo FAyA, a trav\u00e9s de la Resoluci\u00f3n CDFAA N\u00b0 246\/2025, modificado por Res FAA 001\/2026 DESCARGAR CALENDARIO ACAD\u00c9MICO 2026 INICIO DE ACTIVIDADES ACAD\u00c9MICAS 2\/2\/2026 CIERRE DEL A\u00d1O ACAD\u00c9MICO 2025 (sin ex\u00e1menes ni inscripciones) 18\/03\/2026 al 20\/03\/2026...\" \/>\n<meta property=\"og:url\" content=\"https:\/\/faya.unse.edu.ar\/index.php\/calendario-academico-2026\/\" \/>\n<meta property=\"og:site_name\" content=\"Facultad de Agronom\u00eda y Agroindustrias UNSE | FAyA UNSE\" \/>\n<meta property=\"article:publisher\" content=\"https:\/\/www.facebook.com\/agroUNSE\/\" \/>\n<meta property=\"article:modified_time\" content=\"2026-02-06T17:47:16+00:00\" \/>\n<meta property=\"og:image\" content=\"https:\/\/faya.unse.edu.ar\/wp-content\/uploads\/CALENDARIO2026-01.png\" \/>\n\t<meta property=\"og:image:width\" content=\"2001\" \/>\n\t<meta property=\"og:image:height\" content=\"1251\" \/>\n<meta name=\"twitter:card\" content=\"summary_large_image\" \/>\n<meta name=\"twitter:site\" content=\"@fayaunse\" \/>\n<meta name=\"twitter:label1\" content=\"Tiempo de lectura\" \/>\n\t<meta name=\"twitter:data1\" content=\"2 minutos\" \/>\n<script type=\"application\/ld+json\" class=\"yoast-schema-graph\">{\"@context\":\"https:\/\/schema.org\",\"@graph\":[{\"@type\":\"WebSite\",\"@id\":\"https:\/\/faya.unse.edu.ar\/#website\",\"url\":\"https:\/\/faya.unse.edu.ar\/\",\"name\":\"Facultad de Agronom\\u00eda y Agroindustrias UNSE | FAyA UNSE\",\"description\":\"\",\"potentialAction\":[{\"@type\":\"SearchAction\",\"target\":{\"@type\":\"EntryPoint\",\"urlTemplate\":\"https:\/\/faya.unse.edu.ar\/?s={search_term_string}\"},\"query-input\":\"required name=search_term_string\"}],\"inLanguage\":\"es-AR\"},{\"@type\":\"ImageObject\",\"@id\":\"https:\/\/faya.unse.edu.ar\/index.php\/calendario-academico-2026\/#primaryimage\",\"inLanguage\":\"es-AR\",\"url\":\"https:\/\/faya.unse.edu.ar\/wp-content\/uploads\/CALENDARIO2026-01.png\",\"contentUrl\":\"https:\/\/faya.unse.edu.ar\/wp-content\/uploads\/CALENDARIO2026-01.png\",\"width\":2001,\"height\":1251},{\"@type\":\"WebPage\",\"@id\":\"https:\/\/faya.unse.edu.ar\/index.php\/calendario-academico-2026\/#webpage\",\"url\":\"https:\/\/faya.unse.edu.ar\/index.php\/calendario-academico-2026\/\",\"name\":\"Calendario Acad\\u00e9mico 2026 | Facultad de Agronom\\u00eda y Agroindustrias UNSE | FAyA UNSE\",\"isPartOf\":{\"@id\":\"https:\/\/faya.unse.edu.ar\/#website\"},\"primaryImageOfPage\":{\"@id\":\"https:\/\/faya.unse.edu.ar\/index.php\/calendario-academico-2026\/#primaryimage\"},\"datePublished\":\"2025-12-30T13:19:45+00:00\",\"dateModified\":\"2026-02-06T17:47:16+00:00\",\"breadcrumb\":{\"@id\":\"https:\/\/faya.unse.edu.ar\/index.php\/calendario-academico-2026\/#breadcrumb\"},\"inLanguage\":\"es-AR\",\"potentialAction\":[{\"@type\":\"ReadAction\",\"target\":[\"https:\/\/faya.unse.edu.ar\/index.php\/calendario-academico-2026\/\"]}]},{\"@type\":\"BreadcrumbList\",\"@id\":\"https:\/\/faya.unse.edu.ar\/index.php\/calendario-academico-2026\/#breadcrumb\",\"itemListElement\":[{\"@type\":\"ListItem\",\"position\":1,\"name\":\"Home\",\"item\":\"https:\/\/faya.unse.edu.ar\/\"},{\"@type\":\"ListItem\",\"position\":2,\"name\":\"Calendario Acad\\u00e9mico 2026\"}]}]}<\/script>\n<!-- \/ Yoast SEO plugin. -->","yoast_head_json":{"robots":{"index":"index","follow":"follow","max-snippet":"max-snippet:-1","max-image-preview":"max-image-preview:large","max-video-preview":"max-video-preview:-1"},"canonical":"https:\/\/faya.unse.edu.ar\/index.php\/calendario-academico-2026\/","og_locale":"es_ES","og_type":"article","og_title":"Calendario Acad\u00e9mico 2026 | Facultad de Agronom\u00eda y Agroindustrias UNSE | FAyA UNSE","og_description":"El Calendario Acad\u00e9mico 2026 fue aprobado por el Consejo Directivo FAyA, a trav\u00e9s de la Resoluci\u00f3n CDFAA N\u00b0 246\/2025, modificado por Res FAA 001\/2026 DESCARGAR CALENDARIO ACAD\u00c9MICO 2026 INICIO DE ACTIVIDADES ACAD\u00c9MICAS 2\/2\/2026 CIERRE DEL A\u00d1O ACAD\u00c9MICO 2025 (sin ex\u00e1menes ni inscripciones) 18\/03\/2026 al 20\/03\/2026...","og_url":"https:\/\/faya.unse.edu.ar\/index.php\/calendario-academico-2026\/","og_site_name":"Facultad de Agronom\u00eda y Agroindustrias UNSE | FAyA UNSE","article_publisher":"https:\/\/www.facebook.com\/agroUNSE\/","article_modified_time":"2026-02-06T17:47:16+00:00","og_image":[{"width":2001,"height":1251,"url":"https:\/\/faya.unse.edu.ar\/wp-content\/uploads\/CALENDARIO2026-01.png","type":"image\/png"}],"twitter_card":"summary_large_image","twitter_site":"@fayaunse","twitter_misc":{"Tiempo de lectura":"2 minutos"},"schema":{"@context":"https:\/\/schema.org","@graph":[{"@type":"WebSite","@id":"https:\/\/faya.unse.edu.ar\/#website","url":"https:\/\/faya.unse.edu.ar\/","name":"Facultad de Agronom\u00eda y Agroindustrias UNSE | FAyA UNSE","description":"","potentialAction":[{"@type":"SearchAction","target":{"@type":"EntryPoint","urlTemplate":"https:\/\/faya.unse.edu.ar\/?s={search_term_string}"},"query-input":"required name=search_term_string"}],"inLanguage":"es-AR"},{"@type":"ImageObject","@id":"https:\/\/faya.unse.edu.ar\/index.php\/calendario-academico-2026\/#primaryimage","inLanguage":"es-AR","url":"https:\/\/faya.unse.edu.ar\/wp-content\/uploads\/CALENDARIO2026-01.png","contentUrl":"https:\/\/faya.unse.edu.ar\/wp-content\/uploads\/CALENDARIO2026-01.png","width":2001,"height":1251},{"@type":"WebPage","@id":"https:\/\/faya.unse.edu.ar\/index.php\/calendario-academico-2026\/#webpage","url":"https:\/\/faya.unse.edu.ar\/index.php\/calendario-academico-2026\/","name":"Calendario Acad\u00e9mico 2026 | Facultad de Agronom\u00eda y Agroindustrias UNSE | FAyA UNSE","isPartOf":{"@id":"https:\/\/faya.unse.edu.ar\/#website"},"primaryImageOfPage":{"@id":"https:\/\/faya.unse.edu.ar\/index.php\/calendario-academico-2026\/#primaryimage"},"datePublished":"2025-12-30T13:19:45+00:00","dateModified":"2026-02-06T17:47:16+00:00","breadcrumb":{"@id":"https:\/\/faya.unse.edu.ar\/index.php\/calendario-academico-2026\/#breadcrumb"},"inLanguage":"es-AR","potentialAction":[{"@type":"ReadAction","target":["https:\/\/faya.unse.edu.ar\/index.php\/calendario-academico-2026\/"]}]},{"@type":"BreadcrumbList","@id":"https:\/\/faya.unse.edu.ar\/index.php\/calendario-academico-2026\/#breadcrumb","itemListElement":[{"@type":"ListItem","position":1,"name":"Home","item":"https:\/\/faya.unse.edu.ar\/"},{"@type":"ListItem","position":2,"name":"Calendario Acad\u00e9mico 2026"}]}]}},"_links":{"self":[{"href":"https:\/\/faya.unse.edu.ar\/index.php\/wp-json\/wp\/v2\/pages\/23062"}],"collection":[{"href":"https:\/\/faya.unse.edu.ar\/index.php\/wp-json\/wp\/v2\/pages"}],"about":[{"href":"https:\/\/faya.unse.edu.ar\/index.php\/wp-json\/wp\/v2\/types\/page"}],"author":[{"embeddable":true,"href":"https:\/\/faya.unse.edu.ar\/index.php\/wp-json\/wp\/v2\/users\/2"}],"replies":[{"embeddable":true,"href":"https:\/\/faya.unse.edu.ar\/index.php\/wp-json\/wp\/v2\/comments?post=23062"}],"version-history":[{"count":17,"href":"https:\/\/faya.unse.edu.ar\/index.php\/wp-json\/wp\/v2\/pages\/23062\/revisions"}],"predecessor-version":[{"id":35626,"href":"https:\/\/faya.unse.edu.ar\/index.php\/wp-json\/wp\/v2\/pages\/23062\/revisions\/35626"}],"wp:featuredmedia":[{"embeddable":true,"href":"https:\/\/faya.unse.edu.ar\/index.php\/wp-json\/wp\/v2\/media\/35567"}],"wp:attachment":[{"href":"https:\/\/faya.unse.edu.ar\/index.php\/wp-json\/wp\/v2\/media?parent=23062"}],"curies":[{"name":"wp","href":"https:\/\/api.w.org\/{rel}","templated":true}]}}