{"id":25754,"date":"2020-12-28T14:05:58","date_gmt":"2020-12-28T17:05:58","guid":{"rendered":"http:\/\/faya.unse.edu.ar\/?page_id=25754"},"modified":"2021-07-07T17:09:21","modified_gmt":"2021-07-07T20:09:21","slug":"calendario-academico-2021","status":"publish","type":"page","link":"https:\/\/faya.unse.edu.ar\/index.php\/calendario-academico-2021\/","title":{"rendered":"Calendario Acad\u00e9mico 2021"},"content":{"rendered":"<p>[vc_row css_animation=&#8221;&#8221; row_type=&#8221;row&#8221; use_row_as_full_screen_section=&#8221;no&#8221; type=&#8221;grid&#8221; angled_section=&#8221;no&#8221; text_align=&#8221;left&#8221; background_image_as_pattern=&#8221;without_pattern&#8221; z_index=&#8221;&#8221;][vc_column width=&#8221;1\/6&#8243;][\/vc_column][vc_column width=&#8221;2\/3&#8243;][vc_column_text css=&#8221;.vc_custom_1609193956075{margin-bottom: 20px !important;}&#8221;]<\/p>\n<p style=\"text-align: center;\">El <b>Calendario Acad\u00e9mico 2021<\/b> fue aprobado por el Consejo Directivo FAyA, a trav\u00e9s de la Resoluci\u00f3n CD FAA N\u00b0 139\/2020.<\/p>\n<p style=\"text-align: center;\"><span style=\"color: #9e3820;\" data-darkreader-inline-color=\"\"><strong><a style=\"color: #9e3820;\" href=\"https:\/\/faya.unse.edu.ar\/wp-content\/uploads\/Res-CDFAA-139-2020-Aprueba-Calendario-Acad\u00e9mico-2021-FAyA.pdf\" data-darkreader-inline-color=\"\">Descargar la Resoluci\u00f3n C.D. F.A.A. N\u00b0139\/2020<\/a><\/strong><\/span><\/p>\n<p style=\"text-align: center;\"><span style=\"color: #9e3820;\" data-darkreader-inline-color=\"\"><strong><a style=\"color: #9e3820;\" href=\"https:\/\/faya.unse.edu.ar\/wp-content\/uploads\/CALENDARIO-ACAD\u00c9MICO-FAYA-UNSE-2021.pdf\" data-darkreader-inline-color=\"\">Descargar el Calendario Acad\u00e9mico<\/a><\/strong><\/span><\/p>\n<p>[\/vc_column_text][\/vc_column][vc_column width=&#8221;1\/6&#8243;][\/vc_column][\/vc_row][vc_row css_animation=&#8221;&#8221; row_type=&#8221;row&#8221; use_row_as_full_screen_section=&#8221;no&#8221; type=&#8221;grid&#8221; angled_section=&#8221;no&#8221; text_align=&#8221;center&#8221; background_image_as_pattern=&#8221;without_pattern&#8221; z_index=&#8221;&#8221; el_id=&#8221;TablaScroll&#8221;][vc_column width=&#8221;1\/6&#8243;][\/vc_column][vc_column width=&#8221;2\/3&#8243;][vc_separator type=&#8221;normal&#8221; up=&#8221;10&#8243; down=&#8221;15&#8243;][vc_row_inner row_type=&#8221;row&#8221; type=&#8221;full_width&#8221; text_align=&#8221;left&#8221; css_animation=&#8221;&#8221; css=&#8221;.vc_custom_1576153693789{padding-top: 10px !important;padding-right: 10px !important;padding-bottom: 10px !important;padding-left: 10px !important;}&#8221;][vc_column_inner][vc_column_text]<\/p>\n<table class=\"aligncenter\" width=\"614\">\n<tbody>\n<tr>\n<td style=\"text-align: center;\" colspan=\"2\" width=\"614\"><strong>CALENDARIO ACAD\u00c9MICO 2021 <\/strong><\/td>\n<\/tr>\n<tr>\n<td width=\"425\"><strong>CIERRE DEL A\u00d1O ACAD\u00c9MICO 2020<\/strong><\/td>\n<td width=\"189\">05-04-21 al 09-04-21<\/td>\n<\/tr>\n<tr>\n<td width=\"425\"><strong>INICIO DE CLASES 2\u00ba a 5\u00ba A\u00d1O <\/strong><\/td>\n<td width=\"189\">05-04-2021<\/td>\n<\/tr>\n<tr>\n<td width=\"425\"><strong>INICIO DE CLASES 1\u00ba A\u00d1O <\/strong><\/td>\n<td width=\"189\">03-05-2021<\/td>\n<\/tr>\n<tr>\n<td width=\"425\"><strong>INSCRIPCIONES PARA EL A\u00d1O ACADEMICO 2021 <\/strong><\/td>\n<td width=\"189\"><strong>12-04-2021 al 23-04-2021<\/strong><\/td>\n<\/tr>\n<tr>\n<td width=\"425\"><strong>1\u00b0 LLAMADO DE EX\u00c1MENES DURANTE EL CURSADO<\/strong><\/p>\n<p><strong>(SIN SUSPENSION DE CLASES) <\/strong><\/td>\n<td width=\"189\">03-05-2021 al 07-05-2021<\/td>\n<\/tr>\n<tr>\n<td width=\"425\"><strong>REAPERTURA DEL SIU PARA INSCRIPCIONES <\/strong><\/td>\n<td width=\"189\">10-05-2021 al 14-05-2021<\/td>\n<\/tr>\n<tr>\n<td width=\"425\"><strong>2\u00b0 LLAMADO DE EX\u00c1MENES DURANTE EL CURSADO (SIN SUSPENSION DE CLASES) <\/strong><\/td>\n<td width=\"189\">07-06-2021 al 11-06-2021<\/td>\n<\/tr>\n<tr>\n<td width=\"425\"><strong>REAPERTURA DEL SIU PARA INSCRIPCIONES <\/strong><\/td>\n<td width=\"189\">14-06-2021 al 18-06-20<\/td>\n<\/tr>\n<tr>\n<td width=\"425\"><strong>FINALIZACI\u00d3N DE CLASES DEL PRIMER CUATRIMESTRE (2\u00ba a 5\u00ba A\u00d1O) <\/strong><\/td>\n<td width=\"189\">16-07-21<\/td>\n<\/tr>\n<tr>\n<td width=\"425\"><strong>RECESO INVERNAL<\/strong><\/td>\n<td width=\"189\"><strong>19-07-2021 al 30-07-21<\/strong><\/td>\n<\/tr>\n<tr>\n<td width=\"425\"><strong>3\u00b0 LLAMADO DE EX\u00c1MENES <\/strong><\/td>\n<td width=\"189\">02-08-2021 al 06-08-2021<\/td>\n<\/tr>\n<tr>\n<td width=\"425\"><strong>4\u00b0 LLAMADO DE EXAMENES <\/strong><\/td>\n<td width=\"189\">16-08-2021 al 20-08-2021<\/td>\n<\/tr>\n<tr>\n<td width=\"425\"><strong>FINALIZACI\u00d3N DE CLASES DEL PRIMER CUATRIMESTRE (1\u00ba A\u00d1O) <\/strong><\/td>\n<td width=\"189\"><strong>27-08-2021<\/strong><\/td>\n<\/tr>\n<tr>\n<td width=\"425\"><strong>5\u00b0 LLAMADO DE EXAMENES <\/strong><\/td>\n<td width=\"189\">30-08-2021 al 03-09-2021<\/td>\n<\/tr>\n<tr>\n<td width=\"425\"><strong>INICIO DE CLASES 2\u00ba CUATRIMESTRE (1\u00ba a 5\u00ba A\u00d1O) <\/strong><\/td>\n<td width=\"189\">06-09-2021<\/td>\n<\/tr>\n<tr>\n<td width=\"425\"><strong>INSCRIPCIONES ASIGNATURAS DEL 2\u00ba CUATRIMESTRE<\/strong><\/td>\n<td width=\"189\">06-09-2021 al 17-09-2021<\/td>\n<\/tr>\n<tr>\n<td width=\"425\"><strong>CURSO INGRESO 2022<\/strong><\/td>\n<td width=\"189\">04-10-2021<\/td>\n<\/tr>\n<tr>\n<td width=\"425\"><strong>PREINSCRIPCI\u00d3N INGRESANTES A\u00d1O 2022<\/strong><\/td>\n<td width=\"189\">04-10-2021<\/td>\n<\/tr>\n<tr>\n<td width=\"425\"><strong>6\u00ba LLAMADO DE EX\u00c1MENES DURANTE EL CURSADO (SIN SUSPENSION DE CLASES)<\/strong><\/td>\n<td width=\"189\">11-10-2021 al 15-10-2021<\/td>\n<\/tr>\n<tr>\n<td width=\"425\"><strong>REAPERTURA DEL SIU PARA INSCRIPCIONES<\/strong><\/td>\n<td width=\"189\">18-10-2021 al 22-10-2021<\/td>\n<\/tr>\n<\/tbody>\n<tbody>\n<tr>\n<td width=\"425\"><strong>7\u00ba LLAMADO DE EX\u00c1MENES DURANTE EL CURSADO (SIN SUSPENSION DE CLASES)<\/strong><\/td>\n<td width=\"189\">15-11-2021 al 19-11-2021<\/td>\n<\/tr>\n<tr>\n<td width=\"425\"><strong>REAPERTURA DEL SIU PARA INSCRIPCIONES<\/strong><\/td>\n<td width=\"189\">22-11-2021 al 26-11-2021<\/td>\n<\/tr>\n<tr>\n<td width=\"425\"><strong>FINALIZACI\u00d3N DE CLASES DEL SEGUNDO M\u00d3DULO <\/strong><\/td>\n<td width=\"189\"><strong>17-12-2021<\/strong><\/td>\n<\/tr>\n<tr>\n<td width=\"425\"><strong>8\u00b0 LLAMADO DE EX\u00c1MENES <\/strong><\/td>\n<td width=\"189\">20-12-2021 al 23-12-21<\/td>\n<\/tr>\n<tr>\n<td width=\"425\"><strong>CIERRE DE ACTIVIDADES DOCENTES<\/strong><\/td>\n<td width=\"189\">23-12-2021<\/td>\n<\/tr>\n<tr>\n<td width=\"425\"><strong>RECESO DE VERANO<\/strong><\/td>\n<td width=\"189\">24-12-2021 al 28-01-2022<\/td>\n<\/tr>\n<tr>\n<td width=\"425\"><strong>SERVICIOS DE FAyA CON GUARDIA &#8211; A\u00d1O 2022<\/strong><\/td>\n<td width=\"189\">03-01-2022<\/td>\n<\/tr>\n<tr>\n<td width=\"425\"><strong>INICIO DE ACTIVIDADES ACAD\u00c9MICAS 2022<\/strong><\/td>\n<td width=\"189\">31-01-2022<\/td>\n<\/tr>\n<tr>\n<td width=\"425\"><strong>CURSO DE INGRESO 2022<\/strong><\/td>\n<td width=\"189\">31-01-2022 al 25-03-2022<\/td>\n<\/tr>\n<tr>\n<td width=\"425\"><strong>9\u00b0 LLAMADO DE EX\u00c1MENES<\/strong><\/td>\n<td width=\"189\">07-02-2022 al 11-02-2022<\/td>\n<\/tr>\n<tr>\n<td width=\"425\"><strong>10\u00b0 LLAMADO DE EX\u00c1MENES<\/strong><\/td>\n<td width=\"189\">28-02-2022 al 04-03-2022<\/td>\n<\/tr>\n<tr>\n<td width=\"425\"><strong>11\u00b0 LLAMADO DE EX\u00c1MENES<\/strong><\/td>\n<td width=\"189\">21-03-2022 al 25-03-2022<\/td>\n<\/tr>\n<\/tbody>\n<\/table>\n<p>[\/vc_column_text][\/vc_column_inner][\/vc_row_inner][vc_row_inner row_type=&#8221;row&#8221; type=&#8221;full_width&#8221; text_align=&#8221;left&#8221; css_animation=&#8221;&#8221; css=&#8221;.vc_custom_1576153693789{padding-top: 10px !important;padding-right: 10px !important;padding-bottom: 10px !important;padding-left: 10px !important;}&#8221;][vc_column_inner][vc_column_text]<\/p>\n<p style=\"text-align: center;\"><strong>CALENDARIO DE ACTIVIDADES ACAD\u00c9MICAS A\u00d1O 2021,<\/strong><\/p>\n<p style=\"text-align: center;\"><strong>D\u00cdAS \u00a0DE FERIADOS Y D\u00cdAS NO LABORALES 2021<\/strong><\/p>\n<table class=\"aligncenter\" width=\"605\">\n<tbody>\n<tr>\n<td width=\"217\">Viernes 1 de Enero<\/td>\n<td width=\"387\">A\u00f1o Nuevo<\/td>\n<\/tr>\n<tr>\n<td width=\"217\">Lunes 4 y Martes 5 de Marzo<\/td>\n<td width=\"387\">Lunes y Martes de Carnaval<\/td>\n<\/tr>\n<tr>\n<td width=\"217\">Mi\u00e9rcoles 24 de Marzo<\/td>\n<td width=\"387\">D\u00eda Nacional de la Memoria por la Verdad y la Justicia<\/td>\n<\/tr>\n<tr>\n<td width=\"217\">Viernes 2 de Abril<\/td>\n<td width=\"387\">D\u00eda del Veterano y de los Ca\u00eddos en la Guerra en Malvinas<\/td>\n<\/tr>\n<tr>\n<td width=\"217\">Jueves 1 y Viernes 2 de Abril<\/td>\n<td width=\"387\">Jueves y Viernes Santo<\/td>\n<\/tr>\n<tr>\n<td width=\"217\">Martes 27 de Abril<\/td>\n<td width=\"387\">D\u00eda de la Autonom\u00eda Provincial<\/td>\n<\/tr>\n<tr>\n<td width=\"217\">S\u00e1bado 1 de Mayo<\/td>\n<td width=\"387\">D\u00eda del Trabajador<\/td>\n<\/tr>\n<tr>\n<td width=\"217\">Lunes 10 de Mayo<\/td>\n<td width=\"387\">Aniversario Creaci\u00f3n UNSE<\/td>\n<\/tr>\n<tr>\n<td width=\"217\">Martes 25 de Mayo<\/td>\n<td width=\"387\">Aniversario Revoluci\u00f3n de Mayo<\/td>\n<\/tr>\n<tr>\n<td width=\"217\">Jueves 17 de Junio<\/td>\n<td width=\"387\">D\u00eda Paso a la Inmortalidad del Gral. Don Mart\u00edn de G\u00fcemes<\/td>\n<\/tr>\n<tr>\n<td width=\"217\">Domingo 20 Junio<\/td>\n<td width=\"387\">D\u00eda Paso a la Inmortalidad del Gral. Don Manuel Belgrano<\/td>\n<\/tr>\n<tr>\n<td width=\"217\">Viernes 9 de Julio<\/td>\n<td width=\"387\">D\u00eda de la Independencia<\/td>\n<\/tr>\n<tr>\n<td width=\"217\">Domingo 25 de Julio<\/td>\n<td width=\"387\">Aniversario de la Fundaci\u00f3n de Santiago del Estero<\/td>\n<\/tr>\n<tr>\n<td width=\"217\">Martes 17 de Agosto<\/td>\n<td width=\"387\">Paso a la Inmortalidad del Gral. Don Jos\u00e9 de San Mart\u00edn<\/td>\n<\/tr>\n<tr>\n<td width=\"217\">Viernes 17 de Septiembre<\/td>\n<td width=\"387\">D\u00eda del Profesor<\/td>\n<\/tr>\n<tr>\n<td width=\"217\">Martes 21 de Septiembre<\/td>\n<td width=\"387\">D\u00eda del Estudiante<\/td>\n<\/tr>\n<tr>\n<td width=\"217\">Martes 12 de Octubre<\/td>\n<td width=\"387\">D\u00eda del Respeto a la Diversidad Cultural<\/td>\n<\/tr>\n<tr>\n<td width=\"217\">Jueves 18 de Noviembre<\/td>\n<td width=\"387\">D\u00eda de la Soberan\u00eda Nacional<\/td>\n<\/tr>\n<tr>\n<td width=\"217\">Viernes 26 de Noviembre<\/td>\n<td width=\"387\">D\u00eda del Trabajador de las Universidades Nacionales<\/td>\n<\/tr>\n<tr>\n<td width=\"217\">Mi\u00e9rcoles 8 de Diciembre<\/td>\n<td width=\"387\">D\u00eda de la Inmaculada Concepci\u00f3n de Mar\u00eda<\/td>\n<\/tr>\n<tr>\n<td width=\"217\">S\u00e1bado 25 de Diciembre<\/td>\n<td width=\"387\">Navidad<\/td>\n<\/tr>\n<\/tbody>\n<\/table>\n<p>&nbsp;<\/p>\n<p><strong>Nota: Queda a decisi\u00f3n de cada Unidad Acad\u00e9mica adherirse a los asuetos no previstos en este calendario. <\/strong><\/p>\n<p><strong>Asuetos provinciales:<\/strong><\/p>\n<p>Martes 02 de Noviembre \u2013 D\u00eda de los fieles difuntos<\/p>\n<p>Martes 23 de Noviembre \u2013 D\u00eda de la Virgen de Sumampa<\/p>\n<p><strong>\u00a0<\/strong><\/p>\n<p style=\"text-align: center;\"><strong>ACTOS ACAD\u00c9MICOS DE RELEVANCIA<\/strong><\/p>\n<table class=\"aligncenter\" width=\"548\">\n<tbody>\n<tr>\n<td width=\"406\">ACTO ANIVERSARIO UNSE<\/td>\n<td width=\"142\">Lunes 10\/05\/21<\/td>\n<\/tr>\n<tr>\n<td width=\"406\">97\u00ba ACTO ACAD\u00c9MICO DE COLACI\u00d3N DE GRADO &#8211; FACULTADES<\/td>\n<td width=\"142\">Viernes 14\/05\/21<\/td>\n<\/tr>\n<tr>\n<td width=\"406\">97\u00ba ACTO ACAD\u00c9MICO DE COLACI\u00d3N DE GRADO \u2013 EIE \u2013 1\u00b0 Parte<\/td>\n<td width=\"142\">S\u00e1bado 15\/05\/21<\/td>\n<\/tr>\n<tr>\n<td width=\"406\">97\u00ba ACTO ACAD\u00c9MICO DE COLACI\u00d3N DE GRADO \u2013 EIE \u2013 2\u00b0 Parte<\/td>\n<td width=\"142\">S\u00e1bado 05\/06\/21<\/td>\n<\/tr>\n<tr>\n<td width=\"406\">98\u00ba ACTO ACAD\u00c9MICO DE COLACI\u00d3N DE GRADO &#8211; FACULTADES<\/td>\n<td width=\"142\">Viernes 10\/09\/21<\/td>\n<\/tr>\n<tr>\n<td width=\"406\">98\u00ba ACTO ACAD\u00c9MICO DE COLACI\u00d3N DE GRADO \u2013 EIE<\/td>\n<td width=\"142\">S\u00e1bado 11\/09\/21<\/td>\n<\/tr>\n<tr>\n<td width=\"406\">28\u00ba ACTO ACADEMICO DE COLACION DE POSTGRADO<\/td>\n<td width=\"142\">Viernes 15\/10\/21<\/td>\n<\/tr>\n<tr>\n<td width=\"406\">99\u00ba ACTO ACAD\u00c9MICO DE COLACI\u00d3N DE GRADO &#8211; FACULTADES<\/td>\n<td width=\"142\">Viernes 12\/11\/21<\/td>\n<\/tr>\n<tr>\n<td width=\"406\">99\u00ba ACTO ACAD\u00c9MICO DE COLACI\u00d3N DE GRADO \u2013 EIE<\/td>\n<td width=\"142\">S\u00e1bado 13\/11\/21<\/td>\n<\/tr>\n<tr>\n<td width=\"406\">ACTO ACAD\u00c9MICO DE COLACI\u00d3N DE LA EAGG<\/td>\n<td width=\"142\">A determinar<\/td>\n<\/tr>\n<\/tbody>\n<\/table>\n<p style=\"text-align: left;\">ECG\/ecg.-<\/p>\n<p style=\"text-align: left;\"><span style=\"color: #9e3820;\"><strong><a style=\"color: #9e3820;\" href=\"https:\/\/faya.unse.edu.ar\/wp-content\/uploads\/Res-CDFAA-139-2020-Aprueba-Calendario-Acad%C3%A9mico-2021-FAyA.pdf\">Resoluci\u00f3n CDFAA 139\/2020<\/a><\/strong><\/span> &#8211; <span style=\"color: #9e3820;\"><strong><a style=\"color: #9e3820;\" href=\"https:\/\/faya.unse.edu.ar\/wp-content\/uploads\/Res-CDFAA-N\u00b0-143-2020-Rectifica-calendario-Acad\u00e9mico-2021-1.pdf\">Rectificatoria CDFAA 143\/2020<\/a><\/strong><\/span><\/p>\n<p>[\/vc_column_text][\/vc_column_inner][\/vc_row_inner][vc_separator type=&#8221;transparent&#8221; down=&#8221;20&#8243;][vc_separator type=&#8221;transparent&#8221; down=&#8221;30&#8243;][\/vc_column][vc_column width=&#8221;1\/6&#8243;][\/vc_column][\/vc_row]<\/p>\n","protected":false},"excerpt":{"rendered":"<p>[vc_row css_animation=&#8221;&#8221; row_type=&#8221;row&#8221; use_row_as_full_screen_section=&#8221;no&#8221; type=&#8221;grid&#8221; angled_section=&#8221;no&#8221; text_align=&#8221;left&#8221; background_image_as_pattern=&#8221;without_pattern&#8221; z_index=&#8221;&#8221;][vc_column width=&#8221;1\/6&#8243;][\/vc_column][vc_column width=&#8221;2\/3&#8243;][vc_column_text css=&#8221;.vc_custom_1609193956075{margin-bottom: 20px !important;}&#8221;] El Calendario Acad\u00e9mico 2021 fue aprobado por el Consejo Directivo FAyA, a trav\u00e9s de la Resoluci\u00f3n CD FAA N\u00b0 139\/2020. Descargar la Resoluci\u00f3n C.D. F.A.A. N\u00b0139\/2020 Descargar el Calendario Acad\u00e9mico [\/vc_column_text][\/vc_column][vc_column&#8230;<\/p>\n","protected":false},"author":2,"featured_media":25760,"parent":0,"menu_order":0,"comment_status":"closed","ping_status":"closed","template":"","meta":{"_mi_skip_tracking":false},"yoast_head":"<!-- This site is optimized with the Yoast SEO plugin v17.7.1 - https:\/\/yoast.com\/wordpress\/plugins\/seo\/ -->\n<meta name=\"description\" content=\"Descarg\u00e1 el Calendario Acad\u00e9mico 2021 de la Facultad de Agronom\u00eda y Agroindustrias UNSE. Tambi\u00e9n puedes acceder a su Resoluci\u00f3n CD FAA N\u00b0 139\/2020.\" \/>\n<meta name=\"robots\" content=\"index, follow, max-snippet:-1, max-image-preview:large, max-video-preview:-1\" \/>\n<link rel=\"canonical\" href=\"https:\/\/faya.unse.edu.ar\/index.php\/calendario-academico-2021\/\" \/>\n<meta property=\"og:locale\" content=\"es_ES\" \/>\n<meta property=\"og:type\" content=\"article\" \/>\n<meta property=\"og:title\" content=\"Calendario Acad\u00e9mico 2021 | Facultad de Agronom\u00eda y Agroindustrias UNSE | FAyA UNSE\" \/>\n<meta property=\"og:description\" content=\"Descarg\u00e1 el Calendario Acad\u00e9mico 2021 de la Facultad de Agronom\u00eda y Agroindustrias UNSE. Tambi\u00e9n puedes acceder a su Resoluci\u00f3n CD FAA N\u00b0 139\/2020.\" \/>\n<meta property=\"og:url\" content=\"https:\/\/faya.unse.edu.ar\/index.php\/calendario-academico-2021\/\" \/>\n<meta property=\"og:site_name\" content=\"Facultad de Agronom\u00eda y Agroindustrias UNSE | FAyA UNSE\" \/>\n<meta property=\"article:publisher\" content=\"https:\/\/www.facebook.com\/agroUNSE\/\" \/>\n<meta property=\"article:modified_time\" content=\"2021-07-07T20:09:21+00:00\" \/>\n<meta property=\"og:image\" content=\"https:\/\/faya.unse.edu.ar\/wp-content\/uploads\/CALENDARIO-ACADEMICO-2021-FAYA-UNSE.jpg\" \/>\n\t<meta property=\"og:image:width\" content=\"960\" \/>\n\t<meta property=\"og:image:height\" content=\"480\" \/>\n<meta name=\"twitter:card\" content=\"summary_large_image\" \/>\n<meta name=\"twitter:site\" content=\"@fayaunse\" \/>\n<meta name=\"twitter:label1\" content=\"Tiempo de lectura\" \/>\n\t<meta name=\"twitter:data1\" content=\"5 minutos\" \/>\n<script type=\"application\/ld+json\" class=\"yoast-schema-graph\">{\"@context\":\"https:\/\/schema.org\",\"@graph\":[{\"@type\":\"WebSite\",\"@id\":\"https:\/\/faya.unse.edu.ar\/#website\",\"url\":\"https:\/\/faya.unse.edu.ar\/\",\"name\":\"Facultad de Agronom\\u00eda y Agroindustrias UNSE | FAyA UNSE\",\"description\":\"\",\"potentialAction\":[{\"@type\":\"SearchAction\",\"target\":{\"@type\":\"EntryPoint\",\"urlTemplate\":\"https:\/\/faya.unse.edu.ar\/?s={search_term_string}\"},\"query-input\":\"required name=search_term_string\"}],\"inLanguage\":\"es-AR\"},{\"@type\":\"ImageObject\",\"@id\":\"https:\/\/faya.unse.edu.ar\/index.php\/calendario-academico-2021\/#primaryimage\",\"inLanguage\":\"es-AR\",\"url\":\"https:\/\/faya.unse.edu.ar\/wp-content\/uploads\/CALENDARIO-ACADEMICO-2021-FAYA-UNSE.jpg\",\"contentUrl\":\"https:\/\/faya.unse.edu.ar\/wp-content\/uploads\/CALENDARIO-ACADEMICO-2021-FAYA-UNSE.jpg\",\"width\":960,\"height\":480},{\"@type\":\"WebPage\",\"@id\":\"https:\/\/faya.unse.edu.ar\/index.php\/calendario-academico-2021\/#webpage\",\"url\":\"https:\/\/faya.unse.edu.ar\/index.php\/calendario-academico-2021\/\",\"name\":\"Calendario Acad\\u00e9mico 2021 | Facultad de Agronom\\u00eda y Agroindustrias UNSE | FAyA UNSE\",\"isPartOf\":{\"@id\":\"https:\/\/faya.unse.edu.ar\/#website\"},\"primaryImageOfPage\":{\"@id\":\"https:\/\/faya.unse.edu.ar\/index.php\/calendario-academico-2021\/#primaryimage\"},\"datePublished\":\"2020-12-28T17:05:58+00:00\",\"dateModified\":\"2021-07-07T20:09:21+00:00\",\"description\":\"Descarg\\u00e1 el Calendario Acad\\u00e9mico 2021 de la Facultad de Agronom\\u00eda y Agroindustrias UNSE. Tambi\\u00e9n puedes acceder a su Resoluci\\u00f3n CD FAA N\\u00b0 139\/2020.\",\"breadcrumb\":{\"@id\":\"https:\/\/faya.unse.edu.ar\/index.php\/calendario-academico-2021\/#breadcrumb\"},\"inLanguage\":\"es-AR\",\"potentialAction\":[{\"@type\":\"ReadAction\",\"target\":[\"https:\/\/faya.unse.edu.ar\/index.php\/calendario-academico-2021\/\"]}]},{\"@type\":\"BreadcrumbList\",\"@id\":\"https:\/\/faya.unse.edu.ar\/index.php\/calendario-academico-2021\/#breadcrumb\",\"itemListElement\":[{\"@type\":\"ListItem\",\"position\":1,\"name\":\"Home\",\"item\":\"https:\/\/faya.unse.edu.ar\/\"},{\"@type\":\"ListItem\",\"position\":2,\"name\":\"Calendario Acad\\u00e9mico 2021\"}]}]}<\/script>\n<!-- \/ Yoast SEO plugin. -->","yoast_head_json":{"description":"Descarg\u00e1 el Calendario Acad\u00e9mico 2021 de la Facultad de Agronom\u00eda y Agroindustrias UNSE. Tambi\u00e9n puedes acceder a su Resoluci\u00f3n CD FAA N\u00b0 139\/2020.","robots":{"index":"index","follow":"follow","max-snippet":"max-snippet:-1","max-image-preview":"max-image-preview:large","max-video-preview":"max-video-preview:-1"},"canonical":"https:\/\/faya.unse.edu.ar\/index.php\/calendario-academico-2021\/","og_locale":"es_ES","og_type":"article","og_title":"Calendario Acad\u00e9mico 2021 | Facultad de Agronom\u00eda y Agroindustrias UNSE | FAyA UNSE","og_description":"Descarg\u00e1 el Calendario Acad\u00e9mico 2021 de la Facultad de Agronom\u00eda y Agroindustrias UNSE. Tambi\u00e9n puedes acceder a su Resoluci\u00f3n CD FAA N\u00b0 139\/2020.","og_url":"https:\/\/faya.unse.edu.ar\/index.php\/calendario-academico-2021\/","og_site_name":"Facultad de Agronom\u00eda y Agroindustrias UNSE | FAyA UNSE","article_publisher":"https:\/\/www.facebook.com\/agroUNSE\/","article_modified_time":"2021-07-07T20:09:21+00:00","og_image":[{"width":960,"height":480,"url":"https:\/\/faya.unse.edu.ar\/wp-content\/uploads\/CALENDARIO-ACADEMICO-2021-FAYA-UNSE.jpg","type":"image\/jpeg"}],"twitter_card":"summary_large_image","twitter_site":"@fayaunse","twitter_misc":{"Tiempo de lectura":"5 minutos"},"schema":{"@context":"https:\/\/schema.org","@graph":[{"@type":"WebSite","@id":"https:\/\/faya.unse.edu.ar\/#website","url":"https:\/\/faya.unse.edu.ar\/","name":"Facultad de Agronom\u00eda y Agroindustrias UNSE | FAyA UNSE","description":"","potentialAction":[{"@type":"SearchAction","target":{"@type":"EntryPoint","urlTemplate":"https:\/\/faya.unse.edu.ar\/?s={search_term_string}"},"query-input":"required name=search_term_string"}],"inLanguage":"es-AR"},{"@type":"ImageObject","@id":"https:\/\/faya.unse.edu.ar\/index.php\/calendario-academico-2021\/#primaryimage","inLanguage":"es-AR","url":"https:\/\/faya.unse.edu.ar\/wp-content\/uploads\/CALENDARIO-ACADEMICO-2021-FAYA-UNSE.jpg","contentUrl":"https:\/\/faya.unse.edu.ar\/wp-content\/uploads\/CALENDARIO-ACADEMICO-2021-FAYA-UNSE.jpg","width":960,"height":480},{"@type":"WebPage","@id":"https:\/\/faya.unse.edu.ar\/index.php\/calendario-academico-2021\/#webpage","url":"https:\/\/faya.unse.edu.ar\/index.php\/calendario-academico-2021\/","name":"Calendario Acad\u00e9mico 2021 | Facultad de Agronom\u00eda y Agroindustrias UNSE | FAyA UNSE","isPartOf":{"@id":"https:\/\/faya.unse.edu.ar\/#website"},"primaryImageOfPage":{"@id":"https:\/\/faya.unse.edu.ar\/index.php\/calendario-academico-2021\/#primaryimage"},"datePublished":"2020-12-28T17:05:58+00:00","dateModified":"2021-07-07T20:09:21+00:00","description":"Descarg\u00e1 el Calendario Acad\u00e9mico 2021 de la Facultad de Agronom\u00eda y Agroindustrias UNSE. Tambi\u00e9n puedes acceder a su Resoluci\u00f3n CD FAA N\u00b0 139\/2020.","breadcrumb":{"@id":"https:\/\/faya.unse.edu.ar\/index.php\/calendario-academico-2021\/#breadcrumb"},"inLanguage":"es-AR","potentialAction":[{"@type":"ReadAction","target":["https:\/\/faya.unse.edu.ar\/index.php\/calendario-academico-2021\/"]}]},{"@type":"BreadcrumbList","@id":"https:\/\/faya.unse.edu.ar\/index.php\/calendario-academico-2021\/#breadcrumb","itemListElement":[{"@type":"ListItem","position":1,"name":"Home","item":"https:\/\/faya.unse.edu.ar\/"},{"@type":"ListItem","position":2,"name":"Calendario Acad\u00e9mico 2021"}]}]}},"_links":{"self":[{"href":"https:\/\/faya.unse.edu.ar\/index.php\/wp-json\/wp\/v2\/pages\/25754"}],"collection":[{"href":"https:\/\/faya.unse.edu.ar\/index.php\/wp-json\/wp\/v2\/pages"}],"about":[{"href":"https:\/\/faya.unse.edu.ar\/index.php\/wp-json\/wp\/v2\/types\/page"}],"author":[{"embeddable":true,"href":"https:\/\/faya.unse.edu.ar\/index.php\/wp-json\/wp\/v2\/users\/2"}],"replies":[{"embeddable":true,"href":"https:\/\/faya.unse.edu.ar\/index.php\/wp-json\/wp\/v2\/comments?post=25754"}],"version-history":[{"count":9,"href":"https:\/\/faya.unse.edu.ar\/index.php\/wp-json\/wp\/v2\/pages\/25754\/revisions"}],"predecessor-version":[{"id":28475,"href":"https:\/\/faya.unse.edu.ar\/index.php\/wp-json\/wp\/v2\/pages\/25754\/revisions\/28475"}],"wp:featuredmedia":[{"embeddable":true,"href":"https:\/\/faya.unse.edu.ar\/index.php\/wp-json\/wp\/v2\/media\/25760"}],"wp:attachment":[{"href":"https:\/\/faya.unse.edu.ar\/index.php\/wp-json\/wp\/v2\/media?parent=25754"}],"curies":[{"name":"wp","href":"https:\/\/api.w.org\/{rel}","templated":true}]}}