{"id":28473,"date":"2022-02-21T13:08:23","date_gmt":"2022-02-21T16:08:23","guid":{"rendered":"https:\/\/faya.unse.edu.ar\/?page_id=28473"},"modified":"2022-02-21T13:08:23","modified_gmt":"2022-02-21T16:08:23","slug":"calendario-academico-2022","status":"publish","type":"page","link":"https:\/\/faya.unse.edu.ar\/index.php\/calendario-academico-2022\/","title":{"rendered":"Calendario Acad\u00e9mico 2022"},"content":{"rendered":"\n<p class=\"has-text-align-center\">El <strong>Calendario Acad\u00e9mico 2022<\/strong> fue aprobado por el Consejo Directivo FAyA, a trav\u00e9s de la Resoluci\u00f3n CD FAA N\u00b0 172\/2021.<\/p>\n\n\n\n<p class=\"has-text-align-center\"><strong><a href=\"https:\/\/drive.google.com\/file\/d\/1_4xKhARllUVVPsX8wiYqa3GRtmqlzzYS\/view?usp=sharing\" target=\"_blank\" rel=\"noreferrer noopener\">Descargar la Resoluci\u00f3n C.D. F.A.A. N\u00b0172\/2021<\/a><\/strong><\/p>\n\n\n\n<p class=\"has-text-align-center\"><strong><a href=\"https:\/\/faya.unse.edu.ar\/wp-content\/uploads\/CALENDARIO2022-resumen.pdf\" target=\"_blank\" rel=\"noreferrer noopener\">Descargar el Calendario Acad\u00e9mico<\/a><\/strong><\/p>\n\n\n\n<figure class=\"wp-block-table is-style-stripes\"><table><tbody><tr><td><strong>CIERRE DEL A\u00d1O ACAD\u00c9MICO 2021<\/strong> (sin ex\u00e1menes ni inscripciones)<\/td><td>28-03-22 al 01-04-22<\/td><\/tr><tr><td><strong>INICIO DE CLASES 1\u00b0 CUATRIMESTRE<\/strong><\/td><td>28-03-2022<\/td><\/tr><tr><td><strong>INSCRIPCIONES PARA EL A\u00d1O ACADEMICO 2022 <\/strong><strong><\/strong><\/td><td><strong>04-04-2022 al 15-04-2022<\/strong><\/td><\/tr><tr><td><strong>1\u00b0 LLAMADO DE EX\u00c1MENES DURANTE EL CURSADO<\/strong> (sin suspensi\u00f3n de clases)<\/td><td>18-04-2022 al 22-04-2022<\/td><\/tr><tr><td><strong>REAPERTURA DEL SIU PARA INSCRIPCIONES <\/strong><strong><\/strong><\/td><td><strong>25-04-2022 al 29-04-2022<\/strong><strong><\/strong><\/td><\/tr><tr><td><strong>2\u00b0 LLAMADO DE EX\u00c1MENES DURANTE EL CURSADO <\/strong>(sin suspensi\u00f3n de clases) <strong><\/strong><\/td><td>30-05-2022 al 03-06-2022<\/td><\/tr><tr><td><strong>REAPERTURA DEL SIU PARA INSCRIPCIONES <\/strong><strong><\/strong><\/td><td>06-06-2022 al 10-06-2022<\/td><\/tr><tr><td><strong>FINALIZACI\u00d3N DE CLASES DEL 1\u00b0 CUATRIMESTRE &nbsp;<\/strong><strong><\/strong><\/td><td>08-07-2022<\/td><\/tr><tr><td><strong>3\u00b0 LLAMADO DE EX\u00c1MENES <\/strong><strong><\/strong><\/td><td>11-07-2022 al 15-07-2022<\/td><\/tr><tr><td><strong>RECESO INVERNAL<\/strong><strong><\/strong><\/td><td><strong>18-07-2022 al 29-07-2022<\/strong><strong><\/strong><\/td><\/tr><tr><td><strong>4\u00b0 LLAMADO DE EXAMENES <\/strong><strong><\/strong><\/td><td>08-08-2022 al 12-08-2022<\/td><\/tr><tr><td><strong>5\u00b0 LLAMADO DE EXAMENES <\/strong><strong><\/strong><\/td><td>22-08-2022 al 26-08-2022<\/td><\/tr><tr><td><strong>INICIO DE CLASES 2\u00ba CUATRIMESTRE<\/strong><\/td><td>22-08-2022<\/td><\/tr><tr><td><strong>INSCRIPCIONES ASIGNATURAS DEL 2\u00ba CUATRIMESTRE<\/strong><strong><\/strong><\/td><td>22-08-2022 al 02-09-2022<\/td><\/tr><tr><td><strong>CURSO INGRESO 2023<\/strong><strong><\/strong><\/td><td>03-10-2022<\/td><\/tr><tr><td><strong>PREINSCRIPCI\u00d3N INGRESANTES A\u00d1O 2023<\/strong><strong><\/strong><\/td><td>03-10-2022<strong><\/strong><\/td><\/tr><tr><td><strong>6\u00ba LLAMADO DE EX\u00c1MENES DURANTE EL CURSADO<\/strong> (sin suspensi\u00f3n de clases)<strong><\/strong><\/td><td>26-09-2022 al 30-09-2022<\/td><\/tr><tr><td><strong>REAPERTURA DEL SIU PARA INSCRIPCIONES<\/strong><strong><\/strong><\/td><td>03-10-2022 al 07-10-2022<\/td><\/tr><tr><td><strong>7\u00ba LLAMADO DE EX\u00c1MENES DURANTE EL CURSADO<\/strong> (sin suspensi\u00f3n de clases)<strong><\/strong><\/td><td>24-10-2022 al 28-10-2022<strong><\/strong><\/td><\/tr><tr><td><strong>REAPERTURA DEL SIU PARA INSCRIPCIONES<\/strong><strong><\/strong><\/td><td>31-10-2022 al 04-11-2022<\/td><\/tr><tr><td><strong>FINALIZACI\u00d3N DE CLASES DEL 2\u00b0 CUATRIMESTRE<\/strong><\/td><td><strong>02-12-2022<\/strong><\/td><\/tr><tr><td><strong>8\u00b0 LLAMADO DE EX\u00c1MENES <\/strong><strong><\/strong><\/td><td>19-12-2022 al 23-12-22<\/td><\/tr><tr><td><strong>RECESO DE VERANO<\/strong><strong><\/strong><\/td><td>02-01-2023 al 03-02-2023<\/td><\/tr><tr><td><strong>SERVICIOS DE FAyA CON GUARDIA &#8211; A\u00d1O 2023<\/strong><strong><\/strong><\/td><td>02-01-2023 al 03-02-2023<\/td><\/tr><tr><td><strong>INICIO DE ACTIVIDADES ACAD\u00c9MICAS 2023<\/strong><strong><\/strong><\/td><td>06-02-2023<\/td><\/tr><tr><td><strong>CURSO DE INGRESO 2022<\/strong><strong><\/strong><\/td><td>30-01-2023 al 17-03-2022<\/td><\/tr><tr><td><strong>9\u00b0 LLAMADO DE EX\u00c1MENES<\/strong><strong><\/strong><\/td><td>06-02-2023 al 10-02-2023<\/td><\/tr><tr><td><strong>10\u00b0 LLAMADO DE EX\u00c1MENES<\/strong><strong><\/strong><\/td><td>27-02-2023 al 03-03-2023<\/td><\/tr><tr><td><strong>11\u00b0 LLAMADO DE EX\u00c1MENES<\/strong><strong><\/strong><\/td><td>20-03-2023 al 24-03-2023<\/td><\/tr><\/tbody><\/table><\/figure>\n\n\n\n<p class=\"has-text-align-center\"><strong>CALENDARIO DE ACTIVIDADES ACAD\u00c9MICAS A\u00d1O 2022,<\/strong><\/p>\n\n\n\n<p class=\"has-text-align-center\"><strong>D\u00cdAS &nbsp;DE FERIADOS Y D\u00cdAS NO LABORALES 2022<\/strong><strong><\/strong><\/p>\n\n\n\n<figure class=\"wp-block-table is-style-stripes\"><table><tbody><tr><td>S\u00e1bado 1 de Enero&nbsp;&nbsp;&nbsp;&nbsp;&nbsp;&nbsp;&nbsp;&nbsp;&nbsp;&nbsp;&nbsp;&nbsp;&nbsp;&nbsp;&nbsp;&nbsp;&nbsp;&nbsp;<\/td><td>A\u00f1o Nuevo<\/td><\/tr><tr><td>Lunes 28 de Febrero &nbsp;y Martes 1 de Marzo<\/td><td>Lunes y Martes de Carnaval<\/td><\/tr><tr><td>Jueves 24 de Marzo<\/td><td>D\u00eda Nacional de la Memoria por la Verdad y la Justicia<\/td><\/tr><tr><td>S\u00e1bado 2 de Abril<\/td><td>D\u00eda del Veterano y de los Ca\u00eddos en la Guerra en Malvinas<\/td><\/tr><tr><td>Jueves 14 y Viernes 15 de Abril<\/td><td>Jueves y Viernes Santo<\/td><\/tr><tr><td>Mi\u00e9rcoles 27 de Abril&nbsp;&nbsp;&nbsp;&nbsp;&nbsp;&nbsp;&nbsp;&nbsp;&nbsp;&nbsp;&nbsp;&nbsp;&nbsp;&nbsp;&nbsp;&nbsp;&nbsp;&nbsp;&nbsp;<\/td><td>D\u00eda de la Autonom\u00eda Provincial<\/td><\/tr><tr><td>Domingo 1 de Mayo&nbsp;&nbsp;&nbsp;&nbsp;&nbsp;&nbsp;&nbsp;&nbsp;&nbsp;&nbsp;&nbsp;&nbsp;&nbsp;&nbsp;&nbsp;&nbsp;&nbsp;<\/td><td>D\u00eda del Trabajador<\/td><\/tr><tr><td>Martes 10 de Mayo&nbsp;&nbsp;&nbsp;&nbsp;&nbsp;&nbsp;&nbsp;&nbsp;&nbsp;&nbsp;&nbsp;&nbsp;&nbsp;&nbsp;&nbsp;&nbsp;&nbsp;&nbsp;&nbsp;&nbsp;&nbsp;<\/td><td>Aniversario Creaci\u00f3n UNSE<\/td><\/tr><tr><td>Mi\u00e9rcoles 25 de Mayo&nbsp;&nbsp;&nbsp;&nbsp;&nbsp;&nbsp;&nbsp;&nbsp;&nbsp;&nbsp;&nbsp;&nbsp;&nbsp;&nbsp;<\/td><td>Aniversario Revoluci\u00f3n de Mayo<\/td><\/tr><tr><td>Viernes 17 de Junio<\/td><td>D\u00eda Paso a la Inmortalidad del Gral. Don Mart\u00edn de G\u00fcemes<\/td><\/tr><tr><td>Lunes 20 Junio&nbsp;&nbsp;&nbsp;&nbsp;&nbsp;&nbsp;&nbsp;&nbsp;&nbsp;&nbsp;&nbsp;&nbsp;&nbsp;&nbsp;&nbsp;&nbsp;&nbsp;&nbsp;&nbsp;<\/td><td>D\u00eda Paso a la Inmortalidad del Gral. Don Manuel Belgrano<\/td><\/tr><tr><td>S\u00e1bado 9 de Julio&nbsp;&nbsp;&nbsp;&nbsp;&nbsp;&nbsp;&nbsp;&nbsp;&nbsp;&nbsp;&nbsp;&nbsp;&nbsp;&nbsp;&nbsp;&nbsp;&nbsp;&nbsp;&nbsp;&nbsp;<\/td><td>D\u00eda de la Independencia<\/td><\/tr><tr><td>Lunes 25 de Julio&nbsp;&nbsp;&nbsp;&nbsp;&nbsp;&nbsp;&nbsp;&nbsp;&nbsp;&nbsp;&nbsp;&nbsp;&nbsp;&nbsp;&nbsp;&nbsp;&nbsp;&nbsp;&nbsp;&nbsp;&nbsp;<\/td><td>Aniversario de la Fundaci\u00f3n de Santiago del Estero<\/td><\/tr><tr><td>Mi\u00e9rcoles 17 de Agosto&nbsp;&nbsp;&nbsp;&nbsp;&nbsp;&nbsp;&nbsp;&nbsp;&nbsp;&nbsp;&nbsp;&nbsp;&nbsp;&nbsp;&nbsp;<\/td><td>Paso a la Inmortalidad del Gral. Don Jos\u00e9 de San Mart\u00edn<\/td><\/tr><tr><td>S\u00e1bado 17 de Septiembre&nbsp;&nbsp;&nbsp;&nbsp;&nbsp;&nbsp;&nbsp;&nbsp;&nbsp;&nbsp;&nbsp;&nbsp;<\/td><td>D\u00eda del Profesor<\/td><\/tr><tr><td>Mi\u00e9rcoles 21 de Septiembre&nbsp;&nbsp;&nbsp;&nbsp;&nbsp;&nbsp;&nbsp;&nbsp;&nbsp;&nbsp;&nbsp;<\/td><td>D\u00eda del Estudiante<\/td><\/tr><tr><td>Mi\u00e9rcoles 12 de Octubre&nbsp;&nbsp;&nbsp;&nbsp;&nbsp;&nbsp;&nbsp;&nbsp;&nbsp;&nbsp;&nbsp;&nbsp;&nbsp;&nbsp;&nbsp;&nbsp;<\/td><td>D\u00eda del Respeto a la Diversidad Cultural<\/td><\/tr><tr><td>Domingo 20 de Noviembre<\/td><td>D\u00eda de la Soberan\u00eda Nacional<\/td><\/tr><tr><td>S\u00e1bado 26 de Noviembre&nbsp;&nbsp;&nbsp;&nbsp;&nbsp;&nbsp;&nbsp;&nbsp;&nbsp;&nbsp;&nbsp;&nbsp;<\/td><td>D\u00eda del Trabajador de las Universidades Nacionales<\/td><\/tr><tr><td>Jueves 8 de Diciembre<\/td><td>D\u00eda de la Inmaculada Concepci\u00f3n de Mar\u00eda<\/td><\/tr><tr><td>Domingo 25 de Diciembre<\/td><td>Navidad<\/td><\/tr><\/tbody><\/table><\/figure>\n\n\n\n<p><strong>Nota: Queda a decisi\u00f3n de cada Unidad Acad\u00e9mica adherirse a los asuetos no previstos en este calendario.<\/strong><\/p>\n\n\n\n<p><strong>Asuetos provinciales:<\/strong><\/p>\n\n\n\n<p>Martes 02 de Noviembre \u2013 D\u00eda de los fieles difuntos<\/p>\n\n\n\n<p>Martes 23 de Noviembre \u2013 D\u00eda de la Virgen de Sumampa<\/p>\n\n\n\n<p><strong>ACTOS ACAD\u00c9MICOS DE RELEVANCIA<\/strong><strong><\/strong><\/p>\n\n\n\n<figure class=\"wp-block-table is-style-stripes\"><table><tbody><tr><td>ACTO ANIVERSARIO UNSE<\/td><td>Martes 10\/05\/22<\/td><\/tr><tr><td>100\u00ba ACTO ACAD\u00c9MICO DE COLACI\u00d3N DE GRADO &#8211; FACULTADES<\/td><td>Viernes 13\/05\/22<\/td><\/tr><tr><td>100\u00ba ACTO ACAD\u00c9MICO DE COLACI\u00d3N DE GRADO \u2013 EIE \u2013 1\u00b0 Parte<\/td><td>S\u00e1bado 14\/05\/22<\/td><\/tr><tr><td>100\u00ba ACTO ACAD\u00c9MICO DE COLACI\u00d3N DE GRADO \u2013 EIE \u2013 2\u00b0 Parte<\/td><td>S\u00e1bado 04\/06\/22<\/td><\/tr><tr><td>101\u00ba ACTO ACAD\u00c9MICO DE COLACI\u00d3N DE GRADO &#8211; FACULTADES<\/td><td>Viernes 09\/09\/22<\/td><\/tr><tr><td>101\u00ba ACTO ACAD\u00c9MICO DE COLACI\u00d3N DE GRADO \u2013 EIE<\/td><td>S\u00e1bado 10\/09\/22<\/td><\/tr><tr><td>29\u00ba ACTO ACADEMICO DE COLACION DE POSTGRADO<\/td><td>Viernes 14\/10\/22<\/td><\/tr><tr><td>102\u00ba ACTO ACAD\u00c9MICO DE COLACI\u00d3N DE GRADO &#8211; FACULTADES<\/td><td>Viernes 11\/11\/22<\/td><\/tr><tr><td>102\u00ba ACTO ACAD\u00c9MICO DE COLACI\u00d3N DE GRADO \u2013 EIE<\/td><td>S\u00e1bado 12\/11\/22<\/td><\/tr><tr><td>ACTO ACAD\u00c9MICO DE COLACI\u00d3N DE LA EAGG<\/td><td>A determinar<\/td><\/tr><\/tbody><\/table><\/figure>\n\n\n\n<p><\/p>\n","protected":false},"excerpt":{"rendered":"<p>El Calendario Acad\u00e9mico 2022 fue aprobado por el Consejo Directivo FAyA, a trav\u00e9s de la Resoluci\u00f3n CD FAA N\u00b0 172\/2021. Descargar la Resoluci\u00f3n C.D. F.A.A. N\u00b0172\/2021 Descargar el Calendario Acad\u00e9mico CIERRE DEL A\u00d1O ACAD\u00c9MICO 2021 (sin ex\u00e1menes ni inscripciones) 28-03-22 al 01-04-22 INICIO DE CLASES&#8230;<\/p>\n","protected":false},"author":5,"featured_media":0,"parent":0,"menu_order":0,"comment_status":"closed","ping_status":"closed","template":"","meta":{"_mi_skip_tracking":false},"yoast_head":"<!-- This site is optimized with the Yoast SEO plugin v17.7.1 - https:\/\/yoast.com\/wordpress\/plugins\/seo\/ -->\n<meta name=\"robots\" content=\"index, follow, max-snippet:-1, max-image-preview:large, max-video-preview:-1\" \/>\n<link rel=\"canonical\" href=\"https:\/\/faya.unse.edu.ar\/index.php\/calendario-academico-2022\/\" \/>\n<meta property=\"og:locale\" content=\"es_ES\" \/>\n<meta property=\"og:type\" content=\"article\" \/>\n<meta property=\"og:title\" content=\"Calendario Acad\u00e9mico 2022 | Facultad de Agronom\u00eda y Agroindustrias UNSE | FAyA UNSE\" \/>\n<meta property=\"og:description\" content=\"El Calendario Acad\u00e9mico 2022 fue aprobado por el Consejo Directivo FAyA, a trav\u00e9s de la Resoluci\u00f3n CD FAA N\u00b0 172\/2021. Descargar la Resoluci\u00f3n C.D. F.A.A. N\u00b0172\/2021 Descargar el Calendario Acad\u00e9mico CIERRE DEL A\u00d1O ACAD\u00c9MICO 2021 (sin ex\u00e1menes ni inscripciones) 28-03-22 al 01-04-22 INICIO DE CLASES...\" \/>\n<meta property=\"og:url\" content=\"https:\/\/faya.unse.edu.ar\/index.php\/calendario-academico-2022\/\" \/>\n<meta property=\"og:site_name\" content=\"Facultad de Agronom\u00eda y Agroindustrias UNSE | FAyA UNSE\" \/>\n<meta property=\"article:publisher\" content=\"https:\/\/www.facebook.com\/agroUNSE\/\" \/>\n<meta name=\"twitter:card\" content=\"summary_large_image\" \/>\n<meta name=\"twitter:site\" content=\"@fayaunse\" \/>\n<meta name=\"twitter:label1\" content=\"Tiempo de lectura\" \/>\n\t<meta name=\"twitter:data1\" content=\"3 minutos\" \/>\n<script type=\"application\/ld+json\" class=\"yoast-schema-graph\">{\"@context\":\"https:\/\/schema.org\",\"@graph\":[{\"@type\":\"WebSite\",\"@id\":\"https:\/\/faya.unse.edu.ar\/#website\",\"url\":\"https:\/\/faya.unse.edu.ar\/\",\"name\":\"Facultad de Agronom\\u00eda y Agroindustrias UNSE | FAyA UNSE\",\"description\":\"\",\"potentialAction\":[{\"@type\":\"SearchAction\",\"target\":{\"@type\":\"EntryPoint\",\"urlTemplate\":\"https:\/\/faya.unse.edu.ar\/?s={search_term_string}\"},\"query-input\":\"required name=search_term_string\"}],\"inLanguage\":\"es-AR\"},{\"@type\":\"WebPage\",\"@id\":\"https:\/\/faya.unse.edu.ar\/index.php\/calendario-academico-2022\/#webpage\",\"url\":\"https:\/\/faya.unse.edu.ar\/index.php\/calendario-academico-2022\/\",\"name\":\"Calendario Acad\\u00e9mico 2022 | Facultad de Agronom\\u00eda y Agroindustrias UNSE | FAyA UNSE\",\"isPartOf\":{\"@id\":\"https:\/\/faya.unse.edu.ar\/#website\"},\"datePublished\":\"2022-02-21T16:08:23+00:00\",\"dateModified\":\"2022-02-21T16:08:23+00:00\",\"breadcrumb\":{\"@id\":\"https:\/\/faya.unse.edu.ar\/index.php\/calendario-academico-2022\/#breadcrumb\"},\"inLanguage\":\"es-AR\",\"potentialAction\":[{\"@type\":\"ReadAction\",\"target\":[\"https:\/\/faya.unse.edu.ar\/index.php\/calendario-academico-2022\/\"]}]},{\"@type\":\"BreadcrumbList\",\"@id\":\"https:\/\/faya.unse.edu.ar\/index.php\/calendario-academico-2022\/#breadcrumb\",\"itemListElement\":[{\"@type\":\"ListItem\",\"position\":1,\"name\":\"Home\",\"item\":\"https:\/\/faya.unse.edu.ar\/\"},{\"@type\":\"ListItem\",\"position\":2,\"name\":\"Calendario Acad\\u00e9mico 2022\"}]}]}<\/script>\n<!-- \/ Yoast SEO plugin. -->","yoast_head_json":{"robots":{"index":"index","follow":"follow","max-snippet":"max-snippet:-1","max-image-preview":"max-image-preview:large","max-video-preview":"max-video-preview:-1"},"canonical":"https:\/\/faya.unse.edu.ar\/index.php\/calendario-academico-2022\/","og_locale":"es_ES","og_type":"article","og_title":"Calendario Acad\u00e9mico 2022 | Facultad de Agronom\u00eda y Agroindustrias UNSE | FAyA UNSE","og_description":"El Calendario Acad\u00e9mico 2022 fue aprobado por el Consejo Directivo FAyA, a trav\u00e9s de la Resoluci\u00f3n CD FAA N\u00b0 172\/2021. Descargar la Resoluci\u00f3n C.D. F.A.A. N\u00b0172\/2021 Descargar el Calendario Acad\u00e9mico CIERRE DEL A\u00d1O ACAD\u00c9MICO 2021 (sin ex\u00e1menes ni inscripciones) 28-03-22 al 01-04-22 INICIO DE CLASES...","og_url":"https:\/\/faya.unse.edu.ar\/index.php\/calendario-academico-2022\/","og_site_name":"Facultad de Agronom\u00eda y Agroindustrias UNSE | FAyA UNSE","article_publisher":"https:\/\/www.facebook.com\/agroUNSE\/","twitter_card":"summary_large_image","twitter_site":"@fayaunse","twitter_misc":{"Tiempo de lectura":"3 minutos"},"schema":{"@context":"https:\/\/schema.org","@graph":[{"@type":"WebSite","@id":"https:\/\/faya.unse.edu.ar\/#website","url":"https:\/\/faya.unse.edu.ar\/","name":"Facultad de Agronom\u00eda y Agroindustrias UNSE | FAyA UNSE","description":"","potentialAction":[{"@type":"SearchAction","target":{"@type":"EntryPoint","urlTemplate":"https:\/\/faya.unse.edu.ar\/?s={search_term_string}"},"query-input":"required name=search_term_string"}],"inLanguage":"es-AR"},{"@type":"WebPage","@id":"https:\/\/faya.unse.edu.ar\/index.php\/calendario-academico-2022\/#webpage","url":"https:\/\/faya.unse.edu.ar\/index.php\/calendario-academico-2022\/","name":"Calendario Acad\u00e9mico 2022 | Facultad de Agronom\u00eda y Agroindustrias UNSE | FAyA UNSE","isPartOf":{"@id":"https:\/\/faya.unse.edu.ar\/#website"},"datePublished":"2022-02-21T16:08:23+00:00","dateModified":"2022-02-21T16:08:23+00:00","breadcrumb":{"@id":"https:\/\/faya.unse.edu.ar\/index.php\/calendario-academico-2022\/#breadcrumb"},"inLanguage":"es-AR","potentialAction":[{"@type":"ReadAction","target":["https:\/\/faya.unse.edu.ar\/index.php\/calendario-academico-2022\/"]}]},{"@type":"BreadcrumbList","@id":"https:\/\/faya.unse.edu.ar\/index.php\/calendario-academico-2022\/#breadcrumb","itemListElement":[{"@type":"ListItem","position":1,"name":"Home","item":"https:\/\/faya.unse.edu.ar\/"},{"@type":"ListItem","position":2,"name":"Calendario Acad\u00e9mico 2022"}]}]}},"_links":{"self":[{"href":"https:\/\/faya.unse.edu.ar\/index.php\/wp-json\/wp\/v2\/pages\/28473"}],"collection":[{"href":"https:\/\/faya.unse.edu.ar\/index.php\/wp-json\/wp\/v2\/pages"}],"about":[{"href":"https:\/\/faya.unse.edu.ar\/index.php\/wp-json\/wp\/v2\/types\/page"}],"author":[{"embeddable":true,"href":"https:\/\/faya.unse.edu.ar\/index.php\/wp-json\/wp\/v2\/users\/5"}],"replies":[{"embeddable":true,"href":"https:\/\/faya.unse.edu.ar\/index.php\/wp-json\/wp\/v2\/comments?post=28473"}],"version-history":[{"count":4,"href":"https:\/\/faya.unse.edu.ar\/index.php\/wp-json\/wp\/v2\/pages\/28473\/revisions"}],"predecessor-version":[{"id":28479,"href":"https:\/\/faya.unse.edu.ar\/index.php\/wp-json\/wp\/v2\/pages\/28473\/revisions\/28479"}],"wp:attachment":[{"href":"https:\/\/faya.unse.edu.ar\/index.php\/wp-json\/wp\/v2\/media?parent=28473"}],"curies":[{"name":"wp","href":"https:\/\/api.w.org\/{rel}","templated":true}]}}