{"id":33954,"date":"2025-02-17T11:49:22","date_gmt":"2025-02-17T14:49:22","guid":{"rendered":"https:\/\/faya.unse.edu.ar\/?page_id=33954"},"modified":"2026-03-17T10:32:45","modified_gmt":"2026-03-17T13:32:45","slug":"diplo-ia","status":"publish","type":"page","link":"https:\/\/faya.unse.edu.ar\/index.php\/diplo-ia\/","title":{"rendered":"Diplomatura en Inteligencia Artificial aplicada a la Educaci\u00f3n Secundaria, Superior y Universitaria: Automatizaci\u00f3n y Sistemas Inteligentes"},"content":{"rendered":"\t\t<div data-elementor-type=\"wp-page\" data-elementor-id=\"33954\" class=\"elementor elementor-33954\" data-elementor-settings=\"[]\">\n\t\t\t\t\t\t\t<div class=\"elementor-section-wrap\">\n\t\t\t\t\t\t\t<section class=\"elementor-section elementor-top-section elementor-element elementor-element-7cb3d0d elementor-section-boxed elementor-section-height-default elementor-section-height-default\" data-id=\"7cb3d0d\" data-element_type=\"section\">\n\t\t\t\t\t\t<div class=\"elementor-container elementor-column-gap-default\">\n\t\t\t\t\t<div class=\"elementor-column elementor-col-100 elementor-top-column elementor-element elementor-element-ff3df9d\" data-id=\"ff3df9d\" data-element_type=\"column\">\n\t\t\t<div class=\"elementor-widget-wrap elementor-element-populated\">\n\t\t\t\t\t\t\t\t<div class=\"elementor-element elementor-element-9db959e elementor-widget elementor-widget-image\" data-id=\"9db959e\" data-element_type=\"widget\" data-widget_type=\"image.default\">\n\t\t\t\t<div class=\"elementor-widget-container\">\n\t\t\t\t\t\t\t\t\t\t\t\t\t\t\t<img width=\"5626\" height=\"1935\" src=\"https:\/\/faya.unse.edu.ar\/wp-content\/uploads\/banner_Mesa-de-trabajo-1-1.png\" class=\"attachment-full size-full\" alt=\"\" loading=\"lazy\" srcset=\"https:\/\/faya.unse.edu.ar\/wp-content\/uploads\/banner_Mesa-de-trabajo-1-1.png 5626w, https:\/\/faya.unse.edu.ar\/wp-content\/uploads\/banner_Mesa-de-trabajo-1-1-300x103.png 300w, https:\/\/faya.unse.edu.ar\/wp-content\/uploads\/banner_Mesa-de-trabajo-1-1-1024x352.png 1024w, https:\/\/faya.unse.edu.ar\/wp-content\/uploads\/banner_Mesa-de-trabajo-1-1-768x264.png 768w, https:\/\/faya.unse.edu.ar\/wp-content\/uploads\/banner_Mesa-de-trabajo-1-1-1536x528.png 1536w, https:\/\/faya.unse.edu.ar\/wp-content\/uploads\/banner_Mesa-de-trabajo-1-1-2048x704.png 2048w, https:\/\/faya.unse.edu.ar\/wp-content\/uploads\/banner_Mesa-de-trabajo-1-1-700x241.png 700w\" sizes=\"(max-width: 5626px) 100vw, 5626px\" \/>\t\t\t\t\t\t\t\t\t\t\t\t\t\t\t<\/div>\n\t\t\t\t<\/div>\n\t\t\t\t<div class=\"elementor-element elementor-element-39c58a1 elementor-widget elementor-widget-text-editor\" data-id=\"39c58a1\" data-element_type=\"widget\" data-widget_type=\"text-editor.default\">\n\t\t\t\t<div class=\"elementor-widget-container\">\n\t\t\t\t\t\t\t<p><em><strong><u>Importante<\/u><\/strong><strong>: <\/strong>La presente Diplomatura no constituye una carrera universitaria y por tanto no otorga t\u00edtulo habilitante para el ejercicio profesional<\/em><\/p>\t\t\t\t\t\t<\/div>\n\t\t\t\t<\/div>\n\t\t\t\t<div class=\"elementor-element elementor-element-64ebf9c elementor-widget elementor-widget-text-editor\" data-id=\"64ebf9c\" data-element_type=\"widget\" data-widget_type=\"text-editor.default\">\n\t\t\t\t<div class=\"elementor-widget-container\">\n\t\t\t\t\t\t\t<p>La Diplomatura en Inteligencia Artificial aplicada a la Educaci\u00f3n Universitaria, ofrece una formaci\u00f3n integral en el aprovechamiento cr\u00edtico y situado de la IA en los tres pilares de la educaci\u00f3n universitaria: docencia, investigaci\u00f3n y extensi\u00f3n. El programa abarca cuatro m\u00f3dulos tem\u00e1ticos y un proyecto final, explorando los fundamentos de la IA, su impacto en la indagaci\u00f3n acad\u00e9mica, la ense\u00f1anza universitaria, y la gesti\u00f3n institucional y vinculaci\u00f3n con el medio. Los participantes adquirir\u00e1n habilidades pr\u00e1cticas y conocimientos te\u00f3ricos para implementar soluciones de IA en sus actividades educativas universitarias, abordando aspectos \u00e9ticos y metodol\u00f3gicos. La diplomatura combina clases virtuales, actividades asincr\u00f3nicas y encuentros presenciales. La aprobaci\u00f3n requiere asistencia, completar el recorrido de aprendizaje virtual, aprobar trabajos pr\u00e1cticos y el proyecto final. La certificaci\u00f3n ser\u00e1 de aprobaci\u00f3n para todo el recorrido.<\/p><ul><li style=\"list-style-type: none;\"><ul><li><strong>Destinatarios:<\/strong><ul><li>Docentes de nivel nivel secundario, superior no universitario y universitario.<\/li><li>Investigadores y profesionales vinculados a procesos de producci\u00f3n de conocimiento.<\/li><li>Referentes, profesionales y personal que se desempe\u00f1en en \u00e1reas de extensi\u00f3n, gesti\u00f3n acad\u00e9mica o proyectos institucionales en instituciones educativas de distintos niveles.<\/li><\/ul><\/li><\/ul><\/li><\/ul><p style=\"padding-left: 40px;\">Cupo m\u00ednimo: 30 inscriptos<\/p><p style=\"padding-left: 40px;\">Cupo m\u00e1ximo: 60 inscriptos<\/p><ul><li style=\"list-style-type: none;\"><ul><li><strong>Criterios de Admisi\u00f3n: <\/strong>T\u00edtulo de grado universitario o certificaci\u00f3n de la condici\u00f3n con la que se inscribe.<\/li><li><strong><strong>Modalidad y Carga horaria total:<\/strong><\/strong> 100% virtual (sincr\u00f3nica y asincr\u00f3nica)\u00a0con una carga horaria total de 120 h<\/li><\/ul><\/li><\/ul><p>\u00a0<\/p><p><em>Descargar <a href=\"https:\/\/faya.unse.edu.ar\/wp-content\/uploads\/ResFAA-052-2026-Diplomatura-IA-Educ-Secundaria-Sup-y-Univ.pdf\" target=\"_blank\" rel=\"noopener\"><strong>Resoluci\u00f3n FAA N\u00b0 052\/2026<\/strong> aqu\u00ed<\/a><\/em><\/p><p><strong>\u00a0<\/strong><\/p>\t\t\t\t\t\t<\/div>\n\t\t\t\t<\/div>\n\t\t\t\t<div class=\"elementor-element elementor-element-97b7207 elementor-widget elementor-widget-accordion\" data-id=\"97b7207\" data-element_type=\"widget\" data-widget_type=\"accordion.default\">\n\t\t\t\t<div class=\"elementor-widget-container\">\n\t\t\t\t\t<div class=\"elementor-accordion\" role=\"tablist\">\n\t\t\t\t\t\t\t<div class=\"elementor-accordion-item\">\n\t\t\t\t\t<div id=\"elementor-tab-title-1591\" class=\"elementor-tab-title\" data-tab=\"1\" role=\"tab\" aria-controls=\"elementor-tab-content-1591\" aria-expanded=\"false\">\n\t\t\t\t\t\t\t\t\t\t\t\t\t<span class=\"elementor-accordion-icon elementor-accordion-icon-left\" aria-hidden=\"true\">\n\t\t\t\t\t\t\t\t\t\t\t\t\t\t\t<span class=\"elementor-accordion-icon-closed\"><i class=\"fas fa-plus\"><\/i><\/span>\n\t\t\t\t\t\t\t\t<span class=\"elementor-accordion-icon-opened\"><i class=\"fas fa-minus\"><\/i><\/span>\n\t\t\t\t\t\t\t\t\t\t\t\t\t\t<\/span>\n\t\t\t\t\t\t\t\t\t\t\t\t<a class=\"elementor-accordion-title\" href=\"\">INSCRIPCIONES AQU\u00cd<\/a>\n\t\t\t\t\t<\/div>\n\t\t\t\t\t<div id=\"elementor-tab-content-1591\" class=\"elementor-tab-content elementor-clearfix\" data-tab=\"1\" role=\"tabpanel\" aria-labelledby=\"elementor-tab-title-1591\"><p>Inscripciones abiertas en:\u00a0<strong><a href=\"https:\/\/docs.google.com\/forms\/d\/e\/1FAIpQLSdGd0Ekbws5Rv7BKtXoQpd8G-2-OQtQscBrXzwHCPaucBiqMA\/viewform\" target=\"_blank\" rel=\"noopener\">https:\/\/bit.ly\/diplo-ia-faya<\/a><\/strong><\/p><\/div>\n\t\t\t\t<\/div>\n\t\t\t\t\t\t\t<div class=\"elementor-accordion-item\">\n\t\t\t\t\t<div id=\"elementor-tab-title-1592\" class=\"elementor-tab-title\" data-tab=\"2\" role=\"tab\" aria-controls=\"elementor-tab-content-1592\" aria-expanded=\"false\">\n\t\t\t\t\t\t\t\t\t\t\t\t\t<span class=\"elementor-accordion-icon elementor-accordion-icon-left\" aria-hidden=\"true\">\n\t\t\t\t\t\t\t\t\t\t\t\t\t\t\t<span class=\"elementor-accordion-icon-closed\"><i class=\"fas fa-plus\"><\/i><\/span>\n\t\t\t\t\t\t\t\t<span class=\"elementor-accordion-icon-opened\"><i class=\"fas fa-minus\"><\/i><\/span>\n\t\t\t\t\t\t\t\t\t\t\t\t\t\t<\/span>\n\t\t\t\t\t\t\t\t\t\t\t\t<a class=\"elementor-accordion-title\" href=\"\">Modalidad y Carga horaria total<\/a>\n\t\t\t\t\t<\/div>\n\t\t\t\t\t<div id=\"elementor-tab-content-1592\" class=\"elementor-tab-content elementor-clearfix\" data-tab=\"2\" role=\"tabpanel\" aria-labelledby=\"elementor-tab-title-1592\"><p><strong>Carga horaria h\u00edbrida<\/strong>:<\/p><ul><li><strong>Modalidad:<\/strong> 100% virtual (sincr\u00f3nica y asincr\u00f3nica)<\/li><li><strong>Duraci\u00f3n: <\/strong>Abril \u2013 Noviembre 2026<\/li><li><strong>Carga horaria formativa total: <\/strong>120<\/li><li><strong>Carga horaria total:<\/strong> 120 horas<\/li><li><strong>Cursado sincr\u00f3nico:<\/strong> cada 15 d\u00edas<\/li><\/ul><p>\u00a0<\/p><p><strong>Inicio:<\/strong> viernes 24 de abril de 2026<\/p><p>\u00a0<\/p><p><strong>H<\/strong><strong>orarios de clases sincr\u00f3nicas<\/strong><\/p><ul><li><strong>Viernes:<\/strong> 16:00 a 20:00 hs<\/li><li><strong>S\u00e1bado:<\/strong> 9:00 a 13:00 hs<\/li><li><strong>Duraci\u00f3n por encuentro:<\/strong> 8 horas<\/li><li><strong>Total de encuentros:<\/strong> 15<\/li><\/ul><p>\u00a0<\/p><p><strong>Estructura del cursado<\/strong><\/p><ul><li>Clases virtuales sincr\u00f3nicas intensivas (Zoom\/Meet), viernes y s\u00e1bados cada 15 d\u00edas.<\/li><li>Actividades asincr\u00f3nicas en aula virtual: lecturas, an\u00e1lisis de textos, trabajos pr\u00e1cticos y desarrollo del proyecto final.<\/li><li>Un trabajo pr\u00e1ctico obligatorio por m\u00f3dulo.<\/li><li>Proyecto final integrador individual con presentaci\u00f3n y defensa.<\/li><\/ul><p><em>Consideraciones:<\/em> Las horas pr\u00e1cticas se desarrollar\u00e1n principalmente a trav\u00e9s de actividades asincr\u00f3nicas, trabajos pr\u00e1cticos por m\u00f3dulo y el proyecto final integrador, mientras que las horas te\u00f3ricas se abordar\u00e1n en instancias virtuales sincr\u00f3nicas.<\/p><\/div>\n\t\t\t\t<\/div>\n\t\t\t\t\t\t\t<div class=\"elementor-accordion-item\">\n\t\t\t\t\t<div id=\"elementor-tab-title-1593\" class=\"elementor-tab-title\" data-tab=\"3\" role=\"tab\" aria-controls=\"elementor-tab-content-1593\" aria-expanded=\"false\">\n\t\t\t\t\t\t\t\t\t\t\t\t\t<span class=\"elementor-accordion-icon elementor-accordion-icon-left\" aria-hidden=\"true\">\n\t\t\t\t\t\t\t\t\t\t\t\t\t\t\t<span class=\"elementor-accordion-icon-closed\"><i class=\"fas fa-plus\"><\/i><\/span>\n\t\t\t\t\t\t\t\t<span class=\"elementor-accordion-icon-opened\"><i class=\"fas fa-minus\"><\/i><\/span>\n\t\t\t\t\t\t\t\t\t\t\t\t\t\t<\/span>\n\t\t\t\t\t\t\t\t\t\t\t\t<a class=\"elementor-accordion-title\" href=\"\">Organizaci\u00f3n por m\u00f3dulos<\/a>\n\t\t\t\t\t<\/div>\n\t\t\t\t\t<div id=\"elementor-tab-content-1593\" class=\"elementor-tab-content elementor-clearfix\" data-tab=\"3\" role=\"tabpanel\" aria-labelledby=\"elementor-tab-title-1593\"><p><strong>Marzo \u2013 Abril<\/strong><\/p><p style=\"padding-left: 40px;\"><strong>M\u00f3dulo 1:<\/strong> Fundamentos de la Inteligencia Artificial y su aplicaci\u00f3n en la educaci\u00f3n<\/p><p><strong>Abril \u2013 Mayo<\/strong><\/p><p style=\"padding-left: 40px;\"><strong>M\u00f3dulo 2:<\/strong> Inteligencia Artificial en la investigaci\u00f3n acad\u00e9mica<\/p><p><strong>Junio \u2013 Julio (primera quincena)<\/strong><\/p><p style=\"padding-left: 40px;\"><strong>M\u00f3dulo 3:<\/strong> Inteligencia Artificial en la docencia<\/p><p><strong>Julio (segunda quincena) <\/strong><strong>Pausa acad\u00e9mica<\/strong> (sin clases sincr\u00f3nicas; continuidad asincr\u00f3nica opcional)<\/p><p><strong>Agosto \u2013 Septiembre<\/strong><\/p><p style=\"padding-left: 40px;\"><strong>M\u00f3dulo 4:<\/strong> Inteligencia Artificial en la extensi\u00f3n y la gesti\u00f3n dentro dem \u00e1mbito educativo<\/p><p><strong>Septiembre \u2013 Octubre<\/strong><\/p><p style=\"padding-left: 40px;\"><strong>M\u00f3dulo Final:<\/strong> Proyecto de aplicaci\u00f3n y producci\u00f3n acad\u00e9mica<\/p><p style=\"padding-left: 40px;\">Incluye: formulaci\u00f3n, fundamentaci\u00f3n te\u00f3rica, dise\u00f1o metodol\u00f3gico, escritura acad\u00e9mica y defensa final.<\/p><h3>\u00a0<\/h3><p><strong>Dedicaci\u00f3n esperada<\/strong><\/p><ul><li>Participaci\u00f3n en clases sincr\u00f3nicas quincenales.<\/li><li>Trabajo asincr\u00f3nico entre encuentros (lecturas, actividades y producci\u00f3n acad\u00e9mica).<\/li><li>Elaboraci\u00f3n de un proyecto final aplicado a un contexto universitario real.<\/li><\/ul><p>\u00a0<\/p><p>\u00a0<\/p><\/div>\n\t\t\t\t<\/div>\n\t\t\t\t\t\t\t<div class=\"elementor-accordion-item\">\n\t\t\t\t\t<div id=\"elementor-tab-title-1594\" class=\"elementor-tab-title\" data-tab=\"4\" role=\"tab\" aria-controls=\"elementor-tab-content-1594\" aria-expanded=\"false\">\n\t\t\t\t\t\t\t\t\t\t\t\t\t<span class=\"elementor-accordion-icon elementor-accordion-icon-left\" aria-hidden=\"true\">\n\t\t\t\t\t\t\t\t\t\t\t\t\t\t\t<span class=\"elementor-accordion-icon-closed\"><i class=\"fas fa-plus\"><\/i><\/span>\n\t\t\t\t\t\t\t\t<span class=\"elementor-accordion-icon-opened\"><i class=\"fas fa-minus\"><\/i><\/span>\n\t\t\t\t\t\t\t\t\t\t\t\t\t\t<\/span>\n\t\t\t\t\t\t\t\t\t\t\t\t<a class=\"elementor-accordion-title\" href=\"\">Cuerpo Docente<\/a>\n\t\t\t\t\t<\/div>\n\t\t\t\t\t<div id=\"elementor-tab-content-1594\" class=\"elementor-tab-content elementor-clearfix\" data-tab=\"4\" role=\"tabpanel\" aria-labelledby=\"elementor-tab-title-1594\"><ul><li><strong>Maximiliano Celmo David Bud\u00e1n. <\/strong>Doctor en Ciencia de la Computaci\u00f3n. Especialista en Ense\u00f1anza de la Ciencias Exactas. Licenciado en Sistemas de Informaci\u00f3n<br \/>Universidad Nacional de Santiago del Estero. CONICET<\/li><li><strong>Paola Daniela Bud\u00e1n. <\/strong>Doctora en Ciencia de la Computaci\u00f3n. Magister en Ciencia de la Computaci\u00f3n. Especialista en Ense\u00f1anza de la Ciencias Exactas. Licenciada en Sistemas de Informaci\u00f3n.<br \/>Universidad Nacional de Santiago del Estero. Universidad Nacional del Sur.<\/li><li><strong>Miriam Elizabeth R\u00edos. <\/strong>Licenciada en matem\u00e1ticas. Especialista en ense\u00f1anza en ciencias exactas.<br \/>Universidad Nacional de Santiago del Estero<\/li><li><strong>Sebasti\u00e1n Iver Scaglione. <\/strong>Licenciado en Sistemas de Informaci\u00f3n.<br \/>Universidad Nacional de Santiago del Estero<\/li><li><strong>Marcela Ver\u00f3nica Domski. <\/strong>Profesora en matem\u00e1tica. Licenciada en Educaci\u00f3n. Especialista en ense\u00f1anza en ciencias exactas. Magister en tecnolog\u00eda educativa y competencias digitales.<br \/>Universidad Nacional de Santiago del Estero<\/li><\/ul><\/div>\n\t\t\t\t<\/div>\n\t\t\t\t\t\t\t<div class=\"elementor-accordion-item\">\n\t\t\t\t\t<div id=\"elementor-tab-title-1595\" class=\"elementor-tab-title\" data-tab=\"5\" role=\"tab\" aria-controls=\"elementor-tab-content-1595\" aria-expanded=\"false\">\n\t\t\t\t\t\t\t\t\t\t\t\t\t<span class=\"elementor-accordion-icon elementor-accordion-icon-left\" aria-hidden=\"true\">\n\t\t\t\t\t\t\t\t\t\t\t\t\t\t\t<span class=\"elementor-accordion-icon-closed\"><i class=\"fas fa-plus\"><\/i><\/span>\n\t\t\t\t\t\t\t\t<span class=\"elementor-accordion-icon-opened\"><i class=\"fas fa-minus\"><\/i><\/span>\n\t\t\t\t\t\t\t\t\t\t\t\t\t\t<\/span>\n\t\t\t\t\t\t\t\t\t\t\t\t<a class=\"elementor-accordion-title\" href=\"\">Aranceles y formas de pago<\/a>\n\t\t\t\t\t<\/div>\n\t\t\t\t\t<div id=\"elementor-tab-content-1595\" class=\"elementor-tab-content elementor-clearfix\" data-tab=\"5\" role=\"tabpanel\" aria-labelledby=\"elementor-tab-title-1595\"><p><strong>Valor de Aranceles<\/strong><\/p><ul><li style=\"list-style-type: none;\"><ul><li style=\"list-style-type: none;\"><ul><li style=\"list-style-type: none;\"><ul><li>Inscripci\u00f3n: $ 60.000<\/li><li>Ocho (8) cuotas mensuales de: $ 70.000<\/li><li>Costo total de la Diplomatura: $ 620.000<\/li><\/ul><\/li><\/ul><\/li><\/ul><\/li><\/ul><p style=\"padding-left: 40px;\"><strong>\u00a0\u00a0\u00a0\u00a0\u00a0\u00a0 <\/strong><\/p><p><strong>Modalidad de pago<\/strong>:<\/p><p>Pagos por transferencia a Cuenta Corriente en Pesos de Facultad de Agronom\u00eda y Agroindustrias asignada a Servicios a Terceros.<\/p><ul><li>Cuenta Corriente en Pesos Banco Santander 364-000995\/3 de la Facultad de Agronom\u00eda y Agroindustrias<\/li><li>CBU: 0720364820000000099536<\/li><li>Alias: NIEVE.CINTA.CAL<\/li><\/ul><p>El comprobante de inscripci\u00f3n deber\u00e1 ser cargado en el <a href=\"https:\/\/forms.gle\/WNFNfvCLDPfHLyB89\" target=\"_blank\" rel=\"noopener\">formulario<\/a> <strong><a href=\"https:\/\/forms.gle\/WNFNfvCLDPfHLyB89\" target=\"_blank\" rel=\"noopener\">aqu\u00ed<\/a><\/strong><\/p><p>\u00a0<\/p><\/div>\n\t\t\t\t<\/div>\n\t\t\t\t\t\t\t\t<\/div>\n\t\t\t\t<\/div>\n\t\t\t\t<\/div>\n\t\t\t\t<div class=\"elementor-element elementor-element-dffcc57 elementor-widget elementor-widget-menu-anchor\" data-id=\"dffcc57\" data-element_type=\"widget\" data-widget_type=\"menu-anchor.default\">\n\t\t\t\t<div class=\"elementor-widget-container\">\n\t\t\t\t\t<div id=\"inscripciones\" class=\"elementor-menu-anchor\"><\/div>\n\t\t\t\t<\/div>\n\t\t\t\t<\/div>\n\t\t\t\t\t<\/div>\n\t\t<\/div>\n\t\t\t\t\t\t\t<\/div>\n\t\t<\/section>\n\t\t\t\t\t\t<\/div>\n\t\t\t\t\t<\/div>\n\t\t","protected":false},"excerpt":{"rendered":"<p>Importante: La presente Diplomatura no constituye una carrera universitaria y por tanto no otorga t\u00edtulo habilitante para el ejercicio profesional La Diplomatura en Inteligencia Artificial aplicada a la Educaci\u00f3n Universitaria, ofrece una formaci\u00f3n integral en el aprovechamiento cr\u00edtico y situado de la IA en los&#8230;<\/p>\n","protected":false},"author":5,"featured_media":0,"parent":0,"menu_order":0,"comment_status":"closed","ping_status":"closed","template":"","meta":{"_mi_skip_tracking":false},"yoast_head":"<!-- This site is optimized with the Yoast SEO plugin v17.7.1 - https:\/\/yoast.com\/wordpress\/plugins\/seo\/ -->\n<meta name=\"robots\" content=\"index, follow, max-snippet:-1, max-image-preview:large, max-video-preview:-1\" \/>\n<link rel=\"canonical\" href=\"https:\/\/faya.unse.edu.ar\/index.php\/diplo-ia\/\" \/>\n<meta property=\"og:locale\" content=\"es_ES\" \/>\n<meta property=\"og:type\" content=\"article\" \/>\n<meta property=\"og:title\" content=\"Diplomatura en Inteligencia Artificial aplicada a la Educaci\u00f3n Secundaria, Superior y Universitaria: Automatizaci\u00f3n y Sistemas Inteligentes | Facultad de Agronom\u00eda y Agroindustrias UNSE | FAyA UNSE\" \/>\n<meta property=\"og:description\" content=\"Importante: La presente Diplomatura no constituye una carrera universitaria y por tanto no otorga t\u00edtulo habilitante para el ejercicio profesional La Diplomatura en Inteligencia Artificial aplicada a la Educaci\u00f3n Universitaria, ofrece una formaci\u00f3n integral en el aprovechamiento cr\u00edtico y situado de la IA en los...\" \/>\n<meta property=\"og:url\" content=\"https:\/\/faya.unse.edu.ar\/index.php\/diplo-ia\/\" \/>\n<meta property=\"og:site_name\" content=\"Facultad de Agronom\u00eda y Agroindustrias UNSE | FAyA UNSE\" \/>\n<meta property=\"article:publisher\" content=\"https:\/\/www.facebook.com\/agroUNSE\/\" \/>\n<meta property=\"article:modified_time\" content=\"2026-03-17T13:32:45+00:00\" \/>\n<meta property=\"og:image\" content=\"https:\/\/faya.unse.edu.ar\/wp-content\/uploads\/banner_Mesa-de-trabajo-1-1.png\" \/>\n<meta name=\"twitter:card\" content=\"summary_large_image\" \/>\n<meta name=\"twitter:site\" content=\"@fayaunse\" \/>\n<meta name=\"twitter:label1\" content=\"Tiempo de lectura\" \/>\n\t<meta name=\"twitter:data1\" content=\"4 minutos\" \/>\n<script type=\"application\/ld+json\" class=\"yoast-schema-graph\">{\"@context\":\"https:\/\/schema.org\",\"@graph\":[{\"@type\":\"WebSite\",\"@id\":\"https:\/\/faya.unse.edu.ar\/#website\",\"url\":\"https:\/\/faya.unse.edu.ar\/\",\"name\":\"Facultad de Agronom\\u00eda y Agroindustrias UNSE | FAyA UNSE\",\"description\":\"\",\"potentialAction\":[{\"@type\":\"SearchAction\",\"target\":{\"@type\":\"EntryPoint\",\"urlTemplate\":\"https:\/\/faya.unse.edu.ar\/?s={search_term_string}\"},\"query-input\":\"required name=search_term_string\"}],\"inLanguage\":\"es-AR\"},{\"@type\":\"ImageObject\",\"@id\":\"https:\/\/faya.unse.edu.ar\/index.php\/diplo-ia\/#primaryimage\",\"inLanguage\":\"es-AR\",\"url\":\"https:\/\/faya.unse.edu.ar\/wp-content\/uploads\/banner_Mesa-de-trabajo-1-1.png\",\"contentUrl\":\"https:\/\/faya.unse.edu.ar\/wp-content\/uploads\/banner_Mesa-de-trabajo-1-1.png\",\"width\":5626,\"height\":1935},{\"@type\":\"WebPage\",\"@id\":\"https:\/\/faya.unse.edu.ar\/index.php\/diplo-ia\/#webpage\",\"url\":\"https:\/\/faya.unse.edu.ar\/index.php\/diplo-ia\/\",\"name\":\"Diplomatura en Inteligencia Artificial aplicada a la Educaci\\u00f3n Secundaria, Superior y Universitaria: Automatizaci\\u00f3n y Sistemas Inteligentes | Facultad de Agronom\\u00eda y Agroindustrias UNSE | FAyA UNSE\",\"isPartOf\":{\"@id\":\"https:\/\/faya.unse.edu.ar\/#website\"},\"primaryImageOfPage\":{\"@id\":\"https:\/\/faya.unse.edu.ar\/index.php\/diplo-ia\/#primaryimage\"},\"datePublished\":\"2025-02-17T14:49:22+00:00\",\"dateModified\":\"2026-03-17T13:32:45+00:00\",\"breadcrumb\":{\"@id\":\"https:\/\/faya.unse.edu.ar\/index.php\/diplo-ia\/#breadcrumb\"},\"inLanguage\":\"es-AR\",\"potentialAction\":[{\"@type\":\"ReadAction\",\"target\":[\"https:\/\/faya.unse.edu.ar\/index.php\/diplo-ia\/\"]}]},{\"@type\":\"BreadcrumbList\",\"@id\":\"https:\/\/faya.unse.edu.ar\/index.php\/diplo-ia\/#breadcrumb\",\"itemListElement\":[{\"@type\":\"ListItem\",\"position\":1,\"name\":\"Home\",\"item\":\"https:\/\/faya.unse.edu.ar\/\"},{\"@type\":\"ListItem\",\"position\":2,\"name\":\"Diplomatura en Inteligencia Artificial aplicada a la Educaci\\u00f3n Secundaria, Superior y Universitaria: Automatizaci\\u00f3n y Sistemas Inteligentes\"}]}]}<\/script>\n<!-- \/ Yoast SEO plugin. -->","yoast_head_json":{"robots":{"index":"index","follow":"follow","max-snippet":"max-snippet:-1","max-image-preview":"max-image-preview:large","max-video-preview":"max-video-preview:-1"},"canonical":"https:\/\/faya.unse.edu.ar\/index.php\/diplo-ia\/","og_locale":"es_ES","og_type":"article","og_title":"Diplomatura en Inteligencia Artificial aplicada a la Educaci\u00f3n Secundaria, Superior y Universitaria: Automatizaci\u00f3n y Sistemas Inteligentes | Facultad de Agronom\u00eda y Agroindustrias UNSE | FAyA UNSE","og_description":"Importante: La presente Diplomatura no constituye una carrera universitaria y por tanto no otorga t\u00edtulo habilitante para el ejercicio profesional La Diplomatura en Inteligencia Artificial aplicada a la Educaci\u00f3n Universitaria, ofrece una formaci\u00f3n integral en el aprovechamiento cr\u00edtico y situado de la IA en los...","og_url":"https:\/\/faya.unse.edu.ar\/index.php\/diplo-ia\/","og_site_name":"Facultad de Agronom\u00eda y Agroindustrias UNSE | FAyA UNSE","article_publisher":"https:\/\/www.facebook.com\/agroUNSE\/","article_modified_time":"2026-03-17T13:32:45+00:00","og_image":[{"url":"https:\/\/faya.unse.edu.ar\/wp-content\/uploads\/banner_Mesa-de-trabajo-1-1.png"}],"twitter_card":"summary_large_image","twitter_site":"@fayaunse","twitter_misc":{"Tiempo de lectura":"4 minutos"},"schema":{"@context":"https:\/\/schema.org","@graph":[{"@type":"WebSite","@id":"https:\/\/faya.unse.edu.ar\/#website","url":"https:\/\/faya.unse.edu.ar\/","name":"Facultad de Agronom\u00eda y Agroindustrias UNSE | FAyA UNSE","description":"","potentialAction":[{"@type":"SearchAction","target":{"@type":"EntryPoint","urlTemplate":"https:\/\/faya.unse.edu.ar\/?s={search_term_string}"},"query-input":"required name=search_term_string"}],"inLanguage":"es-AR"},{"@type":"ImageObject","@id":"https:\/\/faya.unse.edu.ar\/index.php\/diplo-ia\/#primaryimage","inLanguage":"es-AR","url":"https:\/\/faya.unse.edu.ar\/wp-content\/uploads\/banner_Mesa-de-trabajo-1-1.png","contentUrl":"https:\/\/faya.unse.edu.ar\/wp-content\/uploads\/banner_Mesa-de-trabajo-1-1.png","width":5626,"height":1935},{"@type":"WebPage","@id":"https:\/\/faya.unse.edu.ar\/index.php\/diplo-ia\/#webpage","url":"https:\/\/faya.unse.edu.ar\/index.php\/diplo-ia\/","name":"Diplomatura en Inteligencia Artificial aplicada a la Educaci\u00f3n Secundaria, Superior y Universitaria: Automatizaci\u00f3n y Sistemas Inteligentes | Facultad de Agronom\u00eda y Agroindustrias UNSE | FAyA UNSE","isPartOf":{"@id":"https:\/\/faya.unse.edu.ar\/#website"},"primaryImageOfPage":{"@id":"https:\/\/faya.unse.edu.ar\/index.php\/diplo-ia\/#primaryimage"},"datePublished":"2025-02-17T14:49:22+00:00","dateModified":"2026-03-17T13:32:45+00:00","breadcrumb":{"@id":"https:\/\/faya.unse.edu.ar\/index.php\/diplo-ia\/#breadcrumb"},"inLanguage":"es-AR","potentialAction":[{"@type":"ReadAction","target":["https:\/\/faya.unse.edu.ar\/index.php\/diplo-ia\/"]}]},{"@type":"BreadcrumbList","@id":"https:\/\/faya.unse.edu.ar\/index.php\/diplo-ia\/#breadcrumb","itemListElement":[{"@type":"ListItem","position":1,"name":"Home","item":"https:\/\/faya.unse.edu.ar\/"},{"@type":"ListItem","position":2,"name":"Diplomatura en Inteligencia Artificial aplicada a la Educaci\u00f3n Secundaria, Superior y Universitaria: Automatizaci\u00f3n y Sistemas Inteligentes"}]}]}},"_links":{"self":[{"href":"https:\/\/faya.unse.edu.ar\/index.php\/wp-json\/wp\/v2\/pages\/33954"}],"collection":[{"href":"https:\/\/faya.unse.edu.ar\/index.php\/wp-json\/wp\/v2\/pages"}],"about":[{"href":"https:\/\/faya.unse.edu.ar\/index.php\/wp-json\/wp\/v2\/types\/page"}],"author":[{"embeddable":true,"href":"https:\/\/faya.unse.edu.ar\/index.php\/wp-json\/wp\/v2\/users\/5"}],"replies":[{"embeddable":true,"href":"https:\/\/faya.unse.edu.ar\/index.php\/wp-json\/wp\/v2\/comments?post=33954"}],"version-history":[{"count":85,"href":"https:\/\/faya.unse.edu.ar\/index.php\/wp-json\/wp\/v2\/pages\/33954\/revisions"}],"predecessor-version":[{"id":35887,"href":"https:\/\/faya.unse.edu.ar\/index.php\/wp-json\/wp\/v2\/pages\/33954\/revisions\/35887"}],"wp:attachment":[{"href":"https:\/\/faya.unse.edu.ar\/index.php\/wp-json\/wp\/v2\/media?parent=33954"}],"curies":[{"name":"wp","href":"https:\/\/api.w.org\/{rel}","templated":true}]}}