{"id":33973,"date":"2025-02-18T10:54:22","date_gmt":"2025-02-18T13:54:22","guid":{"rendered":"https:\/\/faya.unse.edu.ar\/?page_id=33973"},"modified":"2025-02-18T11:38:37","modified_gmt":"2025-02-18T14:38:37","slug":"diplomatura-en-produccion-apicola-sostenible","status":"publish","type":"page","link":"https:\/\/faya.unse.edu.ar\/index.php\/diplomatura-en-produccion-apicola-sostenible\/","title":{"rendered":"DIPLOMATURA EN PRODUCCI\u00d3N AP\u00cdCOLA SOSTENIBLE"},"content":{"rendered":"\t\t<div data-elementor-type=\"wp-page\" data-elementor-id=\"33973\" class=\"elementor elementor-33973\" data-elementor-settings=\"[]\">\n\t\t\t\t\t\t\t<div class=\"elementor-section-wrap\">\n\t\t\t\t\t\t\t<section class=\"elementor-section elementor-top-section elementor-element elementor-element-4d8eed0 elementor-section-boxed elementor-section-height-default elementor-section-height-default\" data-id=\"4d8eed0\" data-element_type=\"section\">\n\t\t\t\t\t\t<div class=\"elementor-container elementor-column-gap-default\">\n\t\t\t\t\t<div class=\"elementor-column elementor-col-100 elementor-top-column elementor-element elementor-element-ceedd5b\" data-id=\"ceedd5b\" data-element_type=\"column\">\n\t\t\t<div class=\"elementor-widget-wrap elementor-element-populated\">\n\t\t\t\t\t\t\t\t<div class=\"elementor-element elementor-element-5c9c1fb elementor-widget elementor-widget-image\" data-id=\"5c9c1fb\" data-element_type=\"widget\" data-widget_type=\"image.default\">\n\t\t\t\t<div class=\"elementor-widget-container\">\n\t\t\t\t\t\t\t\t\t\t\t\t\t\t\t<img width=\"1024\" height=\"228\" src=\"https:\/\/faya.unse.edu.ar\/wp-content\/uploads\/top_mail_Mesa-de-trabajo-1-1024x228.png\" class=\"attachment-large size-large\" alt=\"\" loading=\"lazy\" srcset=\"https:\/\/faya.unse.edu.ar\/wp-content\/uploads\/top_mail_Mesa-de-trabajo-1-1024x228.png 1024w, https:\/\/faya.unse.edu.ar\/wp-content\/uploads\/top_mail_Mesa-de-trabajo-1-300x67.png 300w, https:\/\/faya.unse.edu.ar\/wp-content\/uploads\/top_mail_Mesa-de-trabajo-1-768x171.png 768w, https:\/\/faya.unse.edu.ar\/wp-content\/uploads\/top_mail_Mesa-de-trabajo-1-1536x342.png 1536w, https:\/\/faya.unse.edu.ar\/wp-content\/uploads\/top_mail_Mesa-de-trabajo-1-2048x456.png 2048w, https:\/\/faya.unse.edu.ar\/wp-content\/uploads\/top_mail_Mesa-de-trabajo-1-700x156.png 700w\" sizes=\"(max-width: 1024px) 100vw, 1024px\" \/>\t\t\t\t\t\t\t\t\t\t\t\t\t\t\t<\/div>\n\t\t\t\t<\/div>\n\t\t\t\t\t<\/div>\n\t\t<\/div>\n\t\t\t\t\t\t\t<\/div>\n\t\t<\/section>\n\t\t\t\t<section class=\"elementor-section elementor-top-section elementor-element elementor-element-9822a84 elementor-section-boxed elementor-section-height-default elementor-section-height-default\" data-id=\"9822a84\" data-element_type=\"section\">\n\t\t\t\t\t\t<div class=\"elementor-container elementor-column-gap-default\">\n\t\t\t\t\t<div class=\"elementor-column elementor-col-100 elementor-top-column elementor-element elementor-element-37c14d3\" data-id=\"37c14d3\" data-element_type=\"column\">\n\t\t\t<div class=\"elementor-widget-wrap elementor-element-populated\">\n\t\t\t\t\t\t\t\t<div class=\"elementor-element elementor-element-73a275b elementor-widget elementor-widget-text-editor\" data-id=\"73a275b\" data-element_type=\"widget\" data-widget_type=\"text-editor.default\">\n\t\t\t\t<div class=\"elementor-widget-container\">\n\t\t\t\t\t\t\t<p>La Diplomatura en \u201cProducci\u00f3n Ap\u00edcola Sostenible\u201d es una propuesta de la Facultad de Agronom\u00eda y Agroindustrias de la Universidad Nacional de Santiago del Estero orientada a la formaci\u00f3n de un diplomado que pueda desenvolverse en la cr\u00eda y manejo de abejas mel\u00edferas enfocada en la aplicaci\u00f3n de Buenas Pr\u00e1cticas Ap\u00edcolas para una gesti\u00f3n y producci\u00f3n ap\u00edcola sostenible. La propuesta acad\u00e9mica brinda las herramientas te\u00f3ricas y pr\u00e1cticas para que los diplomados puedan desenvolverse como apicultores e iniciar un emprendimiento rentable que priorice el uso de pr\u00e1cticas ambientalmente responsables, para luego poder especializarse a trav\u00e9s de otros tramos formativos en otro tipo de producciones.<\/p><p><strong>\u00a0<\/strong><\/p><ul><li><strong>Objetivo: <\/strong>Desarrollar en los estudiantes la capacidad de identificar y manejar los aspectos m\u00e1s relevantes de la actividad ap\u00edcola, contribuyendo a una producci\u00f3n sostenida y rentable.<\/li><li><strong>Destinatarios:\u00a0<\/strong>Apicultores y p\u00fablico en general. Actividad con cupo<\/li><li><strong>Criterios de admisi\u00f3n:\u00a0<\/strong>el aspirante debe acreditar estudios primarios completos y presentar una carta de intenci\u00f3n donde relate sus motivaciones para ingresar a la Diplomatura. (formulario)<\/li><li><strong>Modalidad y Carga horaria: <\/strong>Semipresencial, 126 (ciento veintis\u00e9is) horas totales.<\/li><\/ul><p>\u00a0<\/p><p><strong><em><a href=\"https:\/\/faya.unse.edu.ar\/index.php\/institucional\/2024\/apertura-de-la-diplomatura-en-produccion-apicola-sostenible\/\" target=\"_blank\" rel=\"noopener\">Ver apertura aqu\u00ed<\/a><\/em><\/strong><\/p><p>\u00a0<\/p><p>\u00a0<\/p>\t\t\t\t\t\t<\/div>\n\t\t\t\t<\/div>\n\t\t\t\t\t<\/div>\n\t\t<\/div>\n\t\t\t\t\t\t\t<\/div>\n\t\t<\/section>\n\t\t\t\t<section class=\"elementor-section elementor-top-section elementor-element elementor-element-5186262 elementor-section-boxed elementor-section-height-default elementor-section-height-default\" data-id=\"5186262\" data-element_type=\"section\">\n\t\t\t\t\t\t<div class=\"elementor-container elementor-column-gap-default\">\n\t\t\t\t\t<div class=\"elementor-column elementor-col-100 elementor-top-column elementor-element elementor-element-714018a\" data-id=\"714018a\" data-element_type=\"column\">\n\t\t\t<div class=\"elementor-widget-wrap elementor-element-populated\">\n\t\t\t\t\t\t\t\t<div class=\"elementor-element elementor-element-7126129 elementor-widget elementor-widget-accordion\" data-id=\"7126129\" data-element_type=\"widget\" data-widget_type=\"accordion.default\">\n\t\t\t\t<div class=\"elementor-widget-container\">\n\t\t\t\t\t<div class=\"elementor-accordion\" role=\"tablist\">\n\t\t\t\t\t\t\t<div class=\"elementor-accordion-item\">\n\t\t\t\t\t<div id=\"elementor-tab-title-1181\" class=\"elementor-tab-title\" data-tab=\"1\" role=\"tab\" aria-controls=\"elementor-tab-content-1181\" aria-expanded=\"false\">\n\t\t\t\t\t\t\t\t\t\t\t\t\t<span class=\"elementor-accordion-icon elementor-accordion-icon-left\" aria-hidden=\"true\">\n\t\t\t\t\t\t\t\t\t\t\t\t\t\t\t<span class=\"elementor-accordion-icon-closed\"><i class=\"fas fa-plus\"><\/i><\/span>\n\t\t\t\t\t\t\t\t<span class=\"elementor-accordion-icon-opened\"><i class=\"fas fa-minus\"><\/i><\/span>\n\t\t\t\t\t\t\t\t\t\t\t\t\t\t<\/span>\n\t\t\t\t\t\t\t\t\t\t\t\t<a class=\"elementor-accordion-title\" href=\"\">Objetivos espec\u00edficos<\/a>\n\t\t\t\t\t<\/div>\n\t\t\t\t\t<div id=\"elementor-tab-content-1181\" class=\"elementor-tab-content elementor-clearfix\" data-tab=\"1\" role=\"tabpanel\" aria-labelledby=\"elementor-tab-title-1181\"><p>Se busca lograr que el alumno:<\/p><ul><li>Conozca los aspectos m\u00e1s importantes de la anatom\u00eda y fisiolog\u00eda de la abeja <em>Apis mellifera<\/em><\/li><li>Reconozca los aspectos m\u00e1s importantes de la nutrici\u00f3n y alimentaci\u00f3n de la colonia<\/li><li>Reconozca las enfermedades y plagas que perjudican la producci\u00f3n ap\u00edcola.<\/li><li>Conozca los aspectos m\u00e1s importantes referidos a la cosecha y acondicionamiento de la miel.<\/li><li>Adquiera las habilidades para el manejo de las distintas t\u00e9cnicas tendientes a una adecuada producci\u00f3n ap\u00edcola.<\/li><li>Conozca las distintas legislaciones provinciales, nacionales e intemacionales que regulan la actividad ap\u00edcola.<\/li><li>Adquiera las habilidades para el manejo de las distintas t\u00e9cnicas de gesti\u00f3n, tendiente a una explotaci\u00f3n econ\u00f3micamente rentable.<\/li><\/ul><\/div>\n\t\t\t\t<\/div>\n\t\t\t\t\t\t\t<div class=\"elementor-accordion-item\">\n\t\t\t\t\t<div id=\"elementor-tab-title-1182\" class=\"elementor-tab-title\" data-tab=\"2\" role=\"tab\" aria-controls=\"elementor-tab-content-1182\" aria-expanded=\"false\">\n\t\t\t\t\t\t\t\t\t\t\t\t\t<span class=\"elementor-accordion-icon elementor-accordion-icon-left\" aria-hidden=\"true\">\n\t\t\t\t\t\t\t\t\t\t\t\t\t\t\t<span class=\"elementor-accordion-icon-closed\"><i class=\"fas fa-plus\"><\/i><\/span>\n\t\t\t\t\t\t\t\t<span class=\"elementor-accordion-icon-opened\"><i class=\"fas fa-minus\"><\/i><\/span>\n\t\t\t\t\t\t\t\t\t\t\t\t\t\t<\/span>\n\t\t\t\t\t\t\t\t\t\t\t\t<a class=\"elementor-accordion-title\" href=\"\">Contenidos <\/a>\n\t\t\t\t\t<\/div>\n\t\t\t\t\t<div id=\"elementor-tab-content-1182\" class=\"elementor-tab-content elementor-clearfix\" data-tab=\"2\" role=\"tabpanel\" aria-labelledby=\"elementor-tab-title-1182\"><p>La propuesta se estructura en tres (3) M\u00f3dulos Tem\u00e1ticos Obligatorios:<\/p><ul><li><strong>M\u00f3dulo I: Del nido natural a la colmena tecnificada. <\/strong><ul><li>La abeja <em>Apis mellifera<\/em><\/li><li>La colonia como superorganismo<\/li><li>La colmena como unidad productiva<\/li><li>El apiario<\/li><\/ul><\/li><li><strong>M\u00f3dulo II: La colmena productiva. <\/strong><ul><li>Alimentaci\u00f3n de la colmena<\/li><li>Sanidad de la colmena. Plagas y enfermedades<\/li><li>Buenas pr\u00e1cticas para el manejo del apiario<\/li><\/ul><\/li><li><strong>M\u00f3dulo III: Inocuidad de los productos y desarrollo econ\u00f3mico sostenible<\/strong>.<ul><li>Buenas pr\u00e1cticas para la cosecha y transporte de alzas melarias<\/li><li>Buenas pr\u00e1cticas de manufactura<\/li><li>Legislaci\u00f3n de referencia para la actividad ap\u00edcola<\/li><li>Herramientas para la gesti\u00f3n y comercializaci\u00f3n Herramientas para la gesti\u00f3n y comercializaci\u00f3n<\/li><\/ul><\/li><\/ul><\/div>\n\t\t\t\t<\/div>\n\t\t\t\t\t\t\t<div class=\"elementor-accordion-item\">\n\t\t\t\t\t<div id=\"elementor-tab-title-1183\" class=\"elementor-tab-title\" data-tab=\"3\" role=\"tab\" aria-controls=\"elementor-tab-content-1183\" aria-expanded=\"false\">\n\t\t\t\t\t\t\t\t\t\t\t\t\t<span class=\"elementor-accordion-icon elementor-accordion-icon-left\" aria-hidden=\"true\">\n\t\t\t\t\t\t\t\t\t\t\t\t\t\t\t<span class=\"elementor-accordion-icon-closed\"><i class=\"fas fa-plus\"><\/i><\/span>\n\t\t\t\t\t\t\t\t<span class=\"elementor-accordion-icon-opened\"><i class=\"fas fa-minus\"><\/i><\/span>\n\t\t\t\t\t\t\t\t\t\t\t\t\t\t<\/span>\n\t\t\t\t\t\t\t\t\t\t\t\t<a class=\"elementor-accordion-title\" href=\"\">Evaluaci\u00f3n y certificaci\u00f3n<\/a>\n\t\t\t\t\t<\/div>\n\t\t\t\t\t<div id=\"elementor-tab-content-1183\" class=\"elementor-tab-content elementor-clearfix\" data-tab=\"3\" role=\"tabpanel\" aria-labelledby=\"elementor-tab-title-1183\"><p>Se evaluar\u00e1 cada m\u00f3dulo en una jornada de examen te\u00f3rico-pr\u00e1ctico presencial. Los alumnos tendr\u00e1n la posibilidad de recuperar cada uno de los ex\u00e1menes<\/p><p>Se entregar\u00e1n certificado de:<\/p><ul><li>Asistencia (con participaci\u00f3n en el 80% de las jornadas presenciales).<\/li><li>Aprobaci\u00f3n de las 3 (tres) evaluaciones, una por m\u00f3dulo obligatorio.<\/li><\/ul><p>\u00a0Requisito de aprobaci\u00f3n:<\/p><ul><li>Asistencia requerida: cumplir con el 80% de asistencia a las actividades presenciales.<\/li><li>Aprobaci\u00f3n de los tres m\u00f3dulos a trav\u00e9s de los ex\u00e1menes evaluativos. Nota de aprobaci\u00f3n m\u00ednima 4 (cuatro).<\/li><\/ul><\/div>\n\t\t\t\t<\/div>\n\t\t\t\t\t\t\t<div class=\"elementor-accordion-item\">\n\t\t\t\t\t<div id=\"elementor-tab-title-1184\" class=\"elementor-tab-title\" data-tab=\"4\" role=\"tab\" aria-controls=\"elementor-tab-content-1184\" aria-expanded=\"false\">\n\t\t\t\t\t\t\t\t\t\t\t\t\t<span class=\"elementor-accordion-icon elementor-accordion-icon-left\" aria-hidden=\"true\">\n\t\t\t\t\t\t\t\t\t\t\t\t\t\t\t<span class=\"elementor-accordion-icon-closed\"><i class=\"fas fa-plus\"><\/i><\/span>\n\t\t\t\t\t\t\t\t<span class=\"elementor-accordion-icon-opened\"><i class=\"fas fa-minus\"><\/i><\/span>\n\t\t\t\t\t\t\t\t\t\t\t\t\t\t<\/span>\n\t\t\t\t\t\t\t\t\t\t\t\t<a class=\"elementor-accordion-title\" href=\"\">Responsables<\/a>\n\t\t\t\t\t<\/div>\n\t\t\t\t\t<div id=\"elementor-tab-content-1184\" class=\"elementor-tab-content elementor-clearfix\" data-tab=\"4\" role=\"tabpanel\" aria-labelledby=\"elementor-tab-title-1184\"><p>Directora: Dra. Gabriela Cilla<\/p><p>Coordinador: T\u00e9c. Andr\u00e9s David Santucho<\/p><p>Cuerpo Docente:<\/p><ul><li>Gabriela Cilla<\/li><li>Agr. Mar\u00eda Leyla Ledesma Har\u00f3n<\/li><li>Agr. Cristian Maldonado<\/li><li>T\u00e9c. Universitario en Apic. Andr\u00e9s David Santucho<\/li><li>T\u00e9c. Universitario en Apic.Viviana Nogales<\/li><li>Alumnos colaboradores FAyA &#8211; UNSE<\/li><\/ul><\/div>\n\t\t\t\t<\/div>\n\t\t\t\t\t\t\t<div class=\"elementor-accordion-item\">\n\t\t\t\t\t<div id=\"elementor-tab-title-1185\" class=\"elementor-tab-title\" data-tab=\"5\" role=\"tab\" aria-controls=\"elementor-tab-content-1185\" aria-expanded=\"false\">\n\t\t\t\t\t\t\t\t\t\t\t\t\t<span class=\"elementor-accordion-icon elementor-accordion-icon-left\" aria-hidden=\"true\">\n\t\t\t\t\t\t\t\t\t\t\t\t\t\t\t<span class=\"elementor-accordion-icon-closed\"><i class=\"fas fa-plus\"><\/i><\/span>\n\t\t\t\t\t\t\t\t<span class=\"elementor-accordion-icon-opened\"><i class=\"fas fa-minus\"><\/i><\/span>\n\t\t\t\t\t\t\t\t\t\t\t\t\t\t<\/span>\n\t\t\t\t\t\t\t\t\t\t\t\t<a class=\"elementor-accordion-title\" href=\"\">Aranceles y formas de pago<\/a>\n\t\t\t\t\t<\/div>\n\t\t\t\t\t<div id=\"elementor-tab-content-1185\" class=\"elementor-tab-content elementor-clearfix\" data-tab=\"5\" role=\"tabpanel\" aria-labelledby=\"elementor-tab-title-1185\"><p><strong>Valor de Cuotas e inscripci\u00f3n:<\/strong><\/p><ul><li style=\"list-style-type: none;\"><ul><li>Inscripci\u00f3n: $20.000<\/li><li>Cuota por m\u00f3dulo: $30.000<\/li><li>Costo total Diplomatura: $110.000<\/li><\/ul><\/li><\/ul><p>\u00a0<\/p><p><strong>Modalidad de pago<\/strong><\/p><p>Pago por transferencia:<\/p><p style=\"padding-left: 40px;\">Cuenta Corriente en Pesos 364-000995\/3<\/p><p style=\"padding-left: 40px;\">N\u00famero de CBU:<\/p><p style=\"padding-left: 40px;\">0720364820000000099536<\/p><p style=\"padding-left: 40px;\">Alias: NIEVE.CINTA.CAL<\/p><p style=\"padding-left: 40px;\">Titular de la cuenta: Facultad de Agronom\u00eda y Agroindustrias<\/p><p>IMPORTANTE: <strong>enviar comprobante a correo<\/strong> <a href=\"mailto:diploproduccionapicolafaya@gmail.com\">diploproduccionapicolafaya@gmail.com<\/a> para registro del pago<\/p><\/div>\n\t\t\t\t<\/div>\n\t\t\t\t\t\t\t\t<\/div>\n\t\t\t\t<\/div>\n\t\t\t\t<\/div>\n\t\t\t\t\t<\/div>\n\t\t<\/div>\n\t\t\t\t\t\t\t<\/div>\n\t\t<\/section>\n\t\t\t\t<section class=\"elementor-section elementor-top-section elementor-element elementor-element-6c8b402 elementor-section-boxed elementor-section-height-default elementor-section-height-default\" data-id=\"6c8b402\" data-element_type=\"section\">\n\t\t\t\t\t\t<div class=\"elementor-container elementor-column-gap-default\">\n\t\t\t\t\t<div class=\"elementor-column elementor-col-100 elementor-top-column elementor-element elementor-element-b6815b7\" data-id=\"b6815b7\" data-element_type=\"column\">\n\t\t\t<div class=\"elementor-widget-wrap elementor-element-populated\">\n\t\t\t\t\t\t\t\t<div class=\"elementor-element elementor-element-559abb1 elementor-widget elementor-widget-image\" data-id=\"559abb1\" data-element_type=\"widget\" data-widget_type=\"image.default\">\n\t\t\t\t<div class=\"elementor-widget-container\">\n\t\t\t\t\t\t\t\t\t\t\t\t\t\t\t<img width=\"1024\" height=\"171\" src=\"https:\/\/faya.unse.edu.ar\/wp-content\/uploads\/bot_mail_Mesa-de-trabajo-1-1024x171.png\" class=\"attachment-large size-large\" alt=\"\" loading=\"lazy\" srcset=\"https:\/\/faya.unse.edu.ar\/wp-content\/uploads\/bot_mail_Mesa-de-trabajo-1-1024x171.png 1024w, https:\/\/faya.unse.edu.ar\/wp-content\/uploads\/bot_mail_Mesa-de-trabajo-1-300x50.png 300w, https:\/\/faya.unse.edu.ar\/wp-content\/uploads\/bot_mail_Mesa-de-trabajo-1-768x128.png 768w, https:\/\/faya.unse.edu.ar\/wp-content\/uploads\/bot_mail_Mesa-de-trabajo-1-1536x256.png 1536w, https:\/\/faya.unse.edu.ar\/wp-content\/uploads\/bot_mail_Mesa-de-trabajo-1-2048x342.png 2048w, https:\/\/faya.unse.edu.ar\/wp-content\/uploads\/bot_mail_Mesa-de-trabajo-1-700x117.png 700w\" sizes=\"(max-width: 1024px) 100vw, 1024px\" \/>\t\t\t\t\t\t\t\t\t\t\t\t\t\t\t<\/div>\n\t\t\t\t<\/div>\n\t\t\t\t\t<\/div>\n\t\t<\/div>\n\t\t\t\t\t\t\t<\/div>\n\t\t<\/section>\n\t\t\t\t\t\t<\/div>\n\t\t\t\t\t<\/div>\n\t\t","protected":false},"excerpt":{"rendered":"<p>La Diplomatura en \u201cProducci\u00f3n Ap\u00edcola Sostenible\u201d es una propuesta de la Facultad de Agronom\u00eda y Agroindustrias de la Universidad Nacional de Santiago del Estero orientada a la formaci\u00f3n de un diplomado que pueda desenvolverse en la cr\u00eda y manejo de abejas mel\u00edferas enfocada en la&#8230;<\/p>\n","protected":false},"author":5,"featured_media":0,"parent":0,"menu_order":0,"comment_status":"closed","ping_status":"closed","template":"","meta":{"_mi_skip_tracking":false},"yoast_head":"<!-- This site is optimized with the Yoast SEO plugin v17.7.1 - https:\/\/yoast.com\/wordpress\/plugins\/seo\/ -->\n<meta name=\"robots\" content=\"index, follow, max-snippet:-1, max-image-preview:large, max-video-preview:-1\" \/>\n<link rel=\"canonical\" href=\"https:\/\/faya.unse.edu.ar\/index.php\/diplomatura-en-produccion-apicola-sostenible\/\" \/>\n<meta property=\"og:locale\" content=\"es_ES\" \/>\n<meta property=\"og:type\" content=\"article\" \/>\n<meta property=\"og:title\" content=\"DIPLOMATURA EN PRODUCCI\u00d3N AP\u00cdCOLA SOSTENIBLE | Facultad de Agronom\u00eda y Agroindustrias UNSE | FAyA UNSE\" \/>\n<meta property=\"og:description\" content=\"La Diplomatura en \u201cProducci\u00f3n Ap\u00edcola Sostenible\u201d es una propuesta de la Facultad de Agronom\u00eda y Agroindustrias de la Universidad Nacional de Santiago del Estero orientada a la formaci\u00f3n de un diplomado que pueda desenvolverse en la cr\u00eda y manejo de abejas mel\u00edferas enfocada en la...\" \/>\n<meta property=\"og:url\" content=\"https:\/\/faya.unse.edu.ar\/index.php\/diplomatura-en-produccion-apicola-sostenible\/\" \/>\n<meta property=\"og:site_name\" content=\"Facultad de Agronom\u00eda y Agroindustrias UNSE | FAyA UNSE\" \/>\n<meta property=\"article:publisher\" content=\"https:\/\/www.facebook.com\/agroUNSE\/\" \/>\n<meta property=\"article:modified_time\" content=\"2025-02-18T14:38:37+00:00\" \/>\n<meta property=\"og:image\" content=\"https:\/\/faya.unse.edu.ar\/wp-content\/uploads\/top_mail_Mesa-de-trabajo-1-1024x228.png\" \/>\n<meta name=\"twitter:card\" content=\"summary_large_image\" \/>\n<meta name=\"twitter:site\" content=\"@fayaunse\" \/>\n<meta name=\"twitter:label1\" content=\"Tiempo de lectura\" \/>\n\t<meta name=\"twitter:data1\" content=\"3 minutos\" \/>\n<script type=\"application\/ld+json\" class=\"yoast-schema-graph\">{\"@context\":\"https:\/\/schema.org\",\"@graph\":[{\"@type\":\"WebSite\",\"@id\":\"https:\/\/faya.unse.edu.ar\/#website\",\"url\":\"https:\/\/faya.unse.edu.ar\/\",\"name\":\"Facultad de Agronom\\u00eda y Agroindustrias UNSE | FAyA UNSE\",\"description\":\"\",\"potentialAction\":[{\"@type\":\"SearchAction\",\"target\":{\"@type\":\"EntryPoint\",\"urlTemplate\":\"https:\/\/faya.unse.edu.ar\/?s={search_term_string}\"},\"query-input\":\"required name=search_term_string\"}],\"inLanguage\":\"es-AR\"},{\"@type\":\"ImageObject\",\"@id\":\"https:\/\/faya.unse.edu.ar\/index.php\/diplomatura-en-produccion-apicola-sostenible\/#primaryimage\",\"inLanguage\":\"es-AR\",\"url\":\"https:\/\/faya.unse.edu.ar\/wp-content\/uploads\/top_mail_Mesa-de-trabajo-1.png\",\"contentUrl\":\"https:\/\/faya.unse.edu.ar\/wp-content\/uploads\/top_mail_Mesa-de-trabajo-1.png\",\"width\":4500,\"height\":1001},{\"@type\":\"WebPage\",\"@id\":\"https:\/\/faya.unse.edu.ar\/index.php\/diplomatura-en-produccion-apicola-sostenible\/#webpage\",\"url\":\"https:\/\/faya.unse.edu.ar\/index.php\/diplomatura-en-produccion-apicola-sostenible\/\",\"name\":\"DIPLOMATURA EN PRODUCCI\\u00d3N AP\\u00cdCOLA SOSTENIBLE | Facultad de Agronom\\u00eda y Agroindustrias UNSE | FAyA UNSE\",\"isPartOf\":{\"@id\":\"https:\/\/faya.unse.edu.ar\/#website\"},\"primaryImageOfPage\":{\"@id\":\"https:\/\/faya.unse.edu.ar\/index.php\/diplomatura-en-produccion-apicola-sostenible\/#primaryimage\"},\"datePublished\":\"2025-02-18T13:54:22+00:00\",\"dateModified\":\"2025-02-18T14:38:37+00:00\",\"breadcrumb\":{\"@id\":\"https:\/\/faya.unse.edu.ar\/index.php\/diplomatura-en-produccion-apicola-sostenible\/#breadcrumb\"},\"inLanguage\":\"es-AR\",\"potentialAction\":[{\"@type\":\"ReadAction\",\"target\":[\"https:\/\/faya.unse.edu.ar\/index.php\/diplomatura-en-produccion-apicola-sostenible\/\"]}]},{\"@type\":\"BreadcrumbList\",\"@id\":\"https:\/\/faya.unse.edu.ar\/index.php\/diplomatura-en-produccion-apicola-sostenible\/#breadcrumb\",\"itemListElement\":[{\"@type\":\"ListItem\",\"position\":1,\"name\":\"Home\",\"item\":\"https:\/\/faya.unse.edu.ar\/\"},{\"@type\":\"ListItem\",\"position\":2,\"name\":\"DIPLOMATURA EN PRODUCCI\\u00d3N AP\\u00cdCOLA SOSTENIBLE\"}]}]}<\/script>\n<!-- \/ Yoast SEO plugin. -->","yoast_head_json":{"robots":{"index":"index","follow":"follow","max-snippet":"max-snippet:-1","max-image-preview":"max-image-preview:large","max-video-preview":"max-video-preview:-1"},"canonical":"https:\/\/faya.unse.edu.ar\/index.php\/diplomatura-en-produccion-apicola-sostenible\/","og_locale":"es_ES","og_type":"article","og_title":"DIPLOMATURA EN PRODUCCI\u00d3N AP\u00cdCOLA SOSTENIBLE | Facultad de Agronom\u00eda y Agroindustrias UNSE | FAyA UNSE","og_description":"La Diplomatura en \u201cProducci\u00f3n Ap\u00edcola Sostenible\u201d es una propuesta de la Facultad de Agronom\u00eda y Agroindustrias de la Universidad Nacional de Santiago del Estero orientada a la formaci\u00f3n de un diplomado que pueda desenvolverse en la cr\u00eda y manejo de abejas mel\u00edferas enfocada en la...","og_url":"https:\/\/faya.unse.edu.ar\/index.php\/diplomatura-en-produccion-apicola-sostenible\/","og_site_name":"Facultad de Agronom\u00eda y Agroindustrias UNSE | FAyA UNSE","article_publisher":"https:\/\/www.facebook.com\/agroUNSE\/","article_modified_time":"2025-02-18T14:38:37+00:00","og_image":[{"url":"https:\/\/faya.unse.edu.ar\/wp-content\/uploads\/top_mail_Mesa-de-trabajo-1-1024x228.png"}],"twitter_card":"summary_large_image","twitter_site":"@fayaunse","twitter_misc":{"Tiempo de lectura":"3 minutos"},"schema":{"@context":"https:\/\/schema.org","@graph":[{"@type":"WebSite","@id":"https:\/\/faya.unse.edu.ar\/#website","url":"https:\/\/faya.unse.edu.ar\/","name":"Facultad de Agronom\u00eda y Agroindustrias UNSE | FAyA UNSE","description":"","potentialAction":[{"@type":"SearchAction","target":{"@type":"EntryPoint","urlTemplate":"https:\/\/faya.unse.edu.ar\/?s={search_term_string}"},"query-input":"required name=search_term_string"}],"inLanguage":"es-AR"},{"@type":"ImageObject","@id":"https:\/\/faya.unse.edu.ar\/index.php\/diplomatura-en-produccion-apicola-sostenible\/#primaryimage","inLanguage":"es-AR","url":"https:\/\/faya.unse.edu.ar\/wp-content\/uploads\/top_mail_Mesa-de-trabajo-1.png","contentUrl":"https:\/\/faya.unse.edu.ar\/wp-content\/uploads\/top_mail_Mesa-de-trabajo-1.png","width":4500,"height":1001},{"@type":"WebPage","@id":"https:\/\/faya.unse.edu.ar\/index.php\/diplomatura-en-produccion-apicola-sostenible\/#webpage","url":"https:\/\/faya.unse.edu.ar\/index.php\/diplomatura-en-produccion-apicola-sostenible\/","name":"DIPLOMATURA EN PRODUCCI\u00d3N AP\u00cdCOLA SOSTENIBLE | Facultad de Agronom\u00eda y Agroindustrias UNSE | FAyA UNSE","isPartOf":{"@id":"https:\/\/faya.unse.edu.ar\/#website"},"primaryImageOfPage":{"@id":"https:\/\/faya.unse.edu.ar\/index.php\/diplomatura-en-produccion-apicola-sostenible\/#primaryimage"},"datePublished":"2025-02-18T13:54:22+00:00","dateModified":"2025-02-18T14:38:37+00:00","breadcrumb":{"@id":"https:\/\/faya.unse.edu.ar\/index.php\/diplomatura-en-produccion-apicola-sostenible\/#breadcrumb"},"inLanguage":"es-AR","potentialAction":[{"@type":"ReadAction","target":["https:\/\/faya.unse.edu.ar\/index.php\/diplomatura-en-produccion-apicola-sostenible\/"]}]},{"@type":"BreadcrumbList","@id":"https:\/\/faya.unse.edu.ar\/index.php\/diplomatura-en-produccion-apicola-sostenible\/#breadcrumb","itemListElement":[{"@type":"ListItem","position":1,"name":"Home","item":"https:\/\/faya.unse.edu.ar\/"},{"@type":"ListItem","position":2,"name":"DIPLOMATURA EN PRODUCCI\u00d3N AP\u00cdCOLA SOSTENIBLE"}]}]}},"_links":{"self":[{"href":"https:\/\/faya.unse.edu.ar\/index.php\/wp-json\/wp\/v2\/pages\/33973"}],"collection":[{"href":"https:\/\/faya.unse.edu.ar\/index.php\/wp-json\/wp\/v2\/pages"}],"about":[{"href":"https:\/\/faya.unse.edu.ar\/index.php\/wp-json\/wp\/v2\/types\/page"}],"author":[{"embeddable":true,"href":"https:\/\/faya.unse.edu.ar\/index.php\/wp-json\/wp\/v2\/users\/5"}],"replies":[{"embeddable":true,"href":"https:\/\/faya.unse.edu.ar\/index.php\/wp-json\/wp\/v2\/comments?post=33973"}],"version-history":[{"count":5,"href":"https:\/\/faya.unse.edu.ar\/index.php\/wp-json\/wp\/v2\/pages\/33973\/revisions"}],"predecessor-version":[{"id":33995,"href":"https:\/\/faya.unse.edu.ar\/index.php\/wp-json\/wp\/v2\/pages\/33973\/revisions\/33995"}],"wp:attachment":[{"href":"https:\/\/faya.unse.edu.ar\/index.php\/wp-json\/wp\/v2\/media?parent=33973"}],"curies":[{"name":"wp","href":"https:\/\/api.w.org\/{rel}","templated":true}]}}