{"id":33981,"date":"2025-02-18T11:07:32","date_gmt":"2025-02-18T14:07:32","guid":{"rendered":"https:\/\/faya.unse.edu.ar\/?page_id=33981"},"modified":"2026-03-20T11:32:36","modified_gmt":"2026-03-20T14:32:36","slug":"diplomaturas-faya","status":"publish","type":"page","link":"https:\/\/faya.unse.edu.ar\/index.php\/diplomaturas-faya\/","title":{"rendered":"DIPLOMATURAS FAyA"},"content":{"rendered":"\t\t<div data-elementor-type=\"wp-page\" data-elementor-id=\"33981\" class=\"elementor elementor-33981\" data-elementor-settings=\"[]\">\n\t\t\t\t\t\t\t<div class=\"elementor-section-wrap\">\n\t\t\t\t\t\t\t<section class=\"elementor-section elementor-top-section elementor-element elementor-element-2493fec elementor-section-boxed elementor-section-height-default elementor-section-height-default\" data-id=\"2493fec\" data-element_type=\"section\">\n\t\t\t\t\t\t<div class=\"elementor-container elementor-column-gap-default\">\n\t\t\t\t\t<div class=\"elementor-column elementor-col-50 elementor-top-column elementor-element elementor-element-8f699b8\" data-id=\"8f699b8\" data-element_type=\"column\">\n\t\t\t<div class=\"elementor-widget-wrap elementor-element-populated\">\n\t\t\t\t\t\t\t\t<div class=\"elementor-element elementor-element-e4ffb69 elementor-widget elementor-widget-text-editor\" data-id=\"e4ffb69\" data-element_type=\"widget\" data-widget_type=\"text-editor.default\">\n\t\t\t\t<div class=\"elementor-widget-container\">\n\t\t\t\t\t\t\t<p>La Facultad de Agronom\u00eda y Agroindustrias ofrece al medio una serie de Diplomaturas que constituyen trayectos destinados a satisfacerlas necesidades de formaci\u00f3n continua de la comunidad universitaria y de la sociedad en su conjunto, cuyo objeto es la capacitaci\u00f3n y actualizaci\u00f3n permanente en diferentes \u00e1reas y tem\u00e1ticas acad\u00e9micas.<\/p><p>\u00a0<\/p><p><em>No constituyen carreras de pregrado, grado o posgrado, no otorgan t\u00edtulo habilitante para el ejercicio profesional, ni cuentan con reconocimiento oficial y validez Nacional.<\/em><\/p>\t\t\t\t\t\t<\/div>\n\t\t\t\t<\/div>\n\t\t\t\t\t<\/div>\n\t\t<\/div>\n\t\t\t\t<div class=\"elementor-column elementor-col-50 elementor-top-column elementor-element elementor-element-5d0c8f9\" data-id=\"5d0c8f9\" data-element_type=\"column\">\n\t\t\t<div class=\"elementor-widget-wrap elementor-element-populated\">\n\t\t\t\t\t\t\t\t<div class=\"elementor-element elementor-element-42c6285 elementor-widget elementor-widget-toggle\" data-id=\"42c6285\" data-element_type=\"widget\" data-widget_type=\"toggle.default\">\n\t\t\t\t<div class=\"elementor-widget-container\">\n\t\t\t\t\t<div class=\"elementor-toggle\" role=\"tablist\">\n\t\t\t\t\t\t\t<div class=\"elementor-toggle-item\">\n\t\t\t\t\t<div id=\"elementor-tab-title-7001\" class=\"elementor-tab-title\" data-tab=\"1\" role=\"tab\" aria-controls=\"elementor-tab-content-7001\" aria-expanded=\"false\">\n\t\t\t\t\t\t\t\t\t\t\t\t<span class=\"elementor-toggle-icon elementor-toggle-icon-left\" aria-hidden=\"true\">\n\t\t\t\t\t\t\t\t\t\t\t\t\t\t\t<span class=\"elementor-toggle-icon-closed\"><i class=\"fas fa-caret-right\"><\/i><\/span>\n\t\t\t\t\t\t\t\t<span class=\"elementor-toggle-icon-opened\"><i class=\"elementor-toggle-icon-opened fas fa-caret-up\"><\/i><\/span>\n\t\t\t\t\t\t\t\t\t\t\t\t\t<\/span>\n\t\t\t\t\t\t\t\t\t\t\t\t<a href=\"\" class=\"elementor-toggle-title\">DIPLOMATURA EN INTELIGENCIA ARTIFICIAL APLICADA A LA EDUCACI\u00d3N SECUNDARIA, SUPERIOR Y UNIVERSITARIA: AUTOMATIZACI\u00d3N Y SISTEMAS INTELIGENTES<\/a>\n\t\t\t\t\t<\/div>\n\n\t\t\t\t\t<div id=\"elementor-tab-content-7001\" class=\"elementor-tab-content elementor-clearfix\" data-tab=\"1\" role=\"tabpanel\" aria-labelledby=\"elementor-tab-title-7001\"><p>La Diplomatura en Inteligencia Artificial aplicada a la Educaci\u00f3n Universitaria, ofrece una formaci\u00f3n integral en el aprovechamiento cr\u00edtico y situado de la IA en los tres pilares de la educaci\u00f3n universitaria: docencia, investigaci\u00f3n y extensi\u00f3n. El programa abarca cuatro m\u00f3dulos tem\u00e1ticos y un proyecto final, explorando los fundamentos de la IA, su impacto en la indagaci\u00f3n acad\u00e9mica, la ense\u00f1anza universitaria, y la gesti\u00f3n institucional y vinculaci\u00f3n con el medio. Los participantes adquirir\u00e1n habilidades pr\u00e1cticas y conocimientos te\u00f3ricos para implementar soluciones de IA en sus actividades educativas universitarias, abordando aspectos \u00e9ticos y metodol\u00f3gicos.<\/p><p>\u00a0<\/p><p><strong><em><a href=\"https:\/\/faya.unse.edu.ar\/index.php\/diplo-ia\/\">Ingresa aqu\u00ed<\/a><\/em><\/strong><\/p><\/div>\n\t\t\t\t<\/div>\n\t\t\t\t\t\t\t<div class=\"elementor-toggle-item\">\n\t\t\t\t\t<div id=\"elementor-tab-title-7002\" class=\"elementor-tab-title\" data-tab=\"2\" role=\"tab\" aria-controls=\"elementor-tab-content-7002\" aria-expanded=\"false\">\n\t\t\t\t\t\t\t\t\t\t\t\t<span class=\"elementor-toggle-icon elementor-toggle-icon-left\" aria-hidden=\"true\">\n\t\t\t\t\t\t\t\t\t\t\t\t\t\t\t<span class=\"elementor-toggle-icon-closed\"><i class=\"fas fa-caret-right\"><\/i><\/span>\n\t\t\t\t\t\t\t\t<span class=\"elementor-toggle-icon-opened\"><i class=\"elementor-toggle-icon-opened fas fa-caret-up\"><\/i><\/span>\n\t\t\t\t\t\t\t\t\t\t\t\t\t<\/span>\n\t\t\t\t\t\t\t\t\t\t\t\t<a href=\"\" class=\"elementor-toggle-title\">DIPLOMATURA EN GESTI\u00d3N DE FARMACIA<\/a>\n\t\t\t\t\t<\/div>\n\n\t\t\t\t\t<div id=\"elementor-tab-content-7002\" class=\"elementor-tab-content elementor-clearfix\" data-tab=\"2\" role=\"tabpanel\" aria-labelledby=\"elementor-tab-title-7002\"><p>La Diplomatura en Gesti\u00f3n de Farmacia en un \u00e1mbito de Educaci\u00f3n Universitaria, ofrece una formaci\u00f3n integral del estudiante en los pilares del ejercicio t\u00e9cnico profesional: atenci\u00f3n al paciente, gesti\u00f3n operativa y educaci\u00f3n sanitaria.\u00a0<\/p><p>\u00a0<\/p><p><em><strong><a href=\"https:\/\/faya.unse.edu.ar\/index.php\/diplo-farmacia\/\">Ingresa aqu\u00ed<\/a><\/strong><\/em><\/p><\/div>\n\t\t\t\t<\/div>\n\t\t\t\t\t\t\t<div class=\"elementor-toggle-item\">\n\t\t\t\t\t<div id=\"elementor-tab-title-7003\" class=\"elementor-tab-title\" data-tab=\"3\" role=\"tab\" aria-controls=\"elementor-tab-content-7003\" aria-expanded=\"false\">\n\t\t\t\t\t\t\t\t\t\t\t\t<span class=\"elementor-toggle-icon elementor-toggle-icon-left\" aria-hidden=\"true\">\n\t\t\t\t\t\t\t\t\t\t\t\t\t\t\t<span class=\"elementor-toggle-icon-closed\"><i class=\"fas fa-caret-right\"><\/i><\/span>\n\t\t\t\t\t\t\t\t<span class=\"elementor-toggle-icon-opened\"><i class=\"elementor-toggle-icon-opened fas fa-caret-up\"><\/i><\/span>\n\t\t\t\t\t\t\t\t\t\t\t\t\t<\/span>\n\t\t\t\t\t\t\t\t\t\t\t\t<a href=\"\" class=\"elementor-toggle-title\">DIPLOMATURA EN INNOVACI\u00d3N y EMPRENDEDORISMO<\/a>\n\t\t\t\t\t<\/div>\n\n\t\t\t\t\t<div id=\"elementor-tab-content-7003\" class=\"elementor-tab-content elementor-clearfix\" data-tab=\"3\" role=\"tabpanel\" aria-labelledby=\"elementor-tab-title-7003\"><p>La <strong><a href=\"https:\/\/faya.unse.edu.ar\/index.php\/diplomatura-en-innovacion-y-emprendedorismo\/?preview_id=33988&amp;preview_nonce=771552c594&amp;preview=true\" target=\"_blank\" rel=\"noopener\">Diplomatura en Innovaci\u00f3n y Emprendedorismo<\/a><\/strong> nace con el objetivo de formar agentes capacitados para contribuir al fortalecimiento y desarrollo del Ecosistema Emprendedor de la provincia de Santiago del Estero. Haciendo \u00e9nfasis en las capacidades para dise\u00f1ar y ejecutar pol\u00edticas p\u00fablicas que promuevan el desarrollo econ\u00f3mico, los procesos de innovaci\u00f3n, la mejora de competitividad, el valor agregado al sistema productivo y la adquisici\u00f3n de nuevas herramientas espec\u00edficas de gesti\u00f3n.<\/p><p><em><strong><a href=\"https:\/\/faya.unse.edu.ar\/index.php\/diplomatura-en-innovacion-y-emprendedorismo\/\" target=\"_blank\" rel=\"noopener\">Ingresa aqu\u00ed<\/a><\/strong><\/em><\/p><\/div>\n\t\t\t\t<\/div>\n\t\t\t\t\t\t\t<div class=\"elementor-toggle-item\">\n\t\t\t\t\t<div id=\"elementor-tab-title-7004\" class=\"elementor-tab-title\" data-tab=\"4\" role=\"tab\" aria-controls=\"elementor-tab-content-7004\" aria-expanded=\"false\">\n\t\t\t\t\t\t\t\t\t\t\t\t<span class=\"elementor-toggle-icon elementor-toggle-icon-left\" aria-hidden=\"true\">\n\t\t\t\t\t\t\t\t\t\t\t\t\t\t\t<span class=\"elementor-toggle-icon-closed\"><i class=\"fas fa-caret-right\"><\/i><\/span>\n\t\t\t\t\t\t\t\t<span class=\"elementor-toggle-icon-opened\"><i class=\"elementor-toggle-icon-opened fas fa-caret-up\"><\/i><\/span>\n\t\t\t\t\t\t\t\t\t\t\t\t\t<\/span>\n\t\t\t\t\t\t\t\t\t\t\t\t<a href=\"\" class=\"elementor-toggle-title\">DIPLOMATURA EN PRODUCCI\u00d3N AP\u00cdCOLA SOSTENIBLE<\/a>\n\t\t\t\t\t<\/div>\n\n\t\t\t\t\t<div id=\"elementor-tab-content-7004\" class=\"elementor-tab-content elementor-clearfix\" data-tab=\"4\" role=\"tabpanel\" aria-labelledby=\"elementor-tab-title-7004\"><p>La <strong><a href=\"https:\/\/faya.unse.edu.ar\/index.php\/diplomatura-en-produccion-apicola-sostenible\/\" target=\"_blank\" rel=\"noopener\">Diplomatura en \u201cProducci\u00f3n Ap\u00edcola Sostenible\u201d<\/a><\/strong> es una propuesta de la Facultad de Agronom\u00eda y Agroindustrias de la Universidad Nacional de Santiago del Estero orientada a la formaci\u00f3n de un diplomado que pueda desenvolverse en la cr\u00eda y manejo de abejas mel\u00edferas enfocada en la aplicaci\u00f3n de Buenas Pr\u00e1cticas Ap\u00edcolas para una gesti\u00f3n y producci\u00f3n ap\u00edcola sostenible.\u00a0<\/p><p>\u00a0<\/p><p><em><strong><a href=\"https:\/\/faya.unse.edu.ar\/index.php\/diplomatura-en-produccion-apicola-sostenible\/\" target=\"_blank\" rel=\"noopener\">Ingresa aqu\u00ed<\/a><\/strong><\/em><\/p><\/div>\n\t\t\t\t<\/div>\n\t\t\t\t\t\t\t<div class=\"elementor-toggle-item\">\n\t\t\t\t\t<div id=\"elementor-tab-title-7005\" class=\"elementor-tab-title\" data-tab=\"5\" role=\"tab\" aria-controls=\"elementor-tab-content-7005\" aria-expanded=\"false\">\n\t\t\t\t\t\t\t\t\t\t\t\t<span class=\"elementor-toggle-icon elementor-toggle-icon-left\" aria-hidden=\"true\">\n\t\t\t\t\t\t\t\t\t\t\t\t\t\t\t<span class=\"elementor-toggle-icon-closed\"><i class=\"fas fa-caret-right\"><\/i><\/span>\n\t\t\t\t\t\t\t\t<span class=\"elementor-toggle-icon-opened\"><i class=\"elementor-toggle-icon-opened fas fa-caret-up\"><\/i><\/span>\n\t\t\t\t\t\t\t\t\t\t\t\t\t<\/span>\n\t\t\t\t\t\t\t\t\t\t\t\t<a href=\"\" class=\"elementor-toggle-title\">DIPLOMATURA EN USO M\u00daLTIPLE DE LA VEGETACI\u00d3N NATIVA CHAQUE\u00d1A<\/a>\n\t\t\t\t\t<\/div>\n\n\t\t\t\t\t<div id=\"elementor-tab-content-7005\" class=\"elementor-tab-content elementor-clearfix\" data-tab=\"5\" role=\"tabpanel\" aria-labelledby=\"elementor-tab-title-7005\"><p class=\"vegetana-subitutlos\">La Diplomatura en Uso m\u00faltiple de la vegetaci\u00f3n nativa Chaque\u00f1a tiene como objetivo la actualizaci\u00f3n t\u00e9cnica de recursos humanos privados y p\u00fablicos en nuevos conceptos asociados al manejo y aprovechamiento de la vegetaci\u00f3n nativa en los tres aspectos mencionados en el p\u00e1rrafo anterior.<\/p><p>\u00a0<\/p><p><strong><a href=\"https:\/\/faya.unse.edu.ar\/index.php\/diplomatura-en-uso-multiple-de-la-vegetacion-nativa-chaquena\/\" target=\"_blank\" rel=\"noopener\"><em>Ingresa aqu\u00ed<\/em><\/a><\/strong><\/p><\/div>\n\t\t\t\t<\/div>\n\t\t\t\t\t\t\t\t<\/div>\n\t\t\t\t<\/div>\n\t\t\t\t<\/div>\n\t\t\t\t\t<\/div>\n\t\t<\/div>\n\t\t\t\t\t\t\t<\/div>\n\t\t<\/section>\n\t\t\t\t\t\t<\/div>\n\t\t\t\t\t<\/div>\n\t\t","protected":false},"excerpt":{"rendered":"<p>La Facultad de Agronom\u00eda y Agroindustrias ofrece al medio una serie de Diplomaturas que constituyen trayectos destinados a satisfacerlas necesidades de formaci\u00f3n continua de la comunidad universitaria y de la sociedad en su conjunto, cuyo objeto es la capacitaci\u00f3n y actualizaci\u00f3n permanente en diferentes \u00e1reas&#8230;<\/p>\n","protected":false},"author":5,"featured_media":0,"parent":0,"menu_order":0,"comment_status":"closed","ping_status":"closed","template":"","meta":{"_mi_skip_tracking":false},"yoast_head":"<!-- This site is optimized with the Yoast SEO plugin v17.7.1 - https:\/\/yoast.com\/wordpress\/plugins\/seo\/ -->\n<meta name=\"robots\" content=\"index, follow, max-snippet:-1, max-image-preview:large, max-video-preview:-1\" \/>\n<link rel=\"canonical\" href=\"https:\/\/faya.unse.edu.ar\/index.php\/diplomaturas-faya\/\" \/>\n<meta property=\"og:locale\" content=\"es_ES\" \/>\n<meta property=\"og:type\" content=\"article\" \/>\n<meta property=\"og:title\" content=\"DIPLOMATURAS FAyA | Facultad de Agronom\u00eda y Agroindustrias UNSE | FAyA UNSE\" \/>\n<meta property=\"og:description\" content=\"La Facultad de Agronom\u00eda y Agroindustrias ofrece al medio una serie de Diplomaturas que constituyen trayectos destinados a satisfacerlas necesidades de formaci\u00f3n continua de la comunidad universitaria y de la sociedad en su conjunto, cuyo objeto es la capacitaci\u00f3n y actualizaci\u00f3n permanente en diferentes \u00e1reas...\" \/>\n<meta property=\"og:url\" content=\"https:\/\/faya.unse.edu.ar\/index.php\/diplomaturas-faya\/\" \/>\n<meta property=\"og:site_name\" content=\"Facultad de Agronom\u00eda y Agroindustrias UNSE | FAyA UNSE\" \/>\n<meta property=\"article:publisher\" content=\"https:\/\/www.facebook.com\/agroUNSE\/\" \/>\n<meta property=\"article:modified_time\" content=\"2026-03-20T14:32:36+00:00\" \/>\n<meta name=\"twitter:card\" content=\"summary_large_image\" \/>\n<meta name=\"twitter:site\" content=\"@fayaunse\" \/>\n<meta name=\"twitter:label1\" content=\"Tiempo de lectura\" \/>\n\t<meta name=\"twitter:data1\" content=\"2 minutos\" \/>\n<script type=\"application\/ld+json\" class=\"yoast-schema-graph\">{\"@context\":\"https:\/\/schema.org\",\"@graph\":[{\"@type\":\"WebSite\",\"@id\":\"https:\/\/faya.unse.edu.ar\/#website\",\"url\":\"https:\/\/faya.unse.edu.ar\/\",\"name\":\"Facultad de Agronom\\u00eda y Agroindustrias UNSE | FAyA UNSE\",\"description\":\"\",\"potentialAction\":[{\"@type\":\"SearchAction\",\"target\":{\"@type\":\"EntryPoint\",\"urlTemplate\":\"https:\/\/faya.unse.edu.ar\/?s={search_term_string}\"},\"query-input\":\"required name=search_term_string\"}],\"inLanguage\":\"es-AR\"},{\"@type\":\"WebPage\",\"@id\":\"https:\/\/faya.unse.edu.ar\/index.php\/diplomaturas-faya\/#webpage\",\"url\":\"https:\/\/faya.unse.edu.ar\/index.php\/diplomaturas-faya\/\",\"name\":\"DIPLOMATURAS FAyA | Facultad de Agronom\\u00eda y Agroindustrias UNSE | FAyA UNSE\",\"isPartOf\":{\"@id\":\"https:\/\/faya.unse.edu.ar\/#website\"},\"datePublished\":\"2025-02-18T14:07:32+00:00\",\"dateModified\":\"2026-03-20T14:32:36+00:00\",\"breadcrumb\":{\"@id\":\"https:\/\/faya.unse.edu.ar\/index.php\/diplomaturas-faya\/#breadcrumb\"},\"inLanguage\":\"es-AR\",\"potentialAction\":[{\"@type\":\"ReadAction\",\"target\":[\"https:\/\/faya.unse.edu.ar\/index.php\/diplomaturas-faya\/\"]}]},{\"@type\":\"BreadcrumbList\",\"@id\":\"https:\/\/faya.unse.edu.ar\/index.php\/diplomaturas-faya\/#breadcrumb\",\"itemListElement\":[{\"@type\":\"ListItem\",\"position\":1,\"name\":\"Home\",\"item\":\"https:\/\/faya.unse.edu.ar\/\"},{\"@type\":\"ListItem\",\"position\":2,\"name\":\"DIPLOMATURAS FAyA\"}]}]}<\/script>\n<!-- \/ Yoast SEO plugin. -->","yoast_head_json":{"robots":{"index":"index","follow":"follow","max-snippet":"max-snippet:-1","max-image-preview":"max-image-preview:large","max-video-preview":"max-video-preview:-1"},"canonical":"https:\/\/faya.unse.edu.ar\/index.php\/diplomaturas-faya\/","og_locale":"es_ES","og_type":"article","og_title":"DIPLOMATURAS FAyA | Facultad de Agronom\u00eda y Agroindustrias UNSE | FAyA UNSE","og_description":"La Facultad de Agronom\u00eda y Agroindustrias ofrece al medio una serie de Diplomaturas que constituyen trayectos destinados a satisfacerlas necesidades de formaci\u00f3n continua de la comunidad universitaria y de la sociedad en su conjunto, cuyo objeto es la capacitaci\u00f3n y actualizaci\u00f3n permanente en diferentes \u00e1reas...","og_url":"https:\/\/faya.unse.edu.ar\/index.php\/diplomaturas-faya\/","og_site_name":"Facultad de Agronom\u00eda y Agroindustrias UNSE | FAyA UNSE","article_publisher":"https:\/\/www.facebook.com\/agroUNSE\/","article_modified_time":"2026-03-20T14:32:36+00:00","twitter_card":"summary_large_image","twitter_site":"@fayaunse","twitter_misc":{"Tiempo de lectura":"2 minutos"},"schema":{"@context":"https:\/\/schema.org","@graph":[{"@type":"WebSite","@id":"https:\/\/faya.unse.edu.ar\/#website","url":"https:\/\/faya.unse.edu.ar\/","name":"Facultad de Agronom\u00eda y Agroindustrias UNSE | FAyA UNSE","description":"","potentialAction":[{"@type":"SearchAction","target":{"@type":"EntryPoint","urlTemplate":"https:\/\/faya.unse.edu.ar\/?s={search_term_string}"},"query-input":"required name=search_term_string"}],"inLanguage":"es-AR"},{"@type":"WebPage","@id":"https:\/\/faya.unse.edu.ar\/index.php\/diplomaturas-faya\/#webpage","url":"https:\/\/faya.unse.edu.ar\/index.php\/diplomaturas-faya\/","name":"DIPLOMATURAS FAyA | Facultad de Agronom\u00eda y Agroindustrias UNSE | FAyA UNSE","isPartOf":{"@id":"https:\/\/faya.unse.edu.ar\/#website"},"datePublished":"2025-02-18T14:07:32+00:00","dateModified":"2026-03-20T14:32:36+00:00","breadcrumb":{"@id":"https:\/\/faya.unse.edu.ar\/index.php\/diplomaturas-faya\/#breadcrumb"},"inLanguage":"es-AR","potentialAction":[{"@type":"ReadAction","target":["https:\/\/faya.unse.edu.ar\/index.php\/diplomaturas-faya\/"]}]},{"@type":"BreadcrumbList","@id":"https:\/\/faya.unse.edu.ar\/index.php\/diplomaturas-faya\/#breadcrumb","itemListElement":[{"@type":"ListItem","position":1,"name":"Home","item":"https:\/\/faya.unse.edu.ar\/"},{"@type":"ListItem","position":2,"name":"DIPLOMATURAS FAyA"}]}]}},"_links":{"self":[{"href":"https:\/\/faya.unse.edu.ar\/index.php\/wp-json\/wp\/v2\/pages\/33981"}],"collection":[{"href":"https:\/\/faya.unse.edu.ar\/index.php\/wp-json\/wp\/v2\/pages"}],"about":[{"href":"https:\/\/faya.unse.edu.ar\/index.php\/wp-json\/wp\/v2\/types\/page"}],"author":[{"embeddable":true,"href":"https:\/\/faya.unse.edu.ar\/index.php\/wp-json\/wp\/v2\/users\/5"}],"replies":[{"embeddable":true,"href":"https:\/\/faya.unse.edu.ar\/index.php\/wp-json\/wp\/v2\/comments?post=33981"}],"version-history":[{"count":31,"href":"https:\/\/faya.unse.edu.ar\/index.php\/wp-json\/wp\/v2\/pages\/33981\/revisions"}],"predecessor-version":[{"id":36072,"href":"https:\/\/faya.unse.edu.ar\/index.php\/wp-json\/wp\/v2\/pages\/33981\/revisions\/36072"}],"wp:attachment":[{"href":"https:\/\/faya.unse.edu.ar\/index.php\/wp-json\/wp\/v2\/media?parent=33981"}],"curies":[{"name":"wp","href":"https:\/\/api.w.org\/{rel}","templated":true}]}}