{"id":33988,"date":"2025-02-18T11:31:33","date_gmt":"2025-02-18T14:31:33","guid":{"rendered":"https:\/\/faya.unse.edu.ar\/?page_id=33988"},"modified":"2025-02-18T13:27:49","modified_gmt":"2025-02-18T16:27:49","slug":"diplomatura-en-innovacion-y-emprendedorismo","status":"publish","type":"page","link":"https:\/\/faya.unse.edu.ar\/index.php\/diplomatura-en-innovacion-y-emprendedorismo\/","title":{"rendered":"DIPLOMATURA EN INNOVACI\u00d3N y EMPRENDEDORISMO"},"content":{"rendered":"\t\t<div data-elementor-type=\"wp-page\" data-elementor-id=\"33988\" class=\"elementor elementor-33988\" data-elementor-settings=\"[]\">\n\t\t\t\t\t\t\t<div class=\"elementor-section-wrap\">\n\t\t\t\t\t\t\t<section class=\"elementor-section elementor-top-section elementor-element elementor-element-ee0be9f elementor-section-boxed elementor-section-height-default elementor-section-height-default\" data-id=\"ee0be9f\" data-element_type=\"section\">\n\t\t\t\t\t\t<div class=\"elementor-container elementor-column-gap-default\">\n\t\t\t\t\t<div class=\"elementor-column elementor-col-100 elementor-top-column elementor-element elementor-element-75bbbaa\" data-id=\"75bbbaa\" data-element_type=\"column\">\n\t\t\t<div class=\"elementor-widget-wrap elementor-element-populated\">\n\t\t\t\t\t\t\t\t<div class=\"elementor-element elementor-element-49a127a elementor-widget elementor-widget-image\" data-id=\"49a127a\" data-element_type=\"widget\" data-widget_type=\"image.default\">\n\t\t\t\t<div class=\"elementor-widget-container\">\n\t\t\t\t\t\t\t\t\t\t\t\t\t\t\t<img width=\"300\" height=\"101\" src=\"https:\/\/faya.unse.edu.ar\/wp-content\/uploads\/diplo-ie-logo-01-300x101.png\" class=\"attachment-medium size-medium\" alt=\"\" loading=\"lazy\" srcset=\"https:\/\/faya.unse.edu.ar\/wp-content\/uploads\/diplo-ie-logo-01-300x101.png 300w, https:\/\/faya.unse.edu.ar\/wp-content\/uploads\/diplo-ie-logo-01-1024x346.png 1024w, https:\/\/faya.unse.edu.ar\/wp-content\/uploads\/diplo-ie-logo-01-768x259.png 768w, https:\/\/faya.unse.edu.ar\/wp-content\/uploads\/diplo-ie-logo-01-1536x519.png 1536w, https:\/\/faya.unse.edu.ar\/wp-content\/uploads\/diplo-ie-logo-01-2048x691.png 2048w, https:\/\/faya.unse.edu.ar\/wp-content\/uploads\/diplo-ie-logo-01-700x236.png 700w\" sizes=\"(max-width: 300px) 100vw, 300px\" \/>\t\t\t\t\t\t\t\t\t\t\t\t\t\t\t<\/div>\n\t\t\t\t<\/div>\n\t\t\t\t\t<\/div>\n\t\t<\/div>\n\t\t\t\t\t\t\t<\/div>\n\t\t<\/section>\n\t\t\t\t<section class=\"elementor-section elementor-top-section elementor-element elementor-element-53a6b06 elementor-section-boxed elementor-section-height-default elementor-section-height-default\" data-id=\"53a6b06\" data-element_type=\"section\">\n\t\t\t\t\t\t<div class=\"elementor-container elementor-column-gap-default\">\n\t\t\t\t\t<div class=\"elementor-column elementor-col-50 elementor-top-column elementor-element elementor-element-ee5c324\" data-id=\"ee5c324\" data-element_type=\"column\">\n\t\t\t<div class=\"elementor-widget-wrap elementor-element-populated\">\n\t\t\t\t\t\t\t\t<div class=\"elementor-element elementor-element-fc08be8 elementor-widget elementor-widget-text-editor\" data-id=\"fc08be8\" data-element_type=\"widget\" data-widget_type=\"text-editor.default\">\n\t\t\t\t<div class=\"elementor-widget-container\">\n\t\t\t\t\t\t\t<p>La misma nace con el objetivo de formar agentes capacitados para contribuir al fortalecimiento y desarrollo del Ecosistema Emprendedor de la provincia de Santiago del Estero. Haciendo \u00e9nfasis en las capacidades para dise\u00f1ar y ejecutar pol\u00edticas p\u00fablicas que promuevan el desarrollo econ\u00f3mico, los procesos de innovaci\u00f3n, la mejora de competitividad, el valor agregado al sistema productivo y la adquisici\u00f3n de nuevas herramientas espec\u00edficas de gesti\u00f3n.<\/p><p>Est\u00e1 destinada a miembros del Ecosistema Emprendedor provincial, funcionarios p\u00fablicos, equipos t\u00e9cnicos de gesti\u00f3n, comunidad educativa y p\u00fablico en general.<\/p><p>La Facultad de Agronom\u00eda y Agroindustrias procura brindar as\u00ed, conocimientos para desarrollar competencias sociales, pol\u00edticas y actitudinales, en particular, \u201cActuar con esp\u00edritu emprendedor\u201d, competencia de egreso enunciada en las Condiciones Curriculares Comunes para las Carreras de Ingenier\u00eda del Libro Rojo del Consejo Federal de Ingenier\u00eda (CONFEDI) de la Argentina. Fortalecer dichas competencias que promueven el esp\u00edritu emprendedor en los estudiantes y egresados, se constituye en una necesidad imperiosa y desafiante, de manera tal que emprender sea visibilizado como opci\u00f3n valiosa para el desarrollo personal y profesional.<\/p><p>\u00a0<\/p>\t\t\t\t\t\t<\/div>\n\t\t\t\t<\/div>\n\t\t\t\t\t<\/div>\n\t\t<\/div>\n\t\t\t\t<div class=\"elementor-column elementor-col-50 elementor-top-column elementor-element elementor-element-cdd70f1\" data-id=\"cdd70f1\" data-element_type=\"column\">\n\t\t\t<div class=\"elementor-widget-wrap elementor-element-populated\">\n\t\t\t\t\t\t\t\t<div class=\"elementor-element elementor-element-f945f71 elementor-align-left elementor-widget elementor-widget-button\" data-id=\"f945f71\" data-element_type=\"widget\" data-widget_type=\"button.default\">\n\t\t\t\t<div class=\"elementor-widget-container\">\n\t\t\t\t\t<div class=\"elementor-button-wrapper\">\n\t\t\t<a href=\"https:\/\/faya.unse.edu.ar\/index.php\/institucional\/2020\/diplomatura-en-innovacion-y-emprendedorismo-la-nueva-propuesta-de-formacion-de-la-faya\/\" class=\"elementor-button-link elementor-button elementor-size-sm\" role=\"button\">\n\t\t\t\t\t\t<span class=\"elementor-button-content-wrapper\">\n\t\t\t\t\t\t<span class=\"elementor-button-text\">PROPUESTA <\/span>\n\t\t<\/span>\n\t\t\t\t\t<\/a>\n\t\t<\/div>\n\t\t\t\t<\/div>\n\t\t\t\t<\/div>\n\t\t\t\t<div class=\"elementor-element elementor-element-8bf351f elementor-align-left elementor-widget elementor-widget-button\" data-id=\"8bf351f\" data-element_type=\"widget\" data-widget_type=\"button.default\">\n\t\t\t\t<div class=\"elementor-widget-container\">\n\t\t\t\t\t<div class=\"elementor-button-wrapper\">\n\t\t\t<a href=\"https:\/\/faya.unse.edu.ar\/index.php\/institucional\/2020\/acto-de-lanzamiento-de-la-diplomatura-en-innovacion-y-emprendedorismo-de-la-faya\/\" class=\"elementor-button-link elementor-button elementor-size-sm\" role=\"button\">\n\t\t\t\t\t\t<span class=\"elementor-button-content-wrapper\">\n\t\t\t\t\t\t<span class=\"elementor-button-text\">LANZAMIENTO<\/span>\n\t\t<\/span>\n\t\t\t\t\t<\/a>\n\t\t<\/div>\n\t\t\t\t<\/div>\n\t\t\t\t<\/div>\n\t\t\t\t<div class=\"elementor-element elementor-element-a1ce88f elementor-widget elementor-widget-button\" data-id=\"a1ce88f\" data-element_type=\"widget\" data-widget_type=\"button.default\">\n\t\t\t\t<div class=\"elementor-widget-container\">\n\t\t\t\t\t<div class=\"elementor-button-wrapper\">\n\t\t\t<a href=\"https:\/\/faya.unse.edu.ar\/index.php\/institucional\/2021\/entrega-de-diplomas-de-la-diplomatura-en-innovacion-y-emprendorismo\/\" class=\"elementor-button-link elementor-button elementor-size-sm\" role=\"button\">\n\t\t\t\t\t\t<span class=\"elementor-button-content-wrapper\">\n\t\t\t\t\t\t<span class=\"elementor-button-text\">ENTREGA DE DIPLOMAS<\/span>\n\t\t<\/span>\n\t\t\t\t\t<\/a>\n\t\t<\/div>\n\t\t\t\t<\/div>\n\t\t\t\t<\/div>\n\t\t\t\t\t<\/div>\n\t\t<\/div>\n\t\t\t\t\t\t\t<\/div>\n\t\t<\/section>\n\t\t\t\t<section class=\"elementor-section elementor-top-section elementor-element elementor-element-790e129 elementor-section-boxed elementor-section-height-default elementor-section-height-default\" data-id=\"790e129\" data-element_type=\"section\">\n\t\t\t\t\t\t<div class=\"elementor-container elementor-column-gap-default\">\n\t\t\t\t\t<div class=\"elementor-column elementor-col-100 elementor-top-column elementor-element elementor-element-f4b6dee\" data-id=\"f4b6dee\" data-element_type=\"column\">\n\t\t\t<div class=\"elementor-widget-wrap elementor-element-populated\">\n\t\t\t\t\t\t\t\t<div class=\"elementor-element elementor-element-854a7e1 elementor-aspect-ratio-169 elementor-widget elementor-widget-video\" data-id=\"854a7e1\" data-element_type=\"widget\" data-settings=\"{&quot;youtube_url&quot;:&quot;https:\\\/\\\/youtu.be\\\/9ZaMbZhaocU&quot;,&quot;video_type&quot;:&quot;youtube&quot;,&quot;controls&quot;:&quot;yes&quot;,&quot;aspect_ratio&quot;:&quot;169&quot;}\" data-widget_type=\"video.default\">\n\t\t\t\t<div class=\"elementor-widget-container\">\n\t\t\t\t\t<div class=\"elementor-wrapper elementor-fit-aspect-ratio elementor-open-inline\">\n\t\t\t<div class=\"elementor-video\"><\/div>\t\t<\/div>\n\t\t\t\t<\/div>\n\t\t\t\t<\/div>\n\t\t\t\t\t<\/div>\n\t\t<\/div>\n\t\t\t\t\t\t\t<\/div>\n\t\t<\/section>\n\t\t\t\t\t\t<\/div>\n\t\t\t\t\t<\/div>\n\t\t","protected":false},"excerpt":{"rendered":"<p>La misma nace con el objetivo de formar agentes capacitados para contribuir al fortalecimiento y desarrollo del Ecosistema Emprendedor de la provincia de Santiago del Estero. Haciendo \u00e9nfasis en las capacidades para dise\u00f1ar y ejecutar pol\u00edticas p\u00fablicas que promuevan el desarrollo econ\u00f3mico, los procesos de&#8230;<\/p>\n","protected":false},"author":5,"featured_media":0,"parent":0,"menu_order":0,"comment_status":"closed","ping_status":"closed","template":"","meta":{"_mi_skip_tracking":false},"yoast_head":"<!-- This site is optimized with the Yoast SEO plugin v17.7.1 - https:\/\/yoast.com\/wordpress\/plugins\/seo\/ -->\n<meta name=\"robots\" content=\"index, follow, max-snippet:-1, max-image-preview:large, max-video-preview:-1\" \/>\n<link rel=\"canonical\" href=\"https:\/\/faya.unse.edu.ar\/index.php\/diplomatura-en-innovacion-y-emprendedorismo\/\" \/>\n<meta property=\"og:locale\" content=\"es_ES\" \/>\n<meta property=\"og:type\" content=\"article\" \/>\n<meta property=\"og:title\" content=\"DIPLOMATURA EN INNOVACI\u00d3N y EMPRENDEDORISMO | Facultad de Agronom\u00eda y Agroindustrias UNSE | FAyA UNSE\" \/>\n<meta property=\"og:description\" content=\"La misma nace con el objetivo de formar agentes capacitados para contribuir al fortalecimiento y desarrollo del Ecosistema Emprendedor de la provincia de Santiago del Estero. Haciendo \u00e9nfasis en las capacidades para dise\u00f1ar y ejecutar pol\u00edticas p\u00fablicas que promuevan el desarrollo econ\u00f3mico, los procesos de...\" \/>\n<meta property=\"og:url\" content=\"https:\/\/faya.unse.edu.ar\/index.php\/diplomatura-en-innovacion-y-emprendedorismo\/\" \/>\n<meta property=\"og:site_name\" content=\"Facultad de Agronom\u00eda y Agroindustrias UNSE | FAyA UNSE\" \/>\n<meta property=\"article:publisher\" content=\"https:\/\/www.facebook.com\/agroUNSE\/\" \/>\n<meta property=\"article:modified_time\" content=\"2025-02-18T16:27:49+00:00\" \/>\n<meta property=\"og:image\" content=\"https:\/\/faya.unse.edu.ar\/wp-content\/uploads\/diplo-ie-logo-01-300x101.png\" \/>\n<meta name=\"twitter:card\" content=\"summary_large_image\" \/>\n<meta name=\"twitter:site\" content=\"@fayaunse\" \/>\n<meta name=\"twitter:label1\" content=\"Tiempo de lectura\" \/>\n\t<meta name=\"twitter:data1\" content=\"1 minuto\" \/>\n<script type=\"application\/ld+json\" class=\"yoast-schema-graph\">{\"@context\":\"https:\/\/schema.org\",\"@graph\":[{\"@type\":\"WebSite\",\"@id\":\"https:\/\/faya.unse.edu.ar\/#website\",\"url\":\"https:\/\/faya.unse.edu.ar\/\",\"name\":\"Facultad de Agronom\\u00eda y Agroindustrias UNSE | FAyA UNSE\",\"description\":\"\",\"potentialAction\":[{\"@type\":\"SearchAction\",\"target\":{\"@type\":\"EntryPoint\",\"urlTemplate\":\"https:\/\/faya.unse.edu.ar\/?s={search_term_string}\"},\"query-input\":\"required name=search_term_string\"}],\"inLanguage\":\"es-AR\"},{\"@type\":\"ImageObject\",\"@id\":\"https:\/\/faya.unse.edu.ar\/index.php\/diplomatura-en-innovacion-y-emprendedorismo\/#primaryimage\",\"inLanguage\":\"es-AR\",\"url\":\"https:\/\/faya.unse.edu.ar\/wp-content\/uploads\/diplo-ie-logo-01.png\",\"contentUrl\":\"https:\/\/faya.unse.edu.ar\/wp-content\/uploads\/diplo-ie-logo-01.png\",\"width\":8342,\"height\":2816},{\"@type\":\"WebPage\",\"@id\":\"https:\/\/faya.unse.edu.ar\/index.php\/diplomatura-en-innovacion-y-emprendedorismo\/#webpage\",\"url\":\"https:\/\/faya.unse.edu.ar\/index.php\/diplomatura-en-innovacion-y-emprendedorismo\/\",\"name\":\"DIPLOMATURA EN INNOVACI\\u00d3N y EMPRENDEDORISMO | Facultad de Agronom\\u00eda y Agroindustrias UNSE | FAyA UNSE\",\"isPartOf\":{\"@id\":\"https:\/\/faya.unse.edu.ar\/#website\"},\"primaryImageOfPage\":{\"@id\":\"https:\/\/faya.unse.edu.ar\/index.php\/diplomatura-en-innovacion-y-emprendedorismo\/#primaryimage\"},\"datePublished\":\"2025-02-18T14:31:33+00:00\",\"dateModified\":\"2025-02-18T16:27:49+00:00\",\"breadcrumb\":{\"@id\":\"https:\/\/faya.unse.edu.ar\/index.php\/diplomatura-en-innovacion-y-emprendedorismo\/#breadcrumb\"},\"inLanguage\":\"es-AR\",\"potentialAction\":[{\"@type\":\"ReadAction\",\"target\":[\"https:\/\/faya.unse.edu.ar\/index.php\/diplomatura-en-innovacion-y-emprendedorismo\/\"]}]},{\"@type\":\"BreadcrumbList\",\"@id\":\"https:\/\/faya.unse.edu.ar\/index.php\/diplomatura-en-innovacion-y-emprendedorismo\/#breadcrumb\",\"itemListElement\":[{\"@type\":\"ListItem\",\"position\":1,\"name\":\"Home\",\"item\":\"https:\/\/faya.unse.edu.ar\/\"},{\"@type\":\"ListItem\",\"position\":2,\"name\":\"DIPLOMATURA EN INNOVACI\\u00d3N y EMPRENDEDORISMO\"}]}]}<\/script>\n<!-- \/ Yoast SEO plugin. -->","yoast_head_json":{"robots":{"index":"index","follow":"follow","max-snippet":"max-snippet:-1","max-image-preview":"max-image-preview:large","max-video-preview":"max-video-preview:-1"},"canonical":"https:\/\/faya.unse.edu.ar\/index.php\/diplomatura-en-innovacion-y-emprendedorismo\/","og_locale":"es_ES","og_type":"article","og_title":"DIPLOMATURA EN INNOVACI\u00d3N y EMPRENDEDORISMO | Facultad de Agronom\u00eda y Agroindustrias UNSE | FAyA UNSE","og_description":"La misma nace con el objetivo de formar agentes capacitados para contribuir al fortalecimiento y desarrollo del Ecosistema Emprendedor de la provincia de Santiago del Estero. Haciendo \u00e9nfasis en las capacidades para dise\u00f1ar y ejecutar pol\u00edticas p\u00fablicas que promuevan el desarrollo econ\u00f3mico, los procesos de...","og_url":"https:\/\/faya.unse.edu.ar\/index.php\/diplomatura-en-innovacion-y-emprendedorismo\/","og_site_name":"Facultad de Agronom\u00eda y Agroindustrias UNSE | FAyA UNSE","article_publisher":"https:\/\/www.facebook.com\/agroUNSE\/","article_modified_time":"2025-02-18T16:27:49+00:00","og_image":[{"url":"https:\/\/faya.unse.edu.ar\/wp-content\/uploads\/diplo-ie-logo-01-300x101.png"}],"twitter_card":"summary_large_image","twitter_site":"@fayaunse","twitter_misc":{"Tiempo de lectura":"1 minuto"},"schema":{"@context":"https:\/\/schema.org","@graph":[{"@type":"WebSite","@id":"https:\/\/faya.unse.edu.ar\/#website","url":"https:\/\/faya.unse.edu.ar\/","name":"Facultad de Agronom\u00eda y Agroindustrias UNSE | FAyA UNSE","description":"","potentialAction":[{"@type":"SearchAction","target":{"@type":"EntryPoint","urlTemplate":"https:\/\/faya.unse.edu.ar\/?s={search_term_string}"},"query-input":"required name=search_term_string"}],"inLanguage":"es-AR"},{"@type":"ImageObject","@id":"https:\/\/faya.unse.edu.ar\/index.php\/diplomatura-en-innovacion-y-emprendedorismo\/#primaryimage","inLanguage":"es-AR","url":"https:\/\/faya.unse.edu.ar\/wp-content\/uploads\/diplo-ie-logo-01.png","contentUrl":"https:\/\/faya.unse.edu.ar\/wp-content\/uploads\/diplo-ie-logo-01.png","width":8342,"height":2816},{"@type":"WebPage","@id":"https:\/\/faya.unse.edu.ar\/index.php\/diplomatura-en-innovacion-y-emprendedorismo\/#webpage","url":"https:\/\/faya.unse.edu.ar\/index.php\/diplomatura-en-innovacion-y-emprendedorismo\/","name":"DIPLOMATURA EN INNOVACI\u00d3N y EMPRENDEDORISMO | Facultad de Agronom\u00eda y Agroindustrias UNSE | FAyA UNSE","isPartOf":{"@id":"https:\/\/faya.unse.edu.ar\/#website"},"primaryImageOfPage":{"@id":"https:\/\/faya.unse.edu.ar\/index.php\/diplomatura-en-innovacion-y-emprendedorismo\/#primaryimage"},"datePublished":"2025-02-18T14:31:33+00:00","dateModified":"2025-02-18T16:27:49+00:00","breadcrumb":{"@id":"https:\/\/faya.unse.edu.ar\/index.php\/diplomatura-en-innovacion-y-emprendedorismo\/#breadcrumb"},"inLanguage":"es-AR","potentialAction":[{"@type":"ReadAction","target":["https:\/\/faya.unse.edu.ar\/index.php\/diplomatura-en-innovacion-y-emprendedorismo\/"]}]},{"@type":"BreadcrumbList","@id":"https:\/\/faya.unse.edu.ar\/index.php\/diplomatura-en-innovacion-y-emprendedorismo\/#breadcrumb","itemListElement":[{"@type":"ListItem","position":1,"name":"Home","item":"https:\/\/faya.unse.edu.ar\/"},{"@type":"ListItem","position":2,"name":"DIPLOMATURA EN INNOVACI\u00d3N y EMPRENDEDORISMO"}]}]}},"_links":{"self":[{"href":"https:\/\/faya.unse.edu.ar\/index.php\/wp-json\/wp\/v2\/pages\/33988"}],"collection":[{"href":"https:\/\/faya.unse.edu.ar\/index.php\/wp-json\/wp\/v2\/pages"}],"about":[{"href":"https:\/\/faya.unse.edu.ar\/index.php\/wp-json\/wp\/v2\/types\/page"}],"author":[{"embeddable":true,"href":"https:\/\/faya.unse.edu.ar\/index.php\/wp-json\/wp\/v2\/users\/5"}],"replies":[{"embeddable":true,"href":"https:\/\/faya.unse.edu.ar\/index.php\/wp-json\/wp\/v2\/comments?post=33988"}],"version-history":[{"count":5,"href":"https:\/\/faya.unse.edu.ar\/index.php\/wp-json\/wp\/v2\/pages\/33988\/revisions"}],"predecessor-version":[{"id":33994,"href":"https:\/\/faya.unse.edu.ar\/index.php\/wp-json\/wp\/v2\/pages\/33988\/revisions\/33994"}],"wp:attachment":[{"href":"https:\/\/faya.unse.edu.ar\/index.php\/wp-json\/wp\/v2\/media?parent=33988"}],"curies":[{"name":"wp","href":"https:\/\/api.w.org\/{rel}","templated":true}]}}