{"id":34109,"date":"2025-03-26T09:09:14","date_gmt":"2025-03-26T12:09:14","guid":{"rendered":"https:\/\/faya.unse.edu.ar\/?page_id=34109"},"modified":"2025-03-27T10:56:25","modified_gmt":"2025-03-27T13:56:25","slug":"proyectos-de-extension-2022","status":"publish","type":"page","link":"https:\/\/faya.unse.edu.ar\/index.php\/proyectos-de-extension-2022\/","title":{"rendered":"PROYECTOS DE EXTENSI\u00d3N 2022"},"content":{"rendered":"\t\t<div data-elementor-type=\"wp-page\" data-elementor-id=\"34109\" class=\"elementor elementor-34109\" data-elementor-settings=\"[]\">\n\t\t\t\t\t\t\t<div class=\"elementor-section-wrap\">\n\t\t\t\t\t\t\t<section class=\"elementor-section elementor-top-section elementor-element elementor-element-39b9d4c elementor-section-boxed elementor-section-height-default elementor-section-height-default\" data-id=\"39b9d4c\" data-element_type=\"section\">\n\t\t\t\t\t\t<div class=\"elementor-container elementor-column-gap-default\">\n\t\t\t\t\t<div class=\"elementor-column elementor-col-100 elementor-top-column elementor-element elementor-element-3df19a3\" data-id=\"3df19a3\" data-element_type=\"column\">\n\t\t\t<div class=\"elementor-widget-wrap elementor-element-populated\">\n\t\t\t\t\t\t\t\t<div class=\"elementor-element elementor-element-09c6421 elementor-widget elementor-widget-text-editor\" data-id=\"09c6421\" data-element_type=\"widget\" data-widget_type=\"text-editor.default\">\n\t\t\t\t<div class=\"elementor-widget-container\">\n\t\t\t\t\t\t\t<table style=\"height: 1246px;\" width=\"1076\"><tbody><tr><td width=\"347\">Nombre<\/td><td width=\"140\">Director<\/td><td width=\"114\">Resoluci\u00f3n\u00a0<\/td><td width=\"144\">Per\u00edodo de Ejecuci\u00f3n\u00a0<\/td><td width=\"301\">Financiamiento<\/td><td width=\"63\">Tipo<\/td><\/tr><tr><td width=\"347\">Agregado de Valor de productos l\u00e1cteos provenientes de ganado caprino de la Cooperativa Guanaco Sombriana mediante control sanitario de animales, certificaci\u00f3n de calidad qu\u00edmica de leche y registros bromatol\u00f3gicos<\/td><td>Mg. Med. Vet. Mar\u00eda Jos\u00e9 Fern\u00e1ndez Salom<\/td><td>\u00a0<\/td><td>abril-noviembre de 2022<\/td><td width=\"301\">Resoluci\u00f3n Rectoral N\u00b0 864\/2021 de Financiamiento\u00a0 Convocatoria SEU &#8211; UNSE 2022 y Resoluci\u00f3n Rectoral\u00a0 N\u00b0 117\/2022 de n\u00f3mina de proyectos aprobados<\/td><td>Extensi\u00f3n\u00a0<\/td><\/tr><tr><td width=\"347\">\u00a0Revalorizaci\u00f3n de productos regionales elaborados a partir de frutos del monte Santiague\u00f1o.<\/td><td>Dr. Luis Dorado<\/td><td>Res FAA 251\/2022<\/td><td>abril-noviembre de 2022<\/td><td width=\"301\">Resoluci\u00f3n Rectoral N\u00b0 864\/2021 de Financiamiento\u00a0 Convocatoria SEU &#8211; UNSE 2022 y Resoluci\u00f3n Rectoral\u00a0 N\u00b0 117\/2022 de n\u00f3mina de proyectos aprobados<\/td><td>Extensi\u00f3n\u00a0<\/td><\/tr><tr><td width=\"347\">Valor agregado a la producci\u00f3n de pollo agroecol\u00f3gico.<\/td><td>Dra. Lara Lescano\u00a0<\/td><td>Res FAA 1057\/2022<\/td><td>abril-noviembre de 2022<\/td><td width=\"301\">Resoluci\u00f3n Rectoral N\u00b0 864\/2021 de Financiamiento\u00a0 Convocatoria SEU &#8211; UNSE 2022 y Resoluci\u00f3n Rectoral\u00a0 N\u00b0 117\/2022 de n\u00f3mina de proyectos aprobados<\/td><td>Extensi\u00f3n\u00a0<\/td><\/tr><tr><td width=\"347\">Cl\u00ednica del Queso para la Agricultura Familiar<\/td><td>Dra. Florencia Frau<\/td><td>Res FAA 254\/2022<\/td><td>abril-noviembre de 2022<\/td><td width=\"301\">Resoluci\u00f3n Rectoral N\u00b0 864\/2021 de Financiamiento\u00a0 Convocatoria SEU &#8211; UNSE 2022 y Resoluci\u00f3n Rectoral\u00a0 N\u00b0 117\/2022 de n\u00f3mina de proyectos aprobados<\/td><td>Extensi\u00f3n\u00a0<\/td><\/tr><tr><td width=\"347\">Secado de Bagazo de Malta como estrategia de Econom\u00eda Circular en una Cervecer\u00eda Artesanal de Santiago del Estero.<\/td><td>Ing. Karina Su\u00e1rez<\/td><td>\u00a0<\/td><td>abril-noviembre de 2022<\/td><td width=\"301\">Resoluci\u00f3n Rectoral N\u00b0 864\/2021 de Financiamiento\u00a0 Convocatoria SEU &#8211; UNSE 2022 y Resoluci\u00f3n Rectoral\u00a0 N\u00b0 117\/2022 de n\u00f3mina de proyectos aprobados<\/td><td>Extensi\u00f3n\u00a0<\/td><\/tr><tr><td width=\"347\">Compostaje domiciliario: una posible soluci\u00f3n a la disposici\u00f3n final de la fracci\u00f3n org\u00e1nica de los residuos dom\u00e9sticos, y una alternativa para mejorar la calidad del suelo de huertas y jardines urbanos<\/td><td>Dra. Ver\u00f3nica Paz Zanini<\/td><td>Res FAA 253\/2022<\/td><td>abril-noviembre de 2022<\/td><td width=\"301\">Resoluci\u00f3n Rectoral N\u00b0 864\/2021 de Financiamiento\u00a0 Convocatoria SEU &#8211; UNSE 2022 y Resoluci\u00f3n Rectoral\u00a0 N\u00b0 117\/2022 de n\u00f3mina de proyectos aprobados<\/td><td>Extensi\u00f3n\u00a0<\/td><\/tr><tr><td width=\"347\">Cr\u00eda y manejo de abejas nativas sin aguij\u00f3n \u201cmeliponas\u201d para la sostenibilidad, equidad social y desarrollo de los territorios<\/td><td>Dra. Gabriela Cilla<\/td><td>Res FAA 1116\/2022<\/td><td>abril-noviembre de 2022<\/td><td width=\"301\">Resoluci\u00f3n Rectoral N\u00b0 864\/2021 de Financiamiento\u00a0 Convocatoria SEU &#8211; UNSE 2022 y Resoluci\u00f3n Rectoral\u00a0 N\u00b0 117\/2022 de n\u00f3mina de proyectos aprobados<\/td><td>Extensi\u00f3n\u00a0<\/td><\/tr><tr><td width=\"347\">Revalorizando los conocimientos populares del uso de plantas nativas para el control de insectos en huertas urbanas.<\/td><td>Ing. Cristian Maldonado\u00a0<\/td><td>Res FAA 124\/2023<\/td><td>abril-noviembre de 2022<\/td><td width=\"301\">Resoluci\u00f3n Rectoral N\u00b0 864\/2021 de Financiamiento\u00a0 Convocatoria SEU &#8211; UNSE 2022 y Resoluci\u00f3n Rectoral\u00a0 N\u00b0 117\/2022 de n\u00f3mina de proyectos aprobados<\/td><td>Extensi\u00f3n\u00a0<\/td><\/tr><tr><td width=\"347\">Aprendiendo juntos sobre manejo de pasturas y pastizales en campos ganaderos del Este de Santiago del Estero<\/td><td>Ing. Soledad Barrio\u00a0<\/td><td>\u00a0<\/td><td>mayo de 2022<\/td><td width=\"301\">Resoluci\u00f3n Rectoral N\u00b0 864\/2021 de Financiamiento\u00a0 Convocatoria SEU &#8211; UNSE 2022 y Resoluci\u00f3n Rectoral\u00a0 N\u00b0 117\/2022 de n\u00f3mina de proyectos aprobados<\/td><td width=\"63\">actividad de Extensi\u00f3n\u00a0<\/td><\/tr><\/tbody><\/table>\t\t\t\t\t\t<\/div>\n\t\t\t\t<\/div>\n\t\t\t\t\t<\/div>\n\t\t<\/div>\n\t\t\t\t\t\t\t<\/div>\n\t\t<\/section>\n\t\t\t\t<section class=\"elementor-section elementor-top-section elementor-element elementor-element-f2092e0 elementor-section-boxed elementor-section-height-default elementor-section-height-default\" data-id=\"f2092e0\" data-element_type=\"section\">\n\t\t\t\t\t\t<div class=\"elementor-container elementor-column-gap-default\">\n\t\t\t\t\t<div class=\"elementor-column elementor-col-100 elementor-top-column elementor-element elementor-element-557d523\" data-id=\"557d523\" data-element_type=\"column\">\n\t\t\t<div class=\"elementor-widget-wrap elementor-element-populated\">\n\t\t\t\t\t\t\t\t<section class=\"elementor-section elementor-inner-section elementor-element elementor-element-9ed8647 elementor-section-boxed elementor-section-height-default elementor-section-height-default\" data-id=\"9ed8647\" data-element_type=\"section\">\n\t\t\t\t\t\t<div class=\"elementor-container elementor-column-gap-default\">\n\t\t\t\t\t<div class=\"elementor-column elementor-col-50 elementor-inner-column elementor-element elementor-element-6c002d4\" data-id=\"6c002d4\" data-element_type=\"column\">\n\t\t\t<div class=\"elementor-widget-wrap\">\n\t\t\t\t\t\t\t\t\t<\/div>\n\t\t<\/div>\n\t\t\t\t<div class=\"elementor-column elementor-col-50 elementor-inner-column elementor-element elementor-element-edfc923\" data-id=\"edfc923\" data-element_type=\"column\">\n\t\t\t<div class=\"elementor-widget-wrap elementor-element-populated\">\n\t\t\t\t\t\t\t\t<div class=\"elementor-element elementor-element-be65dc7 elementor-align-right elementor-widget elementor-widget-button\" data-id=\"be65dc7\" data-element_type=\"widget\" data-widget_type=\"button.default\">\n\t\t\t\t<div class=\"elementor-widget-container\">\n\t\t\t\t\t<div class=\"elementor-button-wrapper\">\n\t\t\t<a href=\"https:\/\/faya.unse.edu.ar\/index.php\/proyectos-de-extension\/\" class=\"elementor-button-link elementor-button elementor-size-sm\" role=\"button\">\n\t\t\t\t\t\t<span class=\"elementor-button-content-wrapper\">\n\t\t\t\t\t\t<span class=\"elementor-button-text\">Volver a Proyectos<\/span>\n\t\t<\/span>\n\t\t\t\t\t<\/a>\n\t\t<\/div>\n\t\t\t\t<\/div>\n\t\t\t\t<\/div>\n\t\t\t\t\t<\/div>\n\t\t<\/div>\n\t\t\t\t\t\t\t<\/div>\n\t\t<\/section>\n\t\t\t\t\t<\/div>\n\t\t<\/div>\n\t\t\t\t\t\t\t<\/div>\n\t\t<\/section>\n\t\t\t\t\t\t<\/div>\n\t\t\t\t\t<\/div>\n\t\t","protected":false},"excerpt":{"rendered":"<p>Nombre Director Resoluci\u00f3n\u00a0 Per\u00edodo de Ejecuci\u00f3n\u00a0 Financiamiento Tipo Agregado de Valor de productos l\u00e1cteos provenientes de ganado caprino de la Cooperativa Guanaco Sombriana mediante control sanitario de animales, certificaci\u00f3n de calidad qu\u00edmica de leche y registros bromatol\u00f3gicos Mg. Med. Vet. Mar\u00eda Jos\u00e9 Fern\u00e1ndez Salom \u00a0&#8230;<\/p>\n","protected":false},"author":5,"featured_media":0,"parent":0,"menu_order":0,"comment_status":"closed","ping_status":"closed","template":"","meta":{"_mi_skip_tracking":false},"yoast_head":"<!-- This site is optimized with the Yoast SEO plugin v17.7.1 - https:\/\/yoast.com\/wordpress\/plugins\/seo\/ -->\n<meta name=\"robots\" content=\"index, follow, max-snippet:-1, max-image-preview:large, max-video-preview:-1\" \/>\n<link rel=\"canonical\" href=\"https:\/\/faya.unse.edu.ar\/index.php\/proyectos-de-extension-2022\/\" \/>\n<meta property=\"og:locale\" content=\"es_ES\" \/>\n<meta property=\"og:type\" content=\"article\" \/>\n<meta property=\"og:title\" content=\"PROYECTOS DE EXTENSI\u00d3N 2022 | Facultad de Agronom\u00eda y Agroindustrias UNSE | FAyA UNSE\" \/>\n<meta property=\"og:description\" content=\"Nombre Director Resoluci\u00f3n\u00a0 Per\u00edodo de Ejecuci\u00f3n\u00a0 Financiamiento Tipo Agregado de Valor de productos l\u00e1cteos provenientes de ganado caprino de la Cooperativa Guanaco Sombriana mediante control sanitario de animales, certificaci\u00f3n de calidad qu\u00edmica de leche y registros bromatol\u00f3gicos Mg. Med. Vet. Mar\u00eda Jos\u00e9 Fern\u00e1ndez Salom \u00a0...\" \/>\n<meta property=\"og:url\" content=\"https:\/\/faya.unse.edu.ar\/index.php\/proyectos-de-extension-2022\/\" \/>\n<meta property=\"og:site_name\" content=\"Facultad de Agronom\u00eda y Agroindustrias UNSE | FAyA UNSE\" \/>\n<meta property=\"article:publisher\" content=\"https:\/\/www.facebook.com\/agroUNSE\/\" \/>\n<meta property=\"article:modified_time\" content=\"2025-03-27T13:56:25+00:00\" \/>\n<meta name=\"twitter:card\" content=\"summary_large_image\" \/>\n<meta name=\"twitter:site\" content=\"@fayaunse\" \/>\n<meta name=\"twitter:label1\" content=\"Tiempo de lectura\" \/>\n\t<meta name=\"twitter:data1\" content=\"2 minutos\" \/>\n<script type=\"application\/ld+json\" class=\"yoast-schema-graph\">{\"@context\":\"https:\/\/schema.org\",\"@graph\":[{\"@type\":\"WebSite\",\"@id\":\"https:\/\/faya.unse.edu.ar\/#website\",\"url\":\"https:\/\/faya.unse.edu.ar\/\",\"name\":\"Facultad de Agronom\\u00eda y Agroindustrias UNSE | FAyA UNSE\",\"description\":\"\",\"potentialAction\":[{\"@type\":\"SearchAction\",\"target\":{\"@type\":\"EntryPoint\",\"urlTemplate\":\"https:\/\/faya.unse.edu.ar\/?s={search_term_string}\"},\"query-input\":\"required name=search_term_string\"}],\"inLanguage\":\"es-AR\"},{\"@type\":\"WebPage\",\"@id\":\"https:\/\/faya.unse.edu.ar\/index.php\/proyectos-de-extension-2022\/#webpage\",\"url\":\"https:\/\/faya.unse.edu.ar\/index.php\/proyectos-de-extension-2022\/\",\"name\":\"PROYECTOS DE EXTENSI\\u00d3N 2022 | Facultad de Agronom\\u00eda y Agroindustrias UNSE | FAyA UNSE\",\"isPartOf\":{\"@id\":\"https:\/\/faya.unse.edu.ar\/#website\"},\"datePublished\":\"2025-03-26T12:09:14+00:00\",\"dateModified\":\"2025-03-27T13:56:25+00:00\",\"breadcrumb\":{\"@id\":\"https:\/\/faya.unse.edu.ar\/index.php\/proyectos-de-extension-2022\/#breadcrumb\"},\"inLanguage\":\"es-AR\",\"potentialAction\":[{\"@type\":\"ReadAction\",\"target\":[\"https:\/\/faya.unse.edu.ar\/index.php\/proyectos-de-extension-2022\/\"]}]},{\"@type\":\"BreadcrumbList\",\"@id\":\"https:\/\/faya.unse.edu.ar\/index.php\/proyectos-de-extension-2022\/#breadcrumb\",\"itemListElement\":[{\"@type\":\"ListItem\",\"position\":1,\"name\":\"Home\",\"item\":\"https:\/\/faya.unse.edu.ar\/\"},{\"@type\":\"ListItem\",\"position\":2,\"name\":\"PROYECTOS DE EXTENSI\\u00d3N 2022\"}]}]}<\/script>\n<!-- \/ Yoast SEO plugin. -->","yoast_head_json":{"robots":{"index":"index","follow":"follow","max-snippet":"max-snippet:-1","max-image-preview":"max-image-preview:large","max-video-preview":"max-video-preview:-1"},"canonical":"https:\/\/faya.unse.edu.ar\/index.php\/proyectos-de-extension-2022\/","og_locale":"es_ES","og_type":"article","og_title":"PROYECTOS DE EXTENSI\u00d3N 2022 | Facultad de Agronom\u00eda y Agroindustrias UNSE | FAyA UNSE","og_description":"Nombre Director Resoluci\u00f3n\u00a0 Per\u00edodo de Ejecuci\u00f3n\u00a0 Financiamiento Tipo Agregado de Valor de productos l\u00e1cteos provenientes de ganado caprino de la Cooperativa Guanaco Sombriana mediante control sanitario de animales, certificaci\u00f3n de calidad qu\u00edmica de leche y registros bromatol\u00f3gicos Mg. Med. Vet. Mar\u00eda Jos\u00e9 Fern\u00e1ndez Salom \u00a0...","og_url":"https:\/\/faya.unse.edu.ar\/index.php\/proyectos-de-extension-2022\/","og_site_name":"Facultad de Agronom\u00eda y Agroindustrias UNSE | FAyA UNSE","article_publisher":"https:\/\/www.facebook.com\/agroUNSE\/","article_modified_time":"2025-03-27T13:56:25+00:00","twitter_card":"summary_large_image","twitter_site":"@fayaunse","twitter_misc":{"Tiempo de lectura":"2 minutos"},"schema":{"@context":"https:\/\/schema.org","@graph":[{"@type":"WebSite","@id":"https:\/\/faya.unse.edu.ar\/#website","url":"https:\/\/faya.unse.edu.ar\/","name":"Facultad de Agronom\u00eda y Agroindustrias UNSE | FAyA UNSE","description":"","potentialAction":[{"@type":"SearchAction","target":{"@type":"EntryPoint","urlTemplate":"https:\/\/faya.unse.edu.ar\/?s={search_term_string}"},"query-input":"required name=search_term_string"}],"inLanguage":"es-AR"},{"@type":"WebPage","@id":"https:\/\/faya.unse.edu.ar\/index.php\/proyectos-de-extension-2022\/#webpage","url":"https:\/\/faya.unse.edu.ar\/index.php\/proyectos-de-extension-2022\/","name":"PROYECTOS DE EXTENSI\u00d3N 2022 | Facultad de Agronom\u00eda y Agroindustrias UNSE | FAyA UNSE","isPartOf":{"@id":"https:\/\/faya.unse.edu.ar\/#website"},"datePublished":"2025-03-26T12:09:14+00:00","dateModified":"2025-03-27T13:56:25+00:00","breadcrumb":{"@id":"https:\/\/faya.unse.edu.ar\/index.php\/proyectos-de-extension-2022\/#breadcrumb"},"inLanguage":"es-AR","potentialAction":[{"@type":"ReadAction","target":["https:\/\/faya.unse.edu.ar\/index.php\/proyectos-de-extension-2022\/"]}]},{"@type":"BreadcrumbList","@id":"https:\/\/faya.unse.edu.ar\/index.php\/proyectos-de-extension-2022\/#breadcrumb","itemListElement":[{"@type":"ListItem","position":1,"name":"Home","item":"https:\/\/faya.unse.edu.ar\/"},{"@type":"ListItem","position":2,"name":"PROYECTOS DE EXTENSI\u00d3N 2022"}]}]}},"_links":{"self":[{"href":"https:\/\/faya.unse.edu.ar\/index.php\/wp-json\/wp\/v2\/pages\/34109"}],"collection":[{"href":"https:\/\/faya.unse.edu.ar\/index.php\/wp-json\/wp\/v2\/pages"}],"about":[{"href":"https:\/\/faya.unse.edu.ar\/index.php\/wp-json\/wp\/v2\/types\/page"}],"author":[{"embeddable":true,"href":"https:\/\/faya.unse.edu.ar\/index.php\/wp-json\/wp\/v2\/users\/5"}],"replies":[{"embeddable":true,"href":"https:\/\/faya.unse.edu.ar\/index.php\/wp-json\/wp\/v2\/comments?post=34109"}],"version-history":[{"count":7,"href":"https:\/\/faya.unse.edu.ar\/index.php\/wp-json\/wp\/v2\/pages\/34109\/revisions"}],"predecessor-version":[{"id":34257,"href":"https:\/\/faya.unse.edu.ar\/index.php\/wp-json\/wp\/v2\/pages\/34109\/revisions\/34257"}],"wp:attachment":[{"href":"https:\/\/faya.unse.edu.ar\/index.php\/wp-json\/wp\/v2\/media?parent=34109"}],"curies":[{"name":"wp","href":"https:\/\/api.w.org\/{rel}","templated":true}]}}