{"id":34110,"date":"2025-03-11T12:41:26","date_gmt":"2025-03-11T15:41:26","guid":{"rendered":"https:\/\/faya.unse.edu.ar\/?page_id=34110"},"modified":"2025-03-27T10:56:42","modified_gmt":"2025-03-27T13:56:42","slug":"proyectos-de-extension-2023","status":"publish","type":"page","link":"https:\/\/faya.unse.edu.ar\/index.php\/proyectos-de-extension-2023\/","title":{"rendered":"PROYECTOS DE EXTENSI\u00d3N 2023"},"content":{"rendered":"\t\t<div data-elementor-type=\"wp-page\" data-elementor-id=\"34110\" class=\"elementor elementor-34110\" data-elementor-settings=\"[]\">\n\t\t\t\t\t\t\t<div class=\"elementor-section-wrap\">\n\t\t\t\t\t\t\t<section class=\"elementor-section elementor-top-section elementor-element elementor-element-0b0e2fb elementor-section-boxed elementor-section-height-default elementor-section-height-default\" data-id=\"0b0e2fb\" data-element_type=\"section\">\n\t\t\t\t\t\t<div class=\"elementor-container elementor-column-gap-default\">\n\t\t\t\t\t<div class=\"elementor-column elementor-col-100 elementor-top-column elementor-element elementor-element-28f01c6\" data-id=\"28f01c6\" data-element_type=\"column\">\n\t\t\t<div class=\"elementor-widget-wrap elementor-element-populated\">\n\t\t\t\t\t\t\t\t<div class=\"elementor-element elementor-element-9555c56 elementor-widget elementor-widget-text-editor\" data-id=\"9555c56\" data-element_type=\"widget\" data-widget_type=\"text-editor.default\">\n\t\t\t\t<div class=\"elementor-widget-container\">\n\t\t\t\t\t\t\t<table style=\"height: 1287px;\" width=\"1073\"><tbody><tr><td width=\"287\">Nombre<\/td><td width=\"144\">Director<\/td><td width=\"106\">Resoluci\u00f3n\u00a0<\/td><td width=\"147\">Per\u00edodo de Ejecuci\u00f3n\u00a0<\/td><td width=\"252\">Financiamiento<\/td><td width=\"80\">Tipo<\/td><\/tr><tr><td width=\"287\">\u201cLa gesti\u00f3n socio productiva de organizaciones cooperativas desde la perspectiva de g\u00e9nero.\u00a0 El caso de la Coop.Agronaciente (Ltda) de Colonia El Simbolar\u201d\u00a0<\/td><td width=\"144\">Ing. Agr. Manuel S\u00e1nchez Cantero<\/td><td>Res FAA 360\/2023<\/td><td>abril- noviembre de 2023<\/td><td width=\"252\">Resoluci\u00f3n Rectoral N\u00b0 1249\/2022 de Financiamiento\u00a0 Convocatoria SEU &#8211; UNSE 2023 y Resoluci\u00f3n Rectoral\u00a0 N\u00b0 211\/2023 de n\u00f3mina de proyectos aprobados<\/td><td>Extensi\u00f3n\u00a0<\/td><\/tr><tr><td width=\"287\">Yogur casero como estrategias de educaci\u00f3n alimentaria familiar en pobladores de El de\u00e1n\u201d<\/td><td>Dra. Yanina Bustos<\/td><td>Res FAA 354\/2023<\/td><td>abril- noviembre de 2023<\/td><td width=\"252\">Resoluci\u00f3n Rectoral N\u00b0 1249\/2022 de Financiamiento\u00a0 Convocatoria SEU &#8211; UNSE 2023 y Resoluci\u00f3n Rectoral\u00a0 N\u00b0 211\/2023 de n\u00f3mina de proyectos aprobados<\/td><td>Extensi\u00f3n\u00a0<\/td><\/tr><tr><td width=\"287\">\u201cValor agregado a la producci\u00f3n de pollo agroecol\u00f3gico; segunda parte\u201d<\/td><td>Dra. Teresa Nediani<\/td><td>Res FAA 331\/2023<\/td><td>abril- noviembre de 2023<\/td><td width=\"252\">Resoluci\u00f3n Rectoral N\u00b0 1249\/2022 de Financiamiento\u00a0 Convocatoria SEU &#8211; UNSE 2023 y Resoluci\u00f3n Rectoral\u00a0 N\u00b0 211\/2023 de n\u00f3mina de proyectos aprobados<\/td><td>Extensi\u00f3n\u00a0<\/td><\/tr><tr><td width=\"287\">\u201cAlimentos sostenibles para escuelas rurales. Bebidas y postres nutritivos a base de lactosuero caprino\u201d,\u00a0<\/td><td>Dra. Catalina Torales<\/td><td>Res FAA 332\/2023<\/td><td>abril- noviembre de 2023<\/td><td width=\"252\">Resoluci\u00f3n Rectoral N\u00b0 1249\/2022 de Financiamiento\u00a0 Convocatoria SEU &#8211; UNSE 2023 y Resoluci\u00f3n Rectoral\u00a0 N\u00b0 211\/2023 de n\u00f3mina de proyectos aprobados<\/td><td>Extensi\u00f3n\u00a0<\/td><\/tr><tr><td width=\"287\">\u201cNutrijugo: aporte nutritivo solidario<\/td><td>Dra. Myriam Villarreal<\/td><td>Res FAA 282\/2023<\/td><td>abril- noviembre de 2023<\/td><td width=\"252\">Resoluci\u00f3n Rectoral N\u00b0 1249\/2022 de Financiamiento\u00a0 Convocatoria SEU &#8211; UNSE 2023 y Resoluci\u00f3n Rectoral\u00a0 N\u00b0 211\/2023 de n\u00f3mina de proyectos aprobados<\/td><td>Voluntariado<\/td><\/tr><tr><td width=\"287\">\u201cLa tuna: el dromedario del semi\u00e1rido de Santiago del Estero\u201d<\/td><td>Dra. Mar\u00eda Judith Ochoa<\/td><td>Res FAA 330\/2023<\/td><td>abril- noviembre de 2023<\/td><td width=\"252\">Resoluci\u00f3n Rectoral N\u00b0 1249\/2022 de Financiamiento\u00a0 Convocatoria SEU &#8211; UNSE 2023 y Resoluci\u00f3n Rectoral\u00a0 N\u00b0 211\/2023 de n\u00f3mina de proyectos aprobados<\/td><td>Extensi\u00f3n\u00a0<\/td><\/tr><tr><td width=\"287\">\u201cFortalecimiento del entramado productivo, para el valor agregado frutihort\u00edcola de estaci\u00f3n, en la Cooperativa \u201cLa Colonia Identidad y Futuro Ltda.<\/td><td>Dra. Silvia Rodr\u00edguez<\/td><td>Res FAA 385\/2023<\/td><td>abril- noviembre de 2023<\/td><td width=\"252\">Resoluci\u00f3n Rectoral N\u00b0 1249\/2022 de Financiamiento\u00a0 Convocatoria SEU &#8211; UNSE 2023 y Resoluci\u00f3n Rectoral\u00a0 N\u00b0 211\/2023 de n\u00f3mina de proyectos aprobados<\/td><td>Extensi\u00f3n\u00a0<\/td><\/tr><tr><td width=\"287\">\u201cMejoramiento de las prestaciones\u00a0 de alimentaci\u00f3n en la escuela E.F.A Renzo Sc\u00e1polo\u201d,\u00a0<\/td><td>Dra. Lara Lescano\u00a0<\/td><td>Res FAA 285\/2023<\/td><td>abril- noviembre de 2023<\/td><td width=\"252\">Resoluci\u00f3n Rectoral N\u00b0 1249\/2022 de Financiamiento\u00a0 Convocatoria SEU &#8211; UNSE 2023 y Resoluci\u00f3n Rectoral\u00a0 N\u00b0 211\/2023 de n\u00f3mina de proyectos aprobados<\/td><td>Voluntariado<\/td><\/tr><tr><td width=\"287\">Separaci\u00f3n en origen de Residuos S\u00f3lidos Urbanos Domiciliarios y Reciclaje: m\u00e1s que una obligaci\u00f3n, nuestra responsabilidad&#8221;<\/td><td>Dra. Ver\u00f3nica Paz Zanini<\/td><td>Res FAA 333\/2023<\/td><td>abril- noviembre de 2023<\/td><td width=\"252\">Resoluci\u00f3n Rectoral N\u00b0 1249\/2022 de Financiamiento\u00a0 Convocatoria SEU &#8211; UNSE 2023 y Resoluci\u00f3n Rectoral\u00a0 N\u00b0 211\/2023 de n\u00f3mina de proyectos aprobados<\/td><td>Extensi\u00f3n\u00a0<\/td><\/tr><\/tbody><\/table>\t\t\t\t\t\t<\/div>\n\t\t\t\t<\/div>\n\t\t\t\t\t<\/div>\n\t\t<\/div>\n\t\t\t\t\t\t\t<\/div>\n\t\t<\/section>\n\t\t\t\t<section class=\"elementor-section elementor-top-section elementor-element elementor-element-2fc501a elementor-section-boxed elementor-section-height-default elementor-section-height-default\" data-id=\"2fc501a\" data-element_type=\"section\">\n\t\t\t\t\t\t<div class=\"elementor-container elementor-column-gap-default\">\n\t\t\t\t\t<div class=\"elementor-column elementor-col-100 elementor-top-column elementor-element elementor-element-ac28b31\" data-id=\"ac28b31\" data-element_type=\"column\">\n\t\t\t<div class=\"elementor-widget-wrap elementor-element-populated\">\n\t\t\t\t\t\t\t\t<section class=\"elementor-section elementor-inner-section elementor-element elementor-element-d0b26aa elementor-section-boxed elementor-section-height-default elementor-section-height-default\" data-id=\"d0b26aa\" data-element_type=\"section\">\n\t\t\t\t\t\t<div class=\"elementor-container elementor-column-gap-default\">\n\t\t\t\t\t<div class=\"elementor-column elementor-col-50 elementor-inner-column elementor-element elementor-element-29e9d0a\" data-id=\"29e9d0a\" data-element_type=\"column\">\n\t\t\t<div class=\"elementor-widget-wrap\">\n\t\t\t\t\t\t\t\t\t<\/div>\n\t\t<\/div>\n\t\t\t\t<div class=\"elementor-column elementor-col-50 elementor-inner-column elementor-element elementor-element-8b13f8e\" data-id=\"8b13f8e\" data-element_type=\"column\">\n\t\t\t<div class=\"elementor-widget-wrap elementor-element-populated\">\n\t\t\t\t\t\t\t\t<div class=\"elementor-element elementor-element-002a8b4 elementor-align-right elementor-widget elementor-widget-button\" data-id=\"002a8b4\" data-element_type=\"widget\" data-widget_type=\"button.default\">\n\t\t\t\t<div class=\"elementor-widget-container\">\n\t\t\t\t\t<div class=\"elementor-button-wrapper\">\n\t\t\t<a href=\"https:\/\/faya.unse.edu.ar\/index.php\/proyectos-de-extension\/\" class=\"elementor-button-link elementor-button elementor-size-sm\" role=\"button\">\n\t\t\t\t\t\t<span class=\"elementor-button-content-wrapper\">\n\t\t\t\t\t\t<span class=\"elementor-button-text\">Volver a Proyectos<\/span>\n\t\t<\/span>\n\t\t\t\t\t<\/a>\n\t\t<\/div>\n\t\t\t\t<\/div>\n\t\t\t\t<\/div>\n\t\t\t\t\t<\/div>\n\t\t<\/div>\n\t\t\t\t\t\t\t<\/div>\n\t\t<\/section>\n\t\t\t\t\t<\/div>\n\t\t<\/div>\n\t\t\t\t\t\t\t<\/div>\n\t\t<\/section>\n\t\t\t\t\t\t<\/div>\n\t\t\t\t\t<\/div>\n\t\t","protected":false},"excerpt":{"rendered":"<p>Nombre Director Resoluci\u00f3n\u00a0 Per\u00edodo de Ejecuci\u00f3n\u00a0 Financiamiento Tipo \u201cLa gesti\u00f3n socio productiva de organizaciones cooperativas desde la perspectiva de g\u00e9nero.\u00a0 El caso de la Coop.Agronaciente (Ltda) de Colonia El Simbolar\u201d\u00a0 Ing. Agr. Manuel S\u00e1nchez Cantero Res FAA 360\/2023 abril- noviembre de 2023 Resoluci\u00f3n Rectoral N\u00b0&#8230;<\/p>\n","protected":false},"author":5,"featured_media":0,"parent":0,"menu_order":0,"comment_status":"closed","ping_status":"closed","template":"","meta":{"_mi_skip_tracking":false},"yoast_head":"<!-- This site is optimized with the Yoast SEO plugin v17.7.1 - https:\/\/yoast.com\/wordpress\/plugins\/seo\/ -->\n<meta name=\"robots\" content=\"index, follow, max-snippet:-1, max-image-preview:large, max-video-preview:-1\" \/>\n<link rel=\"canonical\" href=\"https:\/\/faya.unse.edu.ar\/index.php\/proyectos-de-extension-2023\/\" \/>\n<meta property=\"og:locale\" content=\"es_ES\" \/>\n<meta property=\"og:type\" content=\"article\" \/>\n<meta property=\"og:title\" content=\"PROYECTOS DE EXTENSI\u00d3N 2023 | Facultad de Agronom\u00eda y Agroindustrias UNSE | FAyA UNSE\" \/>\n<meta property=\"og:description\" content=\"Nombre Director Resoluci\u00f3n\u00a0 Per\u00edodo de Ejecuci\u00f3n\u00a0 Financiamiento Tipo \u201cLa gesti\u00f3n socio productiva de organizaciones cooperativas desde la perspectiva de g\u00e9nero.\u00a0 El caso de la Coop.Agronaciente (Ltda) de Colonia El Simbolar\u201d\u00a0 Ing. Agr. Manuel S\u00e1nchez Cantero Res FAA 360\/2023 abril- noviembre de 2023 Resoluci\u00f3n Rectoral N\u00b0...\" \/>\n<meta property=\"og:url\" content=\"https:\/\/faya.unse.edu.ar\/index.php\/proyectos-de-extension-2023\/\" \/>\n<meta property=\"og:site_name\" content=\"Facultad de Agronom\u00eda y Agroindustrias UNSE | FAyA UNSE\" \/>\n<meta property=\"article:publisher\" content=\"https:\/\/www.facebook.com\/agroUNSE\/\" \/>\n<meta property=\"article:modified_time\" content=\"2025-03-27T13:56:42+00:00\" \/>\n<meta name=\"twitter:card\" content=\"summary_large_image\" \/>\n<meta name=\"twitter:site\" content=\"@fayaunse\" \/>\n<meta name=\"twitter:label1\" content=\"Tiempo de lectura\" \/>\n\t<meta name=\"twitter:data1\" content=\"2 minutos\" \/>\n<script type=\"application\/ld+json\" class=\"yoast-schema-graph\">{\"@context\":\"https:\/\/schema.org\",\"@graph\":[{\"@type\":\"WebSite\",\"@id\":\"https:\/\/faya.unse.edu.ar\/#website\",\"url\":\"https:\/\/faya.unse.edu.ar\/\",\"name\":\"Facultad de Agronom\\u00eda y Agroindustrias UNSE | FAyA UNSE\",\"description\":\"\",\"potentialAction\":[{\"@type\":\"SearchAction\",\"target\":{\"@type\":\"EntryPoint\",\"urlTemplate\":\"https:\/\/faya.unse.edu.ar\/?s={search_term_string}\"},\"query-input\":\"required name=search_term_string\"}],\"inLanguage\":\"es-AR\"},{\"@type\":\"WebPage\",\"@id\":\"https:\/\/faya.unse.edu.ar\/index.php\/proyectos-de-extension-2023\/#webpage\",\"url\":\"https:\/\/faya.unse.edu.ar\/index.php\/proyectos-de-extension-2023\/\",\"name\":\"PROYECTOS DE EXTENSI\\u00d3N 2023 | Facultad de Agronom\\u00eda y Agroindustrias UNSE | FAyA UNSE\",\"isPartOf\":{\"@id\":\"https:\/\/faya.unse.edu.ar\/#website\"},\"datePublished\":\"2025-03-11T15:41:26+00:00\",\"dateModified\":\"2025-03-27T13:56:42+00:00\",\"breadcrumb\":{\"@id\":\"https:\/\/faya.unse.edu.ar\/index.php\/proyectos-de-extension-2023\/#breadcrumb\"},\"inLanguage\":\"es-AR\",\"potentialAction\":[{\"@type\":\"ReadAction\",\"target\":[\"https:\/\/faya.unse.edu.ar\/index.php\/proyectos-de-extension-2023\/\"]}]},{\"@type\":\"BreadcrumbList\",\"@id\":\"https:\/\/faya.unse.edu.ar\/index.php\/proyectos-de-extension-2023\/#breadcrumb\",\"itemListElement\":[{\"@type\":\"ListItem\",\"position\":1,\"name\":\"Home\",\"item\":\"https:\/\/faya.unse.edu.ar\/\"},{\"@type\":\"ListItem\",\"position\":2,\"name\":\"PROYECTOS DE EXTENSI\\u00d3N 2023\"}]}]}<\/script>\n<!-- \/ Yoast SEO plugin. -->","yoast_head_json":{"robots":{"index":"index","follow":"follow","max-snippet":"max-snippet:-1","max-image-preview":"max-image-preview:large","max-video-preview":"max-video-preview:-1"},"canonical":"https:\/\/faya.unse.edu.ar\/index.php\/proyectos-de-extension-2023\/","og_locale":"es_ES","og_type":"article","og_title":"PROYECTOS DE EXTENSI\u00d3N 2023 | Facultad de Agronom\u00eda y Agroindustrias UNSE | FAyA UNSE","og_description":"Nombre Director Resoluci\u00f3n\u00a0 Per\u00edodo de Ejecuci\u00f3n\u00a0 Financiamiento Tipo \u201cLa gesti\u00f3n socio productiva de organizaciones cooperativas desde la perspectiva de g\u00e9nero.\u00a0 El caso de la Coop.Agronaciente (Ltda) de Colonia El Simbolar\u201d\u00a0 Ing. Agr. Manuel S\u00e1nchez Cantero Res FAA 360\/2023 abril- noviembre de 2023 Resoluci\u00f3n Rectoral N\u00b0...","og_url":"https:\/\/faya.unse.edu.ar\/index.php\/proyectos-de-extension-2023\/","og_site_name":"Facultad de Agronom\u00eda y Agroindustrias UNSE | FAyA UNSE","article_publisher":"https:\/\/www.facebook.com\/agroUNSE\/","article_modified_time":"2025-03-27T13:56:42+00:00","twitter_card":"summary_large_image","twitter_site":"@fayaunse","twitter_misc":{"Tiempo de lectura":"2 minutos"},"schema":{"@context":"https:\/\/schema.org","@graph":[{"@type":"WebSite","@id":"https:\/\/faya.unse.edu.ar\/#website","url":"https:\/\/faya.unse.edu.ar\/","name":"Facultad de Agronom\u00eda y Agroindustrias UNSE | FAyA UNSE","description":"","potentialAction":[{"@type":"SearchAction","target":{"@type":"EntryPoint","urlTemplate":"https:\/\/faya.unse.edu.ar\/?s={search_term_string}"},"query-input":"required name=search_term_string"}],"inLanguage":"es-AR"},{"@type":"WebPage","@id":"https:\/\/faya.unse.edu.ar\/index.php\/proyectos-de-extension-2023\/#webpage","url":"https:\/\/faya.unse.edu.ar\/index.php\/proyectos-de-extension-2023\/","name":"PROYECTOS DE EXTENSI\u00d3N 2023 | Facultad de Agronom\u00eda y Agroindustrias UNSE | FAyA UNSE","isPartOf":{"@id":"https:\/\/faya.unse.edu.ar\/#website"},"datePublished":"2025-03-11T15:41:26+00:00","dateModified":"2025-03-27T13:56:42+00:00","breadcrumb":{"@id":"https:\/\/faya.unse.edu.ar\/index.php\/proyectos-de-extension-2023\/#breadcrumb"},"inLanguage":"es-AR","potentialAction":[{"@type":"ReadAction","target":["https:\/\/faya.unse.edu.ar\/index.php\/proyectos-de-extension-2023\/"]}]},{"@type":"BreadcrumbList","@id":"https:\/\/faya.unse.edu.ar\/index.php\/proyectos-de-extension-2023\/#breadcrumb","itemListElement":[{"@type":"ListItem","position":1,"name":"Home","item":"https:\/\/faya.unse.edu.ar\/"},{"@type":"ListItem","position":2,"name":"PROYECTOS DE EXTENSI\u00d3N 2023"}]}]}},"_links":{"self":[{"href":"https:\/\/faya.unse.edu.ar\/index.php\/wp-json\/wp\/v2\/pages\/34110"}],"collection":[{"href":"https:\/\/faya.unse.edu.ar\/index.php\/wp-json\/wp\/v2\/pages"}],"about":[{"href":"https:\/\/faya.unse.edu.ar\/index.php\/wp-json\/wp\/v2\/types\/page"}],"author":[{"embeddable":true,"href":"https:\/\/faya.unse.edu.ar\/index.php\/wp-json\/wp\/v2\/users\/5"}],"replies":[{"embeddable":true,"href":"https:\/\/faya.unse.edu.ar\/index.php\/wp-json\/wp\/v2\/comments?post=34110"}],"version-history":[{"count":10,"href":"https:\/\/faya.unse.edu.ar\/index.php\/wp-json\/wp\/v2\/pages\/34110\/revisions"}],"predecessor-version":[{"id":34260,"href":"https:\/\/faya.unse.edu.ar\/index.php\/wp-json\/wp\/v2\/pages\/34110\/revisions\/34260"}],"wp:attachment":[{"href":"https:\/\/faya.unse.edu.ar\/index.php\/wp-json\/wp\/v2\/media?parent=34110"}],"curies":[{"name":"wp","href":"https:\/\/api.w.org\/{rel}","templated":true}]}}