{"id":34201,"date":"2025-03-26T09:18:38","date_gmt":"2025-03-26T12:18:38","guid":{"rendered":"https:\/\/faya.unse.edu.ar\/?page_id=34201"},"modified":"2025-03-27T10:55:29","modified_gmt":"2025-03-27T13:55:29","slug":"proyectos-de-extension-2021","status":"publish","type":"page","link":"https:\/\/faya.unse.edu.ar\/index.php\/proyectos-de-extension-2021\/","title":{"rendered":"PROYECTOS DE EXTENSI\u00d3N 2021"},"content":{"rendered":"\t\t<div data-elementor-type=\"wp-page\" data-elementor-id=\"34201\" class=\"elementor elementor-34201\" data-elementor-settings=\"[]\">\n\t\t\t\t\t\t\t<div class=\"elementor-section-wrap\">\n\t\t\t\t\t\t\t<section class=\"elementor-section elementor-top-section elementor-element elementor-element-8a66971 elementor-section-boxed elementor-section-height-default elementor-section-height-default\" data-id=\"8a66971\" data-element_type=\"section\">\n\t\t\t\t\t\t<div class=\"elementor-container elementor-column-gap-default\">\n\t\t\t\t\t<div class=\"elementor-column elementor-col-100 elementor-top-column elementor-element elementor-element-55b0402\" data-id=\"55b0402\" data-element_type=\"column\">\n\t\t\t<div class=\"elementor-widget-wrap elementor-element-populated\">\n\t\t\t\t\t\t\t\t<div class=\"elementor-element elementor-element-94d0b29 elementor-widget elementor-widget-text-editor\" data-id=\"94d0b29\" data-element_type=\"widget\" data-widget_type=\"text-editor.default\">\n\t\t\t\t<div class=\"elementor-widget-container\">\n\t\t\t\t\t\t\t<table width=\"979\"><tbody><tr><td width=\"240\">Nombre<\/td><td width=\"121\">Director<\/td><td width=\"106\">Resoluci\u00f3n\u00a0<\/td><td width=\"117\">Per\u00edodo de Ejecuci\u00f3n\u00a0<\/td><td width=\"332\">Financiamiento<\/td><td width=\"63\">Tipo<\/td><\/tr><tr><td width=\"240\">Recuperaci\u00f3n y puesta en valor de las producciones de la Agricultura familiar para su inserci\u00f3n en los mercados formales de comercializaci\u00f3n de alimentos<\/td><td>Ing. Marta Banegas<\/td><td>Res FAA 370\/2021<\/td><td>abril &#8211; noviembre de 2021<\/td><td width=\"332\">Resoluci\u00f3n Consejo Superior N\u00b0258\/2019\u00a0 de Financiamiento\u00a0 Convocatoria SEU &#8211; UNSE 2019 y Resoluci\u00f3n Rectoral\u00a0 N\u00b0 339\/2021 de n\u00f3mina de proyectos aprobados<\/td><td>Extensi\u00f3n\u00a0<\/td><\/tr><tr><td width=\"240\">Innovaci\u00f3n tecnol\u00f3gica para mejorar la elaboraci\u00f3n de arropes de productores locales<\/td><td>Ing. Sandra Ju\u00e1rez<\/td><td>Res FAA 370\/2021<\/td><td>abril &#8211; noviembre de 2021<\/td><td width=\"332\">Resoluci\u00f3n Consejo Superior N\u00b0258\/2019\u00a0 de Financiamiento\u00a0 Convocatoria SEU &#8211; UNSE 2019 y Resoluci\u00f3n Rectoral\u00a0 N\u00b0 339\/2021 de n\u00f3mina de proyectos aprobados<\/td><td>Extensi\u00f3n\u00a0<\/td><\/tr><tr><td width=\"240\">Reintroducci\u00f3n de Especies nativas cam\u00e9lidos sudamericanos en la Salina de Guanaco Sombriana<\/td><td>Mg. Med. Vet. Mar\u00eda Jos\u00e9 Fern\u00e1ndez Salom<\/td><td>Res FAA 370\/2021<\/td><td>abril &#8211; noviembre de 2021<\/td><td width=\"332\">Resoluci\u00f3n Consejo Superior N\u00b0258\/2019\u00a0 de Financiamiento\u00a0 Convocatoria SEU &#8211; UNSE 2019 y Resoluci\u00f3n Rectoral\u00a0 N\u00b0 339\/2021 de n\u00f3mina de proyectos aprobados<\/td><td>Extensi\u00f3n\u00a0<\/td><\/tr><tr><td>Agua: vida saludable<\/td><td>Dra. Florencia Frau<\/td><td>Res FAA 370\/2021<\/td><td>abril &#8211; noviembre de 2021<\/td><td width=\"332\">Resoluci\u00f3n Consejo Superior N\u00b0258\/2019\u00a0 de Financiamiento\u00a0 Convocatoria SEU &#8211; UNSE 2019 y Resoluci\u00f3n Rectoral\u00a0 N\u00b0 339\/2021 de n\u00f3mina de proyectos aprobados<\/td><td>Extensi\u00f3n\u00a0<\/td><\/tr><tr><td width=\"240\">Valor agregado de materias primas mediante el uso de agua segura<\/td><td>Dra. Teresa Nediani<\/td><td>Res FAA 371\/2021<\/td><td>agosto 2021 a abril 2022<\/td><td>Res FAA 371\/2021<\/td><td>Extensi\u00f3n\u00a0<\/td><\/tr><\/tbody><\/table>\t\t\t\t\t\t<\/div>\n\t\t\t\t<\/div>\n\t\t\t\t\t<\/div>\n\t\t<\/div>\n\t\t\t\t\t\t\t<\/div>\n\t\t<\/section>\n\t\t\t\t<section class=\"elementor-section elementor-top-section elementor-element elementor-element-eb0e7c2 elementor-section-boxed elementor-section-height-default elementor-section-height-default\" data-id=\"eb0e7c2\" data-element_type=\"section\">\n\t\t\t\t\t\t<div class=\"elementor-container elementor-column-gap-default\">\n\t\t\t\t\t<div class=\"elementor-column elementor-col-100 elementor-top-column elementor-element elementor-element-3b30bc2\" data-id=\"3b30bc2\" data-element_type=\"column\">\n\t\t\t<div class=\"elementor-widget-wrap elementor-element-populated\">\n\t\t\t\t\t\t\t\t<section class=\"elementor-section elementor-inner-section elementor-element elementor-element-9838509 elementor-section-boxed elementor-section-height-default elementor-section-height-default\" data-id=\"9838509\" data-element_type=\"section\">\n\t\t\t\t\t\t<div class=\"elementor-container elementor-column-gap-default\">\n\t\t\t\t\t<div class=\"elementor-column elementor-col-50 elementor-inner-column elementor-element elementor-element-175c516\" data-id=\"175c516\" data-element_type=\"column\">\n\t\t\t<div class=\"elementor-widget-wrap\">\n\t\t\t\t\t\t\t\t\t<\/div>\n\t\t<\/div>\n\t\t\t\t<div class=\"elementor-column elementor-col-50 elementor-inner-column elementor-element elementor-element-2b7a4b4\" data-id=\"2b7a4b4\" data-element_type=\"column\">\n\t\t\t<div class=\"elementor-widget-wrap elementor-element-populated\">\n\t\t\t\t\t\t\t\t<div class=\"elementor-element elementor-element-009de27 elementor-align-right elementor-widget elementor-widget-button\" data-id=\"009de27\" data-element_type=\"widget\" data-widget_type=\"button.default\">\n\t\t\t\t<div class=\"elementor-widget-container\">\n\t\t\t\t\t<div class=\"elementor-button-wrapper\">\n\t\t\t<a href=\"https:\/\/faya.unse.edu.ar\/index.php\/proyectos-de-extension\/\" class=\"elementor-button-link elementor-button elementor-size-sm\" role=\"button\">\n\t\t\t\t\t\t<span class=\"elementor-button-content-wrapper\">\n\t\t\t\t\t\t<span class=\"elementor-button-text\">Volver a Proyectos<\/span>\n\t\t<\/span>\n\t\t\t\t\t<\/a>\n\t\t<\/div>\n\t\t\t\t<\/div>\n\t\t\t\t<\/div>\n\t\t\t\t\t<\/div>\n\t\t<\/div>\n\t\t\t\t\t\t\t<\/div>\n\t\t<\/section>\n\t\t\t\t\t<\/div>\n\t\t<\/div>\n\t\t\t\t\t\t\t<\/div>\n\t\t<\/section>\n\t\t\t\t\t\t<\/div>\n\t\t\t\t\t<\/div>\n\t\t","protected":false},"excerpt":{"rendered":"<p>Nombre Director Resoluci\u00f3n\u00a0 Per\u00edodo de Ejecuci\u00f3n\u00a0 Financiamiento Tipo Recuperaci\u00f3n y puesta en valor de las producciones de la Agricultura familiar para su inserci\u00f3n en los mercados formales de comercializaci\u00f3n de alimentos Ing. Marta Banegas Res FAA 370\/2021 abril &#8211; noviembre de 2021 Resoluci\u00f3n Consejo Superior&#8230;<\/p>\n","protected":false},"author":5,"featured_media":0,"parent":0,"menu_order":0,"comment_status":"closed","ping_status":"closed","template":"","meta":{"_mi_skip_tracking":false},"yoast_head":"<!-- This site is optimized with the Yoast SEO plugin v17.7.1 - https:\/\/yoast.com\/wordpress\/plugins\/seo\/ -->\n<meta name=\"robots\" content=\"index, follow, max-snippet:-1, max-image-preview:large, max-video-preview:-1\" \/>\n<link rel=\"canonical\" href=\"https:\/\/faya.unse.edu.ar\/index.php\/proyectos-de-extension-2021\/\" \/>\n<meta property=\"og:locale\" content=\"es_ES\" \/>\n<meta property=\"og:type\" content=\"article\" \/>\n<meta property=\"og:title\" content=\"PROYECTOS DE EXTENSI\u00d3N 2021 | Facultad de Agronom\u00eda y Agroindustrias UNSE | FAyA UNSE\" \/>\n<meta property=\"og:description\" content=\"Nombre Director Resoluci\u00f3n\u00a0 Per\u00edodo de Ejecuci\u00f3n\u00a0 Financiamiento Tipo Recuperaci\u00f3n y puesta en valor de las producciones de la Agricultura familiar para su inserci\u00f3n en los mercados formales de comercializaci\u00f3n de alimentos Ing. Marta Banegas Res FAA 370\/2021 abril &#8211; noviembre de 2021 Resoluci\u00f3n Consejo Superior...\" \/>\n<meta property=\"og:url\" content=\"https:\/\/faya.unse.edu.ar\/index.php\/proyectos-de-extension-2021\/\" \/>\n<meta property=\"og:site_name\" content=\"Facultad de Agronom\u00eda y Agroindustrias UNSE | FAyA UNSE\" \/>\n<meta property=\"article:publisher\" content=\"https:\/\/www.facebook.com\/agroUNSE\/\" \/>\n<meta property=\"article:modified_time\" content=\"2025-03-27T13:55:29+00:00\" \/>\n<meta name=\"twitter:card\" content=\"summary_large_image\" \/>\n<meta name=\"twitter:site\" content=\"@fayaunse\" \/>\n<meta name=\"twitter:label1\" content=\"Tiempo de lectura\" \/>\n\t<meta name=\"twitter:data1\" content=\"1 minuto\" \/>\n<script type=\"application\/ld+json\" class=\"yoast-schema-graph\">{\"@context\":\"https:\/\/schema.org\",\"@graph\":[{\"@type\":\"WebSite\",\"@id\":\"https:\/\/faya.unse.edu.ar\/#website\",\"url\":\"https:\/\/faya.unse.edu.ar\/\",\"name\":\"Facultad de Agronom\\u00eda y Agroindustrias UNSE | FAyA UNSE\",\"description\":\"\",\"potentialAction\":[{\"@type\":\"SearchAction\",\"target\":{\"@type\":\"EntryPoint\",\"urlTemplate\":\"https:\/\/faya.unse.edu.ar\/?s={search_term_string}\"},\"query-input\":\"required name=search_term_string\"}],\"inLanguage\":\"es-AR\"},{\"@type\":\"WebPage\",\"@id\":\"https:\/\/faya.unse.edu.ar\/index.php\/proyectos-de-extension-2021\/#webpage\",\"url\":\"https:\/\/faya.unse.edu.ar\/index.php\/proyectos-de-extension-2021\/\",\"name\":\"PROYECTOS DE EXTENSI\\u00d3N 2021 | Facultad de Agronom\\u00eda y Agroindustrias UNSE | FAyA UNSE\",\"isPartOf\":{\"@id\":\"https:\/\/faya.unse.edu.ar\/#website\"},\"datePublished\":\"2025-03-26T12:18:38+00:00\",\"dateModified\":\"2025-03-27T13:55:29+00:00\",\"breadcrumb\":{\"@id\":\"https:\/\/faya.unse.edu.ar\/index.php\/proyectos-de-extension-2021\/#breadcrumb\"},\"inLanguage\":\"es-AR\",\"potentialAction\":[{\"@type\":\"ReadAction\",\"target\":[\"https:\/\/faya.unse.edu.ar\/index.php\/proyectos-de-extension-2021\/\"]}]},{\"@type\":\"BreadcrumbList\",\"@id\":\"https:\/\/faya.unse.edu.ar\/index.php\/proyectos-de-extension-2021\/#breadcrumb\",\"itemListElement\":[{\"@type\":\"ListItem\",\"position\":1,\"name\":\"Home\",\"item\":\"https:\/\/faya.unse.edu.ar\/\"},{\"@type\":\"ListItem\",\"position\":2,\"name\":\"PROYECTOS DE EXTENSI\\u00d3N 2021\"}]}]}<\/script>\n<!-- \/ Yoast SEO plugin. -->","yoast_head_json":{"robots":{"index":"index","follow":"follow","max-snippet":"max-snippet:-1","max-image-preview":"max-image-preview:large","max-video-preview":"max-video-preview:-1"},"canonical":"https:\/\/faya.unse.edu.ar\/index.php\/proyectos-de-extension-2021\/","og_locale":"es_ES","og_type":"article","og_title":"PROYECTOS DE EXTENSI\u00d3N 2021 | Facultad de Agronom\u00eda y Agroindustrias UNSE | FAyA UNSE","og_description":"Nombre Director Resoluci\u00f3n\u00a0 Per\u00edodo de Ejecuci\u00f3n\u00a0 Financiamiento Tipo Recuperaci\u00f3n y puesta en valor de las producciones de la Agricultura familiar para su inserci\u00f3n en los mercados formales de comercializaci\u00f3n de alimentos Ing. Marta Banegas Res FAA 370\/2021 abril &#8211; noviembre de 2021 Resoluci\u00f3n Consejo Superior...","og_url":"https:\/\/faya.unse.edu.ar\/index.php\/proyectos-de-extension-2021\/","og_site_name":"Facultad de Agronom\u00eda y Agroindustrias UNSE | FAyA UNSE","article_publisher":"https:\/\/www.facebook.com\/agroUNSE\/","article_modified_time":"2025-03-27T13:55:29+00:00","twitter_card":"summary_large_image","twitter_site":"@fayaunse","twitter_misc":{"Tiempo de lectura":"1 minuto"},"schema":{"@context":"https:\/\/schema.org","@graph":[{"@type":"WebSite","@id":"https:\/\/faya.unse.edu.ar\/#website","url":"https:\/\/faya.unse.edu.ar\/","name":"Facultad de Agronom\u00eda y Agroindustrias UNSE | FAyA UNSE","description":"","potentialAction":[{"@type":"SearchAction","target":{"@type":"EntryPoint","urlTemplate":"https:\/\/faya.unse.edu.ar\/?s={search_term_string}"},"query-input":"required name=search_term_string"}],"inLanguage":"es-AR"},{"@type":"WebPage","@id":"https:\/\/faya.unse.edu.ar\/index.php\/proyectos-de-extension-2021\/#webpage","url":"https:\/\/faya.unse.edu.ar\/index.php\/proyectos-de-extension-2021\/","name":"PROYECTOS DE EXTENSI\u00d3N 2021 | Facultad de Agronom\u00eda y Agroindustrias UNSE | FAyA UNSE","isPartOf":{"@id":"https:\/\/faya.unse.edu.ar\/#website"},"datePublished":"2025-03-26T12:18:38+00:00","dateModified":"2025-03-27T13:55:29+00:00","breadcrumb":{"@id":"https:\/\/faya.unse.edu.ar\/index.php\/proyectos-de-extension-2021\/#breadcrumb"},"inLanguage":"es-AR","potentialAction":[{"@type":"ReadAction","target":["https:\/\/faya.unse.edu.ar\/index.php\/proyectos-de-extension-2021\/"]}]},{"@type":"BreadcrumbList","@id":"https:\/\/faya.unse.edu.ar\/index.php\/proyectos-de-extension-2021\/#breadcrumb","itemListElement":[{"@type":"ListItem","position":1,"name":"Home","item":"https:\/\/faya.unse.edu.ar\/"},{"@type":"ListItem","position":2,"name":"PROYECTOS DE EXTENSI\u00d3N 2021"}]}]}},"_links":{"self":[{"href":"https:\/\/faya.unse.edu.ar\/index.php\/wp-json\/wp\/v2\/pages\/34201"}],"collection":[{"href":"https:\/\/faya.unse.edu.ar\/index.php\/wp-json\/wp\/v2\/pages"}],"about":[{"href":"https:\/\/faya.unse.edu.ar\/index.php\/wp-json\/wp\/v2\/types\/page"}],"author":[{"embeddable":true,"href":"https:\/\/faya.unse.edu.ar\/index.php\/wp-json\/wp\/v2\/users\/5"}],"replies":[{"embeddable":true,"href":"https:\/\/faya.unse.edu.ar\/index.php\/wp-json\/wp\/v2\/comments?post=34201"}],"version-history":[{"count":7,"href":"https:\/\/faya.unse.edu.ar\/index.php\/wp-json\/wp\/v2\/pages\/34201\/revisions"}],"predecessor-version":[{"id":34251,"href":"https:\/\/faya.unse.edu.ar\/index.php\/wp-json\/wp\/v2\/pages\/34201\/revisions\/34251"}],"wp:attachment":[{"href":"https:\/\/faya.unse.edu.ar\/index.php\/wp-json\/wp\/v2\/media?parent=34201"}],"curies":[{"name":"wp","href":"https:\/\/api.w.org\/{rel}","templated":true}]}}