{"id":34261,"date":"2025-03-27T11:05:04","date_gmt":"2025-03-27T14:05:04","guid":{"rendered":"https:\/\/faya.unse.edu.ar\/?page_id=34261"},"modified":"2025-03-27T11:21:39","modified_gmt":"2025-03-27T14:21:39","slug":"asociaciones","status":"publish","type":"page","link":"https:\/\/faya.unse.edu.ar\/index.php\/asociaciones\/","title":{"rendered":"ASOCIACIONES"},"content":{"rendered":"\t\t<div data-elementor-type=\"wp-page\" data-elementor-id=\"34261\" class=\"elementor elementor-34261\" data-elementor-settings=\"[]\">\n\t\t\t\t\t\t\t<div class=\"elementor-section-wrap\">\n\t\t\t\t\t\t\t<section class=\"elementor-section elementor-top-section elementor-element elementor-element-ca59afa elementor-section-full_width elementor-section-height-min-height elementor-section-content-top elementor-section-height-default elementor-section-items-middle\" data-id=\"ca59afa\" data-element_type=\"section\">\n\t\t\t\t\t\t<div class=\"elementor-container elementor-column-gap-no\">\n\t\t\t\t\t<div class=\"elementor-column elementor-col-100 elementor-top-column elementor-element elementor-element-9cd5512\" data-id=\"9cd5512\" data-element_type=\"column\">\n\t\t\t<div class=\"elementor-widget-wrap elementor-element-populated\">\n\t\t\t\t\t\t\t\t<div class=\"elementor-element elementor-element-3c65acd elementor-widget elementor-widget-text-editor\" data-id=\"3c65acd\" data-element_type=\"widget\" data-widget_type=\"text-editor.default\">\n\t\t\t\t<div class=\"elementor-widget-container\">\n\t\t\t\t\t\t\t<table class=\" aligncenter\" width=\"770\"><tbody><tr><td width=\"14\">\u00a0<\/td><td width=\"259\"><strong>Asociaci\u00f3n\u00a0<\/strong><\/td><td width=\"398\"><strong>Descripci\u00f3n\u00a0<\/strong><\/td><td width=\"99\"><strong>A\u00f1o de Firma<\/strong><\/td><\/tr><tr><td width=\"14\">1<\/td><td width=\"259\">Asociaci\u00f3n Cultural y Vecinal &#8211; Biblioteca Popular Ricardo Rojas\u00a0<\/td><td width=\"398\">Actividades enmarcadas en el programa \u201cLa FAyA es Cultura\u201d<\/td><td width=\"99\">2023<\/td><\/tr><tr><td width=\"14\">2<\/td><td width=\"259\">YU&amp;VA Galer\u00eda de Arte\u00a0<\/td><td width=\"398\">Actividades enmarcadas en el programa \u201cLa FAyA es Cultura\u201d<\/td><td width=\"99\">2023<\/td><\/tr><tr><td width=\"14\">3<\/td><td width=\"259\">\u00a0Asociaci\u00f3n Civil Colonia Jaime<\/td><td width=\"398\">Instituci\u00f3n, sin fines de lucro y de bien com\u00fan; est\u00e1 orientada a la actividad agropecuaria, al agregado de valor de alimentos producidos en su establecimiento y a otras actividades complementarias<\/td><td width=\"99\">2024<\/td><\/tr><tr><td width=\"14\">4<\/td><td width=\"259\">Fundaci\u00f3n Banco de Alimentos de Santiago del Estero<\/td><td width=\"398\">Solicita articular con la FAyA a fin de llevar a cabo pasant\u00edas ad \u2013 honorem de estudiantes avanzados.<\/td><td width=\"99\">2024<\/td><\/tr><tr><td width=\"14\">5<\/td><td width=\"259\">Asociaci\u00f3n de Graduados de Ingenier\u00eda y Ciencia de Alimentos \u2013 AGICA\u00a0<\/td><td width=\"398\">Instituci\u00f3n colegiada que nuclea a los profesionales de esas \u00e1reas disciplinares en la provincia de Santiago del Estero<\/td><td width=\"99\">2024<\/td><\/tr><tr><td width=\"14\">6<\/td><td width=\"259\">Colegio de Ingenier\u00eda Agron\u00f3mica de Santiago del Estero- CIASE<\/td><td width=\"398\">Instituci\u00f3n colegiada que nuclea a los profesionales de esas \u00e1reas disciplinares en nuestra provincia<\/td><td width=\"99\">2024<\/td><\/tr><tr><td width=\"14\">7<\/td><td width=\"259\">Asociaci\u00f3n de Fot\u00f3grafos Profesionales Sgo del Estero<\/td><td width=\"398\">En el marco del programa \u201cLa FAyA es Cultura\u201d, para fortalecer v\u00ednculos con esta clase de Instituciones y prestar mutua colaboraci\u00f3n en la ejecuci\u00f3n de actividades que sean de inter\u00e9s com\u00fan.<\/td><td width=\"99\">2024<\/td><\/tr><\/tbody><\/table>\t\t\t\t\t\t<\/div>\n\t\t\t\t<\/div>\n\t\t\t\t\t<\/div>\n\t\t<\/div>\n\t\t\t\t\t\t\t<\/div>\n\t\t<\/section>\n\t\t\t\t<section class=\"elementor-section elementor-top-section elementor-element elementor-element-63ce12d elementor-section-boxed elementor-section-height-default elementor-section-height-default\" data-id=\"63ce12d\" data-element_type=\"section\">\n\t\t\t\t\t\t<div class=\"elementor-container elementor-column-gap-default\">\n\t\t\t\t\t<div class=\"elementor-column elementor-col-100 elementor-top-column elementor-element elementor-element-d106e1f\" data-id=\"d106e1f\" data-element_type=\"column\">\n\t\t\t<div class=\"elementor-widget-wrap elementor-element-populated\">\n\t\t\t\t\t\t\t\t<section class=\"elementor-section elementor-inner-section elementor-element elementor-element-3db7f71 elementor-section-full_width elementor-section-height-min-height elementor-section-content-top elementor-section-height-default\" data-id=\"3db7f71\" data-element_type=\"section\">\n\t\t\t\t\t\t<div class=\"elementor-container elementor-column-gap-no\">\n\t\t\t\t\t<div class=\"elementor-column elementor-col-50 elementor-inner-column elementor-element elementor-element-b9c42aa\" data-id=\"b9c42aa\" data-element_type=\"column\">\n\t\t\t<div class=\"elementor-widget-wrap\">\n\t\t\t\t\t\t\t\t\t<\/div>\n\t\t<\/div>\n\t\t\t\t<div class=\"elementor-column elementor-col-50 elementor-inner-column elementor-element elementor-element-31ffa56\" data-id=\"31ffa56\" data-element_type=\"column\">\n\t\t\t<div class=\"elementor-widget-wrap elementor-element-populated\">\n\t\t\t\t\t\t\t\t<div class=\"elementor-element elementor-element-5250fbb elementor-align-right elementor-widget elementor-widget-button\" data-id=\"5250fbb\" data-element_type=\"widget\" data-widget_type=\"button.default\">\n\t\t\t\t<div class=\"elementor-widget-container\">\n\t\t\t\t\t<div class=\"elementor-button-wrapper\">\n\t\t\t<a href=\"https:\/\/faya.unse.edu.ar\/index.php\/extension\/convenios\/\" class=\"elementor-button-link elementor-button elementor-size-sm\" role=\"button\">\n\t\t\t\t\t\t<span class=\"elementor-button-content-wrapper\">\n\t\t\t\t\t\t<span class=\"elementor-button-text\">Volver a Convenios<\/span>\n\t\t<\/span>\n\t\t\t\t\t<\/a>\n\t\t<\/div>\n\t\t\t\t<\/div>\n\t\t\t\t<\/div>\n\t\t\t\t\t<\/div>\n\t\t<\/div>\n\t\t\t\t\t\t\t<\/div>\n\t\t<\/section>\n\t\t\t\t\t<\/div>\n\t\t<\/div>\n\t\t\t\t\t\t\t<\/div>\n\t\t<\/section>\n\t\t\t\t\t\t<\/div>\n\t\t\t\t\t<\/div>\n\t\t","protected":false},"excerpt":{"rendered":"<p>\u00a0 Asociaci\u00f3n\u00a0 Descripci\u00f3n\u00a0 A\u00f1o de Firma 1 Asociaci\u00f3n Cultural y Vecinal &#8211; Biblioteca Popular Ricardo Rojas\u00a0 Actividades enmarcadas en el programa \u201cLa FAyA es Cultura\u201d 2023 2 YU&amp;VA Galer\u00eda de Arte\u00a0 Actividades enmarcadas en el programa \u201cLa FAyA es Cultura\u201d 2023 3 \u00a0Asociaci\u00f3n Civil Colonia&#8230;<\/p>\n","protected":false},"author":5,"featured_media":0,"parent":0,"menu_order":0,"comment_status":"closed","ping_status":"closed","template":"","meta":{"_mi_skip_tracking":false},"yoast_head":"<!-- This site is optimized with the Yoast SEO plugin v17.7.1 - https:\/\/yoast.com\/wordpress\/plugins\/seo\/ -->\n<meta name=\"robots\" content=\"index, follow, max-snippet:-1, max-image-preview:large, max-video-preview:-1\" \/>\n<link rel=\"canonical\" href=\"https:\/\/faya.unse.edu.ar\/index.php\/asociaciones\/\" \/>\n<meta property=\"og:locale\" content=\"es_ES\" \/>\n<meta property=\"og:type\" content=\"article\" \/>\n<meta property=\"og:title\" content=\"ASOCIACIONES | Facultad de Agronom\u00eda y Agroindustrias UNSE | FAyA UNSE\" \/>\n<meta property=\"og:description\" content=\"\u00a0 Asociaci\u00f3n\u00a0 Descripci\u00f3n\u00a0 A\u00f1o de Firma 1 Asociaci\u00f3n Cultural y Vecinal &#8211; Biblioteca Popular Ricardo Rojas\u00a0 Actividades enmarcadas en el programa \u201cLa FAyA es Cultura\u201d 2023 2 YU&amp;VA Galer\u00eda de Arte\u00a0 Actividades enmarcadas en el programa \u201cLa FAyA es Cultura\u201d 2023 3 \u00a0Asociaci\u00f3n Civil Colonia...\" \/>\n<meta property=\"og:url\" content=\"https:\/\/faya.unse.edu.ar\/index.php\/asociaciones\/\" \/>\n<meta property=\"og:site_name\" content=\"Facultad de Agronom\u00eda y Agroindustrias UNSE | FAyA UNSE\" \/>\n<meta property=\"article:publisher\" content=\"https:\/\/www.facebook.com\/agroUNSE\/\" \/>\n<meta property=\"article:modified_time\" content=\"2025-03-27T14:21:39+00:00\" \/>\n<meta name=\"twitter:card\" content=\"summary_large_image\" \/>\n<meta name=\"twitter:site\" content=\"@fayaunse\" \/>\n<meta name=\"twitter:label1\" content=\"Tiempo de lectura\" \/>\n\t<meta name=\"twitter:data1\" content=\"1 minuto\" \/>\n<script type=\"application\/ld+json\" class=\"yoast-schema-graph\">{\"@context\":\"https:\/\/schema.org\",\"@graph\":[{\"@type\":\"WebSite\",\"@id\":\"https:\/\/faya.unse.edu.ar\/#website\",\"url\":\"https:\/\/faya.unse.edu.ar\/\",\"name\":\"Facultad de Agronom\\u00eda y Agroindustrias UNSE | FAyA UNSE\",\"description\":\"\",\"potentialAction\":[{\"@type\":\"SearchAction\",\"target\":{\"@type\":\"EntryPoint\",\"urlTemplate\":\"https:\/\/faya.unse.edu.ar\/?s={search_term_string}\"},\"query-input\":\"required name=search_term_string\"}],\"inLanguage\":\"es-AR\"},{\"@type\":\"WebPage\",\"@id\":\"https:\/\/faya.unse.edu.ar\/index.php\/asociaciones\/#webpage\",\"url\":\"https:\/\/faya.unse.edu.ar\/index.php\/asociaciones\/\",\"name\":\"ASOCIACIONES | Facultad de Agronom\\u00eda y Agroindustrias UNSE | FAyA UNSE\",\"isPartOf\":{\"@id\":\"https:\/\/faya.unse.edu.ar\/#website\"},\"datePublished\":\"2025-03-27T14:05:04+00:00\",\"dateModified\":\"2025-03-27T14:21:39+00:00\",\"breadcrumb\":{\"@id\":\"https:\/\/faya.unse.edu.ar\/index.php\/asociaciones\/#breadcrumb\"},\"inLanguage\":\"es-AR\",\"potentialAction\":[{\"@type\":\"ReadAction\",\"target\":[\"https:\/\/faya.unse.edu.ar\/index.php\/asociaciones\/\"]}]},{\"@type\":\"BreadcrumbList\",\"@id\":\"https:\/\/faya.unse.edu.ar\/index.php\/asociaciones\/#breadcrumb\",\"itemListElement\":[{\"@type\":\"ListItem\",\"position\":1,\"name\":\"Home\",\"item\":\"https:\/\/faya.unse.edu.ar\/\"},{\"@type\":\"ListItem\",\"position\":2,\"name\":\"ASOCIACIONES\"}]}]}<\/script>\n<!-- \/ Yoast SEO plugin. -->","yoast_head_json":{"robots":{"index":"index","follow":"follow","max-snippet":"max-snippet:-1","max-image-preview":"max-image-preview:large","max-video-preview":"max-video-preview:-1"},"canonical":"https:\/\/faya.unse.edu.ar\/index.php\/asociaciones\/","og_locale":"es_ES","og_type":"article","og_title":"ASOCIACIONES | Facultad de Agronom\u00eda y Agroindustrias UNSE | FAyA UNSE","og_description":"\u00a0 Asociaci\u00f3n\u00a0 Descripci\u00f3n\u00a0 A\u00f1o de Firma 1 Asociaci\u00f3n Cultural y Vecinal &#8211; Biblioteca Popular Ricardo Rojas\u00a0 Actividades enmarcadas en el programa \u201cLa FAyA es Cultura\u201d 2023 2 YU&amp;VA Galer\u00eda de Arte\u00a0 Actividades enmarcadas en el programa \u201cLa FAyA es Cultura\u201d 2023 3 \u00a0Asociaci\u00f3n Civil Colonia...","og_url":"https:\/\/faya.unse.edu.ar\/index.php\/asociaciones\/","og_site_name":"Facultad de Agronom\u00eda y Agroindustrias UNSE | FAyA UNSE","article_publisher":"https:\/\/www.facebook.com\/agroUNSE\/","article_modified_time":"2025-03-27T14:21:39+00:00","twitter_card":"summary_large_image","twitter_site":"@fayaunse","twitter_misc":{"Tiempo de lectura":"1 minuto"},"schema":{"@context":"https:\/\/schema.org","@graph":[{"@type":"WebSite","@id":"https:\/\/faya.unse.edu.ar\/#website","url":"https:\/\/faya.unse.edu.ar\/","name":"Facultad de Agronom\u00eda y Agroindustrias UNSE | FAyA UNSE","description":"","potentialAction":[{"@type":"SearchAction","target":{"@type":"EntryPoint","urlTemplate":"https:\/\/faya.unse.edu.ar\/?s={search_term_string}"},"query-input":"required name=search_term_string"}],"inLanguage":"es-AR"},{"@type":"WebPage","@id":"https:\/\/faya.unse.edu.ar\/index.php\/asociaciones\/#webpage","url":"https:\/\/faya.unse.edu.ar\/index.php\/asociaciones\/","name":"ASOCIACIONES | Facultad de Agronom\u00eda y Agroindustrias UNSE | FAyA UNSE","isPartOf":{"@id":"https:\/\/faya.unse.edu.ar\/#website"},"datePublished":"2025-03-27T14:05:04+00:00","dateModified":"2025-03-27T14:21:39+00:00","breadcrumb":{"@id":"https:\/\/faya.unse.edu.ar\/index.php\/asociaciones\/#breadcrumb"},"inLanguage":"es-AR","potentialAction":[{"@type":"ReadAction","target":["https:\/\/faya.unse.edu.ar\/index.php\/asociaciones\/"]}]},{"@type":"BreadcrumbList","@id":"https:\/\/faya.unse.edu.ar\/index.php\/asociaciones\/#breadcrumb","itemListElement":[{"@type":"ListItem","position":1,"name":"Home","item":"https:\/\/faya.unse.edu.ar\/"},{"@type":"ListItem","position":2,"name":"ASOCIACIONES"}]}]}},"_links":{"self":[{"href":"https:\/\/faya.unse.edu.ar\/index.php\/wp-json\/wp\/v2\/pages\/34261"}],"collection":[{"href":"https:\/\/faya.unse.edu.ar\/index.php\/wp-json\/wp\/v2\/pages"}],"about":[{"href":"https:\/\/faya.unse.edu.ar\/index.php\/wp-json\/wp\/v2\/types\/page"}],"author":[{"embeddable":true,"href":"https:\/\/faya.unse.edu.ar\/index.php\/wp-json\/wp\/v2\/users\/5"}],"replies":[{"embeddable":true,"href":"https:\/\/faya.unse.edu.ar\/index.php\/wp-json\/wp\/v2\/comments?post=34261"}],"version-history":[{"count":7,"href":"https:\/\/faya.unse.edu.ar\/index.php\/wp-json\/wp\/v2\/pages\/34261\/revisions"}],"predecessor-version":[{"id":34280,"href":"https:\/\/faya.unse.edu.ar\/index.php\/wp-json\/wp\/v2\/pages\/34261\/revisions\/34280"}],"wp:attachment":[{"href":"https:\/\/faya.unse.edu.ar\/index.php\/wp-json\/wp\/v2\/media?parent=34261"}],"curies":[{"name":"wp","href":"https:\/\/api.w.org\/{rel}","templated":true}]}}