{"id":34268,"date":"2025-03-27T11:15:34","date_gmt":"2025-03-27T14:15:34","guid":{"rendered":"https:\/\/faya.unse.edu.ar\/?page_id=34268"},"modified":"2025-04-28T12:22:54","modified_gmt":"2025-04-28T15:22:54","slug":"cooperativas","status":"publish","type":"page","link":"https:\/\/faya.unse.edu.ar\/index.php\/cooperativas\/","title":{"rendered":"COOPERATIVAS"},"content":{"rendered":"\t\t<div data-elementor-type=\"wp-page\" data-elementor-id=\"34268\" class=\"elementor elementor-34268\" data-elementor-settings=\"[]\">\n\t\t\t\t\t\t\t<div class=\"elementor-section-wrap\">\n\t\t\t\t\t\t\t<section class=\"elementor-section elementor-top-section elementor-element elementor-element-87b3365 elementor-section-boxed elementor-section-height-default elementor-section-height-default\" data-id=\"87b3365\" data-element_type=\"section\">\n\t\t\t\t\t\t<div class=\"elementor-container elementor-column-gap-no\">\n\t\t\t\t\t<div class=\"elementor-column elementor-col-100 elementor-top-column elementor-element elementor-element-b8ff920\" data-id=\"b8ff920\" data-element_type=\"column\">\n\t\t\t<div class=\"elementor-widget-wrap elementor-element-populated\">\n\t\t\t\t\t\t\t\t<div class=\"elementor-element elementor-element-b6b3951 elementor-widget elementor-widget-text-editor\" data-id=\"b6b3951\" data-element_type=\"widget\" data-widget_type=\"text-editor.default\">\n\t\t\t\t<div class=\"elementor-widget-container\">\n\t\t\t\t\t\t\t<table class=\" aligncenter\" width=\"775\"><tbody><tr><td width=\"35\">\u00a0<\/td><td width=\"258\"><strong>Cooperativa\u00a0<\/strong><\/td><td width=\"354\"><strong>Descripci\u00f3n\u00a0<\/strong><\/td><td width=\"128\"><strong>A\u00f1o de Firma<\/strong><\/td><\/tr><tr><td width=\"35\">1<\/td><td width=\"258\">Cooperativa Ap\u00edcola Agr\u00edcola Agro Naciente Limitada<\/td><td width=\"354\">Producci\u00f3n ap\u00edcola y al aprovechamiento de los recursos no maderables del algarrobo: harina de algarroba, caf\u00e9 de algarroba, etc.<\/td><td width=\"128\">2023<\/td><\/tr><tr><td width=\"35\">2<\/td><td width=\"258\">Cooperativa Agr\u00edcola Tambera de James Craik Ltda<\/td><td width=\"354\">Producci\u00f3n de quesos, leche y suero en polvo<\/td><td width=\"128\">2023<\/td><\/tr><tr><td width=\"35\">3<\/td><td width=\"258\">Cooperativa Ap\u00edcola, Agropecuaria, Granjera, Av\u00edcola y Forestal Salinas de Guanaco Sombriana<\/td><td width=\"354\">Programar actividades pr\u00e1cticas con docentes y alumnos de la carrera de Ingenier\u00eda Agron\u00f3mica, en el marco de las pr\u00e1cticas profesionalizantes<\/td><td width=\"128\">2024<\/td><\/tr><tr><td width=\"35\">4<\/td><td width=\"258\">COOPERATIVA DE TRABAJO AGROECOL\u00d3GICA LORETO LIMITADA<\/td><td width=\"354\">Productoras agropecuarias, agropymes y cooperativas agropecuarias, fortaleciendo las cadenas productivas frutihort\u00edcola locales<\/td><td style=\"text-align: left;\" width=\"128\">2023<\/td><\/tr><tr><td width=\"22\">5<\/td><td width=\"262\">Cooperativa de Trabajo Coopsol Ltda<\/td><td width=\"414\">Mieles de exportaci\u00f3n<\/td><td width=\"96\">2025<\/td><\/tr><\/tbody><\/table>\t\t\t\t\t\t<\/div>\n\t\t\t\t<\/div>\n\t\t\t\t\t<\/div>\n\t\t<\/div>\n\t\t\t\t\t\t\t<\/div>\n\t\t<\/section>\n\t\t\t\t<section class=\"elementor-section elementor-top-section elementor-element elementor-element-1552e65 elementor-section-boxed elementor-section-height-default elementor-section-height-default\" data-id=\"1552e65\" data-element_type=\"section\">\n\t\t\t\t\t\t<div class=\"elementor-container elementor-column-gap-default\">\n\t\t\t\t\t<div class=\"elementor-column elementor-col-100 elementor-top-column elementor-element elementor-element-635d588\" data-id=\"635d588\" data-element_type=\"column\">\n\t\t\t<div class=\"elementor-widget-wrap elementor-element-populated\">\n\t\t\t\t\t\t\t\t<section class=\"elementor-section elementor-inner-section elementor-element elementor-element-d1f85d4 elementor-section-full_width elementor-section-height-min-height elementor-section-content-top elementor-section-height-default\" data-id=\"d1f85d4\" data-element_type=\"section\">\n\t\t\t\t\t\t<div class=\"elementor-container elementor-column-gap-no\">\n\t\t\t\t\t<div class=\"elementor-column elementor-col-50 elementor-inner-column elementor-element elementor-element-cef52af\" data-id=\"cef52af\" data-element_type=\"column\">\n\t\t\t<div class=\"elementor-widget-wrap\">\n\t\t\t\t\t\t\t\t\t<\/div>\n\t\t<\/div>\n\t\t\t\t<div class=\"elementor-column elementor-col-50 elementor-inner-column elementor-element elementor-element-96d9f31\" data-id=\"96d9f31\" data-element_type=\"column\">\n\t\t\t<div class=\"elementor-widget-wrap elementor-element-populated\">\n\t\t\t\t\t\t\t\t<div class=\"elementor-element elementor-element-3d0700c elementor-align-right elementor-widget elementor-widget-button\" data-id=\"3d0700c\" data-element_type=\"widget\" data-widget_type=\"button.default\">\n\t\t\t\t<div class=\"elementor-widget-container\">\n\t\t\t\t\t<div class=\"elementor-button-wrapper\">\n\t\t\t<a href=\"https:\/\/faya.unse.edu.ar\/index.php\/extension\/convenios\/\" class=\"elementor-button-link elementor-button elementor-size-sm\" role=\"button\">\n\t\t\t\t\t\t<span class=\"elementor-button-content-wrapper\">\n\t\t\t\t\t\t<span class=\"elementor-button-text\">Volver a Convenios<\/span>\n\t\t<\/span>\n\t\t\t\t\t<\/a>\n\t\t<\/div>\n\t\t\t\t<\/div>\n\t\t\t\t<\/div>\n\t\t\t\t\t<\/div>\n\t\t<\/div>\n\t\t\t\t\t\t\t<\/div>\n\t\t<\/section>\n\t\t\t\t\t<\/div>\n\t\t<\/div>\n\t\t\t\t\t\t\t<\/div>\n\t\t<\/section>\n\t\t\t\t\t\t<\/div>\n\t\t\t\t\t<\/div>\n\t\t","protected":false},"excerpt":{"rendered":"<p>\u00a0 Cooperativa\u00a0 Descripci\u00f3n\u00a0 A\u00f1o de Firma 1 Cooperativa Ap\u00edcola Agr\u00edcola Agro Naciente Limitada Producci\u00f3n ap\u00edcola y al aprovechamiento de los recursos no maderables del algarrobo: harina de algarroba, caf\u00e9 de algarroba, etc. 2023 2 Cooperativa Agr\u00edcola Tambera de James Craik Ltda Producci\u00f3n de quesos, leche&#8230;<\/p>\n","protected":false},"author":5,"featured_media":0,"parent":0,"menu_order":0,"comment_status":"closed","ping_status":"closed","template":"","meta":{"_mi_skip_tracking":false},"yoast_head":"<!-- This site is optimized with the Yoast SEO plugin v17.7.1 - https:\/\/yoast.com\/wordpress\/plugins\/seo\/ -->\n<meta name=\"robots\" content=\"index, follow, max-snippet:-1, max-image-preview:large, max-video-preview:-1\" \/>\n<link rel=\"canonical\" href=\"https:\/\/faya.unse.edu.ar\/index.php\/cooperativas\/\" \/>\n<meta property=\"og:locale\" content=\"es_ES\" \/>\n<meta property=\"og:type\" content=\"article\" \/>\n<meta property=\"og:title\" content=\"COOPERATIVAS | Facultad de Agronom\u00eda y Agroindustrias UNSE | FAyA UNSE\" \/>\n<meta property=\"og:description\" content=\"\u00a0 Cooperativa\u00a0 Descripci\u00f3n\u00a0 A\u00f1o de Firma 1 Cooperativa Ap\u00edcola Agr\u00edcola Agro Naciente Limitada Producci\u00f3n ap\u00edcola y al aprovechamiento de los recursos no maderables del algarrobo: harina de algarroba, caf\u00e9 de algarroba, etc. 2023 2 Cooperativa Agr\u00edcola Tambera de James Craik Ltda Producci\u00f3n de quesos, leche...\" \/>\n<meta property=\"og:url\" content=\"https:\/\/faya.unse.edu.ar\/index.php\/cooperativas\/\" \/>\n<meta property=\"og:site_name\" content=\"Facultad de Agronom\u00eda y Agroindustrias UNSE | FAyA UNSE\" \/>\n<meta property=\"article:publisher\" content=\"https:\/\/www.facebook.com\/agroUNSE\/\" \/>\n<meta property=\"article:modified_time\" content=\"2025-04-28T15:22:54+00:00\" \/>\n<meta name=\"twitter:card\" content=\"summary_large_image\" \/>\n<meta name=\"twitter:site\" content=\"@fayaunse\" \/>\n<meta name=\"twitter:label1\" content=\"Tiempo de lectura\" \/>\n\t<meta name=\"twitter:data1\" content=\"1 minuto\" \/>\n<script type=\"application\/ld+json\" class=\"yoast-schema-graph\">{\"@context\":\"https:\/\/schema.org\",\"@graph\":[{\"@type\":\"WebSite\",\"@id\":\"https:\/\/faya.unse.edu.ar\/#website\",\"url\":\"https:\/\/faya.unse.edu.ar\/\",\"name\":\"Facultad de Agronom\\u00eda y Agroindustrias UNSE | FAyA UNSE\",\"description\":\"\",\"potentialAction\":[{\"@type\":\"SearchAction\",\"target\":{\"@type\":\"EntryPoint\",\"urlTemplate\":\"https:\/\/faya.unse.edu.ar\/?s={search_term_string}\"},\"query-input\":\"required name=search_term_string\"}],\"inLanguage\":\"es-AR\"},{\"@type\":\"WebPage\",\"@id\":\"https:\/\/faya.unse.edu.ar\/index.php\/cooperativas\/#webpage\",\"url\":\"https:\/\/faya.unse.edu.ar\/index.php\/cooperativas\/\",\"name\":\"COOPERATIVAS | Facultad de Agronom\\u00eda y Agroindustrias UNSE | FAyA UNSE\",\"isPartOf\":{\"@id\":\"https:\/\/faya.unse.edu.ar\/#website\"},\"datePublished\":\"2025-03-27T14:15:34+00:00\",\"dateModified\":\"2025-04-28T15:22:54+00:00\",\"breadcrumb\":{\"@id\":\"https:\/\/faya.unse.edu.ar\/index.php\/cooperativas\/#breadcrumb\"},\"inLanguage\":\"es-AR\",\"potentialAction\":[{\"@type\":\"ReadAction\",\"target\":[\"https:\/\/faya.unse.edu.ar\/index.php\/cooperativas\/\"]}]},{\"@type\":\"BreadcrumbList\",\"@id\":\"https:\/\/faya.unse.edu.ar\/index.php\/cooperativas\/#breadcrumb\",\"itemListElement\":[{\"@type\":\"ListItem\",\"position\":1,\"name\":\"Home\",\"item\":\"https:\/\/faya.unse.edu.ar\/\"},{\"@type\":\"ListItem\",\"position\":2,\"name\":\"COOPERATIVAS\"}]}]}<\/script>\n<!-- \/ Yoast SEO plugin. -->","yoast_head_json":{"robots":{"index":"index","follow":"follow","max-snippet":"max-snippet:-1","max-image-preview":"max-image-preview:large","max-video-preview":"max-video-preview:-1"},"canonical":"https:\/\/faya.unse.edu.ar\/index.php\/cooperativas\/","og_locale":"es_ES","og_type":"article","og_title":"COOPERATIVAS | Facultad de Agronom\u00eda y Agroindustrias UNSE | FAyA UNSE","og_description":"\u00a0 Cooperativa\u00a0 Descripci\u00f3n\u00a0 A\u00f1o de Firma 1 Cooperativa Ap\u00edcola Agr\u00edcola Agro Naciente Limitada Producci\u00f3n ap\u00edcola y al aprovechamiento de los recursos no maderables del algarrobo: harina de algarroba, caf\u00e9 de algarroba, etc. 2023 2 Cooperativa Agr\u00edcola Tambera de James Craik Ltda Producci\u00f3n de quesos, leche...","og_url":"https:\/\/faya.unse.edu.ar\/index.php\/cooperativas\/","og_site_name":"Facultad de Agronom\u00eda y Agroindustrias UNSE | FAyA UNSE","article_publisher":"https:\/\/www.facebook.com\/agroUNSE\/","article_modified_time":"2025-04-28T15:22:54+00:00","twitter_card":"summary_large_image","twitter_site":"@fayaunse","twitter_misc":{"Tiempo de lectura":"1 minuto"},"schema":{"@context":"https:\/\/schema.org","@graph":[{"@type":"WebSite","@id":"https:\/\/faya.unse.edu.ar\/#website","url":"https:\/\/faya.unse.edu.ar\/","name":"Facultad de Agronom\u00eda y Agroindustrias UNSE | FAyA UNSE","description":"","potentialAction":[{"@type":"SearchAction","target":{"@type":"EntryPoint","urlTemplate":"https:\/\/faya.unse.edu.ar\/?s={search_term_string}"},"query-input":"required name=search_term_string"}],"inLanguage":"es-AR"},{"@type":"WebPage","@id":"https:\/\/faya.unse.edu.ar\/index.php\/cooperativas\/#webpage","url":"https:\/\/faya.unse.edu.ar\/index.php\/cooperativas\/","name":"COOPERATIVAS | Facultad de Agronom\u00eda y Agroindustrias UNSE | FAyA UNSE","isPartOf":{"@id":"https:\/\/faya.unse.edu.ar\/#website"},"datePublished":"2025-03-27T14:15:34+00:00","dateModified":"2025-04-28T15:22:54+00:00","breadcrumb":{"@id":"https:\/\/faya.unse.edu.ar\/index.php\/cooperativas\/#breadcrumb"},"inLanguage":"es-AR","potentialAction":[{"@type":"ReadAction","target":["https:\/\/faya.unse.edu.ar\/index.php\/cooperativas\/"]}]},{"@type":"BreadcrumbList","@id":"https:\/\/faya.unse.edu.ar\/index.php\/cooperativas\/#breadcrumb","itemListElement":[{"@type":"ListItem","position":1,"name":"Home","item":"https:\/\/faya.unse.edu.ar\/"},{"@type":"ListItem","position":2,"name":"COOPERATIVAS"}]}]}},"_links":{"self":[{"href":"https:\/\/faya.unse.edu.ar\/index.php\/wp-json\/wp\/v2\/pages\/34268"}],"collection":[{"href":"https:\/\/faya.unse.edu.ar\/index.php\/wp-json\/wp\/v2\/pages"}],"about":[{"href":"https:\/\/faya.unse.edu.ar\/index.php\/wp-json\/wp\/v2\/types\/page"}],"author":[{"embeddable":true,"href":"https:\/\/faya.unse.edu.ar\/index.php\/wp-json\/wp\/v2\/users\/5"}],"replies":[{"embeddable":true,"href":"https:\/\/faya.unse.edu.ar\/index.php\/wp-json\/wp\/v2\/comments?post=34268"}],"version-history":[{"count":13,"href":"https:\/\/faya.unse.edu.ar\/index.php\/wp-json\/wp\/v2\/pages\/34268\/revisions"}],"predecessor-version":[{"id":34452,"href":"https:\/\/faya.unse.edu.ar\/index.php\/wp-json\/wp\/v2\/pages\/34268\/revisions\/34452"}],"wp:attachment":[{"href":"https:\/\/faya.unse.edu.ar\/index.php\/wp-json\/wp\/v2\/media?parent=34268"}],"curies":[{"name":"wp","href":"https:\/\/api.w.org\/{rel}","templated":true}]}}