{"id":34269,"date":"2025-03-27T11:14:52","date_gmt":"2025-03-27T14:14:52","guid":{"rendered":"https:\/\/faya.unse.edu.ar\/?page_id=34269"},"modified":"2025-04-28T12:17:51","modified_gmt":"2025-04-28T15:17:51","slug":"empresas","status":"publish","type":"page","link":"https:\/\/faya.unse.edu.ar\/index.php\/empresas\/","title":{"rendered":"EMPRESAS"},"content":{"rendered":"\t\t<div data-elementor-type=\"wp-page\" data-elementor-id=\"34269\" class=\"elementor elementor-34269\" data-elementor-settings=\"[]\">\n\t\t\t\t\t\t\t<div class=\"elementor-section-wrap\">\n\t\t\t\t\t\t\t<section class=\"elementor-section elementor-top-section elementor-element elementor-element-b619524 elementor-section-full_width elementor-section-height-default elementor-section-height-default\" data-id=\"b619524\" data-element_type=\"section\">\n\t\t\t\t\t\t<div class=\"elementor-container elementor-column-gap-no\">\n\t\t\t\t\t<div class=\"elementor-column elementor-col-100 elementor-top-column elementor-element elementor-element-6869cb4\" data-id=\"6869cb4\" data-element_type=\"column\">\n\t\t\t<div class=\"elementor-widget-wrap elementor-element-populated\">\n\t\t\t\t\t\t\t\t<div class=\"elementor-element elementor-element-46be173 elementor-widget elementor-widget-text-editor\" data-id=\"46be173\" data-element_type=\"widget\" data-widget_type=\"text-editor.default\">\n\t\t\t\t<div class=\"elementor-widget-container\">\n\t\t\t\t\t\t\t<table class=\" aligncenter\" width=\"794\">\n<tbody>\n<tr>\n<td width=\"22\"><\/td>\n<td width=\"262\"><strong>Empresa<\/strong><\/td>\n<td width=\"414\"><strong>Descripci\u00f3n\u00a0<\/strong><\/td>\n<td width=\"96\"><strong>A\u00f1o de Firma<\/strong><\/td>\n<\/tr>\n<tr>\n<td width=\"22\">1<\/td>\n<td width=\"262\">Weisburd bier<\/td>\n<td width=\"414\">Cerveza Artesanal y requiere articular con la FAyA a fin de incorporar pasantes rentados para realizar pr\u00e1cticas complementarias a la formaci\u00f3n acad\u00e9mica<\/td>\n<td width=\"96\">2023<\/td>\n<\/tr>\n<tr>\n<td width=\"22\">2<\/td>\n<td width=\"262\">Empresa \u201cLas Quinas-AGLH SA\u201d<\/td>\n<td width=\"414\">Empresa B certificada dedicada a la elaboraci\u00f3n y comercializaci\u00f3n de miel, mermeladas con y sin az\u00facar, y dulce de leche con y sin az\u00facar.<\/td>\n<td width=\"96\">2023<\/td>\n<\/tr>\n<tr>\n<td width=\"22\">3<\/td>\n<td width=\"262\">Empresa \u201cVitalissima SA\u201d<\/td>\n<td width=\"414\">Elaboraci\u00f3n de soda en sif\u00f3n y aguas envasadas<\/td>\n<td width=\"96\">2023<\/td>\n<\/tr>\n<tr>\n<td width=\"22\">4<\/td>\n<td width=\"262\">Empresa San Telmo S.A|<\/td>\n<td width=\"414\">Producci\u00f3n frutihort\u00edcolas<\/td>\n<td width=\"96\">2023<\/td>\n<\/tr>\n<tr>\n<td width=\"22\">5<\/td>\n<td width=\"262\">Am\u00edn, Mar\u00eda Soledad<\/td>\n<td width=\"414\">Producci\u00f3n y Elaboraci\u00f3n de panificados<\/td>\n<td width=\"96\">2023<\/td>\n<\/tr>\n<tr>\n<td width=\"22\">6<\/td>\n<td width=\"262\">Empresa EA Agropecuaria S.A.S.<\/td>\n<td width=\"414\">Actividades Agropecuarias, av\u00edcolas, ganaderas, pesqueras, tamberas y vitivin\u00edcolas<\/td>\n<td width=\"96\">2023<\/td>\n<\/tr>\n<tr>\n<td width=\"22\">7<\/td>\n<td width=\"262\">Agroinsumos Ardisone SRL<\/td>\n<td width=\"414\">Actividades Agropecuarias, venta de agroqu\u00edmicos, semillas y fertilizantes<\/td>\n<td width=\"96\">2023<\/td>\n<\/tr>\n<tr>\n<td width=\"22\">8<\/td>\n<td width=\"262\">Vanguardia Agroindustrial SAS<\/td>\n<td width=\"414\">Dise\u00f1ar, producir y comercializar Productos No Tradicionales\u00a0y el objetivo de fomentar las\u00a0Econom\u00edas Regionales<\/td>\n<td width=\"96\">2023<\/td>\n<\/tr>\n<tr>\n<td width=\"22\">9<\/td>\n<td width=\"262\">Ing. Ricardo Gerosa S.R.L<\/td>\n<td width=\"414\">Fabricaci\u00f3n de equipos de laboratorio de base tecnol\u00f3gica. Sistemas de Riego Inteligente por Caudal Discontinuo, desde la Subdivisi\u00f3n para el Sector Agropecuario<\/td>\n<td width=\"96\">2023<\/td>\n<\/tr>\n<tr>\n<td width=\"22\">10<\/td>\n<td width=\"262\">\u00a0Bertoli Varrone S.R.L<\/td>\n<td width=\"414\">Comercializa semillas con alto potencial de rendimiento y adaptaci\u00f3n a distintas zonas de cultivo<\/td>\n<td width=\"96\">2023<\/td>\n<\/tr>\n<tr>\n<td width=\"22\">11<\/td>\n<td width=\"262\">Sarquiz Hnos SRL<\/td>\n<td width=\"414\">Establecimiento agropecuario de la empresa. Pasantes rentados para realizar pr\u00e1cticas complementarias a la formaci\u00f3n acad\u00e9mica<\/td>\n<td width=\"96\">2023<\/td>\n<\/tr>\n<tr>\n<td width=\"22\">12<\/td>\n<td width=\"262\">Finca Dos Santos<\/td>\n<td width=\"414\">Producci\u00f3n de algod\u00f3n en zona de riego, producci\u00f3n hort\u00edcola y frut\u00edcola, y\u00a0 producci\u00f3n de uvas malbec para vinos.<\/td>\n<td width=\"96\">2023<\/td>\n<\/tr>\n<tr>\n<td width=\"22\">13<\/td>\n<td width=\"262\">Caba\u00f1a Caprina El Ni\u00f1o<\/td>\n<td width=\"414\">Cr\u00eda de cabras, raza &#8220;Boer&#8221; para la obtenci\u00f3n de carne<\/td>\n<td width=\"96\">2024<\/td>\n<\/tr>\n<tr>\n<td width=\"22\">14<\/td>\n<td width=\"262\">Caba\u00f1a La Legua<\/td>\n<td width=\"414\">Actividades y pr\u00e1cticas complementarias a la formaci\u00f3n acad\u00e9mica, con docentes \u2013 investigadores y estudiantes de la Carreras de Ingenier\u00eda Agron\u00f3mica y Lic. en Biotecnolog\u00eda, abordando tem\u00e1ticas relacionadas con nutrici\u00f3n animal, reproducci\u00f3n y otras en el \u00e1rea de la ganader\u00eda bovina<\/td>\n<td width=\"96\">2024<\/td>\n<\/tr>\n<tr>\n<td width=\"22\">15<\/td>\n<td width=\"262\">Andr\u00e9s Parra y CIA S.A<\/td>\n<td width=\"414\">Rubro de los negocios del Agro, Comercializaci\u00f3n y servicios de todo tipo de insumos, herramientas, tractores, veh\u00edculos, para la comunidad rural y urbana.<\/td>\n<td width=\"96\">2024<\/td>\n<\/tr>\n<tr>\n<td width=\"22\">16<\/td>\n<td width=\"262\">Quesos La Carola<\/td>\n<td width=\"414\">Planes de trabajo en tem\u00e1ticas relacionadas con la producci\u00f3n de quesos y otros productos l\u00e1cteos a partir de leche de cabra y vaca.<\/td>\n<td width=\"96\">2024<\/td>\n<\/tr>\n<tr>\n<td width=\"22\">17<\/td>\n<td width=\"262\">Nutrisantiago S.A.<\/td>\n<td width=\"414\">Actividades y pr\u00e1cticas complementarias relacionadas con la producci\u00f3n y elaboraci\u00f3n de galletas y otros productos<\/td>\n<td width=\"96\">2024<\/td>\n<\/tr>\n<tr>\n<td width=\"22\">18<\/td>\n<td width=\"262\">Pantano S.A.<\/td>\n<td width=\"414\">Pr\u00e1cticas Profesionales Supervisadas, con planes de trabajo en tem\u00e1ticas relacionadas a la fabricaci\u00f3n y elaboraci\u00f3n de cerveza artesanal.<\/td>\n<td width=\"96\">2024<\/td>\n<\/tr>\n<tr>\n<td width=\"22\">19<\/td>\n<td width=\"262\">Tecnored Energ\u00eda S.A<\/td>\n<td width=\"414\">Desarrollo de proyectos energ\u00e9ticos sustentables, con fuerte foco en la tecnolog\u00eda de biodigesti\u00f3n anaer\u00f3bica (biog\u00e1s), siendo l\u00edderes en el pa\u00eds en el desarrollo de proyectos con esta tecnolog\u00eda<\/td>\n<td width=\"96\">2024<\/td>\n<\/tr>\n<tr>\n<td width=\"22\">20<\/td>\n<td width=\"262\">CUMI SRL<\/td>\n<td width=\"414\">Implementaci\u00f3n y caracterizaci\u00f3n de la semilla de c\u00e1\u00f1amo<\/td>\n<td width=\"96\">2024<\/td>\n<\/tr>\n<tr>\n<td width=\"22\">21<\/td>\n<td width=\"262\">\u201cLos Amigos\u201d &#8211; TG Servicios Ganaderos<\/td>\n<td width=\"414\">Establecimiento dedicado a la producci\u00f3n ganadera y actividades afines, y solicita articular con la FAyA a fin de incorporar estudiantes de Ingenier\u00eda Agron\u00f3mica<\/td>\n<td width=\"96\">2024<\/td>\n<\/tr>\n<tr>\n<td width=\"22\">22<\/td>\n<td width=\"262\">Biofarma Agropecuaria S.A.<\/td>\n<td width=\"414\">Se dedica a la Nutrici\u00f3n y Sanidad Animal desde hace m\u00e1s de 40 a\u00f1os presente en el mercado Argentino y de Latinoam\u00e9rica<\/td>\n<td width=\"96\">2024<\/td>\n<\/tr>\n<tr>\n<td width=\"22\">23<\/td>\n<td width=\"262\">TINAGRO S.R.L<\/td>\n<td width=\"414\">Se dedica a la venta\u00a0y servicio t\u00e9cnico certificado de equipamiento para uso en los sectores agr\u00edcola e industrial<\/td>\n<td width=\"96\">2024<\/td>\n<tr>\n<td width=\"22\">24<\/td>\n<td width=\"262\">CASAN SRL<\/td>\n<td width=\"414\">Se dedica a la venta\u00a0de pan y productos de panader\u00eda<\/td>\n<td width=\"96\">2025<\/td>\n<\/tr>\n<\/tbody>\n<\/table>\t\t\t\t\t\t<\/div>\n\t\t\t\t<\/div>\n\t\t\t\t\t<\/div>\n\t\t<\/div>\n\t\t\t\t\t\t\t<\/div>\n\t\t<\/section>\n\t\t\t\t<section class=\"elementor-section elementor-top-section elementor-element elementor-element-0f9c4bb elementor-section-boxed elementor-section-height-default elementor-section-height-default\" data-id=\"0f9c4bb\" data-element_type=\"section\">\n\t\t\t\t\t\t<div class=\"elementor-container elementor-column-gap-default\">\n\t\t\t\t\t<div class=\"elementor-column elementor-col-100 elementor-top-column elementor-element elementor-element-a4a4ae7\" data-id=\"a4a4ae7\" data-element_type=\"column\">\n\t\t\t<div class=\"elementor-widget-wrap elementor-element-populated\">\n\t\t\t\t\t\t\t\t<section class=\"elementor-section elementor-inner-section elementor-element elementor-element-a390a41 elementor-section-full_width elementor-section-height-min-height elementor-section-content-top elementor-section-height-default\" data-id=\"a390a41\" data-element_type=\"section\">\n\t\t\t\t\t\t<div class=\"elementor-container elementor-column-gap-no\">\n\t\t\t\t\t<div class=\"elementor-column elementor-col-50 elementor-inner-column elementor-element elementor-element-9ec3273\" data-id=\"9ec3273\" data-element_type=\"column\">\n\t\t\t<div class=\"elementor-widget-wrap\">\n\t\t\t\t\t\t\t\t\t<\/div>\n\t\t<\/div>\n\t\t\t\t<div class=\"elementor-column elementor-col-50 elementor-inner-column elementor-element elementor-element-446e28f\" data-id=\"446e28f\" data-element_type=\"column\">\n\t\t\t<div class=\"elementor-widget-wrap elementor-element-populated\">\n\t\t\t\t\t\t\t\t<div class=\"elementor-element elementor-element-0a535da elementor-align-right elementor-widget elementor-widget-button\" data-id=\"0a535da\" data-element_type=\"widget\" data-widget_type=\"button.default\">\n\t\t\t\t<div class=\"elementor-widget-container\">\n\t\t\t\t\t<div class=\"elementor-button-wrapper\">\n\t\t\t<a href=\"https:\/\/faya.unse.edu.ar\/index.php\/extension\/convenios\/\" class=\"elementor-button-link elementor-button elementor-size-sm\" role=\"button\">\n\t\t\t\t\t\t<span class=\"elementor-button-content-wrapper\">\n\t\t\t\t\t\t<span class=\"elementor-button-text\">Volver a Convenios<\/span>\n\t\t<\/span>\n\t\t\t\t\t<\/a>\n\t\t<\/div>\n\t\t\t\t<\/div>\n\t\t\t\t<\/div>\n\t\t\t\t\t<\/div>\n\t\t<\/div>\n\t\t\t\t\t\t\t<\/div>\n\t\t<\/section>\n\t\t\t\t\t<\/div>\n\t\t<\/div>\n\t\t\t\t\t\t\t<\/div>\n\t\t<\/section>\n\t\t\t\t\t\t<\/div>\n\t\t\t\t\t<\/div>\n\t\t","protected":false},"excerpt":{"rendered":"<p>Empresa Descripci\u00f3n\u00a0 A\u00f1o de Firma 1 Weisburd bier Cerveza Artesanal y requiere articular con la FAyA a fin de incorporar pasantes rentados para realizar pr\u00e1cticas complementarias a la formaci\u00f3n acad\u00e9mica 2023 2 Empresa \u201cLas Quinas-AGLH SA\u201d Empresa B certificada dedicada a la elaboraci\u00f3n y comercializaci\u00f3n&#8230;<\/p>\n","protected":false},"author":5,"featured_media":0,"parent":0,"menu_order":0,"comment_status":"closed","ping_status":"closed","template":"","meta":{"_mi_skip_tracking":false},"yoast_head":"<!-- This site is optimized with the Yoast SEO plugin v17.7.1 - https:\/\/yoast.com\/wordpress\/plugins\/seo\/ -->\n<meta name=\"robots\" content=\"index, follow, max-snippet:-1, max-image-preview:large, max-video-preview:-1\" \/>\n<link rel=\"canonical\" href=\"https:\/\/faya.unse.edu.ar\/index.php\/empresas\/\" \/>\n<meta property=\"og:locale\" content=\"es_ES\" \/>\n<meta property=\"og:type\" content=\"article\" \/>\n<meta property=\"og:title\" content=\"EMPRESAS | Facultad de Agronom\u00eda y Agroindustrias UNSE | FAyA UNSE\" \/>\n<meta property=\"og:description\" content=\"Empresa Descripci\u00f3n\u00a0 A\u00f1o de Firma 1 Weisburd bier Cerveza Artesanal y requiere articular con la FAyA a fin de incorporar pasantes rentados para realizar pr\u00e1cticas complementarias a la formaci\u00f3n acad\u00e9mica 2023 2 Empresa \u201cLas Quinas-AGLH SA\u201d Empresa B certificada dedicada a la elaboraci\u00f3n y comercializaci\u00f3n...\" \/>\n<meta property=\"og:url\" content=\"https:\/\/faya.unse.edu.ar\/index.php\/empresas\/\" \/>\n<meta property=\"og:site_name\" content=\"Facultad de Agronom\u00eda y Agroindustrias UNSE | FAyA UNSE\" \/>\n<meta property=\"article:publisher\" content=\"https:\/\/www.facebook.com\/agroUNSE\/\" \/>\n<meta property=\"article:modified_time\" content=\"2025-04-28T15:17:51+00:00\" \/>\n<meta name=\"twitter:card\" content=\"summary_large_image\" \/>\n<meta name=\"twitter:site\" content=\"@fayaunse\" \/>\n<meta name=\"twitter:label1\" content=\"Tiempo de lectura\" \/>\n\t<meta name=\"twitter:data1\" content=\"3 minutos\" \/>\n<script type=\"application\/ld+json\" class=\"yoast-schema-graph\">{\"@context\":\"https:\/\/schema.org\",\"@graph\":[{\"@type\":\"WebSite\",\"@id\":\"https:\/\/faya.unse.edu.ar\/#website\",\"url\":\"https:\/\/faya.unse.edu.ar\/\",\"name\":\"Facultad de Agronom\\u00eda y Agroindustrias UNSE | FAyA UNSE\",\"description\":\"\",\"potentialAction\":[{\"@type\":\"SearchAction\",\"target\":{\"@type\":\"EntryPoint\",\"urlTemplate\":\"https:\/\/faya.unse.edu.ar\/?s={search_term_string}\"},\"query-input\":\"required name=search_term_string\"}],\"inLanguage\":\"es-AR\"},{\"@type\":\"WebPage\",\"@id\":\"https:\/\/faya.unse.edu.ar\/index.php\/empresas\/#webpage\",\"url\":\"https:\/\/faya.unse.edu.ar\/index.php\/empresas\/\",\"name\":\"EMPRESAS | Facultad de Agronom\\u00eda y Agroindustrias UNSE | FAyA UNSE\",\"isPartOf\":{\"@id\":\"https:\/\/faya.unse.edu.ar\/#website\"},\"datePublished\":\"2025-03-27T14:14:52+00:00\",\"dateModified\":\"2025-04-28T15:17:51+00:00\",\"breadcrumb\":{\"@id\":\"https:\/\/faya.unse.edu.ar\/index.php\/empresas\/#breadcrumb\"},\"inLanguage\":\"es-AR\",\"potentialAction\":[{\"@type\":\"ReadAction\",\"target\":[\"https:\/\/faya.unse.edu.ar\/index.php\/empresas\/\"]}]},{\"@type\":\"BreadcrumbList\",\"@id\":\"https:\/\/faya.unse.edu.ar\/index.php\/empresas\/#breadcrumb\",\"itemListElement\":[{\"@type\":\"ListItem\",\"position\":1,\"name\":\"Home\",\"item\":\"https:\/\/faya.unse.edu.ar\/\"},{\"@type\":\"ListItem\",\"position\":2,\"name\":\"EMPRESAS\"}]}]}<\/script>\n<!-- \/ Yoast SEO plugin. -->","yoast_head_json":{"robots":{"index":"index","follow":"follow","max-snippet":"max-snippet:-1","max-image-preview":"max-image-preview:large","max-video-preview":"max-video-preview:-1"},"canonical":"https:\/\/faya.unse.edu.ar\/index.php\/empresas\/","og_locale":"es_ES","og_type":"article","og_title":"EMPRESAS | Facultad de Agronom\u00eda y Agroindustrias UNSE | FAyA UNSE","og_description":"Empresa Descripci\u00f3n\u00a0 A\u00f1o de Firma 1 Weisburd bier Cerveza Artesanal y requiere articular con la FAyA a fin de incorporar pasantes rentados para realizar pr\u00e1cticas complementarias a la formaci\u00f3n acad\u00e9mica 2023 2 Empresa \u201cLas Quinas-AGLH SA\u201d Empresa B certificada dedicada a la elaboraci\u00f3n y comercializaci\u00f3n...","og_url":"https:\/\/faya.unse.edu.ar\/index.php\/empresas\/","og_site_name":"Facultad de Agronom\u00eda y Agroindustrias UNSE | FAyA UNSE","article_publisher":"https:\/\/www.facebook.com\/agroUNSE\/","article_modified_time":"2025-04-28T15:17:51+00:00","twitter_card":"summary_large_image","twitter_site":"@fayaunse","twitter_misc":{"Tiempo de lectura":"3 minutos"},"schema":{"@context":"https:\/\/schema.org","@graph":[{"@type":"WebSite","@id":"https:\/\/faya.unse.edu.ar\/#website","url":"https:\/\/faya.unse.edu.ar\/","name":"Facultad de Agronom\u00eda y Agroindustrias UNSE | FAyA UNSE","description":"","potentialAction":[{"@type":"SearchAction","target":{"@type":"EntryPoint","urlTemplate":"https:\/\/faya.unse.edu.ar\/?s={search_term_string}"},"query-input":"required name=search_term_string"}],"inLanguage":"es-AR"},{"@type":"WebPage","@id":"https:\/\/faya.unse.edu.ar\/index.php\/empresas\/#webpage","url":"https:\/\/faya.unse.edu.ar\/index.php\/empresas\/","name":"EMPRESAS | Facultad de Agronom\u00eda y Agroindustrias UNSE | FAyA UNSE","isPartOf":{"@id":"https:\/\/faya.unse.edu.ar\/#website"},"datePublished":"2025-03-27T14:14:52+00:00","dateModified":"2025-04-28T15:17:51+00:00","breadcrumb":{"@id":"https:\/\/faya.unse.edu.ar\/index.php\/empresas\/#breadcrumb"},"inLanguage":"es-AR","potentialAction":[{"@type":"ReadAction","target":["https:\/\/faya.unse.edu.ar\/index.php\/empresas\/"]}]},{"@type":"BreadcrumbList","@id":"https:\/\/faya.unse.edu.ar\/index.php\/empresas\/#breadcrumb","itemListElement":[{"@type":"ListItem","position":1,"name":"Home","item":"https:\/\/faya.unse.edu.ar\/"},{"@type":"ListItem","position":2,"name":"EMPRESAS"}]}]}},"_links":{"self":[{"href":"https:\/\/faya.unse.edu.ar\/index.php\/wp-json\/wp\/v2\/pages\/34269"}],"collection":[{"href":"https:\/\/faya.unse.edu.ar\/index.php\/wp-json\/wp\/v2\/pages"}],"about":[{"href":"https:\/\/faya.unse.edu.ar\/index.php\/wp-json\/wp\/v2\/types\/page"}],"author":[{"embeddable":true,"href":"https:\/\/faya.unse.edu.ar\/index.php\/wp-json\/wp\/v2\/users\/5"}],"replies":[{"embeddable":true,"href":"https:\/\/faya.unse.edu.ar\/index.php\/wp-json\/wp\/v2\/comments?post=34269"}],"version-history":[{"count":10,"href":"https:\/\/faya.unse.edu.ar\/index.php\/wp-json\/wp\/v2\/pages\/34269\/revisions"}],"predecessor-version":[{"id":34445,"href":"https:\/\/faya.unse.edu.ar\/index.php\/wp-json\/wp\/v2\/pages\/34269\/revisions\/34445"}],"wp:attachment":[{"href":"https:\/\/faya.unse.edu.ar\/index.php\/wp-json\/wp\/v2\/media?parent=34269"}],"curies":[{"name":"wp","href":"https:\/\/api.w.org\/{rel}","templated":true}]}}