{"id":34270,"date":"2025-03-27T11:12:40","date_gmt":"2025-03-27T14:12:40","guid":{"rendered":"https:\/\/faya.unse.edu.ar\/?page_id=34270"},"modified":"2025-03-27T11:27:47","modified_gmt":"2025-03-27T14:27:47","slug":"instituciones-educativas","status":"publish","type":"page","link":"https:\/\/faya.unse.edu.ar\/index.php\/instituciones-educativas\/","title":{"rendered":"INSTITUCIONES EDUCATIVAS"},"content":{"rendered":"\t\t<div data-elementor-type=\"wp-page\" data-elementor-id=\"34270\" class=\"elementor elementor-34270\" data-elementor-settings=\"[]\">\n\t\t\t\t\t\t\t<div class=\"elementor-section-wrap\">\n\t\t\t\t\t\t\t<section class=\"elementor-section elementor-top-section elementor-element elementor-element-b49611e elementor-section-full_width elementor-section-height-default elementor-section-height-default\" data-id=\"b49611e\" data-element_type=\"section\">\n\t\t\t\t\t\t<div class=\"elementor-container elementor-column-gap-no\">\n\t\t\t\t\t<div class=\"elementor-column elementor-col-100 elementor-top-column elementor-element elementor-element-27ff597\" data-id=\"27ff597\" data-element_type=\"column\">\n\t\t\t<div class=\"elementor-widget-wrap elementor-element-populated\">\n\t\t\t\t\t\t\t\t<div class=\"elementor-element elementor-element-e4798ee elementor-widget elementor-widget-text-editor\" data-id=\"e4798ee\" data-element_type=\"widget\" data-widget_type=\"text-editor.default\">\n\t\t\t\t<div class=\"elementor-widget-container\">\n\t\t\t\t\t\t\t<table class=\" aligncenter\" width=\"788\"><tbody><tr><td width=\"21\">\u00a0<\/td><td width=\"258\"><strong>Instituci\u00f3n Educativa\u00a0<\/strong><\/td><td width=\"413\"><strong>Descripci\u00f3n\u00a0<\/strong><\/td><td width=\"96\"><strong>A\u00f1o de Firma<\/strong><\/td><\/tr><tr><td width=\"21\">1<\/td><td width=\"258\">Colegio Evang\u00e9lico Alfredo Furniss<\/td><td width=\"413\">Capacitaciones docentes destinadas a los profesores y estudiantes de la carrera de Profesorado en Qu\u00edmica\u00a0<\/td><td width=\"96\">2023<\/td><\/tr><tr><td width=\"21\">2<\/td><td width=\"258\">Facultad de Ciencias M\u00e9dicas<\/td><td width=\"413\">Ejecuci\u00f3n de actividades de docencia, investigaci\u00f3n, extensi\u00f3n, transferencia y formaci\u00f3n de recursos humanos en disciplinas afines y complementarias<\/td><td width=\"96\">2023<\/td><\/tr><tr><td width=\"21\">3<\/td><td width=\"258\">Escuela de Educaci\u00f3n T\u00e9cnica N\u00b01 de Santiago del Estero<\/td><td width=\"413\">Planificar actividades pr\u00e1cticas previstas en la Planta Piloto de Procesamiento de Alimentos<\/td><td width=\"96\">2024<\/td><\/tr><tr><td width=\"21\">4<\/td><td width=\"258\">INTA &#8211;\u00a0 Centro Regional Tucum\u00e1n \u2013 Santiago del Estero<\/td><td width=\"413\">Ejecuci\u00f3n de Pr\u00e1cticas de Comisiones Estudiantiles en la EEA INTA SGO<\/td><td width=\"96\">2024<\/td><\/tr><tr><td width=\"21\">5<\/td><td width=\"258\">Facultad de Humanidades, Ciencias Sociales y de la Salud y La Escuela de Agricultura, Ganader\u00eda y Granja<\/td><td width=\"413\">Experiencias y \/o Pr\u00e1cticas correspondientes a las Unidades Curriculares de las asignaturas de la carrera de Profesorado universitario en Educaci\u00f3n para la Salud<\/td><td width=\"96\">2024<\/td><\/tr><tr><td width=\"21\">6<\/td><td width=\"258\">Escuela de Comercio Prof. Antenor R. Ferreyra\u00a0<\/td><td width=\"413\">Solicita articular con la FAyA para que los estudiantes pertenecientes a la carrera de Profesorado en Qu\u00edmica de esta Facultad puedan realizar la Observaci\u00f3n y Pr\u00e1cticas de la Ense\u00f1anza de la Qu\u00edmica\u00a0<\/td><td width=\"96\">2024<\/td><\/tr><tr><td width=\"21\">7<\/td><td width=\"258\">Profesorado de Ingl\u00e9s del Instituto San Jos\u00e9 -Nivel Superior<\/td><td width=\"413\">Implementaci\u00f3n de los \u201cCursos de Ingl\u00e9s General nivel Beginner A1 y Elementary A2\u201d destinados a los estudiantes de grado.<\/td><td width=\"96\">2024<\/td><\/tr><tr><td width=\"21\">8<\/td><td width=\"258\">Facultad de Ciencias Forestales FCF, y la Escuela de Agricultura, Ganader\u00eda y Granja de la Facultad de Agronom\u00eda y Agroindustrias<\/td><td width=\"413\">Acciones de cooperaci\u00f3n mutua, fortalecer el intercambio acad\u00e9mico y proyecci\u00f3n socioeducativa en trayecto formativo.<\/td><td width=\"96\">2024<\/td><\/tr><tr><td width=\"21\">9<\/td><td width=\"258\">Facultad de Ciencias M\u00e9dicas FCM, y la Escuela de Agricultura, Ganader\u00eda y Granja de la Facultad de Agronom\u00eda y Agroindustrias<\/td><td width=\"413\">Acciones de compromiso mutuo, a los efectos de fortalecer el intercambio acad\u00e9mico.<\/td><td width=\"96\">2024<\/td><\/tr><tr><td width=\"21\">10<\/td><td width=\"258\">Consejo de Decanos de Ingenier\u00edas del NOA (CODINOA)<\/td><td width=\"413\">Cooperaci\u00f3n Interinstitucional<\/td><td width=\"96\">2024<\/td><\/tr><tr><td width=\"21\">11<\/td><td width=\"258\">Red de Bibliotecas de Ingenier\u00edas del NOA<\/td><td width=\"413\">Red de Bibliotecas de las Facultades de Ingenier\u00eda del Noroeste Argentino que en lo sucesivo se citar\u00e1 como BIBLINGNOA<\/td><td width=\"96\">2024<\/td><\/tr><\/tbody><\/table>\t\t\t\t\t\t<\/div>\n\t\t\t\t<\/div>\n\t\t\t\t\t<\/div>\n\t\t<\/div>\n\t\t\t\t\t\t\t<\/div>\n\t\t<\/section>\n\t\t\t\t<section class=\"elementor-section elementor-top-section elementor-element elementor-element-b81d39d elementor-section-boxed elementor-section-height-default elementor-section-height-default\" data-id=\"b81d39d\" data-element_type=\"section\">\n\t\t\t\t\t\t<div class=\"elementor-container elementor-column-gap-default\">\n\t\t\t\t\t<div class=\"elementor-column elementor-col-100 elementor-top-column elementor-element elementor-element-3dd9566\" data-id=\"3dd9566\" data-element_type=\"column\">\n\t\t\t<div class=\"elementor-widget-wrap elementor-element-populated\">\n\t\t\t\t\t\t\t\t<section class=\"elementor-section elementor-inner-section elementor-element elementor-element-d13966a elementor-section-full_width elementor-section-height-min-height elementor-section-content-top elementor-section-height-default\" data-id=\"d13966a\" data-element_type=\"section\">\n\t\t\t\t\t\t<div class=\"elementor-container elementor-column-gap-no\">\n\t\t\t\t\t<div class=\"elementor-column elementor-col-50 elementor-inner-column elementor-element elementor-element-471c3b5\" data-id=\"471c3b5\" data-element_type=\"column\">\n\t\t\t<div class=\"elementor-widget-wrap\">\n\t\t\t\t\t\t\t\t\t<\/div>\n\t\t<\/div>\n\t\t\t\t<div class=\"elementor-column elementor-col-50 elementor-inner-column elementor-element elementor-element-e4a698e\" data-id=\"e4a698e\" data-element_type=\"column\">\n\t\t\t<div class=\"elementor-widget-wrap elementor-element-populated\">\n\t\t\t\t\t\t\t\t<div class=\"elementor-element elementor-element-3401872 elementor-align-right elementor-widget elementor-widget-button\" data-id=\"3401872\" data-element_type=\"widget\" data-widget_type=\"button.default\">\n\t\t\t\t<div class=\"elementor-widget-container\">\n\t\t\t\t\t<div class=\"elementor-button-wrapper\">\n\t\t\t<a href=\"https:\/\/faya.unse.edu.ar\/index.php\/extension\/convenios\/\" class=\"elementor-button-link elementor-button elementor-size-sm\" role=\"button\">\n\t\t\t\t\t\t<span class=\"elementor-button-content-wrapper\">\n\t\t\t\t\t\t<span class=\"elementor-button-text\">Volver a Convenios<\/span>\n\t\t<\/span>\n\t\t\t\t\t<\/a>\n\t\t<\/div>\n\t\t\t\t<\/div>\n\t\t\t\t<\/div>\n\t\t\t\t\t<\/div>\n\t\t<\/div>\n\t\t\t\t\t\t\t<\/div>\n\t\t<\/section>\n\t\t\t\t\t<\/div>\n\t\t<\/div>\n\t\t\t\t\t\t\t<\/div>\n\t\t<\/section>\n\t\t\t\t\t\t<\/div>\n\t\t\t\t\t<\/div>\n\t\t","protected":false},"excerpt":{"rendered":"<p>\u00a0 Instituci\u00f3n Educativa\u00a0 Descripci\u00f3n\u00a0 A\u00f1o de Firma 1 Colegio Evang\u00e9lico Alfredo Furniss Capacitaciones docentes destinadas a los profesores y estudiantes de la carrera de Profesorado en Qu\u00edmica\u00a0 2023 2 Facultad de Ciencias M\u00e9dicas Ejecuci\u00f3n de actividades de docencia, investigaci\u00f3n, extensi\u00f3n, transferencia y formaci\u00f3n de recursos&#8230;<\/p>\n","protected":false},"author":5,"featured_media":0,"parent":0,"menu_order":0,"comment_status":"closed","ping_status":"closed","template":"","meta":{"_mi_skip_tracking":false},"yoast_head":"<!-- This site is optimized with the Yoast SEO plugin v17.7.1 - https:\/\/yoast.com\/wordpress\/plugins\/seo\/ -->\n<meta name=\"robots\" content=\"index, follow, max-snippet:-1, max-image-preview:large, max-video-preview:-1\" \/>\n<link rel=\"canonical\" href=\"https:\/\/faya.unse.edu.ar\/index.php\/instituciones-educativas\/\" \/>\n<meta property=\"og:locale\" content=\"es_ES\" \/>\n<meta property=\"og:type\" content=\"article\" \/>\n<meta property=\"og:title\" content=\"INSTITUCIONES EDUCATIVAS | Facultad de Agronom\u00eda y Agroindustrias UNSE | FAyA UNSE\" \/>\n<meta property=\"og:description\" content=\"\u00a0 Instituci\u00f3n Educativa\u00a0 Descripci\u00f3n\u00a0 A\u00f1o de Firma 1 Colegio Evang\u00e9lico Alfredo Furniss Capacitaciones docentes destinadas a los profesores y estudiantes de la carrera de Profesorado en Qu\u00edmica\u00a0 2023 2 Facultad de Ciencias M\u00e9dicas Ejecuci\u00f3n de actividades de docencia, investigaci\u00f3n, extensi\u00f3n, transferencia y formaci\u00f3n de recursos...\" \/>\n<meta property=\"og:url\" content=\"https:\/\/faya.unse.edu.ar\/index.php\/instituciones-educativas\/\" \/>\n<meta property=\"og:site_name\" content=\"Facultad de Agronom\u00eda y Agroindustrias UNSE | FAyA UNSE\" \/>\n<meta property=\"article:publisher\" content=\"https:\/\/www.facebook.com\/agroUNSE\/\" \/>\n<meta property=\"article:modified_time\" content=\"2025-03-27T14:27:47+00:00\" \/>\n<meta name=\"twitter:card\" content=\"summary_large_image\" \/>\n<meta name=\"twitter:site\" content=\"@fayaunse\" \/>\n<meta name=\"twitter:label1\" content=\"Tiempo de lectura\" \/>\n\t<meta name=\"twitter:data1\" content=\"2 minutos\" \/>\n<script type=\"application\/ld+json\" class=\"yoast-schema-graph\">{\"@context\":\"https:\/\/schema.org\",\"@graph\":[{\"@type\":\"WebSite\",\"@id\":\"https:\/\/faya.unse.edu.ar\/#website\",\"url\":\"https:\/\/faya.unse.edu.ar\/\",\"name\":\"Facultad de Agronom\\u00eda y Agroindustrias UNSE | FAyA UNSE\",\"description\":\"\",\"potentialAction\":[{\"@type\":\"SearchAction\",\"target\":{\"@type\":\"EntryPoint\",\"urlTemplate\":\"https:\/\/faya.unse.edu.ar\/?s={search_term_string}\"},\"query-input\":\"required name=search_term_string\"}],\"inLanguage\":\"es-AR\"},{\"@type\":\"WebPage\",\"@id\":\"https:\/\/faya.unse.edu.ar\/index.php\/instituciones-educativas\/#webpage\",\"url\":\"https:\/\/faya.unse.edu.ar\/index.php\/instituciones-educativas\/\",\"name\":\"INSTITUCIONES EDUCATIVAS | Facultad de Agronom\\u00eda y Agroindustrias UNSE | FAyA UNSE\",\"isPartOf\":{\"@id\":\"https:\/\/faya.unse.edu.ar\/#website\"},\"datePublished\":\"2025-03-27T14:12:40+00:00\",\"dateModified\":\"2025-03-27T14:27:47+00:00\",\"breadcrumb\":{\"@id\":\"https:\/\/faya.unse.edu.ar\/index.php\/instituciones-educativas\/#breadcrumb\"},\"inLanguage\":\"es-AR\",\"potentialAction\":[{\"@type\":\"ReadAction\",\"target\":[\"https:\/\/faya.unse.edu.ar\/index.php\/instituciones-educativas\/\"]}]},{\"@type\":\"BreadcrumbList\",\"@id\":\"https:\/\/faya.unse.edu.ar\/index.php\/instituciones-educativas\/#breadcrumb\",\"itemListElement\":[{\"@type\":\"ListItem\",\"position\":1,\"name\":\"Home\",\"item\":\"https:\/\/faya.unse.edu.ar\/\"},{\"@type\":\"ListItem\",\"position\":2,\"name\":\"INSTITUCIONES EDUCATIVAS\"}]}]}<\/script>\n<!-- \/ Yoast SEO plugin. -->","yoast_head_json":{"robots":{"index":"index","follow":"follow","max-snippet":"max-snippet:-1","max-image-preview":"max-image-preview:large","max-video-preview":"max-video-preview:-1"},"canonical":"https:\/\/faya.unse.edu.ar\/index.php\/instituciones-educativas\/","og_locale":"es_ES","og_type":"article","og_title":"INSTITUCIONES EDUCATIVAS | Facultad de Agronom\u00eda y Agroindustrias UNSE | FAyA UNSE","og_description":"\u00a0 Instituci\u00f3n Educativa\u00a0 Descripci\u00f3n\u00a0 A\u00f1o de Firma 1 Colegio Evang\u00e9lico Alfredo Furniss Capacitaciones docentes destinadas a los profesores y estudiantes de la carrera de Profesorado en Qu\u00edmica\u00a0 2023 2 Facultad de Ciencias M\u00e9dicas Ejecuci\u00f3n de actividades de docencia, investigaci\u00f3n, extensi\u00f3n, transferencia y formaci\u00f3n de recursos...","og_url":"https:\/\/faya.unse.edu.ar\/index.php\/instituciones-educativas\/","og_site_name":"Facultad de Agronom\u00eda y Agroindustrias UNSE | FAyA UNSE","article_publisher":"https:\/\/www.facebook.com\/agroUNSE\/","article_modified_time":"2025-03-27T14:27:47+00:00","twitter_card":"summary_large_image","twitter_site":"@fayaunse","twitter_misc":{"Tiempo de lectura":"2 minutos"},"schema":{"@context":"https:\/\/schema.org","@graph":[{"@type":"WebSite","@id":"https:\/\/faya.unse.edu.ar\/#website","url":"https:\/\/faya.unse.edu.ar\/","name":"Facultad de Agronom\u00eda y Agroindustrias UNSE | FAyA UNSE","description":"","potentialAction":[{"@type":"SearchAction","target":{"@type":"EntryPoint","urlTemplate":"https:\/\/faya.unse.edu.ar\/?s={search_term_string}"},"query-input":"required name=search_term_string"}],"inLanguage":"es-AR"},{"@type":"WebPage","@id":"https:\/\/faya.unse.edu.ar\/index.php\/instituciones-educativas\/#webpage","url":"https:\/\/faya.unse.edu.ar\/index.php\/instituciones-educativas\/","name":"INSTITUCIONES EDUCATIVAS | Facultad de Agronom\u00eda y Agroindustrias UNSE | FAyA UNSE","isPartOf":{"@id":"https:\/\/faya.unse.edu.ar\/#website"},"datePublished":"2025-03-27T14:12:40+00:00","dateModified":"2025-03-27T14:27:47+00:00","breadcrumb":{"@id":"https:\/\/faya.unse.edu.ar\/index.php\/instituciones-educativas\/#breadcrumb"},"inLanguage":"es-AR","potentialAction":[{"@type":"ReadAction","target":["https:\/\/faya.unse.edu.ar\/index.php\/instituciones-educativas\/"]}]},{"@type":"BreadcrumbList","@id":"https:\/\/faya.unse.edu.ar\/index.php\/instituciones-educativas\/#breadcrumb","itemListElement":[{"@type":"ListItem","position":1,"name":"Home","item":"https:\/\/faya.unse.edu.ar\/"},{"@type":"ListItem","position":2,"name":"INSTITUCIONES EDUCATIVAS"}]}]}},"_links":{"self":[{"href":"https:\/\/faya.unse.edu.ar\/index.php\/wp-json\/wp\/v2\/pages\/34270"}],"collection":[{"href":"https:\/\/faya.unse.edu.ar\/index.php\/wp-json\/wp\/v2\/pages"}],"about":[{"href":"https:\/\/faya.unse.edu.ar\/index.php\/wp-json\/wp\/v2\/types\/page"}],"author":[{"embeddable":true,"href":"https:\/\/faya.unse.edu.ar\/index.php\/wp-json\/wp\/v2\/users\/5"}],"replies":[{"embeddable":true,"href":"https:\/\/faya.unse.edu.ar\/index.php\/wp-json\/wp\/v2\/comments?post=34270"}],"version-history":[{"count":9,"href":"https:\/\/faya.unse.edu.ar\/index.php\/wp-json\/wp\/v2\/pages\/34270\/revisions"}],"predecessor-version":[{"id":34301,"href":"https:\/\/faya.unse.edu.ar\/index.php\/wp-json\/wp\/v2\/pages\/34270\/revisions\/34301"}],"wp:attachment":[{"href":"https:\/\/faya.unse.edu.ar\/index.php\/wp-json\/wp\/v2\/media?parent=34270"}],"curies":[{"name":"wp","href":"https:\/\/api.w.org\/{rel}","templated":true}]}}