{"id":34271,"date":"2025-03-27T11:12:53","date_gmt":"2025-03-27T14:12:53","guid":{"rendered":"https:\/\/faya.unse.edu.ar\/?page_id=34271"},"modified":"2025-03-27T11:28:02","modified_gmt":"2025-03-27T14:28:02","slug":"organismos-publicos","status":"publish","type":"page","link":"https:\/\/faya.unse.edu.ar\/index.php\/organismos-publicos\/","title":{"rendered":"ORGANISMOS P\u00daBLICOS"},"content":{"rendered":"\t\t<div data-elementor-type=\"wp-page\" data-elementor-id=\"34271\" class=\"elementor elementor-34271\" data-elementor-settings=\"[]\">\n\t\t\t\t\t\t\t<div class=\"elementor-section-wrap\">\n\t\t\t\t\t\t\t<section class=\"elementor-section elementor-top-section elementor-element elementor-element-0d18b8a elementor-section-full_width elementor-section-height-default elementor-section-height-default\" data-id=\"0d18b8a\" data-element_type=\"section\">\n\t\t\t\t\t\t<div class=\"elementor-container elementor-column-gap-no\">\n\t\t\t\t\t<div class=\"elementor-column elementor-col-100 elementor-top-column elementor-element elementor-element-d8737a5\" data-id=\"d8737a5\" data-element_type=\"column\">\n\t\t\t<div class=\"elementor-widget-wrap elementor-element-populated\">\n\t\t\t\t\t\t\t\t<div class=\"elementor-element elementor-element-5e875d1 elementor-widget elementor-widget-text-editor\" data-id=\"5e875d1\" data-element_type=\"widget\" data-widget_type=\"text-editor.default\">\n\t\t\t\t<div class=\"elementor-widget-container\">\n\t\t\t\t\t\t\t<table class=\" aligncenter\" width=\"798\"><tbody><tr><td width=\"14\">\u00a0<\/td><td width=\"259\"><strong>Organismo P\u00fablico<\/strong><\/td><td width=\"417\"><strong>Descripci\u00f3n<\/strong><\/td><td width=\"108\"><strong>Fecha de Firma<\/strong><\/td><\/tr><tr><td>1<\/td><td width=\"259\">INTA-Laboratorio Antioxidantes y Procesos Oxidativos (LAPOX) del Instituto de Ciencias Qu\u00edmicas (ICQ)<\/td><td width=\"417\">Grupo de Producci\u00f3n Vegetal, dedicado a la planificaci\u00f3n, evaluaci\u00f3n y ejecuci\u00f3n de ensayos de producci\u00f3n e investigaci\u00f3n de diferentes cultivos frutihort\u00edcolas<\/td><td width=\"108\">2023<\/td><\/tr><tr><td>2<\/td><td width=\"259\">INTA-Instituto de Ciencias y Tecnolog\u00edas Alimentarias (ICyTA)\u00a0<\/td><td width=\"417\">Potenciar y sinergizar las capacidades de innovaci\u00f3n, investigaci\u00f3n y transferencia de grupos de investigaci\u00f3n<\/td><td width=\"108\">2023<\/td><\/tr><tr><td>3<\/td><td width=\"259\">CREA Regi\u00f3n NOA SUYAY<\/td><td width=\"417\">Ejecuci\u00f3n de actividades relacionadas con la implementaci\u00f3n del Ciclo de Capacitaciones \u201cFormaci\u00f3n B\u00e1sica de Personal de Establecimientos Agropecuarios\u201d en la localidad de Las Delicias, Departamento Pellegrini, provincia de Santiago del Estero.<\/td><td width=\"108\">2024<\/td><\/tr><tr><td>4<\/td><td width=\"259\">CREA Regi\u00f3n NOA SUYAY<\/td><td width=\"417\">Implementaci\u00f3n del Ciclo de Capacitaciones \u201cFormaci\u00f3n B\u00e1sica de Personal de Establecimientos Agropecuarios\u201d en la localidad de Nueva Esperanza, Departamento Pellegrini, provincia de Santiago del Estero.<\/td><td width=\"108\">2024<\/td><\/tr><tr><td>5<\/td><td width=\"259\">\u00a0Direcci\u00f3n General de Bromatolog\u00eda (DGB)de la provincia de Santiago del Estero<\/td><td width=\"417\">Implementaci\u00f3n del Curso de Capacitaci\u00f3n de Manipulaci\u00f3n Segura de los Alimentos.<\/td><td width=\"108\">2024<\/td><\/tr><tr><td>6<\/td><td width=\"259\">Municipalidad de Colonia Dora; Comisi\u00f3n Municipal de Real Sayana; Comisi\u00f3n Municipal de Herrera; Comisi\u00f3n Municipal de Salavina \u2013 Escuela de La Familia Agr\u00edcola Avellaneda<\/td><td width=\"417\">Ejecuci\u00f3n de actividades para la implementaci\u00f3n de la Primera cohorte de la Diplomatura en Producci\u00f3n Ap\u00edcola Sostenible<\/td><td width=\"108\">2024<\/td><\/tr><tr><td>7<\/td><td width=\"259\">Municipalidad de Colonia Dora; Comisi\u00f3n Municipal de Real Sayana; Comisi\u00f3n Municipal de Herrera; Comisi\u00f3n Municipal de Salavina \u2013 Escuela de La Familia Agr\u00edcola Avellaneda<\/td><td width=\"417\">Ejecuci\u00f3n de actividades para la implementaci\u00f3n de la Primera cohorte de la Diplomatura en Producci\u00f3n Ap\u00edcola Sostenible<\/td><td width=\"108\">2024<\/td><\/tr><\/tbody><\/table>\t\t\t\t\t\t<\/div>\n\t\t\t\t<\/div>\n\t\t\t\t\t<\/div>\n\t\t<\/div>\n\t\t\t\t\t\t\t<\/div>\n\t\t<\/section>\n\t\t\t\t<section class=\"elementor-section elementor-top-section elementor-element elementor-element-60a4e8a elementor-section-boxed elementor-section-height-default elementor-section-height-default\" data-id=\"60a4e8a\" data-element_type=\"section\">\n\t\t\t\t\t\t<div class=\"elementor-container elementor-column-gap-default\">\n\t\t\t\t\t<div class=\"elementor-column elementor-col-100 elementor-top-column elementor-element elementor-element-7715fcf\" data-id=\"7715fcf\" data-element_type=\"column\">\n\t\t\t<div class=\"elementor-widget-wrap elementor-element-populated\">\n\t\t\t\t\t\t\t\t<section class=\"elementor-section elementor-inner-section elementor-element elementor-element-a28d7b6 elementor-section-full_width elementor-section-height-min-height elementor-section-content-top elementor-section-height-default\" data-id=\"a28d7b6\" data-element_type=\"section\">\n\t\t\t\t\t\t<div class=\"elementor-container elementor-column-gap-no\">\n\t\t\t\t\t<div class=\"elementor-column elementor-col-50 elementor-inner-column elementor-element elementor-element-7e7bd75\" data-id=\"7e7bd75\" data-element_type=\"column\">\n\t\t\t<div class=\"elementor-widget-wrap\">\n\t\t\t\t\t\t\t\t\t<\/div>\n\t\t<\/div>\n\t\t\t\t<div class=\"elementor-column elementor-col-50 elementor-inner-column elementor-element elementor-element-c1aef03\" data-id=\"c1aef03\" data-element_type=\"column\">\n\t\t\t<div class=\"elementor-widget-wrap elementor-element-populated\">\n\t\t\t\t\t\t\t\t<div class=\"elementor-element elementor-element-30cb031 elementor-align-right elementor-widget elementor-widget-button\" data-id=\"30cb031\" data-element_type=\"widget\" data-widget_type=\"button.default\">\n\t\t\t\t<div class=\"elementor-widget-container\">\n\t\t\t\t\t<div class=\"elementor-button-wrapper\">\n\t\t\t<a href=\"https:\/\/faya.unse.edu.ar\/index.php\/extension\/convenios\/\" class=\"elementor-button-link elementor-button elementor-size-sm\" role=\"button\">\n\t\t\t\t\t\t<span class=\"elementor-button-content-wrapper\">\n\t\t\t\t\t\t<span class=\"elementor-button-text\">Volver a Convenios<\/span>\n\t\t<\/span>\n\t\t\t\t\t<\/a>\n\t\t<\/div>\n\t\t\t\t<\/div>\n\t\t\t\t<\/div>\n\t\t\t\t\t<\/div>\n\t\t<\/div>\n\t\t\t\t\t\t\t<\/div>\n\t\t<\/section>\n\t\t\t\t\t<\/div>\n\t\t<\/div>\n\t\t\t\t\t\t\t<\/div>\n\t\t<\/section>\n\t\t\t\t\t\t<\/div>\n\t\t\t\t\t<\/div>\n\t\t","protected":false},"excerpt":{"rendered":"<p>\u00a0 Organismo P\u00fablico Descripci\u00f3n Fecha de Firma 1 INTA-Laboratorio Antioxidantes y Procesos Oxidativos (LAPOX) del Instituto de Ciencias Qu\u00edmicas (ICQ) Grupo de Producci\u00f3n Vegetal, dedicado a la planificaci\u00f3n, evaluaci\u00f3n y ejecuci\u00f3n de ensayos de producci\u00f3n e investigaci\u00f3n de diferentes cultivos frutihort\u00edcolas 2023 2 INTA-Instituto de&#8230;<\/p>\n","protected":false},"author":5,"featured_media":0,"parent":0,"menu_order":0,"comment_status":"closed","ping_status":"closed","template":"","meta":{"_mi_skip_tracking":false},"yoast_head":"<!-- This site is optimized with the Yoast SEO plugin v17.7.1 - https:\/\/yoast.com\/wordpress\/plugins\/seo\/ -->\n<meta name=\"robots\" content=\"index, follow, max-snippet:-1, max-image-preview:large, max-video-preview:-1\" \/>\n<link rel=\"canonical\" href=\"https:\/\/faya.unse.edu.ar\/index.php\/organismos-publicos\/\" \/>\n<meta property=\"og:locale\" content=\"es_ES\" \/>\n<meta property=\"og:type\" content=\"article\" \/>\n<meta property=\"og:title\" content=\"ORGANISMOS P\u00daBLICOS | Facultad de Agronom\u00eda y Agroindustrias UNSE | FAyA UNSE\" \/>\n<meta property=\"og:description\" content=\"\u00a0 Organismo P\u00fablico Descripci\u00f3n Fecha de Firma 1 INTA-Laboratorio Antioxidantes y Procesos Oxidativos (LAPOX) del Instituto de Ciencias Qu\u00edmicas (ICQ) Grupo de Producci\u00f3n Vegetal, dedicado a la planificaci\u00f3n, evaluaci\u00f3n y ejecuci\u00f3n de ensayos de producci\u00f3n e investigaci\u00f3n de diferentes cultivos frutihort\u00edcolas 2023 2 INTA-Instituto de...\" \/>\n<meta property=\"og:url\" content=\"https:\/\/faya.unse.edu.ar\/index.php\/organismos-publicos\/\" \/>\n<meta property=\"og:site_name\" content=\"Facultad de Agronom\u00eda y Agroindustrias UNSE | FAyA UNSE\" \/>\n<meta property=\"article:publisher\" content=\"https:\/\/www.facebook.com\/agroUNSE\/\" \/>\n<meta property=\"article:modified_time\" content=\"2025-03-27T14:28:02+00:00\" \/>\n<meta name=\"twitter:card\" content=\"summary_large_image\" \/>\n<meta name=\"twitter:site\" content=\"@fayaunse\" \/>\n<meta name=\"twitter:label1\" content=\"Tiempo de lectura\" \/>\n\t<meta name=\"twitter:data1\" content=\"2 minutos\" \/>\n<script type=\"application\/ld+json\" class=\"yoast-schema-graph\">{\"@context\":\"https:\/\/schema.org\",\"@graph\":[{\"@type\":\"WebSite\",\"@id\":\"https:\/\/faya.unse.edu.ar\/#website\",\"url\":\"https:\/\/faya.unse.edu.ar\/\",\"name\":\"Facultad de Agronom\\u00eda y Agroindustrias UNSE | FAyA UNSE\",\"description\":\"\",\"potentialAction\":[{\"@type\":\"SearchAction\",\"target\":{\"@type\":\"EntryPoint\",\"urlTemplate\":\"https:\/\/faya.unse.edu.ar\/?s={search_term_string}\"},\"query-input\":\"required name=search_term_string\"}],\"inLanguage\":\"es-AR\"},{\"@type\":\"WebPage\",\"@id\":\"https:\/\/faya.unse.edu.ar\/index.php\/organismos-publicos\/#webpage\",\"url\":\"https:\/\/faya.unse.edu.ar\/index.php\/organismos-publicos\/\",\"name\":\"ORGANISMOS P\\u00daBLICOS | Facultad de Agronom\\u00eda y Agroindustrias UNSE | FAyA UNSE\",\"isPartOf\":{\"@id\":\"https:\/\/faya.unse.edu.ar\/#website\"},\"datePublished\":\"2025-03-27T14:12:53+00:00\",\"dateModified\":\"2025-03-27T14:28:02+00:00\",\"breadcrumb\":{\"@id\":\"https:\/\/faya.unse.edu.ar\/index.php\/organismos-publicos\/#breadcrumb\"},\"inLanguage\":\"es-AR\",\"potentialAction\":[{\"@type\":\"ReadAction\",\"target\":[\"https:\/\/faya.unse.edu.ar\/index.php\/organismos-publicos\/\"]}]},{\"@type\":\"BreadcrumbList\",\"@id\":\"https:\/\/faya.unse.edu.ar\/index.php\/organismos-publicos\/#breadcrumb\",\"itemListElement\":[{\"@type\":\"ListItem\",\"position\":1,\"name\":\"Home\",\"item\":\"https:\/\/faya.unse.edu.ar\/\"},{\"@type\":\"ListItem\",\"position\":2,\"name\":\"ORGANISMOS P\\u00daBLICOS\"}]}]}<\/script>\n<!-- \/ Yoast SEO plugin. -->","yoast_head_json":{"robots":{"index":"index","follow":"follow","max-snippet":"max-snippet:-1","max-image-preview":"max-image-preview:large","max-video-preview":"max-video-preview:-1"},"canonical":"https:\/\/faya.unse.edu.ar\/index.php\/organismos-publicos\/","og_locale":"es_ES","og_type":"article","og_title":"ORGANISMOS P\u00daBLICOS | Facultad de Agronom\u00eda y Agroindustrias UNSE | FAyA UNSE","og_description":"\u00a0 Organismo P\u00fablico Descripci\u00f3n Fecha de Firma 1 INTA-Laboratorio Antioxidantes y Procesos Oxidativos (LAPOX) del Instituto de Ciencias Qu\u00edmicas (ICQ) Grupo de Producci\u00f3n Vegetal, dedicado a la planificaci\u00f3n, evaluaci\u00f3n y ejecuci\u00f3n de ensayos de producci\u00f3n e investigaci\u00f3n de diferentes cultivos frutihort\u00edcolas 2023 2 INTA-Instituto de...","og_url":"https:\/\/faya.unse.edu.ar\/index.php\/organismos-publicos\/","og_site_name":"Facultad de Agronom\u00eda y Agroindustrias UNSE | FAyA UNSE","article_publisher":"https:\/\/www.facebook.com\/agroUNSE\/","article_modified_time":"2025-03-27T14:28:02+00:00","twitter_card":"summary_large_image","twitter_site":"@fayaunse","twitter_misc":{"Tiempo de lectura":"2 minutos"},"schema":{"@context":"https:\/\/schema.org","@graph":[{"@type":"WebSite","@id":"https:\/\/faya.unse.edu.ar\/#website","url":"https:\/\/faya.unse.edu.ar\/","name":"Facultad de Agronom\u00eda y Agroindustrias UNSE | FAyA UNSE","description":"","potentialAction":[{"@type":"SearchAction","target":{"@type":"EntryPoint","urlTemplate":"https:\/\/faya.unse.edu.ar\/?s={search_term_string}"},"query-input":"required name=search_term_string"}],"inLanguage":"es-AR"},{"@type":"WebPage","@id":"https:\/\/faya.unse.edu.ar\/index.php\/organismos-publicos\/#webpage","url":"https:\/\/faya.unse.edu.ar\/index.php\/organismos-publicos\/","name":"ORGANISMOS P\u00daBLICOS | Facultad de Agronom\u00eda y Agroindustrias UNSE | FAyA UNSE","isPartOf":{"@id":"https:\/\/faya.unse.edu.ar\/#website"},"datePublished":"2025-03-27T14:12:53+00:00","dateModified":"2025-03-27T14:28:02+00:00","breadcrumb":{"@id":"https:\/\/faya.unse.edu.ar\/index.php\/organismos-publicos\/#breadcrumb"},"inLanguage":"es-AR","potentialAction":[{"@type":"ReadAction","target":["https:\/\/faya.unse.edu.ar\/index.php\/organismos-publicos\/"]}]},{"@type":"BreadcrumbList","@id":"https:\/\/faya.unse.edu.ar\/index.php\/organismos-publicos\/#breadcrumb","itemListElement":[{"@type":"ListItem","position":1,"name":"Home","item":"https:\/\/faya.unse.edu.ar\/"},{"@type":"ListItem","position":2,"name":"ORGANISMOS P\u00daBLICOS"}]}]}},"_links":{"self":[{"href":"https:\/\/faya.unse.edu.ar\/index.php\/wp-json\/wp\/v2\/pages\/34271"}],"collection":[{"href":"https:\/\/faya.unse.edu.ar\/index.php\/wp-json\/wp\/v2\/pages"}],"about":[{"href":"https:\/\/faya.unse.edu.ar\/index.php\/wp-json\/wp\/v2\/types\/page"}],"author":[{"embeddable":true,"href":"https:\/\/faya.unse.edu.ar\/index.php\/wp-json\/wp\/v2\/users\/5"}],"replies":[{"embeddable":true,"href":"https:\/\/faya.unse.edu.ar\/index.php\/wp-json\/wp\/v2\/comments?post=34271"}],"version-history":[{"count":9,"href":"https:\/\/faya.unse.edu.ar\/index.php\/wp-json\/wp\/v2\/pages\/34271\/revisions"}],"predecessor-version":[{"id":34304,"href":"https:\/\/faya.unse.edu.ar\/index.php\/wp-json\/wp\/v2\/pages\/34271\/revisions\/34304"}],"wp:attachment":[{"href":"https:\/\/faya.unse.edu.ar\/index.php\/wp-json\/wp\/v2\/media?parent=34271"}],"curies":[{"name":"wp","href":"https:\/\/api.w.org\/{rel}","templated":true}]}}