{"id":34931,"date":"2025-08-27T12:25:22","date_gmt":"2025-08-27T15:25:22","guid":{"rendered":"https:\/\/faya.unse.edu.ar\/?page_id=34931"},"modified":"2025-09-18T12:14:00","modified_gmt":"2025-09-18T15:14:00","slug":"tesis-en-3-minutos-3mt","status":"publish","type":"page","link":"https:\/\/faya.unse.edu.ar\/index.php\/tesis-en-3-minutos-3mt\/","title":{"rendered":"TESIS EN 3 MINUTOS (3MT)"},"content":{"rendered":"\t\t<div data-elementor-type=\"wp-page\" data-elementor-id=\"34931\" class=\"elementor elementor-34931\" data-elementor-settings=\"[]\">\n\t\t\t\t\t\t\t<div class=\"elementor-section-wrap\">\n\t\t\t\t\t\t\t<section class=\"elementor-section elementor-top-section elementor-element elementor-element-61effa8 elementor-section-full_width elementor-section-content-middle elementor-section-height-default elementor-section-height-default\" data-id=\"61effa8\" data-element_type=\"section\">\n\t\t\t\t\t\t<div class=\"elementor-container elementor-column-gap-no\">\n\t\t\t\t\t<div class=\"elementor-column elementor-col-100 elementor-top-column elementor-element elementor-element-dd6ff00\" data-id=\"dd6ff00\" data-element_type=\"column\">\n\t\t\t<div class=\"elementor-widget-wrap elementor-element-populated\">\n\t\t\t\t\t\t\t\t<section class=\"elementor-section elementor-inner-section elementor-element elementor-element-959a1da elementor-section-boxed elementor-section-height-default elementor-section-height-default\" data-id=\"959a1da\" data-element_type=\"section\">\n\t\t\t\t\t\t<div class=\"elementor-container elementor-column-gap-default\">\n\t\t\t\t\t<div class=\"elementor-column elementor-col-50 elementor-inner-column elementor-element elementor-element-15ed003\" data-id=\"15ed003\" data-element_type=\"column\">\n\t\t\t<div class=\"elementor-widget-wrap elementor-element-populated\">\n\t\t\t\t\t\t\t\t<div class=\"elementor-element elementor-element-1a71774 elementor-widget elementor-widget-image\" data-id=\"1a71774\" data-element_type=\"widget\" data-widget_type=\"image.default\">\n\t\t\t\t<div class=\"elementor-widget-container\">\n\t\t\t\t\t\t\t\t\t\t\t\t\t\t\t<img src=\"https:\/\/faya.unse.edu.ar\/wp-content\/uploads\/elementor\/thumbs\/flyer_Mesa-de-trabajo-1-4-ravsjrfjwmcrohifxpsc9ng0fdkw4483hbwdt3wgng.png\" title=\"flyer_Mesa de trabajo 1\" alt=\"flyer_Mesa de trabajo 1\" \/>\t\t\t\t\t\t\t\t\t\t\t\t\t\t\t<\/div>\n\t\t\t\t<\/div>\n\t\t\t\t\t<\/div>\n\t\t<\/div>\n\t\t\t\t<div class=\"elementor-column elementor-col-50 elementor-inner-column elementor-element elementor-element-7013d1e\" data-id=\"7013d1e\" data-element_type=\"column\">\n\t\t\t<div class=\"elementor-widget-wrap elementor-element-populated\">\n\t\t\t\t\t\t\t\t<div class=\"elementor-element elementor-element-9dc71fc elementor-widget elementor-widget-image\" data-id=\"9dc71fc\" data-element_type=\"widget\" data-widget_type=\"image.default\">\n\t\t\t\t<div class=\"elementor-widget-container\">\n\t\t\t\t\t\t\t\t\t\t\t\t\t\t\t<img src=\"https:\/\/faya.unse.edu.ar\/wp-content\/uploads\/elementor\/thumbs\/flyer-06-1-rbxz67u8ydky93o9sibrpwzs6p4zom0v8jmy49u98i.png\" title=\"flyer-06\" alt=\"flyer-06\" \/>\t\t\t\t\t\t\t\t\t\t\t\t\t\t\t<\/div>\n\t\t\t\t<\/div>\n\t\t\t\t\t<\/div>\n\t\t<\/div>\n\t\t\t\t\t\t\t<\/div>\n\t\t<\/section>\n\t\t\t\t\t<\/div>\n\t\t<\/div>\n\t\t\t\t\t\t\t<\/div>\n\t\t<\/section>\n\t\t\t\t<section class=\"elementor-section elementor-top-section elementor-element elementor-element-ce85181 elementor-section-boxed elementor-section-height-default elementor-section-height-default\" data-id=\"ce85181\" data-element_type=\"section\">\n\t\t\t\t\t\t<div class=\"elementor-container elementor-column-gap-default\">\n\t\t\t\t\t<div class=\"elementor-column elementor-col-100 elementor-top-column elementor-element elementor-element-31a9cf2\" data-id=\"31a9cf2\" data-element_type=\"column\">\n\t\t\t<div class=\"elementor-widget-wrap elementor-element-populated\">\n\t\t\t\t\t\t\t\t<div class=\"elementor-element elementor-element-4aad076 elementor-align-center elementor-widget elementor-widget-button\" data-id=\"4aad076\" data-element_type=\"widget\" data-widget_type=\"button.default\">\n\t\t\t\t<div class=\"elementor-widget-container\">\n\t\t\t\t\t<div class=\"elementor-button-wrapper\">\n\t\t\t<a href=\"https:\/\/docs.google.com\/forms\/d\/e\/1FAIpQLSd_lrADFkXLS6R1ASfVUA8nAHd_8vyxh_C_uX2ojIqUQbEA1A\/viewform?usp=header\" class=\"elementor-button-link elementor-button elementor-size-sm\" role=\"button\">\n\t\t\t\t\t\t<span class=\"elementor-button-content-wrapper\">\n\t\t\t\t\t\t<span class=\"elementor-button-icon elementor-align-icon-left\">\n\t\t\t\t<i aria-hidden=\"true\" class=\"far fa-check-circle\"><\/i>\t\t\t<\/span>\n\t\t\t\t\t\t<span class=\"elementor-button-text\">INSCRIBITE AQU\u00cd<\/span>\n\t\t<\/span>\n\t\t\t\t\t<\/a>\n\t\t<\/div>\n\t\t\t\t<\/div>\n\t\t\t\t<\/div>\n\t\t\t\t\t<\/div>\n\t\t<\/div>\n\t\t\t\t\t\t\t<\/div>\n\t\t<\/section>\n\t\t\t\t<section class=\"elementor-section elementor-top-section elementor-element elementor-element-6021046 elementor-section-boxed elementor-section-height-default elementor-section-height-default\" data-id=\"6021046\" data-element_type=\"section\">\n\t\t\t\t\t\t<div class=\"elementor-container elementor-column-gap-default\">\n\t\t\t\t\t<div class=\"elementor-column elementor-col-100 elementor-top-column elementor-element elementor-element-5518f1f\" data-id=\"5518f1f\" data-element_type=\"column\">\n\t\t\t<div class=\"elementor-widget-wrap elementor-element-populated\">\n\t\t\t\t\t\t\t\t<div class=\"elementor-element elementor-element-9d0f395 elementor-tabs-view-horizontal elementor-widget elementor-widget-tabs\" data-id=\"9d0f395\" data-element_type=\"widget\" data-widget_type=\"tabs.default\">\n\t\t\t\t<div class=\"elementor-widget-container\">\n\t\t\t\t\t<div class=\"elementor-tabs\">\n\t\t\t<div class=\"elementor-tabs-wrapper\" role=\"tablist\" >\n\t\t\t\t\t\t\t\t\t<div id=\"elementor-tab-title-1641\" class=\"elementor-tab-title elementor-tab-desktop-title\" aria-selected=\"true\" data-tab=\"1\" role=\"tab\" tabindex=\"0\" aria-controls=\"elementor-tab-content-1641\" aria-expanded=\"false\">PREMIO<\/div>\n\t\t\t\t\t\t\t\t\t<div id=\"elementor-tab-title-1642\" class=\"elementor-tab-title elementor-tab-desktop-title\" aria-selected=\"false\" data-tab=\"2\" role=\"tab\" tabindex=\"-1\" aria-controls=\"elementor-tab-content-1642\" aria-expanded=\"false\">BASES Y CONDICIONES<\/div>\n\t\t\t\t\t\t\t\t\t<div id=\"elementor-tab-title-1643\" class=\"elementor-tab-title elementor-tab-desktop-title\" aria-selected=\"false\" data-tab=\"3\" role=\"tab\" tabindex=\"-1\" aria-controls=\"elementor-tab-content-1643\" aria-expanded=\"false\">DESCARGABLES<\/div>\n\t\t\t\t\t\t\t<\/div>\n\t\t\t<div class=\"elementor-tabs-content-wrapper\" role=\"tablist\" aria-orientation=\"vertical\">\n\t\t\t\t\t\t\t\t\t<div class=\"elementor-tab-title elementor-tab-mobile-title\" aria-selected=\"true\" data-tab=\"1\" role=\"tab\" tabindex=\"0\" aria-controls=\"elementor-tab-content-1641\" aria-expanded=\"false\">PREMIO<\/div>\n\t\t\t\t\t<div id=\"elementor-tab-content-1641\" class=\"elementor-tab-content elementor-clearfix\" data-tab=\"1\" role=\"tabpanel\" aria-labelledby=\"elementor-tab-title-1641\" tabindex=\"0\" hidden=\"false\"><p><strong>1er Premio: ARS$ 200.000,00 <\/strong><\/p><p><strong>2do Premio: ARS$ 150.000,00 <\/strong><\/p><p><strong>3er Premio: ARS$ 100.000,00. <\/strong><\/p><p><strong>Premio especial del p\u00fablico: ARS$ 100.000,00.<\/strong><\/p><p>\u00a0<\/p><p>Todos los trabajos inscriptos ser\u00e1n publicados en el Libro de Res\u00famenes de Tesis de Posgrado de la Facultad de Agronom\u00eda y Agroindustrias.<\/p><\/div>\n\t\t\t\t\t\t\t\t\t<div class=\"elementor-tab-title elementor-tab-mobile-title\" aria-selected=\"false\" data-tab=\"2\" role=\"tab\" tabindex=\"-1\" aria-controls=\"elementor-tab-content-1642\" aria-expanded=\"false\">BASES Y CONDICIONES<\/div>\n\t\t\t\t\t<div id=\"elementor-tab-content-1642\" class=\"elementor-tab-content elementor-clearfix\" data-tab=\"2\" role=\"tabpanel\" aria-labelledby=\"elementor-tab-title-1642\" tabindex=\"0\" hidden=\"hidden\"><p><strong>TESIS EN 3 MINUTOS (3MT)<\/strong><\/p><p>Actividad enmarcada en el ciclo Gritando Ciencia\u00a0 | Facultad de Agronom\u00eda y Agroindustrias<\/p><p><strong>BASES Y CONDICIONES<\/strong><\/p><p>Este concurso plantea a los estudiantes de posgrado el desaf\u00edo de explicar el tema de su tesis en tres minutos, en una exposici\u00f3n oral y con un lenguaje sencillo y accesible. Se premiar\u00e1 su capacidad para comunicar las ideas de un modo efectivo a un p\u00fablico no especializado.<\/p><ol><li><strong>Elegibilidad<\/strong>: Para participar es necesario<ol><li>Ser estudiante activo de doctorado o maestr\u00eda de la Facultad de Agronom\u00eda y Agroindustrias (FAyA) con tema de tesis y director aprobado, o haber defendido su tesis de posgrado de la FAyA entre el 01\/01\/2023 y el 19\/09\/2025 y tener actualmente participaci\u00f3n en investigaci\u00f3n o docencia en el \u00e1mbito de la Facultad<\/li><li>Contar con el aval de su Director de Tesis<\/li><\/ol><\/li><\/ol><ol start=\"2\"><li><strong>Inscripciones<\/strong>:<\/li><\/ol><p>Los interesados en participar deber\u00e1n preinscribirse en la actividad utilizando el formulario google creado para tal fin que se encuentra en el link: <a href=\"http:\/\/bit.ly\/40ZQFhc\">http:\/\/bit.ly\/40ZQFhc<\/a><\/p><p><strong><u>Fecha l\u00edmite de inscripci\u00f3n: 26\/09\/2025 <\/u><\/strong><\/p><p>El cupo de presentaci\u00f3n es de 10 concursantes. En caso de que este n\u00famero fuera superado, la selecci\u00f3n final de los participantes se efectuar\u00e1 por sorteo y manteniendo la representaci\u00f3n por carrera de pertenencia de los participantes. En caso de ser seleccionado para la presentaci\u00f3n, deber\u00e1 finalizar su inscripci\u00f3n mediante el env\u00edo por mail a <a href=\"mailto:secretariaposgradofaya@gmail.com\">secretariaposgradofaya@gmail.com<\/a> de la diapositiva para el concurso, condici\u00f3n necesaria para cumplimentar la inscripci\u00f3n.<\/p><p>Todos los res\u00famenes recibidos que cumplan el formato establecido ser\u00e1n publicados en el libro de res\u00famenes de la actividad, con ISBN.<\/p><p>Fecha l\u00edmite de env\u00edo diapositiva final lunes 29\/09\/2025.<\/p><ol start=\"3\"><li><strong>Cronograma<\/strong>:<ol><li>Fecha l\u00edmite de Inscripci\u00f3n y env\u00edo de resumen:<b> 26\/09\/2025<\/b><\/li><li>Sorteo de participantes (en caso de exceder el n\u00famero previsto):<b> 26\/09\/2025<\/b><\/li><li>Fecha l\u00edmite de env\u00edo de diapositiva:<b> 29\/09\/2025<\/b><\/li><li>Fecha del concurso y sorteo del orden de exposici\u00f3n:<b> 03\/10\/2025<\/b><\/li><\/ol><\/li><\/ol><ol><li><strong>Reglas del concurso<\/strong><ol><li>Se permite 1 (una) sola diapositiva tipo PowerPoint est\u00e1tica (no hay transiciones de diapositivas, animaciones o &#8216;movimiento&#8217; de cualquier descripci\u00f3n, la diapositiva estar\u00e1 presente desde el principio de la presentaci\u00f3n).<\/li><li>La diapositiva deber\u00e1 contener el t\u00edtulo de la presentaci\u00f3n con la cual se inscribi\u00f3 en el concurso, que no necesariamente es el t\u00edtulo aprobado del trabajo de tesis.<\/li><li>No se permiten medios electr\u00f3nicos adicionales (por ejemplo, archivos de sonido y v\u00eddeo).<\/li><li>No se permiten apoyos adicionales (por ejemplo, equipo de laboratorio, maquetas, otros).<\/li><li>El orden de presentaci\u00f3n se determinar\u00e1 por sorteo realizado previamente al inicio del concurso.<\/li><li>Las presentaciones se limitan a un m\u00e1ximo de 3 minutos y los competidores que superen los 3 minutos ser\u00e1n descalificados.<\/li><li>Las presentaciones se iniciar\u00e1n desde el frente del aula, dirigi\u00e9ndose al p\u00fablico presente.<\/li><li>No ser\u00e1 permitida la interacci\u00f3n con el jurado y p\u00fablico en el concurso.<\/li><li>La decisi\u00f3n del jurado es definitiva.<\/li><li>Cualquier contenido sobre su investigaci\u00f3n difundida por los posgraduandos en el concurso debe ser susceptible de difusi\u00f3n p\u00fablica.<\/li><li>Los participantes se comprometen a estar presentes el d\u00eda de la celebraci\u00f3n del concurso.<\/li><li>El hecho de participar en el concurso Tesis en 3 Minutos supone la plena aceptaci\u00f3n de las presentes bases de la convocatoria.<\/li><\/ol><\/li><\/ol><ol start=\"5\"><li><strong>Desarrollo del concurso<\/strong><ol><li>El concurso se celebrar\u00e1 de forma oral y p\u00fablica el d\u00eda 3 de octubre de 2025, del cual participar\u00e1n las personas inscriptas que hayan cumplimentado las exigencias del punto 3.<\/li><li>La actividad ser\u00e1 grabada en v\u00eddeo y quedar\u00e1 disponible en el canal de YouTube de la Facultad y en el libro de res\u00famenes de la actividad.<\/li><li>Al inicio de la actividad se realizar\u00e1 el sorteo del orden de exposici\u00f3n de los participantes.<\/li><li>Finalizada la exposici\u00f3n, el jurado realizar\u00e1 la deliberaci\u00f3n y orden de m\u00e9rito de las presentaciones.<\/li><li>Mientras el jurado delibera se realizar\u00e1 la votaci\u00f3n del p\u00fablica para el premio especial. Esto se llevar\u00e1 a cabo exclusivamente con los presentes empleando aplicaciones inform\u00e1ticas.<\/li><li>Una vez que el jurado haya culminado la deliberaci\u00f3n se realizar\u00e1 la entrega de premios.<\/li><\/ol><\/li><\/ol><ol start=\"6\"><li><strong>Premios: <\/strong><\/li><\/ol><p>El jurado elegir\u00e1 las 3 presentaciones m\u00e1s destacadas, y habr\u00e1 un premio especial del p\u00fablico, el cual votar\u00e1 en vivo al finalizar las presentaciones.<\/p><p>Los ganadores recibir\u00e1n un premio consistente en dinero para la adquisici\u00f3n de materiales de laboratorio (vidrio o descartables), drogas, reactivos o bienes de capital. La forma de rendici\u00f3n se acordar\u00e1 con la Secretar\u00eda de Posgrado.<\/p><p><strong>1er Premio: ARS$ 200.000,00 2do Premio: ARS$ 150.000,00 3er Premio: ARS$ 100.000,00. Premio especial del p\u00fablico: ARS$ 100.000,00.<\/strong><\/p><p>Todos los trabajos inscriptos ser\u00e1n publicados en el Libro de Res\u00famenes de Tesis de Posgrado de la Facultad de Agronom\u00eda y Agroindustrias.<\/p><ol start=\"7\"><li><strong>Jurado:<\/strong><\/li><\/ol><p>El jurado estar\u00e1 conformado por:<\/p><p><strong>Dr. Diego Golombek<\/strong> (Doctor en Ciencias Biol\u00f3gicas columnista en el programa Cient\u00edficos Industria Argentina, conductor del programa Proyecto G y editor de la colecci\u00f3n de libros Ciencia que ladra)<\/p><p><strong>Dra. Victoria Mendizabal<\/strong> (Doctora en Farmacolog\u00eda; Magister en Comunicaci\u00f3n Cient\u00edfica, M\u00e9dica y Ambiental; docente en la Especializaci\u00f3n de Comunicaci\u00f3n P\u00fablica de la Ciencia y Periodismo Cient\u00edfico, UNC)<\/p><p><strong>Dr. Ernesto Picco<\/strong> (Doctor en Ciencias Sociales por la Universidad de Buenos Aires Actualmente es el editor de la revista anfibia).<\/p><p><strong>\u00a0<\/strong><\/p><ol start=\"8\"><li><strong>Criterios de Evaluaci\u00f3n: <\/strong><\/li><\/ol><p>El jurado evaluar\u00e1 a los participantes teniendo en cuenta los siguientes criterios:<\/p><ol><li style=\"list-style-type: none;\"><ol><li><strong>Comprensi\u00f3n<\/strong>. Se analizar\u00e1 la capacidad del orador para presentar claramente la naturaleza y objetivos de su tesis, conocer los aspectos m\u00e1s relevantes de su investigaci\u00f3n y seguir una secuencia l\u00f3gica en su presentaci\u00f3n.<\/li><li><strong>Compromiso<\/strong>. El orador deber\u00e1 capturar y mantener la atenci\u00f3n de la audiencia, motivando la curiosidad de la audiencia para saber m\u00e1s del tema evitando banalizar su trabajo de investigaci\u00f3n.<\/li><li><strong>Comunicaci\u00f3n<\/strong>. Se considerar\u00e1n los siguientes aspectos:<\/li><\/ol><\/li><\/ol><ul><li style=\"list-style-type: none;\"><ul><li>Si el tema de la tesis y su significado fueron comunicados en un lenguaje apropiado.<\/li><li>Si el presentador us\u00f3 suficiente contacto visual, correcta entonaci\u00f3n vocal y mantuvo un ritmo constante<\/li><li>Si se evit\u00f3 el empleo de jerga cient\u00edfica, explic\u00f3 la terminolog\u00eda a utilizar, y proporcion\u00f3 la adecuada informaci\u00f3n de fondo para ilustrar los puntos de su tesis.<\/li><li>Si se us\u00f3 la cantidad justa de tiempo en cada elemento de la presentaci\u00f3n o estuvo demasiado apurado.<\/li><li>Si la diapositiva presentada fue clara, legible, concisa y si agreg\u00f3 valor a su presentaci\u00f3n.<\/li><\/ul><\/li><\/ul><p><em><strong>La inscripci\u00f3n supone la aceptaci\u00f3n de estas bases y condiciones.<\/strong><\/em><\/p><\/div>\n\t\t\t\t\t\t\t\t\t<div class=\"elementor-tab-title elementor-tab-mobile-title\" aria-selected=\"false\" data-tab=\"3\" role=\"tab\" tabindex=\"-1\" aria-controls=\"elementor-tab-content-1643\" aria-expanded=\"false\">DESCARGABLES<\/div>\n\t\t\t\t\t<div id=\"elementor-tab-content-1643\" class=\"elementor-tab-content elementor-clearfix\" data-tab=\"3\" role=\"tabpanel\" aria-labelledby=\"elementor-tab-title-1643\" tabindex=\"0\" hidden=\"hidden\"><ul><li><strong><a href=\"https:\/\/faya.unse.edu.ar\/wp-content\/uploads\/BASES-Y-CONDICIONES-1-1.pdf\" target=\"_blank\" rel=\"noopener\">Bases y Condiciones<\/a><\/strong><\/li><li><strong><a href=\"https:\/\/faya.unse.edu.ar\/wp-content\/uploads\/Res-FAA-641-25.pdf\" target=\"_blank\" rel=\"noopener\">Resoluci\u00f3n FAA N\u00b0 641\/2025\u00a0<\/a><\/strong><\/li><li><strong><a href=\"https:\/\/faya.unse.edu.ar\/wp-content\/uploads\/Resumen-tesis-en-3-minutos.docx\" target=\"_blank\" rel=\"noopener\">Presentaci\u00f3n de resumen. <\/a><\/strong><a href=\"https:\/\/faya.unse.edu.ar\/wp-content\/uploads\/Resumen-tesis-en-3-minutos.docx\" target=\"_blank\" rel=\"noopener\">Ejemplo.<\/a><\/li><\/ul><\/div>\n\t\t\t\t\t\t\t<\/div>\n\t\t<\/div>\n\t\t\t\t<\/div>\n\t\t\t\t<\/div>\n\t\t\t\t\t<\/div>\n\t\t<\/div>\n\t\t\t\t\t\t\t<\/div>\n\t\t<\/section>\n\t\t\t\t\t\t<\/div>\n\t\t\t\t\t<\/div>\n\t\t","protected":false},"excerpt":{"rendered":"<p>INSCRIBITE AQU\u00cd PREMIO BASES Y CONDICIONES DESCARGABLES PREMIO 1er Premio: ARS$ 200.000,00 2do Premio: ARS$ 150.000,00 3er Premio: ARS$ 100.000,00. Premio especial del p\u00fablico: ARS$ 100.000,00. \u00a0 Todos los trabajos inscriptos ser\u00e1n publicados en el Libro de Res\u00famenes de Tesis de Posgrado de la Facultad&#8230;<\/p>\n","protected":false},"author":5,"featured_media":35001,"parent":0,"menu_order":0,"comment_status":"closed","ping_status":"closed","template":"","meta":{"_mi_skip_tracking":false},"yoast_head":"<!-- This site is optimized with the Yoast SEO plugin v17.7.1 - https:\/\/yoast.com\/wordpress\/plugins\/seo\/ -->\n<meta name=\"robots\" content=\"index, follow, max-snippet:-1, max-image-preview:large, max-video-preview:-1\" \/>\n<link rel=\"canonical\" href=\"https:\/\/faya.unse.edu.ar\/index.php\/tesis-en-3-minutos-3mt\/\" \/>\n<meta property=\"og:locale\" content=\"es_ES\" \/>\n<meta property=\"og:type\" content=\"article\" \/>\n<meta property=\"og:title\" content=\"TESIS EN 3 MINUTOS (3MT) | Facultad de Agronom\u00eda y Agroindustrias UNSE | FAyA UNSE\" \/>\n<meta property=\"og:description\" content=\"INSCRIBITE AQU\u00cd PREMIO BASES Y CONDICIONES DESCARGABLES PREMIO 1er Premio: ARS$ 200.000,00 2do Premio: ARS$ 150.000,00 3er Premio: ARS$ 100.000,00. Premio especial del p\u00fablico: ARS$ 100.000,00. \u00a0 Todos los trabajos inscriptos ser\u00e1n publicados en el Libro de Res\u00famenes de Tesis de Posgrado de la Facultad...\" \/>\n<meta property=\"og:url\" content=\"https:\/\/faya.unse.edu.ar\/index.php\/tesis-en-3-minutos-3mt\/\" \/>\n<meta property=\"og:site_name\" content=\"Facultad de Agronom\u00eda y Agroindustrias UNSE | FAyA UNSE\" \/>\n<meta property=\"article:publisher\" content=\"https:\/\/www.facebook.com\/agroUNSE\/\" \/>\n<meta property=\"article:modified_time\" content=\"2025-09-18T15:14:00+00:00\" \/>\n<meta property=\"og:image\" content=\"https:\/\/faya.unse.edu.ar\/wp-content\/uploads\/flyer-04-1.png\" \/>\n\t<meta property=\"og:image:width\" content=\"3985\" \/>\n\t<meta property=\"og:image:height\" content=\"1951\" \/>\n<meta name=\"twitter:card\" content=\"summary_large_image\" \/>\n<meta name=\"twitter:site\" content=\"@fayaunse\" \/>\n<meta name=\"twitter:label1\" content=\"Tiempo de lectura\" \/>\n\t<meta name=\"twitter:data1\" content=\"6 minutos\" \/>\n<script type=\"application\/ld+json\" class=\"yoast-schema-graph\">{\"@context\":\"https:\/\/schema.org\",\"@graph\":[{\"@type\":\"WebSite\",\"@id\":\"https:\/\/faya.unse.edu.ar\/#website\",\"url\":\"https:\/\/faya.unse.edu.ar\/\",\"name\":\"Facultad de Agronom\\u00eda y Agroindustrias UNSE | FAyA UNSE\",\"description\":\"\",\"potentialAction\":[{\"@type\":\"SearchAction\",\"target\":{\"@type\":\"EntryPoint\",\"urlTemplate\":\"https:\/\/faya.unse.edu.ar\/?s={search_term_string}\"},\"query-input\":\"required name=search_term_string\"}],\"inLanguage\":\"es-AR\"},{\"@type\":\"ImageObject\",\"@id\":\"https:\/\/faya.unse.edu.ar\/index.php\/tesis-en-3-minutos-3mt\/#primaryimage\",\"inLanguage\":\"es-AR\",\"url\":\"https:\/\/faya.unse.edu.ar\/wp-content\/uploads\/flyer-04-1.png\",\"contentUrl\":\"https:\/\/faya.unse.edu.ar\/wp-content\/uploads\/flyer-04-1.png\",\"width\":3985,\"height\":1951},{\"@type\":\"WebPage\",\"@id\":\"https:\/\/faya.unse.edu.ar\/index.php\/tesis-en-3-minutos-3mt\/#webpage\",\"url\":\"https:\/\/faya.unse.edu.ar\/index.php\/tesis-en-3-minutos-3mt\/\",\"name\":\"TESIS EN 3 MINUTOS (3MT) | Facultad de Agronom\\u00eda y Agroindustrias UNSE | FAyA UNSE\",\"isPartOf\":{\"@id\":\"https:\/\/faya.unse.edu.ar\/#website\"},\"primaryImageOfPage\":{\"@id\":\"https:\/\/faya.unse.edu.ar\/index.php\/tesis-en-3-minutos-3mt\/#primaryimage\"},\"datePublished\":\"2025-08-27T15:25:22+00:00\",\"dateModified\":\"2025-09-18T15:14:00+00:00\",\"breadcrumb\":{\"@id\":\"https:\/\/faya.unse.edu.ar\/index.php\/tesis-en-3-minutos-3mt\/#breadcrumb\"},\"inLanguage\":\"es-AR\",\"potentialAction\":[{\"@type\":\"ReadAction\",\"target\":[\"https:\/\/faya.unse.edu.ar\/index.php\/tesis-en-3-minutos-3mt\/\"]}]},{\"@type\":\"BreadcrumbList\",\"@id\":\"https:\/\/faya.unse.edu.ar\/index.php\/tesis-en-3-minutos-3mt\/#breadcrumb\",\"itemListElement\":[{\"@type\":\"ListItem\",\"position\":1,\"name\":\"Home\",\"item\":\"https:\/\/faya.unse.edu.ar\/\"},{\"@type\":\"ListItem\",\"position\":2,\"name\":\"TESIS EN 3 MINUTOS (3MT)\"}]}]}<\/script>\n<!-- \/ Yoast SEO plugin. -->","yoast_head_json":{"robots":{"index":"index","follow":"follow","max-snippet":"max-snippet:-1","max-image-preview":"max-image-preview:large","max-video-preview":"max-video-preview:-1"},"canonical":"https:\/\/faya.unse.edu.ar\/index.php\/tesis-en-3-minutos-3mt\/","og_locale":"es_ES","og_type":"article","og_title":"TESIS EN 3 MINUTOS (3MT) | Facultad de Agronom\u00eda y Agroindustrias UNSE | FAyA UNSE","og_description":"INSCRIBITE AQU\u00cd PREMIO BASES Y CONDICIONES DESCARGABLES PREMIO 1er Premio: ARS$ 200.000,00 2do Premio: ARS$ 150.000,00 3er Premio: ARS$ 100.000,00. Premio especial del p\u00fablico: ARS$ 100.000,00. \u00a0 Todos los trabajos inscriptos ser\u00e1n publicados en el Libro de Res\u00famenes de Tesis de Posgrado de la Facultad...","og_url":"https:\/\/faya.unse.edu.ar\/index.php\/tesis-en-3-minutos-3mt\/","og_site_name":"Facultad de Agronom\u00eda y Agroindustrias UNSE | FAyA UNSE","article_publisher":"https:\/\/www.facebook.com\/agroUNSE\/","article_modified_time":"2025-09-18T15:14:00+00:00","og_image":[{"width":3985,"height":1951,"url":"https:\/\/faya.unse.edu.ar\/wp-content\/uploads\/flyer-04-1.png","type":"image\/png"}],"twitter_card":"summary_large_image","twitter_site":"@fayaunse","twitter_misc":{"Tiempo de lectura":"6 minutos"},"schema":{"@context":"https:\/\/schema.org","@graph":[{"@type":"WebSite","@id":"https:\/\/faya.unse.edu.ar\/#website","url":"https:\/\/faya.unse.edu.ar\/","name":"Facultad de Agronom\u00eda y Agroindustrias UNSE | FAyA UNSE","description":"","potentialAction":[{"@type":"SearchAction","target":{"@type":"EntryPoint","urlTemplate":"https:\/\/faya.unse.edu.ar\/?s={search_term_string}"},"query-input":"required name=search_term_string"}],"inLanguage":"es-AR"},{"@type":"ImageObject","@id":"https:\/\/faya.unse.edu.ar\/index.php\/tesis-en-3-minutos-3mt\/#primaryimage","inLanguage":"es-AR","url":"https:\/\/faya.unse.edu.ar\/wp-content\/uploads\/flyer-04-1.png","contentUrl":"https:\/\/faya.unse.edu.ar\/wp-content\/uploads\/flyer-04-1.png","width":3985,"height":1951},{"@type":"WebPage","@id":"https:\/\/faya.unse.edu.ar\/index.php\/tesis-en-3-minutos-3mt\/#webpage","url":"https:\/\/faya.unse.edu.ar\/index.php\/tesis-en-3-minutos-3mt\/","name":"TESIS EN 3 MINUTOS (3MT) | Facultad de Agronom\u00eda y Agroindustrias UNSE | FAyA UNSE","isPartOf":{"@id":"https:\/\/faya.unse.edu.ar\/#website"},"primaryImageOfPage":{"@id":"https:\/\/faya.unse.edu.ar\/index.php\/tesis-en-3-minutos-3mt\/#primaryimage"},"datePublished":"2025-08-27T15:25:22+00:00","dateModified":"2025-09-18T15:14:00+00:00","breadcrumb":{"@id":"https:\/\/faya.unse.edu.ar\/index.php\/tesis-en-3-minutos-3mt\/#breadcrumb"},"inLanguage":"es-AR","potentialAction":[{"@type":"ReadAction","target":["https:\/\/faya.unse.edu.ar\/index.php\/tesis-en-3-minutos-3mt\/"]}]},{"@type":"BreadcrumbList","@id":"https:\/\/faya.unse.edu.ar\/index.php\/tesis-en-3-minutos-3mt\/#breadcrumb","itemListElement":[{"@type":"ListItem","position":1,"name":"Home","item":"https:\/\/faya.unse.edu.ar\/"},{"@type":"ListItem","position":2,"name":"TESIS EN 3 MINUTOS (3MT)"}]}]}},"_links":{"self":[{"href":"https:\/\/faya.unse.edu.ar\/index.php\/wp-json\/wp\/v2\/pages\/34931"}],"collection":[{"href":"https:\/\/faya.unse.edu.ar\/index.php\/wp-json\/wp\/v2\/pages"}],"about":[{"href":"https:\/\/faya.unse.edu.ar\/index.php\/wp-json\/wp\/v2\/types\/page"}],"author":[{"embeddable":true,"href":"https:\/\/faya.unse.edu.ar\/index.php\/wp-json\/wp\/v2\/users\/5"}],"replies":[{"embeddable":true,"href":"https:\/\/faya.unse.edu.ar\/index.php\/wp-json\/wp\/v2\/comments?post=34931"}],"version-history":[{"count":66,"href":"https:\/\/faya.unse.edu.ar\/index.php\/wp-json\/wp\/v2\/pages\/34931\/revisions"}],"predecessor-version":[{"id":35123,"href":"https:\/\/faya.unse.edu.ar\/index.php\/wp-json\/wp\/v2\/pages\/34931\/revisions\/35123"}],"wp:featuredmedia":[{"embeddable":true,"href":"https:\/\/faya.unse.edu.ar\/index.php\/wp-json\/wp\/v2\/media\/35001"}],"wp:attachment":[{"href":"https:\/\/faya.unse.edu.ar\/index.php\/wp-json\/wp\/v2\/media?parent=34931"}],"curies":[{"name":"wp","href":"https:\/\/api.w.org\/{rel}","templated":true}]}}