{"id":35735,"date":"2026-02-26T10:39:41","date_gmt":"2026-02-26T13:39:41","guid":{"rendered":"https:\/\/faya.unse.edu.ar\/?page_id=35735"},"modified":"2026-02-26T10:40:36","modified_gmt":"2026-02-26T13:40:36","slug":"proyectos-de-extension-2025","status":"publish","type":"page","link":"https:\/\/faya.unse.edu.ar\/index.php\/proyectos-de-extension-2025\/","title":{"rendered":"PROYECTOS DE EXTENSI\u00d3N 2025"},"content":{"rendered":"\t\t<div data-elementor-type=\"wp-page\" data-elementor-id=\"35735\" class=\"elementor elementor-35735\" data-elementor-settings=\"[]\">\n\t\t\t\t\t\t\t<div class=\"elementor-section-wrap\">\n\t\t\t\t\t\t\t<section class=\"elementor-section elementor-top-section elementor-element elementor-element-e0b6041 elementor-section-boxed elementor-section-height-default elementor-section-height-default\" data-id=\"e0b6041\" data-element_type=\"section\">\n\t\t\t\t\t\t<div class=\"elementor-container elementor-column-gap-default\">\n\t\t\t\t\t<div class=\"elementor-column elementor-col-100 elementor-top-column elementor-element elementor-element-53677c1\" data-id=\"53677c1\" data-element_type=\"column\">\n\t\t\t<div class=\"elementor-widget-wrap elementor-element-populated\">\n\t\t\t\t\t\t\t\t<div class=\"elementor-element elementor-element-f4ecc88 elementor-widget elementor-widget-text-editor\" data-id=\"f4ecc88\" data-element_type=\"widget\" data-widget_type=\"text-editor.default\">\n\t\t\t\t<div class=\"elementor-widget-container\">\n\t\t\t\t\t\t\t<table dir=\"ltr\" border=\"1\" cellspacing=\"0\" cellpadding=\"0\" data-sheets-root=\"1\" data-sheets-baot=\"1\"><colgroup><col width=\"983\" \/><col width=\"189\" \/><col width=\"174\" \/><\/colgroup><tbody><tr><td>Nombre del Proyecto<\/td><td>Directora<\/td><td>Financiado<\/td><\/tr><tr><td>\u201cFermentando-Ando: Neurodiversidad, Microbiota y Alimentaci\u00f3n saludable\u201d<\/td><td>Dra. Ana Yanina Bustos<\/td><td>SEU-UNSE 2025<\/td><\/tr><tr><td>\u201cFormando (Con) Ciencia Qu\u00edmica y Toxicol\u00f3gica: el rol de los derechos Humanos para una vida digna\u201d.<\/td><td>Dra. Gisela Fabiani<\/td><td>SEU-UNSE 2025<\/td><\/tr><tr><td>\u201cDerechos Humanos y Territorio, en la Escuela de Agricultura, Ganader\u00eda y Granja\u201d<\/td><td>Dra. Gisela Fabiani<\/td><td>SEU-UNSE 2025<\/td><\/tr><tr><td>\u201cExplorando el valor oculto de los frutos: Experiencias cient\u00edficas en escuelas primarias\u201d<\/td><td>Dra. Elisa Mariana Garc\u00eda<\/td><td>SEU-UNSE 2025<\/td><\/tr><tr><td>\u201cEducaci\u00f3n que transforma: Separaci\u00f3n en Origen y Compostaje como Herramientas Pedag\u00f3gicas para la Acci\u00f3n Ambiental Sostenible\u201d.<\/td><td>Dra. Ver\u00f3nica Irene Paz Zanini<\/td><td>SEU-UNSE 2025<\/td><\/tr><tr><td>\u201cPan Compartido: Inclusi\u00f3n, Producci\u00f3n y Seguridad Alimentaria. Una Experiencia extensionista para estudiantes universitarios.\u201d<\/td><td>Dra. Florencia Frau<\/td><td>SEU-UNSE 2025<\/td><\/tr><tr><td>\u201cNutriendo el suelo, nutriendo el conocimiento: biofertilizantes en acci\u00f3n\u201d<\/td><td>Mg.Ing. Anal\u00eda Anriquez<\/td><td>SEU-UNSE 2025<\/td><\/tr><tr><td>\u201cProducci\u00f3n de carne bovina con enfoque sostenible: fortaleciendo capacidades locales en Villa Robles- Santiago del Estero mediante la promoci\u00f3n de buenas pr\u00e1cticas ganaderas\u201d.<\/td><td>Dra. Ana Ju\u00e1rez Sequeira<\/td><td>SEU-UNSE 2025<\/td><\/tr><tr><td>\u201cCultivos de servicios en los agroecosistemas algodoneros del \u00c1rea de Riego del Rio Dulce\u201d<\/td><td>Ing. Agustina Paz<\/td><td>FAyA<\/td><\/tr><tr><td>\u201cOptimizaci\u00f3n en los procesos de faena y de elaboraci\u00f3n de productos c\u00e1rnicos caprinos con interrelaci\u00f3n en la ense\u00f1anza- aprendizaje de la biolog\u00eda para el 4\u00b0 a\u00f1o de la Escuela de Agricultura Ganader\u00eda y Granja de la UNSE\u201d<\/td><td>Dra. Lara Valeria Lescano<\/td><td>FAyA<\/td><\/tr><\/tbody><\/table>\t\t\t\t\t\t<\/div>\n\t\t\t\t<\/div>\n\t\t\t\t\t<\/div>\n\t\t<\/div>\n\t\t\t\t\t\t\t<\/div>\n\t\t<\/section>\n\t\t\t\t<section class=\"elementor-section elementor-top-section elementor-element elementor-element-48f684e elementor-section-boxed elementor-section-height-default elementor-section-height-default\" data-id=\"48f684e\" data-element_type=\"section\">\n\t\t\t\t\t\t<div class=\"elementor-container elementor-column-gap-default\">\n\t\t\t\t\t<div class=\"elementor-column elementor-col-100 elementor-top-column elementor-element elementor-element-853b757\" data-id=\"853b757\" data-element_type=\"column\">\n\t\t\t<div class=\"elementor-widget-wrap elementor-element-populated\">\n\t\t\t\t\t\t\t\t<section class=\"elementor-section elementor-inner-section elementor-element elementor-element-fb2e306 elementor-section-boxed elementor-section-height-default elementor-section-height-default\" data-id=\"fb2e306\" data-element_type=\"section\">\n\t\t\t\t\t\t<div class=\"elementor-container elementor-column-gap-default\">\n\t\t\t\t\t<div class=\"elementor-column elementor-col-50 elementor-inner-column elementor-element elementor-element-d47b9b5\" data-id=\"d47b9b5\" data-element_type=\"column\">\n\t\t\t<div class=\"elementor-widget-wrap\">\n\t\t\t\t\t\t\t\t\t<\/div>\n\t\t<\/div>\n\t\t\t\t<div class=\"elementor-column elementor-col-50 elementor-inner-column elementor-element elementor-element-36f3603\" data-id=\"36f3603\" data-element_type=\"column\">\n\t\t\t<div class=\"elementor-widget-wrap elementor-element-populated\">\n\t\t\t\t\t\t\t\t<div class=\"elementor-element elementor-element-cc92905 elementor-align-right elementor-widget elementor-widget-button\" data-id=\"cc92905\" data-element_type=\"widget\" data-widget_type=\"button.default\">\n\t\t\t\t<div class=\"elementor-widget-container\">\n\t\t\t\t\t<div class=\"elementor-button-wrapper\">\n\t\t\t<a href=\"https:\/\/faya.unse.edu.ar\/index.php\/proyectos-de-extension\/\" class=\"elementor-button-link elementor-button elementor-size-sm\" role=\"button\">\n\t\t\t\t\t\t<span class=\"elementor-button-content-wrapper\">\n\t\t\t\t\t\t<span class=\"elementor-button-text\">Volver a Proyectos<\/span>\n\t\t<\/span>\n\t\t\t\t\t<\/a>\n\t\t<\/div>\n\t\t\t\t<\/div>\n\t\t\t\t<\/div>\n\t\t\t\t\t<\/div>\n\t\t<\/div>\n\t\t\t\t\t\t\t<\/div>\n\t\t<\/section>\n\t\t\t\t\t<\/div>\n\t\t<\/div>\n\t\t\t\t\t\t\t<\/div>\n\t\t<\/section>\n\t\t\t\t\t\t<\/div>\n\t\t\t\t\t<\/div>\n\t\t","protected":false},"excerpt":{"rendered":"<p>Nombre del Proyecto Directora Financiado \u201cFermentando-Ando: Neurodiversidad, Microbiota y Alimentaci\u00f3n saludable\u201d Dra. Ana Yanina Bustos SEU-UNSE 2025 \u201cFormando (Con) Ciencia Qu\u00edmica y Toxicol\u00f3gica: el rol de los derechos Humanos para una vida digna\u201d. Dra. Gisela Fabiani SEU-UNSE 2025 \u201cDerechos Humanos y Territorio, en la Escuela&#8230;<\/p>\n","protected":false},"author":5,"featured_media":0,"parent":0,"menu_order":0,"comment_status":"closed","ping_status":"closed","template":"","meta":{"_mi_skip_tracking":false},"yoast_head":"<!-- This site is optimized with the Yoast SEO plugin v17.7.1 - https:\/\/yoast.com\/wordpress\/plugins\/seo\/ -->\n<meta name=\"robots\" content=\"index, follow, max-snippet:-1, max-image-preview:large, max-video-preview:-1\" \/>\n<link rel=\"canonical\" href=\"https:\/\/faya.unse.edu.ar\/index.php\/proyectos-de-extension-2025\/\" \/>\n<meta property=\"og:locale\" content=\"es_ES\" \/>\n<meta property=\"og:type\" content=\"article\" \/>\n<meta property=\"og:title\" content=\"PROYECTOS DE EXTENSI\u00d3N 2025 | Facultad de Agronom\u00eda y Agroindustrias UNSE | FAyA UNSE\" \/>\n<meta property=\"og:description\" content=\"Nombre del Proyecto Directora Financiado \u201cFermentando-Ando: Neurodiversidad, Microbiota y Alimentaci\u00f3n saludable\u201d Dra. Ana Yanina Bustos SEU-UNSE 2025 \u201cFormando (Con) Ciencia Qu\u00edmica y Toxicol\u00f3gica: el rol de los derechos Humanos para una vida digna\u201d. Dra. Gisela Fabiani SEU-UNSE 2025 \u201cDerechos Humanos y Territorio, en la Escuela...\" \/>\n<meta property=\"og:url\" content=\"https:\/\/faya.unse.edu.ar\/index.php\/proyectos-de-extension-2025\/\" \/>\n<meta property=\"og:site_name\" content=\"Facultad de Agronom\u00eda y Agroindustrias UNSE | FAyA UNSE\" \/>\n<meta property=\"article:publisher\" content=\"https:\/\/www.facebook.com\/agroUNSE\/\" \/>\n<meta property=\"article:modified_time\" content=\"2026-02-26T13:40:36+00:00\" \/>\n<meta name=\"twitter:card\" content=\"summary_large_image\" \/>\n<meta name=\"twitter:site\" content=\"@fayaunse\" \/>\n<meta name=\"twitter:label1\" content=\"Tiempo de lectura\" \/>\n\t<meta name=\"twitter:data1\" content=\"1 minuto\" \/>\n<script type=\"application\/ld+json\" class=\"yoast-schema-graph\">{\"@context\":\"https:\/\/schema.org\",\"@graph\":[{\"@type\":\"WebSite\",\"@id\":\"https:\/\/faya.unse.edu.ar\/#website\",\"url\":\"https:\/\/faya.unse.edu.ar\/\",\"name\":\"Facultad de Agronom\\u00eda y Agroindustrias UNSE | FAyA UNSE\",\"description\":\"\",\"potentialAction\":[{\"@type\":\"SearchAction\",\"target\":{\"@type\":\"EntryPoint\",\"urlTemplate\":\"https:\/\/faya.unse.edu.ar\/?s={search_term_string}\"},\"query-input\":\"required name=search_term_string\"}],\"inLanguage\":\"es-AR\"},{\"@type\":\"WebPage\",\"@id\":\"https:\/\/faya.unse.edu.ar\/index.php\/proyectos-de-extension-2025\/#webpage\",\"url\":\"https:\/\/faya.unse.edu.ar\/index.php\/proyectos-de-extension-2025\/\",\"name\":\"PROYECTOS DE EXTENSI\\u00d3N 2025 | Facultad de Agronom\\u00eda y Agroindustrias UNSE | FAyA UNSE\",\"isPartOf\":{\"@id\":\"https:\/\/faya.unse.edu.ar\/#website\"},\"datePublished\":\"2026-02-26T13:39:41+00:00\",\"dateModified\":\"2026-02-26T13:40:36+00:00\",\"breadcrumb\":{\"@id\":\"https:\/\/faya.unse.edu.ar\/index.php\/proyectos-de-extension-2025\/#breadcrumb\"},\"inLanguage\":\"es-AR\",\"potentialAction\":[{\"@type\":\"ReadAction\",\"target\":[\"https:\/\/faya.unse.edu.ar\/index.php\/proyectos-de-extension-2025\/\"]}]},{\"@type\":\"BreadcrumbList\",\"@id\":\"https:\/\/faya.unse.edu.ar\/index.php\/proyectos-de-extension-2025\/#breadcrumb\",\"itemListElement\":[{\"@type\":\"ListItem\",\"position\":1,\"name\":\"Home\",\"item\":\"https:\/\/faya.unse.edu.ar\/\"},{\"@type\":\"ListItem\",\"position\":2,\"name\":\"PROYECTOS DE EXTENSI\\u00d3N 2025\"}]}]}<\/script>\n<!-- \/ Yoast SEO plugin. -->","yoast_head_json":{"robots":{"index":"index","follow":"follow","max-snippet":"max-snippet:-1","max-image-preview":"max-image-preview:large","max-video-preview":"max-video-preview:-1"},"canonical":"https:\/\/faya.unse.edu.ar\/index.php\/proyectos-de-extension-2025\/","og_locale":"es_ES","og_type":"article","og_title":"PROYECTOS DE EXTENSI\u00d3N 2025 | Facultad de Agronom\u00eda y Agroindustrias UNSE | FAyA UNSE","og_description":"Nombre del Proyecto Directora Financiado \u201cFermentando-Ando: Neurodiversidad, Microbiota y Alimentaci\u00f3n saludable\u201d Dra. Ana Yanina Bustos SEU-UNSE 2025 \u201cFormando (Con) Ciencia Qu\u00edmica y Toxicol\u00f3gica: el rol de los derechos Humanos para una vida digna\u201d. Dra. Gisela Fabiani SEU-UNSE 2025 \u201cDerechos Humanos y Territorio, en la Escuela...","og_url":"https:\/\/faya.unse.edu.ar\/index.php\/proyectos-de-extension-2025\/","og_site_name":"Facultad de Agronom\u00eda y Agroindustrias UNSE | FAyA UNSE","article_publisher":"https:\/\/www.facebook.com\/agroUNSE\/","article_modified_time":"2026-02-26T13:40:36+00:00","twitter_card":"summary_large_image","twitter_site":"@fayaunse","twitter_misc":{"Tiempo de lectura":"1 minuto"},"schema":{"@context":"https:\/\/schema.org","@graph":[{"@type":"WebSite","@id":"https:\/\/faya.unse.edu.ar\/#website","url":"https:\/\/faya.unse.edu.ar\/","name":"Facultad de Agronom\u00eda y Agroindustrias UNSE | FAyA UNSE","description":"","potentialAction":[{"@type":"SearchAction","target":{"@type":"EntryPoint","urlTemplate":"https:\/\/faya.unse.edu.ar\/?s={search_term_string}"},"query-input":"required name=search_term_string"}],"inLanguage":"es-AR"},{"@type":"WebPage","@id":"https:\/\/faya.unse.edu.ar\/index.php\/proyectos-de-extension-2025\/#webpage","url":"https:\/\/faya.unse.edu.ar\/index.php\/proyectos-de-extension-2025\/","name":"PROYECTOS DE EXTENSI\u00d3N 2025 | Facultad de Agronom\u00eda y Agroindustrias UNSE | FAyA UNSE","isPartOf":{"@id":"https:\/\/faya.unse.edu.ar\/#website"},"datePublished":"2026-02-26T13:39:41+00:00","dateModified":"2026-02-26T13:40:36+00:00","breadcrumb":{"@id":"https:\/\/faya.unse.edu.ar\/index.php\/proyectos-de-extension-2025\/#breadcrumb"},"inLanguage":"es-AR","potentialAction":[{"@type":"ReadAction","target":["https:\/\/faya.unse.edu.ar\/index.php\/proyectos-de-extension-2025\/"]}]},{"@type":"BreadcrumbList","@id":"https:\/\/faya.unse.edu.ar\/index.php\/proyectos-de-extension-2025\/#breadcrumb","itemListElement":[{"@type":"ListItem","position":1,"name":"Home","item":"https:\/\/faya.unse.edu.ar\/"},{"@type":"ListItem","position":2,"name":"PROYECTOS DE EXTENSI\u00d3N 2025"}]}]}},"_links":{"self":[{"href":"https:\/\/faya.unse.edu.ar\/index.php\/wp-json\/wp\/v2\/pages\/35735"}],"collection":[{"href":"https:\/\/faya.unse.edu.ar\/index.php\/wp-json\/wp\/v2\/pages"}],"about":[{"href":"https:\/\/faya.unse.edu.ar\/index.php\/wp-json\/wp\/v2\/types\/page"}],"author":[{"embeddable":true,"href":"https:\/\/faya.unse.edu.ar\/index.php\/wp-json\/wp\/v2\/users\/5"}],"replies":[{"embeddable":true,"href":"https:\/\/faya.unse.edu.ar\/index.php\/wp-json\/wp\/v2\/comments?post=35735"}],"version-history":[{"count":5,"href":"https:\/\/faya.unse.edu.ar\/index.php\/wp-json\/wp\/v2\/pages\/35735\/revisions"}],"predecessor-version":[{"id":35745,"href":"https:\/\/faya.unse.edu.ar\/index.php\/wp-json\/wp\/v2\/pages\/35735\/revisions\/35745"}],"wp:attachment":[{"href":"https:\/\/faya.unse.edu.ar\/index.php\/wp-json\/wp\/v2\/media?parent=35735"}],"curies":[{"name":"wp","href":"https:\/\/api.w.org\/{rel}","templated":true}]}}